{"id":3436,"date":"2022-08-31T15:47:59","date_gmt":"2022-08-31T13:47:59","guid":{"rendered":"https:\/\/fairway2hotel.at\/1660912875635\/golfclubs\/niederoesterreich\/golfclub-guntramsdorf-copy\/"},"modified":"2026-03-31T15:42:06","modified_gmt":"2026-03-31T13:42:06","slug":"golfclub-linsberg","status":"publish","type":"page","link":"https:\/\/fairway2hotel.at\/en\/golfclubs\/niederoesterreich\/golfclub-linsberg\/","title":{"rendered":"GC Linsberg"},"content":{"rendered":"<h2>Golfclub Linsberg \u2013 The Easy Way<\/h2>\n<p>Der Golfclub Linsberg hat sich zum Ziel gesetzt, Golf so unkompliziert und \u201eeasy\u201c wie m\u00f6glich zu gestalten. Designed vom renommierten Golfplatzarchitekt, Jeff Howes, bietet der Platz ein abwechslungsreiches Spielvergn\u00fcgen, eingebettet in die H\u00fcgellandschaft der Buckligen Welt. Die ersten paar L\u00f6cher spielt man mit einem herrlichen Blick auf den Schneeberg. Die Back 9 warten mit einem \u00f6sterreichweit einzigartigem \u201eLinks Stretch\u201c auf. Auf den Spielbahnen 10-14 wurden Linksl\u00f6cher nach traditionellen Vorgaben gebaut. Das Highlight sind die Potbunker. Aber auch die Rasenart, das Schnittbild, das Gr\u00fcnsdesign und sogar die Teeboxen sind den britischen Vorbildern nachempfunden. In der Art einzigartig in ganz \u00d6sterreich und dem Golfer aus diversen British Open \u00dcbertragungen bekannt. Ein fixer Selfie Spot ist der erste Bunker auf Loch #10.<br \/>\nNach dem Spiel gibt es Drinks und Snacks im Golfbistro, welches im Hof des renovierten Gutshofes ein perfektes Ambiente bietet. Have fun, the easy way!<\/p>\n<h2>Golfclub Linsberg-The Easy Way<\/h2>\n<p>Linsberg Golf Club has set itself the goal of making golf as uncomplicated and \u2018easy\u2019 as possible. Designed by the renowned golf course architect, Jeff Howes, the course offers a varied playing experience, nestled in the hilly landscape of the Bucklige Welt. The first few holes are played with a marvellous view of the Schneeberg. The back 9 features a \u2018links stretch\u2019 that is unique in Austria. On holes 10-14, links holes were built according to traditional specifications. The highlight is the pot bunker. But the type of turf, the cut pattern, the green design and even the tee boxes are also modelled on the British examples. Unique in Austria and familiar to golfers from various British Open broadcasts. A fixed selfie spot is the first bunker on hole #10.<br \/>\nAfter the game, there are drinks and snacks in the golf bistro, which offers a perfect ambience in the courtyard of the renovated manor house. Have fun, the easy way!<\/p>\n","protected":false},"excerpt":{"rendered":"<p>Golfclub Linsberg \u2013 The Easy Way Der Golfclub Linsberg hat sich zum Ziel gesetzt, Golf so unkompliziert und \u201eeasy\u201c wie m\u00f6glich zu gestalten. Designed vom renommierten Golfplatzarchitekt, Jeff Howes, bietet der Platz ein abwechslungsreiches Spielvergn\u00fcgen, eingebettet in die H\u00fcgellandschaft der Buckligen Welt. Die ersten paar L\u00f6cher spielt man mit einem herrlichen Blick auf den Schneeberg. [&hellip;]<\/p>\n","protected":false},"author":2,"featured_media":0,"parent":1448,"menu_order":6,"comment_status":"closed","ping_status":"closed","template":"page-partner.php","meta":{"_acf_changed":false,"footnotes":""},"class_list":["post-3436","page","type-page","status-publish","hentry"],"acf":{"partner_infobox":"<strong>Adresse: <\/strong>F\u00f6hrenaustra\u00dfe 8\/4, 2821 Lanzenkirchen\r\n\r\n<strong>Tel: <\/strong>+43 2622 32626\r\n\r\n<strong>Web: <\/strong><a href=\"http:\/\/www.linsberggolf.at\" target=\"_blank\" rel=\"nofollow noopener noreferrer\">www.linsberggolf.at<\/a>\r\n\r\n<strong>E-Mail:<\/strong> <a href=\"mailto:office@gclinsberg.at\">office@gclinsberg.at<\/a>","partner_logo":3445,"partner_gallery":[3681,3441],"partner_lat":47.7380262,"partner_long":16.2075418,"partner_type":"golfclub","partner_openings":["1","2","3","4","5","6","7"],"montag_von_bis":"00:00 - 24:00","dienstag_von_bis":"00:00 - 24:00","mittwoch_von_bis":"00:00 - 24:00","donnerstag_von_bis":"00:00 - 24:00","freitag_von_bis":"00:00 - 24:00","samstag_von_bis":"00:00 - 24:00","sonntag_von_bis":"00:00 - 24:00","partner_adresse":"F\u00f6hrenaustra\u00dfe 8\/4, 2821 Lanzenkirchen","partner_land_bundesland":"Nieder\u00f6sterreich","partner_tel_1":"","partner_tel_2":"0043 2622 32626","partner_web":"https:\/\/www.linsberggolf.at","partner_mail":"office@gclinsberg.at","partner_spielbahnen_par":"18\/70","partner_laenge":"","partner_bedingungen":"Gutscheine einl\u00f6sbar t\u00e4glich von April-November\r\nvouchers redeemable the whole day from April-November","partner_anfahrt":"","partner_misc":null,"additional_css_classes":""},"yoast_head":"<!-- This site is optimized with the Yoast SEO plugin v26.8 - https:\/\/yoast.com\/product\/yoast-seo-wordpress\/ -->\n<title>GC Linsberg - Fairway 2 Hotel<\/title>\n<meta name=\"robots\" content=\"index, follow, max-snippet:-1, max-image-preview:large, max-video-preview:-1\" \/>\n<link rel=\"canonical\" href=\"https:\/\/fairway2hotel.at\/en\/golfclubs\/niederoesterreich\/golfclub-linsberg\/\" \/>\n<meta property=\"og:locale\" content=\"en_US\" \/>\n<meta property=\"og:type\" content=\"article\" \/>\n<meta property=\"og:title\" content=\"GC Linsberg - Fairway 2 Hotel\" \/>\n<meta property=\"og:description\" content=\"Golfclub Linsberg \u2013 The Easy Way Der Golfclub Linsberg hat sich zum Ziel gesetzt, Golf so unkompliziert und \u201eeasy\u201c wie m\u00f6glich zu gestalten. Designed vom renommierten Golfplatzarchitekt, Jeff Howes, bietet der Platz ein abwechslungsreiches Spielvergn\u00fcgen, eingebettet in die H\u00fcgellandschaft der Buckligen Welt. Die ersten paar L\u00f6cher spielt man mit einem herrlichen Blick auf den Schneeberg. [&hellip;]\" \/>\n<meta property=\"og:url\" content=\"https:\/\/fairway2hotel.at\/en\/golfclubs\/niederoesterreich\/golfclub-linsberg\/\" \/>\n<meta property=\"og:site_name\" content=\"Fairway 2 Hotel\" \/>\n<meta property=\"article:modified_time\" content=\"2026-03-31T13:42:06+00:00\" \/>\n<meta name=\"twitter:card\" content=\"summary_large_image\" \/>\n<meta name=\"twitter:label1\" content=\"Est. reading time\" \/>\n\t<meta name=\"twitter:data1\" content=\"2 minutes\" \/>\n<script type=\"application\/ld+json\" class=\"yoast-schema-graph\">{\"@context\":\"https:\/\/schema.org\",\"@graph\":[{\"@type\":\"WebPage\",\"@id\":\"https:\/\/fairway2hotel.at\/en\/golfclubs\/niederoesterreich\/golfclub-linsberg\/\",\"url\":\"https:\/\/fairway2hotel.at\/en\/golfclubs\/niederoesterreich\/golfclub-linsberg\/\",\"name\":\"GC Linsberg - Fairway 2 Hotel\",\"isPartOf\":{\"@id\":\"https:\/\/fairway2hotel.at\/en\/#website\"},\"datePublished\":\"2022-08-31T13:47:59+00:00\",\"dateModified\":\"2026-03-31T13:42:06+00:00\",\"breadcrumb\":{\"@id\":\"https:\/\/fairway2hotel.at\/en\/golfclubs\/niederoesterreich\/golfclub-linsberg\/#breadcrumb\"},\"inLanguage\":\"en-US\",\"potentialAction\":[{\"@type\":\"ReadAction\",\"target\":[\"https:\/\/fairway2hotel.at\/en\/golfclubs\/niederoesterreich\/golfclub-linsberg\/\"]}]},{\"@type\":\"BreadcrumbList\",\"@id\":\"https:\/\/fairway2hotel.at\/en\/golfclubs\/niederoesterreich\/golfclub-linsberg\/#breadcrumb\",\"itemListElement\":[{\"@type\":\"ListItem\",\"position\":1,\"name\":\"Home\",\"item\":\"https:\/\/fairway2hotel.at\/en\/\"},{\"@type\":\"ListItem\",\"position\":2,\"name\":\"Golfclubs\",\"item\":\"https:\/\/fairway2hotel.at\/en\/golfclubs\/\"},{\"@type\":\"ListItem\",\"position\":3,\"name\":\"Golfclubs Nieder\u00f6sterreich\",\"item\":\"https:\/\/fairway2hotel.at\/en\/golfclubs\/niederoesterreich\/\"},{\"@type\":\"ListItem\",\"position\":4,\"name\":\"GC Linsberg\"}]},{\"@type\":\"WebSite\",\"@id\":\"https:\/\/fairway2hotel.at\/en\/#website\",\"url\":\"https:\/\/fairway2hotel.at\/en\/\",\"name\":\"Fairway 2 Hotel\",\"description\":\"Golf at half price! 2 play - 1 pays\",\"potentialAction\":[{\"@type\":\"SearchAction\",\"target\":{\"@type\":\"EntryPoint\",\"urlTemplate\":\"https:\/\/fairway2hotel.at\/en\/?s={search_term_string}\"},\"query-input\":{\"@type\":\"PropertyValueSpecification\",\"valueRequired\":true,\"valueName\":\"search_term_string\"}}],\"inLanguage\":\"en-US\"}]}<\/script>\n<!-- \/ Yoast SEO plugin. -->","yoast_head_json":{"title":"GC Linsberg - Fairway 2 Hotel","robots":{"index":"index","follow":"follow","max-snippet":"max-snippet:-1","max-image-preview":"max-image-preview:large","max-video-preview":"max-video-preview:-1"},"canonical":"https:\/\/fairway2hotel.at\/en\/golfclubs\/niederoesterreich\/golfclub-linsberg\/","og_locale":"en_US","og_type":"article","og_title":"GC Linsberg - Fairway 2 Hotel","og_description":"Golfclub Linsberg \u2013 The Easy Way Der Golfclub Linsberg hat sich zum Ziel gesetzt, Golf so unkompliziert und \u201eeasy\u201c wie m\u00f6glich zu gestalten. Designed vom renommierten Golfplatzarchitekt, Jeff Howes, bietet der Platz ein abwechslungsreiches Spielvergn\u00fcgen, eingebettet in die H\u00fcgellandschaft der Buckligen Welt. Die ersten paar L\u00f6cher spielt man mit einem herrlichen Blick auf den Schneeberg. [&hellip;]","og_url":"https:\/\/fairway2hotel.at\/en\/golfclubs\/niederoesterreich\/golfclub-linsberg\/","og_site_name":"Fairway 2 Hotel","article_modified_time":"2026-03-31T13:42:06+00:00","twitter_card":"summary_large_image","twitter_misc":{"Est. reading time":"2 minutes"},"schema":{"@context":"https:\/\/schema.org","@graph":[{"@type":"WebPage","@id":"https:\/\/fairway2hotel.at\/en\/golfclubs\/niederoesterreich\/golfclub-linsberg\/","url":"https:\/\/fairway2hotel.at\/en\/golfclubs\/niederoesterreich\/golfclub-linsberg\/","name":"GC Linsberg - Fairway 2 Hotel","isPartOf":{"@id":"https:\/\/fairway2hotel.at\/en\/#website"},"datePublished":"2022-08-31T13:47:59+00:00","dateModified":"2026-03-31T13:42:06+00:00","breadcrumb":{"@id":"https:\/\/fairway2hotel.at\/en\/golfclubs\/niederoesterreich\/golfclub-linsberg\/#breadcrumb"},"inLanguage":"en-US","potentialAction":[{"@type":"ReadAction","target":["https:\/\/fairway2hotel.at\/en\/golfclubs\/niederoesterreich\/golfclub-linsberg\/"]}]},{"@type":"BreadcrumbList","@id":"https:\/\/fairway2hotel.at\/en\/golfclubs\/niederoesterreich\/golfclub-linsberg\/#breadcrumb","itemListElement":[{"@type":"ListItem","position":1,"name":"Home","item":"https:\/\/fairway2hotel.at\/en\/"},{"@type":"ListItem","position":2,"name":"Golfclubs","item":"https:\/\/fairway2hotel.at\/en\/golfclubs\/"},{"@type":"ListItem","position":3,"name":"Golfclubs Nieder\u00f6sterreich","item":"https:\/\/fairway2hotel.at\/en\/golfclubs\/niederoesterreich\/"},{"@type":"ListItem","position":4,"name":"GC Linsberg"}]},{"@type":"WebSite","@id":"https:\/\/fairway2hotel.at\/en\/#website","url":"https:\/\/fairway2hotel.at\/en\/","name":"Fairway 2 Hotel","description":"Golf at half price! 2 play - 1 pays","potentialAction":[{"@type":"SearchAction","target":{"@type":"EntryPoint","urlTemplate":"https:\/\/fairway2hotel.at\/en\/?s={search_term_string}"},"query-input":{"@type":"PropertyValueSpecification","valueRequired":true,"valueName":"search_term_string"}}],"inLanguage":"en-US"}]}},"_links":{"self":[{"href":"https:\/\/fairway2hotel.at\/en\/wp-json\/wp\/v2\/pages\/3436","targetHints":{"allow":["GET"]}}],"collection":[{"href":"https:\/\/fairway2hotel.at\/en\/wp-json\/wp\/v2\/pages"}],"about":[{"href":"https:\/\/fairway2hotel.at\/en\/wp-json\/wp\/v2\/types\/page"}],"author":[{"embeddable":true,"href":"https:\/\/fairway2hotel.at\/en\/wp-json\/wp\/v2\/users\/2"}],"replies":[{"embeddable":true,"href":"https:\/\/fairway2hotel.at\/en\/wp-json\/wp\/v2\/comments?post=3436"}],"version-history":[{"count":20,"href":"https:\/\/fairway2hotel.at\/en\/wp-json\/wp\/v2\/pages\/3436\/revisions"}],"predecessor-version":[{"id":53530,"href":"https:\/\/fairway2hotel.at\/en\/wp-json\/wp\/v2\/pages\/3436\/revisions\/53530"}],"up":[{"embeddable":true,"href":"https:\/\/fairway2hotel.at\/en\/wp-json\/wp\/v2\/pages\/1448"}],"acf:attachment":[{"embeddable":true,"href":"https:\/\/fairway2hotel.at\/en\/wp-json\/wp\/v2\/media\/3441"},{"embeddable":true,"href":"https:\/\/fairway2hotel.at\/en\/wp-json\/wp\/v2\/media\/3681"}],"wp:attachment":[{"href":"https:\/\/fairway2hotel.at\/en\/wp-json\/wp\/v2\/media?parent=3436"}],"curies":[{"name":"wp","href":"https:\/\/api.w.org\/{rel}","templated":true}]}}