{"id":3543,"date":"2022-09-02T13:12:56","date_gmt":"2022-09-02T11:12:56","guid":{"rendered":"https:\/\/fairway2hotel.at\/1660912875635\/golfclubs\/italien\/gc-adriatic-copy\/"},"modified":"2025-11-01T10:05:46","modified_gmt":"2025-11-01T09:05:46","slug":"golfclub-valtellina","status":"publish","type":"page","link":"https:\/\/fairway2hotel.at\/en\/golfclubs\/italien\/golfclub-valtellina\/","title":{"rendered":"GC Valtellina"},"content":{"rendered":"<h2>Golf mit Blick in die Weinberge<\/h2>\n<p>Valtellina Golf wurde Mitte der 90er Jahre vom Designer Fulvio Bani unter der Leitung des Architekten Fernando Grattirola entworfen und nahm im Mai 1999 offiziell seine T\u00e4tigkeit auf. Seit Oktober 2010 umfasst der Platz 18 L\u00f6cher!<br \/>\nValtellina Golf ist nicht nur ein einladender Club, in dem man Golf spielen und Freunde treffen kann, sondern hat auch sofort das touristische Angebot des Tals bereichert und die Umwelt- und Landschaftsmerkmale eines naturalistischen Kontexts von seltener Sch\u00f6nheit aufgewertet: nur einen Steinwurf von Sondrio entfernt, auf der Ufer des Flusses Adda, umgeben von den terrassierten Weinbergen der Rh\u00e4tischen Alpen und den \u00fcppigen W\u00e4ldern der Orobie, hebt sich vor der Kulisse des wei\u00dfen Adamello-Massivs und der Granitgipfel von Disgrazia ab.<\/p>\n<h2>Golf with a view of the vineyards<\/h2>\n<p>Valtellina Golf was designed in the mid-1990s by Fulvio Bani under the direction of architect Fernando Grattirola and officially opened in May 1999. Since October 2010, the course has 18 holes!<br \/>\nValtellina Golf is not only a welcoming club where you can play golf and meet friends, but has also immediately enriched the valley&#8217;s tourist offer, enhancing the environmental and landscape features of a naturalistic context of rare beauty: just a stone&#8217;s throw from Sondrio, on the banks of the Adda river, surrounded by the terraced vineyards of the Rhaetian Alps and the lush forests of the Orobie, it stands out against the backdrop of the white Adamello massif and the granite peaks of Disgrazia.<\/p>\n","protected":false},"excerpt":{"rendered":"<p>Golf mit Blick in die Weinberge Valtellina Golf wurde Mitte der 90er Jahre vom Designer Fulvio Bani unter der Leitung des Architekten Fernando Grattirola entworfen und nahm im Mai 1999 offiziell seine T\u00e4tigkeit auf. Seit Oktober 2010 umfasst der Platz 18 L\u00f6cher! Valtellina Golf ist nicht nur ein einladender Club, in dem man Golf spielen [&hellip;]<\/p>\n","protected":false},"author":2,"featured_media":0,"parent":1657,"menu_order":0,"comment_status":"closed","ping_status":"closed","template":"page-partner.php","meta":{"_acf_changed":false,"footnotes":""},"class_list":["post-3543","page","type-page","status-publish","hentry"],"acf":{"partner_infobox":"<strong>Adresse:\u00a0<\/strong>Via Valerina 29, I - 23010 Caiolo\r\n\r\n<strong>Tel:\u00a0<\/strong>+39 0342 354009\r\n\r\n<strong>Web: <\/strong><a href=\"https:\/\/www.valtellinagolf.com\" target=\"_blank\" rel=\"nofollow noopener noreferrer\">www.valtellinagolf.com<\/a>\r\n\r\n<strong>E-Mail:<\/strong> <a href=\"mailto:info@valtellinagolf.com\">info@valtellinagolf.com<\/a>","partner_logo":3545,"partner_gallery":[3546,3547,3548,3549,3550,3551,3552,3553,3554,3555,3556,3557],"partner_lat":46.15635787981394,"partner_long":9.807170700052197,"partner_type":"golfclub","partner_openings":["1","2","3","4","5","6","7"],"montag_von_bis":"00:00 - 24:00","dienstag_von_bis":"00:00 - 24:00","mittwoch_von_bis":"00:00 - 24:00","donnerstag_von_bis":"00:00 - 24:00","freitag_von_bis":"00:00 - 24:00","samstag_von_bis":"00:00 - 24:00","sonntag_von_bis":"00:00 - 24:00","partner_adresse":"Via Valerina 29, I - 23010 Caiolo","partner_land_bundesland":"Italien","partner_tel_1":"","partner_tel_2":"0039 0342 354009","partner_web":"https:\/\/www.valtellinagolf.com","partner_mail":"info@valtellinagolf.com","partner_spielbahnen_par":"18\/71","partner_laenge":"","partner_bedingungen":"","partner_anfahrt":"","partner_misc":null,"additional_css_classes":""},"yoast_head":"<!-- This site is optimized with the Yoast SEO plugin v26.8 - https:\/\/yoast.com\/product\/yoast-seo-wordpress\/ -->\n<title>GC Valtellina - Fairway 2 Hotel<\/title>\n<meta name=\"robots\" content=\"index, follow, max-snippet:-1, max-image-preview:large, max-video-preview:-1\" \/>\n<link rel=\"canonical\" href=\"https:\/\/fairway2hotel.at\/en\/golfclubs\/italien\/golfclub-valtellina\/\" \/>\n<meta property=\"og:locale\" content=\"en_US\" \/>\n<meta property=\"og:type\" content=\"article\" \/>\n<meta property=\"og:title\" content=\"GC Valtellina - Fairway 2 Hotel\" \/>\n<meta property=\"og:description\" content=\"Golf mit Blick in die Weinberge Valtellina Golf wurde Mitte der 90er Jahre vom Designer Fulvio Bani unter der Leitung des Architekten Fernando Grattirola entworfen und nahm im Mai 1999 offiziell seine T\u00e4tigkeit auf. Seit Oktober 2010 umfasst der Platz 18 L\u00f6cher! Valtellina Golf ist nicht nur ein einladender Club, in dem man Golf spielen [&hellip;]\" \/>\n<meta property=\"og:url\" content=\"https:\/\/fairway2hotel.at\/en\/golfclubs\/italien\/golfclub-valtellina\/\" \/>\n<meta property=\"og:site_name\" content=\"Fairway 2 Hotel\" \/>\n<meta property=\"article:modified_time\" content=\"2025-11-01T09:05:46+00:00\" \/>\n<meta name=\"twitter:card\" content=\"summary_large_image\" \/>\n<meta name=\"twitter:label1\" content=\"Est. reading time\" \/>\n\t<meta name=\"twitter:data1\" content=\"2 minutes\" \/>\n<script type=\"application\/ld+json\" class=\"yoast-schema-graph\">{\"@context\":\"https:\/\/schema.org\",\"@graph\":[{\"@type\":\"WebPage\",\"@id\":\"https:\/\/fairway2hotel.at\/en\/golfclubs\/italien\/golfclub-valtellina\/\",\"url\":\"https:\/\/fairway2hotel.at\/en\/golfclubs\/italien\/golfclub-valtellina\/\",\"name\":\"GC Valtellina - Fairway 2 Hotel\",\"isPartOf\":{\"@id\":\"https:\/\/fairway2hotel.at\/en\/#website\"},\"datePublished\":\"2022-09-02T11:12:56+00:00\",\"dateModified\":\"2025-11-01T09:05:46+00:00\",\"breadcrumb\":{\"@id\":\"https:\/\/fairway2hotel.at\/en\/golfclubs\/italien\/golfclub-valtellina\/#breadcrumb\"},\"inLanguage\":\"en-US\",\"potentialAction\":[{\"@type\":\"ReadAction\",\"target\":[\"https:\/\/fairway2hotel.at\/en\/golfclubs\/italien\/golfclub-valtellina\/\"]}]},{\"@type\":\"BreadcrumbList\",\"@id\":\"https:\/\/fairway2hotel.at\/en\/golfclubs\/italien\/golfclub-valtellina\/#breadcrumb\",\"itemListElement\":[{\"@type\":\"ListItem\",\"position\":1,\"name\":\"Home\",\"item\":\"https:\/\/fairway2hotel.at\/en\/\"},{\"@type\":\"ListItem\",\"position\":2,\"name\":\"Golfclubs\",\"item\":\"https:\/\/fairway2hotel.at\/en\/golfclubs\/\"},{\"@type\":\"ListItem\",\"position\":3,\"name\":\"Golfclubs Italien\",\"item\":\"https:\/\/fairway2hotel.at\/en\/golfclubs\/italien\/\"},{\"@type\":\"ListItem\",\"position\":4,\"name\":\"GC Valtellina\"}]},{\"@type\":\"WebSite\",\"@id\":\"https:\/\/fairway2hotel.at\/en\/#website\",\"url\":\"https:\/\/fairway2hotel.at\/en\/\",\"name\":\"Fairway 2 Hotel\",\"description\":\"Golf at half price! 2 play - 1 pays\",\"potentialAction\":[{\"@type\":\"SearchAction\",\"target\":{\"@type\":\"EntryPoint\",\"urlTemplate\":\"https:\/\/fairway2hotel.at\/en\/?s={search_term_string}\"},\"query-input\":{\"@type\":\"PropertyValueSpecification\",\"valueRequired\":true,\"valueName\":\"search_term_string\"}}],\"inLanguage\":\"en-US\"}]}<\/script>\n<!-- \/ Yoast SEO plugin. -->","yoast_head_json":{"title":"GC Valtellina - Fairway 2 Hotel","robots":{"index":"index","follow":"follow","max-snippet":"max-snippet:-1","max-image-preview":"max-image-preview:large","max-video-preview":"max-video-preview:-1"},"canonical":"https:\/\/fairway2hotel.at\/en\/golfclubs\/italien\/golfclub-valtellina\/","og_locale":"en_US","og_type":"article","og_title":"GC Valtellina - Fairway 2 Hotel","og_description":"Golf mit Blick in die Weinberge Valtellina Golf wurde Mitte der 90er Jahre vom Designer Fulvio Bani unter der Leitung des Architekten Fernando Grattirola entworfen und nahm im Mai 1999 offiziell seine T\u00e4tigkeit auf. Seit Oktober 2010 umfasst der Platz 18 L\u00f6cher! Valtellina Golf ist nicht nur ein einladender Club, in dem man Golf spielen [&hellip;]","og_url":"https:\/\/fairway2hotel.at\/en\/golfclubs\/italien\/golfclub-valtellina\/","og_site_name":"Fairway 2 Hotel","article_modified_time":"2025-11-01T09:05:46+00:00","twitter_card":"summary_large_image","twitter_misc":{"Est. reading time":"2 minutes"},"schema":{"@context":"https:\/\/schema.org","@graph":[{"@type":"WebPage","@id":"https:\/\/fairway2hotel.at\/en\/golfclubs\/italien\/golfclub-valtellina\/","url":"https:\/\/fairway2hotel.at\/en\/golfclubs\/italien\/golfclub-valtellina\/","name":"GC Valtellina - Fairway 2 Hotel","isPartOf":{"@id":"https:\/\/fairway2hotel.at\/en\/#website"},"datePublished":"2022-09-02T11:12:56+00:00","dateModified":"2025-11-01T09:05:46+00:00","breadcrumb":{"@id":"https:\/\/fairway2hotel.at\/en\/golfclubs\/italien\/golfclub-valtellina\/#breadcrumb"},"inLanguage":"en-US","potentialAction":[{"@type":"ReadAction","target":["https:\/\/fairway2hotel.at\/en\/golfclubs\/italien\/golfclub-valtellina\/"]}]},{"@type":"BreadcrumbList","@id":"https:\/\/fairway2hotel.at\/en\/golfclubs\/italien\/golfclub-valtellina\/#breadcrumb","itemListElement":[{"@type":"ListItem","position":1,"name":"Home","item":"https:\/\/fairway2hotel.at\/en\/"},{"@type":"ListItem","position":2,"name":"Golfclubs","item":"https:\/\/fairway2hotel.at\/en\/golfclubs\/"},{"@type":"ListItem","position":3,"name":"Golfclubs Italien","item":"https:\/\/fairway2hotel.at\/en\/golfclubs\/italien\/"},{"@type":"ListItem","position":4,"name":"GC Valtellina"}]},{"@type":"WebSite","@id":"https:\/\/fairway2hotel.at\/en\/#website","url":"https:\/\/fairway2hotel.at\/en\/","name":"Fairway 2 Hotel","description":"Golf at half price! 2 play - 1 pays","potentialAction":[{"@type":"SearchAction","target":{"@type":"EntryPoint","urlTemplate":"https:\/\/fairway2hotel.at\/en\/?s={search_term_string}"},"query-input":{"@type":"PropertyValueSpecification","valueRequired":true,"valueName":"search_term_string"}}],"inLanguage":"en-US"}]}},"_links":{"self":[{"href":"https:\/\/fairway2hotel.at\/en\/wp-json\/wp\/v2\/pages\/3543","targetHints":{"allow":["GET"]}}],"collection":[{"href":"https:\/\/fairway2hotel.at\/en\/wp-json\/wp\/v2\/pages"}],"about":[{"href":"https:\/\/fairway2hotel.at\/en\/wp-json\/wp\/v2\/types\/page"}],"author":[{"embeddable":true,"href":"https:\/\/fairway2hotel.at\/en\/wp-json\/wp\/v2\/users\/2"}],"replies":[{"embeddable":true,"href":"https:\/\/fairway2hotel.at\/en\/wp-json\/wp\/v2\/comments?post=3543"}],"version-history":[{"count":11,"href":"https:\/\/fairway2hotel.at\/en\/wp-json\/wp\/v2\/pages\/3543\/revisions"}],"predecessor-version":[{"id":49547,"href":"https:\/\/fairway2hotel.at\/en\/wp-json\/wp\/v2\/pages\/3543\/revisions\/49547"}],"up":[{"embeddable":true,"href":"https:\/\/fairway2hotel.at\/en\/wp-json\/wp\/v2\/pages\/1657"}],"acf:attachment":[{"embeddable":true,"href":"https:\/\/fairway2hotel.at\/en\/wp-json\/wp\/v2\/media\/3557"},{"embeddable":true,"href":"https:\/\/fairway2hotel.at\/en\/wp-json\/wp\/v2\/media\/3556"},{"embeddable":true,"href":"https:\/\/fairway2hotel.at\/en\/wp-json\/wp\/v2\/media\/3555"},{"embeddable":true,"href":"https:\/\/fairway2hotel.at\/en\/wp-json\/wp\/v2\/media\/3554"},{"embeddable":true,"href":"https:\/\/fairway2hotel.at\/en\/wp-json\/wp\/v2\/media\/3553"},{"embeddable":true,"href":"https:\/\/fairway2hotel.at\/en\/wp-json\/wp\/v2\/media\/3552"},{"embeddable":true,"href":"https:\/\/fairway2hotel.at\/en\/wp-json\/wp\/v2\/media\/3551"},{"embeddable":true,"href":"https:\/\/fairway2hotel.at\/en\/wp-json\/wp\/v2\/media\/3550"},{"embeddable":true,"href":"https:\/\/fairway2hotel.at\/en\/wp-json\/wp\/v2\/media\/3549"},{"embeddable":true,"href":"https:\/\/fairway2hotel.at\/en\/wp-json\/wp\/v2\/media\/3548"},{"embeddable":true,"href":"https:\/\/fairway2hotel.at\/en\/wp-json\/wp\/v2\/media\/3547"},{"embeddable":true,"href":"https:\/\/fairway2hotel.at\/en\/wp-json\/wp\/v2\/media\/3546"}],"wp:attachment":[{"href":"https:\/\/fairway2hotel.at\/en\/wp-json\/wp\/v2\/media?parent=3543"}],"curies":[{"name":"wp","href":"https:\/\/api.w.org\/{rel}","templated":true}]}}