{"id":37554,"date":"2023-07-28T11:32:54","date_gmt":"2023-07-28T09:32:54","guid":{"rendered":"https:\/\/fairway2hotel.at\/?page_id=37554"},"modified":"2026-01-12T15:57:37","modified_gmt":"2026-01-12T14:57:37","slug":"gc-capdepera","status":"publish","type":"page","link":"https:\/\/fairway2hotel.at\/en\/golfclubs\/mallorca\/gc-capdepera\/","title":{"rendered":"GC Capdepera"},"content":{"rendered":"<h2>Golfen im Osten Mallorcas<\/h2>\n<p>Capdepera Golf ist ein Familienbetrieb im Osten Mallorcas, zwischen den sch\u00f6nen St\u00e4dtchen Arta und Capdepera gelegen. Der Golfplatz wurde vom US Architekten Dan Maples entworfen, und ist f\u00fcr Golfer jeden Alters und Niveaus geeignet. Die ersten zw\u00f6lf L\u00f6cher wurden auf dem Gel\u00e4nde einer alten Mandelplantage mit leichten Erhebungen gebaut, w\u00e4hrend die letzten sechs L\u00f6cher durch den Llevant Naturpark f\u00fchren und dem Golfer eine atemberaubende Aussicht und sportliche Herausforderung bieten. Capdepera Golf bietet die M\u00f6glichkeit auch zw\u00f6lf L\u00f6cher zu buchen \u2013 f\u00fcr den Fall, dass sich das Spielen von neun L\u00f6chern als zu wenig und achtzehn L\u00f6cher als zu viel erweisen sollte. Sara-Virginia Adams von Capdepera Golf und ihr freundliches mehrsprachiges Team m\u00f6chten den G\u00e4sten einen Aufenthalt in einer Oase der Ruhe und des Wohlbefindens bescheren. \u201eUnser Ziel ist es, Ihren Tag in Capdepera zu einem Erlebnis zu machen \u2013 und das beinhaltet f\u00fcr meine Familie mehr als nur eine angenehme Runde Golf\u201d, so Adams. \u201eWir bieten auch Mode in unserem Golfshop und gutes Essen auf der au\u00dfergew\u00f6hnlich sch\u00f6nen Terrasse. Wir m\u00f6chten, dass Sie sich wie zu Hause f\u00fchlen, nur besser!\u201d \u201eDiesen Sommer wird mehr als eine halbe Million Euro in die Verbesserung der Bunker investiert\u201d, sagt Adams. Die Betreiber empfehlen zudem das ber\u00fchmte BBQ mit Live-Musik jeden Donnerstagabend auf der Clubterrasse. Das renommierte Restaurant \u201eRoca Viva\u201d ist nicht nur f\u00fcr Golfer ge\u00f6ffnet. Dank des Ausblicks und des guten Essens kommen die G\u00e4ste immer wieder. W\u00e4hrend ein Tisch f\u00fcr das BBQ lange im Voraus reserviert werden muss, braucht die Abschlagzeit f\u00fcr eine Runde Golf nicht unbedingt vorab gebucht werden, da der Sommer f\u00fcr Golf auf Mallorca Nebensaison ist. Callaway Schl\u00e4ger k\u00f6nnen gemietet werden. In den Sommermonaten ist der Pro-Shop von 7 bis 19 Uhr ge\u00f6ffnet.<\/p>\n<p>&nbsp;<\/p>\n<h2><strong>Golf in the East of Mallorca<\/strong><\/h2>\n<p>Capdepera Golf is a family-owned and r un course in the east of Majorca between the beautiful small towns of Arta and Capdepera. The course was designed by US architect Dan Maples in order to be enjoyed by golfers of all ages and levels. The first twelve holes are built on the site of an old almond plantation with mild elevations, while the final six holes go up into the Llevant Mountains and offer stunning views and a different challenge to the golfer. As hole number 12 finishes at the clubhouse, Capdepera Golf offers the chance to book twelve holes &#8211; just in case playing nine holes feel like too little and eighteen holes too much golf on certain days. Sara-Virginia Adams of Capdepera Golf and her friendly and multi-lingual team look to make the time spent at the club like being in an oasis of calm and wellbeing. \u201cWe aim to make your day at Capdepera an experience, and for my family this includes more than just an enjoyable round of golf. We love golf but also love fashion in our golf shop and great food on the exceptionally lovely terrace. We would like you to feel like you are at home, only better! \u201cThis summer we are spending upwards of half a million euros in improving our bunkers to make your round even more enjoyable and scenic. And our famous BBQ with live music every Thursday evening on our stunning club terrace has to be experienced to be believed.\u201d The renowned Roca Viva restaurant is not just open to golfers. The terrace and great food make golfers and non-golfers come back again and again. While a table for the BBQ needs to be booked well in advance, a tee time for a round of golf does not need to be booked, as summer is low season for golf in Majorca. Sara-Virginia and her family ensure that a round of golf at Capdepera is value for money. Callaway clubs for hire make every round enjoyable, if you have left your clubs at home. In the summer months the pro shop is open from 07:00 until 19:00.<\/p>\n<p>&nbsp;<\/p>\n","protected":false},"excerpt":{"rendered":"<p>Golfen im Osten Mallorcas Capdepera Golf ist ein Familienbetrieb im Osten Mallorcas, zwischen den sch\u00f6nen St\u00e4dtchen Arta und Capdepera gelegen. Der Golfplatz wurde vom US Architekten Dan Maples entworfen, und ist f\u00fcr Golfer jeden Alters und Niveaus geeignet. Die ersten zw\u00f6lf L\u00f6cher wurden auf dem Gel\u00e4nde einer alten Mandelplantage mit leichten Erhebungen gebaut, w\u00e4hrend die [&hellip;]<\/p>\n","protected":false},"author":1,"featured_media":0,"parent":37809,"menu_order":0,"comment_status":"closed","ping_status":"closed","template":"page-partner.php","meta":{"_acf_changed":false,"footnotes":""},"class_list":["post-37554","page","type-page","status-publish","hentry"],"acf":{"partner_infobox":"","partner_logo":37615,"partner_gallery":[37627,37629,37631,37633,37635,37637,37639],"partner_lat":39.698787305004515,"partner_long":3.398715302513455,"partner_type":"golfclub","partner_openings":["1","2","3","4","5","6","7"],"montag_von_bis":"00:00 - 24:00","dienstag_von_bis":"00:00 - 24:00","mittwoch_von_bis":"00:00 - 24:00","donnerstag_von_bis":"00:00 - 24:00","freitag_von_bis":"00:00 - 24:00","samstag_von_bis":"00:00 - 24:00","sonntag_von_bis":"00:00 - 24:00","partner_adresse":"Carretera de Art\u00e0 - Capdepera km 3,5 07570 Capdepera","partner_land_bundesland":"Spanien\/Mallorca","partner_tel_1":"+34 971 81 85 00","partner_tel_2":"","partner_web":"https:\/\/www.golfcapdepera.com\/de\/","partner_mail":"info@golfcapdepera.com","partner_spielbahnen_par":"18\/72","partner_laenge":"","partner_bedingungen":"GS g\u00fcltig zum Preis von \u20ac 135,-- ganzt\u00e4gig einl\u00f6sbar vom 8.6.-13.9., vom 1.1.-28.2. und 16.11-31.12. vor 9.30 Uhr und nach 12.00 Uhr, vom 1.3.-7.6. und vom 14.9.-15.11. vor 9.00 Uhr und nach 13.00 Uhr\r\nvouchers valid at a price of \u20ac 135,-- redeemable all day from 8. June-13. Sep, from 1. Jan-28. Feb. and 16. Nov-31. Dez before 9.30 a.m. and after noon, from 1. March -7. June and 14. Sep-15.Nov before 9.30 and after 1.00 p.m.\r\n","partner_anfahrt":"","partner_misc":null,"additional_css_classes":""},"yoast_head":"<!-- This site is optimized with the Yoast SEO plugin v26.8 - https:\/\/yoast.com\/product\/yoast-seo-wordpress\/ -->\n<title>GC Capdepera - Fairway 2 Hotel<\/title>\n<meta name=\"robots\" content=\"index, follow, max-snippet:-1, max-image-preview:large, max-video-preview:-1\" \/>\n<link rel=\"canonical\" href=\"https:\/\/fairway2hotel.at\/en\/golfclubs\/mallorca\/gc-capdepera\/\" \/>\n<meta property=\"og:locale\" content=\"en_US\" \/>\n<meta property=\"og:type\" content=\"article\" \/>\n<meta property=\"og:title\" content=\"GC Capdepera - Fairway 2 Hotel\" \/>\n<meta property=\"og:description\" content=\"Golfen im Osten Mallorcas Capdepera Golf ist ein Familienbetrieb im Osten Mallorcas, zwischen den sch\u00f6nen St\u00e4dtchen Arta und Capdepera gelegen. Der Golfplatz wurde vom US Architekten Dan Maples entworfen, und ist f\u00fcr Golfer jeden Alters und Niveaus geeignet. Die ersten zw\u00f6lf L\u00f6cher wurden auf dem Gel\u00e4nde einer alten Mandelplantage mit leichten Erhebungen gebaut, w\u00e4hrend die [&hellip;]\" \/>\n<meta property=\"og:url\" content=\"https:\/\/fairway2hotel.at\/en\/golfclubs\/mallorca\/gc-capdepera\/\" \/>\n<meta property=\"og:site_name\" content=\"Fairway 2 Hotel\" \/>\n<meta property=\"article:modified_time\" content=\"2026-01-12T14:57:37+00:00\" \/>\n<meta name=\"twitter:card\" content=\"summary_large_image\" \/>\n<meta name=\"twitter:label1\" content=\"Est. reading time\" \/>\n\t<meta name=\"twitter:data1\" content=\"4 minutes\" \/>\n<script type=\"application\/ld+json\" class=\"yoast-schema-graph\">{\"@context\":\"https:\/\/schema.org\",\"@graph\":[{\"@type\":\"WebPage\",\"@id\":\"https:\/\/fairway2hotel.at\/en\/golfclubs\/mallorca\/gc-capdepera\/\",\"url\":\"https:\/\/fairway2hotel.at\/en\/golfclubs\/mallorca\/gc-capdepera\/\",\"name\":\"GC Capdepera - Fairway 2 Hotel\",\"isPartOf\":{\"@id\":\"https:\/\/fairway2hotel.at\/en\/#website\"},\"datePublished\":\"2023-07-28T09:32:54+00:00\",\"dateModified\":\"2026-01-12T14:57:37+00:00\",\"breadcrumb\":{\"@id\":\"https:\/\/fairway2hotel.at\/en\/golfclubs\/mallorca\/gc-capdepera\/#breadcrumb\"},\"inLanguage\":\"en-US\",\"potentialAction\":[{\"@type\":\"ReadAction\",\"target\":[\"https:\/\/fairway2hotel.at\/en\/golfclubs\/mallorca\/gc-capdepera\/\"]}]},{\"@type\":\"BreadcrumbList\",\"@id\":\"https:\/\/fairway2hotel.at\/en\/golfclubs\/mallorca\/gc-capdepera\/#breadcrumb\",\"itemListElement\":[{\"@type\":\"ListItem\",\"position\":1,\"name\":\"Home\",\"item\":\"https:\/\/fairway2hotel.at\/en\/\"},{\"@type\":\"ListItem\",\"position\":2,\"name\":\"Golfclubs\",\"item\":\"https:\/\/fairway2hotel.at\/en\/golfclubs\/\"},{\"@type\":\"ListItem\",\"position\":3,\"name\":\"Golfclubs Mallorca\",\"item\":\"https:\/\/fairway2hotel.at\/en\/golfclubs\/mallorca\/\"},{\"@type\":\"ListItem\",\"position\":4,\"name\":\"GC Capdepera\"}]},{\"@type\":\"WebSite\",\"@id\":\"https:\/\/fairway2hotel.at\/en\/#website\",\"url\":\"https:\/\/fairway2hotel.at\/en\/\",\"name\":\"Fairway 2 Hotel\",\"description\":\"Golf at half price! 2 play - 1 pays\",\"potentialAction\":[{\"@type\":\"SearchAction\",\"target\":{\"@type\":\"EntryPoint\",\"urlTemplate\":\"https:\/\/fairway2hotel.at\/en\/?s={search_term_string}\"},\"query-input\":{\"@type\":\"PropertyValueSpecification\",\"valueRequired\":true,\"valueName\":\"search_term_string\"}}],\"inLanguage\":\"en-US\"}]}<\/script>\n<!-- \/ Yoast SEO plugin. -->","yoast_head_json":{"title":"GC Capdepera - Fairway 2 Hotel","robots":{"index":"index","follow":"follow","max-snippet":"max-snippet:-1","max-image-preview":"max-image-preview:large","max-video-preview":"max-video-preview:-1"},"canonical":"https:\/\/fairway2hotel.at\/en\/golfclubs\/mallorca\/gc-capdepera\/","og_locale":"en_US","og_type":"article","og_title":"GC Capdepera - Fairway 2 Hotel","og_description":"Golfen im Osten Mallorcas Capdepera Golf ist ein Familienbetrieb im Osten Mallorcas, zwischen den sch\u00f6nen St\u00e4dtchen Arta und Capdepera gelegen. Der Golfplatz wurde vom US Architekten Dan Maples entworfen, und ist f\u00fcr Golfer jeden Alters und Niveaus geeignet. Die ersten zw\u00f6lf L\u00f6cher wurden auf dem Gel\u00e4nde einer alten Mandelplantage mit leichten Erhebungen gebaut, w\u00e4hrend die [&hellip;]","og_url":"https:\/\/fairway2hotel.at\/en\/golfclubs\/mallorca\/gc-capdepera\/","og_site_name":"Fairway 2 Hotel","article_modified_time":"2026-01-12T14:57:37+00:00","twitter_card":"summary_large_image","twitter_misc":{"Est. reading time":"4 minutes"},"schema":{"@context":"https:\/\/schema.org","@graph":[{"@type":"WebPage","@id":"https:\/\/fairway2hotel.at\/en\/golfclubs\/mallorca\/gc-capdepera\/","url":"https:\/\/fairway2hotel.at\/en\/golfclubs\/mallorca\/gc-capdepera\/","name":"GC Capdepera - Fairway 2 Hotel","isPartOf":{"@id":"https:\/\/fairway2hotel.at\/en\/#website"},"datePublished":"2023-07-28T09:32:54+00:00","dateModified":"2026-01-12T14:57:37+00:00","breadcrumb":{"@id":"https:\/\/fairway2hotel.at\/en\/golfclubs\/mallorca\/gc-capdepera\/#breadcrumb"},"inLanguage":"en-US","potentialAction":[{"@type":"ReadAction","target":["https:\/\/fairway2hotel.at\/en\/golfclubs\/mallorca\/gc-capdepera\/"]}]},{"@type":"BreadcrumbList","@id":"https:\/\/fairway2hotel.at\/en\/golfclubs\/mallorca\/gc-capdepera\/#breadcrumb","itemListElement":[{"@type":"ListItem","position":1,"name":"Home","item":"https:\/\/fairway2hotel.at\/en\/"},{"@type":"ListItem","position":2,"name":"Golfclubs","item":"https:\/\/fairway2hotel.at\/en\/golfclubs\/"},{"@type":"ListItem","position":3,"name":"Golfclubs Mallorca","item":"https:\/\/fairway2hotel.at\/en\/golfclubs\/mallorca\/"},{"@type":"ListItem","position":4,"name":"GC Capdepera"}]},{"@type":"WebSite","@id":"https:\/\/fairway2hotel.at\/en\/#website","url":"https:\/\/fairway2hotel.at\/en\/","name":"Fairway 2 Hotel","description":"Golf at half price! 2 play - 1 pays","potentialAction":[{"@type":"SearchAction","target":{"@type":"EntryPoint","urlTemplate":"https:\/\/fairway2hotel.at\/en\/?s={search_term_string}"},"query-input":{"@type":"PropertyValueSpecification","valueRequired":true,"valueName":"search_term_string"}}],"inLanguage":"en-US"}]}},"_links":{"self":[{"href":"https:\/\/fairway2hotel.at\/en\/wp-json\/wp\/v2\/pages\/37554","targetHints":{"allow":["GET"]}}],"collection":[{"href":"https:\/\/fairway2hotel.at\/en\/wp-json\/wp\/v2\/pages"}],"about":[{"href":"https:\/\/fairway2hotel.at\/en\/wp-json\/wp\/v2\/types\/page"}],"author":[{"embeddable":true,"href":"https:\/\/fairway2hotel.at\/en\/wp-json\/wp\/v2\/users\/1"}],"replies":[{"embeddable":true,"href":"https:\/\/fairway2hotel.at\/en\/wp-json\/wp\/v2\/comments?post=37554"}],"version-history":[{"count":13,"href":"https:\/\/fairway2hotel.at\/en\/wp-json\/wp\/v2\/pages\/37554\/revisions"}],"predecessor-version":[{"id":52355,"href":"https:\/\/fairway2hotel.at\/en\/wp-json\/wp\/v2\/pages\/37554\/revisions\/52355"}],"up":[{"embeddable":true,"href":"https:\/\/fairway2hotel.at\/en\/wp-json\/wp\/v2\/pages\/37809"}],"acf:attachment":[{"embeddable":true,"href":"https:\/\/fairway2hotel.at\/en\/wp-json\/wp\/v2\/media\/37639"},{"embeddable":true,"href":"https:\/\/fairway2hotel.at\/en\/wp-json\/wp\/v2\/media\/37637"},{"embeddable":true,"href":"https:\/\/fairway2hotel.at\/en\/wp-json\/wp\/v2\/media\/37635"},{"embeddable":true,"href":"https:\/\/fairway2hotel.at\/en\/wp-json\/wp\/v2\/media\/37633"},{"embeddable":true,"href":"https:\/\/fairway2hotel.at\/en\/wp-json\/wp\/v2\/media\/37631"},{"embeddable":true,"href":"https:\/\/fairway2hotel.at\/en\/wp-json\/wp\/v2\/media\/37629"},{"embeddable":true,"href":"https:\/\/fairway2hotel.at\/en\/wp-json\/wp\/v2\/media\/37627"}],"wp:attachment":[{"href":"https:\/\/fairway2hotel.at\/en\/wp-json\/wp\/v2\/media?parent=37554"}],"curies":[{"name":"wp","href":"https:\/\/api.w.org\/{rel}","templated":true}]}}