{"id":37586,"date":"2023-07-18T09:50:43","date_gmt":"2023-07-18T07:50:43","guid":{"rendered":"https:\/\/fairway2hotel.at\/golfclubs\/deutschland\/golfplatz-lederbach-copy\/"},"modified":"2025-03-30T17:02:05","modified_gmt":"2025-03-30T15:02:05","slug":"gc-bergkramerhof","status":"publish","type":"page","link":"https:\/\/fairway2hotel.at\/en\/golfclubs\/deutschland\/gc-bergkramerhof\/","title":{"rendered":"GC Bergkramerhof"},"content":{"rendered":"<h2><strong>\u00d6kologisch Golfen vor den Toren M\u00fcnchens<\/strong><\/h2>\n<p>Eingebettet in die wundersch\u00f6ne Landschaft Oberbayerns mit traumhaftem Blick in die Alpen liegt der \u00f6kologische Golfplatz Bergkramerhof. Die moderne Golfanlage, mit famili\u00e4rer Atmosph\u00e4re, bietet bezahlbaren Sport auf h\u00f6chstem Niveau in direkter Umgebung der Landeshauptstadt M\u00fcnchen. Die Platzpflege der neuen 18 Loch Golfanlage ist ein Schwerpunkt der neuen Betreiber und macht deutlich, dass \u00d6kologie und Golfsport keine Gegens\u00e4tze sein m\u00fcssen.<\/p>\n<h2>Ecological golfing at the gates of Munich<\/h2>\n<p>The Bergkramerhof ecological golf course is nestled in the beautiful landscape of Upper Bavaria with a marvellous view of the Alps. The modern golf course, with a family atmosphere, offers affordable sport at the highest level in the immediate vicinity of the state capital of Munich. The course maintenance of the new 18-hole golf course is a focus of the new operators and makes it clear that ecology and golf do not have to be opposites.<\/p>\n","protected":false},"excerpt":{"rendered":"<p>\u00d6kologisch Golfen vor den Toren M\u00fcnchens Eingebettet in die wundersch\u00f6ne Landschaft Oberbayerns mit traumhaftem Blick in die Alpen liegt der \u00f6kologische Golfplatz Bergkramerhof. Die moderne Golfanlage, mit famili\u00e4rer Atmosph\u00e4re, bietet bezahlbaren Sport auf h\u00f6chstem Niveau in direkter Umgebung der Landeshauptstadt M\u00fcnchen. Die Platzpflege der neuen 18 Loch Golfanlage ist ein Schwerpunkt der neuen Betreiber und [&hellip;]<\/p>\n","protected":false},"author":24,"featured_media":0,"parent":1607,"menu_order":30,"comment_status":"closed","ping_status":"closed","template":"page-partner.php","meta":{"_acf_changed":false,"footnotes":""},"class_list":["post-37586","page","type-page","status-publish","hentry"],"acf":{"partner_infobox":"<strong>Adresse: <\/strong>Bergkramerhof 1 82515 Wolfratshausen\r\n\r\n<strong>Tel:\u00a0<\/strong>+49 8171\/41910\r\n\r\n&nbsp;\r\n\r\n<strong>Web:<\/strong><a href=\"https:\/\/bergkramerhof.com\/\">Golfclub Bergkramerhof<\/a>\r\n\r\n<strong>E-Mail:<\/strong><a href=\"mailto:info@bergkramerhof.com\">info@bergkramerhof.com\u00a0<\/a>\r\n\r\n<strong>Spielbahnen\/Par: <\/strong>18\/72\r\n\r\n<strong>La\u0308nge: <\/strong>gelb: 5.699 m\/rot: 5.091 m\r\n\r\n<em><strong>Bedingungen:\r\n<\/strong>GS gelten MO\u2013DO (ausgen. Ftg.) ab 12 Uhr.<\/em>\r\n\r\n<strong>Anfahrt:\r\n<\/strong>von Linz: Passau \u2192 Suben \u2192 A3 \u2192 Pocking, rechts \u2192 B512 \u2192 auf B388 \u2192 Bad Griesbach \u2192 rechts Bad Griesbach\/ Vilshofen \u2192 Beschilderung folgen","partner_logo":37588,"partner_gallery":[37592,37610],"partner_lat":47.90626090389448,"partner_long":11.402153137776263,"partner_type":"golfclub","partner_openings":["1","2","3","4"],"montag_von_bis":"00:00 - 24:00","dienstag_von_bis":"00:00 - 24:00","mittwoch_von_bis":"00:00 - 24:00","donnerstag_von_bis":"00:00 - 24:00","freitag_von_bis":"00:00 - 24:00","samstag_von_bis":"00:00 - 24:00","sonntag_von_bis":"00:00 - 24:00","partner_adresse":"Bergkramerhof 1, 82515 Wolfratshausen","partner_land_bundesland":"Deutschland","partner_tel_1":"0049 8171 41910","partner_tel_2":"","partner_web":"https:\/\/bergkramerhof.com\/","partner_mail":"info@bergkramerhof.com","partner_spielbahnen_par":"18\/72","partner_laenge":"","partner_bedingungen":"GS gelten MO\u2013DO (ausgenommen Ftg Deutschland).\r\nvouchers redeemable Mon-Thu (except public holidays of Germany)","partner_anfahrt":"","partner_misc":null,"additional_css_classes":""},"yoast_head":"<!-- This site is optimized with the Yoast SEO plugin v26.8 - https:\/\/yoast.com\/product\/yoast-seo-wordpress\/ -->\n<title>GC Bergkramerhof - Fairway 2 Hotel<\/title>\n<meta name=\"robots\" content=\"index, follow, max-snippet:-1, max-image-preview:large, max-video-preview:-1\" \/>\n<link rel=\"canonical\" href=\"https:\/\/fairway2hotel.at\/en\/golfclubs\/deutschland\/gc-bergkramerhof\/\" \/>\n<meta property=\"og:locale\" content=\"en_US\" \/>\n<meta property=\"og:type\" content=\"article\" \/>\n<meta property=\"og:title\" content=\"GC Bergkramerhof - Fairway 2 Hotel\" \/>\n<meta property=\"og:description\" content=\"\u00d6kologisch Golfen vor den Toren M\u00fcnchens Eingebettet in die wundersch\u00f6ne Landschaft Oberbayerns mit traumhaftem Blick in die Alpen liegt der \u00f6kologische Golfplatz Bergkramerhof. Die moderne Golfanlage, mit famili\u00e4rer Atmosph\u00e4re, bietet bezahlbaren Sport auf h\u00f6chstem Niveau in direkter Umgebung der Landeshauptstadt M\u00fcnchen. Die Platzpflege der neuen 18 Loch Golfanlage ist ein Schwerpunkt der neuen Betreiber und [&hellip;]\" \/>\n<meta property=\"og:url\" content=\"https:\/\/fairway2hotel.at\/en\/golfclubs\/deutschland\/gc-bergkramerhof\/\" \/>\n<meta property=\"og:site_name\" content=\"Fairway 2 Hotel\" \/>\n<meta property=\"article:modified_time\" content=\"2025-03-30T15:02:05+00:00\" \/>\n<meta name=\"twitter:card\" content=\"summary_large_image\" \/>\n<meta name=\"twitter:label1\" content=\"Est. reading time\" \/>\n\t<meta name=\"twitter:data1\" content=\"1 minute\" \/>\n<script type=\"application\/ld+json\" class=\"yoast-schema-graph\">{\"@context\":\"https:\/\/schema.org\",\"@graph\":[{\"@type\":\"WebPage\",\"@id\":\"https:\/\/fairway2hotel.at\/en\/golfclubs\/deutschland\/gc-bergkramerhof\/\",\"url\":\"https:\/\/fairway2hotel.at\/en\/golfclubs\/deutschland\/gc-bergkramerhof\/\",\"name\":\"GC Bergkramerhof - Fairway 2 Hotel\",\"isPartOf\":{\"@id\":\"https:\/\/fairway2hotel.at\/en\/#website\"},\"datePublished\":\"2023-07-18T07:50:43+00:00\",\"dateModified\":\"2025-03-30T15:02:05+00:00\",\"breadcrumb\":{\"@id\":\"https:\/\/fairway2hotel.at\/en\/golfclubs\/deutschland\/gc-bergkramerhof\/#breadcrumb\"},\"inLanguage\":\"en-US\",\"potentialAction\":[{\"@type\":\"ReadAction\",\"target\":[\"https:\/\/fairway2hotel.at\/en\/golfclubs\/deutschland\/gc-bergkramerhof\/\"]}]},{\"@type\":\"BreadcrumbList\",\"@id\":\"https:\/\/fairway2hotel.at\/en\/golfclubs\/deutschland\/gc-bergkramerhof\/#breadcrumb\",\"itemListElement\":[{\"@type\":\"ListItem\",\"position\":1,\"name\":\"Home\",\"item\":\"https:\/\/fairway2hotel.at\/en\/\"},{\"@type\":\"ListItem\",\"position\":2,\"name\":\"Golfclubs\",\"item\":\"https:\/\/fairway2hotel.at\/en\/golfclubs\/\"},{\"@type\":\"ListItem\",\"position\":3,\"name\":\"Golfclubs Deutschland\",\"item\":\"https:\/\/fairway2hotel.at\/en\/golfclubs\/deutschland\/\"},{\"@type\":\"ListItem\",\"position\":4,\"name\":\"GC Bergkramerhof\"}]},{\"@type\":\"WebSite\",\"@id\":\"https:\/\/fairway2hotel.at\/en\/#website\",\"url\":\"https:\/\/fairway2hotel.at\/en\/\",\"name\":\"Fairway 2 Hotel\",\"description\":\"Golf at half price! 2 play - 1 pays\",\"potentialAction\":[{\"@type\":\"SearchAction\",\"target\":{\"@type\":\"EntryPoint\",\"urlTemplate\":\"https:\/\/fairway2hotel.at\/en\/?s={search_term_string}\"},\"query-input\":{\"@type\":\"PropertyValueSpecification\",\"valueRequired\":true,\"valueName\":\"search_term_string\"}}],\"inLanguage\":\"en-US\"}]}<\/script>\n<!-- \/ Yoast SEO plugin. -->","yoast_head_json":{"title":"GC Bergkramerhof - Fairway 2 Hotel","robots":{"index":"index","follow":"follow","max-snippet":"max-snippet:-1","max-image-preview":"max-image-preview:large","max-video-preview":"max-video-preview:-1"},"canonical":"https:\/\/fairway2hotel.at\/en\/golfclubs\/deutschland\/gc-bergkramerhof\/","og_locale":"en_US","og_type":"article","og_title":"GC Bergkramerhof - Fairway 2 Hotel","og_description":"\u00d6kologisch Golfen vor den Toren M\u00fcnchens Eingebettet in die wundersch\u00f6ne Landschaft Oberbayerns mit traumhaftem Blick in die Alpen liegt der \u00f6kologische Golfplatz Bergkramerhof. Die moderne Golfanlage, mit famili\u00e4rer Atmosph\u00e4re, bietet bezahlbaren Sport auf h\u00f6chstem Niveau in direkter Umgebung der Landeshauptstadt M\u00fcnchen. Die Platzpflege der neuen 18 Loch Golfanlage ist ein Schwerpunkt der neuen Betreiber und [&hellip;]","og_url":"https:\/\/fairway2hotel.at\/en\/golfclubs\/deutschland\/gc-bergkramerhof\/","og_site_name":"Fairway 2 Hotel","article_modified_time":"2025-03-30T15:02:05+00:00","twitter_card":"summary_large_image","twitter_misc":{"Est. reading time":"1 minute"},"schema":{"@context":"https:\/\/schema.org","@graph":[{"@type":"WebPage","@id":"https:\/\/fairway2hotel.at\/en\/golfclubs\/deutschland\/gc-bergkramerhof\/","url":"https:\/\/fairway2hotel.at\/en\/golfclubs\/deutschland\/gc-bergkramerhof\/","name":"GC Bergkramerhof - Fairway 2 Hotel","isPartOf":{"@id":"https:\/\/fairway2hotel.at\/en\/#website"},"datePublished":"2023-07-18T07:50:43+00:00","dateModified":"2025-03-30T15:02:05+00:00","breadcrumb":{"@id":"https:\/\/fairway2hotel.at\/en\/golfclubs\/deutschland\/gc-bergkramerhof\/#breadcrumb"},"inLanguage":"en-US","potentialAction":[{"@type":"ReadAction","target":["https:\/\/fairway2hotel.at\/en\/golfclubs\/deutschland\/gc-bergkramerhof\/"]}]},{"@type":"BreadcrumbList","@id":"https:\/\/fairway2hotel.at\/en\/golfclubs\/deutschland\/gc-bergkramerhof\/#breadcrumb","itemListElement":[{"@type":"ListItem","position":1,"name":"Home","item":"https:\/\/fairway2hotel.at\/en\/"},{"@type":"ListItem","position":2,"name":"Golfclubs","item":"https:\/\/fairway2hotel.at\/en\/golfclubs\/"},{"@type":"ListItem","position":3,"name":"Golfclubs Deutschland","item":"https:\/\/fairway2hotel.at\/en\/golfclubs\/deutschland\/"},{"@type":"ListItem","position":4,"name":"GC Bergkramerhof"}]},{"@type":"WebSite","@id":"https:\/\/fairway2hotel.at\/en\/#website","url":"https:\/\/fairway2hotel.at\/en\/","name":"Fairway 2 Hotel","description":"Golf at half price! 2 play - 1 pays","potentialAction":[{"@type":"SearchAction","target":{"@type":"EntryPoint","urlTemplate":"https:\/\/fairway2hotel.at\/en\/?s={search_term_string}"},"query-input":{"@type":"PropertyValueSpecification","valueRequired":true,"valueName":"search_term_string"}}],"inLanguage":"en-US"}]}},"_links":{"self":[{"href":"https:\/\/fairway2hotel.at\/en\/wp-json\/wp\/v2\/pages\/37586","targetHints":{"allow":["GET"]}}],"collection":[{"href":"https:\/\/fairway2hotel.at\/en\/wp-json\/wp\/v2\/pages"}],"about":[{"href":"https:\/\/fairway2hotel.at\/en\/wp-json\/wp\/v2\/types\/page"}],"author":[{"embeddable":true,"href":"https:\/\/fairway2hotel.at\/en\/wp-json\/wp\/v2\/users\/24"}],"replies":[{"embeddable":true,"href":"https:\/\/fairway2hotel.at\/en\/wp-json\/wp\/v2\/comments?post=37586"}],"version-history":[{"count":5,"href":"https:\/\/fairway2hotel.at\/en\/wp-json\/wp\/v2\/pages\/37586\/revisions"}],"predecessor-version":[{"id":47284,"href":"https:\/\/fairway2hotel.at\/en\/wp-json\/wp\/v2\/pages\/37586\/revisions\/47284"}],"up":[{"embeddable":true,"href":"https:\/\/fairway2hotel.at\/en\/wp-json\/wp\/v2\/pages\/1607"}],"acf:attachment":[{"embeddable":true,"href":"https:\/\/fairway2hotel.at\/en\/wp-json\/wp\/v2\/media\/37610"},{"embeddable":true,"href":"https:\/\/fairway2hotel.at\/en\/wp-json\/wp\/v2\/media\/37592"}],"wp:attachment":[{"href":"https:\/\/fairway2hotel.at\/en\/wp-json\/wp\/v2\/media?parent=37586"}],"curies":[{"name":"wp","href":"https:\/\/api.w.org\/{rel}","templated":true}]}}