{"id":37645,"date":"2023-07-19T14:23:51","date_gmt":"2023-07-19T12:23:51","guid":{"rendered":"https:\/\/fairway2hotel.at\/?page_id=37645"},"modified":"2026-01-12T16:38:49","modified_gmt":"2026-01-12T15:38:49","slug":"gc-fairplay-golf-spa-resort","status":"publish","type":"page","link":"https:\/\/fairway2hotel.at\/en\/golfclubs\/spanien-festland\/gc-fairplay-golf-spa-resort\/","title":{"rendered":"GC Fairplay Golf &#038; Spa Resort"},"content":{"rendered":"<h2>Genie\u00dfen Sie das beste Golf auf unserem unschlagbaren 18-Loch-Platz.<\/h2>\n<p>Es gibt nicht viele Orte, an denen Sie die Freude an der Natur, die Ruhe und die Leidenschaft f\u00fcr Ihren Lieblingssport so erleben k\u00f6nnen wie hier, im Fairplay Golf &amp; Spa Resort. Eines der Markenzeichen unseres Resorts in Andalusien ist der herrliche Golfplatz. Es ist ein wundersch\u00f6ner Platz, der 2002 von Baron Paul Rolin entworfen wurde, mit 18 L\u00f6chern und gepflegter Vegetation, auf dem Sie stundenlang diesen gro\u00dfartigen Sport genie\u00dfen k\u00f6nnen. Der Golfplatz ist PAR 73 mit 6072 Metern von den wei\u00dfen Abschl\u00e4gen entfernt, wo die L\u00f6cher zwischen einem Wald aus wilden Oliven-, Kiefern- und Chaparral-B\u00e4umen sowie mehreren Seen liegen, was ihn zu einem unglaublich attraktiven Platz macht. Die N\u00e4he zum Hotel, die kurzen Wege zwischen den L\u00f6chern und das neue Fairway-Netz machen die Bequemlichkeit dieses Platzes zu einem seiner besten Merkmale und zu einem der von seinen Spielern am meisten gesch\u00e4tzten.<\/p>\n<p>Der Platz bietet bei jedem Schlag eine Herausforderung und ist damit eine der besten Attraktionen des Resorts. In Bezug auf das Design beeindruckt es vor allem durch die Vielfalt der L\u00f6cher, mit mehr Wasser auf der ersten Runde und den Ausblicken \u00fcber das La Janda-Tal und die L\u00f6cher mit erh\u00f6hten Abschl\u00e4gen auf den zweiten neun. Wir bieten auch ein \u00dcbungsgel\u00e4nde mit einer Driving Range, zwei Putting Greens und einem Chipping Green, sowie einen speziellen Bereich f\u00fcr Gruppen mit 3 kurzen L\u00f6chern.<\/p>\n<p>&nbsp;<\/p>\n<h2>Enjoy the best golf on our unbeatable 18-hole course<\/h2>\n<p>Not many places allow you to experience the pleasure of nature, tranquility and passion for your favourite sport like our facilities do.<br \/>\nOne of the hallmarks of our resort in Andalusia is its magnificent golf course. It is a wonderful course designed by Baron Paul Rolin in 2002 with 18 holes and well-kept vegetation where you can spend hours and hours enjoying this great sport. The golf course is PAR 73 with 6072 metres from the white tees where the holes are interspersed among a forest of wild olive, pine and chaparral trees, along with a several lakes, making it an incredibly attractive course to play. Its proximity to the hotel, the short distances between holes and its new network of fairways make the convenience of this course one of its best features and the most valued by its players.<\/p>\n<p>The course offers a challenge with every strike, making it one of the best attractions at the resort. In terms of design, it is particularly impressive for the variety of holes, with more water on the first round, and the views over La Janda valley and holes with high tees on the second nine. We also offer a practice area with a driving range, two putting greens and a chipping green, as well as a specific area for groups with 3 short holes.<\/p>\n<p>&nbsp;<\/p>\n<p>&nbsp;<\/p>\n","protected":false},"excerpt":{"rendered":"<p>Genie\u00dfen Sie das beste Golf auf unserem unschlagbaren 18-Loch-Platz. Es gibt nicht viele Orte, an denen Sie die Freude an der Natur, die Ruhe und die Leidenschaft f\u00fcr Ihren Lieblingssport so erleben k\u00f6nnen wie hier, im Fairplay Golf &amp; Spa Resort. Eines der Markenzeichen unseres Resorts in Andalusien ist der herrliche Golfplatz. Es ist ein [&hellip;]<\/p>\n","protected":false},"author":24,"featured_media":0,"parent":37552,"menu_order":0,"comment_status":"closed","ping_status":"closed","template":"page-partner.php","meta":{"_acf_changed":false,"footnotes":""},"class_list":["post-37645","page","type-page","status-publish","hentry"],"acf":{"partner_infobox":"","partner_logo":37646,"partner_gallery":[37648,37650,37652,37656],"partner_lat":36.33519654136734,"partner_long":-5.818249261378883,"partner_type":"golfclub","partner_openings":["1","2","3","4","5","6","7"],"montag_von_bis":"00:00 - 24:00","dienstag_von_bis":"00:00 - 24:00","mittwoch_von_bis":"00:00 - 24:00","donnerstag_von_bis":"00:00 - 24:00","freitag_von_bis":"00:00 - 24:00","samstag_von_bis":"00:00 - 24:00","sonntag_von_bis":"00:00 - 24:00","partner_adresse":"Calle La Torre 80, 11190 Benalup-Casas Viejas, Cadiz","partner_land_bundesland":"Spanien\/Andalusien","partner_tel_1":"+34 956 42 48 24","partner_tel_2":"","partner_web":"https:\/\/www.fairplayresort.es\/en\/golf\/","partner_mail":"golf@fairplayresort.es","partner_spielbahnen_par":"18\/73","partner_laenge":"","partner_bedingungen":"GS Hauptsaison einl\u00f6sbar ganzt\u00e4gig um \u20ac 112,--  (1.3.-17.5. und 18.9.-23.11), restliche Zeit Nebensaison um \u20ac 94,--telefonische Reservierung unbedingt erforderlich\r\nvouchers high season (1.3.-17.5. and 18.9.-23.11.) redeemable all day for \u20ac 112,-- , remaining time (low season) for \u20ac 94,-- reservation by telefone necessary\r\n","partner_anfahrt":"","partner_misc":null,"additional_css_classes":""},"yoast_head":"<!-- This site is optimized with the Yoast SEO plugin v26.8 - https:\/\/yoast.com\/product\/yoast-seo-wordpress\/ -->\n<title>GC Fairplay Golf &amp; Spa Resort - Fairway 2 Hotel<\/title>\n<meta name=\"robots\" content=\"index, follow, max-snippet:-1, max-image-preview:large, max-video-preview:-1\" \/>\n<link rel=\"canonical\" href=\"https:\/\/fairway2hotel.at\/en\/golfclubs\/spanien-festland\/gc-fairplay-golf-spa-resort\/\" \/>\n<meta property=\"og:locale\" content=\"en_US\" \/>\n<meta property=\"og:type\" content=\"article\" \/>\n<meta property=\"og:title\" content=\"GC Fairplay Golf &amp; Spa Resort - Fairway 2 Hotel\" \/>\n<meta property=\"og:description\" content=\"Genie\u00dfen Sie das beste Golf auf unserem unschlagbaren 18-Loch-Platz. Es gibt nicht viele Orte, an denen Sie die Freude an der Natur, die Ruhe und die Leidenschaft f\u00fcr Ihren Lieblingssport so erleben k\u00f6nnen wie hier, im Fairplay Golf &amp; Spa Resort. Eines der Markenzeichen unseres Resorts in Andalusien ist der herrliche Golfplatz. Es ist ein [&hellip;]\" \/>\n<meta property=\"og:url\" content=\"https:\/\/fairway2hotel.at\/en\/golfclubs\/spanien-festland\/gc-fairplay-golf-spa-resort\/\" \/>\n<meta property=\"og:site_name\" content=\"Fairway 2 Hotel\" \/>\n<meta property=\"article:modified_time\" content=\"2026-01-12T15:38:49+00:00\" \/>\n<meta name=\"twitter:card\" content=\"summary_large_image\" \/>\n<meta name=\"twitter:label1\" content=\"Est. reading time\" \/>\n\t<meta name=\"twitter:data1\" content=\"3 minutes\" \/>\n<script type=\"application\/ld+json\" class=\"yoast-schema-graph\">{\"@context\":\"https:\/\/schema.org\",\"@graph\":[{\"@type\":\"WebPage\",\"@id\":\"https:\/\/fairway2hotel.at\/en\/golfclubs\/spanien-festland\/gc-fairplay-golf-spa-resort\/\",\"url\":\"https:\/\/fairway2hotel.at\/en\/golfclubs\/spanien-festland\/gc-fairplay-golf-spa-resort\/\",\"name\":\"GC Fairplay Golf & Spa Resort - Fairway 2 Hotel\",\"isPartOf\":{\"@id\":\"https:\/\/fairway2hotel.at\/en\/#website\"},\"datePublished\":\"2023-07-19T12:23:51+00:00\",\"dateModified\":\"2026-01-12T15:38:49+00:00\",\"breadcrumb\":{\"@id\":\"https:\/\/fairway2hotel.at\/en\/golfclubs\/spanien-festland\/gc-fairplay-golf-spa-resort\/#breadcrumb\"},\"inLanguage\":\"en-US\",\"potentialAction\":[{\"@type\":\"ReadAction\",\"target\":[\"https:\/\/fairway2hotel.at\/en\/golfclubs\/spanien-festland\/gc-fairplay-golf-spa-resort\/\"]}]},{\"@type\":\"BreadcrumbList\",\"@id\":\"https:\/\/fairway2hotel.at\/en\/golfclubs\/spanien-festland\/gc-fairplay-golf-spa-resort\/#breadcrumb\",\"itemListElement\":[{\"@type\":\"ListItem\",\"position\":1,\"name\":\"Home\",\"item\":\"https:\/\/fairway2hotel.at\/en\/\"},{\"@type\":\"ListItem\",\"position\":2,\"name\":\"Golfclubs\",\"item\":\"https:\/\/fairway2hotel.at\/en\/golfclubs\/\"},{\"@type\":\"ListItem\",\"position\":3,\"name\":\"Golfclubs Festland\",\"item\":\"https:\/\/fairway2hotel.at\/en\/golfclubs\/spanien-festland\/\"},{\"@type\":\"ListItem\",\"position\":4,\"name\":\"GC Fairplay Golf &#038; Spa Resort\"}]},{\"@type\":\"WebSite\",\"@id\":\"https:\/\/fairway2hotel.at\/en\/#website\",\"url\":\"https:\/\/fairway2hotel.at\/en\/\",\"name\":\"Fairway 2 Hotel\",\"description\":\"Golf at half price! 2 play - 1 pays\",\"potentialAction\":[{\"@type\":\"SearchAction\",\"target\":{\"@type\":\"EntryPoint\",\"urlTemplate\":\"https:\/\/fairway2hotel.at\/en\/?s={search_term_string}\"},\"query-input\":{\"@type\":\"PropertyValueSpecification\",\"valueRequired\":true,\"valueName\":\"search_term_string\"}}],\"inLanguage\":\"en-US\"}]}<\/script>\n<!-- \/ Yoast SEO plugin. -->","yoast_head_json":{"title":"GC Fairplay Golf & Spa Resort - Fairway 2 Hotel","robots":{"index":"index","follow":"follow","max-snippet":"max-snippet:-1","max-image-preview":"max-image-preview:large","max-video-preview":"max-video-preview:-1"},"canonical":"https:\/\/fairway2hotel.at\/en\/golfclubs\/spanien-festland\/gc-fairplay-golf-spa-resort\/","og_locale":"en_US","og_type":"article","og_title":"GC Fairplay Golf & Spa Resort - Fairway 2 Hotel","og_description":"Genie\u00dfen Sie das beste Golf auf unserem unschlagbaren 18-Loch-Platz. Es gibt nicht viele Orte, an denen Sie die Freude an der Natur, die Ruhe und die Leidenschaft f\u00fcr Ihren Lieblingssport so erleben k\u00f6nnen wie hier, im Fairplay Golf &amp; Spa Resort. Eines der Markenzeichen unseres Resorts in Andalusien ist der herrliche Golfplatz. Es ist ein [&hellip;]","og_url":"https:\/\/fairway2hotel.at\/en\/golfclubs\/spanien-festland\/gc-fairplay-golf-spa-resort\/","og_site_name":"Fairway 2 Hotel","article_modified_time":"2026-01-12T15:38:49+00:00","twitter_card":"summary_large_image","twitter_misc":{"Est. reading time":"3 minutes"},"schema":{"@context":"https:\/\/schema.org","@graph":[{"@type":"WebPage","@id":"https:\/\/fairway2hotel.at\/en\/golfclubs\/spanien-festland\/gc-fairplay-golf-spa-resort\/","url":"https:\/\/fairway2hotel.at\/en\/golfclubs\/spanien-festland\/gc-fairplay-golf-spa-resort\/","name":"GC Fairplay Golf & Spa Resort - Fairway 2 Hotel","isPartOf":{"@id":"https:\/\/fairway2hotel.at\/en\/#website"},"datePublished":"2023-07-19T12:23:51+00:00","dateModified":"2026-01-12T15:38:49+00:00","breadcrumb":{"@id":"https:\/\/fairway2hotel.at\/en\/golfclubs\/spanien-festland\/gc-fairplay-golf-spa-resort\/#breadcrumb"},"inLanguage":"en-US","potentialAction":[{"@type":"ReadAction","target":["https:\/\/fairway2hotel.at\/en\/golfclubs\/spanien-festland\/gc-fairplay-golf-spa-resort\/"]}]},{"@type":"BreadcrumbList","@id":"https:\/\/fairway2hotel.at\/en\/golfclubs\/spanien-festland\/gc-fairplay-golf-spa-resort\/#breadcrumb","itemListElement":[{"@type":"ListItem","position":1,"name":"Home","item":"https:\/\/fairway2hotel.at\/en\/"},{"@type":"ListItem","position":2,"name":"Golfclubs","item":"https:\/\/fairway2hotel.at\/en\/golfclubs\/"},{"@type":"ListItem","position":3,"name":"Golfclubs Festland","item":"https:\/\/fairway2hotel.at\/en\/golfclubs\/spanien-festland\/"},{"@type":"ListItem","position":4,"name":"GC Fairplay Golf &#038; Spa Resort"}]},{"@type":"WebSite","@id":"https:\/\/fairway2hotel.at\/en\/#website","url":"https:\/\/fairway2hotel.at\/en\/","name":"Fairway 2 Hotel","description":"Golf at half price! 2 play - 1 pays","potentialAction":[{"@type":"SearchAction","target":{"@type":"EntryPoint","urlTemplate":"https:\/\/fairway2hotel.at\/en\/?s={search_term_string}"},"query-input":{"@type":"PropertyValueSpecification","valueRequired":true,"valueName":"search_term_string"}}],"inLanguage":"en-US"}]}},"_links":{"self":[{"href":"https:\/\/fairway2hotel.at\/en\/wp-json\/wp\/v2\/pages\/37645","targetHints":{"allow":["GET"]}}],"collection":[{"href":"https:\/\/fairway2hotel.at\/en\/wp-json\/wp\/v2\/pages"}],"about":[{"href":"https:\/\/fairway2hotel.at\/en\/wp-json\/wp\/v2\/types\/page"}],"author":[{"embeddable":true,"href":"https:\/\/fairway2hotel.at\/en\/wp-json\/wp\/v2\/users\/24"}],"replies":[{"embeddable":true,"href":"https:\/\/fairway2hotel.at\/en\/wp-json\/wp\/v2\/comments?post=37645"}],"version-history":[{"count":12,"href":"https:\/\/fairway2hotel.at\/en\/wp-json\/wp\/v2\/pages\/37645\/revisions"}],"predecessor-version":[{"id":52359,"href":"https:\/\/fairway2hotel.at\/en\/wp-json\/wp\/v2\/pages\/37645\/revisions\/52359"}],"up":[{"embeddable":true,"href":"https:\/\/fairway2hotel.at\/en\/wp-json\/wp\/v2\/pages\/37552"}],"acf:attachment":[{"embeddable":true,"href":"https:\/\/fairway2hotel.at\/en\/wp-json\/wp\/v2\/media\/37656"},{"embeddable":true,"href":"https:\/\/fairway2hotel.at\/en\/wp-json\/wp\/v2\/media\/37652"},{"embeddable":true,"href":"https:\/\/fairway2hotel.at\/en\/wp-json\/wp\/v2\/media\/37650"},{"embeddable":true,"href":"https:\/\/fairway2hotel.at\/en\/wp-json\/wp\/v2\/media\/37648"}],"wp:attachment":[{"href":"https:\/\/fairway2hotel.at\/en\/wp-json\/wp\/v2\/media?parent=37645"}],"curies":[{"name":"wp","href":"https:\/\/api.w.org\/{rel}","templated":true}]}}