{"id":37661,"date":"2023-07-20T09:54:26","date_gmt":"2023-07-20T07:54:26","guid":{"rendered":"https:\/\/fairway2hotel.at\/?page_id=37661"},"modified":"2026-01-13T13:50:34","modified_gmt":"2026-01-13T12:50:34","slug":"gc-lorca-golf-course","status":"publish","type":"page","link":"https:\/\/fairway2hotel.at\/en\/golfclubs\/spanien-festland\/gc-lorca-golf-course\/","title":{"rendered":"GC Lorca Golf Course"},"content":{"rendered":"<h2>Ein majest\u00e4tischer Platz<\/h2>\n<p>Am Fu\u00dfe des Almenara-Gebirges, nur 10 Autominuten entfernt von der historischen Stadt Lorca und den herrlichen Str\u00e4nden von \u00c1guilas gelegen, erwartet Sie ein majest\u00e4tischer Golfplatz und der einzige, der direkt neben dem Naturpark gelegen ist, einem besonderen Ort, an dem j\u00e4hrlich 3000 Stunden lang die Sonne scheint. Der von Dave Thomas entworfene 18-Loch-Golfplatz, Par 71, verf\u00fcgt \u00fcber weitl\u00e4ufige, wellige Gr\u00fcns und strategisch platzierte Bunker, die auf Schritt und Tritt f\u00fcr Unterhaltung und Spannung sorgen. An jedem Loch erwartet den Golfer interessante \u00dcberraschungen. Von Beginn an ist dieser Golfplatz Austragungsort mehrerer gro\u00dfer Turniere und festigte damit seine Position als einer der Besten, sowohl f\u00fcr Profis als auch f\u00fcr Amateure und hat auch in den meisten Medien eine breite Berichterstattung erhalten. In unserem Restaurant k\u00f6nnen Sie vor und nach der Runde die kulturelle und gastronomische Vielfalt der Region genie\u00dfen.<\/p>\n<p>&nbsp;<\/p>\n<h2><strong>A majestic Golfcourse<\/strong><\/h2>\n<p>Situated in the foothills of the Almenara mountain range, only 10 minutes by car from the historic town of Lorca and the magnificent beaches of \u00c1guilas; a majestic Golf Course can be seen outlined in the middle of the woodlands. It is the only golf course in Murcia running alongside a Protected Natural Park, a special spot where you will find not just 3000 hours of sunlight per year, but also exceptional cultural and gastronomic traditions. The golf course The 18 hole golf course, par 71, designed by Dave Thomas has extensive, undulating greens and strategically placed bunkers which provide entertainment and excitement at every turn, with pleasant surprises awaiting the golfer at every hole. Since the official opening day, this golf course has hosted several tournaments, strengthening its position as one of the favorites for professionals and amateurs alike and has also received wide news coverage by the most important regional and national mass media<\/p>\n<p>&nbsp;<\/p>\n","protected":false},"excerpt":{"rendered":"<p>Ein majest\u00e4tischer Platz Am Fu\u00dfe des Almenara-Gebirges, nur 10 Autominuten entfernt von der historischen Stadt Lorca und den herrlichen Str\u00e4nden von \u00c1guilas gelegen, erwartet Sie ein majest\u00e4tischer Golfplatz und der einzige, der direkt neben dem Naturpark gelegen ist, einem besonderen Ort, an dem j\u00e4hrlich 3000 Stunden lang die Sonne scheint. Der von Dave Thomas entworfene [&hellip;]<\/p>\n","protected":false},"author":24,"featured_media":0,"parent":37552,"menu_order":0,"comment_status":"closed","ping_status":"closed","template":"page-partner.php","meta":{"_acf_changed":false,"footnotes":""},"class_list":["post-37661","page","type-page","status-publish","hentry"],"acf":{"partner_infobox":"","partner_logo":37671,"partner_gallery":[37667,37669,37665,37663],"partner_lat":37.55638903495603,"partner_long":-1.6125792664414291,"partner_type":"golfclub","partner_openings":["1","2","3","4","5","6","7"],"montag_von_bis":"00:00 - 24:00","dienstag_von_bis":"00:00 - 24:00","mittwoch_von_bis":"00:00 - 24:00","donnerstag_von_bis":"00:00 - 24:00","freitag_von_bis":"00:00 - 24:00","samstag_von_bis":"00:00 - 24:00","sonntag_von_bis":"00:00 - 24:00","partner_adresse":"Autov\u00eda RM 11 Lorca-Aguilas, salida 17, 30813 P\u00farias","partner_land_bundesland":"Spanien\/Murcia","partner_tel_1":" +34 968 11 35 35","partner_tel_2":"","partner_web":"https:\/\/www.lorcaresort.com\/en\/","partner_mail":"infogolf@lorcaresort.com","partner_spielbahnen_par":"18\/71","partner_laenge":"","partner_bedingungen":"ACHTUNG!! DER GOLFPLATZ IST VOR\u00dcBERGEHEND GESCHLOSSEN; BITTE PR\u00dcFEN SIE OB ER GE\u00d6FFNET IST; BEVOR SIE IHN BESUCHEN\r\nATTENTION!! THE GOLF COURSE IS TEMPORARILY CLOSED; PLEASE CHECK THAT IT IS OPEN BEFORE YOU VISIT.","partner_anfahrt":"","partner_misc":null,"additional_css_classes":""},"yoast_head":"<!-- This site is optimized with the Yoast SEO plugin v26.8 - https:\/\/yoast.com\/product\/yoast-seo-wordpress\/ -->\n<title>GC Lorca Golf Course - Fairway 2 Hotel<\/title>\n<meta name=\"robots\" content=\"index, follow, max-snippet:-1, max-image-preview:large, max-video-preview:-1\" \/>\n<link rel=\"canonical\" href=\"https:\/\/fairway2hotel.at\/en\/golfclubs\/spanien-festland\/gc-lorca-golf-course\/\" \/>\n<meta property=\"og:locale\" content=\"en_US\" \/>\n<meta property=\"og:type\" content=\"article\" \/>\n<meta property=\"og:title\" content=\"GC Lorca Golf Course - Fairway 2 Hotel\" \/>\n<meta property=\"og:description\" content=\"Ein majest\u00e4tischer Platz Am Fu\u00dfe des Almenara-Gebirges, nur 10 Autominuten entfernt von der historischen Stadt Lorca und den herrlichen Str\u00e4nden von \u00c1guilas gelegen, erwartet Sie ein majest\u00e4tischer Golfplatz und der einzige, der direkt neben dem Naturpark gelegen ist, einem besonderen Ort, an dem j\u00e4hrlich 3000 Stunden lang die Sonne scheint. Der von Dave Thomas entworfene [&hellip;]\" \/>\n<meta property=\"og:url\" content=\"https:\/\/fairway2hotel.at\/en\/golfclubs\/spanien-festland\/gc-lorca-golf-course\/\" \/>\n<meta property=\"og:site_name\" content=\"Fairway 2 Hotel\" \/>\n<meta property=\"article:modified_time\" content=\"2026-01-13T12:50:34+00:00\" \/>\n<meta name=\"twitter:card\" content=\"summary_large_image\" \/>\n<meta name=\"twitter:label1\" content=\"Est. reading time\" \/>\n\t<meta name=\"twitter:data1\" content=\"2 minutes\" \/>\n<script type=\"application\/ld+json\" class=\"yoast-schema-graph\">{\"@context\":\"https:\/\/schema.org\",\"@graph\":[{\"@type\":\"WebPage\",\"@id\":\"https:\/\/fairway2hotel.at\/en\/golfclubs\/spanien-festland\/gc-lorca-golf-course\/\",\"url\":\"https:\/\/fairway2hotel.at\/en\/golfclubs\/spanien-festland\/gc-lorca-golf-course\/\",\"name\":\"GC Lorca Golf Course - Fairway 2 Hotel\",\"isPartOf\":{\"@id\":\"https:\/\/fairway2hotel.at\/en\/#website\"},\"datePublished\":\"2023-07-20T07:54:26+00:00\",\"dateModified\":\"2026-01-13T12:50:34+00:00\",\"breadcrumb\":{\"@id\":\"https:\/\/fairway2hotel.at\/en\/golfclubs\/spanien-festland\/gc-lorca-golf-course\/#breadcrumb\"},\"inLanguage\":\"en-US\",\"potentialAction\":[{\"@type\":\"ReadAction\",\"target\":[\"https:\/\/fairway2hotel.at\/en\/golfclubs\/spanien-festland\/gc-lorca-golf-course\/\"]}]},{\"@type\":\"BreadcrumbList\",\"@id\":\"https:\/\/fairway2hotel.at\/en\/golfclubs\/spanien-festland\/gc-lorca-golf-course\/#breadcrumb\",\"itemListElement\":[{\"@type\":\"ListItem\",\"position\":1,\"name\":\"Home\",\"item\":\"https:\/\/fairway2hotel.at\/en\/\"},{\"@type\":\"ListItem\",\"position\":2,\"name\":\"Golfclubs\",\"item\":\"https:\/\/fairway2hotel.at\/en\/golfclubs\/\"},{\"@type\":\"ListItem\",\"position\":3,\"name\":\"Golfclubs Festland\",\"item\":\"https:\/\/fairway2hotel.at\/en\/golfclubs\/spanien-festland\/\"},{\"@type\":\"ListItem\",\"position\":4,\"name\":\"GC Lorca Golf Course\"}]},{\"@type\":\"WebSite\",\"@id\":\"https:\/\/fairway2hotel.at\/en\/#website\",\"url\":\"https:\/\/fairway2hotel.at\/en\/\",\"name\":\"Fairway 2 Hotel\",\"description\":\"Golf at half price! 2 play - 1 pays\",\"potentialAction\":[{\"@type\":\"SearchAction\",\"target\":{\"@type\":\"EntryPoint\",\"urlTemplate\":\"https:\/\/fairway2hotel.at\/en\/?s={search_term_string}\"},\"query-input\":{\"@type\":\"PropertyValueSpecification\",\"valueRequired\":true,\"valueName\":\"search_term_string\"}}],\"inLanguage\":\"en-US\"}]}<\/script>\n<!-- \/ Yoast SEO plugin. -->","yoast_head_json":{"title":"GC Lorca Golf Course - Fairway 2 Hotel","robots":{"index":"index","follow":"follow","max-snippet":"max-snippet:-1","max-image-preview":"max-image-preview:large","max-video-preview":"max-video-preview:-1"},"canonical":"https:\/\/fairway2hotel.at\/en\/golfclubs\/spanien-festland\/gc-lorca-golf-course\/","og_locale":"en_US","og_type":"article","og_title":"GC Lorca Golf Course - Fairway 2 Hotel","og_description":"Ein majest\u00e4tischer Platz Am Fu\u00dfe des Almenara-Gebirges, nur 10 Autominuten entfernt von der historischen Stadt Lorca und den herrlichen Str\u00e4nden von \u00c1guilas gelegen, erwartet Sie ein majest\u00e4tischer Golfplatz und der einzige, der direkt neben dem Naturpark gelegen ist, einem besonderen Ort, an dem j\u00e4hrlich 3000 Stunden lang die Sonne scheint. Der von Dave Thomas entworfene [&hellip;]","og_url":"https:\/\/fairway2hotel.at\/en\/golfclubs\/spanien-festland\/gc-lorca-golf-course\/","og_site_name":"Fairway 2 Hotel","article_modified_time":"2026-01-13T12:50:34+00:00","twitter_card":"summary_large_image","twitter_misc":{"Est. reading time":"2 minutes"},"schema":{"@context":"https:\/\/schema.org","@graph":[{"@type":"WebPage","@id":"https:\/\/fairway2hotel.at\/en\/golfclubs\/spanien-festland\/gc-lorca-golf-course\/","url":"https:\/\/fairway2hotel.at\/en\/golfclubs\/spanien-festland\/gc-lorca-golf-course\/","name":"GC Lorca Golf Course - Fairway 2 Hotel","isPartOf":{"@id":"https:\/\/fairway2hotel.at\/en\/#website"},"datePublished":"2023-07-20T07:54:26+00:00","dateModified":"2026-01-13T12:50:34+00:00","breadcrumb":{"@id":"https:\/\/fairway2hotel.at\/en\/golfclubs\/spanien-festland\/gc-lorca-golf-course\/#breadcrumb"},"inLanguage":"en-US","potentialAction":[{"@type":"ReadAction","target":["https:\/\/fairway2hotel.at\/en\/golfclubs\/spanien-festland\/gc-lorca-golf-course\/"]}]},{"@type":"BreadcrumbList","@id":"https:\/\/fairway2hotel.at\/en\/golfclubs\/spanien-festland\/gc-lorca-golf-course\/#breadcrumb","itemListElement":[{"@type":"ListItem","position":1,"name":"Home","item":"https:\/\/fairway2hotel.at\/en\/"},{"@type":"ListItem","position":2,"name":"Golfclubs","item":"https:\/\/fairway2hotel.at\/en\/golfclubs\/"},{"@type":"ListItem","position":3,"name":"Golfclubs Festland","item":"https:\/\/fairway2hotel.at\/en\/golfclubs\/spanien-festland\/"},{"@type":"ListItem","position":4,"name":"GC Lorca Golf Course"}]},{"@type":"WebSite","@id":"https:\/\/fairway2hotel.at\/en\/#website","url":"https:\/\/fairway2hotel.at\/en\/","name":"Fairway 2 Hotel","description":"Golf at half price! 2 play - 1 pays","potentialAction":[{"@type":"SearchAction","target":{"@type":"EntryPoint","urlTemplate":"https:\/\/fairway2hotel.at\/en\/?s={search_term_string}"},"query-input":{"@type":"PropertyValueSpecification","valueRequired":true,"valueName":"search_term_string"}}],"inLanguage":"en-US"}]}},"_links":{"self":[{"href":"https:\/\/fairway2hotel.at\/en\/wp-json\/wp\/v2\/pages\/37661","targetHints":{"allow":["GET"]}}],"collection":[{"href":"https:\/\/fairway2hotel.at\/en\/wp-json\/wp\/v2\/pages"}],"about":[{"href":"https:\/\/fairway2hotel.at\/en\/wp-json\/wp\/v2\/types\/page"}],"author":[{"embeddable":true,"href":"https:\/\/fairway2hotel.at\/en\/wp-json\/wp\/v2\/users\/24"}],"replies":[{"embeddable":true,"href":"https:\/\/fairway2hotel.at\/en\/wp-json\/wp\/v2\/comments?post=37661"}],"version-history":[{"count":8,"href":"https:\/\/fairway2hotel.at\/en\/wp-json\/wp\/v2\/pages\/37661\/revisions"}],"predecessor-version":[{"id":52368,"href":"https:\/\/fairway2hotel.at\/en\/wp-json\/wp\/v2\/pages\/37661\/revisions\/52368"}],"up":[{"embeddable":true,"href":"https:\/\/fairway2hotel.at\/en\/wp-json\/wp\/v2\/pages\/37552"}],"acf:attachment":[{"embeddable":true,"href":"https:\/\/fairway2hotel.at\/en\/wp-json\/wp\/v2\/media\/37663"},{"embeddable":true,"href":"https:\/\/fairway2hotel.at\/en\/wp-json\/wp\/v2\/media\/37665"},{"embeddable":true,"href":"https:\/\/fairway2hotel.at\/en\/wp-json\/wp\/v2\/media\/37669"},{"embeddable":true,"href":"https:\/\/fairway2hotel.at\/en\/wp-json\/wp\/v2\/media\/37667"}],"wp:attachment":[{"href":"https:\/\/fairway2hotel.at\/en\/wp-json\/wp\/v2\/media?parent=37661"}],"curies":[{"name":"wp","href":"https:\/\/api.w.org\/{rel}","templated":true}]}}