{"id":37675,"date":"2023-07-20T10:42:40","date_gmt":"2023-07-20T08:42:40","guid":{"rendered":"https:\/\/fairway2hotel.at\/?page_id=37675"},"modified":"2026-03-17T10:01:30","modified_gmt":"2026-03-17T09:01:30","slug":"gc-pula-golf-resort","status":"publish","type":"page","link":"https:\/\/fairway2hotel.at\/en\/golfclubs\/mallorca\/gc-pula-golf-resort\/","title":{"rendered":"GC Pula Golf Resort"},"content":{"rendered":"<h2>5 Sterne Golf in Mallorca<\/h2>\n<p>Pula Golf wurde 1995 gegr\u00fcndet und wurde zwischen 2004 und 2006 von Jos\u00e9 Mar\u00eda Olaz\u00e1bal redesigned, um den Anspr\u00fcchen der internationalen und professionellen Golfer zu gen\u00fcgen. Heutzutage spielt sich der sehr gepflegte Golfplatz als Par 72 mit 6.246 m L\u00e4nge. Golfprofessionals spielen den Platz als Par 70. Pula Golf hat eine gro\u00dfe Driving-Range mit zwei Ebenen. Eine davon ist \u00fcberdacht, zwei Putting-Gr\u00fcns und eine Kurzspiel-Area mit 3 Pitching-Greens und einem gro\u03b2en Chipping-Gr\u00fcn. Pula Golf richtet regelm\u00e4\u00dfige Amateurturniere aus. Pula Golf verf\u00fcgt unter anderem \u00fcber eine Golfakademie und ein Fitting Center.<br \/>\nPula Golf war mehrfach Ausrichter der PGA European Tour Championships Mallorca und des Olaz\u00e1bal &amp; Nadal Invitational. Bourdy, Hanson, Jim\u00e9nez, Gonzalo Fern\u00e1ndez Casta\u00f1o, \u00c1lvaro Quir\u00f3s, Olaz\u00e1bal, Darren Clarke, Molinari, Kaymer, Canonica, Sergio Garc\u00eda, Rafa Nadal&#8230; sind nur einige der gro\u00dfen Pers\u00f6nlichkeiten, die in Pula Golf gespielt haben.<\/p>\n<p>Das Pula Golf Resort verf\u00fcgt \u00fcber die erste Trackman Range auf Mallorca. Mit der Software k\u00f6nnen Benutzer die Ballgeschwindigkeit, den Abflugwinkel, die pr\u00e4zisen Entfernungen und die Schwungart sich anzeigen lassen, ideal zur Kontrolle vor der Runde.<\/p>\n<p>Das im Jahre 1581 gebaute Resort liegt in einer der sch\u00f6nsten und ruhigsten Gegenden der Insel. Das famili\u00e4re Flair des Resorts, welches seit der Gr\u00fcndung 1997 von der Familie Sala gef\u00fchrt wird, spiegelt sich im gesamten Resort wieder. In diesem familiengef\u00fchrten Resort, werden Sie mit der typisch mallorquinischen warmen, herzlichen Gastfreundschaft empfangen. F\u00fcr unsere Kunden liegen ebenfalls viele verschiedenste Str\u00e4nde in der Umgebung. Sowohl touristische Str\u00e4nde als auch ruhige nat\u00fcrliche Str\u00e4nde sind leicht zu erreichen. Durch die hellen Lichtdurchfluteten Suiten erwachen Sie schon morgens mit einem L\u00e4cheln, wenn Sie vom Sonnenschein geweckt in den blauen Himmel schauen und Sie eine leichte Meeresbrise sp\u00fcren. Pula Golf verf\u00fcgt \u00fcber einen herrlichen Au\u00dfenpool und ein Spa, das im M\u00e4rz 2022 er\u00f6ffnet wurde. Das Spa ist mit einem Innenpool mit Massaged\u00fcsen ausgestattet; Whirlpool-Badewanne; schottische Dusche; Hydromassage, T\u00fcrkisches Bad und Sauna sowie ein Massageservice zum Entspannen nach einem Golftag.<\/p>\n<p>Um einen entspannten Moment oder das exquisite Essen des K\u00fcchenchefs zu genie\u00dfen kommen Sie in S&#8217;era de Pula Restaurant, unser mediterranes Restaurant mit elegantem und rustikalem Stil und Blick auf den Golfplatz, der von unserem 6.000 m2 gro\u00dfen Obstgarten umgeben ist.<\/p>\n<p>.<\/p>\n<h2><strong>5 star golf in Mallorca<\/strong><\/h2>\n<p>&nbsp;<\/p>\n<p>Golf was founded in 1995 and completely redesigned by Jos\u00e9 Mar\u00eda Olaz\u00e1bal between 2004 and 2006 in order to satisfy the demands of international and professional golf. It has been transformed into a large and neat golf course, par 72 of 6.246m where 14 of the 18 holes give view to the green from the tee and the remaining 4, from the 2nd stroke.<br \/>\nPula Golf has a large Driving-Range of two levels, one of them is covered and two Putting-Greens. As well offered is a Shortgame-Area including 3 pitching Greens and a large Chipping-Green to practice all varieties of shots around the greens. Pula Golf offers a broad calendar of amateur tournaments and among its services, it counts with a Golf Academy and a fitness centre.<br \/>\nPula Golf has become the scene of very important events like the PGA European Tour Championships Mallorca, Mallorca Skin Games or Olaz\u00e1bal &amp; Nadal Invitational, among others.<br \/>\nBourdy, Hanson, Jim\u00e9nez, Gonzalo Fern\u00e1ndez Casta\u00f1o, \u00c1lvaro Quir\u00f3s, Olaz\u00e1bal, Darren Clarke, Molinari, Kaymer, Canonicca, Sergio Garc\u00eda, Rafa Nadal, etc. are some of the great personalities that have played in Pula Golf.<\/p>\n<p>Pula Golf Resort has the first Trackman Range in Mallorca. The software allows users to track and view ball speed, launch angle, precise distances and shot shape, making it the ideal place to warm up before a round on the course.<\/p>\n<p>Situated in one of the most beautiful and peaceful spots on the island, the old manor house dating back to 1581 houses today&#8217;s hotel and country club facilities, which welcomes guests with the warm and friendly hospitality typical of the Mallorcan people. Each of our suites is a small, authentic Mediterranean corner, a light-filled awakening, a spectacular blue sky, where the warm, light sea breeze blows. Pula Golf has a magnificient outdoor swimming pool and spa opened in March 2022. The spa is equipped with an indoor swimming pool with waterjets; whirpool bath; scotish shower; hydromassage, turkishbath and sauna, as well as a massage Service to relax after a day of golf.<\/p>\n<p>For a relaxing moment or to enjoy the chef&#8217;s exquisite food&#8230; S&#8217;era de Pula Restaurant, our elegant and rustic Mediterranean restaurant overlooking the golf course, which is supplied by our 6.000 m2 orchard.<\/p>\n<p>&nbsp;<\/p>\n","protected":false},"excerpt":{"rendered":"<p>5 Sterne Golf in Mallorca Pula Golf wurde 1995 gegr\u00fcndet und wurde zwischen 2004 und 2006 von Jos\u00e9 Mar\u00eda Olaz\u00e1bal redesigned, um den Anspr\u00fcchen der internationalen und professionellen Golfer zu gen\u00fcgen. Heutzutage spielt sich der sehr gepflegte Golfplatz als Par 72 mit 6.246 m L\u00e4nge. Golfprofessionals spielen den Platz als Par 70. Pula Golf hat [&hellip;]<\/p>\n","protected":false},"author":24,"featured_media":0,"parent":37809,"menu_order":0,"comment_status":"closed","ping_status":"closed","template":"page-partner.php","meta":{"_acf_changed":false,"footnotes":""},"class_list":["post-37675","page","type-page","status-publish","hentry"],"acf":{"partner_infobox":"","partner_logo":37676,"partner_gallery":[37680,37678,37682,37684],"partner_lat":39.64624877081582,"partner_long":3.377124396404685,"partner_type":"golfclub","partner_openings":["1","2","3","4","5","6","7"],"montag_von_bis":"13:00 - 24:00","dienstag_von_bis":"13:00 - 24:00","mittwoch_von_bis":"13:00 - 24:00","donnerstag_von_bis":"13:00 - 24:00","freitag_von_bis":"13:00 - 24:00","samstag_von_bis":"13:00 - 24:00","sonntag_von_bis":"13:00 - 24:00","partner_adresse":"Carretera Son Servera-Capdepera, km 3 07550 Son Servera ","partner_land_bundesland":"Spanien\/Mallorca","partner_tel_1":" +34 971 81 70 34","partner_tel_2":"","partner_web":"https:\/\/www.pulagolf.com\/AL\/home.html","partner_mail":"reservas@pulagolf.com","partner_spielbahnen_par":"18\/71","partner_laenge":"","partner_bedingungen":"vom 2.3-7.6 und vom 14.9.-15.11. erst ab 13.00 Uhr einl\u00f6sbar, sonst ganzt\u00e4gig\r\nfrom 2. March-7. June and 14. Sep-15. Nov redeemable after 1.00 p.m., the rest of the year the whole day redeemable\r\n","partner_anfahrt":"","partner_misc":null,"additional_css_classes":""},"yoast_head":"<!-- This site is optimized with the Yoast SEO plugin v26.8 - https:\/\/yoast.com\/product\/yoast-seo-wordpress\/ -->\n<title>GC Pula Golf Resort - Fairway 2 Hotel<\/title>\n<meta name=\"robots\" content=\"index, follow, max-snippet:-1, max-image-preview:large, max-video-preview:-1\" \/>\n<link rel=\"canonical\" href=\"https:\/\/fairway2hotel.at\/en\/golfclubs\/mallorca\/gc-pula-golf-resort\/\" \/>\n<meta property=\"og:locale\" content=\"en_US\" \/>\n<meta property=\"og:type\" content=\"article\" \/>\n<meta property=\"og:title\" content=\"GC Pula Golf Resort - Fairway 2 Hotel\" \/>\n<meta property=\"og:description\" content=\"5 Sterne Golf in Mallorca Pula Golf wurde 1995 gegr\u00fcndet und wurde zwischen 2004 und 2006 von Jos\u00e9 Mar\u00eda Olaz\u00e1bal redesigned, um den Anspr\u00fcchen der internationalen und professionellen Golfer zu gen\u00fcgen. Heutzutage spielt sich der sehr gepflegte Golfplatz als Par 72 mit 6.246 m L\u00e4nge. Golfprofessionals spielen den Platz als Par 70. Pula Golf hat [&hellip;]\" \/>\n<meta property=\"og:url\" content=\"https:\/\/fairway2hotel.at\/en\/golfclubs\/mallorca\/gc-pula-golf-resort\/\" \/>\n<meta property=\"og:site_name\" content=\"Fairway 2 Hotel\" \/>\n<meta property=\"article:modified_time\" content=\"2026-03-17T09:01:30+00:00\" \/>\n<meta name=\"twitter:card\" content=\"summary_large_image\" \/>\n<meta name=\"twitter:label1\" content=\"Est. reading time\" \/>\n\t<meta name=\"twitter:data1\" content=\"5 minutes\" \/>\n<script type=\"application\/ld+json\" class=\"yoast-schema-graph\">{\"@context\":\"https:\/\/schema.org\",\"@graph\":[{\"@type\":\"WebPage\",\"@id\":\"https:\/\/fairway2hotel.at\/en\/golfclubs\/mallorca\/gc-pula-golf-resort\/\",\"url\":\"https:\/\/fairway2hotel.at\/en\/golfclubs\/mallorca\/gc-pula-golf-resort\/\",\"name\":\"GC Pula Golf Resort - Fairway 2 Hotel\",\"isPartOf\":{\"@id\":\"https:\/\/fairway2hotel.at\/en\/#website\"},\"datePublished\":\"2023-07-20T08:42:40+00:00\",\"dateModified\":\"2026-03-17T09:01:30+00:00\",\"breadcrumb\":{\"@id\":\"https:\/\/fairway2hotel.at\/en\/golfclubs\/mallorca\/gc-pula-golf-resort\/#breadcrumb\"},\"inLanguage\":\"en-US\",\"potentialAction\":[{\"@type\":\"ReadAction\",\"target\":[\"https:\/\/fairway2hotel.at\/en\/golfclubs\/mallorca\/gc-pula-golf-resort\/\"]}]},{\"@type\":\"BreadcrumbList\",\"@id\":\"https:\/\/fairway2hotel.at\/en\/golfclubs\/mallorca\/gc-pula-golf-resort\/#breadcrumb\",\"itemListElement\":[{\"@type\":\"ListItem\",\"position\":1,\"name\":\"Home\",\"item\":\"https:\/\/fairway2hotel.at\/en\/\"},{\"@type\":\"ListItem\",\"position\":2,\"name\":\"Golfclubs\",\"item\":\"https:\/\/fairway2hotel.at\/en\/golfclubs\/\"},{\"@type\":\"ListItem\",\"position\":3,\"name\":\"Golfclubs Mallorca\",\"item\":\"https:\/\/fairway2hotel.at\/en\/golfclubs\/mallorca\/\"},{\"@type\":\"ListItem\",\"position\":4,\"name\":\"GC Pula Golf Resort\"}]},{\"@type\":\"WebSite\",\"@id\":\"https:\/\/fairway2hotel.at\/en\/#website\",\"url\":\"https:\/\/fairway2hotel.at\/en\/\",\"name\":\"Fairway 2 Hotel\",\"description\":\"Golf at half price! 2 play - 1 pays\",\"potentialAction\":[{\"@type\":\"SearchAction\",\"target\":{\"@type\":\"EntryPoint\",\"urlTemplate\":\"https:\/\/fairway2hotel.at\/en\/?s={search_term_string}\"},\"query-input\":{\"@type\":\"PropertyValueSpecification\",\"valueRequired\":true,\"valueName\":\"search_term_string\"}}],\"inLanguage\":\"en-US\"}]}<\/script>\n<!-- \/ Yoast SEO plugin. -->","yoast_head_json":{"title":"GC Pula Golf Resort - Fairway 2 Hotel","robots":{"index":"index","follow":"follow","max-snippet":"max-snippet:-1","max-image-preview":"max-image-preview:large","max-video-preview":"max-video-preview:-1"},"canonical":"https:\/\/fairway2hotel.at\/en\/golfclubs\/mallorca\/gc-pula-golf-resort\/","og_locale":"en_US","og_type":"article","og_title":"GC Pula Golf Resort - Fairway 2 Hotel","og_description":"5 Sterne Golf in Mallorca Pula Golf wurde 1995 gegr\u00fcndet und wurde zwischen 2004 und 2006 von Jos\u00e9 Mar\u00eda Olaz\u00e1bal redesigned, um den Anspr\u00fcchen der internationalen und professionellen Golfer zu gen\u00fcgen. Heutzutage spielt sich der sehr gepflegte Golfplatz als Par 72 mit 6.246 m L\u00e4nge. Golfprofessionals spielen den Platz als Par 70. Pula Golf hat [&hellip;]","og_url":"https:\/\/fairway2hotel.at\/en\/golfclubs\/mallorca\/gc-pula-golf-resort\/","og_site_name":"Fairway 2 Hotel","article_modified_time":"2026-03-17T09:01:30+00:00","twitter_card":"summary_large_image","twitter_misc":{"Est. reading time":"5 minutes"},"schema":{"@context":"https:\/\/schema.org","@graph":[{"@type":"WebPage","@id":"https:\/\/fairway2hotel.at\/en\/golfclubs\/mallorca\/gc-pula-golf-resort\/","url":"https:\/\/fairway2hotel.at\/en\/golfclubs\/mallorca\/gc-pula-golf-resort\/","name":"GC Pula Golf Resort - Fairway 2 Hotel","isPartOf":{"@id":"https:\/\/fairway2hotel.at\/en\/#website"},"datePublished":"2023-07-20T08:42:40+00:00","dateModified":"2026-03-17T09:01:30+00:00","breadcrumb":{"@id":"https:\/\/fairway2hotel.at\/en\/golfclubs\/mallorca\/gc-pula-golf-resort\/#breadcrumb"},"inLanguage":"en-US","potentialAction":[{"@type":"ReadAction","target":["https:\/\/fairway2hotel.at\/en\/golfclubs\/mallorca\/gc-pula-golf-resort\/"]}]},{"@type":"BreadcrumbList","@id":"https:\/\/fairway2hotel.at\/en\/golfclubs\/mallorca\/gc-pula-golf-resort\/#breadcrumb","itemListElement":[{"@type":"ListItem","position":1,"name":"Home","item":"https:\/\/fairway2hotel.at\/en\/"},{"@type":"ListItem","position":2,"name":"Golfclubs","item":"https:\/\/fairway2hotel.at\/en\/golfclubs\/"},{"@type":"ListItem","position":3,"name":"Golfclubs Mallorca","item":"https:\/\/fairway2hotel.at\/en\/golfclubs\/mallorca\/"},{"@type":"ListItem","position":4,"name":"GC Pula Golf Resort"}]},{"@type":"WebSite","@id":"https:\/\/fairway2hotel.at\/en\/#website","url":"https:\/\/fairway2hotel.at\/en\/","name":"Fairway 2 Hotel","description":"Golf at half price! 2 play - 1 pays","potentialAction":[{"@type":"SearchAction","target":{"@type":"EntryPoint","urlTemplate":"https:\/\/fairway2hotel.at\/en\/?s={search_term_string}"},"query-input":{"@type":"PropertyValueSpecification","valueRequired":true,"valueName":"search_term_string"}}],"inLanguage":"en-US"}]}},"_links":{"self":[{"href":"https:\/\/fairway2hotel.at\/en\/wp-json\/wp\/v2\/pages\/37675","targetHints":{"allow":["GET"]}}],"collection":[{"href":"https:\/\/fairway2hotel.at\/en\/wp-json\/wp\/v2\/pages"}],"about":[{"href":"https:\/\/fairway2hotel.at\/en\/wp-json\/wp\/v2\/types\/page"}],"author":[{"embeddable":true,"href":"https:\/\/fairway2hotel.at\/en\/wp-json\/wp\/v2\/users\/24"}],"replies":[{"embeddable":true,"href":"https:\/\/fairway2hotel.at\/en\/wp-json\/wp\/v2\/comments?post=37675"}],"version-history":[{"count":14,"href":"https:\/\/fairway2hotel.at\/en\/wp-json\/wp\/v2\/pages\/37675\/revisions"}],"predecessor-version":[{"id":53336,"href":"https:\/\/fairway2hotel.at\/en\/wp-json\/wp\/v2\/pages\/37675\/revisions\/53336"}],"up":[{"embeddable":true,"href":"https:\/\/fairway2hotel.at\/en\/wp-json\/wp\/v2\/pages\/37809"}],"acf:attachment":[{"embeddable":true,"href":"https:\/\/fairway2hotel.at\/en\/wp-json\/wp\/v2\/media\/37684"},{"embeddable":true,"href":"https:\/\/fairway2hotel.at\/en\/wp-json\/wp\/v2\/media\/37682"},{"embeddable":true,"href":"https:\/\/fairway2hotel.at\/en\/wp-json\/wp\/v2\/media\/37678"},{"embeddable":true,"href":"https:\/\/fairway2hotel.at\/en\/wp-json\/wp\/v2\/media\/37680"}],"wp:attachment":[{"href":"https:\/\/fairway2hotel.at\/en\/wp-json\/wp\/v2\/media?parent=37675"}],"curies":[{"name":"wp","href":"https:\/\/api.w.org\/{rel}","templated":true}]}}