{"id":37687,"date":"2023-07-20T11:22:56","date_gmt":"2023-07-20T09:22:56","guid":{"rendered":"https:\/\/fairway2hotel.at\/?page_id=37687"},"modified":"2026-01-13T17:42:36","modified_gmt":"2026-01-13T16:42:36","slug":"gc-sherry-golf-jerez","status":"publish","type":"page","link":"https:\/\/fairway2hotel.at\/en\/golfclubs\/spanien-festland\/gc-sherry-golf-jerez\/","title":{"rendered":"GC Sherry Golf Jerez"},"content":{"rendered":"<h2>Designed um zu gefallen<\/h2>\n<p>Der von Stirling &amp; Martin (Global Golf Company) entworfene Platz ist f\u00fcr Amateure zug\u00e4nglich und f\u00fcr Profis anspruchsvoll. Der Kurs zeichnet sich dadurch aus, dass er einer der l\u00e4ngsten Kurse in Spanien ist:<\/p>\n<ul>\n<li>Golfplatz mit 18 L\u00f6chern: 6572 Meter, Par 72<\/li>\n<li>Golfplatz mit 9 L\u00f6chern (Par 3): 911 Meter<\/li>\n<\/ul>\n<p>Sherry Golf entspricht den neuen Designkonzepten der amerikanischen Golfpl\u00e4tze: sicher im Spiel. Mit Bewegung und Interesse, ohne starke Schr\u00e4glagen, die das Spiel erschweren. Breite Stra\u00dfen und weite Gr\u00fcns verleihen Sherry Golf den Status eines Luxusclubs. Das Clubhaus von Sherry Golf Jerez ist ein Geb\u00e4ude, das dem typischen andalusischen Bauernhaus der Landschaft von Jerez nachempfunden ist. Das Clubhaus von Sherry Golf Jerez ist ein Geb\u00e4ude, das dem typisch andalusischen Bauernhaus der Jerez-Landschaft nachempfunden ist. Am Eingang f\u00fchrt ein Bogen zu einer \u00fcberdachten Innenterrasse, von der aus Sie Zugang zum Restaurant, zum Golfshop, zu den Umkleider\u00e4umen und zum Golfplatz haben. Umgeben von G\u00e4rten und Zierpflanzen des Mittelmeerraums ist dieses Geb\u00e4ude zusammen mit dem Torrelaguna-Geb\u00e4ude selbst ein symboltr\u00e4chtiger und einladender Ort, an dem die Tradition und Kultur Andalusiens lebendig wird.<\/p>\n<p>.<\/p>\n<p>&nbsp;<\/p>\n<h2><strong>designed to enjoy<\/strong><\/h2>\n<p>Designed by Stirling &amp; Martin (Global Golf Company), the course is accessible to amateurs and challenging to professionals. The course is notable for being one of the longest courses in Spain:<\/p>\n<ul>\n<li>18-hole golf course: 6572 meters, par 72<\/li>\n<li>Golf course with 9 holes (par 3): 911 metres<\/li>\n<\/ul>\n<p>Sherry Golf conforms to the design concepts of American golf courses: safe in the new game. With movement and interest, without strong inclinations that make the game difficult. Wide streets and wide greens give Sherry Golf the status of a luxury club. The Sherry Golf Jerez clubhouse is a building modeled after the typical Andalucian farmhouse of the Jerez countryside. The Sherry Golf Jerez clubhouse is a building modeled after the typical Andalusian farmhouse of the Jerez countryside. At the entrance, an arch leads to a covered indoor patio, from which you have access to the restaurant, golf shop, locker rooms and golf course. Surrounded by Mediterranean gardens and ornamental plants, this building, together with the Torrelaguna building itself, is an iconic and welcoming place where the tradition and culture of Andalusia comes alive<\/p>\n<p>&nbsp;<\/p>\n","protected":false},"excerpt":{"rendered":"<p>Designed um zu gefallen Der von Stirling &amp; Martin (Global Golf Company) entworfene Platz ist f\u00fcr Amateure zug\u00e4nglich und f\u00fcr Profis anspruchsvoll. Der Kurs zeichnet sich dadurch aus, dass er einer der l\u00e4ngsten Kurse in Spanien ist: Golfplatz mit 18 L\u00f6chern: 6572 Meter, Par 72 Golfplatz mit 9 L\u00f6chern (Par 3): 911 Meter Sherry Golf [&hellip;]<\/p>\n","protected":false},"author":24,"featured_media":0,"parent":37552,"menu_order":0,"comment_status":"closed","ping_status":"closed","template":"page-partner.php","meta":{"_acf_changed":false,"footnotes":""},"class_list":["post-37687","page","type-page","status-publish","hentry"],"acf":{"partner_infobox":"","partner_logo":37700,"partner_gallery":[37690,37692,37694,37696,37698],"partner_lat":36.66019110381137,"partner_long":-6.154542832532958,"partner_type":"golfclub","partner_openings":["1","2","3","4","5","6","7"],"montag_von_bis":"00:00 - 24:00","dienstag_von_bis":"00:00 - 24:00","mittwoch_von_bis":"00:00 - 24:00","donnerstag_von_bis":"00:00 - 24:00","freitag_von_bis":"00:00 - 24:00","samstag_von_bis":"00:00 - 24:00","sonntag_von_bis":"00:00 - 24:00","partner_adresse":"C\/ Suiza s\/n, E-11408 Jerez de la Frontera, C\u00e1diz","partner_land_bundesland":"Spanien\/Andalusien","partner_tel_1":"+34 956 08 83 30","partner_tel_2":"","partner_web":"https:\/\/www.sherrygolf.com\/en\/","partner_mail":"info@sherrygolf.com","partner_spielbahnen_par":"18\/72","partner_laenge":"","partner_bedingungen":"GS einl\u00f6sbar zum Preis von \u20ac120,--\r\nvouchers redeemable to the rack rate \u20ac120,--","partner_anfahrt":"","partner_misc":null,"additional_css_classes":""},"yoast_head":"<!-- This site is optimized with the Yoast SEO plugin v26.8 - https:\/\/yoast.com\/product\/yoast-seo-wordpress\/ -->\n<title>GC Sherry Golf Jerez - Fairway 2 Hotel<\/title>\n<meta name=\"robots\" content=\"index, follow, max-snippet:-1, max-image-preview:large, max-video-preview:-1\" \/>\n<link rel=\"canonical\" href=\"https:\/\/fairway2hotel.at\/en\/golfclubs\/spanien-festland\/gc-sherry-golf-jerez\/\" \/>\n<meta property=\"og:locale\" content=\"en_US\" \/>\n<meta property=\"og:type\" content=\"article\" \/>\n<meta property=\"og:title\" content=\"GC Sherry Golf Jerez - Fairway 2 Hotel\" \/>\n<meta property=\"og:description\" content=\"Designed um zu gefallen Der von Stirling &amp; Martin (Global Golf Company) entworfene Platz ist f\u00fcr Amateure zug\u00e4nglich und f\u00fcr Profis anspruchsvoll. Der Kurs zeichnet sich dadurch aus, dass er einer der l\u00e4ngsten Kurse in Spanien ist: Golfplatz mit 18 L\u00f6chern: 6572 Meter, Par 72 Golfplatz mit 9 L\u00f6chern (Par 3): 911 Meter Sherry Golf [&hellip;]\" \/>\n<meta property=\"og:url\" content=\"https:\/\/fairway2hotel.at\/en\/golfclubs\/spanien-festland\/gc-sherry-golf-jerez\/\" \/>\n<meta property=\"og:site_name\" content=\"Fairway 2 Hotel\" \/>\n<meta property=\"article:modified_time\" content=\"2026-01-13T16:42:36+00:00\" \/>\n<meta name=\"twitter:card\" content=\"summary_large_image\" \/>\n<meta name=\"twitter:label1\" content=\"Est. reading time\" \/>\n\t<meta name=\"twitter:data1\" content=\"3 minutes\" \/>\n<script type=\"application\/ld+json\" class=\"yoast-schema-graph\">{\"@context\":\"https:\/\/schema.org\",\"@graph\":[{\"@type\":\"WebPage\",\"@id\":\"https:\/\/fairway2hotel.at\/en\/golfclubs\/spanien-festland\/gc-sherry-golf-jerez\/\",\"url\":\"https:\/\/fairway2hotel.at\/en\/golfclubs\/spanien-festland\/gc-sherry-golf-jerez\/\",\"name\":\"GC Sherry Golf Jerez - Fairway 2 Hotel\",\"isPartOf\":{\"@id\":\"https:\/\/fairway2hotel.at\/en\/#website\"},\"datePublished\":\"2023-07-20T09:22:56+00:00\",\"dateModified\":\"2026-01-13T16:42:36+00:00\",\"breadcrumb\":{\"@id\":\"https:\/\/fairway2hotel.at\/en\/golfclubs\/spanien-festland\/gc-sherry-golf-jerez\/#breadcrumb\"},\"inLanguage\":\"en-US\",\"potentialAction\":[{\"@type\":\"ReadAction\",\"target\":[\"https:\/\/fairway2hotel.at\/en\/golfclubs\/spanien-festland\/gc-sherry-golf-jerez\/\"]}]},{\"@type\":\"BreadcrumbList\",\"@id\":\"https:\/\/fairway2hotel.at\/en\/golfclubs\/spanien-festland\/gc-sherry-golf-jerez\/#breadcrumb\",\"itemListElement\":[{\"@type\":\"ListItem\",\"position\":1,\"name\":\"Home\",\"item\":\"https:\/\/fairway2hotel.at\/en\/\"},{\"@type\":\"ListItem\",\"position\":2,\"name\":\"Golfclubs\",\"item\":\"https:\/\/fairway2hotel.at\/en\/golfclubs\/\"},{\"@type\":\"ListItem\",\"position\":3,\"name\":\"Golfclubs Festland\",\"item\":\"https:\/\/fairway2hotel.at\/en\/golfclubs\/spanien-festland\/\"},{\"@type\":\"ListItem\",\"position\":4,\"name\":\"GC Sherry Golf Jerez\"}]},{\"@type\":\"WebSite\",\"@id\":\"https:\/\/fairway2hotel.at\/en\/#website\",\"url\":\"https:\/\/fairway2hotel.at\/en\/\",\"name\":\"Fairway 2 Hotel\",\"description\":\"Golf at half price! 2 play - 1 pays\",\"potentialAction\":[{\"@type\":\"SearchAction\",\"target\":{\"@type\":\"EntryPoint\",\"urlTemplate\":\"https:\/\/fairway2hotel.at\/en\/?s={search_term_string}\"},\"query-input\":{\"@type\":\"PropertyValueSpecification\",\"valueRequired\":true,\"valueName\":\"search_term_string\"}}],\"inLanguage\":\"en-US\"}]}<\/script>\n<!-- \/ Yoast SEO plugin. -->","yoast_head_json":{"title":"GC Sherry Golf Jerez - Fairway 2 Hotel","robots":{"index":"index","follow":"follow","max-snippet":"max-snippet:-1","max-image-preview":"max-image-preview:large","max-video-preview":"max-video-preview:-1"},"canonical":"https:\/\/fairway2hotel.at\/en\/golfclubs\/spanien-festland\/gc-sherry-golf-jerez\/","og_locale":"en_US","og_type":"article","og_title":"GC Sherry Golf Jerez - Fairway 2 Hotel","og_description":"Designed um zu gefallen Der von Stirling &amp; Martin (Global Golf Company) entworfene Platz ist f\u00fcr Amateure zug\u00e4nglich und f\u00fcr Profis anspruchsvoll. Der Kurs zeichnet sich dadurch aus, dass er einer der l\u00e4ngsten Kurse in Spanien ist: Golfplatz mit 18 L\u00f6chern: 6572 Meter, Par 72 Golfplatz mit 9 L\u00f6chern (Par 3): 911 Meter Sherry Golf [&hellip;]","og_url":"https:\/\/fairway2hotel.at\/en\/golfclubs\/spanien-festland\/gc-sherry-golf-jerez\/","og_site_name":"Fairway 2 Hotel","article_modified_time":"2026-01-13T16:42:36+00:00","twitter_card":"summary_large_image","twitter_misc":{"Est. reading time":"3 minutes"},"schema":{"@context":"https:\/\/schema.org","@graph":[{"@type":"WebPage","@id":"https:\/\/fairway2hotel.at\/en\/golfclubs\/spanien-festland\/gc-sherry-golf-jerez\/","url":"https:\/\/fairway2hotel.at\/en\/golfclubs\/spanien-festland\/gc-sherry-golf-jerez\/","name":"GC Sherry Golf Jerez - Fairway 2 Hotel","isPartOf":{"@id":"https:\/\/fairway2hotel.at\/en\/#website"},"datePublished":"2023-07-20T09:22:56+00:00","dateModified":"2026-01-13T16:42:36+00:00","breadcrumb":{"@id":"https:\/\/fairway2hotel.at\/en\/golfclubs\/spanien-festland\/gc-sherry-golf-jerez\/#breadcrumb"},"inLanguage":"en-US","potentialAction":[{"@type":"ReadAction","target":["https:\/\/fairway2hotel.at\/en\/golfclubs\/spanien-festland\/gc-sherry-golf-jerez\/"]}]},{"@type":"BreadcrumbList","@id":"https:\/\/fairway2hotel.at\/en\/golfclubs\/spanien-festland\/gc-sherry-golf-jerez\/#breadcrumb","itemListElement":[{"@type":"ListItem","position":1,"name":"Home","item":"https:\/\/fairway2hotel.at\/en\/"},{"@type":"ListItem","position":2,"name":"Golfclubs","item":"https:\/\/fairway2hotel.at\/en\/golfclubs\/"},{"@type":"ListItem","position":3,"name":"Golfclubs Festland","item":"https:\/\/fairway2hotel.at\/en\/golfclubs\/spanien-festland\/"},{"@type":"ListItem","position":4,"name":"GC Sherry Golf Jerez"}]},{"@type":"WebSite","@id":"https:\/\/fairway2hotel.at\/en\/#website","url":"https:\/\/fairway2hotel.at\/en\/","name":"Fairway 2 Hotel","description":"Golf at half price! 2 play - 1 pays","potentialAction":[{"@type":"SearchAction","target":{"@type":"EntryPoint","urlTemplate":"https:\/\/fairway2hotel.at\/en\/?s={search_term_string}"},"query-input":{"@type":"PropertyValueSpecification","valueRequired":true,"valueName":"search_term_string"}}],"inLanguage":"en-US"}]}},"_links":{"self":[{"href":"https:\/\/fairway2hotel.at\/en\/wp-json\/wp\/v2\/pages\/37687","targetHints":{"allow":["GET"]}}],"collection":[{"href":"https:\/\/fairway2hotel.at\/en\/wp-json\/wp\/v2\/pages"}],"about":[{"href":"https:\/\/fairway2hotel.at\/en\/wp-json\/wp\/v2\/types\/page"}],"author":[{"embeddable":true,"href":"https:\/\/fairway2hotel.at\/en\/wp-json\/wp\/v2\/users\/24"}],"replies":[{"embeddable":true,"href":"https:\/\/fairway2hotel.at\/en\/wp-json\/wp\/v2\/comments?post=37687"}],"version-history":[{"count":7,"href":"https:\/\/fairway2hotel.at\/en\/wp-json\/wp\/v2\/pages\/37687\/revisions"}],"predecessor-version":[{"id":52370,"href":"https:\/\/fairway2hotel.at\/en\/wp-json\/wp\/v2\/pages\/37687\/revisions\/52370"}],"up":[{"embeddable":true,"href":"https:\/\/fairway2hotel.at\/en\/wp-json\/wp\/v2\/pages\/37552"}],"acf:attachment":[{"embeddable":true,"href":"https:\/\/fairway2hotel.at\/en\/wp-json\/wp\/v2\/media\/37698"},{"embeddable":true,"href":"https:\/\/fairway2hotel.at\/en\/wp-json\/wp\/v2\/media\/37696"},{"embeddable":true,"href":"https:\/\/fairway2hotel.at\/en\/wp-json\/wp\/v2\/media\/37694"},{"embeddable":true,"href":"https:\/\/fairway2hotel.at\/en\/wp-json\/wp\/v2\/media\/37692"},{"embeddable":true,"href":"https:\/\/fairway2hotel.at\/en\/wp-json\/wp\/v2\/media\/37690"}],"wp:attachment":[{"href":"https:\/\/fairway2hotel.at\/en\/wp-json\/wp\/v2\/media?parent=37687"}],"curies":[{"name":"wp","href":"https:\/\/api.w.org\/{rel}","templated":true}]}}