{"id":38056,"date":"2023-11-01T11:31:30","date_gmt":"2023-11-01T10:31:30","guid":{"rendered":"https:\/\/fairway2hotel.at\/golfclubs\/deutschland\/am-nationalpark-bayrischer-wald-copy\/"},"modified":"2025-02-25T15:23:33","modified_gmt":"2025-02-25T14:23:33","slug":"gc-vilsbiburg-e-v","status":"publish","type":"page","link":"https:\/\/fairway2hotel.at\/en\/golfclubs\/deutschland\/gc-vilsbiburg-e-v\/","title":{"rendered":"GC Vilsbiburg e.V."},"content":{"rendered":"<h2><strong>Sch\u00f6nes Spiel in freundlicher Atmosph\u00e4re<\/strong><\/h2>\n<p>Der Golfclub Vilsbiburg befindet sich ca. 20 km s\u00fcdlich von Landshut. Inmitten der Naturlandschaft der Vils-Auen folgt die wundersch\u00f6ne Anlage dem Verlauf der Vils. Naturbelassene Gr\u00e4ben und Altw\u00e4sser k\u00f6nnen den Golfer genauso fordern wie angelegte Wasserhindernisse. Hier finden sportliche Spieler ebenso wie Anf\u00e4nger, Familien und Senioren ausgezeichnete Spielm\u00f6glichkeiten. Der bestens in Schuss gehaltene flache Golfplatz bietet Herausforderungen f\u00fcr alle Spielklassen. Das neue Clubhaus l\u00e4dt durch sein gepflegtes Ambiente und durch seinen Biergarten mit altem Baumbestand ein, auch nach dem Spiel gem\u00fctlich zu verweilen. Im Golfclub Vilsbiburg gilt das Motto: Sch\u00f6nes Spiel in freundlicher Atmosph\u00e4re!<\/p>\n<h2>A beautiful game in a friendly atmosphere<\/h2>\n<p>The Vilsbiburg Golf Club is located approx. 20 kilometres south of Landshut. Surrounded by the natural landscape of the Vils floodplains, the beautiful course follows the course of the Vils. Natural ditches and oxbow lakes are just as challenging for golfers as the water hazards. Sporty players as well as beginners, families and senior citizens will find excellent playing opportunities here. The well-maintained flat golf course offers challenges for all levels. The new clubhouse with its well-kept ambience and beer garden with mature trees invites you to linger in comfort after the game. The motto at Vilsbiburg Golf Club is: A good game in a friendly atmosphere!<\/p>\n","protected":false},"excerpt":{"rendered":"<p>Sch\u00f6nes Spiel in freundlicher Atmosph\u00e4re Der Golfclub Vilsbiburg befindet sich ca. 20 km s\u00fcdlich von Landshut. Inmitten der Naturlandschaft der Vils-Auen folgt die wundersch\u00f6ne Anlage dem Verlauf der Vils. Naturbelassene Gr\u00e4ben und Altw\u00e4sser k\u00f6nnen den Golfer genauso fordern wie angelegte Wasserhindernisse. Hier finden sportliche Spieler ebenso wie Anf\u00e4nger, Familien und Senioren ausgezeichnete Spielm\u00f6glichkeiten. Der bestens [&hellip;]<\/p>\n","protected":false},"author":24,"featured_media":0,"parent":1607,"menu_order":5,"comment_status":"closed","ping_status":"closed","template":"page-partner.php","meta":{"_acf_changed":false,"footnotes":""},"class_list":["post-38056","page","type-page","status-publish","hentry"],"acf":{"partner_infobox":"&nbsp;\r\n\r\n&nbsp;","partner_logo":38058,"partner_gallery":[38065,38067,38069],"partner_lat":48.412189221441636,"partner_long":12.333090810602169,"partner_type":"golfclub","partner_openings":["1","2","3","4","5","6","7"],"montag_von_bis":"00:00 - 24:00","dienstag_von_bis":"00:00 - 24:00","mittwoch_von_bis":"00:00 - 24:00","donnerstag_von_bis":"00:00 - 24:00","freitag_von_bis":"00:00 - 24:00","samstag_von_bis":"00:00 - 24:00","sonntag_von_bis":"00:00 - 24:00","partner_adresse":"Trauterfing 31, 84137 Vilsbiburg","partner_land_bundesland":"Deutschland","partner_tel_1":"0049 8741-968680","partner_tel_2":"","partner_web":"http:\/\/www.golfclub-vilsbiburg.de","partner_mail":"info@gc-vilsbiburg.de","partner_spielbahnen_par":"9\/71","partner_laenge":"","partner_bedingungen":"","partner_anfahrt":"","partner_misc":null,"additional_css_classes":""},"yoast_head":"<!-- This site is optimized with the Yoast SEO plugin v26.8 - https:\/\/yoast.com\/product\/yoast-seo-wordpress\/ -->\n<title>GC Vilsbiburg e.V. - Fairway 2 Hotel<\/title>\n<meta name=\"robots\" content=\"index, follow, max-snippet:-1, max-image-preview:large, max-video-preview:-1\" \/>\n<link rel=\"canonical\" href=\"https:\/\/fairway2hotel.at\/en\/golfclubs\/deutschland\/gc-vilsbiburg-e-v\/\" \/>\n<meta property=\"og:locale\" content=\"en_US\" \/>\n<meta property=\"og:type\" content=\"article\" \/>\n<meta property=\"og:title\" content=\"GC Vilsbiburg e.V. - Fairway 2 Hotel\" \/>\n<meta property=\"og:description\" content=\"Sch\u00f6nes Spiel in freundlicher Atmosph\u00e4re Der Golfclub Vilsbiburg befindet sich ca. 20 km s\u00fcdlich von Landshut. Inmitten der Naturlandschaft der Vils-Auen folgt die wundersch\u00f6ne Anlage dem Verlauf der Vils. Naturbelassene Gr\u00e4ben und Altw\u00e4sser k\u00f6nnen den Golfer genauso fordern wie angelegte Wasserhindernisse. Hier finden sportliche Spieler ebenso wie Anf\u00e4nger, Familien und Senioren ausgezeichnete Spielm\u00f6glichkeiten. Der bestens [&hellip;]\" \/>\n<meta property=\"og:url\" content=\"https:\/\/fairway2hotel.at\/en\/golfclubs\/deutschland\/gc-vilsbiburg-e-v\/\" \/>\n<meta property=\"og:site_name\" content=\"Fairway 2 Hotel\" \/>\n<meta property=\"article:modified_time\" content=\"2025-02-25T14:23:33+00:00\" \/>\n<meta name=\"twitter:card\" content=\"summary_large_image\" \/>\n<meta name=\"twitter:label1\" content=\"Est. reading time\" \/>\n\t<meta name=\"twitter:data1\" content=\"2 minutes\" \/>\n<script type=\"application\/ld+json\" class=\"yoast-schema-graph\">{\"@context\":\"https:\/\/schema.org\",\"@graph\":[{\"@type\":\"WebPage\",\"@id\":\"https:\/\/fairway2hotel.at\/en\/golfclubs\/deutschland\/gc-vilsbiburg-e-v\/\",\"url\":\"https:\/\/fairway2hotel.at\/en\/golfclubs\/deutschland\/gc-vilsbiburg-e-v\/\",\"name\":\"GC Vilsbiburg e.V. - Fairway 2 Hotel\",\"isPartOf\":{\"@id\":\"https:\/\/fairway2hotel.at\/en\/#website\"},\"datePublished\":\"2023-11-01T10:31:30+00:00\",\"dateModified\":\"2025-02-25T14:23:33+00:00\",\"breadcrumb\":{\"@id\":\"https:\/\/fairway2hotel.at\/en\/golfclubs\/deutschland\/gc-vilsbiburg-e-v\/#breadcrumb\"},\"inLanguage\":\"en-US\",\"potentialAction\":[{\"@type\":\"ReadAction\",\"target\":[\"https:\/\/fairway2hotel.at\/en\/golfclubs\/deutschland\/gc-vilsbiburg-e-v\/\"]}]},{\"@type\":\"BreadcrumbList\",\"@id\":\"https:\/\/fairway2hotel.at\/en\/golfclubs\/deutschland\/gc-vilsbiburg-e-v\/#breadcrumb\",\"itemListElement\":[{\"@type\":\"ListItem\",\"position\":1,\"name\":\"Home\",\"item\":\"https:\/\/fairway2hotel.at\/en\/\"},{\"@type\":\"ListItem\",\"position\":2,\"name\":\"Golfclubs\",\"item\":\"https:\/\/fairway2hotel.at\/en\/golfclubs\/\"},{\"@type\":\"ListItem\",\"position\":3,\"name\":\"Golfclubs Deutschland\",\"item\":\"https:\/\/fairway2hotel.at\/en\/golfclubs\/deutschland\/\"},{\"@type\":\"ListItem\",\"position\":4,\"name\":\"GC Vilsbiburg e.V.\"}]},{\"@type\":\"WebSite\",\"@id\":\"https:\/\/fairway2hotel.at\/en\/#website\",\"url\":\"https:\/\/fairway2hotel.at\/en\/\",\"name\":\"Fairway 2 Hotel\",\"description\":\"Golf at half price! 2 play - 1 pays\",\"potentialAction\":[{\"@type\":\"SearchAction\",\"target\":{\"@type\":\"EntryPoint\",\"urlTemplate\":\"https:\/\/fairway2hotel.at\/en\/?s={search_term_string}\"},\"query-input\":{\"@type\":\"PropertyValueSpecification\",\"valueRequired\":true,\"valueName\":\"search_term_string\"}}],\"inLanguage\":\"en-US\"}]}<\/script>\n<!-- \/ Yoast SEO plugin. -->","yoast_head_json":{"title":"GC Vilsbiburg e.V. - Fairway 2 Hotel","robots":{"index":"index","follow":"follow","max-snippet":"max-snippet:-1","max-image-preview":"max-image-preview:large","max-video-preview":"max-video-preview:-1"},"canonical":"https:\/\/fairway2hotel.at\/en\/golfclubs\/deutschland\/gc-vilsbiburg-e-v\/","og_locale":"en_US","og_type":"article","og_title":"GC Vilsbiburg e.V. - Fairway 2 Hotel","og_description":"Sch\u00f6nes Spiel in freundlicher Atmosph\u00e4re Der Golfclub Vilsbiburg befindet sich ca. 20 km s\u00fcdlich von Landshut. Inmitten der Naturlandschaft der Vils-Auen folgt die wundersch\u00f6ne Anlage dem Verlauf der Vils. Naturbelassene Gr\u00e4ben und Altw\u00e4sser k\u00f6nnen den Golfer genauso fordern wie angelegte Wasserhindernisse. Hier finden sportliche Spieler ebenso wie Anf\u00e4nger, Familien und Senioren ausgezeichnete Spielm\u00f6glichkeiten. Der bestens [&hellip;]","og_url":"https:\/\/fairway2hotel.at\/en\/golfclubs\/deutschland\/gc-vilsbiburg-e-v\/","og_site_name":"Fairway 2 Hotel","article_modified_time":"2025-02-25T14:23:33+00:00","twitter_card":"summary_large_image","twitter_misc":{"Est. reading time":"2 minutes"},"schema":{"@context":"https:\/\/schema.org","@graph":[{"@type":"WebPage","@id":"https:\/\/fairway2hotel.at\/en\/golfclubs\/deutschland\/gc-vilsbiburg-e-v\/","url":"https:\/\/fairway2hotel.at\/en\/golfclubs\/deutschland\/gc-vilsbiburg-e-v\/","name":"GC Vilsbiburg e.V. - Fairway 2 Hotel","isPartOf":{"@id":"https:\/\/fairway2hotel.at\/en\/#website"},"datePublished":"2023-11-01T10:31:30+00:00","dateModified":"2025-02-25T14:23:33+00:00","breadcrumb":{"@id":"https:\/\/fairway2hotel.at\/en\/golfclubs\/deutschland\/gc-vilsbiburg-e-v\/#breadcrumb"},"inLanguage":"en-US","potentialAction":[{"@type":"ReadAction","target":["https:\/\/fairway2hotel.at\/en\/golfclubs\/deutschland\/gc-vilsbiburg-e-v\/"]}]},{"@type":"BreadcrumbList","@id":"https:\/\/fairway2hotel.at\/en\/golfclubs\/deutschland\/gc-vilsbiburg-e-v\/#breadcrumb","itemListElement":[{"@type":"ListItem","position":1,"name":"Home","item":"https:\/\/fairway2hotel.at\/en\/"},{"@type":"ListItem","position":2,"name":"Golfclubs","item":"https:\/\/fairway2hotel.at\/en\/golfclubs\/"},{"@type":"ListItem","position":3,"name":"Golfclubs Deutschland","item":"https:\/\/fairway2hotel.at\/en\/golfclubs\/deutschland\/"},{"@type":"ListItem","position":4,"name":"GC Vilsbiburg e.V."}]},{"@type":"WebSite","@id":"https:\/\/fairway2hotel.at\/en\/#website","url":"https:\/\/fairway2hotel.at\/en\/","name":"Fairway 2 Hotel","description":"Golf at half price! 2 play - 1 pays","potentialAction":[{"@type":"SearchAction","target":{"@type":"EntryPoint","urlTemplate":"https:\/\/fairway2hotel.at\/en\/?s={search_term_string}"},"query-input":{"@type":"PropertyValueSpecification","valueRequired":true,"valueName":"search_term_string"}}],"inLanguage":"en-US"}]}},"_links":{"self":[{"href":"https:\/\/fairway2hotel.at\/en\/wp-json\/wp\/v2\/pages\/38056","targetHints":{"allow":["GET"]}}],"collection":[{"href":"https:\/\/fairway2hotel.at\/en\/wp-json\/wp\/v2\/pages"}],"about":[{"href":"https:\/\/fairway2hotel.at\/en\/wp-json\/wp\/v2\/types\/page"}],"author":[{"embeddable":true,"href":"https:\/\/fairway2hotel.at\/en\/wp-json\/wp\/v2\/users\/24"}],"replies":[{"embeddable":true,"href":"https:\/\/fairway2hotel.at\/en\/wp-json\/wp\/v2\/comments?post=38056"}],"version-history":[{"count":3,"href":"https:\/\/fairway2hotel.at\/en\/wp-json\/wp\/v2\/pages\/38056\/revisions"}],"predecessor-version":[{"id":46200,"href":"https:\/\/fairway2hotel.at\/en\/wp-json\/wp\/v2\/pages\/38056\/revisions\/46200"}],"up":[{"embeddable":true,"href":"https:\/\/fairway2hotel.at\/en\/wp-json\/wp\/v2\/pages\/1607"}],"acf:attachment":[{"embeddable":true,"href":"https:\/\/fairway2hotel.at\/en\/wp-json\/wp\/v2\/media\/38069"},{"embeddable":true,"href":"https:\/\/fairway2hotel.at\/en\/wp-json\/wp\/v2\/media\/38067"},{"embeddable":true,"href":"https:\/\/fairway2hotel.at\/en\/wp-json\/wp\/v2\/media\/38065"}],"wp:attachment":[{"href":"https:\/\/fairway2hotel.at\/en\/wp-json\/wp\/v2\/media?parent=38056"}],"curies":[{"name":"wp","href":"https:\/\/api.w.org\/{rel}","templated":true}]}}