{"id":38119,"date":"2023-11-18T14:04:09","date_gmt":"2023-11-18T13:04:09","guid":{"rendered":"https:\/\/fairway2hotel.at\/golfclubs\/deutschland\/golfsclub-reichmannsdorf-copy\/"},"modified":"2025-11-13T15:51:19","modified_gmt":"2025-11-13T14:51:19","slug":"gc-bayerwald-e-v","status":"publish","type":"page","link":"https:\/\/fairway2hotel.at\/en\/golfclubs\/deutschland\/gc-bayerwald-e-v\/","title":{"rendered":"GC Bayerwald e.V."},"content":{"rendered":"<h2>Herzlich willkommen im 27-Loch Golfparadies Poppenreut und Dorn, der Wiege des Golfsports in Niederbayern!<\/h2>\n<p>Golfen mitten im Herzen des Bayerischen Waldes \u2013 Gepflegte Fairways, treue Gr\u00fcns und ein abwechselndes Layout mit tollen Rundblicken erwartet Sie auf der Anlage des GLC Bayerwald. Die 18-Lochanlage in Poppenreut im Bayerischen Wald besticht aber nicht nur durch landschaftliche Sch\u00f6nheit, die gef\u00fchlvoll eingebetteten Bahnen fordern trotz weitl\u00e4ufigen Fairways jeden Golfer, vom Anf\u00e4nger bis zum Single-Handicap. Der sanft h\u00fcglige Platz kann auch zu Fu\u00df gut bew\u00e4ltigt werden. Eine Driving-Range mit zum Teil \u00fcberdachten Abschlagspl\u00e4tzen, ein Putting- und ein Chipping-Gr\u00fcn mit \u00dcbungsbunkern bieten ein Trainingsgel\u00e4nde das Spa\u00df beim \u00dcben vermittelt. Das Clublokal \u201eHofst\u00fcberl\u201c l\u00e4dt nach der Runde mit verschiedenen Schmankerln zum Verweilen ein.<\/p>\n<h2>Welcome to the 27-hole golf paradise of Poppenreut and Dorn, the cradle of golf in Lower Bavaria!<\/h2>\n<p>Golfing in the heart of the Bavarian Forest &#8211; well-tended fairways, faithful greens and a varied layout with fantastic panoramic views await you at the GLC Bayerwald course. The 18-hole course in Poppenreut in the Bavarian Forest not only impresses with its scenic beauty, the sensitively embedded fairways challenge every golfer, from beginners to single handicappers, despite the wide fairways. The gently undulating course can also be easily mastered on foot. A driving range with partly covered teeing grounds, a putting green and a chipping green with practice bunkers offer a training ground that makes practising fun. The club restaurant \u2018Hofst\u00fcberl\u2019 invites you to linger after the round with various delicacies.<\/p>\n","protected":false},"excerpt":{"rendered":"<p>Herzlich willkommen im 27-Loch Golfparadies Poppenreut und Dorn, der Wiege des Golfsports in Niederbayern! Golfen mitten im Herzen des Bayerischen Waldes \u2013 Gepflegte Fairways, treue Gr\u00fcns und ein abwechselndes Layout mit tollen Rundblicken erwartet Sie auf der Anlage des GLC Bayerwald. Die 18-Lochanlage in Poppenreut im Bayerischen Wald besticht aber nicht nur durch landschaftliche Sch\u00f6nheit, [&hellip;]<\/p>\n","protected":false},"author":24,"featured_media":0,"parent":1607,"menu_order":85,"comment_status":"closed","ping_status":"closed","template":"page-partner.php","meta":{"_acf_changed":false,"footnotes":""},"class_list":["post-38119","page","type-page","status-publish","hentry"],"acf":{"partner_infobox":"","partner_logo":38121,"partner_gallery":[38123,38125],"partner_lat":48.744108693505424,"partner_long":13.6664429237916,"partner_type":"golfclub","partner_openings":["1","2","3","4","5","6","7"],"montag_von_bis":"00:00 - 24:00","dienstag_von_bis":"00:00 - 24:00","mittwoch_von_bis":"00:00 - 24:00","donnerstag_von_bis":"00:00 - 24:00","freitag_von_bis":"00:00 - 24:00","samstag_von_bis":"00:00 - 24:00","sonntag_von_bis":"00:00 - 24:00","partner_adresse":"Poppenreut 11, D-94118 Jandelsbrunn","partner_land_bundesland":"Deutschland","partner_tel_1":"0049 8581 1040","partner_tel_2":"","partner_web":"https:\/\/www.gc-bayerwald.de\/","partner_mail":"info@gc-bayerwald.de","partner_spielbahnen_par":"18\/72","partner_laenge":"","partner_bedingungen":"","partner_anfahrt":"","partner_misc":null,"additional_css_classes":""},"yoast_head":"<!-- This site is optimized with the Yoast SEO plugin v26.8 - https:\/\/yoast.com\/product\/yoast-seo-wordpress\/ -->\n<title>GC Bayerwald e.V. - Fairway 2 Hotel<\/title>\n<meta name=\"robots\" content=\"index, follow, max-snippet:-1, max-image-preview:large, max-video-preview:-1\" \/>\n<link rel=\"canonical\" href=\"https:\/\/fairway2hotel.at\/en\/golfclubs\/deutschland\/gc-bayerwald-e-v\/\" \/>\n<meta property=\"og:locale\" content=\"en_US\" \/>\n<meta property=\"og:type\" content=\"article\" \/>\n<meta property=\"og:title\" content=\"GC Bayerwald e.V. - Fairway 2 Hotel\" \/>\n<meta property=\"og:description\" content=\"Herzlich willkommen im 27-Loch Golfparadies Poppenreut und Dorn, der Wiege des Golfsports in Niederbayern! Golfen mitten im Herzen des Bayerischen Waldes \u2013 Gepflegte Fairways, treue Gr\u00fcns und ein abwechselndes Layout mit tollen Rundblicken erwartet Sie auf der Anlage des GLC Bayerwald. Die 18-Lochanlage in Poppenreut im Bayerischen Wald besticht aber nicht nur durch landschaftliche Sch\u00f6nheit, [&hellip;]\" \/>\n<meta property=\"og:url\" content=\"https:\/\/fairway2hotel.at\/en\/golfclubs\/deutschland\/gc-bayerwald-e-v\/\" \/>\n<meta property=\"og:site_name\" content=\"Fairway 2 Hotel\" \/>\n<meta property=\"article:modified_time\" content=\"2025-11-13T14:51:19+00:00\" \/>\n<meta name=\"twitter:card\" content=\"summary_large_image\" \/>\n<meta name=\"twitter:label1\" content=\"Est. reading time\" \/>\n\t<meta name=\"twitter:data1\" content=\"2 minutes\" \/>\n<script type=\"application\/ld+json\" class=\"yoast-schema-graph\">{\"@context\":\"https:\/\/schema.org\",\"@graph\":[{\"@type\":\"WebPage\",\"@id\":\"https:\/\/fairway2hotel.at\/en\/golfclubs\/deutschland\/gc-bayerwald-e-v\/\",\"url\":\"https:\/\/fairway2hotel.at\/en\/golfclubs\/deutschland\/gc-bayerwald-e-v\/\",\"name\":\"GC Bayerwald e.V. - Fairway 2 Hotel\",\"isPartOf\":{\"@id\":\"https:\/\/fairway2hotel.at\/en\/#website\"},\"datePublished\":\"2023-11-18T13:04:09+00:00\",\"dateModified\":\"2025-11-13T14:51:19+00:00\",\"breadcrumb\":{\"@id\":\"https:\/\/fairway2hotel.at\/en\/golfclubs\/deutschland\/gc-bayerwald-e-v\/#breadcrumb\"},\"inLanguage\":\"en-US\",\"potentialAction\":[{\"@type\":\"ReadAction\",\"target\":[\"https:\/\/fairway2hotel.at\/en\/golfclubs\/deutschland\/gc-bayerwald-e-v\/\"]}]},{\"@type\":\"BreadcrumbList\",\"@id\":\"https:\/\/fairway2hotel.at\/en\/golfclubs\/deutschland\/gc-bayerwald-e-v\/#breadcrumb\",\"itemListElement\":[{\"@type\":\"ListItem\",\"position\":1,\"name\":\"Home\",\"item\":\"https:\/\/fairway2hotel.at\/en\/\"},{\"@type\":\"ListItem\",\"position\":2,\"name\":\"Golfclubs\",\"item\":\"https:\/\/fairway2hotel.at\/en\/golfclubs\/\"},{\"@type\":\"ListItem\",\"position\":3,\"name\":\"Golfclubs Deutschland\",\"item\":\"https:\/\/fairway2hotel.at\/en\/golfclubs\/deutschland\/\"},{\"@type\":\"ListItem\",\"position\":4,\"name\":\"GC Bayerwald e.V.\"}]},{\"@type\":\"WebSite\",\"@id\":\"https:\/\/fairway2hotel.at\/en\/#website\",\"url\":\"https:\/\/fairway2hotel.at\/en\/\",\"name\":\"Fairway 2 Hotel\",\"description\":\"Golf at half price! 2 play - 1 pays\",\"potentialAction\":[{\"@type\":\"SearchAction\",\"target\":{\"@type\":\"EntryPoint\",\"urlTemplate\":\"https:\/\/fairway2hotel.at\/en\/?s={search_term_string}\"},\"query-input\":{\"@type\":\"PropertyValueSpecification\",\"valueRequired\":true,\"valueName\":\"search_term_string\"}}],\"inLanguage\":\"en-US\"}]}<\/script>\n<!-- \/ Yoast SEO plugin. -->","yoast_head_json":{"title":"GC Bayerwald e.V. - Fairway 2 Hotel","robots":{"index":"index","follow":"follow","max-snippet":"max-snippet:-1","max-image-preview":"max-image-preview:large","max-video-preview":"max-video-preview:-1"},"canonical":"https:\/\/fairway2hotel.at\/en\/golfclubs\/deutschland\/gc-bayerwald-e-v\/","og_locale":"en_US","og_type":"article","og_title":"GC Bayerwald e.V. - Fairway 2 Hotel","og_description":"Herzlich willkommen im 27-Loch Golfparadies Poppenreut und Dorn, der Wiege des Golfsports in Niederbayern! Golfen mitten im Herzen des Bayerischen Waldes \u2013 Gepflegte Fairways, treue Gr\u00fcns und ein abwechselndes Layout mit tollen Rundblicken erwartet Sie auf der Anlage des GLC Bayerwald. Die 18-Lochanlage in Poppenreut im Bayerischen Wald besticht aber nicht nur durch landschaftliche Sch\u00f6nheit, [&hellip;]","og_url":"https:\/\/fairway2hotel.at\/en\/golfclubs\/deutschland\/gc-bayerwald-e-v\/","og_site_name":"Fairway 2 Hotel","article_modified_time":"2025-11-13T14:51:19+00:00","twitter_card":"summary_large_image","twitter_misc":{"Est. reading time":"2 minutes"},"schema":{"@context":"https:\/\/schema.org","@graph":[{"@type":"WebPage","@id":"https:\/\/fairway2hotel.at\/en\/golfclubs\/deutschland\/gc-bayerwald-e-v\/","url":"https:\/\/fairway2hotel.at\/en\/golfclubs\/deutschland\/gc-bayerwald-e-v\/","name":"GC Bayerwald e.V. - Fairway 2 Hotel","isPartOf":{"@id":"https:\/\/fairway2hotel.at\/en\/#website"},"datePublished":"2023-11-18T13:04:09+00:00","dateModified":"2025-11-13T14:51:19+00:00","breadcrumb":{"@id":"https:\/\/fairway2hotel.at\/en\/golfclubs\/deutschland\/gc-bayerwald-e-v\/#breadcrumb"},"inLanguage":"en-US","potentialAction":[{"@type":"ReadAction","target":["https:\/\/fairway2hotel.at\/en\/golfclubs\/deutschland\/gc-bayerwald-e-v\/"]}]},{"@type":"BreadcrumbList","@id":"https:\/\/fairway2hotel.at\/en\/golfclubs\/deutschland\/gc-bayerwald-e-v\/#breadcrumb","itemListElement":[{"@type":"ListItem","position":1,"name":"Home","item":"https:\/\/fairway2hotel.at\/en\/"},{"@type":"ListItem","position":2,"name":"Golfclubs","item":"https:\/\/fairway2hotel.at\/en\/golfclubs\/"},{"@type":"ListItem","position":3,"name":"Golfclubs Deutschland","item":"https:\/\/fairway2hotel.at\/en\/golfclubs\/deutschland\/"},{"@type":"ListItem","position":4,"name":"GC Bayerwald e.V."}]},{"@type":"WebSite","@id":"https:\/\/fairway2hotel.at\/en\/#website","url":"https:\/\/fairway2hotel.at\/en\/","name":"Fairway 2 Hotel","description":"Golf at half price! 2 play - 1 pays","potentialAction":[{"@type":"SearchAction","target":{"@type":"EntryPoint","urlTemplate":"https:\/\/fairway2hotel.at\/en\/?s={search_term_string}"},"query-input":{"@type":"PropertyValueSpecification","valueRequired":true,"valueName":"search_term_string"}}],"inLanguage":"en-US"}]}},"_links":{"self":[{"href":"https:\/\/fairway2hotel.at\/en\/wp-json\/wp\/v2\/pages\/38119","targetHints":{"allow":["GET"]}}],"collection":[{"href":"https:\/\/fairway2hotel.at\/en\/wp-json\/wp\/v2\/pages"}],"about":[{"href":"https:\/\/fairway2hotel.at\/en\/wp-json\/wp\/v2\/types\/page"}],"author":[{"embeddable":true,"href":"https:\/\/fairway2hotel.at\/en\/wp-json\/wp\/v2\/users\/24"}],"replies":[{"embeddable":true,"href":"https:\/\/fairway2hotel.at\/en\/wp-json\/wp\/v2\/comments?post=38119"}],"version-history":[{"count":5,"href":"https:\/\/fairway2hotel.at\/en\/wp-json\/wp\/v2\/pages\/38119\/revisions"}],"predecessor-version":[{"id":49798,"href":"https:\/\/fairway2hotel.at\/en\/wp-json\/wp\/v2\/pages\/38119\/revisions\/49798"}],"up":[{"embeddable":true,"href":"https:\/\/fairway2hotel.at\/en\/wp-json\/wp\/v2\/pages\/1607"}],"acf:attachment":[{"embeddable":true,"href":"https:\/\/fairway2hotel.at\/en\/wp-json\/wp\/v2\/media\/38125"},{"embeddable":true,"href":"https:\/\/fairway2hotel.at\/en\/wp-json\/wp\/v2\/media\/38123"}],"wp:attachment":[{"href":"https:\/\/fairway2hotel.at\/en\/wp-json\/wp\/v2\/media?parent=38119"}],"curies":[{"name":"wp","href":"https:\/\/api.w.org\/{rel}","templated":true}]}}