{"id":3942,"date":"2022-10-12T10:31:29","date_gmt":"2022-10-12T08:31:29","guid":{"rendered":"http:\/\/fairway2hotel.at\/golfclubs\/deutschland\/golfclub-groebernhof-copy\/"},"modified":"2025-02-25T15:53:04","modified_gmt":"2025-02-25T14:53:04","slug":"golfclub-erlangen","status":"publish","type":"page","link":"https:\/\/fairway2hotel.at\/en\/golfclubs\/deutschland\/golfclub-erlangen\/","title":{"rendered":"GC Erlangen"},"content":{"rendered":"<h2>Willkommen im Gr\u00fcnen<\/h2>\n<p>Eingebettet in die reizvolle Landschaft der Fr\u00e4nkischen Schweiz erwarten den Golfer abwechslungsreiche Spielbahnen. Es bieten sich von vielen Gr\u00fcns und Fairways fantastische Ausblicke. Saftige Fairways und perfekt gepflegte Gr\u00fcns machen den Golfplatz zu einem Golferlebnis der besonderen Art. Ein weiters Highlight ist das sch\u00f6n angelegte Halbinselgr\u00fcn von Loch 17. Trotz seiner zentralen Lage (nur ca. 15 Min. von N\u00fcrnberg und Erlangen zu erreichen) be\ufb01ndet man sich abseits von Verkehrsl\u00e4rm inmitten sch\u00f6ner Natur. Ideale Trainingsm\u00f6glichkeiten mit Flutlicht und beheizten Abschlagpl\u00e4tzen \ufb01nden Sie auf der angeschlossenen Golf Akademie.<\/p>\n<h2>Welcome to the green<\/h2>\n<p>Embedded in the charming landscape of Franconian Switzerland, golfers can expect a wide variety of holes. There are fantastic views from many greens and fairways. Lush fairways and perfectly manicured greens make the golf course a very special golfing experience. Another highlight is the beautifully landscaped peninsula green of hole 17. Despite its central location (only approx. 15 minutes from Nuremberg and Erlangen), you are far away from traffic noise and surrounded by beautiful nature. Ideal training facilities with floodlights and heated teeing grounds are available at the adjoining Golf Academy.<\/p>\n","protected":false},"excerpt":{"rendered":"<p>Willkommen im Gr\u00fcnen Eingebettet in die reizvolle Landschaft der Fr\u00e4nkischen Schweiz erwarten den Golfer abwechslungsreiche Spielbahnen. Es bieten sich von vielen Gr\u00fcns und Fairways fantastische Ausblicke. Saftige Fairways und perfekt gepflegte Gr\u00fcns machen den Golfplatz zu einem Golferlebnis der besonderen Art. Ein weiters Highlight ist das sch\u00f6n angelegte Halbinselgr\u00fcn von Loch 17. Trotz seiner zentralen [&hellip;]<\/p>\n","protected":false},"author":2,"featured_media":0,"parent":1607,"menu_order":75,"comment_status":"closed","ping_status":"closed","template":"page-partner.php","meta":{"_acf_changed":false,"footnotes":""},"class_list":["post-3942","page","type-page","status-publish","hentry"],"acf":{"partner_infobox":"<strong>Adresse:<\/strong>Schleinhof 1 D-91077 Kleinsendelbach\r\n\r\n<strong>Tel:\u00a0<\/strong>0049 9126 5004\r\n\r\n<strong>Web: <\/strong><a href=\"http:\/\/www.gc-erlangen.de\" target=\"_blank\" rel=\"nofollow noopener noreferrer\">www.gc-erlangen.de<\/a>\r\n\r\n<strong>E-Mail:<\/strong> <a href=\"mailto:info@gc-erlangen.de\">info@gc-erlangen.de<\/a>","partner_logo":null,"partner_gallery":[3945,3944],"partner_lat":48.337838,"partner_long":8.057088,"partner_type":"golfclub","partner_openings":["1","2","3","4","5","6","7"],"montag_von_bis":"00:00 - 24:00","dienstag_von_bis":"00:00 - 24:00","mittwoch_von_bis":"00:00 - 24:00","donnerstag_von_bis":"00:00 - 24:00","freitag_von_bis":"00:00 - 24:00","samstag_von_bis":"00:00 - 24:00","sonntag_von_bis":"00:00 - 24:00","partner_adresse":"Schleinhof 1 D-91077 Kleinsendelbach","partner_land_bundesland":"Deutschland","partner_tel_1":"","partner_tel_2":"0049 9126 5004","partner_web":"http:\/\/www.gc-erlangen.de","partner_mail":"info@gc-erlangen.de","partner_spielbahnen_par":"18\/71","partner_laenge":"","partner_bedingungen":"","partner_anfahrt":"","partner_misc":null,"additional_css_classes":""},"yoast_head":"<!-- This site is optimized with the Yoast SEO plugin v26.8 - https:\/\/yoast.com\/product\/yoast-seo-wordpress\/ -->\n<title>GC Erlangen - Fairway 2 Hotel<\/title>\n<meta name=\"robots\" content=\"index, follow, max-snippet:-1, max-image-preview:large, max-video-preview:-1\" \/>\n<link rel=\"canonical\" href=\"https:\/\/fairway2hotel.at\/en\/golfclubs\/deutschland\/golfclub-erlangen\/\" \/>\n<meta property=\"og:locale\" content=\"en_US\" \/>\n<meta property=\"og:type\" content=\"article\" \/>\n<meta property=\"og:title\" content=\"GC Erlangen - Fairway 2 Hotel\" \/>\n<meta property=\"og:description\" content=\"Willkommen im Gr\u00fcnen Eingebettet in die reizvolle Landschaft der Fr\u00e4nkischen Schweiz erwarten den Golfer abwechslungsreiche Spielbahnen. Es bieten sich von vielen Gr\u00fcns und Fairways fantastische Ausblicke. Saftige Fairways und perfekt gepflegte Gr\u00fcns machen den Golfplatz zu einem Golferlebnis der besonderen Art. Ein weiters Highlight ist das sch\u00f6n angelegte Halbinselgr\u00fcn von Loch 17. Trotz seiner zentralen [&hellip;]\" \/>\n<meta property=\"og:url\" content=\"https:\/\/fairway2hotel.at\/en\/golfclubs\/deutschland\/golfclub-erlangen\/\" \/>\n<meta property=\"og:site_name\" content=\"Fairway 2 Hotel\" \/>\n<meta property=\"article:modified_time\" content=\"2025-02-25T14:53:04+00:00\" \/>\n<meta name=\"twitter:card\" content=\"summary_large_image\" \/>\n<meta name=\"twitter:label1\" content=\"Est. reading time\" \/>\n\t<meta name=\"twitter:data1\" content=\"2 minutes\" \/>\n<script type=\"application\/ld+json\" class=\"yoast-schema-graph\">{\"@context\":\"https:\/\/schema.org\",\"@graph\":[{\"@type\":\"WebPage\",\"@id\":\"https:\/\/fairway2hotel.at\/en\/golfclubs\/deutschland\/golfclub-erlangen\/\",\"url\":\"https:\/\/fairway2hotel.at\/en\/golfclubs\/deutschland\/golfclub-erlangen\/\",\"name\":\"GC Erlangen - Fairway 2 Hotel\",\"isPartOf\":{\"@id\":\"https:\/\/fairway2hotel.at\/en\/#website\"},\"datePublished\":\"2022-10-12T08:31:29+00:00\",\"dateModified\":\"2025-02-25T14:53:04+00:00\",\"breadcrumb\":{\"@id\":\"https:\/\/fairway2hotel.at\/en\/golfclubs\/deutschland\/golfclub-erlangen\/#breadcrumb\"},\"inLanguage\":\"en-US\",\"potentialAction\":[{\"@type\":\"ReadAction\",\"target\":[\"https:\/\/fairway2hotel.at\/en\/golfclubs\/deutschland\/golfclub-erlangen\/\"]}]},{\"@type\":\"BreadcrumbList\",\"@id\":\"https:\/\/fairway2hotel.at\/en\/golfclubs\/deutschland\/golfclub-erlangen\/#breadcrumb\",\"itemListElement\":[{\"@type\":\"ListItem\",\"position\":1,\"name\":\"Home\",\"item\":\"https:\/\/fairway2hotel.at\/en\/\"},{\"@type\":\"ListItem\",\"position\":2,\"name\":\"Golfclubs\",\"item\":\"https:\/\/fairway2hotel.at\/en\/golfclubs\/\"},{\"@type\":\"ListItem\",\"position\":3,\"name\":\"Golfclubs Deutschland\",\"item\":\"https:\/\/fairway2hotel.at\/en\/golfclubs\/deutschland\/\"},{\"@type\":\"ListItem\",\"position\":4,\"name\":\"GC Erlangen\"}]},{\"@type\":\"WebSite\",\"@id\":\"https:\/\/fairway2hotel.at\/en\/#website\",\"url\":\"https:\/\/fairway2hotel.at\/en\/\",\"name\":\"Fairway 2 Hotel\",\"description\":\"Golf at half price! 2 play - 1 pays\",\"potentialAction\":[{\"@type\":\"SearchAction\",\"target\":{\"@type\":\"EntryPoint\",\"urlTemplate\":\"https:\/\/fairway2hotel.at\/en\/?s={search_term_string}\"},\"query-input\":{\"@type\":\"PropertyValueSpecification\",\"valueRequired\":true,\"valueName\":\"search_term_string\"}}],\"inLanguage\":\"en-US\"}]}<\/script>\n<!-- \/ Yoast SEO plugin. -->","yoast_head_json":{"title":"GC Erlangen - Fairway 2 Hotel","robots":{"index":"index","follow":"follow","max-snippet":"max-snippet:-1","max-image-preview":"max-image-preview:large","max-video-preview":"max-video-preview:-1"},"canonical":"https:\/\/fairway2hotel.at\/en\/golfclubs\/deutschland\/golfclub-erlangen\/","og_locale":"en_US","og_type":"article","og_title":"GC Erlangen - Fairway 2 Hotel","og_description":"Willkommen im Gr\u00fcnen Eingebettet in die reizvolle Landschaft der Fr\u00e4nkischen Schweiz erwarten den Golfer abwechslungsreiche Spielbahnen. Es bieten sich von vielen Gr\u00fcns und Fairways fantastische Ausblicke. Saftige Fairways und perfekt gepflegte Gr\u00fcns machen den Golfplatz zu einem Golferlebnis der besonderen Art. Ein weiters Highlight ist das sch\u00f6n angelegte Halbinselgr\u00fcn von Loch 17. Trotz seiner zentralen [&hellip;]","og_url":"https:\/\/fairway2hotel.at\/en\/golfclubs\/deutschland\/golfclub-erlangen\/","og_site_name":"Fairway 2 Hotel","article_modified_time":"2025-02-25T14:53:04+00:00","twitter_card":"summary_large_image","twitter_misc":{"Est. reading time":"2 minutes"},"schema":{"@context":"https:\/\/schema.org","@graph":[{"@type":"WebPage","@id":"https:\/\/fairway2hotel.at\/en\/golfclubs\/deutschland\/golfclub-erlangen\/","url":"https:\/\/fairway2hotel.at\/en\/golfclubs\/deutschland\/golfclub-erlangen\/","name":"GC Erlangen - Fairway 2 Hotel","isPartOf":{"@id":"https:\/\/fairway2hotel.at\/en\/#website"},"datePublished":"2022-10-12T08:31:29+00:00","dateModified":"2025-02-25T14:53:04+00:00","breadcrumb":{"@id":"https:\/\/fairway2hotel.at\/en\/golfclubs\/deutschland\/golfclub-erlangen\/#breadcrumb"},"inLanguage":"en-US","potentialAction":[{"@type":"ReadAction","target":["https:\/\/fairway2hotel.at\/en\/golfclubs\/deutschland\/golfclub-erlangen\/"]}]},{"@type":"BreadcrumbList","@id":"https:\/\/fairway2hotel.at\/en\/golfclubs\/deutschland\/golfclub-erlangen\/#breadcrumb","itemListElement":[{"@type":"ListItem","position":1,"name":"Home","item":"https:\/\/fairway2hotel.at\/en\/"},{"@type":"ListItem","position":2,"name":"Golfclubs","item":"https:\/\/fairway2hotel.at\/en\/golfclubs\/"},{"@type":"ListItem","position":3,"name":"Golfclubs Deutschland","item":"https:\/\/fairway2hotel.at\/en\/golfclubs\/deutschland\/"},{"@type":"ListItem","position":4,"name":"GC Erlangen"}]},{"@type":"WebSite","@id":"https:\/\/fairway2hotel.at\/en\/#website","url":"https:\/\/fairway2hotel.at\/en\/","name":"Fairway 2 Hotel","description":"Golf at half price! 2 play - 1 pays","potentialAction":[{"@type":"SearchAction","target":{"@type":"EntryPoint","urlTemplate":"https:\/\/fairway2hotel.at\/en\/?s={search_term_string}"},"query-input":{"@type":"PropertyValueSpecification","valueRequired":true,"valueName":"search_term_string"}}],"inLanguage":"en-US"}]}},"_links":{"self":[{"href":"https:\/\/fairway2hotel.at\/en\/wp-json\/wp\/v2\/pages\/3942","targetHints":{"allow":["GET"]}}],"collection":[{"href":"https:\/\/fairway2hotel.at\/en\/wp-json\/wp\/v2\/pages"}],"about":[{"href":"https:\/\/fairway2hotel.at\/en\/wp-json\/wp\/v2\/types\/page"}],"author":[{"embeddable":true,"href":"https:\/\/fairway2hotel.at\/en\/wp-json\/wp\/v2\/users\/2"}],"replies":[{"embeddable":true,"href":"https:\/\/fairway2hotel.at\/en\/wp-json\/wp\/v2\/comments?post=3942"}],"version-history":[{"count":5,"href":"https:\/\/fairway2hotel.at\/en\/wp-json\/wp\/v2\/pages\/3942\/revisions"}],"predecessor-version":[{"id":46221,"href":"https:\/\/fairway2hotel.at\/en\/wp-json\/wp\/v2\/pages\/3942\/revisions\/46221"}],"up":[{"embeddable":true,"href":"https:\/\/fairway2hotel.at\/en\/wp-json\/wp\/v2\/pages\/1607"}],"acf:attachment":[{"embeddable":true,"href":"https:\/\/fairway2hotel.at\/en\/wp-json\/wp\/v2\/media\/3944"},{"embeddable":true,"href":"https:\/\/fairway2hotel.at\/en\/wp-json\/wp\/v2\/media\/3945"}],"wp:attachment":[{"href":"https:\/\/fairway2hotel.at\/en\/wp-json\/wp\/v2\/media?parent=3942"}],"curies":[{"name":"wp","href":"https:\/\/api.w.org\/{rel}","templated":true}]}}