{"id":3978,"date":"2022-10-12T13:30:30","date_gmt":"2022-10-12T11:30:30","guid":{"rendered":"http:\/\/fairway2hotel.at\/?page_id=3978"},"modified":"2025-09-01T09:31:21","modified_gmt":"2025-09-01T07:31:21","slug":"gc-toscana","status":"publish","type":"page","link":"https:\/\/fairway2hotel.at\/en\/golfclubs\/italien\/gc-toscana\/","title":{"rendered":"GC Toscana im Golfresort Il Pelagone"},"content":{"rendered":"<h2><b>Il Pelagone<\/b>, ein\u00a0<b>Golferparadies!<\/b><\/h2>\n<p>Eingebettet in perfekter Harmonie zu idyllischen Olivenhainen, Palmen und Zypressen empf\u00e4ngt Sie der 18-Loch Golfplatz, der von dem bekannten britischen Designer Keith Preston entworfen wurde. Breits vier Jahre nach der Einweihung wurde der anspruchsvolle Platz 2003 als einer der zehn besten Golfpl\u00e4tze Italiens ausgezeichnet. Mit internationalem Standard, Golfschule, gro\u00dfz\u00fcgiger Driving Range, Putting Greens, Pitching &amp; Chipping Greens und Practice Bunkers bietet der abwechslungsreiche Golfplatz die optimalen Voraussetzungen f\u00fcr ein Golferlebnis der Extraklasse. Der Platz mit zahlreichen Wasserhindernissen erfordert auf 5852 Meter h\u00f6chste Pr\u00e4zision. Zu den sch\u00f6nsten Abschl\u00e4gen z\u00e4hlen zweifelsohne die 11, ein kurzes Par 3 und die 18, ein langes Par 5 mit Blick bis nach Elba und Korsika.<\/p>\n<h2><b>Il Pelagone<\/b>, a golfer\u00b4s paradise!<\/h2>\n<p>Nestled in perfect harmony with idyllic olive groves, palm trees and cypresses, the 18-hole golf course, designed by the well-known British designer Keith Preston, welcomes you. Just four years after its inauguration, the challenging course was named one of the ten best golf courses in Italy in 2003. With an international standard, golf school, spacious driving range, putting greens, pitching &amp; chipping greens and practice bunkers, the varied golf course offers the optimal conditions for a first-class golf experience. The course with numerous water hazards requires maximum precision at 5,852 meters. The most beautiful tees are undoubtedly the 11th, a short par 3, and the 18th, a long par 5 with a view of Elba and Corsica.<\/p>\n","protected":false},"excerpt":{"rendered":"<p>Il Pelagone, ein\u00a0Golferparadies! Eingebettet in perfekter Harmonie zu idyllischen Olivenhainen, Palmen und Zypressen empf\u00e4ngt Sie der 18-Loch Golfplatz, der von dem bekannten britischen Designer Keith Preston entworfen wurde. Breits vier Jahre nach der Einweihung wurde der anspruchsvolle Platz 2003 als einer der zehn besten Golfpl\u00e4tze Italiens ausgezeichnet. Mit internationalem Standard, Golfschule, gro\u00dfz\u00fcgiger Driving Range, Putting [&hellip;]<\/p>\n","protected":false},"author":2,"featured_media":0,"parent":1657,"menu_order":0,"comment_status":"closed","ping_status":"closed","template":"page-partner.php","meta":{"_acf_changed":false,"footnotes":""},"class_list":["post-3978","page","type-page","status-publish","hentry"],"acf":{"partner_infobox":"<strong>Adresse:\u00a0<\/strong>Pelagone 28 I-58023 Gavorrano\r\n\r\n<strong>Tel:\u00a0<\/strong><a href=\"tel:00390566820471\">+39 0566 820471<\/a>\r\n\r\n<strong>Web: <\/strong><a href=\"http:\/\/www.ilpelagone.com\" target=\"_blank\" rel=\"nofollow noopener noreferrer\">www.ilpelagone.com<\/a>\r\n\r\n<strong>E-Mail:<\/strong> <a href=\"mailto:segreteria@golfclubtoscana.com\">segreteria@golfclubtoscana.com<\/a>\r\n\r\n<em><strong>Bedingungen:\r\n<\/strong>GS k\u00f6nnen im August nicht eingel\u00f6st werden<\/em>","partner_logo":3983,"partner_gallery":[3985,3986,3987,3988],"partner_lat":42.958137,"partner_long":10.857362,"partner_type":"golfclub","partner_openings":["1","2","3","4","5","6","7"],"montag_von_bis":"00:00 - 24:00","dienstag_von_bis":"00:00 - 24:00","mittwoch_von_bis":"00:00 - 24:00","donnerstag_von_bis":"00:00 - 24:00","freitag_von_bis":"00:00 - 24:00","samstag_von_bis":"00:00 - 24:00","sonntag_von_bis":"00:00 - 24:00","partner_adresse":"Pelagone 28 I-58023 Gavorrano","partner_land_bundesland":"Italien","partner_tel_1":"","partner_tel_2":"0039 0566 820471","partner_web":"https:\/\/www.ilpelagone.com","partner_mail":"segreteria@golfclubtoscana.com","partner_spielbahnen_par":"18\/71","partner_laenge":"","partner_bedingungen":"GS k\u00f6nnen im Juli und August nicht eingel\u00f6st werden.\r\nvouchers cannot be redeemed in July and August","partner_anfahrt":"","partner_misc":null,"additional_css_classes":""},"yoast_head":"<!-- This site is optimized with the Yoast SEO plugin v26.8 - https:\/\/yoast.com\/product\/yoast-seo-wordpress\/ -->\n<title>GC Toscana im Golfresort Il Pelagone - Fairway 2 Hotel<\/title>\n<meta name=\"robots\" content=\"index, follow, max-snippet:-1, max-image-preview:large, max-video-preview:-1\" \/>\n<link rel=\"canonical\" href=\"https:\/\/fairway2hotel.at\/en\/golfclubs\/italien\/gc-toscana\/\" \/>\n<meta property=\"og:locale\" content=\"en_US\" \/>\n<meta property=\"og:type\" content=\"article\" \/>\n<meta property=\"og:title\" content=\"GC Toscana im Golfresort Il Pelagone - Fairway 2 Hotel\" \/>\n<meta property=\"og:description\" content=\"Il Pelagone, ein\u00a0Golferparadies! Eingebettet in perfekter Harmonie zu idyllischen Olivenhainen, Palmen und Zypressen empf\u00e4ngt Sie der 18-Loch Golfplatz, der von dem bekannten britischen Designer Keith Preston entworfen wurde. Breits vier Jahre nach der Einweihung wurde der anspruchsvolle Platz 2003 als einer der zehn besten Golfpl\u00e4tze Italiens ausgezeichnet. Mit internationalem Standard, Golfschule, gro\u00dfz\u00fcgiger Driving Range, Putting [&hellip;]\" \/>\n<meta property=\"og:url\" content=\"https:\/\/fairway2hotel.at\/en\/golfclubs\/italien\/gc-toscana\/\" \/>\n<meta property=\"og:site_name\" content=\"Fairway 2 Hotel\" \/>\n<meta property=\"article:modified_time\" content=\"2025-09-01T07:31:21+00:00\" \/>\n<meta name=\"twitter:card\" content=\"summary_large_image\" \/>\n<meta name=\"twitter:label1\" content=\"Est. reading time\" \/>\n\t<meta name=\"twitter:data1\" content=\"2 minutes\" \/>\n<script type=\"application\/ld+json\" class=\"yoast-schema-graph\">{\"@context\":\"https:\/\/schema.org\",\"@graph\":[{\"@type\":\"WebPage\",\"@id\":\"https:\/\/fairway2hotel.at\/en\/golfclubs\/italien\/gc-toscana\/\",\"url\":\"https:\/\/fairway2hotel.at\/en\/golfclubs\/italien\/gc-toscana\/\",\"name\":\"GC Toscana im Golfresort Il Pelagone - Fairway 2 Hotel\",\"isPartOf\":{\"@id\":\"https:\/\/fairway2hotel.at\/en\/#website\"},\"datePublished\":\"2022-10-12T11:30:30+00:00\",\"dateModified\":\"2025-09-01T07:31:21+00:00\",\"breadcrumb\":{\"@id\":\"https:\/\/fairway2hotel.at\/en\/golfclubs\/italien\/gc-toscana\/#breadcrumb\"},\"inLanguage\":\"en-US\",\"potentialAction\":[{\"@type\":\"ReadAction\",\"target\":[\"https:\/\/fairway2hotel.at\/en\/golfclubs\/italien\/gc-toscana\/\"]}]},{\"@type\":\"BreadcrumbList\",\"@id\":\"https:\/\/fairway2hotel.at\/en\/golfclubs\/italien\/gc-toscana\/#breadcrumb\",\"itemListElement\":[{\"@type\":\"ListItem\",\"position\":1,\"name\":\"Home\",\"item\":\"https:\/\/fairway2hotel.at\/en\/\"},{\"@type\":\"ListItem\",\"position\":2,\"name\":\"Golfclubs\",\"item\":\"https:\/\/fairway2hotel.at\/en\/golfclubs\/\"},{\"@type\":\"ListItem\",\"position\":3,\"name\":\"Golfclubs Italien\",\"item\":\"https:\/\/fairway2hotel.at\/en\/golfclubs\/italien\/\"},{\"@type\":\"ListItem\",\"position\":4,\"name\":\"GC Toscana im Golfresort Il Pelagone\"}]},{\"@type\":\"WebSite\",\"@id\":\"https:\/\/fairway2hotel.at\/en\/#website\",\"url\":\"https:\/\/fairway2hotel.at\/en\/\",\"name\":\"Fairway 2 Hotel\",\"description\":\"Golf at half price! 2 play - 1 pays\",\"potentialAction\":[{\"@type\":\"SearchAction\",\"target\":{\"@type\":\"EntryPoint\",\"urlTemplate\":\"https:\/\/fairway2hotel.at\/en\/?s={search_term_string}\"},\"query-input\":{\"@type\":\"PropertyValueSpecification\",\"valueRequired\":true,\"valueName\":\"search_term_string\"}}],\"inLanguage\":\"en-US\"}]}<\/script>\n<!-- \/ Yoast SEO plugin. -->","yoast_head_json":{"title":"GC Toscana im Golfresort Il Pelagone - Fairway 2 Hotel","robots":{"index":"index","follow":"follow","max-snippet":"max-snippet:-1","max-image-preview":"max-image-preview:large","max-video-preview":"max-video-preview:-1"},"canonical":"https:\/\/fairway2hotel.at\/en\/golfclubs\/italien\/gc-toscana\/","og_locale":"en_US","og_type":"article","og_title":"GC Toscana im Golfresort Il Pelagone - Fairway 2 Hotel","og_description":"Il Pelagone, ein\u00a0Golferparadies! Eingebettet in perfekter Harmonie zu idyllischen Olivenhainen, Palmen und Zypressen empf\u00e4ngt Sie der 18-Loch Golfplatz, der von dem bekannten britischen Designer Keith Preston entworfen wurde. Breits vier Jahre nach der Einweihung wurde der anspruchsvolle Platz 2003 als einer der zehn besten Golfpl\u00e4tze Italiens ausgezeichnet. Mit internationalem Standard, Golfschule, gro\u00dfz\u00fcgiger Driving Range, Putting [&hellip;]","og_url":"https:\/\/fairway2hotel.at\/en\/golfclubs\/italien\/gc-toscana\/","og_site_name":"Fairway 2 Hotel","article_modified_time":"2025-09-01T07:31:21+00:00","twitter_card":"summary_large_image","twitter_misc":{"Est. reading time":"2 minutes"},"schema":{"@context":"https:\/\/schema.org","@graph":[{"@type":"WebPage","@id":"https:\/\/fairway2hotel.at\/en\/golfclubs\/italien\/gc-toscana\/","url":"https:\/\/fairway2hotel.at\/en\/golfclubs\/italien\/gc-toscana\/","name":"GC Toscana im Golfresort Il Pelagone - Fairway 2 Hotel","isPartOf":{"@id":"https:\/\/fairway2hotel.at\/en\/#website"},"datePublished":"2022-10-12T11:30:30+00:00","dateModified":"2025-09-01T07:31:21+00:00","breadcrumb":{"@id":"https:\/\/fairway2hotel.at\/en\/golfclubs\/italien\/gc-toscana\/#breadcrumb"},"inLanguage":"en-US","potentialAction":[{"@type":"ReadAction","target":["https:\/\/fairway2hotel.at\/en\/golfclubs\/italien\/gc-toscana\/"]}]},{"@type":"BreadcrumbList","@id":"https:\/\/fairway2hotel.at\/en\/golfclubs\/italien\/gc-toscana\/#breadcrumb","itemListElement":[{"@type":"ListItem","position":1,"name":"Home","item":"https:\/\/fairway2hotel.at\/en\/"},{"@type":"ListItem","position":2,"name":"Golfclubs","item":"https:\/\/fairway2hotel.at\/en\/golfclubs\/"},{"@type":"ListItem","position":3,"name":"Golfclubs Italien","item":"https:\/\/fairway2hotel.at\/en\/golfclubs\/italien\/"},{"@type":"ListItem","position":4,"name":"GC Toscana im Golfresort Il Pelagone"}]},{"@type":"WebSite","@id":"https:\/\/fairway2hotel.at\/en\/#website","url":"https:\/\/fairway2hotel.at\/en\/","name":"Fairway 2 Hotel","description":"Golf at half price! 2 play - 1 pays","potentialAction":[{"@type":"SearchAction","target":{"@type":"EntryPoint","urlTemplate":"https:\/\/fairway2hotel.at\/en\/?s={search_term_string}"},"query-input":{"@type":"PropertyValueSpecification","valueRequired":true,"valueName":"search_term_string"}}],"inLanguage":"en-US"}]}},"_links":{"self":[{"href":"https:\/\/fairway2hotel.at\/en\/wp-json\/wp\/v2\/pages\/3978","targetHints":{"allow":["GET"]}}],"collection":[{"href":"https:\/\/fairway2hotel.at\/en\/wp-json\/wp\/v2\/pages"}],"about":[{"href":"https:\/\/fairway2hotel.at\/en\/wp-json\/wp\/v2\/types\/page"}],"author":[{"embeddable":true,"href":"https:\/\/fairway2hotel.at\/en\/wp-json\/wp\/v2\/users\/2"}],"replies":[{"embeddable":true,"href":"https:\/\/fairway2hotel.at\/en\/wp-json\/wp\/v2\/comments?post=3978"}],"version-history":[{"count":15,"href":"https:\/\/fairway2hotel.at\/en\/wp-json\/wp\/v2\/pages\/3978\/revisions"}],"predecessor-version":[{"id":49032,"href":"https:\/\/fairway2hotel.at\/en\/wp-json\/wp\/v2\/pages\/3978\/revisions\/49032"}],"up":[{"embeddable":true,"href":"https:\/\/fairway2hotel.at\/en\/wp-json\/wp\/v2\/pages\/1657"}],"acf:attachment":[{"embeddable":true,"href":"https:\/\/fairway2hotel.at\/en\/wp-json\/wp\/v2\/media\/3988"},{"embeddable":true,"href":"https:\/\/fairway2hotel.at\/en\/wp-json\/wp\/v2\/media\/3987"},{"embeddable":true,"href":"https:\/\/fairway2hotel.at\/en\/wp-json\/wp\/v2\/media\/3986"},{"embeddable":true,"href":"https:\/\/fairway2hotel.at\/en\/wp-json\/wp\/v2\/media\/3985"}],"wp:attachment":[{"href":"https:\/\/fairway2hotel.at\/en\/wp-json\/wp\/v2\/media?parent=3978"}],"curies":[{"name":"wp","href":"https:\/\/api.w.org\/{rel}","templated":true}]}}