{"id":41693,"date":"2024-04-27T10:34:48","date_gmt":"2024-04-27T08:34:48","guid":{"rendered":"https:\/\/fairway2hotel.at\/golfclubs\/deutschland\/golfplatz-lederbach-copy\/"},"modified":"2026-02-05T17:17:43","modified_gmt":"2026-02-05T16:17:43","slug":"gc-bad-griesbach-porsche-golf-course","status":"publish","type":"page","link":"https:\/\/fairway2hotel.at\/en\/golfclubs\/deutschland\/gc-bad-griesbach-porsche-golf-course\/","title":{"rendered":"GC Bad Griesbach \u2013 Porsche Golf Course"},"content":{"rendered":"<h2>Porsche Golf Course-designed by Bernhard Langer<\/h2>\n<p>Der direkt neben dem Beckenbauer Golf Course gelegene <strong>Porsche Golf Course<\/strong> ist in sportlicher Hinsicht der kleinere Bruder des European Tour erprobten Championship Courses und damit eine perfekte Erg\u00e4nzung. Das Design des Par 71-Kurses stammt ebenfalls von Deutschlands Weltklassegolfer Bernhard Langer und weist vergleichbare Grundz\u00fcge auf, wurde aber mehr auf die Bed\u00fcrfnisse von Freizeitspielern hin ausgerichtet. Das Gel\u00e4nde ist flach, die 18 Bahnen f\u00fchren in einer Mischung aus kurzen und l\u00e4ngeren L\u00f6chern durch die Auenlandschaft des Fl\u00fcsschens Rott, die an einigen Stellen ins Layout integriert werden konnte. Mit 65 Hektar ist der Porsche Golf Course von der Fl\u00e4che her etwas kompakter als der Beckenbauer Golf Course, mit seinen sanft ondulierten Fairways und dem gewachsenen alten Baumbestand optisch auch gef\u00e4lliger als der offenere Nachbarplatz. Breitere Fairways, weniger seitliche Flutmulden und in Relation k\u00fcrzere Bahnen machen den Porsche Golf Course auch angenehmer und insgesamt etwas einfacher zu spielen. An spieltechnischem Anspruch und guten Golfbahnen allerdings mangelt es dem fairen, f\u00fcr alle Handicapklassen geeignetem und gut zu begehenden Platz jedoch keinesfalls.<\/p>\n<p>Besonders einpr\u00e4gsam etwa sind Loch 4, ein langes Par 4-Dogleg links entlang der Rott mit einem schwierigen zweiten Schlag auf ein Gr\u00fcn, vor dem frontal ein Bach verl\u00e4uft, Loch 13, ein Par 3 mit Halbinselgr\u00fcn, und das starke Finale der Bahnen 16 bis 18, bei dem st\u00e4ndig Wasser ins Spiel kommt: Ob beim Drive an Bahn 16, einem 90-Grad-Dogleg um einen Teich herum, dem Teeshot an der 17 auf das vom selben Teich gesch\u00fctzte Gr\u00fcn oder der Ann\u00e4herung am Schlussloch auf ein Gr\u00fcn, vor dem wiederum ein Teich liegt.<\/p>\n<p>Auf dem Porsche Golf Course sind ab 15 Uhr Hunde \u2013 an der Leine \u2013 erlaubt.<\/p>\n<h2>Porsche Golf Course-designed by Bernhard Langer<\/h2>\n<p>Located directly next to the Beckenbauer Golf Course, the Porsche Golf Course is the smaller brother of the European Tour-tested Championship Course in sporting terms and therefore a perfect addition. The design of the par 71 course was also created by Germany&#8217;s world-class golfer Bernhard Langer and has similar basic features, but was geared more towards the needs of recreational players. The terrain is flat and the 18 holes are a mixture of short and longer holes through the floodplain landscape of the River Rott, which has been integrated into the layout in some places. At 65 hectares, the Porsche Golf Course is somewhat more compact than the Beckenbauer Golf Course, and with its gently undulating fairways and mature trees, it is also visually more pleasing than its more open neighbour. Wider fairways, fewer lateral flood depressions and relatively shorter fairways also make the Porsche Golf Course more pleasant and somewhat easier to play overall. However, the fair course, which is suitable for all handicap classes and easy to walk, is by no means lacking in technical challenges and good golf holes.<\/p>\n<p>Particularly memorable are hole 4, a long par 4 dogleg left along the river Rott with a difficult second shot onto a green with a stream running in front of it, hole 13, a par 3 with a peninsula green, and the strong finale of holes 16 to 18, where water constantly comes into play: whether on the drive on hole 16, a 90-degree dogleg around a pond, the teeshot on 17 onto the green protected by the same pond or the approach on the final hole onto a green with another pond in front of it.<\/p>\n<p>Dogs &#8211; on a lead &#8211; are allowed on the Porsche Golf Course from 3 pm.<\/p>\n","protected":false},"excerpt":{"rendered":"<p>Porsche Golf Course-designed by Bernhard Langer Der direkt neben dem Beckenbauer Golf Course gelegene Porsche Golf Course ist in sportlicher Hinsicht der kleinere Bruder des European Tour erprobten Championship Courses und damit eine perfekte Erg\u00e4nzung. Das Design des Par 71-Kurses stammt ebenfalls von Deutschlands Weltklassegolfer Bernhard Langer und weist vergleichbare Grundz\u00fcge auf, wurde aber mehr [&hellip;]<\/p>\n","protected":false},"author":24,"featured_media":0,"parent":1607,"menu_order":30,"comment_status":"closed","ping_status":"closed","template":"page-partner.php","meta":{"_acf_changed":false,"footnotes":""},"class_list":["post-41693","page","type-page","status-publish","hentry"],"acf":{"partner_infobox":"<strong>Adresse:<\/strong>Lederbach, D-94086 Bad Griesbach i. Rottal\r\n\r\n<strong>Tel:\u00a0<\/strong>+49 8532\/31 35\r\n\r\n<strong>Fax:\u00a0<\/strong>+49 8532\/92 00 95\r\n\r\n<strong>Web: <\/strong><a href=\"https:\/\/www.quellness-golf.com\/golf\/golfplaetze\/golfplatz-lederbach\/\" target=\"_blank\" rel=\"nofollow noopener noreferrer\">www.quellness-golf.com\/golfplatz-lederbach<\/a>\r\n\r\n<strong>E-Mail:<\/strong> <a href=\"mailto:gplederbach@quellness-golf.com\">gplederbach@quellness-golf.com<\/a>\r\n\r\n<strong>Spielbahnen\/Par: <\/strong>18\/71\r\n\r\n<strong>La\u0308nge: <\/strong>gelb: 5.699 m\/rot: 5.091 m\r\n\r\n<em><strong>Bedingungen:\r\n<\/strong>GS gelten MO\u2013DO (ausgen. Ftg.) ab 12 Uhr.<\/em>\r\n\r\n<strong>Anfahrt:\r\n<\/strong>von Linz: Passau \u2192 Suben \u2192 A3 \u2192 Pocking, rechts \u2192 B512 \u2192 auf B388 \u2192 Bad Griesbach \u2192 rechts Bad Griesbach\/ Vilshofen \u2192 Beschilderung folgen","partner_logo":1349,"partner_gallery":[41700,41702,41710,41712,41714,41708,41704,41706],"partner_lat":48.40921140878591,"partner_long":13.193569341281076,"partner_type":"golfclub","partner_openings":["1","2","3","4","7"],"montag_von_bis":"14:30 - 24:00","dienstag_von_bis":"14:30 - 24:00","mittwoch_von_bis":"14:30 - 24:00","donnerstag_von_bis":"14:30 - 24:00","freitag_von_bis":"00:00 - 24:00","samstag_von_bis":"00:00 - 24:00","sonntag_von_bis":"14:30 - 24:00","partner_adresse":"An der Rottwiese 1, 94094 Rotthalm\u00fcnster","partner_land_bundesland":"Deutschland","partner_tel_1":"0049 8532 92440","partner_tel_2":"","partner_web":"https:\/\/www.quellness-golf.com\/golfwelt\/golfplaetze\/porsche-golf-course\/","partner_mail":"gppenning@quellness-golf.com","partner_spielbahnen_par":"18\/71","partner_laenge":"gelb: 5.690 m\/rot: 4920 m","partner_bedingungen":"GS gelten SO\u2013DO (ausgen. Ftg.) ab 14.30 Uhr zum Preis von \u20ac 105,--\r\nvouchers valid Sun-Thu (except holidays) from 2.30 pm at a price of \u20ac 105,--\r\n","partner_anfahrt":"von Linz: Passau \u2192 Suben \u2192 A3 \u2192 Pocking, rechts \u2192 B512 \u2192 auf B388 \u2192 Bad Griesbach \u2192 rechts Bad Griesbach\/ Vilshofen \u2192 Beschilderung folgen","partner_misc":null,"additional_css_classes":""},"yoast_head":"<!-- This site is optimized with the Yoast SEO plugin v26.8 - https:\/\/yoast.com\/product\/yoast-seo-wordpress\/ -->\n<title>GC Bad Griesbach \u2013 Porsche Golf Course - Fairway 2 Hotel<\/title>\n<meta name=\"robots\" content=\"index, follow, max-snippet:-1, max-image-preview:large, max-video-preview:-1\" \/>\n<link rel=\"canonical\" href=\"https:\/\/fairway2hotel.at\/en\/golfclubs\/deutschland\/gc-bad-griesbach-porsche-golf-course\/\" \/>\n<meta property=\"og:locale\" content=\"en_US\" \/>\n<meta property=\"og:type\" content=\"article\" \/>\n<meta property=\"og:title\" content=\"GC Bad Griesbach \u2013 Porsche Golf Course - Fairway 2 Hotel\" \/>\n<meta property=\"og:description\" content=\"Porsche Golf Course-designed by Bernhard Langer Der direkt neben dem Beckenbauer Golf Course gelegene Porsche Golf Course ist in sportlicher Hinsicht der kleinere Bruder des European Tour erprobten Championship Courses und damit eine perfekte Erg\u00e4nzung. Das Design des Par 71-Kurses stammt ebenfalls von Deutschlands Weltklassegolfer Bernhard Langer und weist vergleichbare Grundz\u00fcge auf, wurde aber mehr [&hellip;]\" \/>\n<meta property=\"og:url\" content=\"https:\/\/fairway2hotel.at\/en\/golfclubs\/deutschland\/gc-bad-griesbach-porsche-golf-course\/\" \/>\n<meta property=\"og:site_name\" content=\"Fairway 2 Hotel\" \/>\n<meta property=\"article:modified_time\" content=\"2026-02-05T16:17:43+00:00\" \/>\n<meta name=\"twitter:card\" content=\"summary_large_image\" \/>\n<meta name=\"twitter:label1\" content=\"Est. reading time\" \/>\n\t<meta name=\"twitter:data1\" content=\"4 minutes\" \/>\n<script type=\"application\/ld+json\" class=\"yoast-schema-graph\">{\"@context\":\"https:\/\/schema.org\",\"@graph\":[{\"@type\":\"WebPage\",\"@id\":\"https:\/\/fairway2hotel.at\/en\/golfclubs\/deutschland\/gc-bad-griesbach-porsche-golf-course\/\",\"url\":\"https:\/\/fairway2hotel.at\/en\/golfclubs\/deutschland\/gc-bad-griesbach-porsche-golf-course\/\",\"name\":\"GC Bad Griesbach \u2013 Porsche Golf Course - Fairway 2 Hotel\",\"isPartOf\":{\"@id\":\"https:\/\/fairway2hotel.at\/en\/#website\"},\"datePublished\":\"2024-04-27T08:34:48+00:00\",\"dateModified\":\"2026-02-05T16:17:43+00:00\",\"breadcrumb\":{\"@id\":\"https:\/\/fairway2hotel.at\/en\/golfclubs\/deutschland\/gc-bad-griesbach-porsche-golf-course\/#breadcrumb\"},\"inLanguage\":\"en-US\",\"potentialAction\":[{\"@type\":\"ReadAction\",\"target\":[\"https:\/\/fairway2hotel.at\/en\/golfclubs\/deutschland\/gc-bad-griesbach-porsche-golf-course\/\"]}]},{\"@type\":\"BreadcrumbList\",\"@id\":\"https:\/\/fairway2hotel.at\/en\/golfclubs\/deutschland\/gc-bad-griesbach-porsche-golf-course\/#breadcrumb\",\"itemListElement\":[{\"@type\":\"ListItem\",\"position\":1,\"name\":\"Home\",\"item\":\"https:\/\/fairway2hotel.at\/en\/\"},{\"@type\":\"ListItem\",\"position\":2,\"name\":\"Golfclubs\",\"item\":\"https:\/\/fairway2hotel.at\/en\/golfclubs\/\"},{\"@type\":\"ListItem\",\"position\":3,\"name\":\"Golfclubs Deutschland\",\"item\":\"https:\/\/fairway2hotel.at\/en\/golfclubs\/deutschland\/\"},{\"@type\":\"ListItem\",\"position\":4,\"name\":\"GC Bad Griesbach \u2013 Porsche Golf Course\"}]},{\"@type\":\"WebSite\",\"@id\":\"https:\/\/fairway2hotel.at\/en\/#website\",\"url\":\"https:\/\/fairway2hotel.at\/en\/\",\"name\":\"Fairway 2 Hotel\",\"description\":\"Golf at half price! 2 play - 1 pays\",\"potentialAction\":[{\"@type\":\"SearchAction\",\"target\":{\"@type\":\"EntryPoint\",\"urlTemplate\":\"https:\/\/fairway2hotel.at\/en\/?s={search_term_string}\"},\"query-input\":{\"@type\":\"PropertyValueSpecification\",\"valueRequired\":true,\"valueName\":\"search_term_string\"}}],\"inLanguage\":\"en-US\"}]}<\/script>\n<!-- \/ Yoast SEO plugin. -->","yoast_head_json":{"title":"GC Bad Griesbach \u2013 Porsche Golf Course - Fairway 2 Hotel","robots":{"index":"index","follow":"follow","max-snippet":"max-snippet:-1","max-image-preview":"max-image-preview:large","max-video-preview":"max-video-preview:-1"},"canonical":"https:\/\/fairway2hotel.at\/en\/golfclubs\/deutschland\/gc-bad-griesbach-porsche-golf-course\/","og_locale":"en_US","og_type":"article","og_title":"GC Bad Griesbach \u2013 Porsche Golf Course - Fairway 2 Hotel","og_description":"Porsche Golf Course-designed by Bernhard Langer Der direkt neben dem Beckenbauer Golf Course gelegene Porsche Golf Course ist in sportlicher Hinsicht der kleinere Bruder des European Tour erprobten Championship Courses und damit eine perfekte Erg\u00e4nzung. Das Design des Par 71-Kurses stammt ebenfalls von Deutschlands Weltklassegolfer Bernhard Langer und weist vergleichbare Grundz\u00fcge auf, wurde aber mehr [&hellip;]","og_url":"https:\/\/fairway2hotel.at\/en\/golfclubs\/deutschland\/gc-bad-griesbach-porsche-golf-course\/","og_site_name":"Fairway 2 Hotel","article_modified_time":"2026-02-05T16:17:43+00:00","twitter_card":"summary_large_image","twitter_misc":{"Est. reading time":"4 minutes"},"schema":{"@context":"https:\/\/schema.org","@graph":[{"@type":"WebPage","@id":"https:\/\/fairway2hotel.at\/en\/golfclubs\/deutschland\/gc-bad-griesbach-porsche-golf-course\/","url":"https:\/\/fairway2hotel.at\/en\/golfclubs\/deutschland\/gc-bad-griesbach-porsche-golf-course\/","name":"GC Bad Griesbach \u2013 Porsche Golf Course - Fairway 2 Hotel","isPartOf":{"@id":"https:\/\/fairway2hotel.at\/en\/#website"},"datePublished":"2024-04-27T08:34:48+00:00","dateModified":"2026-02-05T16:17:43+00:00","breadcrumb":{"@id":"https:\/\/fairway2hotel.at\/en\/golfclubs\/deutschland\/gc-bad-griesbach-porsche-golf-course\/#breadcrumb"},"inLanguage":"en-US","potentialAction":[{"@type":"ReadAction","target":["https:\/\/fairway2hotel.at\/en\/golfclubs\/deutschland\/gc-bad-griesbach-porsche-golf-course\/"]}]},{"@type":"BreadcrumbList","@id":"https:\/\/fairway2hotel.at\/en\/golfclubs\/deutschland\/gc-bad-griesbach-porsche-golf-course\/#breadcrumb","itemListElement":[{"@type":"ListItem","position":1,"name":"Home","item":"https:\/\/fairway2hotel.at\/en\/"},{"@type":"ListItem","position":2,"name":"Golfclubs","item":"https:\/\/fairway2hotel.at\/en\/golfclubs\/"},{"@type":"ListItem","position":3,"name":"Golfclubs Deutschland","item":"https:\/\/fairway2hotel.at\/en\/golfclubs\/deutschland\/"},{"@type":"ListItem","position":4,"name":"GC Bad Griesbach \u2013 Porsche Golf Course"}]},{"@type":"WebSite","@id":"https:\/\/fairway2hotel.at\/en\/#website","url":"https:\/\/fairway2hotel.at\/en\/","name":"Fairway 2 Hotel","description":"Golf at half price! 2 play - 1 pays","potentialAction":[{"@type":"SearchAction","target":{"@type":"EntryPoint","urlTemplate":"https:\/\/fairway2hotel.at\/en\/?s={search_term_string}"},"query-input":{"@type":"PropertyValueSpecification","valueRequired":true,"valueName":"search_term_string"}}],"inLanguage":"en-US"}]}},"_links":{"self":[{"href":"https:\/\/fairway2hotel.at\/en\/wp-json\/wp\/v2\/pages\/41693","targetHints":{"allow":["GET"]}}],"collection":[{"href":"https:\/\/fairway2hotel.at\/en\/wp-json\/wp\/v2\/pages"}],"about":[{"href":"https:\/\/fairway2hotel.at\/en\/wp-json\/wp\/v2\/types\/page"}],"author":[{"embeddable":true,"href":"https:\/\/fairway2hotel.at\/en\/wp-json\/wp\/v2\/users\/24"}],"replies":[{"embeddable":true,"href":"https:\/\/fairway2hotel.at\/en\/wp-json\/wp\/v2\/comments?post=41693"}],"version-history":[{"count":8,"href":"https:\/\/fairway2hotel.at\/en\/wp-json\/wp\/v2\/pages\/41693\/revisions"}],"predecessor-version":[{"id":52553,"href":"https:\/\/fairway2hotel.at\/en\/wp-json\/wp\/v2\/pages\/41693\/revisions\/52553"}],"up":[{"embeddable":true,"href":"https:\/\/fairway2hotel.at\/en\/wp-json\/wp\/v2\/pages\/1607"}],"acf:attachment":[{"embeddable":true,"href":"https:\/\/fairway2hotel.at\/en\/wp-json\/wp\/v2\/media\/41706"},{"embeddable":true,"href":"https:\/\/fairway2hotel.at\/en\/wp-json\/wp\/v2\/media\/41704"},{"embeddable":true,"href":"https:\/\/fairway2hotel.at\/en\/wp-json\/wp\/v2\/media\/41708"},{"embeddable":true,"href":"https:\/\/fairway2hotel.at\/en\/wp-json\/wp\/v2\/media\/41714"},{"embeddable":true,"href":"https:\/\/fairway2hotel.at\/en\/wp-json\/wp\/v2\/media\/41712"},{"embeddable":true,"href":"https:\/\/fairway2hotel.at\/en\/wp-json\/wp\/v2\/media\/41710"},{"embeddable":true,"href":"https:\/\/fairway2hotel.at\/en\/wp-json\/wp\/v2\/media\/41702"},{"embeddable":true,"href":"https:\/\/fairway2hotel.at\/en\/wp-json\/wp\/v2\/media\/41700"}],"wp:attachment":[{"href":"https:\/\/fairway2hotel.at\/en\/wp-json\/wp\/v2\/media?parent=41693"}],"curies":[{"name":"wp","href":"https:\/\/api.w.org\/{rel}","templated":true}]}}