{"id":41719,"date":"2024-04-27T11:36:58","date_gmt":"2024-04-27T09:36:58","guid":{"rendered":"https:\/\/fairway2hotel.at\/golfclubs\/deutschland\/gc-bad-griesbach-porsche-golf-course-copy\/"},"modified":"2026-02-27T09:24:09","modified_gmt":"2026-02-27T08:24:09","slug":"gc-bad-griesbach-golfplatz-uttlau","status":"publish","type":"page","link":"https:\/\/fairway2hotel.at\/en\/golfclubs\/deutschland\/gc-bad-griesbach-golfplatz-uttlau\/","title":{"rendered":"GC Bad Griesbach \u2013 Golfplatz Uttlau"},"content":{"rendered":"<h2>Golfplatz Uttlau-designed by Kurt Rossknecht<\/h2>\n<p>Ein kleines Dorf mit Kirche und Gutshof, idyllisch eingebettet in eine Landschaft mit sanften H\u00fcgeln, Feldern, Obstb\u00e4umen, Teichen und dar\u00fcber an sonnigen Tagen der wei\u00df-blaue Himmel \u2013 wer ein typisch bayerisches Ambiente sch\u00e4tzt, der wird vom St. Wolfgang Golfplatz Uttlau begeistert sein. Der deutsche Golfplatzarchitekt Kurt Rossknecht war es ebenso, als er in diese bayerische Postkartenlandschaft 18 L\u00f6cher hinein zeichnen durfte.<\/p>\n<p>Nach seinen Designvorgaben entstand ein harmonisch ins Gel\u00e4nde eingepasster, sportlich anspruchsvoller, aber stets gut spielbarer Platz, bei dem Golfer aller Spielst\u00e4rken auf ihre Kosten kommen. Der Bahnenverlauf f\u00fchrt in zwei 9-Loch-Schleifen \u00fcber einen H\u00f6henr\u00fccken, ansteigende Fairways mit gelegentlichen Schr\u00e4glagen, erh\u00f6hte Greens und Abschl\u00e4ge ins Tal wechseln sich ab mit flacheren Spielbahnen in der Ebene, bei denen Schl\u00e4ge \u00fcber Wasserhindernisse auf gro\u00dfz\u00fcgig dimensionierte, ondulierte Gr\u00fcns zu meistern sind.<\/p>\n<p>Neben der sportlichen Challenge einiger herausragender Golfl\u00f6cher besticht der St. Wolfgang Golfplatz Uttlau auch mit seinen sch\u00f6nen Aussichten: St\u00e4ndig im Blick der Spieler bleibt das Dorf Uttlau mit dem Gutshof, ein liebevoll renovierter, \u00fcber 400 Jahre alter Vierseithof, der im Innenraum das wohl sch\u00f6nste \u201e19. Loch\u201c Bayerns beinhaltet.<\/p>\n<p>Bedingt durch das markantere Gel\u00e4ndeprofil hat der interessante, aber stets faire Golfplatz seine sportlichen H\u00f6hepunkte auf den zweiten neun L\u00f6chern. An Loch zehn geht es hinauf zum h\u00f6chsten Punkt des Gel\u00e4ndes, wo man, nachdem man ein Par 3 von 150 Metern \u00fcber eine Senke bew\u00e4ltigt hat, an Bahn 12 von einem erh\u00f6hten Tee weit hinunter in die Ebene schl\u00e4gt. Auch die Ann\u00e4herung an diesem Par 5 auf ein von Teichen gut besch\u00fctztes Gr\u00fcn verlangt \u00e4u\u00dferste Pr\u00e4zision.<\/p>\n<p>Sehr anspruchsvoll ist auch Loch 15, ein langgestrecktes Dogleg links \u00fcber einen H\u00f6henr\u00fccken auf ein in der Senke angelegtes Gr\u00fcn. Und auch der Schluss der Runde hat es in sich: Der dritte Schlag an diesem Par 5 f\u00fchrt auf ein kleines, frontal von Wasser besch\u00fctztes Gr\u00fcn \u2013 mitten in den Ort hinein, wo im Biergarten des Gutshofes als Lohn der M\u00fchen eine leckere Brotzeit wartet.<\/p>\n<h2>Uttlau golf course-designed byKurt Rossknecht<\/h2>\n<p>A small village with a church and manor house, idyllically nestled in a landscape of rolling hills, fields, fruit trees, ponds and, on sunny days, the white-blue sky above &#8211; anyone who appreciates a typical Bavarian ambience will be delighted with the St. Wolfgang Golf Course Uttlau. The German golf course architect Kurt Rossknecht was equally delighted when he was allowed to draw 18 holes in this Bavarian postcard landscape.<\/p>\n<p>His design specifications resulted in a course that blends harmoniously into the terrain, is challenging but always easy to play and offers golfers of all abilities plenty to enjoy. The course runs in two 9-hole loops over a ridge, with rising fairways with occasional slopes, elevated greens and tee shots into the valley alternating with flatter fairways on the plain, where shots over water hazards on generously dimensioned, undulating greens have to be mastered.<\/p>\n<p>In addition to the sporting challenge of some outstanding golf holes, the St. Wolfgang Golf Course Uttlau also impresses with its beautiful views: The village of Uttlau with its manor house, a lovingly renovated, over 400-year-old four-sided farmhouse, which contains what is probably the most beautiful \u201819th hole\u2019 in Bavaria, remains constantly in view of the players.<\/p>\n<p>Due to the more distinctive terrain profile, the interesting but always fair golf course has its sporting highlights on the second nine holes. Hole ten takes you up to the highest point of the terrain, where, after negotiating a par 3 of 150 metres over a hollow, you hit from an elevated tee on hole 12 far down into the plain. The approach to this par 5 to a green well protected by ponds also requires extreme precision.<\/p>\n<p>Hole 15 is also very demanding, a long dogleg left over a ridge to a green in a hollow. The third shot on this par 5 leads to a small green protected by water at the front &#8211; right into the centre of the village, where a tasty snack awaits in the beer garden of the estate as a reward for your efforts.<\/p>\n","protected":false},"excerpt":{"rendered":"<p>Golfplatz Uttlau-designed by Kurt Rossknecht Ein kleines Dorf mit Kirche und Gutshof, idyllisch eingebettet in eine Landschaft mit sanften H\u00fcgeln, Feldern, Obstb\u00e4umen, Teichen und dar\u00fcber an sonnigen Tagen der wei\u00df-blaue Himmel \u2013 wer ein typisch bayerisches Ambiente sch\u00e4tzt, der wird vom St. Wolfgang Golfplatz Uttlau begeistert sein. Der deutsche Golfplatzarchitekt Kurt Rossknecht war es ebenso, [&hellip;]<\/p>\n","protected":false},"author":24,"featured_media":0,"parent":1607,"menu_order":30,"comment_status":"closed","ping_status":"closed","template":"page-partner.php","meta":{"_acf_changed":false,"footnotes":""},"class_list":["post-41719","page","type-page","status-publish","hentry"],"acf":{"partner_infobox":"<strong>Adresse:<\/strong>Lederbach, D-94086 Bad Griesbach i. Rottal\r\n\r\n<strong>Tel:\u00a0<\/strong>+49 8532\/31 35\r\n\r\n<strong>Fax:\u00a0<\/strong>+49 8532\/92 00 95\r\n\r\n<strong>Web: <\/strong><a href=\"https:\/\/www.quellness-golf.com\/golf\/golfplaetze\/golfplatz-lederbach\/\" target=\"_blank\" rel=\"nofollow noopener noreferrer\">www.quellness-golf.com\/golfplatz-lederbach<\/a>\r\n\r\n<strong>E-Mail:<\/strong> <a href=\"mailto:gplederbach@quellness-golf.com\">gplederbach@quellness-golf.com<\/a>\r\n\r\n<strong>Spielbahnen\/Par: <\/strong>18\/71\r\n\r\n<strong>La\u0308nge: <\/strong>gelb: 5.699 m\/rot: 5.091 m\r\n\r\n<em><strong>Bedingungen:\r\n<\/strong>GS gelten MO\u2013DO (ausgen. Ftg.) ab 12 Uhr.<\/em>\r\n\r\n<strong>Anfahrt:\r\n<\/strong>von Linz: Passau \u2192 Suben \u2192 A3 \u2192 Pocking, rechts \u2192 B512 \u2192 auf B388 \u2192 Bad Griesbach \u2192 rechts Bad Griesbach\/ Vilshofen \u2192 Beschilderung folgen","partner_logo":1349,"partner_gallery":[41721,41723,41725,41727,41729,41731],"partner_lat":48.48204242294922,"partner_long":13.172822183614658,"partner_type":"golfclub","partner_openings":["1","2","3","4","7"],"montag_von_bis":"14:30 - 24:00","dienstag_von_bis":"14:30 - 24:00","mittwoch_von_bis":"14:30 - 24:00","donnerstag_von_bis":"14:30 - 24:00","freitag_von_bis":"00:00 - 24:00","samstag_von_bis":"00:00 - 24:00","sonntag_von_bis":"14:30 - 24:00","partner_adresse":"Am Dorfplatz 3, 94542 Haarbach","partner_land_bundesland":"Deutschland","partner_tel_1":"0049 8532 18949","partner_tel_2":"","partner_web":"https:\/\/www.quellness-golf.com\/golfwelt\/golfplaetze\/golfplatz-uttlau\/","partner_mail":"gputtlau@quellness-golf.com","partner_spielbahnen_par":"18\/72","partner_laenge":"gelb: 5818 m\/rot: 5074 m","partner_bedingungen":"GS gelten SO\u2013DO (ausgen. Ftg.) ab 14.30 Uhr zum Preis von \u20ac 99,--\r\nvouchers valid Sun-Thu (except holidays) from 2.30 pm at a price of \u20ac 99,--","partner_anfahrt":"von Linz: Passau \u2192 Suben \u2192 A3 \u2192 Pocking, rechts \u2192 B512 \u2192 auf B388 \u2192 Bad Griesbach \u2192 rechts Bad Griesbach\/ Vilshofen \u2192 Beschilderung folgen","partner_misc":null,"additional_css_classes":""},"yoast_head":"<!-- This site is optimized with the Yoast SEO plugin v26.8 - https:\/\/yoast.com\/product\/yoast-seo-wordpress\/ -->\n<title>GC Bad Griesbach \u2013 Golfplatz Uttlau - Fairway 2 Hotel<\/title>\n<meta name=\"robots\" content=\"index, follow, max-snippet:-1, max-image-preview:large, max-video-preview:-1\" \/>\n<link rel=\"canonical\" href=\"https:\/\/fairway2hotel.at\/en\/golfclubs\/deutschland\/gc-bad-griesbach-golfplatz-uttlau\/\" \/>\n<meta property=\"og:locale\" content=\"en_US\" \/>\n<meta property=\"og:type\" content=\"article\" \/>\n<meta property=\"og:title\" content=\"GC Bad Griesbach \u2013 Golfplatz Uttlau - Fairway 2 Hotel\" \/>\n<meta property=\"og:description\" content=\"Golfplatz Uttlau-designed by Kurt Rossknecht Ein kleines Dorf mit Kirche und Gutshof, idyllisch eingebettet in eine Landschaft mit sanften H\u00fcgeln, Feldern, Obstb\u00e4umen, Teichen und dar\u00fcber an sonnigen Tagen der wei\u00df-blaue Himmel \u2013 wer ein typisch bayerisches Ambiente sch\u00e4tzt, der wird vom St. Wolfgang Golfplatz Uttlau begeistert sein. Der deutsche Golfplatzarchitekt Kurt Rossknecht war es ebenso, [&hellip;]\" \/>\n<meta property=\"og:url\" content=\"https:\/\/fairway2hotel.at\/en\/golfclubs\/deutschland\/gc-bad-griesbach-golfplatz-uttlau\/\" \/>\n<meta property=\"og:site_name\" content=\"Fairway 2 Hotel\" \/>\n<meta property=\"article:modified_time\" content=\"2026-02-27T08:24:09+00:00\" \/>\n<meta name=\"twitter:card\" content=\"summary_large_image\" \/>\n<meta name=\"twitter:label1\" content=\"Est. reading time\" \/>\n\t<meta name=\"twitter:data1\" content=\"4 minutes\" \/>\n<script type=\"application\/ld+json\" class=\"yoast-schema-graph\">{\"@context\":\"https:\/\/schema.org\",\"@graph\":[{\"@type\":\"WebPage\",\"@id\":\"https:\/\/fairway2hotel.at\/en\/golfclubs\/deutschland\/gc-bad-griesbach-golfplatz-uttlau\/\",\"url\":\"https:\/\/fairway2hotel.at\/en\/golfclubs\/deutschland\/gc-bad-griesbach-golfplatz-uttlau\/\",\"name\":\"GC Bad Griesbach \u2013 Golfplatz Uttlau - Fairway 2 Hotel\",\"isPartOf\":{\"@id\":\"https:\/\/fairway2hotel.at\/en\/#website\"},\"datePublished\":\"2024-04-27T09:36:58+00:00\",\"dateModified\":\"2026-02-27T08:24:09+00:00\",\"breadcrumb\":{\"@id\":\"https:\/\/fairway2hotel.at\/en\/golfclubs\/deutschland\/gc-bad-griesbach-golfplatz-uttlau\/#breadcrumb\"},\"inLanguage\":\"en-US\",\"potentialAction\":[{\"@type\":\"ReadAction\",\"target\":[\"https:\/\/fairway2hotel.at\/en\/golfclubs\/deutschland\/gc-bad-griesbach-golfplatz-uttlau\/\"]}]},{\"@type\":\"BreadcrumbList\",\"@id\":\"https:\/\/fairway2hotel.at\/en\/golfclubs\/deutschland\/gc-bad-griesbach-golfplatz-uttlau\/#breadcrumb\",\"itemListElement\":[{\"@type\":\"ListItem\",\"position\":1,\"name\":\"Home\",\"item\":\"https:\/\/fairway2hotel.at\/en\/\"},{\"@type\":\"ListItem\",\"position\":2,\"name\":\"Golfclubs\",\"item\":\"https:\/\/fairway2hotel.at\/en\/golfclubs\/\"},{\"@type\":\"ListItem\",\"position\":3,\"name\":\"Golfclubs Deutschland\",\"item\":\"https:\/\/fairway2hotel.at\/en\/golfclubs\/deutschland\/\"},{\"@type\":\"ListItem\",\"position\":4,\"name\":\"GC Bad Griesbach \u2013 Golfplatz Uttlau\"}]},{\"@type\":\"WebSite\",\"@id\":\"https:\/\/fairway2hotel.at\/en\/#website\",\"url\":\"https:\/\/fairway2hotel.at\/en\/\",\"name\":\"Fairway 2 Hotel\",\"description\":\"Golf at half price! 2 play - 1 pays\",\"potentialAction\":[{\"@type\":\"SearchAction\",\"target\":{\"@type\":\"EntryPoint\",\"urlTemplate\":\"https:\/\/fairway2hotel.at\/en\/?s={search_term_string}\"},\"query-input\":{\"@type\":\"PropertyValueSpecification\",\"valueRequired\":true,\"valueName\":\"search_term_string\"}}],\"inLanguage\":\"en-US\"}]}<\/script>\n<!-- \/ Yoast SEO plugin. -->","yoast_head_json":{"title":"GC Bad Griesbach \u2013 Golfplatz Uttlau - Fairway 2 Hotel","robots":{"index":"index","follow":"follow","max-snippet":"max-snippet:-1","max-image-preview":"max-image-preview:large","max-video-preview":"max-video-preview:-1"},"canonical":"https:\/\/fairway2hotel.at\/en\/golfclubs\/deutschland\/gc-bad-griesbach-golfplatz-uttlau\/","og_locale":"en_US","og_type":"article","og_title":"GC Bad Griesbach \u2013 Golfplatz Uttlau - Fairway 2 Hotel","og_description":"Golfplatz Uttlau-designed by Kurt Rossknecht Ein kleines Dorf mit Kirche und Gutshof, idyllisch eingebettet in eine Landschaft mit sanften H\u00fcgeln, Feldern, Obstb\u00e4umen, Teichen und dar\u00fcber an sonnigen Tagen der wei\u00df-blaue Himmel \u2013 wer ein typisch bayerisches Ambiente sch\u00e4tzt, der wird vom St. Wolfgang Golfplatz Uttlau begeistert sein. Der deutsche Golfplatzarchitekt Kurt Rossknecht war es ebenso, [&hellip;]","og_url":"https:\/\/fairway2hotel.at\/en\/golfclubs\/deutschland\/gc-bad-griesbach-golfplatz-uttlau\/","og_site_name":"Fairway 2 Hotel","article_modified_time":"2026-02-27T08:24:09+00:00","twitter_card":"summary_large_image","twitter_misc":{"Est. reading time":"4 minutes"},"schema":{"@context":"https:\/\/schema.org","@graph":[{"@type":"WebPage","@id":"https:\/\/fairway2hotel.at\/en\/golfclubs\/deutschland\/gc-bad-griesbach-golfplatz-uttlau\/","url":"https:\/\/fairway2hotel.at\/en\/golfclubs\/deutschland\/gc-bad-griesbach-golfplatz-uttlau\/","name":"GC Bad Griesbach \u2013 Golfplatz Uttlau - Fairway 2 Hotel","isPartOf":{"@id":"https:\/\/fairway2hotel.at\/en\/#website"},"datePublished":"2024-04-27T09:36:58+00:00","dateModified":"2026-02-27T08:24:09+00:00","breadcrumb":{"@id":"https:\/\/fairway2hotel.at\/en\/golfclubs\/deutschland\/gc-bad-griesbach-golfplatz-uttlau\/#breadcrumb"},"inLanguage":"en-US","potentialAction":[{"@type":"ReadAction","target":["https:\/\/fairway2hotel.at\/en\/golfclubs\/deutschland\/gc-bad-griesbach-golfplatz-uttlau\/"]}]},{"@type":"BreadcrumbList","@id":"https:\/\/fairway2hotel.at\/en\/golfclubs\/deutschland\/gc-bad-griesbach-golfplatz-uttlau\/#breadcrumb","itemListElement":[{"@type":"ListItem","position":1,"name":"Home","item":"https:\/\/fairway2hotel.at\/en\/"},{"@type":"ListItem","position":2,"name":"Golfclubs","item":"https:\/\/fairway2hotel.at\/en\/golfclubs\/"},{"@type":"ListItem","position":3,"name":"Golfclubs Deutschland","item":"https:\/\/fairway2hotel.at\/en\/golfclubs\/deutschland\/"},{"@type":"ListItem","position":4,"name":"GC Bad Griesbach \u2013 Golfplatz Uttlau"}]},{"@type":"WebSite","@id":"https:\/\/fairway2hotel.at\/en\/#website","url":"https:\/\/fairway2hotel.at\/en\/","name":"Fairway 2 Hotel","description":"Golf at half price! 2 play - 1 pays","potentialAction":[{"@type":"SearchAction","target":{"@type":"EntryPoint","urlTemplate":"https:\/\/fairway2hotel.at\/en\/?s={search_term_string}"},"query-input":{"@type":"PropertyValueSpecification","valueRequired":true,"valueName":"search_term_string"}}],"inLanguage":"en-US"}]}},"_links":{"self":[{"href":"https:\/\/fairway2hotel.at\/en\/wp-json\/wp\/v2\/pages\/41719","targetHints":{"allow":["GET"]}}],"collection":[{"href":"https:\/\/fairway2hotel.at\/en\/wp-json\/wp\/v2\/pages"}],"about":[{"href":"https:\/\/fairway2hotel.at\/en\/wp-json\/wp\/v2\/types\/page"}],"author":[{"embeddable":true,"href":"https:\/\/fairway2hotel.at\/en\/wp-json\/wp\/v2\/users\/24"}],"replies":[{"embeddable":true,"href":"https:\/\/fairway2hotel.at\/en\/wp-json\/wp\/v2\/comments?post=41719"}],"version-history":[{"count":9,"href":"https:\/\/fairway2hotel.at\/en\/wp-json\/wp\/v2\/pages\/41719\/revisions"}],"predecessor-version":[{"id":52920,"href":"https:\/\/fairway2hotel.at\/en\/wp-json\/wp\/v2\/pages\/41719\/revisions\/52920"}],"up":[{"embeddable":true,"href":"https:\/\/fairway2hotel.at\/en\/wp-json\/wp\/v2\/pages\/1607"}],"acf:attachment":[{"embeddable":true,"href":"https:\/\/fairway2hotel.at\/en\/wp-json\/wp\/v2\/media\/41731"},{"embeddable":true,"href":"https:\/\/fairway2hotel.at\/en\/wp-json\/wp\/v2\/media\/41729"},{"embeddable":true,"href":"https:\/\/fairway2hotel.at\/en\/wp-json\/wp\/v2\/media\/41727"},{"embeddable":true,"href":"https:\/\/fairway2hotel.at\/en\/wp-json\/wp\/v2\/media\/41725"},{"embeddable":true,"href":"https:\/\/fairway2hotel.at\/en\/wp-json\/wp\/v2\/media\/41723"},{"embeddable":true,"href":"https:\/\/fairway2hotel.at\/en\/wp-json\/wp\/v2\/media\/41721"}],"wp:attachment":[{"href":"https:\/\/fairway2hotel.at\/en\/wp-json\/wp\/v2\/media?parent=41719"}],"curies":[{"name":"wp","href":"https:\/\/api.w.org\/{rel}","templated":true}]}}