{"id":42312,"date":"2024-08-01T14:43:36","date_gmt":"2024-08-01T12:43:36","guid":{"rendered":"https:\/\/fairway2hotel.at\/golfclubs\/oberoesterreich\/golfclub-sonnberg-copy\/"},"modified":"2025-01-15T11:36:00","modified_gmt":"2025-01-15T10:36:00","slug":"gc-pischelsdorf-gut-kaltenhausen","status":"publish","type":"page","link":"https:\/\/fairway2hotel.at\/en\/golfclubs\/oberoesterreich\/gc-pischelsdorf-gut-kaltenhausen\/","title":{"rendered":"GC Pischelsdorf-Gut Kaltenhausen"},"content":{"rendered":"<h2>Ein Juwel im Innviertel<\/h2>\n<p>Der Golfclub Gut Kaltenhausen pr\u00e4sentiert sich als 18 + 6 Loch Anlage, fernab von Siedlungs- und Verkehrsl\u00e4rm auf einem Areal von \u00fcber 50 Hektar in Ober\u00f6sterreich und bietet alles, was das Golferherz begehrt. Eingebettet in eine traumhaft sch\u00f6ne Landschaft und inmitten des Innviertels finden hier Einsteiger und Profis eine Herausforderung der besonderen Art.<\/p>\n<p>Mit diesem anspruchsvollen 18 Loch-Platz pr\u00e4sentiert sich diese Anlage f\u00fcr alle Spieltypen und wurde zu Recht in das f\u00fchrende deutsche Golfmagazin als einer der 20 sch\u00f6nsten Pl\u00e4tze \u00d6sterreichs aufgenommen. Es wurde im Gut Kaltenhausen eine Natur-Golf-Symbiose geschaffen, die alle Sch\u00f6nheiten der Natur vereint.<\/p>\n<h2>A jewel in the Innviertel<\/h2>\n<p>The Gut Kaltenhausen Golf Club presents itself as an 18 + 6 hole course, far away from residential areas and traffic noise on an area of over 50 hectares in Upper Austria and offers everything a golfer&#8217;s heart desires. Embedded in a marvellously beautiful landscape and in the middle of the Innviertel region, beginners and professionals will find a special kind of challenge here.<\/p>\n<p>This demanding 18-hole course is suitable for all types of golfer and was rightly named one of the 20 most beautiful courses in Austria by the leading German golf magazine. Gut Kaltenhausen has created a symbiosis of nature and golf that combines all the beauties of nature.<\/p>\n","protected":false},"excerpt":{"rendered":"<p>Ein Juwel im Innviertel Der Golfclub Gut Kaltenhausen pr\u00e4sentiert sich als 18 + 6 Loch Anlage, fernab von Siedlungs- und Verkehrsl\u00e4rm auf einem Areal von \u00fcber 50 Hektar in Ober\u00f6sterreich und bietet alles, was das Golferherz begehrt. Eingebettet in eine traumhaft sch\u00f6ne Landschaft und inmitten des Innviertels finden hier Einsteiger und Profis eine Herausforderung der [&hellip;]<\/p>\n","protected":false},"author":24,"featured_media":0,"parent":1473,"menu_order":10,"comment_status":"closed","ping_status":"closed","template":"page-partner.php","meta":{"_acf_changed":false,"footnotes":""},"class_list":["post-42312","page","type-page","status-publish","hentry"],"acf":{"partner_infobox":"","partner_logo":42314,"partner_gallery":[42316,42318,42320,42322,42324],"partner_lat":48.1274320674725,"partner_long":13.115253556607938,"partner_type":"golfclub","partner_openings":["1","2","3","4","5","6","7"],"montag_von_bis":"00:00 - 24:00","dienstag_von_bis":"00:00 - 24:00","mittwoch_von_bis":"00:00 - 24:00","donnerstag_von_bis":"00:00 - 24:00","freitag_von_bis":"00:00 - 24:00","samstag_von_bis":"00:00 - 24:00","sonntag_von_bis":"00:00 - 24:00","partner_adresse":"Kaltenhausen 1, 5233 Pischelsdorf","partner_land_bundesland":"Ober\u00f6sterreich","partner_tel_1":"0043 7742 2900","partner_tel_2":"","partner_web":"https:\/\/www.golfclub-pischelsdorf.at","partner_mail":"office@golfclub-pischelsdorf.at","partner_spielbahnen_par":"18\/72","partner_laenge":"Herren gelb: 5885 m Damen rot: 5311 m","partner_bedingungen":"","partner_anfahrt":"","partner_misc":null,"additional_css_classes":""},"yoast_head":"<!-- This site is optimized with the Yoast SEO plugin v26.8 - https:\/\/yoast.com\/product\/yoast-seo-wordpress\/ -->\n<title>GC Pischelsdorf-Gut Kaltenhausen - Fairway 2 Hotel<\/title>\n<meta name=\"robots\" content=\"index, follow, max-snippet:-1, max-image-preview:large, max-video-preview:-1\" \/>\n<link rel=\"canonical\" href=\"https:\/\/fairway2hotel.at\/en\/golfclubs\/oberoesterreich\/gc-pischelsdorf-gut-kaltenhausen\/\" \/>\n<meta property=\"og:locale\" content=\"en_US\" \/>\n<meta property=\"og:type\" content=\"article\" \/>\n<meta property=\"og:title\" content=\"GC Pischelsdorf-Gut Kaltenhausen - Fairway 2 Hotel\" \/>\n<meta property=\"og:description\" content=\"Ein Juwel im Innviertel Der Golfclub Gut Kaltenhausen pr\u00e4sentiert sich als 18 + 6 Loch Anlage, fernab von Siedlungs- und Verkehrsl\u00e4rm auf einem Areal von \u00fcber 50 Hektar in Ober\u00f6sterreich und bietet alles, was das Golferherz begehrt. Eingebettet in eine traumhaft sch\u00f6ne Landschaft und inmitten des Innviertels finden hier Einsteiger und Profis eine Herausforderung der [&hellip;]\" \/>\n<meta property=\"og:url\" content=\"https:\/\/fairway2hotel.at\/en\/golfclubs\/oberoesterreich\/gc-pischelsdorf-gut-kaltenhausen\/\" \/>\n<meta property=\"og:site_name\" content=\"Fairway 2 Hotel\" \/>\n<meta property=\"article:modified_time\" content=\"2025-01-15T10:36:00+00:00\" \/>\n<meta name=\"twitter:card\" content=\"summary_large_image\" \/>\n<meta name=\"twitter:label1\" content=\"Est. reading time\" \/>\n\t<meta name=\"twitter:data1\" content=\"2 minutes\" \/>\n<script type=\"application\/ld+json\" class=\"yoast-schema-graph\">{\"@context\":\"https:\/\/schema.org\",\"@graph\":[{\"@type\":\"WebPage\",\"@id\":\"https:\/\/fairway2hotel.at\/en\/golfclubs\/oberoesterreich\/gc-pischelsdorf-gut-kaltenhausen\/\",\"url\":\"https:\/\/fairway2hotel.at\/en\/golfclubs\/oberoesterreich\/gc-pischelsdorf-gut-kaltenhausen\/\",\"name\":\"GC Pischelsdorf-Gut Kaltenhausen - Fairway 2 Hotel\",\"isPartOf\":{\"@id\":\"https:\/\/fairway2hotel.at\/en\/#website\"},\"datePublished\":\"2024-08-01T12:43:36+00:00\",\"dateModified\":\"2025-01-15T10:36:00+00:00\",\"breadcrumb\":{\"@id\":\"https:\/\/fairway2hotel.at\/en\/golfclubs\/oberoesterreich\/gc-pischelsdorf-gut-kaltenhausen\/#breadcrumb\"},\"inLanguage\":\"en-US\",\"potentialAction\":[{\"@type\":\"ReadAction\",\"target\":[\"https:\/\/fairway2hotel.at\/en\/golfclubs\/oberoesterreich\/gc-pischelsdorf-gut-kaltenhausen\/\"]}]},{\"@type\":\"BreadcrumbList\",\"@id\":\"https:\/\/fairway2hotel.at\/en\/golfclubs\/oberoesterreich\/gc-pischelsdorf-gut-kaltenhausen\/#breadcrumb\",\"itemListElement\":[{\"@type\":\"ListItem\",\"position\":1,\"name\":\"Home\",\"item\":\"https:\/\/fairway2hotel.at\/en\/\"},{\"@type\":\"ListItem\",\"position\":2,\"name\":\"Golfclubs\",\"item\":\"https:\/\/fairway2hotel.at\/en\/golfclubs\/\"},{\"@type\":\"ListItem\",\"position\":3,\"name\":\"Golfclubs Ober\u00f6sterreich\",\"item\":\"https:\/\/fairway2hotel.at\/en\/golfclubs\/oberoesterreich\/\"},{\"@type\":\"ListItem\",\"position\":4,\"name\":\"GC Pischelsdorf-Gut Kaltenhausen\"}]},{\"@type\":\"WebSite\",\"@id\":\"https:\/\/fairway2hotel.at\/en\/#website\",\"url\":\"https:\/\/fairway2hotel.at\/en\/\",\"name\":\"Fairway 2 Hotel\",\"description\":\"Golf at half price! 2 play - 1 pays\",\"potentialAction\":[{\"@type\":\"SearchAction\",\"target\":{\"@type\":\"EntryPoint\",\"urlTemplate\":\"https:\/\/fairway2hotel.at\/en\/?s={search_term_string}\"},\"query-input\":{\"@type\":\"PropertyValueSpecification\",\"valueRequired\":true,\"valueName\":\"search_term_string\"}}],\"inLanguage\":\"en-US\"}]}<\/script>\n<!-- \/ Yoast SEO plugin. -->","yoast_head_json":{"title":"GC Pischelsdorf-Gut Kaltenhausen - Fairway 2 Hotel","robots":{"index":"index","follow":"follow","max-snippet":"max-snippet:-1","max-image-preview":"max-image-preview:large","max-video-preview":"max-video-preview:-1"},"canonical":"https:\/\/fairway2hotel.at\/en\/golfclubs\/oberoesterreich\/gc-pischelsdorf-gut-kaltenhausen\/","og_locale":"en_US","og_type":"article","og_title":"GC Pischelsdorf-Gut Kaltenhausen - Fairway 2 Hotel","og_description":"Ein Juwel im Innviertel Der Golfclub Gut Kaltenhausen pr\u00e4sentiert sich als 18 + 6 Loch Anlage, fernab von Siedlungs- und Verkehrsl\u00e4rm auf einem Areal von \u00fcber 50 Hektar in Ober\u00f6sterreich und bietet alles, was das Golferherz begehrt. Eingebettet in eine traumhaft sch\u00f6ne Landschaft und inmitten des Innviertels finden hier Einsteiger und Profis eine Herausforderung der [&hellip;]","og_url":"https:\/\/fairway2hotel.at\/en\/golfclubs\/oberoesterreich\/gc-pischelsdorf-gut-kaltenhausen\/","og_site_name":"Fairway 2 Hotel","article_modified_time":"2025-01-15T10:36:00+00:00","twitter_card":"summary_large_image","twitter_misc":{"Est. reading time":"2 minutes"},"schema":{"@context":"https:\/\/schema.org","@graph":[{"@type":"WebPage","@id":"https:\/\/fairway2hotel.at\/en\/golfclubs\/oberoesterreich\/gc-pischelsdorf-gut-kaltenhausen\/","url":"https:\/\/fairway2hotel.at\/en\/golfclubs\/oberoesterreich\/gc-pischelsdorf-gut-kaltenhausen\/","name":"GC Pischelsdorf-Gut Kaltenhausen - Fairway 2 Hotel","isPartOf":{"@id":"https:\/\/fairway2hotel.at\/en\/#website"},"datePublished":"2024-08-01T12:43:36+00:00","dateModified":"2025-01-15T10:36:00+00:00","breadcrumb":{"@id":"https:\/\/fairway2hotel.at\/en\/golfclubs\/oberoesterreich\/gc-pischelsdorf-gut-kaltenhausen\/#breadcrumb"},"inLanguage":"en-US","potentialAction":[{"@type":"ReadAction","target":["https:\/\/fairway2hotel.at\/en\/golfclubs\/oberoesterreich\/gc-pischelsdorf-gut-kaltenhausen\/"]}]},{"@type":"BreadcrumbList","@id":"https:\/\/fairway2hotel.at\/en\/golfclubs\/oberoesterreich\/gc-pischelsdorf-gut-kaltenhausen\/#breadcrumb","itemListElement":[{"@type":"ListItem","position":1,"name":"Home","item":"https:\/\/fairway2hotel.at\/en\/"},{"@type":"ListItem","position":2,"name":"Golfclubs","item":"https:\/\/fairway2hotel.at\/en\/golfclubs\/"},{"@type":"ListItem","position":3,"name":"Golfclubs Ober\u00f6sterreich","item":"https:\/\/fairway2hotel.at\/en\/golfclubs\/oberoesterreich\/"},{"@type":"ListItem","position":4,"name":"GC Pischelsdorf-Gut Kaltenhausen"}]},{"@type":"WebSite","@id":"https:\/\/fairway2hotel.at\/en\/#website","url":"https:\/\/fairway2hotel.at\/en\/","name":"Fairway 2 Hotel","description":"Golf at half price! 2 play - 1 pays","potentialAction":[{"@type":"SearchAction","target":{"@type":"EntryPoint","urlTemplate":"https:\/\/fairway2hotel.at\/en\/?s={search_term_string}"},"query-input":{"@type":"PropertyValueSpecification","valueRequired":true,"valueName":"search_term_string"}}],"inLanguage":"en-US"}]}},"_links":{"self":[{"href":"https:\/\/fairway2hotel.at\/en\/wp-json\/wp\/v2\/pages\/42312","targetHints":{"allow":["GET"]}}],"collection":[{"href":"https:\/\/fairway2hotel.at\/en\/wp-json\/wp\/v2\/pages"}],"about":[{"href":"https:\/\/fairway2hotel.at\/en\/wp-json\/wp\/v2\/types\/page"}],"author":[{"embeddable":true,"href":"https:\/\/fairway2hotel.at\/en\/wp-json\/wp\/v2\/users\/24"}],"replies":[{"embeddable":true,"href":"https:\/\/fairway2hotel.at\/en\/wp-json\/wp\/v2\/comments?post=42312"}],"version-history":[{"count":4,"href":"https:\/\/fairway2hotel.at\/en\/wp-json\/wp\/v2\/pages\/42312\/revisions"}],"predecessor-version":[{"id":45870,"href":"https:\/\/fairway2hotel.at\/en\/wp-json\/wp\/v2\/pages\/42312\/revisions\/45870"}],"up":[{"embeddable":true,"href":"https:\/\/fairway2hotel.at\/en\/wp-json\/wp\/v2\/pages\/1473"}],"acf:attachment":[{"embeddable":true,"href":"https:\/\/fairway2hotel.at\/en\/wp-json\/wp\/v2\/media\/42324"},{"embeddable":true,"href":"https:\/\/fairway2hotel.at\/en\/wp-json\/wp\/v2\/media\/42322"},{"embeddable":true,"href":"https:\/\/fairway2hotel.at\/en\/wp-json\/wp\/v2\/media\/42320"},{"embeddable":true,"href":"https:\/\/fairway2hotel.at\/en\/wp-json\/wp\/v2\/media\/42318"},{"embeddable":true,"href":"https:\/\/fairway2hotel.at\/en\/wp-json\/wp\/v2\/media\/42316"}],"wp:attachment":[{"href":"https:\/\/fairway2hotel.at\/en\/wp-json\/wp\/v2\/media?parent=42312"}],"curies":[{"name":"wp","href":"https:\/\/api.w.org\/{rel}","templated":true}]}}