{"id":42393,"date":"2024-08-24T12:06:39","date_gmt":"2024-08-24T10:06:39","guid":{"rendered":"https:\/\/fairway2hotel.at\/hotels\/steiermark\/hotel-restaurant-knappenwirt-copy\/"},"modified":"2025-04-24T11:40:12","modified_gmt":"2025-04-24T09:40:12","slug":"landhotel-reitingblick","status":"publish","type":"page","link":"https:\/\/fairway2hotel.at\/en\/hotels\/steiermark\/landhotel-reitingblick\/","title":{"rendered":"Landhotel Reitingblick"},"content":{"rendered":"<h2>f o r e&#8230;&#8230;Genie\u00dfer only!!!!<\/h2>\n<p>Inmitten der Hochsteiermark gelegen, pr\u00e4sentiert sich das Landhotel Stegm\u00fcller &#8211; liebevoll \u201eStegerl\u201c genannt &#8211; als idyllisches Golfrefugium am Fu\u00dfe des Reitings. Herzliche Gastfreundschaft, Geselligkeit und regionale Kulinarik sind schon seit Generationen die St\u00e4rken von Familie Stegm\u00fcller. Der GC Reiting Trofaiach &#8211; Leoben ist ein Par 5 vom Hotel entfernt. Die malerische Golfanlage offenbart zugleich landschaftliche Sch\u00f6nheit und sportliche Herausforderung &#8211; ideal f\u00fcr abwechslungsreiche Golfrunden im Kreise Ihrer Freunde. Besuchen Sie auch unsere Partnergolfpl\u00e4tze: GC Murtal, GC Wei\u00dfenbach Ennstal und der GC Schloss Pichlarn &#8211; alle drei Pl\u00e4tze sind auch fairway2hotel &#8211; Mitglieder. Wir freuen uns auf Ihren Besuch und stets \u201eSch\u00f6nes Spiel\u201c&#8230;Ihre Familie Stegm\u00fcller<\/p>\n<h2>f o r e&#8230;&#8230;connoisseur only!!!!<\/h2>\n<p>Situated in the heart of Hochsteiermark, the Landhotel Stegm\u00fcller &#8211; affectionately known as the \u2018Stegerl\u2019 &#8211; is an idyllic golfing retreat at the foot of the Reiting. Warm hospitality, conviviality and regional cuisine have been the strengths of the Stegm\u00fcller family for generations. The GC Reiting Trofaiach &#8211; Leoben is a par 5 away from the hotel. The picturesque golf course offers both scenic beauty and a sporting challenge &#8211; ideal for varied rounds of golf with your friends. You can also visit our partner golf courses: GC Murtal, GC Wei\u00dfenbach Ennstal and GC Schloss Pichlarn &#8211; all three courses are also fairway2hotel members. We look forward to your visit and always \u2018Have a nice game\u2019&#8230;Your Stegm\u00fcller family<\/p>\n<p>&nbsp;<\/p>\n","protected":false},"excerpt":{"rendered":"<p>f o r e&#8230;&#8230;Genie\u00dfer only!!!! Inmitten der Hochsteiermark gelegen, pr\u00e4sentiert sich das Landhotel Stegm\u00fcller &#8211; liebevoll \u201eStegerl\u201c genannt &#8211; als idyllisches Golfrefugium am Fu\u00dfe des Reitings. Herzliche Gastfreundschaft, Geselligkeit und regionale Kulinarik sind schon seit Generationen die St\u00e4rken von Familie Stegm\u00fcller. Der GC Reiting Trofaiach &#8211; Leoben ist ein Par 5 vom Hotel entfernt. Die [&hellip;]<\/p>\n","protected":false},"author":24,"featured_media":0,"parent":2141,"menu_order":15,"comment_status":"closed","ping_status":"closed","template":"page-partner.php","meta":{"_acf_changed":false,"footnotes":""},"class_list":["post-42393","page","type-page","status-publish","hentry"],"acf":{"partner_infobox":"<strong>Adresse:\u00a0<\/strong>Hoferdorf 113, A-8812 Mariahof\r\n\r\n<strong>Tel:\u00a0<\/strong>+43 3584\/2542\r\n\r\n<strong>Web: <\/strong><a href=\"http:\/\/www.knappenwirt.at\" target=\"_blank\" rel=\"nofollow noopener noreferrer\">www.knappenwirt.at<\/a>\r\n\r\n<strong>E-Mail:<\/strong> <a href=\"mailto:info@knappenwirt.at\">info@knappenwirt.at<\/a>\r\n\r\n<em><strong>Bedingungen:\r\n<\/strong>buchbar April-Oktober. Nicht g\u00fcltig auf sonstige Packageangebote<\/em>\r\n\r\n<strong>Golfclubs in der N\u00e4he:\r\n<\/strong>GC Mariahof 2,5 km\/GC La\u0308ngsee 27 km\/GC Murau-Kreischberg31 km\/GC Murtal 45 km\/GC Lungau 55 km\r\n\r\n<strong>Anfahrt:\r\n<\/strong>von Wien \u2192 Bruck, Leoben (S 36), Judenburg, Scheif- ling \u2192 Klagenfurt (B 317) \/ von Salzburg \u2192 A10 \u2192 Tamsweg (B 97), Murau (B 96)","partner_logo":42395,"partner_gallery":[42401,42397,42399,42403,42405],"partner_lat":47.41876768050498,"partner_long":14.957927997062471,"partner_type":"hotel","partner_openings":["1","2","3","4","5","6","7"],"montag_von_bis":"00:00 - 24:00","dienstag_von_bis":"00:00 - 24:00","mittwoch_von_bis":"00:00 - 24:00","donnerstag_von_bis":"00:00 - 24:00","freitag_von_bis":"00:00 - 24:00","samstag_von_bis":"00:00 - 24:00","sonntag_von_bis":"00:00 - 24:00","partner_adresse":"Schardorf 44,  8793 Trofaiach","partner_land_bundesland":"","partner_tel_1":"+43 3847\/2272","partner_tel_2":"","partner_web":"https:\/\/www.stegmueller.at","partner_mail":"info@stegmueller.at","partner_spielbahnen_par":"","partner_laenge":"","partner_bedingungen":"","partner_anfahrt":"","partner_misc":null,"additional_css_classes":""},"yoast_head":"<!-- This site is optimized with the Yoast SEO plugin v26.8 - https:\/\/yoast.com\/product\/yoast-seo-wordpress\/ -->\n<title>Landhotel Reitingblick - Fairway 2 Hotel<\/title>\n<meta name=\"robots\" content=\"index, follow, max-snippet:-1, max-image-preview:large, max-video-preview:-1\" \/>\n<link rel=\"canonical\" href=\"https:\/\/fairway2hotel.at\/en\/hotels\/steiermark\/landhotel-reitingblick\/\" \/>\n<meta property=\"og:locale\" content=\"en_US\" \/>\n<meta property=\"og:type\" content=\"article\" \/>\n<meta property=\"og:title\" content=\"Landhotel Reitingblick - Fairway 2 Hotel\" \/>\n<meta property=\"og:description\" content=\"f o r e&#8230;&#8230;Genie\u00dfer only!!!! Inmitten der Hochsteiermark gelegen, pr\u00e4sentiert sich das Landhotel Stegm\u00fcller &#8211; liebevoll \u201eStegerl\u201c genannt &#8211; als idyllisches Golfrefugium am Fu\u00dfe des Reitings. Herzliche Gastfreundschaft, Geselligkeit und regionale Kulinarik sind schon seit Generationen die St\u00e4rken von Familie Stegm\u00fcller. Der GC Reiting Trofaiach &#8211; Leoben ist ein Par 5 vom Hotel entfernt. Die [&hellip;]\" \/>\n<meta property=\"og:url\" content=\"https:\/\/fairway2hotel.at\/en\/hotels\/steiermark\/landhotel-reitingblick\/\" \/>\n<meta property=\"og:site_name\" content=\"Fairway 2 Hotel\" \/>\n<meta property=\"article:modified_time\" content=\"2025-04-24T09:40:12+00:00\" \/>\n<meta name=\"twitter:card\" content=\"summary_large_image\" \/>\n<meta name=\"twitter:label1\" content=\"Est. reading time\" \/>\n\t<meta name=\"twitter:data1\" content=\"2 minutes\" \/>\n<script type=\"application\/ld+json\" class=\"yoast-schema-graph\">{\"@context\":\"https:\/\/schema.org\",\"@graph\":[{\"@type\":\"WebPage\",\"@id\":\"https:\/\/fairway2hotel.at\/en\/hotels\/steiermark\/landhotel-reitingblick\/\",\"url\":\"https:\/\/fairway2hotel.at\/en\/hotels\/steiermark\/landhotel-reitingblick\/\",\"name\":\"Landhotel Reitingblick - Fairway 2 Hotel\",\"isPartOf\":{\"@id\":\"https:\/\/fairway2hotel.at\/en\/#website\"},\"datePublished\":\"2024-08-24T10:06:39+00:00\",\"dateModified\":\"2025-04-24T09:40:12+00:00\",\"breadcrumb\":{\"@id\":\"https:\/\/fairway2hotel.at\/en\/hotels\/steiermark\/landhotel-reitingblick\/#breadcrumb\"},\"inLanguage\":\"en-US\",\"potentialAction\":[{\"@type\":\"ReadAction\",\"target\":[\"https:\/\/fairway2hotel.at\/en\/hotels\/steiermark\/landhotel-reitingblick\/\"]}]},{\"@type\":\"BreadcrumbList\",\"@id\":\"https:\/\/fairway2hotel.at\/en\/hotels\/steiermark\/landhotel-reitingblick\/#breadcrumb\",\"itemListElement\":[{\"@type\":\"ListItem\",\"position\":1,\"name\":\"Home\",\"item\":\"https:\/\/fairway2hotel.at\/en\/\"},{\"@type\":\"ListItem\",\"position\":2,\"name\":\"Hotels\",\"item\":\"https:\/\/fairway2hotel.at\/en\/hotels\/\"},{\"@type\":\"ListItem\",\"position\":3,\"name\":\"Hotels Steiermark\",\"item\":\"https:\/\/fairway2hotel.at\/en\/hotels\/steiermark\/\"},{\"@type\":\"ListItem\",\"position\":4,\"name\":\"Landhotel Reitingblick\"}]},{\"@type\":\"WebSite\",\"@id\":\"https:\/\/fairway2hotel.at\/en\/#website\",\"url\":\"https:\/\/fairway2hotel.at\/en\/\",\"name\":\"Fairway 2 Hotel\",\"description\":\"Golf at half price! 2 play - 1 pays\",\"potentialAction\":[{\"@type\":\"SearchAction\",\"target\":{\"@type\":\"EntryPoint\",\"urlTemplate\":\"https:\/\/fairway2hotel.at\/en\/?s={search_term_string}\"},\"query-input\":{\"@type\":\"PropertyValueSpecification\",\"valueRequired\":true,\"valueName\":\"search_term_string\"}}],\"inLanguage\":\"en-US\"}]}<\/script>\n<!-- \/ Yoast SEO plugin. -->","yoast_head_json":{"title":"Landhotel Reitingblick - Fairway 2 Hotel","robots":{"index":"index","follow":"follow","max-snippet":"max-snippet:-1","max-image-preview":"max-image-preview:large","max-video-preview":"max-video-preview:-1"},"canonical":"https:\/\/fairway2hotel.at\/en\/hotels\/steiermark\/landhotel-reitingblick\/","og_locale":"en_US","og_type":"article","og_title":"Landhotel Reitingblick - Fairway 2 Hotel","og_description":"f o r e&#8230;&#8230;Genie\u00dfer only!!!! Inmitten der Hochsteiermark gelegen, pr\u00e4sentiert sich das Landhotel Stegm\u00fcller &#8211; liebevoll \u201eStegerl\u201c genannt &#8211; als idyllisches Golfrefugium am Fu\u00dfe des Reitings. Herzliche Gastfreundschaft, Geselligkeit und regionale Kulinarik sind schon seit Generationen die St\u00e4rken von Familie Stegm\u00fcller. Der GC Reiting Trofaiach &#8211; Leoben ist ein Par 5 vom Hotel entfernt. Die [&hellip;]","og_url":"https:\/\/fairway2hotel.at\/en\/hotels\/steiermark\/landhotel-reitingblick\/","og_site_name":"Fairway 2 Hotel","article_modified_time":"2025-04-24T09:40:12+00:00","twitter_card":"summary_large_image","twitter_misc":{"Est. reading time":"2 minutes"},"schema":{"@context":"https:\/\/schema.org","@graph":[{"@type":"WebPage","@id":"https:\/\/fairway2hotel.at\/en\/hotels\/steiermark\/landhotel-reitingblick\/","url":"https:\/\/fairway2hotel.at\/en\/hotels\/steiermark\/landhotel-reitingblick\/","name":"Landhotel Reitingblick - Fairway 2 Hotel","isPartOf":{"@id":"https:\/\/fairway2hotel.at\/en\/#website"},"datePublished":"2024-08-24T10:06:39+00:00","dateModified":"2025-04-24T09:40:12+00:00","breadcrumb":{"@id":"https:\/\/fairway2hotel.at\/en\/hotels\/steiermark\/landhotel-reitingblick\/#breadcrumb"},"inLanguage":"en-US","potentialAction":[{"@type":"ReadAction","target":["https:\/\/fairway2hotel.at\/en\/hotels\/steiermark\/landhotel-reitingblick\/"]}]},{"@type":"BreadcrumbList","@id":"https:\/\/fairway2hotel.at\/en\/hotels\/steiermark\/landhotel-reitingblick\/#breadcrumb","itemListElement":[{"@type":"ListItem","position":1,"name":"Home","item":"https:\/\/fairway2hotel.at\/en\/"},{"@type":"ListItem","position":2,"name":"Hotels","item":"https:\/\/fairway2hotel.at\/en\/hotels\/"},{"@type":"ListItem","position":3,"name":"Hotels Steiermark","item":"https:\/\/fairway2hotel.at\/en\/hotels\/steiermark\/"},{"@type":"ListItem","position":4,"name":"Landhotel Reitingblick"}]},{"@type":"WebSite","@id":"https:\/\/fairway2hotel.at\/en\/#website","url":"https:\/\/fairway2hotel.at\/en\/","name":"Fairway 2 Hotel","description":"Golf at half price! 2 play - 1 pays","potentialAction":[{"@type":"SearchAction","target":{"@type":"EntryPoint","urlTemplate":"https:\/\/fairway2hotel.at\/en\/?s={search_term_string}"},"query-input":{"@type":"PropertyValueSpecification","valueRequired":true,"valueName":"search_term_string"}}],"inLanguage":"en-US"}]}},"_links":{"self":[{"href":"https:\/\/fairway2hotel.at\/en\/wp-json\/wp\/v2\/pages\/42393","targetHints":{"allow":["GET"]}}],"collection":[{"href":"https:\/\/fairway2hotel.at\/en\/wp-json\/wp\/v2\/pages"}],"about":[{"href":"https:\/\/fairway2hotel.at\/en\/wp-json\/wp\/v2\/types\/page"}],"author":[{"embeddable":true,"href":"https:\/\/fairway2hotel.at\/en\/wp-json\/wp\/v2\/users\/24"}],"replies":[{"embeddable":true,"href":"https:\/\/fairway2hotel.at\/en\/wp-json\/wp\/v2\/comments?post=42393"}],"version-history":[{"count":5,"href":"https:\/\/fairway2hotel.at\/en\/wp-json\/wp\/v2\/pages\/42393\/revisions"}],"predecessor-version":[{"id":48092,"href":"https:\/\/fairway2hotel.at\/en\/wp-json\/wp\/v2\/pages\/42393\/revisions\/48092"}],"up":[{"embeddable":true,"href":"https:\/\/fairway2hotel.at\/en\/wp-json\/wp\/v2\/pages\/2141"}],"acf:attachment":[{"embeddable":true,"href":"https:\/\/fairway2hotel.at\/en\/wp-json\/wp\/v2\/media\/42405"},{"embeddable":true,"href":"https:\/\/fairway2hotel.at\/en\/wp-json\/wp\/v2\/media\/42403"},{"embeddable":true,"href":"https:\/\/fairway2hotel.at\/en\/wp-json\/wp\/v2\/media\/42399"},{"embeddable":true,"href":"https:\/\/fairway2hotel.at\/en\/wp-json\/wp\/v2\/media\/42397"},{"embeddable":true,"href":"https:\/\/fairway2hotel.at\/en\/wp-json\/wp\/v2\/media\/42401"}],"wp:attachment":[{"href":"https:\/\/fairway2hotel.at\/en\/wp-json\/wp\/v2\/media?parent=42393"}],"curies":[{"name":"wp","href":"https:\/\/api.w.org\/{rel}","templated":true}]}}