{"id":42437,"date":"2024-09-01T14:54:17","date_gmt":"2024-09-01T12:54:17","guid":{"rendered":"https:\/\/fairway2hotel.at\/hotels\/niederoesterreich\/hotel-hoellrigl-copy\/"},"modified":"2025-11-20T16:45:46","modified_gmt":"2025-11-20T15:45:46","slug":"linsberg-asia-therme-und-golf","status":"publish","type":"page","link":"https:\/\/fairway2hotel.at\/en\/hotels\/niederoesterreich\/linsberg-asia-therme-und-golf\/","title":{"rendered":"Linsberg Asia Therme und Golf"},"content":{"rendered":"<h2><strong>Ihr Golfurlaub mit Wellness &amp; Spa Verw\u00f6hnmomenten <\/strong><\/h2>\n<p>Das Hotel Therme &amp; Spa Linsberg Asia****S liegt nahe dem Verkehrsknotenpunkt Wiener Neustadt in Bad Erlach &#8211; und ist Partnerhotel des Golfclubs Linsberg, nur 1 km entfernt. G\u00e4ste k\u00f6nnen Golf mit Wellness im gro\u00dfz\u00fcgigen Thermenbereich kombinieren. Linsberg Asia bietet eine Atmosph\u00e4re aus Komfort, Modernit\u00e4t und asiatischen Designprinzipien, die auf Erholung ausgerichtet ist. Die einzige Erwachsenentherme \u00d6sterreichs umfasst eine 15.000 m\u00b2 gro\u00dfe Thermallandschaft mit 11 Innen- und Au\u00dfenpools, 9 thematisierten Saunen sowie ein Spa mit klassischen und asiatischen Massagen. Das 4-Sterne-Superior-Hotel bietet 116 Doppelzimmer, 9 Suiten und drei Restaurants, darunter das mit zwei Hauben ausgezeichnete Restaurant \u201edas Linsberg\u201c, wo K\u00fcchenchef Michael Suttner asiatische und europ\u00e4ische K\u00fcche kombiniert.<\/p>\n<p>Ungest\u00f6rte Ruhe, tiefenwirksame Erholung und vollendete Entspannung \u2013 daf\u00fcr steht Linsberg Asia \u2013 ein Resort, das Hotel, Therme und Spa vereint. Linsberg Asia, \u00d6sterreichs einzige Erwachsenentherme, bietet vielf\u00e4ltige M\u00f6glichkeiten, den Alltag hinter sich zu lassen \u2013 und in der N\u00e4he viel Golfpl\u00e4tze zu bespielen.<\/p>\n<h2>Your golf holiday with wellness &amp; spa pampering moments<\/h2>\n<p>The Hotel Therme &amp; Spa Linsberg Asia****S is located near the transport hub of Wiener Neustadt in Bad Erlach &#8211; and is a partner hotel of the Linsberg Golf Club, just 1 km away. Guests can combine golf with wellness in the spacious spa area. Linsberg Asia offers an atmosphere of comfort, modernity and Asian design principles centred on relaxation. Austria&#8217;s only adult thermal spa comprises a 15,000 m\u00b2 thermal landscape with 11 indoor and outdoor pools, 9 themed saunas and a spa with classic and Asian massages. The 4-star superior hotel offers 116 double rooms, 9 suites and three restaurants, including the restaurant \u2018das Linsberg\u2019, which has been awarded two toques and where chef Michael Suttner combines Asian and European cuisine.<\/p>\n<p>Undisturbed tranquillity, deep regeneration and complete relaxation &#8211; this is what Linsberg Asia stands for &#8211; a resort that combines hotel, thermal baths and spa. Linsberg Asia, Austria&#8217;s only adult thermal spa, offers a wide range of opportunities to leave everyday life behind &#8211; and there are plenty of golf courses nearby.<\/p>\n","protected":false},"excerpt":{"rendered":"<p>Ihr Golfurlaub mit Wellness &amp; Spa Verw\u00f6hnmomenten Das Hotel Therme &amp; Spa Linsberg Asia****S liegt nahe dem Verkehrsknotenpunkt Wiener Neustadt in Bad Erlach &#8211; und ist Partnerhotel des Golfclubs Linsberg, nur 1 km entfernt. G\u00e4ste k\u00f6nnen Golf mit Wellness im gro\u00dfz\u00fcgigen Thermenbereich kombinieren. Linsberg Asia bietet eine Atmosph\u00e4re aus Komfort, Modernit\u00e4t und asiatischen Designprinzipien, die [&hellip;]<\/p>\n","protected":false},"author":24,"featured_media":0,"parent":2097,"menu_order":2,"comment_status":"closed","ping_status":"closed","template":"page-partner.php","meta":{"_acf_changed":false,"footnotes":""},"class_list":["post-42437","page","type-page","status-publish","hentry"],"acf":{"partner_infobox":"<strong>Adresse:\u00a0<\/strong>Hauptstra\u00dfe 29, A-2542 Kottingbrunn\r\n\r\n<strong>Tel:\u00a0<\/strong>02252\/77616\r\n\r\n<strong>Fax:\u00a0<\/strong>02252\/77616 DW 60\r\n\r\n<strong>Web: <\/strong><a href=\"http:\/\/www.hoellrigl.at\" target=\"_blank\" rel=\"nofollow noopener\">www.hoellrigl.at<\/a>\r\n\r\n<strong>E-Mail:<\/strong> <a href=\"mailto:hotel@hoellrigl.at\">hotel@hoellrigl.at<\/a>\r\n\r\n<strong>Golfclubs in der N\u00e4he:\r\n<\/strong>GC Enzesfeld 8km\r\nGC Fontana Oberwaltersd. 8km\r\nRichardshof 15km\r\nGC Schloss Ebereichsdorf 17 km\r\n\r\n<strong>Anfahrt:\r\n<\/strong>von Wien: Su\u0308dautobahn A2, Abfahrt Kottingbrunn von Graz: Su\u0308dautobahn A2, Abfahrt Kottingbrunn","partner_logo":42439,"partner_gallery":[42441,42443,42445,42447,42449,42451,42453,42455,42457],"partner_lat":47.73317409230548,"partner_long":16.203662214260127,"partner_type":"hotel","partner_openings":["1","2","3","4","5","6","7"],"montag_von_bis":"00:00 - 24:00","dienstag_von_bis":"00:00 - 24:00","mittwoch_von_bis":"00:00 - 24:00","donnerstag_von_bis":"00:00 - 24:00","freitag_von_bis":"00:00 - 24:00","samstag_von_bis":"00:00 - 24:00","sonntag_von_bis":"00:00 - 24:00","partner_adresse":"Thermenplatz 1, 2822 Bad Erlach","partner_land_bundesland":"","partner_tel_1":"00432627\/48000","partner_tel_2":"","partner_web":"http:\/\/www.linsbergasia.at","partner_mail":"mail@linsbergasia.at","partner_spielbahnen_par":"","partner_laenge":"","partner_bedingungen":"Das Angebot gilt f\u00fcr N\u00e4chtigung\/Fr\u00fchst\u00fcck und ist f\u00fcr 1 Nacht buchbar bis 23.12.2026\r\nThe offer is valid for overnight stay\/breakfast and is bookable for 1 night until 23.12.2026","partner_anfahrt":"","partner_misc":null,"additional_css_classes":""},"yoast_head":"<!-- This site is optimized with the Yoast SEO plugin v26.8 - https:\/\/yoast.com\/product\/yoast-seo-wordpress\/ -->\n<title>Linsberg Asia Therme und Golf - Fairway 2 Hotel<\/title>\n<meta name=\"robots\" content=\"index, follow, max-snippet:-1, max-image-preview:large, max-video-preview:-1\" \/>\n<link rel=\"canonical\" href=\"https:\/\/fairway2hotel.at\/en\/hotels\/niederoesterreich\/linsberg-asia-therme-und-golf\/\" \/>\n<meta property=\"og:locale\" content=\"en_US\" \/>\n<meta property=\"og:type\" content=\"article\" \/>\n<meta property=\"og:title\" content=\"Linsberg Asia Therme und Golf - Fairway 2 Hotel\" \/>\n<meta property=\"og:description\" content=\"Ihr Golfurlaub mit Wellness &amp; Spa Verw\u00f6hnmomenten Das Hotel Therme &amp; Spa Linsberg Asia****S liegt nahe dem Verkehrsknotenpunkt Wiener Neustadt in Bad Erlach &#8211; und ist Partnerhotel des Golfclubs Linsberg, nur 1 km entfernt. G\u00e4ste k\u00f6nnen Golf mit Wellness im gro\u00dfz\u00fcgigen Thermenbereich kombinieren. Linsberg Asia bietet eine Atmosph\u00e4re aus Komfort, Modernit\u00e4t und asiatischen Designprinzipien, die [&hellip;]\" \/>\n<meta property=\"og:url\" content=\"https:\/\/fairway2hotel.at\/en\/hotels\/niederoesterreich\/linsberg-asia-therme-und-golf\/\" \/>\n<meta property=\"og:site_name\" content=\"Fairway 2 Hotel\" \/>\n<meta property=\"article:modified_time\" content=\"2025-11-20T15:45:46+00:00\" \/>\n<meta name=\"twitter:card\" content=\"summary_large_image\" \/>\n<meta name=\"twitter:label1\" content=\"Est. reading time\" \/>\n\t<meta name=\"twitter:data1\" content=\"2 minutes\" \/>\n<script type=\"application\/ld+json\" class=\"yoast-schema-graph\">{\"@context\":\"https:\/\/schema.org\",\"@graph\":[{\"@type\":\"WebPage\",\"@id\":\"https:\/\/fairway2hotel.at\/en\/hotels\/niederoesterreich\/linsberg-asia-therme-und-golf\/\",\"url\":\"https:\/\/fairway2hotel.at\/en\/hotels\/niederoesterreich\/linsberg-asia-therme-und-golf\/\",\"name\":\"Linsberg Asia Therme und Golf - Fairway 2 Hotel\",\"isPartOf\":{\"@id\":\"https:\/\/fairway2hotel.at\/en\/#website\"},\"datePublished\":\"2024-09-01T12:54:17+00:00\",\"dateModified\":\"2025-11-20T15:45:46+00:00\",\"breadcrumb\":{\"@id\":\"https:\/\/fairway2hotel.at\/en\/hotels\/niederoesterreich\/linsberg-asia-therme-und-golf\/#breadcrumb\"},\"inLanguage\":\"en-US\",\"potentialAction\":[{\"@type\":\"ReadAction\",\"target\":[\"https:\/\/fairway2hotel.at\/en\/hotels\/niederoesterreich\/linsberg-asia-therme-und-golf\/\"]}]},{\"@type\":\"BreadcrumbList\",\"@id\":\"https:\/\/fairway2hotel.at\/en\/hotels\/niederoesterreich\/linsberg-asia-therme-und-golf\/#breadcrumb\",\"itemListElement\":[{\"@type\":\"ListItem\",\"position\":1,\"name\":\"Home\",\"item\":\"https:\/\/fairway2hotel.at\/en\/\"},{\"@type\":\"ListItem\",\"position\":2,\"name\":\"Hotels\",\"item\":\"https:\/\/fairway2hotel.at\/en\/hotels\/\"},{\"@type\":\"ListItem\",\"position\":3,\"name\":\"Hotels Nieder\u00f6sterreich\",\"item\":\"https:\/\/fairway2hotel.at\/en\/hotels\/niederoesterreich\/\"},{\"@type\":\"ListItem\",\"position\":4,\"name\":\"Linsberg Asia Therme und Golf\"}]},{\"@type\":\"WebSite\",\"@id\":\"https:\/\/fairway2hotel.at\/en\/#website\",\"url\":\"https:\/\/fairway2hotel.at\/en\/\",\"name\":\"Fairway 2 Hotel\",\"description\":\"Golf at half price! 2 play - 1 pays\",\"potentialAction\":[{\"@type\":\"SearchAction\",\"target\":{\"@type\":\"EntryPoint\",\"urlTemplate\":\"https:\/\/fairway2hotel.at\/en\/?s={search_term_string}\"},\"query-input\":{\"@type\":\"PropertyValueSpecification\",\"valueRequired\":true,\"valueName\":\"search_term_string\"}}],\"inLanguage\":\"en-US\"}]}<\/script>\n<!-- \/ Yoast SEO plugin. -->","yoast_head_json":{"title":"Linsberg Asia Therme und Golf - Fairway 2 Hotel","robots":{"index":"index","follow":"follow","max-snippet":"max-snippet:-1","max-image-preview":"max-image-preview:large","max-video-preview":"max-video-preview:-1"},"canonical":"https:\/\/fairway2hotel.at\/en\/hotels\/niederoesterreich\/linsberg-asia-therme-und-golf\/","og_locale":"en_US","og_type":"article","og_title":"Linsberg Asia Therme und Golf - Fairway 2 Hotel","og_description":"Ihr Golfurlaub mit Wellness &amp; Spa Verw\u00f6hnmomenten Das Hotel Therme &amp; Spa Linsberg Asia****S liegt nahe dem Verkehrsknotenpunkt Wiener Neustadt in Bad Erlach &#8211; und ist Partnerhotel des Golfclubs Linsberg, nur 1 km entfernt. G\u00e4ste k\u00f6nnen Golf mit Wellness im gro\u00dfz\u00fcgigen Thermenbereich kombinieren. Linsberg Asia bietet eine Atmosph\u00e4re aus Komfort, Modernit\u00e4t und asiatischen Designprinzipien, die [&hellip;]","og_url":"https:\/\/fairway2hotel.at\/en\/hotels\/niederoesterreich\/linsberg-asia-therme-und-golf\/","og_site_name":"Fairway 2 Hotel","article_modified_time":"2025-11-20T15:45:46+00:00","twitter_card":"summary_large_image","twitter_misc":{"Est. reading time":"2 minutes"},"schema":{"@context":"https:\/\/schema.org","@graph":[{"@type":"WebPage","@id":"https:\/\/fairway2hotel.at\/en\/hotels\/niederoesterreich\/linsberg-asia-therme-und-golf\/","url":"https:\/\/fairway2hotel.at\/en\/hotels\/niederoesterreich\/linsberg-asia-therme-und-golf\/","name":"Linsberg Asia Therme und Golf - Fairway 2 Hotel","isPartOf":{"@id":"https:\/\/fairway2hotel.at\/en\/#website"},"datePublished":"2024-09-01T12:54:17+00:00","dateModified":"2025-11-20T15:45:46+00:00","breadcrumb":{"@id":"https:\/\/fairway2hotel.at\/en\/hotels\/niederoesterreich\/linsberg-asia-therme-und-golf\/#breadcrumb"},"inLanguage":"en-US","potentialAction":[{"@type":"ReadAction","target":["https:\/\/fairway2hotel.at\/en\/hotels\/niederoesterreich\/linsberg-asia-therme-und-golf\/"]}]},{"@type":"BreadcrumbList","@id":"https:\/\/fairway2hotel.at\/en\/hotels\/niederoesterreich\/linsberg-asia-therme-und-golf\/#breadcrumb","itemListElement":[{"@type":"ListItem","position":1,"name":"Home","item":"https:\/\/fairway2hotel.at\/en\/"},{"@type":"ListItem","position":2,"name":"Hotels","item":"https:\/\/fairway2hotel.at\/en\/hotels\/"},{"@type":"ListItem","position":3,"name":"Hotels Nieder\u00f6sterreich","item":"https:\/\/fairway2hotel.at\/en\/hotels\/niederoesterreich\/"},{"@type":"ListItem","position":4,"name":"Linsberg Asia Therme und Golf"}]},{"@type":"WebSite","@id":"https:\/\/fairway2hotel.at\/en\/#website","url":"https:\/\/fairway2hotel.at\/en\/","name":"Fairway 2 Hotel","description":"Golf at half price! 2 play - 1 pays","potentialAction":[{"@type":"SearchAction","target":{"@type":"EntryPoint","urlTemplate":"https:\/\/fairway2hotel.at\/en\/?s={search_term_string}"},"query-input":{"@type":"PropertyValueSpecification","valueRequired":true,"valueName":"search_term_string"}}],"inLanguage":"en-US"}]}},"_links":{"self":[{"href":"https:\/\/fairway2hotel.at\/en\/wp-json\/wp\/v2\/pages\/42437","targetHints":{"allow":["GET"]}}],"collection":[{"href":"https:\/\/fairway2hotel.at\/en\/wp-json\/wp\/v2\/pages"}],"about":[{"href":"https:\/\/fairway2hotel.at\/en\/wp-json\/wp\/v2\/types\/page"}],"author":[{"embeddable":true,"href":"https:\/\/fairway2hotel.at\/en\/wp-json\/wp\/v2\/users\/24"}],"replies":[{"embeddable":true,"href":"https:\/\/fairway2hotel.at\/en\/wp-json\/wp\/v2\/comments?post=42437"}],"version-history":[{"count":10,"href":"https:\/\/fairway2hotel.at\/en\/wp-json\/wp\/v2\/pages\/42437\/revisions"}],"predecessor-version":[{"id":50273,"href":"https:\/\/fairway2hotel.at\/en\/wp-json\/wp\/v2\/pages\/42437\/revisions\/50273"}],"up":[{"embeddable":true,"href":"https:\/\/fairway2hotel.at\/en\/wp-json\/wp\/v2\/pages\/2097"}],"acf:attachment":[{"embeddable":true,"href":"https:\/\/fairway2hotel.at\/en\/wp-json\/wp\/v2\/media\/42457"},{"embeddable":true,"href":"https:\/\/fairway2hotel.at\/en\/wp-json\/wp\/v2\/media\/42455"},{"embeddable":true,"href":"https:\/\/fairway2hotel.at\/en\/wp-json\/wp\/v2\/media\/42453"},{"embeddable":true,"href":"https:\/\/fairway2hotel.at\/en\/wp-json\/wp\/v2\/media\/42451"},{"embeddable":true,"href":"https:\/\/fairway2hotel.at\/en\/wp-json\/wp\/v2\/media\/42449"},{"embeddable":true,"href":"https:\/\/fairway2hotel.at\/en\/wp-json\/wp\/v2\/media\/42447"},{"embeddable":true,"href":"https:\/\/fairway2hotel.at\/en\/wp-json\/wp\/v2\/media\/42445"},{"embeddable":true,"href":"https:\/\/fairway2hotel.at\/en\/wp-json\/wp\/v2\/media\/42443"},{"embeddable":true,"href":"https:\/\/fairway2hotel.at\/en\/wp-json\/wp\/v2\/media\/42441"}],"wp:attachment":[{"href":"https:\/\/fairway2hotel.at\/en\/wp-json\/wp\/v2\/media?parent=42437"}],"curies":[{"name":"wp","href":"https:\/\/api.w.org\/{rel}","templated":true}]}}