{"id":426,"date":"2009-07-19T19:41:37","date_gmt":"2009-07-19T17:41:37","guid":{"rendered":"https:\/\/f2h.app\/hotel-gasthof-lercher\/"},"modified":"2026-03-31T15:40:38","modified_gmt":"2026-03-31T13:40:38","slug":"hotel-gasthof-lercher","status":"publish","type":"page","link":"https:\/\/fairway2hotel.at\/en\/hotels\/steiermark\/hotel-gasthof-lercher\/","title":{"rendered":"Hotel Gasthof Lercher"},"content":{"rendered":"<h2>In der Stadt und doch im Gr\u00fcnen: Golfpartnerhotel Lercher &#8211; Herrlich wohnen &#8211; k\u00f6stlich speisen &#8211; viel Vergn\u00fcgen!<\/h2>\n<p>Inmitten der Altstadt von Murau steht das historisch gewachsene Haus seit \u00fcber 300 Jahren f\u00fcr famili\u00e4re Gastlichkeit und Gem\u00fctlichkeit.<br \/>\nGenie\u00dfen Sie die heimeligen Zimmer unterschiedlicher Kategorien. Das \u00e1 la carte Wirtshaus bietet je nach Lust und Laune der Natur Spezialit\u00e4ten von der Gans zur Gams, vom Spargel zum Schwammerl. Die Zusammenarbeit mit Produzenten aus der Region und ganz \u00d6sterreich sp\u00fcrt man &#8211; frei nach dem Motto: STEIRISCHE KULINARIK MIT \u00d6STERREICHISCHER VIELFALT UND EINER PORTION WEITBLICK. Freuen Sie sich auf Ihr Spiel auf einem der zwei sch\u00f6nsten Golfpl\u00e4tze der Steiermark.<\/p>\n<h2>In the town and yet in the countryside: Golfpartnerhotel Lercher &#8211; wonderful accommodation &#8211; delicious food &#8211; lots of fun!<\/h2>\n<p>In the heart of Murau&#8217;s old town, this historic hotel has stood for family hospitality and cosiness for over 300 years.<br \/>\nEnjoy the cosy rooms of different categories. The \u00e1 la carte restaurant offers specialities from goose to chamois, from asparagus to mushrooms, depending on the mood of nature. The cooperation with producers from the region and all over Austria is palpable &#8211; true to the motto: Styrian CULINARY WITH AUSTRIAN DIVERSITY AND A PORTION OF FAR-SIGHTING. Look forward to your game on one of the two most beautiful golf courses in Styria.<\/p>\n","protected":false},"excerpt":{"rendered":"<p>In der Stadt und doch im Gr\u00fcnen: Golfpartnerhotel Lercher &#8211; Herrlich wohnen &#8211; k\u00f6stlich speisen &#8211; viel Vergn\u00fcgen! Inmitten der Altstadt von Murau steht das historisch gewachsene Haus seit \u00fcber 300 Jahren f\u00fcr famili\u00e4re Gastlichkeit und Gem\u00fctlichkeit. Genie\u00dfen Sie die heimeligen Zimmer unterschiedlicher Kategorien. Das \u00e1 la carte Wirtshaus bietet je nach Lust und Laune [&hellip;]<\/p>\n","protected":false},"author":1,"featured_media":0,"parent":2141,"menu_order":25,"comment_status":"closed","ping_status":"closed","template":"page-partner.php","meta":{"_acf_changed":false,"footnotes":""},"class_list":["post-426","page","type-page","status-publish","hentry"],"acf":{"partner_infobox":"<strong>Adresse:\u00a0<\/strong>Schwarzenbergstr. 10, 8850 Murau\r\n\r\n<strong>Tel:\u00a0<\/strong>03532\/2431\r\n\r\n<strong>Fax:\u00a0<\/strong>03532\/3694\r\n\r\n<strong>Web: <\/strong><a href=\"http:\/\/www.lercher.com\" target=\"_blank\" rel=\"nofollow noopener noreferrer\">www.lercher.com<\/a>\r\n\r\n<strong>E-Mail:<\/strong> <a href=\"mailto:office@hotel-lercher.at\">office@hotel-lercher.at<\/a>\r\n\r\n<strong>Bedingungen:\r\n<\/strong>April\u2013Nov. (\u00d6ffnungszeiten der Golfpl.). Bis 15.5. und ab 15.9. kann der Gutschein bis zu 3 N\u00e4chten eingel\u00f6st werden.\r\n\r\n<strong>Golfclubs in der N\u00e4he:\r\n<\/strong>GC Murau-Kreischberg 3 km\r\nGC Mariahof 15 km\r\n\r\n<strong>Anfahrt:\r\n<\/strong>von Salzburg \u00fcber die Tauernautobahn nach St. Michael \u2192 Tamsweg \u2192 Murau \/ oder: \u00fcber Radst\u00e4tter Tauern \u2192 Mauterndorf \u2192 Tamsweg \u2192 Murau \/ von Wien \u2192 Semmering \u2192 Bruck\/Mur, Judenburg, Scheifling, Murau","partner_logo":425,"partner_gallery":[424,47227,47229,47231,47233,47235,47237,47239],"partner_lat":47.111803,"partner_long":14.170651,"partner_type":"hotel","partner_openings":["1","2","3","4","5","6","7"],"montag_von_bis":"00:00 - 24:00","dienstag_von_bis":"00:00 - 24:00","mittwoch_von_bis":"00:00 - 24:00","donnerstag_von_bis":"00:00 - 24:00","freitag_von_bis":"00:00 - 24:00","samstag_von_bis":"00:00 - 24:00","sonntag_von_bis":"00:00 - 24:00","partner_adresse":"Schwarzenbergstr. 10, 8850 Murau","partner_land_bundesland":"","partner_tel_1":"00433532\/2431","partner_tel_2":"","partner_web":"https:\/\/www.hotel-restaurant-lercher.at","partner_mail":"office@hotel-lercher.at","partner_spielbahnen_par":"","partner_laenge":"","partner_bedingungen":"Gutschein einl\u00f6sbar von April\u2013Nov. (\u00d6ffnungszeiten der Golfpl.). Bis 15.5. und ab 15.9. kann der Gutschein bis zu 2 N\u00e4chten eingel\u00f6st werden.\r\nvoucher redeemable from April-Nov. (opening hours of the golf course). Until 15.5. and from 15.9. the voucher can be redeemed for up to 2 nights.","partner_anfahrt":"","partner_misc":null,"additional_css_classes":""},"yoast_head":"<!-- This site is optimized with the Yoast SEO plugin v26.8 - https:\/\/yoast.com\/product\/yoast-seo-wordpress\/ -->\n<title>Hotel Gasthof Lercher - Fairway 2 Hotel<\/title>\n<meta name=\"robots\" content=\"index, follow, max-snippet:-1, max-image-preview:large, max-video-preview:-1\" \/>\n<link rel=\"canonical\" href=\"https:\/\/fairway2hotel.at\/en\/hotels\/steiermark\/hotel-gasthof-lercher\/\" \/>\n<meta property=\"og:locale\" content=\"en_US\" \/>\n<meta property=\"og:type\" content=\"article\" \/>\n<meta property=\"og:title\" content=\"Hotel Gasthof Lercher - Fairway 2 Hotel\" \/>\n<meta property=\"og:description\" content=\"In der Stadt und doch im Gr\u00fcnen: Golfpartnerhotel Lercher &#8211; Herrlich wohnen &#8211; k\u00f6stlich speisen &#8211; viel Vergn\u00fcgen! Inmitten der Altstadt von Murau steht das historisch gewachsene Haus seit \u00fcber 300 Jahren f\u00fcr famili\u00e4re Gastlichkeit und Gem\u00fctlichkeit. Genie\u00dfen Sie die heimeligen Zimmer unterschiedlicher Kategorien. Das \u00e1 la carte Wirtshaus bietet je nach Lust und Laune [&hellip;]\" \/>\n<meta property=\"og:url\" content=\"https:\/\/fairway2hotel.at\/en\/hotels\/steiermark\/hotel-gasthof-lercher\/\" \/>\n<meta property=\"og:site_name\" content=\"Fairway 2 Hotel\" \/>\n<meta property=\"article:modified_time\" content=\"2026-03-31T13:40:38+00:00\" \/>\n<meta name=\"twitter:card\" content=\"summary_large_image\" \/>\n<meta name=\"twitter:label1\" content=\"Est. reading time\" \/>\n\t<meta name=\"twitter:data1\" content=\"2 minutes\" \/>\n<script type=\"application\/ld+json\" class=\"yoast-schema-graph\">{\"@context\":\"https:\/\/schema.org\",\"@graph\":[{\"@type\":\"WebPage\",\"@id\":\"https:\/\/fairway2hotel.at\/en\/hotels\/steiermark\/hotel-gasthof-lercher\/\",\"url\":\"https:\/\/fairway2hotel.at\/en\/hotels\/steiermark\/hotel-gasthof-lercher\/\",\"name\":\"Hotel Gasthof Lercher - Fairway 2 Hotel\",\"isPartOf\":{\"@id\":\"https:\/\/fairway2hotel.at\/en\/#website\"},\"datePublished\":\"2009-07-19T17:41:37+00:00\",\"dateModified\":\"2026-03-31T13:40:38+00:00\",\"breadcrumb\":{\"@id\":\"https:\/\/fairway2hotel.at\/en\/hotels\/steiermark\/hotel-gasthof-lercher\/#breadcrumb\"},\"inLanguage\":\"en-US\",\"potentialAction\":[{\"@type\":\"ReadAction\",\"target\":[\"https:\/\/fairway2hotel.at\/en\/hotels\/steiermark\/hotel-gasthof-lercher\/\"]}]},{\"@type\":\"BreadcrumbList\",\"@id\":\"https:\/\/fairway2hotel.at\/en\/hotels\/steiermark\/hotel-gasthof-lercher\/#breadcrumb\",\"itemListElement\":[{\"@type\":\"ListItem\",\"position\":1,\"name\":\"Home\",\"item\":\"https:\/\/fairway2hotel.at\/en\/\"},{\"@type\":\"ListItem\",\"position\":2,\"name\":\"Hotels\",\"item\":\"https:\/\/fairway2hotel.at\/en\/hotels\/\"},{\"@type\":\"ListItem\",\"position\":3,\"name\":\"Hotels Steiermark\",\"item\":\"https:\/\/fairway2hotel.at\/en\/hotels\/steiermark\/\"},{\"@type\":\"ListItem\",\"position\":4,\"name\":\"Hotel Gasthof Lercher\"}]},{\"@type\":\"WebSite\",\"@id\":\"https:\/\/fairway2hotel.at\/en\/#website\",\"url\":\"https:\/\/fairway2hotel.at\/en\/\",\"name\":\"Fairway 2 Hotel\",\"description\":\"Golf at half price! 2 play - 1 pays\",\"potentialAction\":[{\"@type\":\"SearchAction\",\"target\":{\"@type\":\"EntryPoint\",\"urlTemplate\":\"https:\/\/fairway2hotel.at\/en\/?s={search_term_string}\"},\"query-input\":{\"@type\":\"PropertyValueSpecification\",\"valueRequired\":true,\"valueName\":\"search_term_string\"}}],\"inLanguage\":\"en-US\"}]}<\/script>\n<!-- \/ Yoast SEO plugin. -->","yoast_head_json":{"title":"Hotel Gasthof Lercher - Fairway 2 Hotel","robots":{"index":"index","follow":"follow","max-snippet":"max-snippet:-1","max-image-preview":"max-image-preview:large","max-video-preview":"max-video-preview:-1"},"canonical":"https:\/\/fairway2hotel.at\/en\/hotels\/steiermark\/hotel-gasthof-lercher\/","og_locale":"en_US","og_type":"article","og_title":"Hotel Gasthof Lercher - Fairway 2 Hotel","og_description":"In der Stadt und doch im Gr\u00fcnen: Golfpartnerhotel Lercher &#8211; Herrlich wohnen &#8211; k\u00f6stlich speisen &#8211; viel Vergn\u00fcgen! Inmitten der Altstadt von Murau steht das historisch gewachsene Haus seit \u00fcber 300 Jahren f\u00fcr famili\u00e4re Gastlichkeit und Gem\u00fctlichkeit. Genie\u00dfen Sie die heimeligen Zimmer unterschiedlicher Kategorien. Das \u00e1 la carte Wirtshaus bietet je nach Lust und Laune [&hellip;]","og_url":"https:\/\/fairway2hotel.at\/en\/hotels\/steiermark\/hotel-gasthof-lercher\/","og_site_name":"Fairway 2 Hotel","article_modified_time":"2026-03-31T13:40:38+00:00","twitter_card":"summary_large_image","twitter_misc":{"Est. reading time":"2 minutes"},"schema":{"@context":"https:\/\/schema.org","@graph":[{"@type":"WebPage","@id":"https:\/\/fairway2hotel.at\/en\/hotels\/steiermark\/hotel-gasthof-lercher\/","url":"https:\/\/fairway2hotel.at\/en\/hotels\/steiermark\/hotel-gasthof-lercher\/","name":"Hotel Gasthof Lercher - Fairway 2 Hotel","isPartOf":{"@id":"https:\/\/fairway2hotel.at\/en\/#website"},"datePublished":"2009-07-19T17:41:37+00:00","dateModified":"2026-03-31T13:40:38+00:00","breadcrumb":{"@id":"https:\/\/fairway2hotel.at\/en\/hotels\/steiermark\/hotel-gasthof-lercher\/#breadcrumb"},"inLanguage":"en-US","potentialAction":[{"@type":"ReadAction","target":["https:\/\/fairway2hotel.at\/en\/hotels\/steiermark\/hotel-gasthof-lercher\/"]}]},{"@type":"BreadcrumbList","@id":"https:\/\/fairway2hotel.at\/en\/hotels\/steiermark\/hotel-gasthof-lercher\/#breadcrumb","itemListElement":[{"@type":"ListItem","position":1,"name":"Home","item":"https:\/\/fairway2hotel.at\/en\/"},{"@type":"ListItem","position":2,"name":"Hotels","item":"https:\/\/fairway2hotel.at\/en\/hotels\/"},{"@type":"ListItem","position":3,"name":"Hotels Steiermark","item":"https:\/\/fairway2hotel.at\/en\/hotels\/steiermark\/"},{"@type":"ListItem","position":4,"name":"Hotel Gasthof Lercher"}]},{"@type":"WebSite","@id":"https:\/\/fairway2hotel.at\/en\/#website","url":"https:\/\/fairway2hotel.at\/en\/","name":"Fairway 2 Hotel","description":"Golf at half price! 2 play - 1 pays","potentialAction":[{"@type":"SearchAction","target":{"@type":"EntryPoint","urlTemplate":"https:\/\/fairway2hotel.at\/en\/?s={search_term_string}"},"query-input":{"@type":"PropertyValueSpecification","valueRequired":true,"valueName":"search_term_string"}}],"inLanguage":"en-US"}]}},"_links":{"self":[{"href":"https:\/\/fairway2hotel.at\/en\/wp-json\/wp\/v2\/pages\/426","targetHints":{"allow":["GET"]}}],"collection":[{"href":"https:\/\/fairway2hotel.at\/en\/wp-json\/wp\/v2\/pages"}],"about":[{"href":"https:\/\/fairway2hotel.at\/en\/wp-json\/wp\/v2\/types\/page"}],"author":[{"embeddable":true,"href":"https:\/\/fairway2hotel.at\/en\/wp-json\/wp\/v2\/users\/1"}],"replies":[{"embeddable":true,"href":"https:\/\/fairway2hotel.at\/en\/wp-json\/wp\/v2\/comments?post=426"}],"version-history":[{"count":15,"href":"https:\/\/fairway2hotel.at\/en\/wp-json\/wp\/v2\/pages\/426\/revisions"}],"predecessor-version":[{"id":53528,"href":"https:\/\/fairway2hotel.at\/en\/wp-json\/wp\/v2\/pages\/426\/revisions\/53528"}],"up":[{"embeddable":true,"href":"https:\/\/fairway2hotel.at\/en\/wp-json\/wp\/v2\/pages\/2141"}],"acf:attachment":[{"embeddable":true,"href":"https:\/\/fairway2hotel.at\/en\/wp-json\/wp\/v2\/media\/47239"},{"embeddable":true,"href":"https:\/\/fairway2hotel.at\/en\/wp-json\/wp\/v2\/media\/47237"},{"embeddable":true,"href":"https:\/\/fairway2hotel.at\/en\/wp-json\/wp\/v2\/media\/47235"},{"embeddable":true,"href":"https:\/\/fairway2hotel.at\/en\/wp-json\/wp\/v2\/media\/47233"},{"embeddable":true,"href":"https:\/\/fairway2hotel.at\/en\/wp-json\/wp\/v2\/media\/47231"},{"embeddable":true,"href":"https:\/\/fairway2hotel.at\/en\/wp-json\/wp\/v2\/media\/47229"},{"embeddable":true,"href":"https:\/\/fairway2hotel.at\/en\/wp-json\/wp\/v2\/media\/47227"},{"embeddable":true,"href":"https:\/\/fairway2hotel.at\/en\/wp-json\/wp\/v2\/media\/424"}],"wp:attachment":[{"href":"https:\/\/fairway2hotel.at\/en\/wp-json\/wp\/v2\/media?parent=426"}],"curies":[{"name":"wp","href":"https:\/\/api.w.org\/{rel}","templated":true}]}}