{"id":42612,"date":"2024-09-30T14:39:54","date_gmt":"2024-09-30T12:39:54","guid":{"rendered":"https:\/\/fairway2hotel.at\/hotels\/tirol\/vaya-seefeld-copy\/"},"modified":"2025-11-20T16:53:47","modified_gmt":"2025-11-20T15:53:47","slug":"grand-hotel-lienz","status":"publish","type":"page","link":"https:\/\/fairway2hotel.at\/en\/hotels\/tirol\/grand-hotel-lienz\/","title":{"rendered":"Grand Hotel Lienz"},"content":{"rendered":"<h2>Das Familiengef\u00fchrt 5 Sterne Grandhotel Lienz \u2013<\/h2>\n<h2>Ein Luxushotel mit Flair &amp; Klasse<\/h2>\n<p>Das Grandhotel Lienz liegt am Fluss Isel mit Blick auf die Lienzer Dolomiten. Es erwarten Sie Gourmetgen\u00fcsse vom Feinsten in unserem Restaurant \u201eOrangerie\u201c auf Sie und nat\u00fcrlich exquisit eingerichtete Zimmer mit Blick auf die Dolomiten, wo Sie nach der Cocktail-Bar oder Terrasse herrlich schlafen werden. Au\u00dferdem stehen f\u00fcr Sie bereit: ein gro\u00dfr\u00e4umiger, lichtdurchfluteter Wellness-,Spa- &amp; Beauty-Bereich sowie unser Highlight: ein Medical Center mit modernster Ausstattung. Nur 10 Autominuten vom *****Grandhotel Lienz entfernt liegt der GC Dolomitengolf Osttirol mit der sch\u00f6nsten 27-Loch-Meisterschaftsanlage \u00d6sterreichs. Als Partnerhotel des Golfclubs erhalten unsere G\u00e4ste 30% auf das Green Fee!<\/p>\n<h2>The family-run 5 star Grandhotel Lienz &#8211;<br \/>\nA luxury hotel with flair &amp; class<\/h2>\n<p>The Grandhotel Lienz is located on the River Isel with a view of the Lienz Dolomites. The finest gourmet delights await you in our restaurant \u2018Orangerie\u2019 and of course exquisitely furnished rooms with a view of the Dolomites, where you will sleep wonderfully after the cocktail bar or terrace. We also have a spacious, light-flooded wellness, spa and beauty area and our highlight: a medical centre with state-of-the-art equipment. Just 10 minutes by car from the *****Grandhotel Lienz is the GC Dolomitengolf Osttirol with the most beautiful 27-hole championship course in Austria. As a partner hotel of the golf club, our guests receive 30% off the green fee!<\/p>\n<p>&nbsp;<\/p>\n<p>&nbsp;<\/p>\n<p>&nbsp;<\/p>\n","protected":false},"excerpt":{"rendered":"<p>Das Familiengef\u00fchrt 5 Sterne Grandhotel Lienz \u2013 Ein Luxushotel mit Flair &amp; Klasse Das Grandhotel Lienz liegt am Fluss Isel mit Blick auf die Lienzer Dolomiten. Es erwarten Sie Gourmetgen\u00fcsse vom Feinsten in unserem Restaurant \u201eOrangerie\u201c auf Sie und nat\u00fcrlich exquisit eingerichtete Zimmer mit Blick auf die Dolomiten, wo Sie nach der Cocktail-Bar oder Terrasse [&hellip;]<\/p>\n","protected":false},"author":24,"featured_media":0,"parent":2186,"menu_order":20,"comment_status":"closed","ping_status":"closed","template":"page-partner.php","meta":{"_acf_changed":false,"footnotes":""},"class_list":["post-42612","page","type-page","status-publish","hentry"],"acf":{"partner_infobox":"<strong>Adresse:\u00a0<\/strong>Thurnfeldgasse 1, 6060 Hall in Tiroll\r\n\r\n<strong>Tel:\u00a0<\/strong>05223\/53769\r\n\r\n<strong>Web: <\/strong><a href=\"http:\/\/www.parkhotel-hall.com\" target=\"_blank\" rel=\"nofollow noopener\">www.parkhotel-hall.com<\/a>\r\n\r\n<strong>E-Mail:<\/strong> <a href=\"mailto:info@parkhotel-hall.com\">info@parkhotel-hall.com<\/a>\r\n\r\n<em><strong>Bedingungen:\r\n<\/strong>Keine Einlo\u0308sung zwischen 23. 12. und 2. 1., Buchungen nur direkt u\u0308ber das Hotel unter Angabe \u201efairway2hotel\u201c bei der Reservierung<\/em>\r\n\r\n<strong>Golfclubs in der N\u00e4he:\r\n<\/strong>Rinn 20 Min. \/ Lans 20 Min. \/ Igls 25 Min. \/ 2 Golfclubs in See- feld 40 Min. \/ Achensee\/Pertisau 35 Min.\r\n\r\n<strong>Anfahrt:\r\n<\/strong>A 12, Ausfahrt Hall Mitte.","partner_logo":null,"partner_gallery":[42624,42614,42616,42620,42622,42626,42632,42634],"partner_lat":46.83124275273813,"partner_long":12.77198128538543,"partner_type":"hotel","partner_openings":["1","2","3","4","5","6","7"],"montag_von_bis":"00:00 - 24:00","dienstag_von_bis":"00:00 - 24:00","mittwoch_von_bis":"00:00 - 24:00","donnerstag_von_bis":"00:00 - 24:00","freitag_von_bis":"00:00 - 24:00","samstag_von_bis":"00:00 - 24:00","sonntag_von_bis":"00:00 - 24:00","partner_adresse":"Fanny-Wibmer-Pedit-Stra\u00dfe 2, 9900 Lienz","partner_land_bundesland":"","partner_tel_1":"+43 4852 64070","partner_tel_2":"","partner_web":"https:\/\/www.grandhotel-lienz.com","partner_mail":"info@grandhotel-lienz.com","partner_spielbahnen_par":"","partner_laenge":"","partner_bedingungen":"Gutschein ist einl\u00f6sbar f\u00fcr 2 oder 3 \u00dcN\/F in der Superior Suite S\u00fcd, nicht buchbar von 19.6.2026-14.9.2026\r\nVoucher is redeemable for 2 or 3 nights\/F in the Superior Suite South, not bookable from 19.6.2026-14.9.2026","partner_anfahrt":"","partner_misc":[{"text_label":"","text_value":""}],"additional_css_classes":""},"yoast_head":"<!-- This site is optimized with the Yoast SEO plugin v26.8 - https:\/\/yoast.com\/product\/yoast-seo-wordpress\/ -->\n<title>Grand Hotel Lienz - Fairway 2 Hotel<\/title>\n<meta name=\"robots\" content=\"index, follow, max-snippet:-1, max-image-preview:large, max-video-preview:-1\" \/>\n<link rel=\"canonical\" href=\"https:\/\/fairway2hotel.at\/en\/hotels\/tirol\/grand-hotel-lienz\/\" \/>\n<meta property=\"og:locale\" content=\"en_US\" \/>\n<meta property=\"og:type\" content=\"article\" \/>\n<meta property=\"og:title\" content=\"Grand Hotel Lienz - Fairway 2 Hotel\" \/>\n<meta property=\"og:description\" content=\"Das Familiengef\u00fchrt 5 Sterne Grandhotel Lienz \u2013 Ein Luxushotel mit Flair &amp; Klasse Das Grandhotel Lienz liegt am Fluss Isel mit Blick auf die Lienzer Dolomiten. Es erwarten Sie Gourmetgen\u00fcsse vom Feinsten in unserem Restaurant \u201eOrangerie\u201c auf Sie und nat\u00fcrlich exquisit eingerichtete Zimmer mit Blick auf die Dolomiten, wo Sie nach der Cocktail-Bar oder Terrasse [&hellip;]\" \/>\n<meta property=\"og:url\" content=\"https:\/\/fairway2hotel.at\/en\/hotels\/tirol\/grand-hotel-lienz\/\" \/>\n<meta property=\"og:site_name\" content=\"Fairway 2 Hotel\" \/>\n<meta property=\"article:modified_time\" content=\"2025-11-20T15:53:47+00:00\" \/>\n<meta name=\"twitter:card\" content=\"summary_large_image\" \/>\n<meta name=\"twitter:label1\" content=\"Est. reading time\" \/>\n\t<meta name=\"twitter:data1\" content=\"2 minutes\" \/>\n<script type=\"application\/ld+json\" class=\"yoast-schema-graph\">{\"@context\":\"https:\/\/schema.org\",\"@graph\":[{\"@type\":\"WebPage\",\"@id\":\"https:\/\/fairway2hotel.at\/en\/hotels\/tirol\/grand-hotel-lienz\/\",\"url\":\"https:\/\/fairway2hotel.at\/en\/hotels\/tirol\/grand-hotel-lienz\/\",\"name\":\"Grand Hotel Lienz - Fairway 2 Hotel\",\"isPartOf\":{\"@id\":\"https:\/\/fairway2hotel.at\/en\/#website\"},\"datePublished\":\"2024-09-30T12:39:54+00:00\",\"dateModified\":\"2025-11-20T15:53:47+00:00\",\"breadcrumb\":{\"@id\":\"https:\/\/fairway2hotel.at\/en\/hotels\/tirol\/grand-hotel-lienz\/#breadcrumb\"},\"inLanguage\":\"en-US\",\"potentialAction\":[{\"@type\":\"ReadAction\",\"target\":[\"https:\/\/fairway2hotel.at\/en\/hotels\/tirol\/grand-hotel-lienz\/\"]}]},{\"@type\":\"BreadcrumbList\",\"@id\":\"https:\/\/fairway2hotel.at\/en\/hotels\/tirol\/grand-hotel-lienz\/#breadcrumb\",\"itemListElement\":[{\"@type\":\"ListItem\",\"position\":1,\"name\":\"Home\",\"item\":\"https:\/\/fairway2hotel.at\/en\/\"},{\"@type\":\"ListItem\",\"position\":2,\"name\":\"Hotels\",\"item\":\"https:\/\/fairway2hotel.at\/en\/hotels\/\"},{\"@type\":\"ListItem\",\"position\":3,\"name\":\"Hotels Tirol\",\"item\":\"https:\/\/fairway2hotel.at\/en\/hotels\/tirol\/\"},{\"@type\":\"ListItem\",\"position\":4,\"name\":\"Grand Hotel Lienz\"}]},{\"@type\":\"WebSite\",\"@id\":\"https:\/\/fairway2hotel.at\/en\/#website\",\"url\":\"https:\/\/fairway2hotel.at\/en\/\",\"name\":\"Fairway 2 Hotel\",\"description\":\"Golf at half price! 2 play - 1 pays\",\"potentialAction\":[{\"@type\":\"SearchAction\",\"target\":{\"@type\":\"EntryPoint\",\"urlTemplate\":\"https:\/\/fairway2hotel.at\/en\/?s={search_term_string}\"},\"query-input\":{\"@type\":\"PropertyValueSpecification\",\"valueRequired\":true,\"valueName\":\"search_term_string\"}}],\"inLanguage\":\"en-US\"}]}<\/script>\n<!-- \/ Yoast SEO plugin. -->","yoast_head_json":{"title":"Grand Hotel Lienz - Fairway 2 Hotel","robots":{"index":"index","follow":"follow","max-snippet":"max-snippet:-1","max-image-preview":"max-image-preview:large","max-video-preview":"max-video-preview:-1"},"canonical":"https:\/\/fairway2hotel.at\/en\/hotels\/tirol\/grand-hotel-lienz\/","og_locale":"en_US","og_type":"article","og_title":"Grand Hotel Lienz - Fairway 2 Hotel","og_description":"Das Familiengef\u00fchrt 5 Sterne Grandhotel Lienz \u2013 Ein Luxushotel mit Flair &amp; Klasse Das Grandhotel Lienz liegt am Fluss Isel mit Blick auf die Lienzer Dolomiten. Es erwarten Sie Gourmetgen\u00fcsse vom Feinsten in unserem Restaurant \u201eOrangerie\u201c auf Sie und nat\u00fcrlich exquisit eingerichtete Zimmer mit Blick auf die Dolomiten, wo Sie nach der Cocktail-Bar oder Terrasse [&hellip;]","og_url":"https:\/\/fairway2hotel.at\/en\/hotels\/tirol\/grand-hotel-lienz\/","og_site_name":"Fairway 2 Hotel","article_modified_time":"2025-11-20T15:53:47+00:00","twitter_card":"summary_large_image","twitter_misc":{"Est. reading time":"2 minutes"},"schema":{"@context":"https:\/\/schema.org","@graph":[{"@type":"WebPage","@id":"https:\/\/fairway2hotel.at\/en\/hotels\/tirol\/grand-hotel-lienz\/","url":"https:\/\/fairway2hotel.at\/en\/hotels\/tirol\/grand-hotel-lienz\/","name":"Grand Hotel Lienz - Fairway 2 Hotel","isPartOf":{"@id":"https:\/\/fairway2hotel.at\/en\/#website"},"datePublished":"2024-09-30T12:39:54+00:00","dateModified":"2025-11-20T15:53:47+00:00","breadcrumb":{"@id":"https:\/\/fairway2hotel.at\/en\/hotels\/tirol\/grand-hotel-lienz\/#breadcrumb"},"inLanguage":"en-US","potentialAction":[{"@type":"ReadAction","target":["https:\/\/fairway2hotel.at\/en\/hotels\/tirol\/grand-hotel-lienz\/"]}]},{"@type":"BreadcrumbList","@id":"https:\/\/fairway2hotel.at\/en\/hotels\/tirol\/grand-hotel-lienz\/#breadcrumb","itemListElement":[{"@type":"ListItem","position":1,"name":"Home","item":"https:\/\/fairway2hotel.at\/en\/"},{"@type":"ListItem","position":2,"name":"Hotels","item":"https:\/\/fairway2hotel.at\/en\/hotels\/"},{"@type":"ListItem","position":3,"name":"Hotels Tirol","item":"https:\/\/fairway2hotel.at\/en\/hotels\/tirol\/"},{"@type":"ListItem","position":4,"name":"Grand Hotel Lienz"}]},{"@type":"WebSite","@id":"https:\/\/fairway2hotel.at\/en\/#website","url":"https:\/\/fairway2hotel.at\/en\/","name":"Fairway 2 Hotel","description":"Golf at half price! 2 play - 1 pays","potentialAction":[{"@type":"SearchAction","target":{"@type":"EntryPoint","urlTemplate":"https:\/\/fairway2hotel.at\/en\/?s={search_term_string}"},"query-input":{"@type":"PropertyValueSpecification","valueRequired":true,"valueName":"search_term_string"}}],"inLanguage":"en-US"}]}},"_links":{"self":[{"href":"https:\/\/fairway2hotel.at\/en\/wp-json\/wp\/v2\/pages\/42612","targetHints":{"allow":["GET"]}}],"collection":[{"href":"https:\/\/fairway2hotel.at\/en\/wp-json\/wp\/v2\/pages"}],"about":[{"href":"https:\/\/fairway2hotel.at\/en\/wp-json\/wp\/v2\/types\/page"}],"author":[{"embeddable":true,"href":"https:\/\/fairway2hotel.at\/en\/wp-json\/wp\/v2\/users\/24"}],"replies":[{"embeddable":true,"href":"https:\/\/fairway2hotel.at\/en\/wp-json\/wp\/v2\/comments?post=42612"}],"version-history":[{"count":11,"href":"https:\/\/fairway2hotel.at\/en\/wp-json\/wp\/v2\/pages\/42612\/revisions"}],"predecessor-version":[{"id":50275,"href":"https:\/\/fairway2hotel.at\/en\/wp-json\/wp\/v2\/pages\/42612\/revisions\/50275"}],"up":[{"embeddable":true,"href":"https:\/\/fairway2hotel.at\/en\/wp-json\/wp\/v2\/pages\/2186"}],"acf:attachment":[{"embeddable":true,"href":"https:\/\/fairway2hotel.at\/en\/wp-json\/wp\/v2\/media\/42634"},{"embeddable":true,"href":"https:\/\/fairway2hotel.at\/en\/wp-json\/wp\/v2\/media\/42632"},{"embeddable":true,"href":"https:\/\/fairway2hotel.at\/en\/wp-json\/wp\/v2\/media\/42626"},{"embeddable":true,"href":"https:\/\/fairway2hotel.at\/en\/wp-json\/wp\/v2\/media\/42622"},{"embeddable":true,"href":"https:\/\/fairway2hotel.at\/en\/wp-json\/wp\/v2\/media\/42620"},{"embeddable":true,"href":"https:\/\/fairway2hotel.at\/en\/wp-json\/wp\/v2\/media\/42616"},{"embeddable":true,"href":"https:\/\/fairway2hotel.at\/en\/wp-json\/wp\/v2\/media\/42614"},{"embeddable":true,"href":"https:\/\/fairway2hotel.at\/en\/wp-json\/wp\/v2\/media\/42624"}],"wp:attachment":[{"href":"https:\/\/fairway2hotel.at\/en\/wp-json\/wp\/v2\/media?parent=42612"}],"curies":[{"name":"wp","href":"https:\/\/api.w.org\/{rel}","templated":true}]}}