{"id":42658,"date":"2024-10-08T09:14:55","date_gmt":"2024-10-08T07:14:55","guid":{"rendered":"https:\/\/fairway2hotel.at\/golfclubs\/deutschland\/auf-der-gsteig-copy\/"},"modified":"2025-02-25T15:32:22","modified_gmt":"2025-02-25T14:32:22","slug":"gc-oberfranken-e-v","status":"publish","type":"page","link":"https:\/\/fairway2hotel.at\/en\/golfclubs\/deutschland\/gc-oberfranken-e-v\/","title":{"rendered":"GC Oberfranken e.V."},"content":{"rendered":"<h2>\u00a0GC Oberfranken-Golfen in traumhafter Natur<\/h2>\n<p>Der Golfclub Oberfranken e.V verkehrsg\u00fcnstig an der A 70, im St\u00e4dtedreieck zwischen Kulmbach, Bayreuth und Bamberg gelegen, f\u00fcgt sich der Golfclub Oberfranken in ruhiger Lage harmonisch in die fr\u00e4nkische Kulturlandschaft ein. Die im Jahr 1965 von Donald Harradine konzipierte Anlage bietet Aussichten von der Kulmbacher Plassenburg \u00fcber die H\u00f6hen des Frankenwaldes bis hin zu den Gipfeln des Fichtelgebirges. Als einer der wenigen klassischen Parklandkurse in Deutschland zeichnet sich der Platz durch seine abwechslungsreichen Spielbahnen aus und erm\u00f6glicht auch im Hochsommer eine erholsame Runde im Schatten des alten Baumbestandes.<\/p>\n<p>Im Anschluss an die Runde kann man den Tag auf der gro\u00dfz\u00fcgigen Clubhausterrasse unmittelbar am 18. Gr\u00fcn ausklingen lassen und den Blick auch noch \u00fcber mehrere Spielbahnen und das \u00dcbungsgel\u00e4nde mit seinem Kurzplatz schweifen lassen. Lohnenswert ist auch ein Abstecher in den Markt Thurnau der durch seinen wunderbar erhaltenen historischen Ortskern und das T\u00f6pferhandwerk bekannt ist.<\/p>\n<h2>GC Oberfranken-Golfing in dreamlike nature<\/h2>\n<p>The Golfclub Oberfranken e.V is conveniently located on the A 70 motorway in the triangle of cities between Kulmbach, Bayreuth and Bamberg, and blends harmoniously into the Franconian cultural landscape. Designed by Donald Harradine in 1965, the course offers views from the Plassenburg castle in Kulmbach over the heights of the Franconian Forest to the peaks of the Fichtelgebirge. As one of the few classic parkland courses in Germany, the course is characterised by its varied fairways and allows for a relaxing round in the shade of the old trees even at the height of summer.<\/p>\n<p>After the round, you can end the day on the spacious clubhouse terrace right next to the 18th green and let your gaze wander over several fairways and the practice area with its short course. It is also worth making a detour to the market town of Thurnau, which is famous for its wonderfully preserved historic town centre and pottery.<\/p>\n","protected":false},"excerpt":{"rendered":"<p>\u00a0GC Oberfranken-Golfen in traumhafter Natur Der Golfclub Oberfranken e.V verkehrsg\u00fcnstig an der A 70, im St\u00e4dtedreieck zwischen Kulmbach, Bayreuth und Bamberg gelegen, f\u00fcgt sich der Golfclub Oberfranken in ruhiger Lage harmonisch in die fr\u00e4nkische Kulturlandschaft ein. Die im Jahr 1965 von Donald Harradine konzipierte Anlage bietet Aussichten von der Kulmbacher Plassenburg \u00fcber die H\u00f6hen des [&hellip;]<\/p>\n","protected":false},"author":24,"featured_media":0,"parent":1607,"menu_order":25,"comment_status":"closed","ping_status":"closed","template":"page-partner.php","meta":{"_acf_changed":false,"footnotes":""},"class_list":["post-42658","page","type-page","status-publish","hentry"],"acf":{"partner_infobox":"<strong>Adresse:<\/strong>Gsteig 1, 86983 Lechbruck am See\r\n\r\n<strong>Tel:\u00a0<\/strong>+49 (0)8862-987750\r\n\r\n<strong>Fax:\u00a0<\/strong>+49 (0)8862-987759\r\n\r\n<strong>Web: <\/strong><a href=\"https:\/\/www.aufdergsteig.de\/\" target=\"_blank\" rel=\"nofollow noopener noreferrer\">www.aufdergsteig.de<\/a>\r\n\r\n<strong>E-Mail:<\/strong> <a href=\"mailto:golf@aufdergsteig.de\">golf@aufdergsteig.de<\/a>\r\n\r\n<strong>Spielbahnen\/Par: <\/strong>18\/3 \/ 71\r\n\r\n<strong>La\u0308nge: <\/strong>gelb: 5.589 m\/rot: 4.902 m\r\n\r\n<em><strong>Bedingungen: <\/strong>Voucher gelten Mo\u2013Fr ab 12:00 Uhr.<\/em>\r\n\r\n<strong>Anfahrt:\r\n<\/strong>A95 Mu\u0308nchen- Garmisch \u2192 Ausfahrt Murnau \u2192 Bad Kohlgrub \u2013 Echelsbacher- bru\u0308cke \u2192 auf Staatsstra\u00dfe \u2192 Steingaden \u2192 Lechbruck.\r\nOder: A96 \u2192 Lindau \u2192 Abfahrt Landsberg\/Lech West \u2192 Schon- gau \u2192 Bernbeuren \u2192 Lechbruck.","partner_logo":null,"partner_gallery":[42660,42662,42664,42666,42670,42672,42674,42676,42678],"partner_lat":50.031893332036475,"partner_long":11.379642026015752,"partner_type":"golfclub","partner_openings":["1","2","3","4","5","6","7"],"montag_von_bis":"00:00 - 24:00","dienstag_von_bis":"00:00 - 24:00","mittwoch_von_bis":"00:00 - 24:00","donnerstag_von_bis":"00:00 - 24:00","freitag_von_bis":"00:00 - 24:00","samstag_von_bis":"00:00 - 24:00","sonntag_von_bis":"00:00 - 24:00","partner_adresse":"Petershof 1, 95349 Thurnau","partner_land_bundesland":"Deutschland","partner_tel_1":"0049 9228 319","partner_tel_2":"","partner_web":"https:\/\/www.gc-oberfranken.de","partner_mail":"info@gc-oberfranken.de","partner_spielbahnen_par":"18\/72","partner_laenge":"gelb: 5.932 m\/rot: 5235m","partner_bedingungen":"","partner_anfahrt":"","partner_misc":null,"additional_css_classes":""},"yoast_head":"<!-- This site is optimized with the Yoast SEO plugin v26.8 - https:\/\/yoast.com\/product\/yoast-seo-wordpress\/ -->\n<title>GC Oberfranken e.V. - Fairway 2 Hotel<\/title>\n<meta name=\"robots\" content=\"index, follow, max-snippet:-1, max-image-preview:large, max-video-preview:-1\" \/>\n<link rel=\"canonical\" href=\"https:\/\/fairway2hotel.at\/en\/golfclubs\/deutschland\/gc-oberfranken-e-v\/\" \/>\n<meta property=\"og:locale\" content=\"en_US\" \/>\n<meta property=\"og:type\" content=\"article\" \/>\n<meta property=\"og:title\" content=\"GC Oberfranken e.V. - Fairway 2 Hotel\" \/>\n<meta property=\"og:description\" content=\"\u00a0GC Oberfranken-Golfen in traumhafter Natur Der Golfclub Oberfranken e.V verkehrsg\u00fcnstig an der A 70, im St\u00e4dtedreieck zwischen Kulmbach, Bayreuth und Bamberg gelegen, f\u00fcgt sich der Golfclub Oberfranken in ruhiger Lage harmonisch in die fr\u00e4nkische Kulturlandschaft ein. Die im Jahr 1965 von Donald Harradine konzipierte Anlage bietet Aussichten von der Kulmbacher Plassenburg \u00fcber die H\u00f6hen des [&hellip;]\" \/>\n<meta property=\"og:url\" content=\"https:\/\/fairway2hotel.at\/en\/golfclubs\/deutschland\/gc-oberfranken-e-v\/\" \/>\n<meta property=\"og:site_name\" content=\"Fairway 2 Hotel\" \/>\n<meta property=\"article:modified_time\" content=\"2025-02-25T14:32:22+00:00\" \/>\n<meta name=\"twitter:card\" content=\"summary_large_image\" \/>\n<meta name=\"twitter:label1\" content=\"Est. reading time\" \/>\n\t<meta name=\"twitter:data1\" content=\"2 minutes\" \/>\n<script type=\"application\/ld+json\" class=\"yoast-schema-graph\">{\"@context\":\"https:\/\/schema.org\",\"@graph\":[{\"@type\":\"WebPage\",\"@id\":\"https:\/\/fairway2hotel.at\/en\/golfclubs\/deutschland\/gc-oberfranken-e-v\/\",\"url\":\"https:\/\/fairway2hotel.at\/en\/golfclubs\/deutschland\/gc-oberfranken-e-v\/\",\"name\":\"GC Oberfranken e.V. - Fairway 2 Hotel\",\"isPartOf\":{\"@id\":\"https:\/\/fairway2hotel.at\/en\/#website\"},\"datePublished\":\"2024-10-08T07:14:55+00:00\",\"dateModified\":\"2025-02-25T14:32:22+00:00\",\"breadcrumb\":{\"@id\":\"https:\/\/fairway2hotel.at\/en\/golfclubs\/deutschland\/gc-oberfranken-e-v\/#breadcrumb\"},\"inLanguage\":\"en-US\",\"potentialAction\":[{\"@type\":\"ReadAction\",\"target\":[\"https:\/\/fairway2hotel.at\/en\/golfclubs\/deutschland\/gc-oberfranken-e-v\/\"]}]},{\"@type\":\"BreadcrumbList\",\"@id\":\"https:\/\/fairway2hotel.at\/en\/golfclubs\/deutschland\/gc-oberfranken-e-v\/#breadcrumb\",\"itemListElement\":[{\"@type\":\"ListItem\",\"position\":1,\"name\":\"Home\",\"item\":\"https:\/\/fairway2hotel.at\/en\/\"},{\"@type\":\"ListItem\",\"position\":2,\"name\":\"Golfclubs\",\"item\":\"https:\/\/fairway2hotel.at\/en\/golfclubs\/\"},{\"@type\":\"ListItem\",\"position\":3,\"name\":\"Golfclubs Deutschland\",\"item\":\"https:\/\/fairway2hotel.at\/en\/golfclubs\/deutschland\/\"},{\"@type\":\"ListItem\",\"position\":4,\"name\":\"GC Oberfranken e.V.\"}]},{\"@type\":\"WebSite\",\"@id\":\"https:\/\/fairway2hotel.at\/en\/#website\",\"url\":\"https:\/\/fairway2hotel.at\/en\/\",\"name\":\"Fairway 2 Hotel\",\"description\":\"Golf at half price! 2 play - 1 pays\",\"potentialAction\":[{\"@type\":\"SearchAction\",\"target\":{\"@type\":\"EntryPoint\",\"urlTemplate\":\"https:\/\/fairway2hotel.at\/en\/?s={search_term_string}\"},\"query-input\":{\"@type\":\"PropertyValueSpecification\",\"valueRequired\":true,\"valueName\":\"search_term_string\"}}],\"inLanguage\":\"en-US\"}]}<\/script>\n<!-- \/ Yoast SEO plugin. -->","yoast_head_json":{"title":"GC Oberfranken e.V. - Fairway 2 Hotel","robots":{"index":"index","follow":"follow","max-snippet":"max-snippet:-1","max-image-preview":"max-image-preview:large","max-video-preview":"max-video-preview:-1"},"canonical":"https:\/\/fairway2hotel.at\/en\/golfclubs\/deutschland\/gc-oberfranken-e-v\/","og_locale":"en_US","og_type":"article","og_title":"GC Oberfranken e.V. - Fairway 2 Hotel","og_description":"\u00a0GC Oberfranken-Golfen in traumhafter Natur Der Golfclub Oberfranken e.V verkehrsg\u00fcnstig an der A 70, im St\u00e4dtedreieck zwischen Kulmbach, Bayreuth und Bamberg gelegen, f\u00fcgt sich der Golfclub Oberfranken in ruhiger Lage harmonisch in die fr\u00e4nkische Kulturlandschaft ein. Die im Jahr 1965 von Donald Harradine konzipierte Anlage bietet Aussichten von der Kulmbacher Plassenburg \u00fcber die H\u00f6hen des [&hellip;]","og_url":"https:\/\/fairway2hotel.at\/en\/golfclubs\/deutschland\/gc-oberfranken-e-v\/","og_site_name":"Fairway 2 Hotel","article_modified_time":"2025-02-25T14:32:22+00:00","twitter_card":"summary_large_image","twitter_misc":{"Est. reading time":"2 minutes"},"schema":{"@context":"https:\/\/schema.org","@graph":[{"@type":"WebPage","@id":"https:\/\/fairway2hotel.at\/en\/golfclubs\/deutschland\/gc-oberfranken-e-v\/","url":"https:\/\/fairway2hotel.at\/en\/golfclubs\/deutschland\/gc-oberfranken-e-v\/","name":"GC Oberfranken e.V. - Fairway 2 Hotel","isPartOf":{"@id":"https:\/\/fairway2hotel.at\/en\/#website"},"datePublished":"2024-10-08T07:14:55+00:00","dateModified":"2025-02-25T14:32:22+00:00","breadcrumb":{"@id":"https:\/\/fairway2hotel.at\/en\/golfclubs\/deutschland\/gc-oberfranken-e-v\/#breadcrumb"},"inLanguage":"en-US","potentialAction":[{"@type":"ReadAction","target":["https:\/\/fairway2hotel.at\/en\/golfclubs\/deutschland\/gc-oberfranken-e-v\/"]}]},{"@type":"BreadcrumbList","@id":"https:\/\/fairway2hotel.at\/en\/golfclubs\/deutschland\/gc-oberfranken-e-v\/#breadcrumb","itemListElement":[{"@type":"ListItem","position":1,"name":"Home","item":"https:\/\/fairway2hotel.at\/en\/"},{"@type":"ListItem","position":2,"name":"Golfclubs","item":"https:\/\/fairway2hotel.at\/en\/golfclubs\/"},{"@type":"ListItem","position":3,"name":"Golfclubs Deutschland","item":"https:\/\/fairway2hotel.at\/en\/golfclubs\/deutschland\/"},{"@type":"ListItem","position":4,"name":"GC Oberfranken e.V."}]},{"@type":"WebSite","@id":"https:\/\/fairway2hotel.at\/en\/#website","url":"https:\/\/fairway2hotel.at\/en\/","name":"Fairway 2 Hotel","description":"Golf at half price! 2 play - 1 pays","potentialAction":[{"@type":"SearchAction","target":{"@type":"EntryPoint","urlTemplate":"https:\/\/fairway2hotel.at\/en\/?s={search_term_string}"},"query-input":{"@type":"PropertyValueSpecification","valueRequired":true,"valueName":"search_term_string"}}],"inLanguage":"en-US"}]}},"_links":{"self":[{"href":"https:\/\/fairway2hotel.at\/en\/wp-json\/wp\/v2\/pages\/42658","targetHints":{"allow":["GET"]}}],"collection":[{"href":"https:\/\/fairway2hotel.at\/en\/wp-json\/wp\/v2\/pages"}],"about":[{"href":"https:\/\/fairway2hotel.at\/en\/wp-json\/wp\/v2\/types\/page"}],"author":[{"embeddable":true,"href":"https:\/\/fairway2hotel.at\/en\/wp-json\/wp\/v2\/users\/24"}],"replies":[{"embeddable":true,"href":"https:\/\/fairway2hotel.at\/en\/wp-json\/wp\/v2\/comments?post=42658"}],"version-history":[{"count":4,"href":"https:\/\/fairway2hotel.at\/en\/wp-json\/wp\/v2\/pages\/42658\/revisions"}],"predecessor-version":[{"id":46206,"href":"https:\/\/fairway2hotel.at\/en\/wp-json\/wp\/v2\/pages\/42658\/revisions\/46206"}],"up":[{"embeddable":true,"href":"https:\/\/fairway2hotel.at\/en\/wp-json\/wp\/v2\/pages\/1607"}],"acf:attachment":[{"embeddable":true,"href":"https:\/\/fairway2hotel.at\/en\/wp-json\/wp\/v2\/media\/42678"},{"embeddable":true,"href":"https:\/\/fairway2hotel.at\/en\/wp-json\/wp\/v2\/media\/42676"},{"embeddable":true,"href":"https:\/\/fairway2hotel.at\/en\/wp-json\/wp\/v2\/media\/42674"},{"embeddable":true,"href":"https:\/\/fairway2hotel.at\/en\/wp-json\/wp\/v2\/media\/42672"},{"embeddable":true,"href":"https:\/\/fairway2hotel.at\/en\/wp-json\/wp\/v2\/media\/42670"},{"embeddable":true,"href":"https:\/\/fairway2hotel.at\/en\/wp-json\/wp\/v2\/media\/42666"},{"embeddable":true,"href":"https:\/\/fairway2hotel.at\/en\/wp-json\/wp\/v2\/media\/42664"},{"embeddable":true,"href":"https:\/\/fairway2hotel.at\/en\/wp-json\/wp\/v2\/media\/42662"},{"embeddable":true,"href":"https:\/\/fairway2hotel.at\/en\/wp-json\/wp\/v2\/media\/42660"}],"wp:attachment":[{"href":"https:\/\/fairway2hotel.at\/en\/wp-json\/wp\/v2\/media?parent=42658"}],"curies":[{"name":"wp","href":"https:\/\/api.w.org\/{rel}","templated":true}]}}