{"id":42711,"date":"2024-10-22T15:50:39","date_gmt":"2024-10-22T13:50:39","guid":{"rendered":"https:\/\/fairway2hotel.at\/golfclubs\/tschechien\/golf-resort-franzensbad-copy\/"},"modified":"2025-03-13T15:51:45","modified_gmt":"2025-03-13T14:51:45","slug":"gc-cihelny-golf-wellness-resort","status":"publish","type":"page","link":"https:\/\/fairway2hotel.at\/en\/golfclubs\/tschechien\/gc-cihelny-golf-wellness-resort\/","title":{"rendered":"GC Cihelny &#8211; Golf &#038; Wellness Resort"},"content":{"rendered":"<h2>Design mit der Signatur einer Legende<\/h2>\n<p>Der Cihelny Golfplatz liegt malerisch im Tal des Flusses Tepl\u00e1 in der N\u00e4he von Karlovy Vary in Tschechien. Dieser anspruchsvolle 18-Loch-Platz im schottischen Stil wurde vom weltber\u00fchmten Golfer Gary Player entworfen. Der Platz bietet eine Vielzahl von nat\u00fcrlichen Hindernissen, darunter Wasserhindernisse und W\u00e4lder, die den Spielern eine Herausforderung bieten. Neben dem Platz gibt es auch \u00dcbungsm\u00f6glichkeiten wie Driving Range, Putting Green und Pitching Area. Der Cihelny Golfplatz ist bekannt f\u00fcr seine atemberaubende Naturkulisse und die hohe Qualit\u00e4t der Greens und Fairways.<\/p>\n<h2>Design with the signature of a legend<\/h2>\n<p>Cihelny Golf Course is situated in the picturesque valley of the Tepl\u00e1 River, near Karlovy Vary in the Czech Republic. This challenging 18-hole course, designed in a Scottish links style, was crafted by the world-renowned golfer Gary Player. The course features a variety of natural obstacles, including water hazards and forests, which provide a true test for golfers. In addition to the main course, there are practice facilities such as a driving range, putting green, and pitching area. Cihelny Golf Course is renowned for its stunning natural scenery and the high quality of its greens and fairways.<\/p>\n","protected":false},"excerpt":{"rendered":"<p>Design mit der Signatur einer Legende Der Cihelny Golfplatz liegt malerisch im Tal des Flusses Tepl\u00e1 in der N\u00e4he von Karlovy Vary in Tschechien. Dieser anspruchsvolle 18-Loch-Platz im schottischen Stil wurde vom weltber\u00fchmten Golfer Gary Player entworfen. Der Platz bietet eine Vielzahl von nat\u00fcrlichen Hindernissen, darunter Wasserhindernisse und W\u00e4lder, die den Spielern eine Herausforderung bieten. [&hellip;]<\/p>\n","protected":false},"author":24,"featured_media":0,"parent":1707,"menu_order":10,"comment_status":"closed","ping_status":"closed","template":"page-partner.php","meta":{"_acf_changed":false,"footnotes":""},"class_list":["post-42711","page","type-page","status-publish","hentry"],"acf":{"partner_infobox":"<strong>Adresse:\u00a0<\/strong>Ovcin 489, 351 32 Hazlov\r\n\r\n<strong>Tel:\u00a0<\/strong>+420 354595402\r\n\r\n<strong>Fax:\u00a0<\/strong>+420 354595141\r\n\r\n<strong>Web: <\/strong><a href=\"http:\/\/www.gr-fl.cz\" target=\"_blank\" rel=\"nofollow noopener\">www.gr-fl.cz<\/a>\r\n\r\n<strong>E-Mail:<\/strong> <a href=\"mailto:recepce.golf@gr-fl.cz\">recepce.golf@gr-fl.cz<\/a>\r\n\r\n<strong>Spielbahnen\/Par: <\/strong>18 - 72\/73\r\n\r\n<strong>La\u0308nge: <\/strong>gelb: 6.076m \/ rot: 5.237m\r\n\r\n<strong>Anfahrt:\r\n<\/strong>Tschechische Republik, Westbo\u0308hmen, 10 Kilometer entfernt von ehemalig deutschtschechischer Grenze. Siehe <a href=\"http:\/\/www.gr-fl.cz\/kontakt\" rel=\"nofollow\">www.gr-fl.cz\/kontakt<\/a>","partner_logo":42715,"partner_gallery":[42743,42717,42719,42721,42723,42725,42727,42729,42731,42733,42735,42737,42739],"partner_lat":50.178840443864246,"partner_long":12.83814192417835,"partner_type":"golfclub","partner_openings":["1","2","3","4","5","6","7"],"montag_von_bis":"00:00 - 24:00","dienstag_von_bis":"00:00 - 24:00","mittwoch_von_bis":"00:00 - 24:00","donnerstag_von_bis":"00:00 - 24:00","freitag_von_bis":"00:00 - 24:00","samstag_von_bis":"00:00 - 24:00","sonntag_von_bis":"00:00 - 24:00","partner_adresse":"Cihelny 7 Karlovy Vary, 364 64 Be\u010dov nad Teplou","partner_land_bundesland":"Tschechische Republik","partner_tel_1":"+ 420 234 614 823","partner_tel_2":"","partner_web":"https:\/\/www.axxoshotels.com\/de\/golf-cihelny","partner_mail":"golfreception.cihelny@axxoshotels.com","partner_spielbahnen_par":"18\/70","partner_laenge":"gelb: 6.076m \/ rot: 5.237m","partner_bedingungen":"","partner_anfahrt":"Tschechische Republik, Westbo\u0308hmen, 10 Kilometer entfernt von ehemalig deutschtschechischer Grenze. Siehe www.gr-fl.cz\/kontakt","partner_misc":null,"additional_css_classes":""},"yoast_head":"<!-- This site is optimized with the Yoast SEO plugin v26.8 - https:\/\/yoast.com\/product\/yoast-seo-wordpress\/ -->\n<title>GC Cihelny - Golf &amp; Wellness Resort - Fairway 2 Hotel<\/title>\n<meta name=\"robots\" content=\"index, follow, max-snippet:-1, max-image-preview:large, max-video-preview:-1\" \/>\n<link rel=\"canonical\" href=\"https:\/\/fairway2hotel.at\/en\/golfclubs\/tschechien\/gc-cihelny-golf-wellness-resort\/\" \/>\n<meta property=\"og:locale\" content=\"en_US\" \/>\n<meta property=\"og:type\" content=\"article\" \/>\n<meta property=\"og:title\" content=\"GC Cihelny - Golf &amp; Wellness Resort - Fairway 2 Hotel\" \/>\n<meta property=\"og:description\" content=\"Design mit der Signatur einer Legende Der Cihelny Golfplatz liegt malerisch im Tal des Flusses Tepl\u00e1 in der N\u00e4he von Karlovy Vary in Tschechien. Dieser anspruchsvolle 18-Loch-Platz im schottischen Stil wurde vom weltber\u00fchmten Golfer Gary Player entworfen. Der Platz bietet eine Vielzahl von nat\u00fcrlichen Hindernissen, darunter Wasserhindernisse und W\u00e4lder, die den Spielern eine Herausforderung bieten. [&hellip;]\" \/>\n<meta property=\"og:url\" content=\"https:\/\/fairway2hotel.at\/en\/golfclubs\/tschechien\/gc-cihelny-golf-wellness-resort\/\" \/>\n<meta property=\"og:site_name\" content=\"Fairway 2 Hotel\" \/>\n<meta property=\"article:modified_time\" content=\"2025-03-13T14:51:45+00:00\" \/>\n<meta name=\"twitter:card\" content=\"summary_large_image\" \/>\n<meta name=\"twitter:label1\" content=\"Est. reading time\" \/>\n\t<meta name=\"twitter:data1\" content=\"2 minutes\" \/>\n<script type=\"application\/ld+json\" class=\"yoast-schema-graph\">{\"@context\":\"https:\/\/schema.org\",\"@graph\":[{\"@type\":\"WebPage\",\"@id\":\"https:\/\/fairway2hotel.at\/en\/golfclubs\/tschechien\/gc-cihelny-golf-wellness-resort\/\",\"url\":\"https:\/\/fairway2hotel.at\/en\/golfclubs\/tschechien\/gc-cihelny-golf-wellness-resort\/\",\"name\":\"GC Cihelny - Golf & Wellness Resort - Fairway 2 Hotel\",\"isPartOf\":{\"@id\":\"https:\/\/fairway2hotel.at\/en\/#website\"},\"datePublished\":\"2024-10-22T13:50:39+00:00\",\"dateModified\":\"2025-03-13T14:51:45+00:00\",\"breadcrumb\":{\"@id\":\"https:\/\/fairway2hotel.at\/en\/golfclubs\/tschechien\/gc-cihelny-golf-wellness-resort\/#breadcrumb\"},\"inLanguage\":\"en-US\",\"potentialAction\":[{\"@type\":\"ReadAction\",\"target\":[\"https:\/\/fairway2hotel.at\/en\/golfclubs\/tschechien\/gc-cihelny-golf-wellness-resort\/\"]}]},{\"@type\":\"BreadcrumbList\",\"@id\":\"https:\/\/fairway2hotel.at\/en\/golfclubs\/tschechien\/gc-cihelny-golf-wellness-resort\/#breadcrumb\",\"itemListElement\":[{\"@type\":\"ListItem\",\"position\":1,\"name\":\"Home\",\"item\":\"https:\/\/fairway2hotel.at\/en\/\"},{\"@type\":\"ListItem\",\"position\":2,\"name\":\"Golfclubs\",\"item\":\"https:\/\/fairway2hotel.at\/en\/golfclubs\/\"},{\"@type\":\"ListItem\",\"position\":3,\"name\":\"Golfclubs Tschechien\",\"item\":\"https:\/\/fairway2hotel.at\/en\/golfclubs\/tschechien\/\"},{\"@type\":\"ListItem\",\"position\":4,\"name\":\"GC Cihelny &#8211; Golf &#038; Wellness Resort\"}]},{\"@type\":\"WebSite\",\"@id\":\"https:\/\/fairway2hotel.at\/en\/#website\",\"url\":\"https:\/\/fairway2hotel.at\/en\/\",\"name\":\"Fairway 2 Hotel\",\"description\":\"Golf at half price! 2 play - 1 pays\",\"potentialAction\":[{\"@type\":\"SearchAction\",\"target\":{\"@type\":\"EntryPoint\",\"urlTemplate\":\"https:\/\/fairway2hotel.at\/en\/?s={search_term_string}\"},\"query-input\":{\"@type\":\"PropertyValueSpecification\",\"valueRequired\":true,\"valueName\":\"search_term_string\"}}],\"inLanguage\":\"en-US\"}]}<\/script>\n<!-- \/ Yoast SEO plugin. -->","yoast_head_json":{"title":"GC Cihelny - Golf & Wellness Resort - Fairway 2 Hotel","robots":{"index":"index","follow":"follow","max-snippet":"max-snippet:-1","max-image-preview":"max-image-preview:large","max-video-preview":"max-video-preview:-1"},"canonical":"https:\/\/fairway2hotel.at\/en\/golfclubs\/tschechien\/gc-cihelny-golf-wellness-resort\/","og_locale":"en_US","og_type":"article","og_title":"GC Cihelny - Golf & Wellness Resort - Fairway 2 Hotel","og_description":"Design mit der Signatur einer Legende Der Cihelny Golfplatz liegt malerisch im Tal des Flusses Tepl\u00e1 in der N\u00e4he von Karlovy Vary in Tschechien. Dieser anspruchsvolle 18-Loch-Platz im schottischen Stil wurde vom weltber\u00fchmten Golfer Gary Player entworfen. Der Platz bietet eine Vielzahl von nat\u00fcrlichen Hindernissen, darunter Wasserhindernisse und W\u00e4lder, die den Spielern eine Herausforderung bieten. [&hellip;]","og_url":"https:\/\/fairway2hotel.at\/en\/golfclubs\/tschechien\/gc-cihelny-golf-wellness-resort\/","og_site_name":"Fairway 2 Hotel","article_modified_time":"2025-03-13T14:51:45+00:00","twitter_card":"summary_large_image","twitter_misc":{"Est. reading time":"2 minutes"},"schema":{"@context":"https:\/\/schema.org","@graph":[{"@type":"WebPage","@id":"https:\/\/fairway2hotel.at\/en\/golfclubs\/tschechien\/gc-cihelny-golf-wellness-resort\/","url":"https:\/\/fairway2hotel.at\/en\/golfclubs\/tschechien\/gc-cihelny-golf-wellness-resort\/","name":"GC Cihelny - Golf & Wellness Resort - Fairway 2 Hotel","isPartOf":{"@id":"https:\/\/fairway2hotel.at\/en\/#website"},"datePublished":"2024-10-22T13:50:39+00:00","dateModified":"2025-03-13T14:51:45+00:00","breadcrumb":{"@id":"https:\/\/fairway2hotel.at\/en\/golfclubs\/tschechien\/gc-cihelny-golf-wellness-resort\/#breadcrumb"},"inLanguage":"en-US","potentialAction":[{"@type":"ReadAction","target":["https:\/\/fairway2hotel.at\/en\/golfclubs\/tschechien\/gc-cihelny-golf-wellness-resort\/"]}]},{"@type":"BreadcrumbList","@id":"https:\/\/fairway2hotel.at\/en\/golfclubs\/tschechien\/gc-cihelny-golf-wellness-resort\/#breadcrumb","itemListElement":[{"@type":"ListItem","position":1,"name":"Home","item":"https:\/\/fairway2hotel.at\/en\/"},{"@type":"ListItem","position":2,"name":"Golfclubs","item":"https:\/\/fairway2hotel.at\/en\/golfclubs\/"},{"@type":"ListItem","position":3,"name":"Golfclubs Tschechien","item":"https:\/\/fairway2hotel.at\/en\/golfclubs\/tschechien\/"},{"@type":"ListItem","position":4,"name":"GC Cihelny &#8211; Golf &#038; Wellness Resort"}]},{"@type":"WebSite","@id":"https:\/\/fairway2hotel.at\/en\/#website","url":"https:\/\/fairway2hotel.at\/en\/","name":"Fairway 2 Hotel","description":"Golf at half price! 2 play - 1 pays","potentialAction":[{"@type":"SearchAction","target":{"@type":"EntryPoint","urlTemplate":"https:\/\/fairway2hotel.at\/en\/?s={search_term_string}"},"query-input":{"@type":"PropertyValueSpecification","valueRequired":true,"valueName":"search_term_string"}}],"inLanguage":"en-US"}]}},"_links":{"self":[{"href":"https:\/\/fairway2hotel.at\/en\/wp-json\/wp\/v2\/pages\/42711","targetHints":{"allow":["GET"]}}],"collection":[{"href":"https:\/\/fairway2hotel.at\/en\/wp-json\/wp\/v2\/pages"}],"about":[{"href":"https:\/\/fairway2hotel.at\/en\/wp-json\/wp\/v2\/types\/page"}],"author":[{"embeddable":true,"href":"https:\/\/fairway2hotel.at\/en\/wp-json\/wp\/v2\/users\/24"}],"replies":[{"embeddable":true,"href":"https:\/\/fairway2hotel.at\/en\/wp-json\/wp\/v2\/comments?post=42711"}],"version-history":[{"count":4,"href":"https:\/\/fairway2hotel.at\/en\/wp-json\/wp\/v2\/pages\/42711\/revisions"}],"predecessor-version":[{"id":46516,"href":"https:\/\/fairway2hotel.at\/en\/wp-json\/wp\/v2\/pages\/42711\/revisions\/46516"}],"up":[{"embeddable":true,"href":"https:\/\/fairway2hotel.at\/en\/wp-json\/wp\/v2\/pages\/1707"}],"acf:attachment":[{"embeddable":true,"href":"https:\/\/fairway2hotel.at\/en\/wp-json\/wp\/v2\/media\/42739"},{"embeddable":true,"href":"https:\/\/fairway2hotel.at\/en\/wp-json\/wp\/v2\/media\/42737"},{"embeddable":true,"href":"https:\/\/fairway2hotel.at\/en\/wp-json\/wp\/v2\/media\/42735"},{"embeddable":true,"href":"https:\/\/fairway2hotel.at\/en\/wp-json\/wp\/v2\/media\/42733"},{"embeddable":true,"href":"https:\/\/fairway2hotel.at\/en\/wp-json\/wp\/v2\/media\/42731"},{"embeddable":true,"href":"https:\/\/fairway2hotel.at\/en\/wp-json\/wp\/v2\/media\/42729"},{"embeddable":true,"href":"https:\/\/fairway2hotel.at\/en\/wp-json\/wp\/v2\/media\/42727"},{"embeddable":true,"href":"https:\/\/fairway2hotel.at\/en\/wp-json\/wp\/v2\/media\/42725"},{"embeddable":true,"href":"https:\/\/fairway2hotel.at\/en\/wp-json\/wp\/v2\/media\/42723"},{"embeddable":true,"href":"https:\/\/fairway2hotel.at\/en\/wp-json\/wp\/v2\/media\/42721"},{"embeddable":true,"href":"https:\/\/fairway2hotel.at\/en\/wp-json\/wp\/v2\/media\/42719"},{"embeddable":true,"href":"https:\/\/fairway2hotel.at\/en\/wp-json\/wp\/v2\/media\/42717"},{"embeddable":true,"href":"https:\/\/fairway2hotel.at\/en\/wp-json\/wp\/v2\/media\/42743"}],"wp:attachment":[{"href":"https:\/\/fairway2hotel.at\/en\/wp-json\/wp\/v2\/media?parent=42711"}],"curies":[{"name":"wp","href":"https:\/\/api.w.org\/{rel}","templated":true}]}}