{"id":42772,"date":"2024-10-24T12:12:05","date_gmt":"2024-10-24T10:12:05","guid":{"rendered":"https:\/\/fairway2hotel.at\/golfclubs\/italien\/golfclub-dei-laghi-copy\/"},"modified":"2025-03-12T11:17:53","modified_gmt":"2025-03-12T10:17:53","slug":"gc-sappada","status":"publish","type":"page","link":"https:\/\/fairway2hotel.at\/en\/golfclubs\/italien\/gc-sappada\/","title":{"rendered":"GC Sappada"},"content":{"rendered":"<h2>9 L\u00f6cher mit Blick auf die Dolomiten<\/h2>\n<p>In der eindrucksvollen Landschaft der Sappadine-Dolomiten, auf 1250 Metern \u00fcber dem Meeresspiegel, erwartet Sie der Sappada Golf Club zu einer sehr angenehmen Runde mit 9 L\u00f6chern (oder, wenn Sie es vorziehen, 18). Der Platz liegt im Zentrum des charakteristischen Bergtouristenortes Sappada und erstreckt sich auf dem Gel\u00e4nde das im Winter f\u00fcr die Skipisten und den ber\u00fchmten Schneespielplatz \u201eNevelandia\u201c genutzt wird. Der Golfplatz mit mittlerem Schwierigkeitsgrad befindet sich auf nat\u00fcrlichem Gel\u00e4nde ohne Hindernisse mit anspruchsvollen Greens aufgrund ihrer geringen Gr\u00f6\u00dfe. Entdecken Sie den Spielspa\u00df auf 1250 m. \u00fcber dem Meeresspiegel in einer atemberaubenden Umgebung, umgeben von Wiesen und W\u00e4ldern, den Bergen und dem Himmel von Sappada. Hinter unserem Clubhaus finden Sie das Putting Green, auf dem Sie Ihre letzten Schl\u00e4ge perfektionieren k\u00f6nnen, und die Driving Range, die sich perfekt dazu eignet, sich mit dem Platz und Ihren Schl\u00e4gen vertraut zu machen.<\/p>\n<p>Ein Kaffee vor der Abreise, ein Snack zwischendurch oder eine Mahlzeit nach der Runde: Unser Clubhaus wird Sie nach Ihrem Spiel bestens erfreuen.<br \/>\nMit einem gro\u00dfen Essbereich und einem Ruhebereich mit Blick auf die Dolomiten ist es zweifellos ein magischer Ort, um mit Golffreunden die Schl\u00e4ge und Ihre Runde zu besprechen.<\/p>\n<p>Ein Ort des Herzens mit Gourmetk\u00fcche aus lokalen Zutaten und reinen Rohstoffen. Die gekonnte Balance zwischen Experimentierfreudigkeit und authentischer Alpentradition, die Liebe zum Detail und die herzliche Begr\u00fc\u00dfung sorgen daf\u00fcr, dass Sie sich wie in einer Familie f\u00fchlen.<\/p>\n<h2><strong>9 holes with a view of the Dolomites<\/strong><\/h2>\n<p>In the impressive landscape of the Sappadine Dolomites, at 1250 metres above sea level, the Sappada Golf Club awaits you for a very enjoyable round of 9 holes (or 18 if you prefer). The course is located in the centre of the characteristic mountain resort of Sappada and extends over the area used in winter for the ski slopes and the famous \u2018Nevelandia\u2019 snow playground. The golf course of medium difficulty is located on natural terrain without obstacles, with challenging greens due to their small size. Discover the fun of playing at 1250 metres above sea level in a breathtaking setting, surrounded by meadows and forests, the mountains and the sky of Sappada. Behind our clubhouse you will find the putting green, where you can perfect your final strokes, and the driving range, which is perfect for familiarising yourself with the course and your shots.<\/p>\n<p>A coffee before you leave, a snack in between or a meal after your round: our clubhouse will delight you after your game.<br \/>\nWith a large dining area and a relaxation area with a view of the Dolomites, it is undoubtedly a magical place to discuss your shots and your round with fellow golfers.<\/p>\n<p>A place of the heart with gourmet cuisine made from local ingredients and pure raw materials. The skilful balance between experimentation and authentic Alpine tradition, the attention to detail and the warm welcome will make you feel like part of the family<\/p>\n<p>&nbsp;<\/p>\n","protected":false},"excerpt":{"rendered":"<p>9 L\u00f6cher mit Blick auf die Dolomiten In der eindrucksvollen Landschaft der Sappadine-Dolomiten, auf 1250 Metern \u00fcber dem Meeresspiegel, erwartet Sie der Sappada Golf Club zu einer sehr angenehmen Runde mit 9 L\u00f6chern (oder, wenn Sie es vorziehen, 18). Der Platz liegt im Zentrum des charakteristischen Bergtouristenortes Sappada und erstreckt sich auf dem Gel\u00e4nde das [&hellip;]<\/p>\n","protected":false},"author":24,"featured_media":0,"parent":1657,"menu_order":10,"comment_status":"closed","ping_status":"closed","template":"page-partner.php","meta":{"_acf_changed":false,"footnotes":""},"class_list":["post-42772","page","type-page","status-publish","hentry"],"acf":{"partner_infobox":"<strong>Adresse:\u00a0<\/strong>Via Trevisani, 926, I-21028 Travedona Monate\r\n\r\n<strong>Tel:\u00a0<\/strong>+39 0332 978101\r\n\r\n<strong>Web: <\/strong><a href=\"https:\/\/www.golfdeilaghi.it\/\" target=\"_blank\" rel=\"nofollow noopener\">www.golfdeilaghi.it<\/a>\r\n\r\n<strong>E-Mail:<\/strong> <a href=\"mailto:segreteria@golfdeilaghi.it \">segreteria@golfdeilaghi.it<\/a>\r\n\r\n<strong>Bedingungen: <\/strong>\r\n\r\n<strong>Spielbahnen\/Par: <\/strong>\r\n\r\n<strong>La\u0308nge:\u00a0<\/strong>\r\n\r\n<strong>Anfahrt:\r\n<\/strong>","partner_logo":42776,"partner_gallery":[42786,42778,42780,42782,42784,42788,42790],"partner_lat":46.56178205452843,"partner_long":12.684233841199246,"partner_type":"golfclub","partner_openings":["1","2","3","4","5","6","7"],"montag_von_bis":"00:00 - 24:00","dienstag_von_bis":"00:00 - 24:00","mittwoch_von_bis":"00:00 - 24:00","donnerstag_von_bis":"00:00 - 24:00","freitag_von_bis":"00:00 - 24:00","samstag_von_bis":"00:00 - 24:00","sonntag_von_bis":"00:00 - 24:00","partner_adresse":"Borgata ta Pal\u00f9 96, 32047 Sappada","partner_land_bundesland":"Italien","partner_tel_1":"+39 347 2600 424","partner_tel_2":"","partner_web":"https:\/\/www.golfclubsappada.com","partner_mail":"info@golfclubsappada.com","partner_spielbahnen_par":"9\/32","partner_laenge":"","partner_bedingungen":"","partner_anfahrt":"","partner_misc":null,"additional_css_classes":""},"yoast_head":"<!-- This site is optimized with the Yoast SEO plugin v26.8 - https:\/\/yoast.com\/product\/yoast-seo-wordpress\/ -->\n<title>GC Sappada - Fairway 2 Hotel<\/title>\n<meta name=\"robots\" content=\"index, follow, max-snippet:-1, max-image-preview:large, max-video-preview:-1\" \/>\n<link rel=\"canonical\" href=\"https:\/\/fairway2hotel.at\/en\/golfclubs\/italien\/gc-sappada\/\" \/>\n<meta property=\"og:locale\" content=\"en_US\" \/>\n<meta property=\"og:type\" content=\"article\" \/>\n<meta property=\"og:title\" content=\"GC Sappada - Fairway 2 Hotel\" \/>\n<meta property=\"og:description\" content=\"9 L\u00f6cher mit Blick auf die Dolomiten In der eindrucksvollen Landschaft der Sappadine-Dolomiten, auf 1250 Metern \u00fcber dem Meeresspiegel, erwartet Sie der Sappada Golf Club zu einer sehr angenehmen Runde mit 9 L\u00f6chern (oder, wenn Sie es vorziehen, 18). Der Platz liegt im Zentrum des charakteristischen Bergtouristenortes Sappada und erstreckt sich auf dem Gel\u00e4nde das [&hellip;]\" \/>\n<meta property=\"og:url\" content=\"https:\/\/fairway2hotel.at\/en\/golfclubs\/italien\/gc-sappada\/\" \/>\n<meta property=\"og:site_name\" content=\"Fairway 2 Hotel\" \/>\n<meta property=\"article:modified_time\" content=\"2025-03-12T10:17:53+00:00\" \/>\n<meta name=\"twitter:card\" content=\"summary_large_image\" \/>\n<meta name=\"twitter:label1\" content=\"Est. reading time\" \/>\n\t<meta name=\"twitter:data1\" content=\"3 minutes\" \/>\n<script type=\"application\/ld+json\" class=\"yoast-schema-graph\">{\"@context\":\"https:\/\/schema.org\",\"@graph\":[{\"@type\":\"WebPage\",\"@id\":\"https:\/\/fairway2hotel.at\/en\/golfclubs\/italien\/gc-sappada\/\",\"url\":\"https:\/\/fairway2hotel.at\/en\/golfclubs\/italien\/gc-sappada\/\",\"name\":\"GC Sappada - Fairway 2 Hotel\",\"isPartOf\":{\"@id\":\"https:\/\/fairway2hotel.at\/en\/#website\"},\"datePublished\":\"2024-10-24T10:12:05+00:00\",\"dateModified\":\"2025-03-12T10:17:53+00:00\",\"breadcrumb\":{\"@id\":\"https:\/\/fairway2hotel.at\/en\/golfclubs\/italien\/gc-sappada\/#breadcrumb\"},\"inLanguage\":\"en-US\",\"potentialAction\":[{\"@type\":\"ReadAction\",\"target\":[\"https:\/\/fairway2hotel.at\/en\/golfclubs\/italien\/gc-sappada\/\"]}]},{\"@type\":\"BreadcrumbList\",\"@id\":\"https:\/\/fairway2hotel.at\/en\/golfclubs\/italien\/gc-sappada\/#breadcrumb\",\"itemListElement\":[{\"@type\":\"ListItem\",\"position\":1,\"name\":\"Home\",\"item\":\"https:\/\/fairway2hotel.at\/en\/\"},{\"@type\":\"ListItem\",\"position\":2,\"name\":\"Golfclubs\",\"item\":\"https:\/\/fairway2hotel.at\/en\/golfclubs\/\"},{\"@type\":\"ListItem\",\"position\":3,\"name\":\"Golfclubs Italien\",\"item\":\"https:\/\/fairway2hotel.at\/en\/golfclubs\/italien\/\"},{\"@type\":\"ListItem\",\"position\":4,\"name\":\"GC Sappada\"}]},{\"@type\":\"WebSite\",\"@id\":\"https:\/\/fairway2hotel.at\/en\/#website\",\"url\":\"https:\/\/fairway2hotel.at\/en\/\",\"name\":\"Fairway 2 Hotel\",\"description\":\"Golf at half price! 2 play - 1 pays\",\"potentialAction\":[{\"@type\":\"SearchAction\",\"target\":{\"@type\":\"EntryPoint\",\"urlTemplate\":\"https:\/\/fairway2hotel.at\/en\/?s={search_term_string}\"},\"query-input\":{\"@type\":\"PropertyValueSpecification\",\"valueRequired\":true,\"valueName\":\"search_term_string\"}}],\"inLanguage\":\"en-US\"}]}<\/script>\n<!-- \/ Yoast SEO plugin. -->","yoast_head_json":{"title":"GC Sappada - Fairway 2 Hotel","robots":{"index":"index","follow":"follow","max-snippet":"max-snippet:-1","max-image-preview":"max-image-preview:large","max-video-preview":"max-video-preview:-1"},"canonical":"https:\/\/fairway2hotel.at\/en\/golfclubs\/italien\/gc-sappada\/","og_locale":"en_US","og_type":"article","og_title":"GC Sappada - Fairway 2 Hotel","og_description":"9 L\u00f6cher mit Blick auf die Dolomiten In der eindrucksvollen Landschaft der Sappadine-Dolomiten, auf 1250 Metern \u00fcber dem Meeresspiegel, erwartet Sie der Sappada Golf Club zu einer sehr angenehmen Runde mit 9 L\u00f6chern (oder, wenn Sie es vorziehen, 18). Der Platz liegt im Zentrum des charakteristischen Bergtouristenortes Sappada und erstreckt sich auf dem Gel\u00e4nde das [&hellip;]","og_url":"https:\/\/fairway2hotel.at\/en\/golfclubs\/italien\/gc-sappada\/","og_site_name":"Fairway 2 Hotel","article_modified_time":"2025-03-12T10:17:53+00:00","twitter_card":"summary_large_image","twitter_misc":{"Est. reading time":"3 minutes"},"schema":{"@context":"https:\/\/schema.org","@graph":[{"@type":"WebPage","@id":"https:\/\/fairway2hotel.at\/en\/golfclubs\/italien\/gc-sappada\/","url":"https:\/\/fairway2hotel.at\/en\/golfclubs\/italien\/gc-sappada\/","name":"GC Sappada - Fairway 2 Hotel","isPartOf":{"@id":"https:\/\/fairway2hotel.at\/en\/#website"},"datePublished":"2024-10-24T10:12:05+00:00","dateModified":"2025-03-12T10:17:53+00:00","breadcrumb":{"@id":"https:\/\/fairway2hotel.at\/en\/golfclubs\/italien\/gc-sappada\/#breadcrumb"},"inLanguage":"en-US","potentialAction":[{"@type":"ReadAction","target":["https:\/\/fairway2hotel.at\/en\/golfclubs\/italien\/gc-sappada\/"]}]},{"@type":"BreadcrumbList","@id":"https:\/\/fairway2hotel.at\/en\/golfclubs\/italien\/gc-sappada\/#breadcrumb","itemListElement":[{"@type":"ListItem","position":1,"name":"Home","item":"https:\/\/fairway2hotel.at\/en\/"},{"@type":"ListItem","position":2,"name":"Golfclubs","item":"https:\/\/fairway2hotel.at\/en\/golfclubs\/"},{"@type":"ListItem","position":3,"name":"Golfclubs Italien","item":"https:\/\/fairway2hotel.at\/en\/golfclubs\/italien\/"},{"@type":"ListItem","position":4,"name":"GC Sappada"}]},{"@type":"WebSite","@id":"https:\/\/fairway2hotel.at\/en\/#website","url":"https:\/\/fairway2hotel.at\/en\/","name":"Fairway 2 Hotel","description":"Golf at half price! 2 play - 1 pays","potentialAction":[{"@type":"SearchAction","target":{"@type":"EntryPoint","urlTemplate":"https:\/\/fairway2hotel.at\/en\/?s={search_term_string}"},"query-input":{"@type":"PropertyValueSpecification","valueRequired":true,"valueName":"search_term_string"}}],"inLanguage":"en-US"}]}},"_links":{"self":[{"href":"https:\/\/fairway2hotel.at\/en\/wp-json\/wp\/v2\/pages\/42772","targetHints":{"allow":["GET"]}}],"collection":[{"href":"https:\/\/fairway2hotel.at\/en\/wp-json\/wp\/v2\/pages"}],"about":[{"href":"https:\/\/fairway2hotel.at\/en\/wp-json\/wp\/v2\/types\/page"}],"author":[{"embeddable":true,"href":"https:\/\/fairway2hotel.at\/en\/wp-json\/wp\/v2\/users\/24"}],"replies":[{"embeddable":true,"href":"https:\/\/fairway2hotel.at\/en\/wp-json\/wp\/v2\/comments?post=42772"}],"version-history":[{"count":4,"href":"https:\/\/fairway2hotel.at\/en\/wp-json\/wp\/v2\/pages\/42772\/revisions"}],"predecessor-version":[{"id":46429,"href":"https:\/\/fairway2hotel.at\/en\/wp-json\/wp\/v2\/pages\/42772\/revisions\/46429"}],"up":[{"embeddable":true,"href":"https:\/\/fairway2hotel.at\/en\/wp-json\/wp\/v2\/pages\/1657"}],"acf:attachment":[{"embeddable":true,"href":"https:\/\/fairway2hotel.at\/en\/wp-json\/wp\/v2\/media\/42790"},{"embeddable":true,"href":"https:\/\/fairway2hotel.at\/en\/wp-json\/wp\/v2\/media\/42788"},{"embeddable":true,"href":"https:\/\/fairway2hotel.at\/en\/wp-json\/wp\/v2\/media\/42784"},{"embeddable":true,"href":"https:\/\/fairway2hotel.at\/en\/wp-json\/wp\/v2\/media\/42782"},{"embeddable":true,"href":"https:\/\/fairway2hotel.at\/en\/wp-json\/wp\/v2\/media\/42780"},{"embeddable":true,"href":"https:\/\/fairway2hotel.at\/en\/wp-json\/wp\/v2\/media\/42778"},{"embeddable":true,"href":"https:\/\/fairway2hotel.at\/en\/wp-json\/wp\/v2\/media\/42786"}],"wp:attachment":[{"href":"https:\/\/fairway2hotel.at\/en\/wp-json\/wp\/v2\/media?parent=42772"}],"curies":[{"name":"wp","href":"https:\/\/api.w.org\/{rel}","templated":true}]}}