{"id":42795,"date":"2024-10-26T14:08:58","date_gmt":"2024-10-26T12:08:58","guid":{"rendered":"https:\/\/fairway2hotel.at\/golfclubs\/tschechien\/gc-cihelny-golf-wellness-resort-copy\/"},"modified":"2025-11-20T16:24:29","modified_gmt":"2025-11-20T15:24:29","slug":"gc-golfpark-podboranky","status":"publish","type":"page","link":"https:\/\/fairway2hotel.at\/en\/golfclubs\/tschechien\/gc-golfpark-podboranky\/","title":{"rendered":"GC Golfpark Podbo\u0159\u00e1nky"},"content":{"rendered":"<h2>Golf f\u00fcr jedermann im Herzen der Natur<\/h2>\n<p>Der ruhig gelegene 9-Loch-Golfplatz mit Driving Range, Putting- und Chipping-Green wurde im Jahr 2002 er\u00f6ffnet. F\u00fcr Anf\u00e4nger stehen au\u00dferdem zwei \u00dcbungsbahnen zur Verf\u00fcgung. Der Platz wurde harmonisch in die bestehende Natur eingebettet und bietet auch anspruchsvollen Spielern eine Herausforderung. F\u00fcr das leibliche Wohl ist in unserem gem\u00fctlichen Clubhaus mit kleinem Imbiss bestens gesorgt.<br \/>\nIn famili\u00e4rer Atmosph\u00e4re und mit professionellem Service schaffen wir einen Ort, an dem sich jeder Golfspieler wie zu Hause f\u00fchlt. Entdecken Sie den Golf Park Podbo\u0159\u00e1nky \u2013 Ihr neues Golf-Zuhause.<\/p>\n<h2>Golf for everyone in the heart of nature<\/h2>\n<p>The quietly situated 9-hole golf course with driving range, putting and chipping green was opened in 2002. There are also two practice holes for beginners. The course has been harmoniously integrated into the natural surroundings and offers a challenge even for the most demanding players. Our cozy clubhouse with a small snack bar is the perfect place to relax.<br \/>\nIn a family atmosphere and with professional service, we create a place where every golfer feels at home. Discover the Golf Park Podbo\u0159\u00e1nky &#8211; your new golf home.<\/p>\n<p>&nbsp;<\/p>\n","protected":false},"excerpt":{"rendered":"<p>Golf f\u00fcr jedermann im Herzen der Natur Der ruhig gelegene 9-Loch-Golfplatz mit Driving Range, Putting- und Chipping-Green wurde im Jahr 2002 er\u00f6ffnet. F\u00fcr Anf\u00e4nger stehen au\u00dferdem zwei \u00dcbungsbahnen zur Verf\u00fcgung. Der Platz wurde harmonisch in die bestehende Natur eingebettet und bietet auch anspruchsvollen Spielern eine Herausforderung. F\u00fcr das leibliche Wohl ist in unserem gem\u00fctlichen Clubhaus [&hellip;]<\/p>\n","protected":false},"author":24,"featured_media":0,"parent":1707,"menu_order":10,"comment_status":"closed","ping_status":"closed","template":"page-partner.php","meta":{"_acf_changed":false,"footnotes":""},"class_list":["post-42795","page","type-page","status-publish","hentry"],"acf":{"partner_infobox":"<strong>Adresse:\u00a0<\/strong>Ovcin 489, 351 32 Hazlov\r\n\r\n<strong>Tel:\u00a0<\/strong>+420 354595402\r\n\r\n<strong>Fax:\u00a0<\/strong>+420 354595141\r\n\r\n<strong>Web: <\/strong><a href=\"http:\/\/www.gr-fl.cz\" target=\"_blank\" rel=\"nofollow noopener\">www.gr-fl.cz<\/a>\r\n\r\n<strong>E-Mail:<\/strong> <a href=\"mailto:recepce.golf@gr-fl.cz\">recepce.golf@gr-fl.cz<\/a>\r\n\r\n<strong>Spielbahnen\/Par: <\/strong>18 - 72\/73\r\n\r\n<strong>La\u0308nge: <\/strong>gelb: 6.076m \/ rot: 5.237m\r\n\r\n<strong>Anfahrt:\r\n<\/strong>Tschechische Republik, Westbo\u0308hmen, 10 Kilometer entfernt von ehemalig deutschtschechischer Grenze. Siehe <a href=\"http:\/\/www.gr-fl.cz\/kontakt\" rel=\"nofollow\">www.gr-fl.cz\/kontakt<\/a>","partner_logo":42797,"partner_gallery":[42799,42803,42807,42809,42811,42813,42817,42819],"partner_lat":50.05123656289815,"partner_long":13.44663601067708,"partner_type":"golfclub","partner_openings":["1","2","3","4","5"],"montag_von_bis":"00:00 - 24:00","dienstag_von_bis":"00:00 - 24:00","mittwoch_von_bis":"00:00 - 24:00","donnerstag_von_bis":"00:00 - 24:00","freitag_von_bis":"00:00 - 24:00","samstag_von_bis":"00:00 - 24:00","sonntag_von_bis":"00:00 - 24:00","partner_adresse":"Podboranky 60, 27033 Jesenice","partner_land_bundesland":"Tschechische Republik","partner_tel_1":"+420 702 072 775","partner_tel_2":"","partner_web":"https:\/\/www.golfpark.cz\/","partner_mail":"info@golfpark.cz","partner_spielbahnen_par":"9\/70","partner_laenge":"gelb: 6.076m \/ rot: 5.237m","partner_bedingungen":"GS einl\u00f6sbar von Mo-Fr ausgenommen Feiertage\r\nvouchers valid Mon-Fri except public holidays","partner_anfahrt":"Tschechische Republik, Westbo\u0308hmen, 10 Kilometer entfernt von ehemalig deutschtschechischer Grenze. Siehe www.gr-fl.cz\/kontakt","partner_misc":null,"additional_css_classes":""},"yoast_head":"<!-- This site is optimized with the Yoast SEO plugin v26.8 - https:\/\/yoast.com\/product\/yoast-seo-wordpress\/ -->\n<title>GC Golfpark Podbo\u0159\u00e1nky - Fairway 2 Hotel<\/title>\n<meta name=\"robots\" content=\"index, follow, max-snippet:-1, max-image-preview:large, max-video-preview:-1\" \/>\n<link rel=\"canonical\" href=\"https:\/\/fairway2hotel.at\/en\/golfclubs\/tschechien\/gc-golfpark-podboranky\/\" \/>\n<meta property=\"og:locale\" content=\"en_US\" \/>\n<meta property=\"og:type\" content=\"article\" \/>\n<meta property=\"og:title\" content=\"GC Golfpark Podbo\u0159\u00e1nky - Fairway 2 Hotel\" \/>\n<meta property=\"og:description\" content=\"Golf f\u00fcr jedermann im Herzen der Natur Der ruhig gelegene 9-Loch-Golfplatz mit Driving Range, Putting- und Chipping-Green wurde im Jahr 2002 er\u00f6ffnet. F\u00fcr Anf\u00e4nger stehen au\u00dferdem zwei \u00dcbungsbahnen zur Verf\u00fcgung. Der Platz wurde harmonisch in die bestehende Natur eingebettet und bietet auch anspruchsvollen Spielern eine Herausforderung. F\u00fcr das leibliche Wohl ist in unserem gem\u00fctlichen Clubhaus [&hellip;]\" \/>\n<meta property=\"og:url\" content=\"https:\/\/fairway2hotel.at\/en\/golfclubs\/tschechien\/gc-golfpark-podboranky\/\" \/>\n<meta property=\"og:site_name\" content=\"Fairway 2 Hotel\" \/>\n<meta property=\"article:modified_time\" content=\"2025-11-20T15:24:29+00:00\" \/>\n<meta name=\"twitter:card\" content=\"summary_large_image\" \/>\n<meta name=\"twitter:label1\" content=\"Est. reading time\" \/>\n\t<meta name=\"twitter:data1\" content=\"2 minutes\" \/>\n<script type=\"application\/ld+json\" class=\"yoast-schema-graph\">{\"@context\":\"https:\/\/schema.org\",\"@graph\":[{\"@type\":\"WebPage\",\"@id\":\"https:\/\/fairway2hotel.at\/en\/golfclubs\/tschechien\/gc-golfpark-podboranky\/\",\"url\":\"https:\/\/fairway2hotel.at\/en\/golfclubs\/tschechien\/gc-golfpark-podboranky\/\",\"name\":\"GC Golfpark Podbo\u0159\u00e1nky - Fairway 2 Hotel\",\"isPartOf\":{\"@id\":\"https:\/\/fairway2hotel.at\/en\/#website\"},\"datePublished\":\"2024-10-26T12:08:58+00:00\",\"dateModified\":\"2025-11-20T15:24:29+00:00\",\"breadcrumb\":{\"@id\":\"https:\/\/fairway2hotel.at\/en\/golfclubs\/tschechien\/gc-golfpark-podboranky\/#breadcrumb\"},\"inLanguage\":\"en-US\",\"potentialAction\":[{\"@type\":\"ReadAction\",\"target\":[\"https:\/\/fairway2hotel.at\/en\/golfclubs\/tschechien\/gc-golfpark-podboranky\/\"]}]},{\"@type\":\"BreadcrumbList\",\"@id\":\"https:\/\/fairway2hotel.at\/en\/golfclubs\/tschechien\/gc-golfpark-podboranky\/#breadcrumb\",\"itemListElement\":[{\"@type\":\"ListItem\",\"position\":1,\"name\":\"Home\",\"item\":\"https:\/\/fairway2hotel.at\/en\/\"},{\"@type\":\"ListItem\",\"position\":2,\"name\":\"Golfclubs\",\"item\":\"https:\/\/fairway2hotel.at\/en\/golfclubs\/\"},{\"@type\":\"ListItem\",\"position\":3,\"name\":\"Golfclubs Tschechien\",\"item\":\"https:\/\/fairway2hotel.at\/en\/golfclubs\/tschechien\/\"},{\"@type\":\"ListItem\",\"position\":4,\"name\":\"GC Golfpark Podbo\u0159\u00e1nky\"}]},{\"@type\":\"WebSite\",\"@id\":\"https:\/\/fairway2hotel.at\/en\/#website\",\"url\":\"https:\/\/fairway2hotel.at\/en\/\",\"name\":\"Fairway 2 Hotel\",\"description\":\"Golf at half price! 2 play - 1 pays\",\"potentialAction\":[{\"@type\":\"SearchAction\",\"target\":{\"@type\":\"EntryPoint\",\"urlTemplate\":\"https:\/\/fairway2hotel.at\/en\/?s={search_term_string}\"},\"query-input\":{\"@type\":\"PropertyValueSpecification\",\"valueRequired\":true,\"valueName\":\"search_term_string\"}}],\"inLanguage\":\"en-US\"}]}<\/script>\n<!-- \/ Yoast SEO plugin. -->","yoast_head_json":{"title":"GC Golfpark Podbo\u0159\u00e1nky - Fairway 2 Hotel","robots":{"index":"index","follow":"follow","max-snippet":"max-snippet:-1","max-image-preview":"max-image-preview:large","max-video-preview":"max-video-preview:-1"},"canonical":"https:\/\/fairway2hotel.at\/en\/golfclubs\/tschechien\/gc-golfpark-podboranky\/","og_locale":"en_US","og_type":"article","og_title":"GC Golfpark Podbo\u0159\u00e1nky - Fairway 2 Hotel","og_description":"Golf f\u00fcr jedermann im Herzen der Natur Der ruhig gelegene 9-Loch-Golfplatz mit Driving Range, Putting- und Chipping-Green wurde im Jahr 2002 er\u00f6ffnet. F\u00fcr Anf\u00e4nger stehen au\u00dferdem zwei \u00dcbungsbahnen zur Verf\u00fcgung. Der Platz wurde harmonisch in die bestehende Natur eingebettet und bietet auch anspruchsvollen Spielern eine Herausforderung. F\u00fcr das leibliche Wohl ist in unserem gem\u00fctlichen Clubhaus [&hellip;]","og_url":"https:\/\/fairway2hotel.at\/en\/golfclubs\/tschechien\/gc-golfpark-podboranky\/","og_site_name":"Fairway 2 Hotel","article_modified_time":"2025-11-20T15:24:29+00:00","twitter_card":"summary_large_image","twitter_misc":{"Est. reading time":"2 minutes"},"schema":{"@context":"https:\/\/schema.org","@graph":[{"@type":"WebPage","@id":"https:\/\/fairway2hotel.at\/en\/golfclubs\/tschechien\/gc-golfpark-podboranky\/","url":"https:\/\/fairway2hotel.at\/en\/golfclubs\/tschechien\/gc-golfpark-podboranky\/","name":"GC Golfpark Podbo\u0159\u00e1nky - Fairway 2 Hotel","isPartOf":{"@id":"https:\/\/fairway2hotel.at\/en\/#website"},"datePublished":"2024-10-26T12:08:58+00:00","dateModified":"2025-11-20T15:24:29+00:00","breadcrumb":{"@id":"https:\/\/fairway2hotel.at\/en\/golfclubs\/tschechien\/gc-golfpark-podboranky\/#breadcrumb"},"inLanguage":"en-US","potentialAction":[{"@type":"ReadAction","target":["https:\/\/fairway2hotel.at\/en\/golfclubs\/tschechien\/gc-golfpark-podboranky\/"]}]},{"@type":"BreadcrumbList","@id":"https:\/\/fairway2hotel.at\/en\/golfclubs\/tschechien\/gc-golfpark-podboranky\/#breadcrumb","itemListElement":[{"@type":"ListItem","position":1,"name":"Home","item":"https:\/\/fairway2hotel.at\/en\/"},{"@type":"ListItem","position":2,"name":"Golfclubs","item":"https:\/\/fairway2hotel.at\/en\/golfclubs\/"},{"@type":"ListItem","position":3,"name":"Golfclubs Tschechien","item":"https:\/\/fairway2hotel.at\/en\/golfclubs\/tschechien\/"},{"@type":"ListItem","position":4,"name":"GC Golfpark Podbo\u0159\u00e1nky"}]},{"@type":"WebSite","@id":"https:\/\/fairway2hotel.at\/en\/#website","url":"https:\/\/fairway2hotel.at\/en\/","name":"Fairway 2 Hotel","description":"Golf at half price! 2 play - 1 pays","potentialAction":[{"@type":"SearchAction","target":{"@type":"EntryPoint","urlTemplate":"https:\/\/fairway2hotel.at\/en\/?s={search_term_string}"},"query-input":{"@type":"PropertyValueSpecification","valueRequired":true,"valueName":"search_term_string"}}],"inLanguage":"en-US"}]}},"_links":{"self":[{"href":"https:\/\/fairway2hotel.at\/en\/wp-json\/wp\/v2\/pages\/42795","targetHints":{"allow":["GET"]}}],"collection":[{"href":"https:\/\/fairway2hotel.at\/en\/wp-json\/wp\/v2\/pages"}],"about":[{"href":"https:\/\/fairway2hotel.at\/en\/wp-json\/wp\/v2\/types\/page"}],"author":[{"embeddable":true,"href":"https:\/\/fairway2hotel.at\/en\/wp-json\/wp\/v2\/users\/24"}],"replies":[{"embeddable":true,"href":"https:\/\/fairway2hotel.at\/en\/wp-json\/wp\/v2\/comments?post=42795"}],"version-history":[{"count":5,"href":"https:\/\/fairway2hotel.at\/en\/wp-json\/wp\/v2\/pages\/42795\/revisions"}],"predecessor-version":[{"id":50266,"href":"https:\/\/fairway2hotel.at\/en\/wp-json\/wp\/v2\/pages\/42795\/revisions\/50266"}],"up":[{"embeddable":true,"href":"https:\/\/fairway2hotel.at\/en\/wp-json\/wp\/v2\/pages\/1707"}],"acf:attachment":[{"embeddable":true,"href":"https:\/\/fairway2hotel.at\/en\/wp-json\/wp\/v2\/media\/42819"},{"embeddable":true,"href":"https:\/\/fairway2hotel.at\/en\/wp-json\/wp\/v2\/media\/42817"},{"embeddable":true,"href":"https:\/\/fairway2hotel.at\/en\/wp-json\/wp\/v2\/media\/42813"},{"embeddable":true,"href":"https:\/\/fairway2hotel.at\/en\/wp-json\/wp\/v2\/media\/42811"},{"embeddable":true,"href":"https:\/\/fairway2hotel.at\/en\/wp-json\/wp\/v2\/media\/42809"},{"embeddable":true,"href":"https:\/\/fairway2hotel.at\/en\/wp-json\/wp\/v2\/media\/42807"},{"embeddable":true,"href":"https:\/\/fairway2hotel.at\/en\/wp-json\/wp\/v2\/media\/42803"},{"embeddable":true,"href":"https:\/\/fairway2hotel.at\/en\/wp-json\/wp\/v2\/media\/42799"}],"wp:attachment":[{"href":"https:\/\/fairway2hotel.at\/en\/wp-json\/wp\/v2\/media?parent=42795"}],"curies":[{"name":"wp","href":"https:\/\/api.w.org\/{rel}","templated":true}]}}