{"id":42822,"date":"2024-10-26T14:36:06","date_gmt":"2024-10-26T12:36:06","guid":{"rendered":"https:\/\/fairway2hotel.at\/golfclubs\/italien\/golfclub-argenta-copy\/"},"modified":"2025-03-12T11:21:28","modified_gmt":"2025-03-12T10:21:28","slug":"gc-brianza-golf-country-club","status":"publish","type":"page","link":"https:\/\/fairway2hotel.at\/en\/golfclubs\/italien\/gc-brianza-golf-country-club\/","title":{"rendered":"GC Brianza Golf &#038; Country Club"},"content":{"rendered":"<h2>G\u00f6ttliches Golfen n\u00f6rdlich von Mailand<\/h2>\n<p>Der Platz schl\u00e4ngelt sich durch ein welliges und nat\u00fcrliches Amphitheater mit einem h\u00fcgeligen Teil und einem flachen Teil. Es gibt vier Seen, die die schwierigeren L\u00f6cher charakterisieren. Der Platz ist technisch, abwechslungsreich und macht sowohl guten als auch weniger erfahrenen Spielern Spa\u00df. Das Clubhaus verf\u00fcgt \u00fcber eine Driving Range (21 Abschlagpl\u00e4tze, davon 7 \u00fcberdacht), einen Bereich f\u00fcr Kurzspiele mit Putting Green, gro\u00dfem Pitching Green und \u00dcbungsbunkern. Im Clubhaus stehen Golfern und Nicht-Golfern das elegante Restaurant sowie ein Pro-Shop und Umkleider\u00e4ume mit Sauna zur Verf\u00fcgung.<\/p>\n<h2>Divine golfing north of Milan<\/h2>\n<p>The course winds within an undulating natural amphitheater, with a hilly part and a flat part. There are four lakes that characterize the more difficult holes. The course is technical, varied and fun for both good and less experienced players. The clubhouse has a driving range (21 stations, 7 of which are covered), an area designated for short game with putting green, large pitching green and practice bunkers. Inside the Club-House golfers and non-golfers have at their disposal the elegant Restaurant, as well as services such as Pro-shop and Locker rooms with Sauna.<\/p>\n","protected":false},"excerpt":{"rendered":"<p>G\u00f6ttliches Golfen n\u00f6rdlich von Mailand Der Platz schl\u00e4ngelt sich durch ein welliges und nat\u00fcrliches Amphitheater mit einem h\u00fcgeligen Teil und einem flachen Teil. Es gibt vier Seen, die die schwierigeren L\u00f6cher charakterisieren. Der Platz ist technisch, abwechslungsreich und macht sowohl guten als auch weniger erfahrenen Spielern Spa\u00df. Das Clubhaus verf\u00fcgt \u00fcber eine Driving Range (21 [&hellip;]<\/p>\n","protected":false},"author":24,"featured_media":0,"parent":1657,"menu_order":15,"comment_status":"closed","ping_status":"closed","template":"page-partner.php","meta":{"_acf_changed":false,"footnotes":""},"class_list":["post-42822","page","type-page","status-publish","hentry"],"acf":{"partner_infobox":"<strong>Adresse:<\/strong>Via Poderi 2\/A I-44011 Argenta (FE)\r\n\r\n<strong>Tel:\u00a0<\/strong>+39 0532\/852545\r\n\r\n<strong>Fax:\u00a0<\/strong>+39 0532\/852545\r\n\r\n<strong>Web: <\/strong><a href=\"http:\/\/www.argentagolf.it\" target=\"_blank\" rel=\"nofollow noopener noreferrer\">www.argentagolf.it<\/a>\r\n\r\n<strong>E-Mail:<\/strong> <a href=\"mailto:segreteria@argentagolf.it\">segreteria@argentagolf.it<\/a>\r\n\r\n<strong>Spielbahnen\/Par: <\/strong>18\/72\r\n\r\n<strong>La\u0308nge: <\/strong>gelb: 6.300 m, rot: 5.545 m\r\n\r\n<strong>Bedingungen:\r\n<\/strong>Montags geschlossen (ausgenommen Feiertage).\r\n\r\n<strong>Anfahrt:\r\n<\/strong>Venedig \u2192 A13 Richtung Bologna \u2192 Ausfahrt \u201eFerrara Sud\u201c \u2192 SS 16 Richtung Ravenna \u21921 km vor dem Ortsschild von Argenta der Beschilderung folgen und rechts zum GC abbiegen.","partner_logo":42824,"partner_gallery":[42826,42828,42830],"partner_lat":45.645008882835896,"partner_long":9.35855314115969,"partner_type":"golfclub","partner_openings":["1","2","3","4","5","6","7"],"montag_von_bis":"00:00 - 24:00","dienstag_von_bis":"00:00 - 24:00","mittwoch_von_bis":"00:00 - 24:00","donnerstag_von_bis":"00:00 - 24:00","freitag_von_bis":"00:00 - 24:00","samstag_von_bis":"00:00 - 24:00","sonntag_von_bis":"00:00 - 24:00","partner_adresse":"Via Cascina Cazz\u00f9 4, 20865 Usmate Velate ","partner_land_bundesland":"Italien","partner_tel_1":"","partner_tel_2":"0039 039 6829089","partner_web":"https:\/\/www.brianzagolf.it","partner_mail":"segreteria@brianzagolf.it","partner_spielbahnen_par":"18\/72","partner_laenge":"gelb: 6.300 m, rot: 5.545 m","partner_bedingungen":"jederzeit einl\u00f6sbar, Einzelspieler bezahlen \u20ac 70,--\r\nalways redeemable, a single player can use the voucher for \u20ac70,--","partner_anfahrt":"Venedig \u2192 A13 Richtung Bologna \u2192 Ausfahrt \u201eFerrara Sud\u201c \u2192 SS 16 Richtung Ravenna \u21921 km vor dem Ortsschild von Argenta der Beschilderung folgen und rechts zum GC abbiegen.","partner_misc":null,"additional_css_classes":""},"yoast_head":"<!-- This site is optimized with the Yoast SEO plugin v26.8 - https:\/\/yoast.com\/product\/yoast-seo-wordpress\/ -->\n<title>GC Brianza Golf &amp; Country Club - Fairway 2 Hotel<\/title>\n<meta name=\"robots\" content=\"index, follow, max-snippet:-1, max-image-preview:large, max-video-preview:-1\" \/>\n<link rel=\"canonical\" href=\"https:\/\/fairway2hotel.at\/en\/golfclubs\/italien\/gc-brianza-golf-country-club\/\" \/>\n<meta property=\"og:locale\" content=\"en_US\" \/>\n<meta property=\"og:type\" content=\"article\" \/>\n<meta property=\"og:title\" content=\"GC Brianza Golf &amp; Country Club - Fairway 2 Hotel\" \/>\n<meta property=\"og:description\" content=\"G\u00f6ttliches Golfen n\u00f6rdlich von Mailand Der Platz schl\u00e4ngelt sich durch ein welliges und nat\u00fcrliches Amphitheater mit einem h\u00fcgeligen Teil und einem flachen Teil. Es gibt vier Seen, die die schwierigeren L\u00f6cher charakterisieren. Der Platz ist technisch, abwechslungsreich und macht sowohl guten als auch weniger erfahrenen Spielern Spa\u00df. Das Clubhaus verf\u00fcgt \u00fcber eine Driving Range (21 [&hellip;]\" \/>\n<meta property=\"og:url\" content=\"https:\/\/fairway2hotel.at\/en\/golfclubs\/italien\/gc-brianza-golf-country-club\/\" \/>\n<meta property=\"og:site_name\" content=\"Fairway 2 Hotel\" \/>\n<meta property=\"article:modified_time\" content=\"2025-03-12T10:21:28+00:00\" \/>\n<meta name=\"twitter:card\" content=\"summary_large_image\" \/>\n<meta name=\"twitter:label1\" content=\"Est. reading time\" \/>\n\t<meta name=\"twitter:data1\" content=\"2 minutes\" \/>\n<script type=\"application\/ld+json\" class=\"yoast-schema-graph\">{\"@context\":\"https:\/\/schema.org\",\"@graph\":[{\"@type\":\"WebPage\",\"@id\":\"https:\/\/fairway2hotel.at\/en\/golfclubs\/italien\/gc-brianza-golf-country-club\/\",\"url\":\"https:\/\/fairway2hotel.at\/en\/golfclubs\/italien\/gc-brianza-golf-country-club\/\",\"name\":\"GC Brianza Golf & Country Club - Fairway 2 Hotel\",\"isPartOf\":{\"@id\":\"https:\/\/fairway2hotel.at\/en\/#website\"},\"datePublished\":\"2024-10-26T12:36:06+00:00\",\"dateModified\":\"2025-03-12T10:21:28+00:00\",\"breadcrumb\":{\"@id\":\"https:\/\/fairway2hotel.at\/en\/golfclubs\/italien\/gc-brianza-golf-country-club\/#breadcrumb\"},\"inLanguage\":\"en-US\",\"potentialAction\":[{\"@type\":\"ReadAction\",\"target\":[\"https:\/\/fairway2hotel.at\/en\/golfclubs\/italien\/gc-brianza-golf-country-club\/\"]}]},{\"@type\":\"BreadcrumbList\",\"@id\":\"https:\/\/fairway2hotel.at\/en\/golfclubs\/italien\/gc-brianza-golf-country-club\/#breadcrumb\",\"itemListElement\":[{\"@type\":\"ListItem\",\"position\":1,\"name\":\"Home\",\"item\":\"https:\/\/fairway2hotel.at\/en\/\"},{\"@type\":\"ListItem\",\"position\":2,\"name\":\"Golfclubs\",\"item\":\"https:\/\/fairway2hotel.at\/en\/golfclubs\/\"},{\"@type\":\"ListItem\",\"position\":3,\"name\":\"Golfclubs Italien\",\"item\":\"https:\/\/fairway2hotel.at\/en\/golfclubs\/italien\/\"},{\"@type\":\"ListItem\",\"position\":4,\"name\":\"GC Brianza Golf &#038; Country Club\"}]},{\"@type\":\"WebSite\",\"@id\":\"https:\/\/fairway2hotel.at\/en\/#website\",\"url\":\"https:\/\/fairway2hotel.at\/en\/\",\"name\":\"Fairway 2 Hotel\",\"description\":\"Golf at half price! 2 play - 1 pays\",\"potentialAction\":[{\"@type\":\"SearchAction\",\"target\":{\"@type\":\"EntryPoint\",\"urlTemplate\":\"https:\/\/fairway2hotel.at\/en\/?s={search_term_string}\"},\"query-input\":{\"@type\":\"PropertyValueSpecification\",\"valueRequired\":true,\"valueName\":\"search_term_string\"}}],\"inLanguage\":\"en-US\"}]}<\/script>\n<!-- \/ Yoast SEO plugin. -->","yoast_head_json":{"title":"GC Brianza Golf & Country Club - Fairway 2 Hotel","robots":{"index":"index","follow":"follow","max-snippet":"max-snippet:-1","max-image-preview":"max-image-preview:large","max-video-preview":"max-video-preview:-1"},"canonical":"https:\/\/fairway2hotel.at\/en\/golfclubs\/italien\/gc-brianza-golf-country-club\/","og_locale":"en_US","og_type":"article","og_title":"GC Brianza Golf & Country Club - Fairway 2 Hotel","og_description":"G\u00f6ttliches Golfen n\u00f6rdlich von Mailand Der Platz schl\u00e4ngelt sich durch ein welliges und nat\u00fcrliches Amphitheater mit einem h\u00fcgeligen Teil und einem flachen Teil. Es gibt vier Seen, die die schwierigeren L\u00f6cher charakterisieren. Der Platz ist technisch, abwechslungsreich und macht sowohl guten als auch weniger erfahrenen Spielern Spa\u00df. Das Clubhaus verf\u00fcgt \u00fcber eine Driving Range (21 [&hellip;]","og_url":"https:\/\/fairway2hotel.at\/en\/golfclubs\/italien\/gc-brianza-golf-country-club\/","og_site_name":"Fairway 2 Hotel","article_modified_time":"2025-03-12T10:21:28+00:00","twitter_card":"summary_large_image","twitter_misc":{"Est. reading time":"2 minutes"},"schema":{"@context":"https:\/\/schema.org","@graph":[{"@type":"WebPage","@id":"https:\/\/fairway2hotel.at\/en\/golfclubs\/italien\/gc-brianza-golf-country-club\/","url":"https:\/\/fairway2hotel.at\/en\/golfclubs\/italien\/gc-brianza-golf-country-club\/","name":"GC Brianza Golf & Country Club - Fairway 2 Hotel","isPartOf":{"@id":"https:\/\/fairway2hotel.at\/en\/#website"},"datePublished":"2024-10-26T12:36:06+00:00","dateModified":"2025-03-12T10:21:28+00:00","breadcrumb":{"@id":"https:\/\/fairway2hotel.at\/en\/golfclubs\/italien\/gc-brianza-golf-country-club\/#breadcrumb"},"inLanguage":"en-US","potentialAction":[{"@type":"ReadAction","target":["https:\/\/fairway2hotel.at\/en\/golfclubs\/italien\/gc-brianza-golf-country-club\/"]}]},{"@type":"BreadcrumbList","@id":"https:\/\/fairway2hotel.at\/en\/golfclubs\/italien\/gc-brianza-golf-country-club\/#breadcrumb","itemListElement":[{"@type":"ListItem","position":1,"name":"Home","item":"https:\/\/fairway2hotel.at\/en\/"},{"@type":"ListItem","position":2,"name":"Golfclubs","item":"https:\/\/fairway2hotel.at\/en\/golfclubs\/"},{"@type":"ListItem","position":3,"name":"Golfclubs Italien","item":"https:\/\/fairway2hotel.at\/en\/golfclubs\/italien\/"},{"@type":"ListItem","position":4,"name":"GC Brianza Golf &#038; Country Club"}]},{"@type":"WebSite","@id":"https:\/\/fairway2hotel.at\/en\/#website","url":"https:\/\/fairway2hotel.at\/en\/","name":"Fairway 2 Hotel","description":"Golf at half price! 2 play - 1 pays","potentialAction":[{"@type":"SearchAction","target":{"@type":"EntryPoint","urlTemplate":"https:\/\/fairway2hotel.at\/en\/?s={search_term_string}"},"query-input":{"@type":"PropertyValueSpecification","valueRequired":true,"valueName":"search_term_string"}}],"inLanguage":"en-US"}]}},"_links":{"self":[{"href":"https:\/\/fairway2hotel.at\/en\/wp-json\/wp\/v2\/pages\/42822","targetHints":{"allow":["GET"]}}],"collection":[{"href":"https:\/\/fairway2hotel.at\/en\/wp-json\/wp\/v2\/pages"}],"about":[{"href":"https:\/\/fairway2hotel.at\/en\/wp-json\/wp\/v2\/types\/page"}],"author":[{"embeddable":true,"href":"https:\/\/fairway2hotel.at\/en\/wp-json\/wp\/v2\/users\/24"}],"replies":[{"embeddable":true,"href":"https:\/\/fairway2hotel.at\/en\/wp-json\/wp\/v2\/comments?post=42822"}],"version-history":[{"count":9,"href":"https:\/\/fairway2hotel.at\/en\/wp-json\/wp\/v2\/pages\/42822\/revisions"}],"predecessor-version":[{"id":46432,"href":"https:\/\/fairway2hotel.at\/en\/wp-json\/wp\/v2\/pages\/42822\/revisions\/46432"}],"up":[{"embeddable":true,"href":"https:\/\/fairway2hotel.at\/en\/wp-json\/wp\/v2\/pages\/1657"}],"acf:attachment":[{"embeddable":true,"href":"https:\/\/fairway2hotel.at\/en\/wp-json\/wp\/v2\/media\/42830"},{"embeddable":true,"href":"https:\/\/fairway2hotel.at\/en\/wp-json\/wp\/v2\/media\/42828"},{"embeddable":true,"href":"https:\/\/fairway2hotel.at\/en\/wp-json\/wp\/v2\/media\/42826"}],"wp:attachment":[{"href":"https:\/\/fairway2hotel.at\/en\/wp-json\/wp\/v2\/media?parent=42822"}],"curies":[{"name":"wp","href":"https:\/\/api.w.org\/{rel}","templated":true}]}}