{"id":42833,"date":"2024-10-26T15:01:33","date_gmt":"2024-10-26T13:01:33","guid":{"rendered":"https:\/\/fairway2hotel.at\/golfclubs\/deutschland\/am-nationalpark-bayrischer-wald-copy\/"},"modified":"2025-04-09T14:45:30","modified_gmt":"2025-04-09T12:45:30","slug":"gc-bayreuth-e-v","status":"publish","type":"page","link":"https:\/\/fairway2hotel.at\/en\/golfclubs\/deutschland\/gc-bayreuth-e-v\/","title":{"rendered":"GC Bayreuth e.V."},"content":{"rendered":"<h2><strong>Golfen auf den Sonnenterrassen Bayreuths <\/strong><\/h2>\n<p>\u00dcber den D\u00e4chern der Wagnerstadt thront die 27-Loch Golfanlage des Golfclubs Bayreuth e.V. und gibt freien Blick auf Bayreuth mit seinem Festspielhaus und weit hinein in die Fr\u00e4nkische Schweiz und das Fichtelgebirge.<\/p>\n<p>Der nur selten in Deutschland zu findende Links-Course-Charakter macht den Platz zu einer sehr individuellen Golflandschaft und zu einem einzigartigen Ereignis.<\/p>\n<p>Die nat\u00fcrlich eingebetteten Spielbahnen mit insgesamt 56 Bunkern lassen Ihr Spiel zu einer Herausforderung werden, wo das Vergn\u00fcgen nicht zu kurz kommt. Die offene Landschaft, ein k\u00fcstenartiger Wind auf dem Plateau und das hochstehende Rough f\u00fchlen sich wie eine Auszeit an.<\/p>\n<p>An Loch 19 erwarten Sie kulinarische Highlights mit einer idyllischen Terrasse zum Entspannen.<\/p>\n<h2>Golfing on the sun terraces of Bayreuth<\/h2>\n<p>The 27-hole golf course of Golfclub Bayreuth e.V. is enthroned above the rooftops of the Wagner city and offers an unobstructed view of Bayreuth with its festival theatre and far into Franconian Switzerland and the Fichtelgebirge mountains.<\/p>\n<p>The links course character, which is rarely found in Germany, makes the course a very individual golf landscape and a unique experience.<\/p>\n<p>The naturally embedded fairways with a total of 56 bunkers turn your game into a challenge where enjoyment is not neglected. The open landscape, a coastal breeze on the plateau and the elevated rough feel like a time-out.<\/p>\n<p>Culinary highlights await you at hole 19 with an idyllic terrace to relax on.<\/p>\n","protected":false},"excerpt":{"rendered":"<p>Golfen auf den Sonnenterrassen Bayreuths \u00dcber den D\u00e4chern der Wagnerstadt thront die 27-Loch Golfanlage des Golfclubs Bayreuth e.V. und gibt freien Blick auf Bayreuth mit seinem Festspielhaus und weit hinein in die Fr\u00e4nkische Schweiz und das Fichtelgebirge. Der nur selten in Deutschland zu findende Links-Course-Charakter macht den Platz zu einer sehr individuellen Golflandschaft und zu [&hellip;]<\/p>\n","protected":false},"author":24,"featured_media":0,"parent":1607,"menu_order":5,"comment_status":"closed","ping_status":"closed","template":"page-partner.php","meta":{"_acf_changed":false,"footnotes":""},"class_list":["post-42833","page","type-page","status-publish","hentry"],"acf":{"partner_infobox":"<strong>Adresse:\u00a0<\/strong>Haslach 43, D-94568 St. Oswald\r\n\r\n<strong>Tel:\u00a0<\/strong>08558-974980\r\n\r\n<strong>Fax:\u00a0<\/strong>08558-974981\r\n\r\n<strong>Web: <\/strong><a href=\"http:\/\/www.gcanp.de\" target=\"_blank\" rel=\"nofollow noopener\">www.gcanp.de<\/a>\r\n\r\n<strong>E-Mail:<\/strong> <a href=\"mailto:info@gcanp.de\">info@gcanp.de<\/a>\r\n\r\n<strong>Spielbahnen\/Par: <\/strong>18\/71\r\n\r\n<strong>La\u0308nge: <\/strong>gelb: 5.433 m, rot: 4.467 m\r\n\r\n<em><strong>Bedingungen:\r\n<\/strong>Gutscheine nur von Mo\u2013Fr gu\u0308ltig.<\/em>\r\n\r\n<strong>Anfahrt:\r\n<\/strong>von Passau kommend: B 85 und anschl. 8533 Richtung Grafenau. Kurz vor Grafenau im Kreisverkehr links halten und Beschilderungen folgen.","partner_logo":42835,"partner_gallery":[42837,42839],"partner_lat":49.9561733060056,"partner_long":11.628929154847077,"partner_type":"golfclub","partner_openings":["1","2","3","4","5","6","7"],"montag_von_bis":"00:00 - 24:00","dienstag_von_bis":"00:00 - 24:00","mittwoch_von_bis":"00:00 - 24:00","donnerstag_von_bis":"00:00 - 24:00","freitag_von_bis":"00:00 - 24:00","samstag_von_bis":"14:00 - 24:00","sonntag_von_bis":"14:00 - 24:00","partner_adresse":"Rodersberg 43, 95448 Bayreuth","partner_land_bundesland":"Deutschland","partner_tel_1":"+49 921 970704","partner_tel_2":"","partner_web":"https:\/\/golfclub-bayreuth.de","partner_mail":"info@gc-bayreuth.de","partner_spielbahnen_par":"18\/72","partner_laenge":"gelb: 5.433 m, rot: 4.467 m","partner_bedingungen":"GS einl\u00f6sbar MO-FR ganzt\u00e4gig, SA und SO ab 14.00 Uhr, auf Grund des Startzeitensystems muss die Runde vorab angemeldet werden.\r\nvouchers redeemable Mon-Fri all day, Sat and Sun from 2.00 pm, due to the start time system, the round must be registered in advance","partner_anfahrt":"von Passau kommend: B 85 und anschl. 8533 Richtung Grafenau. Kurz vor Grafenau im Kreisverkehr links halten und Beschilderungen folgen.","partner_misc":null,"additional_css_classes":""},"yoast_head":"<!-- This site is optimized with the Yoast SEO plugin v26.8 - https:\/\/yoast.com\/product\/yoast-seo-wordpress\/ -->\n<title>GC Bayreuth e.V. - Fairway 2 Hotel<\/title>\n<meta name=\"robots\" content=\"index, follow, max-snippet:-1, max-image-preview:large, max-video-preview:-1\" \/>\n<link rel=\"canonical\" href=\"https:\/\/fairway2hotel.at\/en\/golfclubs\/deutschland\/gc-bayreuth-e-v\/\" \/>\n<meta property=\"og:locale\" content=\"en_US\" \/>\n<meta property=\"og:type\" content=\"article\" \/>\n<meta property=\"og:title\" content=\"GC Bayreuth e.V. - Fairway 2 Hotel\" \/>\n<meta property=\"og:description\" content=\"Golfen auf den Sonnenterrassen Bayreuths \u00dcber den D\u00e4chern der Wagnerstadt thront die 27-Loch Golfanlage des Golfclubs Bayreuth e.V. und gibt freien Blick auf Bayreuth mit seinem Festspielhaus und weit hinein in die Fr\u00e4nkische Schweiz und das Fichtelgebirge. Der nur selten in Deutschland zu findende Links-Course-Charakter macht den Platz zu einer sehr individuellen Golflandschaft und zu [&hellip;]\" \/>\n<meta property=\"og:url\" content=\"https:\/\/fairway2hotel.at\/en\/golfclubs\/deutschland\/gc-bayreuth-e-v\/\" \/>\n<meta property=\"og:site_name\" content=\"Fairway 2 Hotel\" \/>\n<meta property=\"article:modified_time\" content=\"2025-04-09T12:45:30+00:00\" \/>\n<meta name=\"twitter:card\" content=\"summary_large_image\" \/>\n<meta name=\"twitter:label1\" content=\"Est. reading time\" \/>\n\t<meta name=\"twitter:data1\" content=\"2 minutes\" \/>\n<script type=\"application\/ld+json\" class=\"yoast-schema-graph\">{\"@context\":\"https:\/\/schema.org\",\"@graph\":[{\"@type\":\"WebPage\",\"@id\":\"https:\/\/fairway2hotel.at\/en\/golfclubs\/deutschland\/gc-bayreuth-e-v\/\",\"url\":\"https:\/\/fairway2hotel.at\/en\/golfclubs\/deutschland\/gc-bayreuth-e-v\/\",\"name\":\"GC Bayreuth e.V. - Fairway 2 Hotel\",\"isPartOf\":{\"@id\":\"https:\/\/fairway2hotel.at\/en\/#website\"},\"datePublished\":\"2024-10-26T13:01:33+00:00\",\"dateModified\":\"2025-04-09T12:45:30+00:00\",\"breadcrumb\":{\"@id\":\"https:\/\/fairway2hotel.at\/en\/golfclubs\/deutschland\/gc-bayreuth-e-v\/#breadcrumb\"},\"inLanguage\":\"en-US\",\"potentialAction\":[{\"@type\":\"ReadAction\",\"target\":[\"https:\/\/fairway2hotel.at\/en\/golfclubs\/deutschland\/gc-bayreuth-e-v\/\"]}]},{\"@type\":\"BreadcrumbList\",\"@id\":\"https:\/\/fairway2hotel.at\/en\/golfclubs\/deutschland\/gc-bayreuth-e-v\/#breadcrumb\",\"itemListElement\":[{\"@type\":\"ListItem\",\"position\":1,\"name\":\"Home\",\"item\":\"https:\/\/fairway2hotel.at\/en\/\"},{\"@type\":\"ListItem\",\"position\":2,\"name\":\"Golfclubs\",\"item\":\"https:\/\/fairway2hotel.at\/en\/golfclubs\/\"},{\"@type\":\"ListItem\",\"position\":3,\"name\":\"Golfclubs Deutschland\",\"item\":\"https:\/\/fairway2hotel.at\/en\/golfclubs\/deutschland\/\"},{\"@type\":\"ListItem\",\"position\":4,\"name\":\"GC Bayreuth e.V.\"}]},{\"@type\":\"WebSite\",\"@id\":\"https:\/\/fairway2hotel.at\/en\/#website\",\"url\":\"https:\/\/fairway2hotel.at\/en\/\",\"name\":\"Fairway 2 Hotel\",\"description\":\"Golf at half price! 2 play - 1 pays\",\"potentialAction\":[{\"@type\":\"SearchAction\",\"target\":{\"@type\":\"EntryPoint\",\"urlTemplate\":\"https:\/\/fairway2hotel.at\/en\/?s={search_term_string}\"},\"query-input\":{\"@type\":\"PropertyValueSpecification\",\"valueRequired\":true,\"valueName\":\"search_term_string\"}}],\"inLanguage\":\"en-US\"}]}<\/script>\n<!-- \/ Yoast SEO plugin. -->","yoast_head_json":{"title":"GC Bayreuth e.V. - Fairway 2 Hotel","robots":{"index":"index","follow":"follow","max-snippet":"max-snippet:-1","max-image-preview":"max-image-preview:large","max-video-preview":"max-video-preview:-1"},"canonical":"https:\/\/fairway2hotel.at\/en\/golfclubs\/deutschland\/gc-bayreuth-e-v\/","og_locale":"en_US","og_type":"article","og_title":"GC Bayreuth e.V. - Fairway 2 Hotel","og_description":"Golfen auf den Sonnenterrassen Bayreuths \u00dcber den D\u00e4chern der Wagnerstadt thront die 27-Loch Golfanlage des Golfclubs Bayreuth e.V. und gibt freien Blick auf Bayreuth mit seinem Festspielhaus und weit hinein in die Fr\u00e4nkische Schweiz und das Fichtelgebirge. Der nur selten in Deutschland zu findende Links-Course-Charakter macht den Platz zu einer sehr individuellen Golflandschaft und zu [&hellip;]","og_url":"https:\/\/fairway2hotel.at\/en\/golfclubs\/deutschland\/gc-bayreuth-e-v\/","og_site_name":"Fairway 2 Hotel","article_modified_time":"2025-04-09T12:45:30+00:00","twitter_card":"summary_large_image","twitter_misc":{"Est. reading time":"2 minutes"},"schema":{"@context":"https:\/\/schema.org","@graph":[{"@type":"WebPage","@id":"https:\/\/fairway2hotel.at\/en\/golfclubs\/deutschland\/gc-bayreuth-e-v\/","url":"https:\/\/fairway2hotel.at\/en\/golfclubs\/deutschland\/gc-bayreuth-e-v\/","name":"GC Bayreuth e.V. - Fairway 2 Hotel","isPartOf":{"@id":"https:\/\/fairway2hotel.at\/en\/#website"},"datePublished":"2024-10-26T13:01:33+00:00","dateModified":"2025-04-09T12:45:30+00:00","breadcrumb":{"@id":"https:\/\/fairway2hotel.at\/en\/golfclubs\/deutschland\/gc-bayreuth-e-v\/#breadcrumb"},"inLanguage":"en-US","potentialAction":[{"@type":"ReadAction","target":["https:\/\/fairway2hotel.at\/en\/golfclubs\/deutschland\/gc-bayreuth-e-v\/"]}]},{"@type":"BreadcrumbList","@id":"https:\/\/fairway2hotel.at\/en\/golfclubs\/deutschland\/gc-bayreuth-e-v\/#breadcrumb","itemListElement":[{"@type":"ListItem","position":1,"name":"Home","item":"https:\/\/fairway2hotel.at\/en\/"},{"@type":"ListItem","position":2,"name":"Golfclubs","item":"https:\/\/fairway2hotel.at\/en\/golfclubs\/"},{"@type":"ListItem","position":3,"name":"Golfclubs Deutschland","item":"https:\/\/fairway2hotel.at\/en\/golfclubs\/deutschland\/"},{"@type":"ListItem","position":4,"name":"GC Bayreuth e.V."}]},{"@type":"WebSite","@id":"https:\/\/fairway2hotel.at\/en\/#website","url":"https:\/\/fairway2hotel.at\/en\/","name":"Fairway 2 Hotel","description":"Golf at half price! 2 play - 1 pays","potentialAction":[{"@type":"SearchAction","target":{"@type":"EntryPoint","urlTemplate":"https:\/\/fairway2hotel.at\/en\/?s={search_term_string}"},"query-input":{"@type":"PropertyValueSpecification","valueRequired":true,"valueName":"search_term_string"}}],"inLanguage":"en-US"}]}},"_links":{"self":[{"href":"https:\/\/fairway2hotel.at\/en\/wp-json\/wp\/v2\/pages\/42833","targetHints":{"allow":["GET"]}}],"collection":[{"href":"https:\/\/fairway2hotel.at\/en\/wp-json\/wp\/v2\/pages"}],"about":[{"href":"https:\/\/fairway2hotel.at\/en\/wp-json\/wp\/v2\/types\/page"}],"author":[{"embeddable":true,"href":"https:\/\/fairway2hotel.at\/en\/wp-json\/wp\/v2\/users\/24"}],"replies":[{"embeddable":true,"href":"https:\/\/fairway2hotel.at\/en\/wp-json\/wp\/v2\/comments?post=42833"}],"version-history":[{"count":4,"href":"https:\/\/fairway2hotel.at\/en\/wp-json\/wp\/v2\/pages\/42833\/revisions"}],"predecessor-version":[{"id":47881,"href":"https:\/\/fairway2hotel.at\/en\/wp-json\/wp\/v2\/pages\/42833\/revisions\/47881"}],"up":[{"embeddable":true,"href":"https:\/\/fairway2hotel.at\/en\/wp-json\/wp\/v2\/pages\/1607"}],"acf:attachment":[{"embeddable":true,"href":"https:\/\/fairway2hotel.at\/en\/wp-json\/wp\/v2\/media\/42839"},{"embeddable":true,"href":"https:\/\/fairway2hotel.at\/en\/wp-json\/wp\/v2\/media\/42837"}],"wp:attachment":[{"href":"https:\/\/fairway2hotel.at\/en\/wp-json\/wp\/v2\/media?parent=42833"}],"curies":[{"name":"wp","href":"https:\/\/api.w.org\/{rel}","templated":true}]}}