{"id":42842,"date":"2024-10-26T15:15:56","date_gmt":"2024-10-26T13:15:56","guid":{"rendered":"https:\/\/fairway2hotel.at\/golfclubs\/tschechien\/golf-club-certovo-bremeno-copy\/"},"modified":"2025-03-13T15:37:40","modified_gmt":"2025-03-13T14:37:40","slug":"gc-alfredov-golf-wellness-resort","status":"publish","type":"page","link":"https:\/\/fairway2hotel.at\/en\/golfclubs\/tschechien\/gc-alfredov-golf-wellness-resort\/","title":{"rendered":"GC Alfr\u00e9dov golf &#038; wellness resort"},"content":{"rendered":"<h2>Golfen mit historischem Ambiente<\/h2>\n<p>Der Golfplatz wurde im Jahre 1999 als ein 9-Loch-Platz gegr\u00fcndet. Die heutige Gestaltung wurde neun Jahre sp\u00e4ter weitererbaut. Mit seinen achtzehn, elegant in die Naturumgebung eingesetzten L\u00f6chern (par 72), geh\u00f6rt diese Anlage zu den sch\u00f6nsten Golfpl\u00e4tzen in unserem Land. Eine mehrere Jahrhunderte alte Lindenallee in dem ersten Neuner und viele Wasserfl\u00e4chen in dem zweiten Neuner unterstreichen den eigenartigen Charakter des Platzes sowie auch die Zusammengeh\u00f6rigkeit mit der herumliegenden Natur. Mit der L\u00e4nge geh\u00f6rt dieser \u00a0Golfplatz zu der mittleren Kategorie und wird dadurch auch von weniger erfahrenen Spielern h\u00e4ufig benutzt. Den besten Schlag<br \/>\nist es sich am besten f\u00fcr das letzte, achtzehnte Loch zu ersparen. Es \u00fcberpr\u00fcft n\u00e4mlich die F\u00e4higkeiten jedes Spielers, weil Sie Ihren Schlag etwa 110 Meter \u00fcber einen Teich zum Halbinselgr\u00fcn fliegen machen m\u00fcssen. Das Gr\u00fcn befindet sich direkt vor der Ausenterrasse des Restaurants, so dass Ihr guter Schlag von den rastenden Spielern mit einem wohlverdienten Applaus belohnt sein k\u00f6nne. Im Resort finden Sie eine reiche Trainingsanlage: Driving mit zw\u00f6lf \u00fcberdachten Schlagpositionen, Training Putting und Chipping Green. Zu den Standardleistungen des Resorts geh\u00f6rt selbstverst\u00e4ndlich das Ausleihen von Golfausr\u00fcstung mit Einschluss von Golftrolleys.<\/p>\n<h2>Golfing in a historic setting<\/h2>\n<p>The golf course was founded in 1999 as a 9-hole course. The current layout was added nine years later. With its eighteen holes (par 72) elegantly set in the natural surroundings, this course is one of the most beautiful golf courses in our country. A centuries-old avenue of lime trees on the first nine and many water features on the second nine emphasize the unique character of the course and its connection with the surrounding nature. In terms of length, this golf course belongs to the medium category and is therefore also frequently used by less experienced players. The best shot<br \/>\nis best saved for the last, eighteenth hole. It tests the skills of every player, because you have to make your shot fly about 110 meters over a pond to the peninsula green. The green is located directly in front of the restaurant&#8217;s outdoor terrace, so your good shot may be rewarded with a well-deserved round of applause from the resting players. At the resort you will find a rich training facility: driving with twelve covered hitting positions, training putting and chipping green. The resort&#8217;s standard services naturally include the hire of golf equipment, including golf trolleys.<\/p>\n","protected":false},"excerpt":{"rendered":"<p>Golfen mit historischem Ambiente Der Golfplatz wurde im Jahre 1999 als ein 9-Loch-Platz gegr\u00fcndet. Die heutige Gestaltung wurde neun Jahre sp\u00e4ter weitererbaut. Mit seinen achtzehn, elegant in die Naturumgebung eingesetzten L\u00f6chern (par 72), geh\u00f6rt diese Anlage zu den sch\u00f6nsten Golfpl\u00e4tzen in unserem Land. Eine mehrere Jahrhunderte alte Lindenallee in dem ersten Neuner und viele Wasserfl\u00e4chen [&hellip;]<\/p>\n","protected":false},"author":24,"featured_media":0,"parent":1707,"menu_order":5,"comment_status":"closed","ping_status":"closed","template":"page-partner.php","meta":{"_acf_changed":false,"footnotes":""},"class_list":["post-42842","page","type-page","status-publish","hentry"],"acf":{"partner_infobox":"<strong>Adresse:\u00a0<\/strong>Alenina Lhota 7, 391 33 Jistebnice\r\n\r\n<strong>Tel:\r\n<\/strong>420\u00a0775 913\u00a0338\r\n\r\n<strong>Web: <\/strong><a href=\"http:\/\/www.cebr.cz\" target=\"_blank\" rel=\"nofollow noopener noreferrer\">www.cebr.cz<\/a>\r\n\r\n<strong>E-Mail:<\/strong> <a href=\"mailto:cebr@cebr.cz\">info@cebr.cz<\/a>\r\n\r\n<strong>Spielbahnen\/Par: <\/strong>18\/70\r\n\r\n<strong>La\u0308nge: <\/strong>wei\u00df: 5.304 m \/gelb: 5.001 m \/rot: 4.702 m\r\n\r\n<em><strong>Bedingungen:\r\n<\/strong>Gutscheine von MO-DO, ausgenommen Feiertage, einl\u00f6sbar.<\/em>\r\n\r\n<strong>Anfahrt:\r\n<\/strong>80 km s\u00fcdlich von Prag, 70 km n\u00f6rdlich von \u010cesk\u00e9 Bud\u011bjovice","partner_logo":42844,"partner_gallery":[42868,42872,42846,42848,42850,42852,42854,42856,42858,42860,42862,42864,42866],"partner_lat":49.68497256420227,"partner_long":13.02981195483459,"partner_type":"golfclub","partner_openings":["1","2","3","4","5","6","7"],"montag_von_bis":"00:00 - 24:00","dienstag_von_bis":"00:00 - 24:00","mittwoch_von_bis":"00:00 - 24:00","donnerstag_von_bis":"00:00 - 24:00","freitag_von_bis":"00:00 - 24:00","samstag_von_bis":"00:00 - 24:00","sonntag_von_bis":"00:00 - 24:00","partner_adresse":"Kostelec 42, 349 01 Kostelec","partner_land_bundesland":"Tschechische Republik","partner_tel_1":"","partner_tel_2":"+420 725 404 996","partner_web":"https:\/\/www.alfredov.cz\/deutsch","partner_mail":"recepce@alfredov.cz","partner_spielbahnen_par":"18\/72","partner_laenge":"wei\u00df: 5.304 m \/gelb: 5.001 m \/rot: 4.702 m","partner_bedingungen":"","partner_anfahrt":"80 km s\u00fcdlich von Prag, 70 km n\u00f6rdlich von \u010cesk\u00e9 Bud\u011bjovice","partner_misc":null,"additional_css_classes":""},"yoast_head":"<!-- This site is optimized with the Yoast SEO plugin v26.8 - https:\/\/yoast.com\/product\/yoast-seo-wordpress\/ -->\n<title>GC Alfr\u00e9dov golf &amp; wellness resort - Fairway 2 Hotel<\/title>\n<meta name=\"robots\" content=\"index, follow, max-snippet:-1, max-image-preview:large, max-video-preview:-1\" \/>\n<link rel=\"canonical\" href=\"https:\/\/fairway2hotel.at\/en\/golfclubs\/tschechien\/gc-alfredov-golf-wellness-resort\/\" \/>\n<meta property=\"og:locale\" content=\"en_US\" \/>\n<meta property=\"og:type\" content=\"article\" \/>\n<meta property=\"og:title\" content=\"GC Alfr\u00e9dov golf &amp; wellness resort - Fairway 2 Hotel\" \/>\n<meta property=\"og:description\" content=\"Golfen mit historischem Ambiente Der Golfplatz wurde im Jahre 1999 als ein 9-Loch-Platz gegr\u00fcndet. Die heutige Gestaltung wurde neun Jahre sp\u00e4ter weitererbaut. Mit seinen achtzehn, elegant in die Naturumgebung eingesetzten L\u00f6chern (par 72), geh\u00f6rt diese Anlage zu den sch\u00f6nsten Golfpl\u00e4tzen in unserem Land. Eine mehrere Jahrhunderte alte Lindenallee in dem ersten Neuner und viele Wasserfl\u00e4chen [&hellip;]\" \/>\n<meta property=\"og:url\" content=\"https:\/\/fairway2hotel.at\/en\/golfclubs\/tschechien\/gc-alfredov-golf-wellness-resort\/\" \/>\n<meta property=\"og:site_name\" content=\"Fairway 2 Hotel\" \/>\n<meta property=\"article:modified_time\" content=\"2025-03-13T14:37:40+00:00\" \/>\n<meta name=\"twitter:card\" content=\"summary_large_image\" \/>\n<meta name=\"twitter:label1\" content=\"Est. reading time\" \/>\n\t<meta name=\"twitter:data1\" content=\"3 minutes\" \/>\n<script type=\"application\/ld+json\" class=\"yoast-schema-graph\">{\"@context\":\"https:\/\/schema.org\",\"@graph\":[{\"@type\":\"WebPage\",\"@id\":\"https:\/\/fairway2hotel.at\/en\/golfclubs\/tschechien\/gc-alfredov-golf-wellness-resort\/\",\"url\":\"https:\/\/fairway2hotel.at\/en\/golfclubs\/tschechien\/gc-alfredov-golf-wellness-resort\/\",\"name\":\"GC Alfr\u00e9dov golf & wellness resort - Fairway 2 Hotel\",\"isPartOf\":{\"@id\":\"https:\/\/fairway2hotel.at\/en\/#website\"},\"datePublished\":\"2024-10-26T13:15:56+00:00\",\"dateModified\":\"2025-03-13T14:37:40+00:00\",\"breadcrumb\":{\"@id\":\"https:\/\/fairway2hotel.at\/en\/golfclubs\/tschechien\/gc-alfredov-golf-wellness-resort\/#breadcrumb\"},\"inLanguage\":\"en-US\",\"potentialAction\":[{\"@type\":\"ReadAction\",\"target\":[\"https:\/\/fairway2hotel.at\/en\/golfclubs\/tschechien\/gc-alfredov-golf-wellness-resort\/\"]}]},{\"@type\":\"BreadcrumbList\",\"@id\":\"https:\/\/fairway2hotel.at\/en\/golfclubs\/tschechien\/gc-alfredov-golf-wellness-resort\/#breadcrumb\",\"itemListElement\":[{\"@type\":\"ListItem\",\"position\":1,\"name\":\"Home\",\"item\":\"https:\/\/fairway2hotel.at\/en\/\"},{\"@type\":\"ListItem\",\"position\":2,\"name\":\"Golfclubs\",\"item\":\"https:\/\/fairway2hotel.at\/en\/golfclubs\/\"},{\"@type\":\"ListItem\",\"position\":3,\"name\":\"Golfclubs Tschechien\",\"item\":\"https:\/\/fairway2hotel.at\/en\/golfclubs\/tschechien\/\"},{\"@type\":\"ListItem\",\"position\":4,\"name\":\"GC Alfr\u00e9dov golf &#038; wellness resort\"}]},{\"@type\":\"WebSite\",\"@id\":\"https:\/\/fairway2hotel.at\/en\/#website\",\"url\":\"https:\/\/fairway2hotel.at\/en\/\",\"name\":\"Fairway 2 Hotel\",\"description\":\"Golf at half price! 2 play - 1 pays\",\"potentialAction\":[{\"@type\":\"SearchAction\",\"target\":{\"@type\":\"EntryPoint\",\"urlTemplate\":\"https:\/\/fairway2hotel.at\/en\/?s={search_term_string}\"},\"query-input\":{\"@type\":\"PropertyValueSpecification\",\"valueRequired\":true,\"valueName\":\"search_term_string\"}}],\"inLanguage\":\"en-US\"}]}<\/script>\n<!-- \/ Yoast SEO plugin. -->","yoast_head_json":{"title":"GC Alfr\u00e9dov golf & wellness resort - Fairway 2 Hotel","robots":{"index":"index","follow":"follow","max-snippet":"max-snippet:-1","max-image-preview":"max-image-preview:large","max-video-preview":"max-video-preview:-1"},"canonical":"https:\/\/fairway2hotel.at\/en\/golfclubs\/tschechien\/gc-alfredov-golf-wellness-resort\/","og_locale":"en_US","og_type":"article","og_title":"GC Alfr\u00e9dov golf & wellness resort - Fairway 2 Hotel","og_description":"Golfen mit historischem Ambiente Der Golfplatz wurde im Jahre 1999 als ein 9-Loch-Platz gegr\u00fcndet. Die heutige Gestaltung wurde neun Jahre sp\u00e4ter weitererbaut. Mit seinen achtzehn, elegant in die Naturumgebung eingesetzten L\u00f6chern (par 72), geh\u00f6rt diese Anlage zu den sch\u00f6nsten Golfpl\u00e4tzen in unserem Land. Eine mehrere Jahrhunderte alte Lindenallee in dem ersten Neuner und viele Wasserfl\u00e4chen [&hellip;]","og_url":"https:\/\/fairway2hotel.at\/en\/golfclubs\/tschechien\/gc-alfredov-golf-wellness-resort\/","og_site_name":"Fairway 2 Hotel","article_modified_time":"2025-03-13T14:37:40+00:00","twitter_card":"summary_large_image","twitter_misc":{"Est. reading time":"3 minutes"},"schema":{"@context":"https:\/\/schema.org","@graph":[{"@type":"WebPage","@id":"https:\/\/fairway2hotel.at\/en\/golfclubs\/tschechien\/gc-alfredov-golf-wellness-resort\/","url":"https:\/\/fairway2hotel.at\/en\/golfclubs\/tschechien\/gc-alfredov-golf-wellness-resort\/","name":"GC Alfr\u00e9dov golf & wellness resort - Fairway 2 Hotel","isPartOf":{"@id":"https:\/\/fairway2hotel.at\/en\/#website"},"datePublished":"2024-10-26T13:15:56+00:00","dateModified":"2025-03-13T14:37:40+00:00","breadcrumb":{"@id":"https:\/\/fairway2hotel.at\/en\/golfclubs\/tschechien\/gc-alfredov-golf-wellness-resort\/#breadcrumb"},"inLanguage":"en-US","potentialAction":[{"@type":"ReadAction","target":["https:\/\/fairway2hotel.at\/en\/golfclubs\/tschechien\/gc-alfredov-golf-wellness-resort\/"]}]},{"@type":"BreadcrumbList","@id":"https:\/\/fairway2hotel.at\/en\/golfclubs\/tschechien\/gc-alfredov-golf-wellness-resort\/#breadcrumb","itemListElement":[{"@type":"ListItem","position":1,"name":"Home","item":"https:\/\/fairway2hotel.at\/en\/"},{"@type":"ListItem","position":2,"name":"Golfclubs","item":"https:\/\/fairway2hotel.at\/en\/golfclubs\/"},{"@type":"ListItem","position":3,"name":"Golfclubs Tschechien","item":"https:\/\/fairway2hotel.at\/en\/golfclubs\/tschechien\/"},{"@type":"ListItem","position":4,"name":"GC Alfr\u00e9dov golf &#038; wellness resort"}]},{"@type":"WebSite","@id":"https:\/\/fairway2hotel.at\/en\/#website","url":"https:\/\/fairway2hotel.at\/en\/","name":"Fairway 2 Hotel","description":"Golf at half price! 2 play - 1 pays","potentialAction":[{"@type":"SearchAction","target":{"@type":"EntryPoint","urlTemplate":"https:\/\/fairway2hotel.at\/en\/?s={search_term_string}"},"query-input":{"@type":"PropertyValueSpecification","valueRequired":true,"valueName":"search_term_string"}}],"inLanguage":"en-US"}]}},"_links":{"self":[{"href":"https:\/\/fairway2hotel.at\/en\/wp-json\/wp\/v2\/pages\/42842","targetHints":{"allow":["GET"]}}],"collection":[{"href":"https:\/\/fairway2hotel.at\/en\/wp-json\/wp\/v2\/pages"}],"about":[{"href":"https:\/\/fairway2hotel.at\/en\/wp-json\/wp\/v2\/types\/page"}],"author":[{"embeddable":true,"href":"https:\/\/fairway2hotel.at\/en\/wp-json\/wp\/v2\/users\/24"}],"replies":[{"embeddable":true,"href":"https:\/\/fairway2hotel.at\/en\/wp-json\/wp\/v2\/comments?post=42842"}],"version-history":[{"count":4,"href":"https:\/\/fairway2hotel.at\/en\/wp-json\/wp\/v2\/pages\/42842\/revisions"}],"predecessor-version":[{"id":46507,"href":"https:\/\/fairway2hotel.at\/en\/wp-json\/wp\/v2\/pages\/42842\/revisions\/46507"}],"up":[{"embeddable":true,"href":"https:\/\/fairway2hotel.at\/en\/wp-json\/wp\/v2\/pages\/1707"}],"acf:attachment":[{"embeddable":true,"href":"https:\/\/fairway2hotel.at\/en\/wp-json\/wp\/v2\/media\/42866"},{"embeddable":true,"href":"https:\/\/fairway2hotel.at\/en\/wp-json\/wp\/v2\/media\/42864"},{"embeddable":true,"href":"https:\/\/fairway2hotel.at\/en\/wp-json\/wp\/v2\/media\/42862"},{"embeddable":true,"href":"https:\/\/fairway2hotel.at\/en\/wp-json\/wp\/v2\/media\/42860"},{"embeddable":true,"href":"https:\/\/fairway2hotel.at\/en\/wp-json\/wp\/v2\/media\/42858"},{"embeddable":true,"href":"https:\/\/fairway2hotel.at\/en\/wp-json\/wp\/v2\/media\/42856"},{"embeddable":true,"href":"https:\/\/fairway2hotel.at\/en\/wp-json\/wp\/v2\/media\/42854"},{"embeddable":true,"href":"https:\/\/fairway2hotel.at\/en\/wp-json\/wp\/v2\/media\/42852"},{"embeddable":true,"href":"https:\/\/fairway2hotel.at\/en\/wp-json\/wp\/v2\/media\/42850"},{"embeddable":true,"href":"https:\/\/fairway2hotel.at\/en\/wp-json\/wp\/v2\/media\/42848"},{"embeddable":true,"href":"https:\/\/fairway2hotel.at\/en\/wp-json\/wp\/v2\/media\/42846"},{"embeddable":true,"href":"https:\/\/fairway2hotel.at\/en\/wp-json\/wp\/v2\/media\/42872"},{"embeddable":true,"href":"https:\/\/fairway2hotel.at\/en\/wp-json\/wp\/v2\/media\/42868"}],"wp:attachment":[{"href":"https:\/\/fairway2hotel.at\/en\/wp-json\/wp\/v2\/media?parent=42842"}],"curies":[{"name":"wp","href":"https:\/\/api.w.org\/{rel}","templated":true}]}}