{"id":42876,"date":"2024-10-26T15:38:28","date_gmt":"2024-10-26T13:38:28","guid":{"rendered":"https:\/\/fairway2hotel.at\/golfclubs\/deutschland\/am-nationalpark-bayrischer-wald-copy\/"},"modified":"2025-03-30T16:41:14","modified_gmt":"2025-03-30T14:41:14","slug":"gc-ansbach","status":"publish","type":"page","link":"https:\/\/fairway2hotel.at\/en\/golfclubs\/deutschland\/gc-ansbach\/","title":{"rendered":"GC Ansbach"},"content":{"rendered":"<h2>Golfen zu den F\u00fc\u00dfen der Burg Colmberg<\/h2>\n<p>Der 18-Loch Golfplatz des GC Ansbach liegt in Colmberg und damit genau zwischen Ansbach und Rothenburg ob der Tauber in der Urlaubsregion Romantisches Franken. Von der A7 sind es nur 10 Minuten bis zum Platz. Die ersten neun Bahnen f\u00fchren die Spieler ins flache Terrain nahe der Altm\u00fchl. Einen deutlich anderen Charakter zeigt das h\u00fcgelige Gel\u00e4nde anschlie\u00dfend von Loch 10-18 am Fu\u00dfe der markanten Hohenzollernburg. Der Panoramaabschlag von Loch 16 ist eine sportliche Herausforderung und ein optischer Genuss. Die 18-Loch Anlage ist ein abwechslungsreicher Platz. Er bietet entspanntes Golf, naturverbundene Sch\u00f6nheit und herrliche Aussichten. Der Golfclub Ansbach ist Mitglied in der Golfregion Franken.<br \/>\nDie Mitglieder und G\u00e4ste sch\u00e4tzen die ungezwungene und famili\u00e4re Atmosph\u00e4re, f\u00fcr die der Verein bekannt ist. Im gem\u00fctlichen Clubhaus und auf der Sonnenterrasse kann man die Golfrunde in aller Ruhe ausklingen lassen und einen herrlichen Ausblick auf die Burg Colmberg genie\u00dfen. Der Golfclub Ansbach wurde 1960 gegr\u00fcndet und geh\u00f6rt damit zu den \u00c4ltesten in Bayern. Der Platz liegt in der wasserarmen Frankenh\u00f6he. Hier scheint sehr oft die Sonne, w\u00e4hrend es anderswo regnet. Das ist sch\u00f6n, bringt aber auch mit sich, dass der Platz mit den Wetterverh\u00e4ltnissen laufend sein Gesicht \u00e4ndert und kluges Spiel erfordert.<\/p>\n<h2>Golfing at the foot of Colmberg Castle<\/h2>\n<p>The 18-hole golf course at GC Ansbach is located in Colmberg, right between Ansbach and Rothenburg ob der Tauber in the Romantic Franconia holiday region. It is only 10 minutes from the A7 motorway to the course. The first nine holes lead players into flat terrain close to the Altm\u00fchl.<br \/>\nThe hilly terrain from holes 10-18 at the foot of the striking Hohenzollernburg castle has a distinctly different character. The panoramic tee shot from hole 16 is a sporting challenge and a visual delight. The 18-hole course is a varied course. It offers relaxed golf, natural beauty and marvellous views. Ansbach Golf Club is a member of the Franconian Golf Region.<br \/>\nMembers and guests appreciate the informal and familiar atmosphere for which the club is known. In the cosy clubhouse and on the sun terrace, you can round off your round of golf in peace and quiet and enjoy a magnificent view of Colmberg Castle. Ansbach Golf Club was founded in 1960, making it one of the oldest in Bavaria. The course is located in the arid Frankenh\u00f6he. The sun often shines here, while it rains elsewhere. This is nice, but also means that the course constantly changes its face with the weather conditions and requires clever play.<\/p>\n","protected":false},"excerpt":{"rendered":"<p>Golfen zu den F\u00fc\u00dfen der Burg Colmberg Der 18-Loch Golfplatz des GC Ansbach liegt in Colmberg und damit genau zwischen Ansbach und Rothenburg ob der Tauber in der Urlaubsregion Romantisches Franken. Von der A7 sind es nur 10 Minuten bis zum Platz. Die ersten neun Bahnen f\u00fchren die Spieler ins flache Terrain nahe der Altm\u00fchl. [&hellip;]<\/p>\n","protected":false},"author":24,"featured_media":0,"parent":1607,"menu_order":5,"comment_status":"closed","ping_status":"closed","template":"page-partner.php","meta":{"_acf_changed":false,"footnotes":""},"class_list":["post-42876","page","type-page","status-publish","hentry"],"acf":{"partner_infobox":"<strong>Adresse:\u00a0<\/strong>Haslach 43, D-94568 St. Oswald\r\n\r\n<strong>Tel:\u00a0<\/strong>08558-974980\r\n\r\n<strong>Fax:\u00a0<\/strong>08558-974981\r\n\r\n<strong>Web: <\/strong><a href=\"http:\/\/www.gcanp.de\" target=\"_blank\" rel=\"nofollow noopener\">www.gcanp.de<\/a>\r\n\r\n<strong>E-Mail:<\/strong> <a href=\"mailto:info@gcanp.de\">info@gcanp.de<\/a>\r\n\r\n<strong>Spielbahnen\/Par: <\/strong>18\/71\r\n\r\n<strong>La\u0308nge: <\/strong>gelb: 5.433 m, rot: 4.467 m\r\n\r\n<em><strong>Bedingungen:\r\n<\/strong>Gutscheine nur von Mo\u2013Fr gu\u0308ltig.<\/em>\r\n\r\n<strong>Anfahrt:\r\n<\/strong>von Passau kommend: B 85 und anschl. 8533 Richtung Grafenau. Kurz vor Grafenau im Kreisverkehr links halten und Beschilderungen folgen.","partner_logo":42951,"partner_gallery":[42880,42878,42882],"partner_lat":49.35873502135577,"partner_long":10.402274860352037,"partner_type":"golfclub","partner_openings":["1","2","3","4","5","6","7"],"montag_von_bis":"00:00 - 24:00","dienstag_von_bis":"00:00 - 24:00","mittwoch_von_bis":"00:00 - 24:00","donnerstag_von_bis":"00:00 - 24:00","freitag_von_bis":"00:00 - 24:00","samstag_von_bis":"00:00 - 24:00","sonntag_von_bis":"00:00 - 24:00","partner_adresse":"Rothenburger Strasse 35,91598 Colmberg","partner_land_bundesland":"Deutschland","partner_tel_1":" +49 9803 600","partner_tel_2":"","partner_web":"https:\/\/www.golf-ansbach.de","partner_mail":"sekretariat@golf-ansbach.de","partner_spielbahnen_par":"18\/70","partner_laenge":"gelb: 5.433 m, rot: 4.467 m","partner_bedingungen":"","partner_anfahrt":"von Passau kommend: B 85 und anschl. 8533 Richtung Grafenau. Kurz vor Grafenau im Kreisverkehr links halten und Beschilderungen folgen.","partner_misc":null,"additional_css_classes":""},"yoast_head":"<!-- This site is optimized with the Yoast SEO plugin v26.8 - https:\/\/yoast.com\/product\/yoast-seo-wordpress\/ -->\n<title>GC Ansbach - Fairway 2 Hotel<\/title>\n<meta name=\"robots\" content=\"index, follow, max-snippet:-1, max-image-preview:large, max-video-preview:-1\" \/>\n<link rel=\"canonical\" href=\"https:\/\/fairway2hotel.at\/en\/golfclubs\/deutschland\/gc-ansbach\/\" \/>\n<meta property=\"og:locale\" content=\"en_US\" \/>\n<meta property=\"og:type\" content=\"article\" \/>\n<meta property=\"og:title\" content=\"GC Ansbach - Fairway 2 Hotel\" \/>\n<meta property=\"og:description\" content=\"Golfen zu den F\u00fc\u00dfen der Burg Colmberg Der 18-Loch Golfplatz des GC Ansbach liegt in Colmberg und damit genau zwischen Ansbach und Rothenburg ob der Tauber in der Urlaubsregion Romantisches Franken. Von der A7 sind es nur 10 Minuten bis zum Platz. Die ersten neun Bahnen f\u00fchren die Spieler ins flache Terrain nahe der Altm\u00fchl. [&hellip;]\" \/>\n<meta property=\"og:url\" content=\"https:\/\/fairway2hotel.at\/en\/golfclubs\/deutschland\/gc-ansbach\/\" \/>\n<meta property=\"og:site_name\" content=\"Fairway 2 Hotel\" \/>\n<meta property=\"article:modified_time\" content=\"2025-03-30T14:41:14+00:00\" \/>\n<meta name=\"twitter:card\" content=\"summary_large_image\" \/>\n<meta name=\"twitter:label1\" content=\"Est. reading time\" \/>\n\t<meta name=\"twitter:data1\" content=\"3 minutes\" \/>\n<script type=\"application\/ld+json\" class=\"yoast-schema-graph\">{\"@context\":\"https:\/\/schema.org\",\"@graph\":[{\"@type\":\"WebPage\",\"@id\":\"https:\/\/fairway2hotel.at\/en\/golfclubs\/deutschland\/gc-ansbach\/\",\"url\":\"https:\/\/fairway2hotel.at\/en\/golfclubs\/deutschland\/gc-ansbach\/\",\"name\":\"GC Ansbach - Fairway 2 Hotel\",\"isPartOf\":{\"@id\":\"https:\/\/fairway2hotel.at\/en\/#website\"},\"datePublished\":\"2024-10-26T13:38:28+00:00\",\"dateModified\":\"2025-03-30T14:41:14+00:00\",\"breadcrumb\":{\"@id\":\"https:\/\/fairway2hotel.at\/en\/golfclubs\/deutschland\/gc-ansbach\/#breadcrumb\"},\"inLanguage\":\"en-US\",\"potentialAction\":[{\"@type\":\"ReadAction\",\"target\":[\"https:\/\/fairway2hotel.at\/en\/golfclubs\/deutschland\/gc-ansbach\/\"]}]},{\"@type\":\"BreadcrumbList\",\"@id\":\"https:\/\/fairway2hotel.at\/en\/golfclubs\/deutschland\/gc-ansbach\/#breadcrumb\",\"itemListElement\":[{\"@type\":\"ListItem\",\"position\":1,\"name\":\"Home\",\"item\":\"https:\/\/fairway2hotel.at\/en\/\"},{\"@type\":\"ListItem\",\"position\":2,\"name\":\"Golfclubs\",\"item\":\"https:\/\/fairway2hotel.at\/en\/golfclubs\/\"},{\"@type\":\"ListItem\",\"position\":3,\"name\":\"Golfclubs Deutschland\",\"item\":\"https:\/\/fairway2hotel.at\/en\/golfclubs\/deutschland\/\"},{\"@type\":\"ListItem\",\"position\":4,\"name\":\"GC Ansbach\"}]},{\"@type\":\"WebSite\",\"@id\":\"https:\/\/fairway2hotel.at\/en\/#website\",\"url\":\"https:\/\/fairway2hotel.at\/en\/\",\"name\":\"Fairway 2 Hotel\",\"description\":\"Golf at half price! 2 play - 1 pays\",\"potentialAction\":[{\"@type\":\"SearchAction\",\"target\":{\"@type\":\"EntryPoint\",\"urlTemplate\":\"https:\/\/fairway2hotel.at\/en\/?s={search_term_string}\"},\"query-input\":{\"@type\":\"PropertyValueSpecification\",\"valueRequired\":true,\"valueName\":\"search_term_string\"}}],\"inLanguage\":\"en-US\"}]}<\/script>\n<!-- \/ Yoast SEO plugin. -->","yoast_head_json":{"title":"GC Ansbach - Fairway 2 Hotel","robots":{"index":"index","follow":"follow","max-snippet":"max-snippet:-1","max-image-preview":"max-image-preview:large","max-video-preview":"max-video-preview:-1"},"canonical":"https:\/\/fairway2hotel.at\/en\/golfclubs\/deutschland\/gc-ansbach\/","og_locale":"en_US","og_type":"article","og_title":"GC Ansbach - Fairway 2 Hotel","og_description":"Golfen zu den F\u00fc\u00dfen der Burg Colmberg Der 18-Loch Golfplatz des GC Ansbach liegt in Colmberg und damit genau zwischen Ansbach und Rothenburg ob der Tauber in der Urlaubsregion Romantisches Franken. Von der A7 sind es nur 10 Minuten bis zum Platz. Die ersten neun Bahnen f\u00fchren die Spieler ins flache Terrain nahe der Altm\u00fchl. [&hellip;]","og_url":"https:\/\/fairway2hotel.at\/en\/golfclubs\/deutschland\/gc-ansbach\/","og_site_name":"Fairway 2 Hotel","article_modified_time":"2025-03-30T14:41:14+00:00","twitter_card":"summary_large_image","twitter_misc":{"Est. reading time":"3 minutes"},"schema":{"@context":"https:\/\/schema.org","@graph":[{"@type":"WebPage","@id":"https:\/\/fairway2hotel.at\/en\/golfclubs\/deutschland\/gc-ansbach\/","url":"https:\/\/fairway2hotel.at\/en\/golfclubs\/deutschland\/gc-ansbach\/","name":"GC Ansbach - Fairway 2 Hotel","isPartOf":{"@id":"https:\/\/fairway2hotel.at\/en\/#website"},"datePublished":"2024-10-26T13:38:28+00:00","dateModified":"2025-03-30T14:41:14+00:00","breadcrumb":{"@id":"https:\/\/fairway2hotel.at\/en\/golfclubs\/deutschland\/gc-ansbach\/#breadcrumb"},"inLanguage":"en-US","potentialAction":[{"@type":"ReadAction","target":["https:\/\/fairway2hotel.at\/en\/golfclubs\/deutschland\/gc-ansbach\/"]}]},{"@type":"BreadcrumbList","@id":"https:\/\/fairway2hotel.at\/en\/golfclubs\/deutschland\/gc-ansbach\/#breadcrumb","itemListElement":[{"@type":"ListItem","position":1,"name":"Home","item":"https:\/\/fairway2hotel.at\/en\/"},{"@type":"ListItem","position":2,"name":"Golfclubs","item":"https:\/\/fairway2hotel.at\/en\/golfclubs\/"},{"@type":"ListItem","position":3,"name":"Golfclubs Deutschland","item":"https:\/\/fairway2hotel.at\/en\/golfclubs\/deutschland\/"},{"@type":"ListItem","position":4,"name":"GC Ansbach"}]},{"@type":"WebSite","@id":"https:\/\/fairway2hotel.at\/en\/#website","url":"https:\/\/fairway2hotel.at\/en\/","name":"Fairway 2 Hotel","description":"Golf at half price! 2 play - 1 pays","potentialAction":[{"@type":"SearchAction","target":{"@type":"EntryPoint","urlTemplate":"https:\/\/fairway2hotel.at\/en\/?s={search_term_string}"},"query-input":{"@type":"PropertyValueSpecification","valueRequired":true,"valueName":"search_term_string"}}],"inLanguage":"en-US"}]}},"_links":{"self":[{"href":"https:\/\/fairway2hotel.at\/en\/wp-json\/wp\/v2\/pages\/42876","targetHints":{"allow":["GET"]}}],"collection":[{"href":"https:\/\/fairway2hotel.at\/en\/wp-json\/wp\/v2\/pages"}],"about":[{"href":"https:\/\/fairway2hotel.at\/en\/wp-json\/wp\/v2\/types\/page"}],"author":[{"embeddable":true,"href":"https:\/\/fairway2hotel.at\/en\/wp-json\/wp\/v2\/users\/24"}],"replies":[{"embeddable":true,"href":"https:\/\/fairway2hotel.at\/en\/wp-json\/wp\/v2\/comments?post=42876"}],"version-history":[{"count":5,"href":"https:\/\/fairway2hotel.at\/en\/wp-json\/wp\/v2\/pages\/42876\/revisions"}],"predecessor-version":[{"id":47259,"href":"https:\/\/fairway2hotel.at\/en\/wp-json\/wp\/v2\/pages\/42876\/revisions\/47259"}],"up":[{"embeddable":true,"href":"https:\/\/fairway2hotel.at\/en\/wp-json\/wp\/v2\/pages\/1607"}],"acf:attachment":[{"embeddable":true,"href":"https:\/\/fairway2hotel.at\/en\/wp-json\/wp\/v2\/media\/42882"},{"embeddable":true,"href":"https:\/\/fairway2hotel.at\/en\/wp-json\/wp\/v2\/media\/42878"},{"embeddable":true,"href":"https:\/\/fairway2hotel.at\/en\/wp-json\/wp\/v2\/media\/42880"}],"wp:attachment":[{"href":"https:\/\/fairway2hotel.at\/en\/wp-json\/wp\/v2\/media?parent=42876"}],"curies":[{"name":"wp","href":"https:\/\/api.w.org\/{rel}","templated":true}]}}