{"id":42885,"date":"2024-10-26T15:55:14","date_gmt":"2024-10-26T13:55:14","guid":{"rendered":"https:\/\/fairway2hotel.at\/golfclubs\/tschechien\/golf-club-certovo-bremeno-copy\/"},"modified":"2025-06-05T14:46:56","modified_gmt":"2025-06-05T12:46:56","slug":"gc-bechyne-golf-resort","status":"publish","type":"page","link":"https:\/\/fairway2hotel.at\/en\/golfclubs\/tschechien\/gc-bechyne-golf-resort\/","title":{"rendered":"GC Bechyne Golf Resort"},"content":{"rendered":"<h2>Spielen im \u00e4ltesten Golfclub S\u00fcdb\u00f6hmens<\/h2>\n<p>Der Golfplatz Bechyn\u011b liegt im Herzen des Naturschutzgebiets \u010cernick\u00e1 obora, das 1586 von Peter Vok von Rosenberg gegr\u00fcndet wurde, und ist ein wahres Juwel, nur 7 km von der historischen Stadt Bechyn\u011b entfernt. F\u00fcnf der neun L\u00f6cher sind wundersch\u00f6n inmitten dieses Naturwunders angelegt und liegen auf einer rechteckigen Wiese, die von hoch aufragenden B\u00e4umen umgeben ist. Die jahrhundertealten Laubb\u00e4ume bieten nicht nur eine atemberaubende Landschaft, sie stellen auch Ihre Strategie bei jedem Schuss auf die Probe und lassen Sie sich fragen: \u201eKann ich diese Riesen besiegen?\u201c<\/p>\n<p>Unser Platz bietet zwei einzigartige Waldl\u00f6cher, bei denen es auf Pr\u00e4zision ankommt \u2013 alles au\u00dferhalb des Fairways bedeutet oft einen verlorenen Ball. Besonders bei Sonnenuntergang verspr\u00fcht die Kulisse einen aristokratischen Charme, der Ihr Spiel noch unvergesslicher macht. Die Freibauernfestung, in der sich unser Clubhaus und Restaurant befindet, tr\u00e4gt zusammen mit dem nahegelegenen Barockschloss zur Gesamtatmosph\u00e4re bei und schafft einen ganz besonderen Ort zum Spielen.<\/p>\n<p>Die Wiesenl\u00f6cher sind unkompliziert und offen, aber lassen Sie sich nicht t\u00e4uschen \u2013 B\u00e4ume und versteckte Wasserhindernisse sind immer im Spiel und erfordern durchdachte Schl\u00e4ge. Die Waldl\u00f6cher winden sich und fordern Genauigkeit und Geduld. Obwohl der Platz Herausforderungen mit sich bringt, ist er f\u00fcr Spieler aller Spielst\u00e4rken zug\u00e4nglich, wobei die zentrale Wiese den perfekten Platz f\u00fcr Anf\u00e4nger bietet, um ihr Spiel zu genie\u00dfen.<\/p>\n<p>Als \u00e4ltester Golfclub S\u00fcdb\u00f6hmens sind wir stolz darauf, unsere reiche Geschichte mit einem au\u00dfergew\u00f6hnlichen Platzerlebnis zu verbinden. Egal, ob Sie wegen der Herausforderung oder wegen der atemberaubenden Landschaft hier sind, der Golfplatz Bechyn\u011b sorgt jedes Mal f\u00fcr eine unvergessliche Runde.<\/p>\n<h2>Play in the oldest golf club in South Bohemia<\/h2>\n<p>Nestled in the heart of the \u010cernick\u00e1 obora nature reserve, founded by Peter Vok of Rosenberg in 1586, the <strong>Bechyn\u011b Golf Course<\/strong> is a true gem just 7 km from the historic town of Bechyn\u011b. Set in a rectangular meadow surrounded by towering trees, five of the nine holes are beautifully laid out amidst this natural wonder. The centuries-old broadleaf trees don\u2019t just provide stunning scenery\u2014they also challenge your strategy with every shot, making you wonder, \u201cCan I clear these giants?\u201d<\/p>\n<p>Our course offers two unique forest holes where precision is key\u2014anything off the fairway often means a lost ball. The setting, especially at sunset, exudes an aristocratic charm that makes your game even more memorable. The yeoman&#8217;s fortress, home to our clubhouse and restaurant, along with the nearby baroque chateau, adds to the overall atmosphere, creating a truly special place to play.<\/p>\n<p>The meadow holes are straightforward and open, but don\u2019t be fooled\u2014trees and hidden water hazards are always in play, requiring thoughtful strokes. The forest holes twist and turn, demanding accuracy and patience. While the course presents challenges, it\u2019s accessible to players of all levels, with the central meadow offering a perfect space for beginners to enjoy their game.<\/p>\n<p>As <strong>South Bohemia\u2019s oldest golf club<\/strong>, we take pride in blending our rich history with an exceptional course experience. Whether you\u2019re here for the challenge or the breathtaking scenery, the Bechyn\u011b Golf Course ensures an unforgettable round, every time.<\/p>\n<p>&nbsp;<\/p>\n","protected":false},"excerpt":{"rendered":"<p>Spielen im \u00e4ltesten Golfclub S\u00fcdb\u00f6hmens Der Golfplatz Bechyn\u011b liegt im Herzen des Naturschutzgebiets \u010cernick\u00e1 obora, das 1586 von Peter Vok von Rosenberg gegr\u00fcndet wurde, und ist ein wahres Juwel, nur 7 km von der historischen Stadt Bechyn\u011b entfernt. F\u00fcnf der neun L\u00f6cher sind wundersch\u00f6n inmitten dieses Naturwunders angelegt und liegen auf einer rechteckigen Wiese, die [&hellip;]<\/p>\n","protected":false},"author":24,"featured_media":0,"parent":1707,"menu_order":5,"comment_status":"closed","ping_status":"closed","template":"page-partner.php","meta":{"_acf_changed":false,"footnotes":""},"class_list":["post-42885","page","type-page","status-publish","hentry"],"acf":{"partner_infobox":"<strong>Adresse:\u00a0<\/strong>Alenina Lhota 7, 391 33 Jistebnice\r\n\r\n<strong>Tel:\r\n<\/strong>420\u00a0775 913\u00a0338\r\n\r\n<strong>Web: <\/strong><a href=\"http:\/\/www.cebr.cz\" target=\"_blank\" rel=\"nofollow noopener noreferrer\">www.cebr.cz<\/a>\r\n\r\n<strong>E-Mail:<\/strong> <a href=\"mailto:cebr@cebr.cz\">info@cebr.cz<\/a>\r\n\r\n<strong>Spielbahnen\/Par: <\/strong>18\/70\r\n\r\n<strong>La\u0308nge: <\/strong>wei\u00df: 5.304 m \/gelb: 5.001 m \/rot: 4.702 m\r\n\r\n<em><strong>Bedingungen:\r\n<\/strong>Gutscheine von MO-DO, ausgenommen Feiertage, einl\u00f6sbar.<\/em>\r\n\r\n<strong>Anfahrt:\r\n<\/strong>80 km s\u00fcdlich von Prag, 70 km n\u00f6rdlich von \u010cesk\u00e9 Bud\u011bjovice","partner_logo":42887,"partner_gallery":[42889,42891],"partner_lat":49.290779003626,"partner_long":14.574021686665859,"partner_type":"golfclub","partner_openings":["1","2","3","4","5"],"montag_von_bis":"00:00 - 24:00","dienstag_von_bis":"00:00 - 24:00","mittwoch_von_bis":"00:00 - 24:00","donnerstag_von_bis":"00:00 - 24:00","freitag_von_bis":"00:00 - 24:00","samstag_von_bis":"00:00 - 24:00","sonntag_von_bis":"00:00 - 24:00","partner_adresse":"Sudom\u011b\u0159ice u Bechyn\u011b 43, 39172 Bechyne","partner_land_bundesland":"Tschechische Republik","partner_tel_1":"+420 777 213 474","partner_tel_2":"","partner_web":"https:\/\/golf-bechyne.cz\/","partner_mail":"info@golf-bechyne.cz","partner_spielbahnen_par":"9\/72","partner_laenge":"wei\u00df: 5.304 m \/gelb: 5.001 m \/rot: 4.702 m","partner_bedingungen":"Gutscheine von MO-FR einl\u00f6sbar. Genie\u00dfen Sie auch den \u00dcbernachtungsgutschein in der App vom Guesthouse im Bechyne Golfresort.\r\nvouchers redeemable from Mon-Fri. Enjoy also the voucher in the App of the guesthouse in Bechyne Golf Resort","partner_anfahrt":"80 km s\u00fcdlich von Prag, 70 km n\u00f6rdlich von \u010cesk\u00e9 Bud\u011bjovice","partner_misc":null,"additional_css_classes":""},"yoast_head":"<!-- This site is optimized with the Yoast SEO plugin v26.8 - https:\/\/yoast.com\/product\/yoast-seo-wordpress\/ -->\n<title>GC Bechyne Golf Resort - Fairway 2 Hotel<\/title>\n<meta name=\"robots\" content=\"index, follow, max-snippet:-1, max-image-preview:large, max-video-preview:-1\" \/>\n<link rel=\"canonical\" href=\"https:\/\/fairway2hotel.at\/en\/golfclubs\/tschechien\/gc-bechyne-golf-resort\/\" \/>\n<meta property=\"og:locale\" content=\"en_US\" \/>\n<meta property=\"og:type\" content=\"article\" \/>\n<meta property=\"og:title\" content=\"GC Bechyne Golf Resort - Fairway 2 Hotel\" \/>\n<meta property=\"og:description\" content=\"Spielen im \u00e4ltesten Golfclub S\u00fcdb\u00f6hmens Der Golfplatz Bechyn\u011b liegt im Herzen des Naturschutzgebiets \u010cernick\u00e1 obora, das 1586 von Peter Vok von Rosenberg gegr\u00fcndet wurde, und ist ein wahres Juwel, nur 7 km von der historischen Stadt Bechyn\u011b entfernt. F\u00fcnf der neun L\u00f6cher sind wundersch\u00f6n inmitten dieses Naturwunders angelegt und liegen auf einer rechteckigen Wiese, die [&hellip;]\" \/>\n<meta property=\"og:url\" content=\"https:\/\/fairway2hotel.at\/en\/golfclubs\/tschechien\/gc-bechyne-golf-resort\/\" \/>\n<meta property=\"og:site_name\" content=\"Fairway 2 Hotel\" \/>\n<meta property=\"article:modified_time\" content=\"2025-06-05T12:46:56+00:00\" \/>\n<meta name=\"twitter:card\" content=\"summary_large_image\" \/>\n<meta name=\"twitter:label1\" content=\"Est. reading time\" \/>\n\t<meta name=\"twitter:data1\" content=\"3 minutes\" \/>\n<script type=\"application\/ld+json\" class=\"yoast-schema-graph\">{\"@context\":\"https:\/\/schema.org\",\"@graph\":[{\"@type\":\"WebPage\",\"@id\":\"https:\/\/fairway2hotel.at\/en\/golfclubs\/tschechien\/gc-bechyne-golf-resort\/\",\"url\":\"https:\/\/fairway2hotel.at\/en\/golfclubs\/tschechien\/gc-bechyne-golf-resort\/\",\"name\":\"GC Bechyne Golf Resort - Fairway 2 Hotel\",\"isPartOf\":{\"@id\":\"https:\/\/fairway2hotel.at\/en\/#website\"},\"datePublished\":\"2024-10-26T13:55:14+00:00\",\"dateModified\":\"2025-06-05T12:46:56+00:00\",\"breadcrumb\":{\"@id\":\"https:\/\/fairway2hotel.at\/en\/golfclubs\/tschechien\/gc-bechyne-golf-resort\/#breadcrumb\"},\"inLanguage\":\"en-US\",\"potentialAction\":[{\"@type\":\"ReadAction\",\"target\":[\"https:\/\/fairway2hotel.at\/en\/golfclubs\/tschechien\/gc-bechyne-golf-resort\/\"]}]},{\"@type\":\"BreadcrumbList\",\"@id\":\"https:\/\/fairway2hotel.at\/en\/golfclubs\/tschechien\/gc-bechyne-golf-resort\/#breadcrumb\",\"itemListElement\":[{\"@type\":\"ListItem\",\"position\":1,\"name\":\"Home\",\"item\":\"https:\/\/fairway2hotel.at\/en\/\"},{\"@type\":\"ListItem\",\"position\":2,\"name\":\"Golfclubs\",\"item\":\"https:\/\/fairway2hotel.at\/en\/golfclubs\/\"},{\"@type\":\"ListItem\",\"position\":3,\"name\":\"Golfclubs Tschechien\",\"item\":\"https:\/\/fairway2hotel.at\/en\/golfclubs\/tschechien\/\"},{\"@type\":\"ListItem\",\"position\":4,\"name\":\"GC Bechyne Golf Resort\"}]},{\"@type\":\"WebSite\",\"@id\":\"https:\/\/fairway2hotel.at\/en\/#website\",\"url\":\"https:\/\/fairway2hotel.at\/en\/\",\"name\":\"Fairway 2 Hotel\",\"description\":\"Golf at half price! 2 play - 1 pays\",\"potentialAction\":[{\"@type\":\"SearchAction\",\"target\":{\"@type\":\"EntryPoint\",\"urlTemplate\":\"https:\/\/fairway2hotel.at\/en\/?s={search_term_string}\"},\"query-input\":{\"@type\":\"PropertyValueSpecification\",\"valueRequired\":true,\"valueName\":\"search_term_string\"}}],\"inLanguage\":\"en-US\"}]}<\/script>\n<!-- \/ Yoast SEO plugin. -->","yoast_head_json":{"title":"GC Bechyne Golf Resort - Fairway 2 Hotel","robots":{"index":"index","follow":"follow","max-snippet":"max-snippet:-1","max-image-preview":"max-image-preview:large","max-video-preview":"max-video-preview:-1"},"canonical":"https:\/\/fairway2hotel.at\/en\/golfclubs\/tschechien\/gc-bechyne-golf-resort\/","og_locale":"en_US","og_type":"article","og_title":"GC Bechyne Golf Resort - Fairway 2 Hotel","og_description":"Spielen im \u00e4ltesten Golfclub S\u00fcdb\u00f6hmens Der Golfplatz Bechyn\u011b liegt im Herzen des Naturschutzgebiets \u010cernick\u00e1 obora, das 1586 von Peter Vok von Rosenberg gegr\u00fcndet wurde, und ist ein wahres Juwel, nur 7 km von der historischen Stadt Bechyn\u011b entfernt. F\u00fcnf der neun L\u00f6cher sind wundersch\u00f6n inmitten dieses Naturwunders angelegt und liegen auf einer rechteckigen Wiese, die [&hellip;]","og_url":"https:\/\/fairway2hotel.at\/en\/golfclubs\/tschechien\/gc-bechyne-golf-resort\/","og_site_name":"Fairway 2 Hotel","article_modified_time":"2025-06-05T12:46:56+00:00","twitter_card":"summary_large_image","twitter_misc":{"Est. reading time":"3 minutes"},"schema":{"@context":"https:\/\/schema.org","@graph":[{"@type":"WebPage","@id":"https:\/\/fairway2hotel.at\/en\/golfclubs\/tschechien\/gc-bechyne-golf-resort\/","url":"https:\/\/fairway2hotel.at\/en\/golfclubs\/tschechien\/gc-bechyne-golf-resort\/","name":"GC Bechyne Golf Resort - Fairway 2 Hotel","isPartOf":{"@id":"https:\/\/fairway2hotel.at\/en\/#website"},"datePublished":"2024-10-26T13:55:14+00:00","dateModified":"2025-06-05T12:46:56+00:00","breadcrumb":{"@id":"https:\/\/fairway2hotel.at\/en\/golfclubs\/tschechien\/gc-bechyne-golf-resort\/#breadcrumb"},"inLanguage":"en-US","potentialAction":[{"@type":"ReadAction","target":["https:\/\/fairway2hotel.at\/en\/golfclubs\/tschechien\/gc-bechyne-golf-resort\/"]}]},{"@type":"BreadcrumbList","@id":"https:\/\/fairway2hotel.at\/en\/golfclubs\/tschechien\/gc-bechyne-golf-resort\/#breadcrumb","itemListElement":[{"@type":"ListItem","position":1,"name":"Home","item":"https:\/\/fairway2hotel.at\/en\/"},{"@type":"ListItem","position":2,"name":"Golfclubs","item":"https:\/\/fairway2hotel.at\/en\/golfclubs\/"},{"@type":"ListItem","position":3,"name":"Golfclubs Tschechien","item":"https:\/\/fairway2hotel.at\/en\/golfclubs\/tschechien\/"},{"@type":"ListItem","position":4,"name":"GC Bechyne Golf Resort"}]},{"@type":"WebSite","@id":"https:\/\/fairway2hotel.at\/en\/#website","url":"https:\/\/fairway2hotel.at\/en\/","name":"Fairway 2 Hotel","description":"Golf at half price! 2 play - 1 pays","potentialAction":[{"@type":"SearchAction","target":{"@type":"EntryPoint","urlTemplate":"https:\/\/fairway2hotel.at\/en\/?s={search_term_string}"},"query-input":{"@type":"PropertyValueSpecification","valueRequired":true,"valueName":"search_term_string"}}],"inLanguage":"en-US"}]}},"_links":{"self":[{"href":"https:\/\/fairway2hotel.at\/en\/wp-json\/wp\/v2\/pages\/42885","targetHints":{"allow":["GET"]}}],"collection":[{"href":"https:\/\/fairway2hotel.at\/en\/wp-json\/wp\/v2\/pages"}],"about":[{"href":"https:\/\/fairway2hotel.at\/en\/wp-json\/wp\/v2\/types\/page"}],"author":[{"embeddable":true,"href":"https:\/\/fairway2hotel.at\/en\/wp-json\/wp\/v2\/users\/24"}],"replies":[{"embeddable":true,"href":"https:\/\/fairway2hotel.at\/en\/wp-json\/wp\/v2\/comments?post=42885"}],"version-history":[{"count":8,"href":"https:\/\/fairway2hotel.at\/en\/wp-json\/wp\/v2\/pages\/42885\/revisions"}],"predecessor-version":[{"id":48627,"href":"https:\/\/fairway2hotel.at\/en\/wp-json\/wp\/v2\/pages\/42885\/revisions\/48627"}],"up":[{"embeddable":true,"href":"https:\/\/fairway2hotel.at\/en\/wp-json\/wp\/v2\/pages\/1707"}],"acf:attachment":[{"embeddable":true,"href":"https:\/\/fairway2hotel.at\/en\/wp-json\/wp\/v2\/media\/42891"},{"embeddable":true,"href":"https:\/\/fairway2hotel.at\/en\/wp-json\/wp\/v2\/media\/42889"}],"wp:attachment":[{"href":"https:\/\/fairway2hotel.at\/en\/wp-json\/wp\/v2\/media?parent=42885"}],"curies":[{"name":"wp","href":"https:\/\/api.w.org\/{rel}","templated":true}]}}