{"id":42899,"date":"2024-10-27T11:17:33","date_gmt":"2024-10-27T10:17:33","guid":{"rendered":"https:\/\/fairway2hotel.at\/golfclubs\/italien\/golfclub-bellosguardo-copy\/"},"modified":"2026-02-24T15:18:07","modified_gmt":"2026-02-24T14:18:07","slug":"gc-biella-le-betulle","status":"publish","type":"page","link":"https:\/\/fairway2hotel.at\/en\/golfclubs\/italien\/gc-biella-le-betulle\/","title":{"rendered":"GC Biella &#8220;Le Betulle&#8221;"},"content":{"rendered":"<h2>Bereits 18 mal als bester Golfplatz Italiens ausgezeichnet<\/h2>\n<p>Einer der traditionsreichsten Clubs Italiens wurde bereits im Jahr 1958 erbaut und gilt als \u00abGeheimtipp\u00bb.Die idyllische Lage abseits der Touristenstr\u00f6me, der alte und hohe Baumbestand, das klassische englische Design desPlatzes und die Ruhe sprechen den begeisterten Golfer an. Verschiedene Auszeichnungen, unter anderen durch das \u00abGolfDigest\u00bb Magazin, zeugen von der Einmaligkeit dieses Kurses.<\/p>\n<p>Die Weite des Piemont, der Blick auf die im Norden liegenden Berge und die grossz\u00fcgige Konzeption der Fairways garantierenunvergessliche Runden auf dem Platz. Die erfahrenen Golfer sind sich einig, dass dieser anspruchsvolle ChampionshipCourse zu den sch\u00f6nsten Europas geh\u00f6rt.<\/p>\n<p>6497 m, Par 73. Angrenzend an das Clubhaus befinden sich die sechzehn G\u00e4stezimmer, alle mit Balkon oder Gartensitzplatz und Blick auf das 9. Green.Die vielen Stammg\u00e4ste sch\u00e4tzen die ausgezeichnete K\u00fcche, die erlesenen Weine und die Gem\u00fctlichkeit am Chemin\u00e9e. Des \u00d6fteren wird erw\u00e4hnt, dass nur wenige Clubs eine so freundliche und famili\u00e4re Atmosph\u00e4re bieten k\u00f6nnen.\u201d<\/p>\n<p>Besuchen Sie uns auch auf unserer Instagram-Seite @golfclubbiellalebetulle<\/p>\n<p>&nbsp;<\/p>\n<h2>Already honoured 18 times as the best golf course in Italy<\/h2>\n<p>One of the most traditional clubs in Italy was built back in 1958 and is considered an \u2018insider tip\u2019. The idyllic location away from the crowds of tourists, the old and tall trees, the classic English design of the course and the tranquillity appeal to keen golfers. Various awards, including from \u2018GolfDigest\u2019 magazine, testify to the uniqueness of this course.<\/p>\n<p>The expanse of the Piedmont, the view of the mountains to the north and the generous design of the fairways guarantee unforgettable rounds on the course. Experienced golfers agree that this challenging championship course is one of the most beautiful in Europe.<\/p>\n<p>6497 m, par 73. adjacent to the clubhouse are the sixteen guest rooms, all with a balcony or garden seating area and a view of the 9th green. the many regular guests appreciate the excellent cuisine, the exquisite wines and the cosy atmosphere by the fireplace. It is often mentioned that only a few clubs can offer such a friendly and familiar atmosphere.\u2019<\/p>\n<p>You can see more also on our the Instagram page @golfclubbiellalebetulle.<\/p>\n<p>&nbsp;<\/p>\n<p>&nbsp;<\/p>\n<p>&nbsp;<\/p>\n","protected":false},"excerpt":{"rendered":"<p>Bereits 18 mal als bester Golfplatz Italiens ausgezeichnet Einer der traditionsreichsten Clubs Italiens wurde bereits im Jahr 1958 erbaut und gilt als \u00abGeheimtipp\u00bb.Die idyllische Lage abseits der Touristenstr\u00f6me, der alte und hohe Baumbestand, das klassische englische Design desPlatzes und die Ruhe sprechen den begeisterten Golfer an. Verschiedene Auszeichnungen, unter anderen durch das \u00abGolfDigest\u00bb Magazin, zeugen [&hellip;]<\/p>\n","protected":false},"author":24,"featured_media":0,"parent":1657,"menu_order":10,"comment_status":"closed","ping_status":"closed","template":"page-partner.php","meta":{"_acf_changed":false,"footnotes":""},"class_list":["post-42899","page","type-page","status-publish","hentry"],"acf":{"partner_infobox":"<strong>Adresse:\u00a0<\/strong>Via Provinciale di Mercatale 25 I-50059 Vinci\r\n\r\n<strong>Tel:\u00a0<\/strong>+39 57190 2035\r\n\r\n<strong>Web: <\/strong><a href=\"https:\/\/www.golfbellosguardovinci.it\/\" target=\"_blank\" rel=\"nofollow noopener\">www.golfbellosguardovinci.it<\/a>\r\n\r\n<strong>E-Mail:<\/strong> <a href=\"mailto:segreteria@golfbellosguardovinci.it\">segreteria@golfbellosguardovinci.it<\/a>\r\n\r\n<strong>Bedingungen: <\/strong>Gutscheine einl\u00f6sbar MO-FR ausgenommen Feiertage\r\n\r\n<strong>Spielbahnen\/Par: <\/strong>\r\n\r\n<strong>La\u0308nge:\u00a0<\/strong>\r\n\r\n<strong>Anfahrt:\r\n<\/strong>","partner_logo":42901,"partner_gallery":[52616,52615,42905,42903,52610,52611,52612,52613],"partner_lat":45.482190596395,"partner_long":7.975809996978354,"partner_type":"golfclub","partner_openings":["1","2","3","4","5"],"montag_von_bis":"00:00 - 24:00","dienstag_von_bis":"00:00 - 24:00","mittwoch_von_bis":"00:00 - 24:00","donnerstag_von_bis":"00:00 - 24:00","freitag_von_bis":"00:00 - 24:00","samstag_von_bis":"00:00 - 24:00","sonntag_von_bis":"00:00 - 24:00","partner_adresse":" Regione Valcarrozza 2, 13887 Magnano (Biella)","partner_land_bundesland":"Italien","partner_tel_1":"+39 0156 79151","partner_tel_2":"","partner_web":"https:\/\/golfclubbiella.com\/de","partner_mail":"info@golfclubbiella.it","partner_spielbahnen_par":"18\/73","partner_laenge":"","partner_bedingungen":"Gutscheine einl\u00f6sbar MO-FR ausgenommen Feiertage\r\nvouchers redeemable from Mon-Fri, except public holidays","partner_anfahrt":"","partner_misc":null,"additional_css_classes":""},"yoast_head":"<!-- This site is optimized with the Yoast SEO plugin v26.8 - https:\/\/yoast.com\/product\/yoast-seo-wordpress\/ -->\n<title>GC Biella &quot;Le Betulle&quot; - Fairway 2 Hotel<\/title>\n<meta name=\"robots\" content=\"index, follow, max-snippet:-1, max-image-preview:large, max-video-preview:-1\" \/>\n<link rel=\"canonical\" href=\"https:\/\/fairway2hotel.at\/en\/golfclubs\/italien\/gc-biella-le-betulle\/\" \/>\n<meta property=\"og:locale\" content=\"en_US\" \/>\n<meta property=\"og:type\" content=\"article\" \/>\n<meta property=\"og:title\" content=\"GC Biella &quot;Le Betulle&quot; - Fairway 2 Hotel\" \/>\n<meta property=\"og:description\" content=\"Bereits 18 mal als bester Golfplatz Italiens ausgezeichnet Einer der traditionsreichsten Clubs Italiens wurde bereits im Jahr 1958 erbaut und gilt als \u00abGeheimtipp\u00bb.Die idyllische Lage abseits der Touristenstr\u00f6me, der alte und hohe Baumbestand, das klassische englische Design desPlatzes und die Ruhe sprechen den begeisterten Golfer an. Verschiedene Auszeichnungen, unter anderen durch das \u00abGolfDigest\u00bb Magazin, zeugen [&hellip;]\" \/>\n<meta property=\"og:url\" content=\"https:\/\/fairway2hotel.at\/en\/golfclubs\/italien\/gc-biella-le-betulle\/\" \/>\n<meta property=\"og:site_name\" content=\"Fairway 2 Hotel\" \/>\n<meta property=\"article:modified_time\" content=\"2026-02-24T14:18:07+00:00\" \/>\n<meta name=\"twitter:card\" content=\"summary_large_image\" \/>\n<meta name=\"twitter:label1\" content=\"Est. reading time\" \/>\n\t<meta name=\"twitter:data1\" content=\"2 minutes\" \/>\n<script type=\"application\/ld+json\" class=\"yoast-schema-graph\">{\"@context\":\"https:\/\/schema.org\",\"@graph\":[{\"@type\":\"WebPage\",\"@id\":\"https:\/\/fairway2hotel.at\/en\/golfclubs\/italien\/gc-biella-le-betulle\/\",\"url\":\"https:\/\/fairway2hotel.at\/en\/golfclubs\/italien\/gc-biella-le-betulle\/\",\"name\":\"GC Biella \\\"Le Betulle\\\" - Fairway 2 Hotel\",\"isPartOf\":{\"@id\":\"https:\/\/fairway2hotel.at\/en\/#website\"},\"datePublished\":\"2024-10-27T10:17:33+00:00\",\"dateModified\":\"2026-02-24T14:18:07+00:00\",\"breadcrumb\":{\"@id\":\"https:\/\/fairway2hotel.at\/en\/golfclubs\/italien\/gc-biella-le-betulle\/#breadcrumb\"},\"inLanguage\":\"en-US\",\"potentialAction\":[{\"@type\":\"ReadAction\",\"target\":[\"https:\/\/fairway2hotel.at\/en\/golfclubs\/italien\/gc-biella-le-betulle\/\"]}]},{\"@type\":\"BreadcrumbList\",\"@id\":\"https:\/\/fairway2hotel.at\/en\/golfclubs\/italien\/gc-biella-le-betulle\/#breadcrumb\",\"itemListElement\":[{\"@type\":\"ListItem\",\"position\":1,\"name\":\"Home\",\"item\":\"https:\/\/fairway2hotel.at\/en\/\"},{\"@type\":\"ListItem\",\"position\":2,\"name\":\"Golfclubs\",\"item\":\"https:\/\/fairway2hotel.at\/en\/golfclubs\/\"},{\"@type\":\"ListItem\",\"position\":3,\"name\":\"Golfclubs Italien\",\"item\":\"https:\/\/fairway2hotel.at\/en\/golfclubs\/italien\/\"},{\"@type\":\"ListItem\",\"position\":4,\"name\":\"GC Biella &#8220;Le Betulle&#8221;\"}]},{\"@type\":\"WebSite\",\"@id\":\"https:\/\/fairway2hotel.at\/en\/#website\",\"url\":\"https:\/\/fairway2hotel.at\/en\/\",\"name\":\"Fairway 2 Hotel\",\"description\":\"Golf at half price! 2 play - 1 pays\",\"potentialAction\":[{\"@type\":\"SearchAction\",\"target\":{\"@type\":\"EntryPoint\",\"urlTemplate\":\"https:\/\/fairway2hotel.at\/en\/?s={search_term_string}\"},\"query-input\":{\"@type\":\"PropertyValueSpecification\",\"valueRequired\":true,\"valueName\":\"search_term_string\"}}],\"inLanguage\":\"en-US\"}]}<\/script>\n<!-- \/ Yoast SEO plugin. -->","yoast_head_json":{"title":"GC Biella \"Le Betulle\" - Fairway 2 Hotel","robots":{"index":"index","follow":"follow","max-snippet":"max-snippet:-1","max-image-preview":"max-image-preview:large","max-video-preview":"max-video-preview:-1"},"canonical":"https:\/\/fairway2hotel.at\/en\/golfclubs\/italien\/gc-biella-le-betulle\/","og_locale":"en_US","og_type":"article","og_title":"GC Biella \"Le Betulle\" - Fairway 2 Hotel","og_description":"Bereits 18 mal als bester Golfplatz Italiens ausgezeichnet Einer der traditionsreichsten Clubs Italiens wurde bereits im Jahr 1958 erbaut und gilt als \u00abGeheimtipp\u00bb.Die idyllische Lage abseits der Touristenstr\u00f6me, der alte und hohe Baumbestand, das klassische englische Design desPlatzes und die Ruhe sprechen den begeisterten Golfer an. Verschiedene Auszeichnungen, unter anderen durch das \u00abGolfDigest\u00bb Magazin, zeugen [&hellip;]","og_url":"https:\/\/fairway2hotel.at\/en\/golfclubs\/italien\/gc-biella-le-betulle\/","og_site_name":"Fairway 2 Hotel","article_modified_time":"2026-02-24T14:18:07+00:00","twitter_card":"summary_large_image","twitter_misc":{"Est. reading time":"2 minutes"},"schema":{"@context":"https:\/\/schema.org","@graph":[{"@type":"WebPage","@id":"https:\/\/fairway2hotel.at\/en\/golfclubs\/italien\/gc-biella-le-betulle\/","url":"https:\/\/fairway2hotel.at\/en\/golfclubs\/italien\/gc-biella-le-betulle\/","name":"GC Biella \"Le Betulle\" - Fairway 2 Hotel","isPartOf":{"@id":"https:\/\/fairway2hotel.at\/en\/#website"},"datePublished":"2024-10-27T10:17:33+00:00","dateModified":"2026-02-24T14:18:07+00:00","breadcrumb":{"@id":"https:\/\/fairway2hotel.at\/en\/golfclubs\/italien\/gc-biella-le-betulle\/#breadcrumb"},"inLanguage":"en-US","potentialAction":[{"@type":"ReadAction","target":["https:\/\/fairway2hotel.at\/en\/golfclubs\/italien\/gc-biella-le-betulle\/"]}]},{"@type":"BreadcrumbList","@id":"https:\/\/fairway2hotel.at\/en\/golfclubs\/italien\/gc-biella-le-betulle\/#breadcrumb","itemListElement":[{"@type":"ListItem","position":1,"name":"Home","item":"https:\/\/fairway2hotel.at\/en\/"},{"@type":"ListItem","position":2,"name":"Golfclubs","item":"https:\/\/fairway2hotel.at\/en\/golfclubs\/"},{"@type":"ListItem","position":3,"name":"Golfclubs Italien","item":"https:\/\/fairway2hotel.at\/en\/golfclubs\/italien\/"},{"@type":"ListItem","position":4,"name":"GC Biella &#8220;Le Betulle&#8221;"}]},{"@type":"WebSite","@id":"https:\/\/fairway2hotel.at\/en\/#website","url":"https:\/\/fairway2hotel.at\/en\/","name":"Fairway 2 Hotel","description":"Golf at half price! 2 play - 1 pays","potentialAction":[{"@type":"SearchAction","target":{"@type":"EntryPoint","urlTemplate":"https:\/\/fairway2hotel.at\/en\/?s={search_term_string}"},"query-input":{"@type":"PropertyValueSpecification","valueRequired":true,"valueName":"search_term_string"}}],"inLanguage":"en-US"}]}},"_links":{"self":[{"href":"https:\/\/fairway2hotel.at\/en\/wp-json\/wp\/v2\/pages\/42899","targetHints":{"allow":["GET"]}}],"collection":[{"href":"https:\/\/fairway2hotel.at\/en\/wp-json\/wp\/v2\/pages"}],"about":[{"href":"https:\/\/fairway2hotel.at\/en\/wp-json\/wp\/v2\/types\/page"}],"author":[{"embeddable":true,"href":"https:\/\/fairway2hotel.at\/en\/wp-json\/wp\/v2\/users\/24"}],"replies":[{"embeddable":true,"href":"https:\/\/fairway2hotel.at\/en\/wp-json\/wp\/v2\/comments?post=42899"}],"version-history":[{"count":12,"href":"https:\/\/fairway2hotel.at\/en\/wp-json\/wp\/v2\/pages\/42899\/revisions"}],"predecessor-version":[{"id":52856,"href":"https:\/\/fairway2hotel.at\/en\/wp-json\/wp\/v2\/pages\/42899\/revisions\/52856"}],"up":[{"embeddable":true,"href":"https:\/\/fairway2hotel.at\/en\/wp-json\/wp\/v2\/pages\/1657"}],"acf:attachment":[{"embeddable":true,"href":"https:\/\/fairway2hotel.at\/en\/wp-json\/wp\/v2\/media\/52613"},{"embeddable":true,"href":"https:\/\/fairway2hotel.at\/en\/wp-json\/wp\/v2\/media\/52612"},{"embeddable":true,"href":"https:\/\/fairway2hotel.at\/en\/wp-json\/wp\/v2\/media\/52611"},{"embeddable":true,"href":"https:\/\/fairway2hotel.at\/en\/wp-json\/wp\/v2\/media\/52610"},{"embeddable":true,"href":"https:\/\/fairway2hotel.at\/en\/wp-json\/wp\/v2\/media\/42903"},{"embeddable":true,"href":"https:\/\/fairway2hotel.at\/en\/wp-json\/wp\/v2\/media\/42905"},{"embeddable":true,"href":"https:\/\/fairway2hotel.at\/en\/wp-json\/wp\/v2\/media\/52615"},{"embeddable":true,"href":"https:\/\/fairway2hotel.at\/en\/wp-json\/wp\/v2\/media\/52616"}],"wp:attachment":[{"href":"https:\/\/fairway2hotel.at\/en\/wp-json\/wp\/v2\/media?parent=42899"}],"curies":[{"name":"wp","href":"https:\/\/api.w.org\/{rel}","templated":true}]}}