{"id":42910,"date":"2024-10-27T11:54:21","date_gmt":"2024-10-27T10:54:21","guid":{"rendered":"https:\/\/fairway2hotel.at\/golfclubs\/italien\/golfclub-bellosguardo-copy\/"},"modified":"2025-03-12T10:42:52","modified_gmt":"2025-03-12T09:42:52","slug":"gc-boves","status":"publish","type":"page","link":"https:\/\/fairway2hotel.at\/en\/golfclubs\/italien\/gc-boves\/","title":{"rendered":"GC Boves"},"content":{"rendered":"<h2>Willkommen im Golfclub Boves<\/h2>\n<p>Der Cuneo Golf Club entstand aus einem Projekt des kanadischen Architekten Graham Cooke mit einem 18-Loch-Platz von 6018 Metern und einem PAR von 72 Schl\u00e4gen, der sich entlang des Bettes des Gesso-Bachs schl\u00e4ngelt und allen vorhandenen nat\u00fcrlichen Wellen folgt Stil, der als gro\u00dfer Designer-Architekt gut erkennbar ist. B\u00e4che, Seen und Bunker f\u00fcgen sich harmonisch in die Landschaft der Seealpen ein, die den Platz umgeben, unter denen der Berg Bisalta majest\u00e4tisch hervorsticht. Dem Bau des Immobilienteils des Golfclubs wurde gro\u00dfe Bedeutung beigemessen.<\/p>\n<p>Bei der Renovierung des pr\u00e4chtigen Bauernhauses \u201eAlbertasse Vecchia\u201c wurden die bestehenden architektonischen Linien beibehalten und die Wohnr\u00e4ume des Clubs beherbergt: Das elegante Clubhaus umfasst das Restaurant, die Bar, den Konferenzraum und alle zum Golfspielen notwendigen Dienstleistungen vom Sekretariat zu den Umkleidekabinen. Der Club liegt 600 m \u00fcber dem Meeresspiegel und erm\u00f6glicht daher die Organisation einer Wettkampfsaison von M\u00e4rz bis Ende November. Die N\u00e4he zu den Gebirgsketten garantiert die Aufrechterhaltung einer milden und sehr angenehmen Temperatur auch in den hei\u00dfesten Perioden. Der Platz kann technisch gut an alle Spielertypen angepasst werden, von erfahrenen bis hin zu weniger erfahrenen Spielern, indem die Startfelder oder die Position der Flaggen auf den Gr\u00fcns variiert werden.<\/p>\n<h2>Welcome in Boves Golfclub<\/h2>\n<p>The Cuneo Golf Club was born from a project by the Canadian architect Graham Cooke, with an 18-hole course of 6018 metres and a PAR of 72 strokes that winds along the bed of the Gesso stream, following all the natural undulations present, in a style that is easily recognisable as a great designer-architect. Streams, lakes and bunkers blend harmoniously into the landscape of the Maritime Alps that surround the course, among which Mount Bisalta stands out majestically. Great importance was attached to the construction of the property part of the golf club.<\/p>\n<p>The renovation of the splendid \u2018Albertasse Vecchia\u2019 farmhouse has maintained the existing architectural lines and accommodated the club&#8217;s living quarters: the elegant clubhouse includes the restaurant, bar, conference room and all the services necessary for playing golf, from the secretary&#8217;s office to the changing rooms. The club is situated 600 metres above sea level and therefore allows the organisation of a competitive season from March to the end of November. The proximity to the mountain ranges guarantees the maintenance of a mild and very pleasant temperature even in the hottest periods. The course can be technically well adapted to all types of players, from experienced to less experienced players, by varying the starting fields or the position of the flags on the greens.<\/p>\n","protected":false},"excerpt":{"rendered":"<p>Willkommen im Golfclub Boves Der Cuneo Golf Club entstand aus einem Projekt des kanadischen Architekten Graham Cooke mit einem 18-Loch-Platz von 6018 Metern und einem PAR von 72 Schl\u00e4gen, der sich entlang des Bettes des Gesso-Bachs schl\u00e4ngelt und allen vorhandenen nat\u00fcrlichen Wellen folgt Stil, der als gro\u00dfer Designer-Architekt gut erkennbar ist. B\u00e4che, Seen und Bunker [&hellip;]<\/p>\n","protected":false},"author":24,"featured_media":0,"parent":1657,"menu_order":10,"comment_status":"closed","ping_status":"closed","template":"page-partner.php","meta":{"_acf_changed":false,"footnotes":""},"class_list":["post-42910","page","type-page","status-publish","hentry"],"acf":{"partner_infobox":"<strong>Adresse:\u00a0<\/strong>Via Provinciale di Mercatale 25 I-50059 Vinci\r\n\r\n<strong>Tel:\u00a0<\/strong>+39 57190 2035\r\n\r\n<strong>Web: <\/strong><a href=\"https:\/\/www.golfbellosguardovinci.it\/\" target=\"_blank\" rel=\"nofollow noopener\">www.golfbellosguardovinci.it<\/a>\r\n\r\n<strong>E-Mail:<\/strong> <a href=\"mailto:segreteria@golfbellosguardovinci.it\">segreteria@golfbellosguardovinci.it<\/a>\r\n\r\n<strong>Bedingungen: <\/strong>Gutscheine einl\u00f6sbar MO-FR ausgenommen Feiertage\r\n\r\n<strong>Spielbahnen\/Par: <\/strong>\r\n\r\n<strong>La\u0308nge:\u00a0<\/strong>\r\n\r\n<strong>Anfahrt:\r\n<\/strong>","partner_logo":42912,"partner_gallery":[42914,42916],"partner_lat":44.35404298686014,"partner_long":7.54158228275667,"partner_type":"golfclub","partner_openings":["1","2","3","4","5","6","7"],"montag_von_bis":"00:00 - 24:00","dienstag_von_bis":"00:00 - 24:00","mittwoch_von_bis":"00:00 - 24:00","donnerstag_von_bis":"00:00 - 24:00","freitag_von_bis":"00:00 - 24:00","samstag_von_bis":"00:00 - 24:00","sonntag_von_bis":"00:00 - 24:00","partner_adresse":"Via degli Angeli 3","partner_land_bundesland":"Italien","partner_tel_1":"+39 0171 380890","partner_tel_2":"","partner_web":"http:\/\/www.golfboves.com","partner_mail":"info@golfboves.com","partner_spielbahnen_par":"18\/72","partner_laenge":"","partner_bedingungen":"","partner_anfahrt":"","partner_misc":null,"additional_css_classes":""},"yoast_head":"<!-- This site is optimized with the Yoast SEO plugin v26.8 - https:\/\/yoast.com\/product\/yoast-seo-wordpress\/ -->\n<title>GC Boves - Fairway 2 Hotel<\/title>\n<meta name=\"robots\" content=\"index, follow, max-snippet:-1, max-image-preview:large, max-video-preview:-1\" \/>\n<link rel=\"canonical\" href=\"https:\/\/fairway2hotel.at\/en\/golfclubs\/italien\/gc-boves\/\" \/>\n<meta property=\"og:locale\" content=\"en_US\" \/>\n<meta property=\"og:type\" content=\"article\" \/>\n<meta property=\"og:title\" content=\"GC Boves - Fairway 2 Hotel\" \/>\n<meta property=\"og:description\" content=\"Willkommen im Golfclub Boves Der Cuneo Golf Club entstand aus einem Projekt des kanadischen Architekten Graham Cooke mit einem 18-Loch-Platz von 6018 Metern und einem PAR von 72 Schl\u00e4gen, der sich entlang des Bettes des Gesso-Bachs schl\u00e4ngelt und allen vorhandenen nat\u00fcrlichen Wellen folgt Stil, der als gro\u00dfer Designer-Architekt gut erkennbar ist. B\u00e4che, Seen und Bunker [&hellip;]\" \/>\n<meta property=\"og:url\" content=\"https:\/\/fairway2hotel.at\/en\/golfclubs\/italien\/gc-boves\/\" \/>\n<meta property=\"og:site_name\" content=\"Fairway 2 Hotel\" \/>\n<meta property=\"article:modified_time\" content=\"2025-03-12T09:42:52+00:00\" \/>\n<meta name=\"twitter:card\" content=\"summary_large_image\" \/>\n<meta name=\"twitter:label1\" content=\"Est. reading time\" \/>\n\t<meta name=\"twitter:data1\" content=\"3 minutes\" \/>\n<script type=\"application\/ld+json\" class=\"yoast-schema-graph\">{\"@context\":\"https:\/\/schema.org\",\"@graph\":[{\"@type\":\"WebPage\",\"@id\":\"https:\/\/fairway2hotel.at\/en\/golfclubs\/italien\/gc-boves\/\",\"url\":\"https:\/\/fairway2hotel.at\/en\/golfclubs\/italien\/gc-boves\/\",\"name\":\"GC Boves - Fairway 2 Hotel\",\"isPartOf\":{\"@id\":\"https:\/\/fairway2hotel.at\/en\/#website\"},\"datePublished\":\"2024-10-27T10:54:21+00:00\",\"dateModified\":\"2025-03-12T09:42:52+00:00\",\"breadcrumb\":{\"@id\":\"https:\/\/fairway2hotel.at\/en\/golfclubs\/italien\/gc-boves\/#breadcrumb\"},\"inLanguage\":\"en-US\",\"potentialAction\":[{\"@type\":\"ReadAction\",\"target\":[\"https:\/\/fairway2hotel.at\/en\/golfclubs\/italien\/gc-boves\/\"]}]},{\"@type\":\"BreadcrumbList\",\"@id\":\"https:\/\/fairway2hotel.at\/en\/golfclubs\/italien\/gc-boves\/#breadcrumb\",\"itemListElement\":[{\"@type\":\"ListItem\",\"position\":1,\"name\":\"Home\",\"item\":\"https:\/\/fairway2hotel.at\/en\/\"},{\"@type\":\"ListItem\",\"position\":2,\"name\":\"Golfclubs\",\"item\":\"https:\/\/fairway2hotel.at\/en\/golfclubs\/\"},{\"@type\":\"ListItem\",\"position\":3,\"name\":\"Golfclubs Italien\",\"item\":\"https:\/\/fairway2hotel.at\/en\/golfclubs\/italien\/\"},{\"@type\":\"ListItem\",\"position\":4,\"name\":\"GC Boves\"}]},{\"@type\":\"WebSite\",\"@id\":\"https:\/\/fairway2hotel.at\/en\/#website\",\"url\":\"https:\/\/fairway2hotel.at\/en\/\",\"name\":\"Fairway 2 Hotel\",\"description\":\"Golf at half price! 2 play - 1 pays\",\"potentialAction\":[{\"@type\":\"SearchAction\",\"target\":{\"@type\":\"EntryPoint\",\"urlTemplate\":\"https:\/\/fairway2hotel.at\/en\/?s={search_term_string}\"},\"query-input\":{\"@type\":\"PropertyValueSpecification\",\"valueRequired\":true,\"valueName\":\"search_term_string\"}}],\"inLanguage\":\"en-US\"}]}<\/script>\n<!-- \/ Yoast SEO plugin. -->","yoast_head_json":{"title":"GC Boves - Fairway 2 Hotel","robots":{"index":"index","follow":"follow","max-snippet":"max-snippet:-1","max-image-preview":"max-image-preview:large","max-video-preview":"max-video-preview:-1"},"canonical":"https:\/\/fairway2hotel.at\/en\/golfclubs\/italien\/gc-boves\/","og_locale":"en_US","og_type":"article","og_title":"GC Boves - Fairway 2 Hotel","og_description":"Willkommen im Golfclub Boves Der Cuneo Golf Club entstand aus einem Projekt des kanadischen Architekten Graham Cooke mit einem 18-Loch-Platz von 6018 Metern und einem PAR von 72 Schl\u00e4gen, der sich entlang des Bettes des Gesso-Bachs schl\u00e4ngelt und allen vorhandenen nat\u00fcrlichen Wellen folgt Stil, der als gro\u00dfer Designer-Architekt gut erkennbar ist. B\u00e4che, Seen und Bunker [&hellip;]","og_url":"https:\/\/fairway2hotel.at\/en\/golfclubs\/italien\/gc-boves\/","og_site_name":"Fairway 2 Hotel","article_modified_time":"2025-03-12T09:42:52+00:00","twitter_card":"summary_large_image","twitter_misc":{"Est. reading time":"3 minutes"},"schema":{"@context":"https:\/\/schema.org","@graph":[{"@type":"WebPage","@id":"https:\/\/fairway2hotel.at\/en\/golfclubs\/italien\/gc-boves\/","url":"https:\/\/fairway2hotel.at\/en\/golfclubs\/italien\/gc-boves\/","name":"GC Boves - Fairway 2 Hotel","isPartOf":{"@id":"https:\/\/fairway2hotel.at\/en\/#website"},"datePublished":"2024-10-27T10:54:21+00:00","dateModified":"2025-03-12T09:42:52+00:00","breadcrumb":{"@id":"https:\/\/fairway2hotel.at\/en\/golfclubs\/italien\/gc-boves\/#breadcrumb"},"inLanguage":"en-US","potentialAction":[{"@type":"ReadAction","target":["https:\/\/fairway2hotel.at\/en\/golfclubs\/italien\/gc-boves\/"]}]},{"@type":"BreadcrumbList","@id":"https:\/\/fairway2hotel.at\/en\/golfclubs\/italien\/gc-boves\/#breadcrumb","itemListElement":[{"@type":"ListItem","position":1,"name":"Home","item":"https:\/\/fairway2hotel.at\/en\/"},{"@type":"ListItem","position":2,"name":"Golfclubs","item":"https:\/\/fairway2hotel.at\/en\/golfclubs\/"},{"@type":"ListItem","position":3,"name":"Golfclubs Italien","item":"https:\/\/fairway2hotel.at\/en\/golfclubs\/italien\/"},{"@type":"ListItem","position":4,"name":"GC Boves"}]},{"@type":"WebSite","@id":"https:\/\/fairway2hotel.at\/en\/#website","url":"https:\/\/fairway2hotel.at\/en\/","name":"Fairway 2 Hotel","description":"Golf at half price! 2 play - 1 pays","potentialAction":[{"@type":"SearchAction","target":{"@type":"EntryPoint","urlTemplate":"https:\/\/fairway2hotel.at\/en\/?s={search_term_string}"},"query-input":{"@type":"PropertyValueSpecification","valueRequired":true,"valueName":"search_term_string"}}],"inLanguage":"en-US"}]}},"_links":{"self":[{"href":"https:\/\/fairway2hotel.at\/en\/wp-json\/wp\/v2\/pages\/42910","targetHints":{"allow":["GET"]}}],"collection":[{"href":"https:\/\/fairway2hotel.at\/en\/wp-json\/wp\/v2\/pages"}],"about":[{"href":"https:\/\/fairway2hotel.at\/en\/wp-json\/wp\/v2\/types\/page"}],"author":[{"embeddable":true,"href":"https:\/\/fairway2hotel.at\/en\/wp-json\/wp\/v2\/users\/24"}],"replies":[{"embeddable":true,"href":"https:\/\/fairway2hotel.at\/en\/wp-json\/wp\/v2\/comments?post=42910"}],"version-history":[{"count":3,"href":"https:\/\/fairway2hotel.at\/en\/wp-json\/wp\/v2\/pages\/42910\/revisions"}],"predecessor-version":[{"id":46415,"href":"https:\/\/fairway2hotel.at\/en\/wp-json\/wp\/v2\/pages\/42910\/revisions\/46415"}],"up":[{"embeddable":true,"href":"https:\/\/fairway2hotel.at\/en\/wp-json\/wp\/v2\/pages\/1657"}],"acf:attachment":[{"embeddable":true,"href":"https:\/\/fairway2hotel.at\/en\/wp-json\/wp\/v2\/media\/42916"},{"embeddable":true,"href":"https:\/\/fairway2hotel.at\/en\/wp-json\/wp\/v2\/media\/42914"}],"wp:attachment":[{"href":"https:\/\/fairway2hotel.at\/en\/wp-json\/wp\/v2\/media?parent=42910"}],"curies":[{"name":"wp","href":"https:\/\/api.w.org\/{rel}","templated":true}]}}