{"id":42923,"date":"2024-10-27T13:19:22","date_gmt":"2024-10-27T12:19:22","guid":{"rendered":"https:\/\/fairway2hotel.at\/golfclubs\/italien\/golfclub-bellosguardo-copy\/"},"modified":"2025-04-01T12:43:59","modified_gmt":"2025-04-01T10:43:59","slug":"gc-croara-country-club","status":"publish","type":"page","link":"https:\/\/fairway2hotel.at\/en\/golfclubs\/italien\/gc-croara-country-club\/","title":{"rendered":"GC Croara Country Club"},"content":{"rendered":"<h2>Willkommen im Croara Country Club<\/h2>\n<p>Der Croara Country Club, der nach Bologna der zweitgr\u00f6\u00dfte in der Region Emilia-Romagna ist, liegt inmitten einer wundersch\u00f6nen Naturlandschaft im ber\u00fchmten Trebbia-Tal.<\/p>\n<p>\u201eSPIELEN INMITTEN DER GESCHICHTE\u201c.<\/p>\n<p>Der Platz wurde 1976 mit 9 L\u00f6chern nach einem Entwurf von Buratti angelegt. Erst sp\u00e4ter wurde er durch den Architekten Croze vervollst\u00e4ndigt, um sich in der Gestalt seiner heutigen 18 L\u00f6cher zu pr\u00e4sentieren.<br \/>\nDoch die Geschichte von Croara begann schon viel fr\u00fcher: Auf eben diesen Wiesen fand vor mehr als zweitausend Jahren &#8211; 218 v. Chr. &#8211; eine der gr\u00f6\u00dften Schlachten der antiken Geschichte statt. Die Schlacht an der Trebbia, zwischen den R\u00f6mern und dem karthagischen Anf\u00fchrer Hannibal: Ein blutiges Gefecht, in dem Hannibal und seine Elefanten die Oberhand behielten, so dass die Macht Roms erzitterte.<\/p>\n<p>NICHT NUR GOLF<\/p>\n<p>Der Croara Country Club bietet ein umfangreiches Serviceangebot: Ein Restaurant und eine Bar mit herrlichem Blick auf den Golfplatz, vier professionelle Tennispl\u00e4tze, zwei Padelpl\u00e4tze und ein Schwimmbad mit Barbetrieb bei sch\u00f6nem Wetter. Ein Golfshop, der von der Golf\u2019us-Kette betrieben wird, darf nat\u00fcrlich nicht fehlen.<\/p>\n<p>VILLA UND CLUBHAUS<\/p>\n<p>Zu den besonderen Highlights des Clubs z\u00e4hlt zweifellos die alte Villa, die von einem wundersch\u00f6nen Park umgeben ist \u2013 gelegen zwischen dem Schwimmbad und den Tennispl\u00e4tzen. Im 18. Jahrhundert diente sie als Sommerresidenz f\u00fcr durchreisende Adelige. Der Geb\u00e4udekomplex, die kleinen Pl\u00e4tze, die alte Kirche und die G\u00e4rten sind definitiv einen Besuch wert. Das Clubhaus verf\u00fcgt \u00fcber einen gro\u00dfz\u00fcgigen Innenhof und eine herrliche Terrasse mit Blick auf einige Golfl\u00f6cher und den Fluss Trebbia.<\/p>\n<p>EIN BESONDERER ORT<\/p>\n<p>Heute bietet der Platz, der 1987 zum ersten Mal Austragungsort der Women&#8217;s Open in Italien war, weitaus friedlichere und edlere Herausforderungen als damals, n\u00e4mlich die des Golfsports. Der interessante 18-Loch Golfplatz verl\u00e4uft entlang des Flusses Trebbia, ist von einem dichten Eichenwald umgeben und wird von zahlreichen Kr\u00e4hen bev\u00f6lkert \u2013 daher auch dessen Name. Es mangelt nicht an nat\u00fcrlichen Herausforderungen, die durch zus\u00e4tzliche Hindernisse erg\u00e4nzt werden, die der Golfplatzdesigner Marco Croze (zumindest in der<br \/>\nfinalen Version) eingebaut hat. Jeder Schlag erfordert h\u00f6chste Konzentration. Man darf sich dabei nicht ablenken lassen, auch wenn entlang der Strecke seltene Sch\u00f6nheiten auftauchen \u2013 sowohl naturbelassene als auch historische, wie der Blick auf das pr\u00e4chtige Schloss von Rivalta. In der Mitte des Golfplatzes steht eine Villa aus dem 17. Jahrhundert, die durch ihre historische Bedeutung fasziniert. Im Laufe der Jahre beherbergte sie zahlreiche durchreisende Adelige, was die Umgebung nachhaltig gepr\u00e4gt hat.<\/p>\n<h2>Welcome in the Croara Country Club<\/h2>\n<p>&nbsp;<\/p>\n<p>The Croara Country Club, the second largest in the region after Bologna Emilia-Romagna is located in the middle of a beautiful natural landscapefamous Trebbia Valley.<\/p>\n<p>\u201cPLAY IN THE MIDDLE OF HISTORY\u201d<\/p>\n<p>The course was laid out in 1976 with 9 holes based on a design by Buratti. It was only later completed by the architect Croze in order to present the shape of its current 18 holes.But the story of Croara began much earlier: on these very days Meadows were found more than two thousand years ago &#8211; 218 BC. BC &#8211; one of the largest Battles of ancient history take place. The Battle of the Trebbia, between the Romans and the Carthaginian leader Hannibal: A bloody battle, in which Hannibal and his elephants had the upper hand, so that theThe power of Rome trembled.<\/p>\n<p>NOT JUST GOLF<\/p>\n<p>The Croara Country Club offers a wide range of services: A Restaurant and bar with stunning views of the golf course, four professional tennis courts, two padel courts and a swimming pool Bar service when the weather is nice. A golf shop from the Golf\u2019us chain is of course not to be missed.<\/p>\n<p>ILLA AND CLUBHOUSE<\/p>\n<p>One of the special highlights of the club is undoubtedly the old villa, which was built by surrounded by a beautiful park &#8211; located between the Swimming pool and tennis courts. In the 18th century it served as Summer residence for visiting nobles. The building complex, the small ones Squares, the old church and the gardens are definitely worth a visit. The Clubhouse has a spacious courtyard and a wonderful terrace overlooking some golf holes and the Trebbia River.<\/p>\n<p>A SPECIAL PLACE<\/p>\n<p>Today the course, which hosted the Women&#8217;s for the first time in 1987 Open in Italy was, far more peaceful and noble challenges than back then, namely that of golf. The interesting 18-hole golf course runs along the Trebbia River, is surrounded by a dense oak forest and is populated by numerous crows &#8211; hence its name. It&#8217;s lacking not to natural challenges created by additional obstaclesthat the golf course designer Marco Croze (at least in the final version). Every shot requires maximum concentration. You shouldn&#8217;t allow yourself to be distracted, even if it&#8217;s along the route rare beauties appear &#8211; both natural and historical, like the view of the magnificent Rivalta Castle. In the middle of the golf course there is a 17th century villa through their historical significance is fascinating. Over the years she hosted numerous aristocrats traveling through, which left a lasting impression on the surrounding area.<\/p>\n<p>&nbsp;<\/p>\n","protected":false},"excerpt":{"rendered":"<p>Willkommen im Croara Country Club Der Croara Country Club, der nach Bologna der zweitgr\u00f6\u00dfte in der Region Emilia-Romagna ist, liegt inmitten einer wundersch\u00f6nen Naturlandschaft im ber\u00fchmten Trebbia-Tal. \u201eSPIELEN INMITTEN DER GESCHICHTE\u201c. Der Platz wurde 1976 mit 9 L\u00f6chern nach einem Entwurf von Buratti angelegt. Erst sp\u00e4ter wurde er durch den Architekten Croze vervollst\u00e4ndigt, um sich [&hellip;]<\/p>\n","protected":false},"author":24,"featured_media":0,"parent":1657,"menu_order":10,"comment_status":"closed","ping_status":"closed","template":"page-partner.php","meta":{"_acf_changed":false,"footnotes":""},"class_list":["post-42923","page","type-page","status-publish","hentry"],"acf":{"partner_infobox":"<strong>Adresse:\u00a0<\/strong>Via Provinciale di Mercatale 25 I-50059 Vinci\r\n\r\n<strong>Tel:\u00a0<\/strong>+39 57190 2035\r\n\r\n<strong>Web: <\/strong><a href=\"https:\/\/www.golfbellosguardovinci.it\/\" target=\"_blank\" rel=\"nofollow noopener\">www.golfbellosguardovinci.it<\/a>\r\n\r\n<strong>E-Mail:<\/strong> <a href=\"mailto:segreteria@golfbellosguardovinci.it\">segreteria@golfbellosguardovinci.it<\/a>\r\n\r\n<strong>Bedingungen: <\/strong>Gutscheine einl\u00f6sbar MO-FR ausgenommen Feiertage\r\n\r\n<strong>Spielbahnen\/Par: <\/strong>\r\n\r\n<strong>La\u0308nge:\u00a0<\/strong>\r\n\r\n<strong>Anfahrt:\r\n<\/strong>","partner_logo":42925,"partner_gallery":[42933,42929,42927,42935,42937],"partner_lat":44.924405996437166,"partner_long":9.585916911624693,"partner_type":"golfclub","partner_openings":["3","4"],"montag_von_bis":"00:00 - 24:00","dienstag_von_bis":"00:00 - 24:00","mittwoch_von_bis":"10:00 - 14:00","donnerstag_von_bis":"10:00 - 14:00","freitag_von_bis":"00:00 - 24:00","samstag_von_bis":"00:00 - 24:00","sonntag_von_bis":"00:00 - 24:00","partner_adresse":"Localit\u00e0 Croara Nuova di Gazzola, 29010 Gazzola","partner_land_bundesland":"Italien","partner_tel_1":"+39 0523 977105,","partner_tel_2":"","partner_web":"https:\/\/www.golfcroara.it\/","partner_mail":"segreteria@golfcroara.it","partner_spielbahnen_par":"18\/72","partner_laenge":"","partner_bedingungen":"Gutscheine einl\u00f6sbar  MI und DO zwischen 10.00 Uhr und 14.00 Uhr\r\nvouchers redeemable only Wed and Thu between 10.00 a.m. and 2.00 p.m.","partner_anfahrt":"","partner_misc":null,"additional_css_classes":""},"yoast_head":"<!-- This site is optimized with the Yoast SEO plugin v26.8 - https:\/\/yoast.com\/product\/yoast-seo-wordpress\/ -->\n<title>GC Croara Country Club - Fairway 2 Hotel<\/title>\n<meta name=\"robots\" content=\"index, follow, max-snippet:-1, max-image-preview:large, max-video-preview:-1\" \/>\n<link rel=\"canonical\" href=\"https:\/\/fairway2hotel.at\/en\/golfclubs\/italien\/gc-croara-country-club\/\" \/>\n<meta property=\"og:locale\" content=\"en_US\" \/>\n<meta property=\"og:type\" content=\"article\" \/>\n<meta property=\"og:title\" content=\"GC Croara Country Club - Fairway 2 Hotel\" \/>\n<meta property=\"og:description\" content=\"Willkommen im Croara Country Club Der Croara Country Club, der nach Bologna der zweitgr\u00f6\u00dfte in der Region Emilia-Romagna ist, liegt inmitten einer wundersch\u00f6nen Naturlandschaft im ber\u00fchmten Trebbia-Tal. \u201eSPIELEN INMITTEN DER GESCHICHTE\u201c. Der Platz wurde 1976 mit 9 L\u00f6chern nach einem Entwurf von Buratti angelegt. Erst sp\u00e4ter wurde er durch den Architekten Croze vervollst\u00e4ndigt, um sich [&hellip;]\" \/>\n<meta property=\"og:url\" content=\"https:\/\/fairway2hotel.at\/en\/golfclubs\/italien\/gc-croara-country-club\/\" \/>\n<meta property=\"og:site_name\" content=\"Fairway 2 Hotel\" \/>\n<meta property=\"article:modified_time\" content=\"2025-04-01T10:43:59+00:00\" \/>\n<meta name=\"twitter:card\" content=\"summary_large_image\" \/>\n<meta name=\"twitter:label1\" content=\"Est. reading time\" \/>\n\t<meta name=\"twitter:data1\" content=\"5 minutes\" \/>\n<script type=\"application\/ld+json\" class=\"yoast-schema-graph\">{\"@context\":\"https:\/\/schema.org\",\"@graph\":[{\"@type\":\"WebPage\",\"@id\":\"https:\/\/fairway2hotel.at\/en\/golfclubs\/italien\/gc-croara-country-club\/\",\"url\":\"https:\/\/fairway2hotel.at\/en\/golfclubs\/italien\/gc-croara-country-club\/\",\"name\":\"GC Croara Country Club - Fairway 2 Hotel\",\"isPartOf\":{\"@id\":\"https:\/\/fairway2hotel.at\/en\/#website\"},\"datePublished\":\"2024-10-27T12:19:22+00:00\",\"dateModified\":\"2025-04-01T10:43:59+00:00\",\"breadcrumb\":{\"@id\":\"https:\/\/fairway2hotel.at\/en\/golfclubs\/italien\/gc-croara-country-club\/#breadcrumb\"},\"inLanguage\":\"en-US\",\"potentialAction\":[{\"@type\":\"ReadAction\",\"target\":[\"https:\/\/fairway2hotel.at\/en\/golfclubs\/italien\/gc-croara-country-club\/\"]}]},{\"@type\":\"BreadcrumbList\",\"@id\":\"https:\/\/fairway2hotel.at\/en\/golfclubs\/italien\/gc-croara-country-club\/#breadcrumb\",\"itemListElement\":[{\"@type\":\"ListItem\",\"position\":1,\"name\":\"Home\",\"item\":\"https:\/\/fairway2hotel.at\/en\/\"},{\"@type\":\"ListItem\",\"position\":2,\"name\":\"Golfclubs\",\"item\":\"https:\/\/fairway2hotel.at\/en\/golfclubs\/\"},{\"@type\":\"ListItem\",\"position\":3,\"name\":\"Golfclubs Italien\",\"item\":\"https:\/\/fairway2hotel.at\/en\/golfclubs\/italien\/\"},{\"@type\":\"ListItem\",\"position\":4,\"name\":\"GC Croara Country Club\"}]},{\"@type\":\"WebSite\",\"@id\":\"https:\/\/fairway2hotel.at\/en\/#website\",\"url\":\"https:\/\/fairway2hotel.at\/en\/\",\"name\":\"Fairway 2 Hotel\",\"description\":\"Golf at half price! 2 play - 1 pays\",\"potentialAction\":[{\"@type\":\"SearchAction\",\"target\":{\"@type\":\"EntryPoint\",\"urlTemplate\":\"https:\/\/fairway2hotel.at\/en\/?s={search_term_string}\"},\"query-input\":{\"@type\":\"PropertyValueSpecification\",\"valueRequired\":true,\"valueName\":\"search_term_string\"}}],\"inLanguage\":\"en-US\"}]}<\/script>\n<!-- \/ Yoast SEO plugin. -->","yoast_head_json":{"title":"GC Croara Country Club - Fairway 2 Hotel","robots":{"index":"index","follow":"follow","max-snippet":"max-snippet:-1","max-image-preview":"max-image-preview:large","max-video-preview":"max-video-preview:-1"},"canonical":"https:\/\/fairway2hotel.at\/en\/golfclubs\/italien\/gc-croara-country-club\/","og_locale":"en_US","og_type":"article","og_title":"GC Croara Country Club - Fairway 2 Hotel","og_description":"Willkommen im Croara Country Club Der Croara Country Club, der nach Bologna der zweitgr\u00f6\u00dfte in der Region Emilia-Romagna ist, liegt inmitten einer wundersch\u00f6nen Naturlandschaft im ber\u00fchmten Trebbia-Tal. \u201eSPIELEN INMITTEN DER GESCHICHTE\u201c. Der Platz wurde 1976 mit 9 L\u00f6chern nach einem Entwurf von Buratti angelegt. Erst sp\u00e4ter wurde er durch den Architekten Croze vervollst\u00e4ndigt, um sich [&hellip;]","og_url":"https:\/\/fairway2hotel.at\/en\/golfclubs\/italien\/gc-croara-country-club\/","og_site_name":"Fairway 2 Hotel","article_modified_time":"2025-04-01T10:43:59+00:00","twitter_card":"summary_large_image","twitter_misc":{"Est. reading time":"5 minutes"},"schema":{"@context":"https:\/\/schema.org","@graph":[{"@type":"WebPage","@id":"https:\/\/fairway2hotel.at\/en\/golfclubs\/italien\/gc-croara-country-club\/","url":"https:\/\/fairway2hotel.at\/en\/golfclubs\/italien\/gc-croara-country-club\/","name":"GC Croara Country Club - Fairway 2 Hotel","isPartOf":{"@id":"https:\/\/fairway2hotel.at\/en\/#website"},"datePublished":"2024-10-27T12:19:22+00:00","dateModified":"2025-04-01T10:43:59+00:00","breadcrumb":{"@id":"https:\/\/fairway2hotel.at\/en\/golfclubs\/italien\/gc-croara-country-club\/#breadcrumb"},"inLanguage":"en-US","potentialAction":[{"@type":"ReadAction","target":["https:\/\/fairway2hotel.at\/en\/golfclubs\/italien\/gc-croara-country-club\/"]}]},{"@type":"BreadcrumbList","@id":"https:\/\/fairway2hotel.at\/en\/golfclubs\/italien\/gc-croara-country-club\/#breadcrumb","itemListElement":[{"@type":"ListItem","position":1,"name":"Home","item":"https:\/\/fairway2hotel.at\/en\/"},{"@type":"ListItem","position":2,"name":"Golfclubs","item":"https:\/\/fairway2hotel.at\/en\/golfclubs\/"},{"@type":"ListItem","position":3,"name":"Golfclubs Italien","item":"https:\/\/fairway2hotel.at\/en\/golfclubs\/italien\/"},{"@type":"ListItem","position":4,"name":"GC Croara Country Club"}]},{"@type":"WebSite","@id":"https:\/\/fairway2hotel.at\/en\/#website","url":"https:\/\/fairway2hotel.at\/en\/","name":"Fairway 2 Hotel","description":"Golf at half price! 2 play - 1 pays","potentialAction":[{"@type":"SearchAction","target":{"@type":"EntryPoint","urlTemplate":"https:\/\/fairway2hotel.at\/en\/?s={search_term_string}"},"query-input":{"@type":"PropertyValueSpecification","valueRequired":true,"valueName":"search_term_string"}}],"inLanguage":"en-US"}]}},"_links":{"self":[{"href":"https:\/\/fairway2hotel.at\/en\/wp-json\/wp\/v2\/pages\/42923","targetHints":{"allow":["GET"]}}],"collection":[{"href":"https:\/\/fairway2hotel.at\/en\/wp-json\/wp\/v2\/pages"}],"about":[{"href":"https:\/\/fairway2hotel.at\/en\/wp-json\/wp\/v2\/types\/page"}],"author":[{"embeddable":true,"href":"https:\/\/fairway2hotel.at\/en\/wp-json\/wp\/v2\/users\/24"}],"replies":[{"embeddable":true,"href":"https:\/\/fairway2hotel.at\/en\/wp-json\/wp\/v2\/comments?post=42923"}],"version-history":[{"count":5,"href":"https:\/\/fairway2hotel.at\/en\/wp-json\/wp\/v2\/pages\/42923\/revisions"}],"predecessor-version":[{"id":47478,"href":"https:\/\/fairway2hotel.at\/en\/wp-json\/wp\/v2\/pages\/42923\/revisions\/47478"}],"up":[{"embeddable":true,"href":"https:\/\/fairway2hotel.at\/en\/wp-json\/wp\/v2\/pages\/1657"}],"acf:attachment":[{"embeddable":true,"href":"https:\/\/fairway2hotel.at\/en\/wp-json\/wp\/v2\/media\/42937"},{"embeddable":true,"href":"https:\/\/fairway2hotel.at\/en\/wp-json\/wp\/v2\/media\/42935"},{"embeddable":true,"href":"https:\/\/fairway2hotel.at\/en\/wp-json\/wp\/v2\/media\/42927"},{"embeddable":true,"href":"https:\/\/fairway2hotel.at\/en\/wp-json\/wp\/v2\/media\/42929"},{"embeddable":true,"href":"https:\/\/fairway2hotel.at\/en\/wp-json\/wp\/v2\/media\/42933"}],"wp:attachment":[{"href":"https:\/\/fairway2hotel.at\/en\/wp-json\/wp\/v2\/media?parent=42923"}],"curies":[{"name":"wp","href":"https:\/\/api.w.org\/{rel}","templated":true}]}}