{"id":42942,"date":"2024-10-27T13:58:12","date_gmt":"2024-10-27T12:58:12","guid":{"rendered":"https:\/\/fairway2hotel.at\/golfclubs\/steiermark\/golfclub-schloss-frauenthal-copy\/"},"modified":"2025-01-16T17:37:00","modified_gmt":"2025-01-16T16:37:00","slug":"gc-gut-murstaetten-suedkurs","status":"publish","type":"page","link":"https:\/\/fairway2hotel.at\/en\/golfclubs\/steiermark\/gc-gut-murstaetten-suedkurs\/","title":{"rendered":"GC Gut Murst\u00e4tten-S\u00fcdkurs"},"content":{"rendered":"<h2>Gut Murst\u00e4tten-unser S\u00fcdkurs<\/h2>\n<p>Davon k\u00f6nnen die meisten Golfclubs nur tr\u00e4umen! Mit dem sogenannten \u201eS\u00fcdkurs\u201c hat die Golfanlage Gut Murst\u00e4tten einen zweiten und absolut vollwertigen Golfkurs anzubieten aber ohne den Anspruch eines \u201eLeading Platzes\u201c! Die Best\u00e4tigung liefern allein schon die Zahlen: Von den wei\u00dfen bzw . schwarzen Abschl\u00e4gen misst der 9-Loch-Platz auf zwei Runden gespielt 6.006 m bzw. 5.234 m, und von Gelb\/Rot noch immer 5.754 und 4.904 m L\u00e4nge. Mit seinen modulierten Fairways, ebenfalls vielen Bunker und den topgepflegten Gr\u00fcns ist dieser Parcour eine perfekte Erg\u00e4nzung zum Championship-Course und kann auch von Spielern ohne Mitgliedschaft bespielt werden.<\/p>\n<h2>Gut Murst\u00e4tten-our south course<\/h2>\n<p>Most golf clubs can only dream of this! With the so-called \u2018South Course\u2019, the Gut Murst\u00e4tten golf course has a second and absolutely full-fledged golf course to offer, but without the claim of a \u2018Leading Course\u2019! The figures alone confirm this: From the white and black tees, the 9-hole course measures 6,006 metres and 5,234 metres respectively when played over two rounds, and from yellow\/red it is still 5,754 and 4,904 metres long. With its modulated fairways, numerous bunkers and perfectly manicured greens, this course is the perfect complement to the championship course and can also be played by players without a membership.<\/p>\n","protected":false},"excerpt":{"rendered":"<p>Gut Murst\u00e4tten-unser S\u00fcdkurs Davon k\u00f6nnen die meisten Golfclubs nur tr\u00e4umen! Mit dem sogenannten \u201eS\u00fcdkurs\u201c hat die Golfanlage Gut Murst\u00e4tten einen zweiten und absolut vollwertigen Golfkurs anzubieten aber ohne den Anspruch eines \u201eLeading Platzes\u201c! Die Best\u00e4tigung liefern allein schon die Zahlen: Von den wei\u00dfen bzw . schwarzen Abschl\u00e4gen misst der 9-Loch-Platz auf zwei Runden gespielt 6.006 [&hellip;]<\/p>\n","protected":false},"author":24,"featured_media":0,"parent":1552,"menu_order":30,"comment_status":"closed","ping_status":"closed","template":"page-partner.php","meta":{"_acf_changed":false,"footnotes":""},"class_list":["post-42942","page","type-page","status-publish","hentry"],"acf":{"partner_infobox":"<strong>Adresse:\u00a0<\/strong>Ulrichberg 7, 8530 Deutschlandsberg\r\n\r\n<strong>Tel:\u00a0<\/strong>+43 3462\/5717\r\n\r\n<strong>Fax:\u00a0<\/strong>+43 3462\/5717-5\r\n\r\n<strong>Web: <\/strong><a href=\"http:\/\/www.gcfrauenthal.at\" target=\"_blank\" rel=\"nofollow noopener noreferrer\">www.gcfrauenthal.at<\/a>\r\n\r\n<strong>E-Mail:<\/strong> <a href=\"mailto:office@gcfrauenthal.at\">office@gcfrauenthal.at<\/a>\r\n\r\n<strong>Spielbahnen\/Par: <\/strong>18\/72\r\n\r\n<strong>La\u0308nge: <\/strong>gelb: 5.342 m\/rot: 4.676 m\r\n\r\n<strong>Anfahrt:\r\n<\/strong>A2 Wien\u2013Klagenf., Abf.Lieboch, B76 via Stainz \u2192 Dt.landsb., beim Kreis-verk. Dt.landsb. S\u00fcd links \u2192 Frauenthal, n\u00e4chster Kreisverk. rechts \u2192 Schloss Frauenthal","partner_logo":null,"partner_gallery":[42943,42946,42948],"partner_lat":46.85465714687255,"partner_long":15.553817968202772,"partner_type":"golfclub","partner_openings":["1","2","3","4","5","6","7"],"montag_von_bis":"00:00 - 24:00","dienstag_von_bis":"00:00 - 24:00","mittwoch_von_bis":"00:00 - 24:00","donnerstag_von_bis":"00:00 - 24:00","freitag_von_bis":"00:00 - 24:00","samstag_von_bis":"00:00 - 24:00","sonntag_von_bis":"00:00 - 24:00","partner_adresse":"Oedt 14, 8403 Lebring","partner_land_bundesland":"Steiermark","partner_tel_1":"+43 3182-3555","partner_tel_2":"","partner_web":"https:\/\/www.gcmurstaetten.at\/suedkurs","partner_mail":"office@gcmurstaetten.at","partner_spielbahnen_par":"9\/72","partner_laenge":"gelb: 5.342 m\/rot: 4.676 m","partner_bedingungen":"Gutscheine k\u00f6nnen nur am S\u00fcdkurs des GC Murst\u00e4tten eingel\u00f6st werden.\r\nVouchers can only be redeemed on the south course of the GC Murst\u00e4tten","partner_anfahrt":"A2 Wien\u2013Klagenf., Abf.Lieboch, B76 via Stainz \u2192 Dt.landsb., beim Kreis-verk. Dt.landsb. S\u00fcd links \u2192 Frauenthal, n\u00e4chster Kreisverk. rechts \u2192 Schloss Frauenthal","partner_misc":null,"additional_css_classes":""},"yoast_head":"<!-- This site is optimized with the Yoast SEO plugin v26.8 - https:\/\/yoast.com\/product\/yoast-seo-wordpress\/ -->\n<title>GC Gut Murst\u00e4tten-S\u00fcdkurs - Fairway 2 Hotel<\/title>\n<meta name=\"robots\" content=\"index, follow, max-snippet:-1, max-image-preview:large, max-video-preview:-1\" \/>\n<link rel=\"canonical\" href=\"https:\/\/fairway2hotel.at\/en\/golfclubs\/steiermark\/gc-gut-murstaetten-suedkurs\/\" \/>\n<meta property=\"og:locale\" content=\"en_US\" \/>\n<meta property=\"og:type\" content=\"article\" \/>\n<meta property=\"og:title\" content=\"GC Gut Murst\u00e4tten-S\u00fcdkurs - Fairway 2 Hotel\" \/>\n<meta property=\"og:description\" content=\"Gut Murst\u00e4tten-unser S\u00fcdkurs Davon k\u00f6nnen die meisten Golfclubs nur tr\u00e4umen! Mit dem sogenannten \u201eS\u00fcdkurs\u201c hat die Golfanlage Gut Murst\u00e4tten einen zweiten und absolut vollwertigen Golfkurs anzubieten aber ohne den Anspruch eines \u201eLeading Platzes\u201c! Die Best\u00e4tigung liefern allein schon die Zahlen: Von den wei\u00dfen bzw . schwarzen Abschl\u00e4gen misst der 9-Loch-Platz auf zwei Runden gespielt 6.006 [&hellip;]\" \/>\n<meta property=\"og:url\" content=\"https:\/\/fairway2hotel.at\/en\/golfclubs\/steiermark\/gc-gut-murstaetten-suedkurs\/\" \/>\n<meta property=\"og:site_name\" content=\"Fairway 2 Hotel\" \/>\n<meta property=\"article:modified_time\" content=\"2025-01-16T16:37:00+00:00\" \/>\n<meta name=\"twitter:card\" content=\"summary_large_image\" \/>\n<meta name=\"twitter:label1\" content=\"Est. reading time\" \/>\n\t<meta name=\"twitter:data1\" content=\"2 minutes\" \/>\n<script type=\"application\/ld+json\" class=\"yoast-schema-graph\">{\"@context\":\"https:\/\/schema.org\",\"@graph\":[{\"@type\":\"WebPage\",\"@id\":\"https:\/\/fairway2hotel.at\/en\/golfclubs\/steiermark\/gc-gut-murstaetten-suedkurs\/\",\"url\":\"https:\/\/fairway2hotel.at\/en\/golfclubs\/steiermark\/gc-gut-murstaetten-suedkurs\/\",\"name\":\"GC Gut Murst\u00e4tten-S\u00fcdkurs - Fairway 2 Hotel\",\"isPartOf\":{\"@id\":\"https:\/\/fairway2hotel.at\/en\/#website\"},\"datePublished\":\"2024-10-27T12:58:12+00:00\",\"dateModified\":\"2025-01-16T16:37:00+00:00\",\"breadcrumb\":{\"@id\":\"https:\/\/fairway2hotel.at\/en\/golfclubs\/steiermark\/gc-gut-murstaetten-suedkurs\/#breadcrumb\"},\"inLanguage\":\"en-US\",\"potentialAction\":[{\"@type\":\"ReadAction\",\"target\":[\"https:\/\/fairway2hotel.at\/en\/golfclubs\/steiermark\/gc-gut-murstaetten-suedkurs\/\"]}]},{\"@type\":\"BreadcrumbList\",\"@id\":\"https:\/\/fairway2hotel.at\/en\/golfclubs\/steiermark\/gc-gut-murstaetten-suedkurs\/#breadcrumb\",\"itemListElement\":[{\"@type\":\"ListItem\",\"position\":1,\"name\":\"Home\",\"item\":\"https:\/\/fairway2hotel.at\/en\/\"},{\"@type\":\"ListItem\",\"position\":2,\"name\":\"Golfclubs\",\"item\":\"https:\/\/fairway2hotel.at\/en\/golfclubs\/\"},{\"@type\":\"ListItem\",\"position\":3,\"name\":\"Golfclubs Steiermark\",\"item\":\"https:\/\/fairway2hotel.at\/en\/golfclubs\/steiermark\/\"},{\"@type\":\"ListItem\",\"position\":4,\"name\":\"GC Gut Murst\u00e4tten-S\u00fcdkurs\"}]},{\"@type\":\"WebSite\",\"@id\":\"https:\/\/fairway2hotel.at\/en\/#website\",\"url\":\"https:\/\/fairway2hotel.at\/en\/\",\"name\":\"Fairway 2 Hotel\",\"description\":\"Golf at half price! 2 play - 1 pays\",\"potentialAction\":[{\"@type\":\"SearchAction\",\"target\":{\"@type\":\"EntryPoint\",\"urlTemplate\":\"https:\/\/fairway2hotel.at\/en\/?s={search_term_string}\"},\"query-input\":{\"@type\":\"PropertyValueSpecification\",\"valueRequired\":true,\"valueName\":\"search_term_string\"}}],\"inLanguage\":\"en-US\"}]}<\/script>\n<!-- \/ Yoast SEO plugin. -->","yoast_head_json":{"title":"GC Gut Murst\u00e4tten-S\u00fcdkurs - Fairway 2 Hotel","robots":{"index":"index","follow":"follow","max-snippet":"max-snippet:-1","max-image-preview":"max-image-preview:large","max-video-preview":"max-video-preview:-1"},"canonical":"https:\/\/fairway2hotel.at\/en\/golfclubs\/steiermark\/gc-gut-murstaetten-suedkurs\/","og_locale":"en_US","og_type":"article","og_title":"GC Gut Murst\u00e4tten-S\u00fcdkurs - Fairway 2 Hotel","og_description":"Gut Murst\u00e4tten-unser S\u00fcdkurs Davon k\u00f6nnen die meisten Golfclubs nur tr\u00e4umen! Mit dem sogenannten \u201eS\u00fcdkurs\u201c hat die Golfanlage Gut Murst\u00e4tten einen zweiten und absolut vollwertigen Golfkurs anzubieten aber ohne den Anspruch eines \u201eLeading Platzes\u201c! Die Best\u00e4tigung liefern allein schon die Zahlen: Von den wei\u00dfen bzw . schwarzen Abschl\u00e4gen misst der 9-Loch-Platz auf zwei Runden gespielt 6.006 [&hellip;]","og_url":"https:\/\/fairway2hotel.at\/en\/golfclubs\/steiermark\/gc-gut-murstaetten-suedkurs\/","og_site_name":"Fairway 2 Hotel","article_modified_time":"2025-01-16T16:37:00+00:00","twitter_card":"summary_large_image","twitter_misc":{"Est. reading time":"2 minutes"},"schema":{"@context":"https:\/\/schema.org","@graph":[{"@type":"WebPage","@id":"https:\/\/fairway2hotel.at\/en\/golfclubs\/steiermark\/gc-gut-murstaetten-suedkurs\/","url":"https:\/\/fairway2hotel.at\/en\/golfclubs\/steiermark\/gc-gut-murstaetten-suedkurs\/","name":"GC Gut Murst\u00e4tten-S\u00fcdkurs - Fairway 2 Hotel","isPartOf":{"@id":"https:\/\/fairway2hotel.at\/en\/#website"},"datePublished":"2024-10-27T12:58:12+00:00","dateModified":"2025-01-16T16:37:00+00:00","breadcrumb":{"@id":"https:\/\/fairway2hotel.at\/en\/golfclubs\/steiermark\/gc-gut-murstaetten-suedkurs\/#breadcrumb"},"inLanguage":"en-US","potentialAction":[{"@type":"ReadAction","target":["https:\/\/fairway2hotel.at\/en\/golfclubs\/steiermark\/gc-gut-murstaetten-suedkurs\/"]}]},{"@type":"BreadcrumbList","@id":"https:\/\/fairway2hotel.at\/en\/golfclubs\/steiermark\/gc-gut-murstaetten-suedkurs\/#breadcrumb","itemListElement":[{"@type":"ListItem","position":1,"name":"Home","item":"https:\/\/fairway2hotel.at\/en\/"},{"@type":"ListItem","position":2,"name":"Golfclubs","item":"https:\/\/fairway2hotel.at\/en\/golfclubs\/"},{"@type":"ListItem","position":3,"name":"Golfclubs Steiermark","item":"https:\/\/fairway2hotel.at\/en\/golfclubs\/steiermark\/"},{"@type":"ListItem","position":4,"name":"GC Gut Murst\u00e4tten-S\u00fcdkurs"}]},{"@type":"WebSite","@id":"https:\/\/fairway2hotel.at\/en\/#website","url":"https:\/\/fairway2hotel.at\/en\/","name":"Fairway 2 Hotel","description":"Golf at half price! 2 play - 1 pays","potentialAction":[{"@type":"SearchAction","target":{"@type":"EntryPoint","urlTemplate":"https:\/\/fairway2hotel.at\/en\/?s={search_term_string}"},"query-input":{"@type":"PropertyValueSpecification","valueRequired":true,"valueName":"search_term_string"}}],"inLanguage":"en-US"}]}},"_links":{"self":[{"href":"https:\/\/fairway2hotel.at\/en\/wp-json\/wp\/v2\/pages\/42942","targetHints":{"allow":["GET"]}}],"collection":[{"href":"https:\/\/fairway2hotel.at\/en\/wp-json\/wp\/v2\/pages"}],"about":[{"href":"https:\/\/fairway2hotel.at\/en\/wp-json\/wp\/v2\/types\/page"}],"author":[{"embeddable":true,"href":"https:\/\/fairway2hotel.at\/en\/wp-json\/wp\/v2\/users\/24"}],"replies":[{"embeddable":true,"href":"https:\/\/fairway2hotel.at\/en\/wp-json\/wp\/v2\/comments?post=42942"}],"version-history":[{"count":3,"href":"https:\/\/fairway2hotel.at\/en\/wp-json\/wp\/v2\/pages\/42942\/revisions"}],"predecessor-version":[{"id":45910,"href":"https:\/\/fairway2hotel.at\/en\/wp-json\/wp\/v2\/pages\/42942\/revisions\/45910"}],"up":[{"embeddable":true,"href":"https:\/\/fairway2hotel.at\/en\/wp-json\/wp\/v2\/pages\/1552"}],"acf:attachment":[{"embeddable":true,"href":"https:\/\/fairway2hotel.at\/en\/wp-json\/wp\/v2\/media\/42948"},{"embeddable":true,"href":"https:\/\/fairway2hotel.at\/en\/wp-json\/wp\/v2\/media\/42946"},{"embeddable":true,"href":"https:\/\/fairway2hotel.at\/en\/wp-json\/wp\/v2\/media\/42943"}],"wp:attachment":[{"href":"https:\/\/fairway2hotel.at\/en\/wp-json\/wp\/v2\/media?parent=42942"}],"curies":[{"name":"wp","href":"https:\/\/api.w.org\/{rel}","templated":true}]}}