{"id":42979,"date":"2024-11-01T14:38:43","date_gmt":"2024-11-01T13:38:43","guid":{"rendered":"https:\/\/fairway2hotel.at\/golfclubs\/deutschland\/golfclub-am-obinger-see-copy\/"},"modified":"2025-02-25T15:28:07","modified_gmt":"2025-02-25T14:28:07","slug":"golfclub-am-obinger-see-copy","status":"publish","type":"page","link":"https:\/\/fairway2hotel.at\/en\/golfclubs\/deutschland\/golfclub-am-obinger-see-copy\/","title":{"rendered":"GC Neumarkt"},"content":{"rendered":"<h2><strong>Golf-Club Neumarkt &#8211; Sport und Natur in Harmonie<\/strong><\/h2>\n<p>Der 18-Loch-Golfplatz ist in eine leicht h\u00fcgelige Landschaft unterhalb des Gr\u00fcnbergs eingebettet und von der Bundesstra\u00dfe N\u00fcrnberg \u2013 Neumarkt (B8) in wenigen Minuten zu erreichen.<\/p>\n<p>In enger Zusammenarbeit mit Naturschutzbeh\u00f6rden und der Stadt Neumarkt wurde der Golfplatz behutsam in vormals landwirtschaftlich genutztes Gel\u00e4nde integriert. Wir sind stolz darauf, dass wir die geforderten Umweltauflagen stets in einem \u00dcberma\u00df erf\u00fcllen. Entstanden ist eine traumhafte Golflandschaft mit Wasserfl\u00e4chen, weitl\u00e4ufigen Fairways und gepflegten Greens. Gro\u00dfz\u00fcgig vernetzte Roughfl\u00e4chen mit Biotopen und Bachl\u00e4ufen lassen eine nat\u00fcrliche Artenvielfalt zu. Die traumhafte Aussicht von vielen Abschl\u00e4gen werden Sie so schnell nicht vergessen. Entstanden ist aber auch ein Golfplatz, der nie langweilig wird und auch erfahrene Golfer st\u00e4ndig vor neue Aufgaben stellt.<\/p>\n<p>F\u00fcr die pers\u00f6nlichen Herausforderungen aller Handicapklassen sorgen die vielen Sand- und Grasbunker, ein blinder Abschlag an der Zw\u00f6lf und als spielerische Herausforderung zum Schluss, ein gro\u00dfer Teich vor einem schmalen 18. Gr\u00fcn. Zur\u00fcck im Clubhaus k\u00f6nnen Sie bayerische und t\u00fcrkische K\u00fcche genie\u00dfen und einen wundersch\u00f6nen Golftag gem\u00fctlich bei einem Glas Bier oder Wein ausklingen lassen. Unsere Golfschule bietet von Anf\u00e4ngerkursen, Platzreifekursen, Gruppen- und Individual-Unterricht f\u00fcr jeden das passende Angebot an. Die zahlreichen \u00dcbungsm\u00f6glichkeiten, wie Driving Range, gro\u00dfes Putting Green und eine Chip- und Pitching Anlage, bieten die M\u00f6glichkeit Ihr Spiel in allen Bereichen zu verbessern.<\/p>\n<p>Unser famili\u00e4res Clubleben ist ideal f\u00fcr Mitglieder, die neben der sportlichen Herausforderung auch an einem regen Clubleben interessiert sind.<\/p>\n<h2>Neumarkt Golf Club &#8211; sport and nature in harmony<\/h2>\n<p>The 18-hole golf course is embedded in a slightly hilly landscape below the Gr\u00fcnberg and can be reached in just a few minutes from the Nuremberg &#8211; Neumarkt main road (B8).<\/p>\n<p>In close co-operation with the nature conservation authorities and the town of Neumarkt, the golf course has been carefully integrated into what was previously agricultural land. We are proud of the fact that we always fulfil the required environmental regulations to an excessive degree. The result is a dreamlike golf landscape with water features, extensive fairways and manicured greens. Generously networked rough areas with biotopes and streams allow for a natural diversity of species. You won&#8217;t soon forget the marvellous views from many of the tees. The result is a golf course that never gets boring and constantly presents even experienced golfers with new challenges.<\/p>\n<p>The many sand and grass bunkers, a blind tee shot on the 12th and, as a final challenge, a large pond in front of a narrow 18th green provide personal challenges for all handicap classes. Back in the clubhouse you can enjoy Bavarian and Turkish cuisine and round off a wonderful day of golf with a glass of beer or wine. Our golf school offers courses for beginners, courses for those ready to play, group and individual lessons for everyone. The numerous practice facilities, such as a driving range, large putting green and a chip and pitching facility, offer the opportunity to improve your game in all areas.<\/p>\n<p>Our informal club life is ideal for members who are interested in a lively club life as well as a sporting challenge.<\/p>\n","protected":false},"excerpt":{"rendered":"<p>Golf-Club Neumarkt &#8211; Sport und Natur in Harmonie Der 18-Loch-Golfplatz ist in eine leicht h\u00fcgelige Landschaft unterhalb des Gr\u00fcnbergs eingebettet und von der Bundesstra\u00dfe N\u00fcrnberg \u2013 Neumarkt (B8) in wenigen Minuten zu erreichen. In enger Zusammenarbeit mit Naturschutzbeh\u00f6rden und der Stadt Neumarkt wurde der Golfplatz behutsam in vormals landwirtschaftlich genutztes Gel\u00e4nde integriert. Wir sind stolz [&hellip;]<\/p>\n","protected":false},"author":24,"featured_media":0,"parent":1607,"menu_order":15,"comment_status":"closed","ping_status":"closed","template":"page-partner.php","meta":{"_acf_changed":false,"footnotes":""},"class_list":["post-42979","page","type-page","status-publish","hentry"],"acf":{"partner_infobox":"<strong>Adresse:\u00a0<\/strong>Kirchreitbergstra\u00dfe 2, D-83119 Obing-Kleinornach\r\n\r\n<strong>Tel:\u00a0<\/strong>+49-08624-875623\r\n\r\n<strong>Fax:\u00a0<\/strong>+49-08624-875624\r\n\r\n<strong>Web: <\/strong><a href=\"http:\/\/www.dergolfclub.de\" target=\"_blank\" rel=\"nofollow noopener noreferrer\">www.dergolfclub.de<\/a>\r\n\r\n<strong>E-Mail:<\/strong> <a href=\"mailto:dergolfclub@t-online.de\">dergolfclub@t-online.de<\/a>\r\n\r\n<strong>Spielbahnen\/Par: <\/strong>9\/72\r\n\r\n<strong>La\u0308nge: <\/strong>gelb: 6.014 m \/ rot: 5.320 m\r\n\r\n<strong>Anfahrt:\r\n<\/strong>B304 Traunstein Richtung M\u00fcnchen vor dem Obinger See Rechts abbiegen, sie fahren direkt auf den Golfplatz zu.","partner_logo":42981,"partner_gallery":[42991,42989,42985,42983,42987,42993],"partner_lat":49.30194036724779,"partner_long":11.394795366468175,"partner_type":"golfclub","partner_openings":["1","2","3","4","5","6","7"],"montag_von_bis":"00:00 - 24:00","dienstag_von_bis":"00:00 - 24:00","mittwoch_von_bis":"00:00 - 24:00","donnerstag_von_bis":"00:00 - 24:00","freitag_von_bis":"00:00 - 24:00","samstag_von_bis":"00:00 - 24:00","sonntag_von_bis":"00:00 - 24:00","partner_adresse":"Am Herrnhof 1, 92318 Neumarkt","partner_land_bundesland":"Deutschland","partner_tel_1":"+49 9188 \u2013 3979","partner_tel_2":"","partner_web":"https:\/\/golfclub-neumarkt.de","partner_mail":"club@golfclub-neumarkt.de","partner_spielbahnen_par":"18\/72","partner_laenge":"gelb: 6.014 m \/ rot: 5.320 m","partner_bedingungen":"","partner_anfahrt":"B304 Traunstein Richtung M\u00fcnchen vor dem Obinger See Rechts abbiegen, sie fahren direkt auf den Golfplatz zu.","partner_misc":null,"additional_css_classes":""},"yoast_head":"<!-- This site is optimized with the Yoast SEO plugin v26.8 - https:\/\/yoast.com\/product\/yoast-seo-wordpress\/ -->\n<title>GC Neumarkt - Fairway 2 Hotel<\/title>\n<meta name=\"robots\" content=\"index, follow, max-snippet:-1, max-image-preview:large, max-video-preview:-1\" \/>\n<link rel=\"canonical\" href=\"https:\/\/fairway2hotel.at\/en\/golfclubs\/deutschland\/golfclub-am-obinger-see-copy\/\" \/>\n<meta property=\"og:locale\" content=\"en_US\" \/>\n<meta property=\"og:type\" content=\"article\" \/>\n<meta property=\"og:title\" content=\"GC Neumarkt - Fairway 2 Hotel\" \/>\n<meta property=\"og:description\" content=\"Golf-Club Neumarkt &#8211; Sport und Natur in Harmonie Der 18-Loch-Golfplatz ist in eine leicht h\u00fcgelige Landschaft unterhalb des Gr\u00fcnbergs eingebettet und von der Bundesstra\u00dfe N\u00fcrnberg \u2013 Neumarkt (B8) in wenigen Minuten zu erreichen. In enger Zusammenarbeit mit Naturschutzbeh\u00f6rden und der Stadt Neumarkt wurde der Golfplatz behutsam in vormals landwirtschaftlich genutztes Gel\u00e4nde integriert. Wir sind stolz [&hellip;]\" \/>\n<meta property=\"og:url\" content=\"https:\/\/fairway2hotel.at\/en\/golfclubs\/deutschland\/golfclub-am-obinger-see-copy\/\" \/>\n<meta property=\"og:site_name\" content=\"Fairway 2 Hotel\" \/>\n<meta property=\"article:modified_time\" content=\"2025-02-25T14:28:07+00:00\" \/>\n<meta name=\"twitter:card\" content=\"summary_large_image\" \/>\n<meta name=\"twitter:label1\" content=\"Est. reading time\" \/>\n\t<meta name=\"twitter:data1\" content=\"3 minutes\" \/>\n<script type=\"application\/ld+json\" class=\"yoast-schema-graph\">{\"@context\":\"https:\/\/schema.org\",\"@graph\":[{\"@type\":\"WebPage\",\"@id\":\"https:\/\/fairway2hotel.at\/en\/golfclubs\/deutschland\/golfclub-am-obinger-see-copy\/\",\"url\":\"https:\/\/fairway2hotel.at\/en\/golfclubs\/deutschland\/golfclub-am-obinger-see-copy\/\",\"name\":\"GC Neumarkt - Fairway 2 Hotel\",\"isPartOf\":{\"@id\":\"https:\/\/fairway2hotel.at\/en\/#website\"},\"datePublished\":\"2024-11-01T13:38:43+00:00\",\"dateModified\":\"2025-02-25T14:28:07+00:00\",\"breadcrumb\":{\"@id\":\"https:\/\/fairway2hotel.at\/en\/golfclubs\/deutschland\/golfclub-am-obinger-see-copy\/#breadcrumb\"},\"inLanguage\":\"en-US\",\"potentialAction\":[{\"@type\":\"ReadAction\",\"target\":[\"https:\/\/fairway2hotel.at\/en\/golfclubs\/deutschland\/golfclub-am-obinger-see-copy\/\"]}]},{\"@type\":\"BreadcrumbList\",\"@id\":\"https:\/\/fairway2hotel.at\/en\/golfclubs\/deutschland\/golfclub-am-obinger-see-copy\/#breadcrumb\",\"itemListElement\":[{\"@type\":\"ListItem\",\"position\":1,\"name\":\"Home\",\"item\":\"https:\/\/fairway2hotel.at\/en\/\"},{\"@type\":\"ListItem\",\"position\":2,\"name\":\"Golfclubs\",\"item\":\"https:\/\/fairway2hotel.at\/en\/golfclubs\/\"},{\"@type\":\"ListItem\",\"position\":3,\"name\":\"Golfclubs Deutschland\",\"item\":\"https:\/\/fairway2hotel.at\/en\/golfclubs\/deutschland\/\"},{\"@type\":\"ListItem\",\"position\":4,\"name\":\"GC Neumarkt\"}]},{\"@type\":\"WebSite\",\"@id\":\"https:\/\/fairway2hotel.at\/en\/#website\",\"url\":\"https:\/\/fairway2hotel.at\/en\/\",\"name\":\"Fairway 2 Hotel\",\"description\":\"Golf at half price! 2 play - 1 pays\",\"potentialAction\":[{\"@type\":\"SearchAction\",\"target\":{\"@type\":\"EntryPoint\",\"urlTemplate\":\"https:\/\/fairway2hotel.at\/en\/?s={search_term_string}\"},\"query-input\":{\"@type\":\"PropertyValueSpecification\",\"valueRequired\":true,\"valueName\":\"search_term_string\"}}],\"inLanguage\":\"en-US\"}]}<\/script>\n<!-- \/ Yoast SEO plugin. -->","yoast_head_json":{"title":"GC Neumarkt - Fairway 2 Hotel","robots":{"index":"index","follow":"follow","max-snippet":"max-snippet:-1","max-image-preview":"max-image-preview:large","max-video-preview":"max-video-preview:-1"},"canonical":"https:\/\/fairway2hotel.at\/en\/golfclubs\/deutschland\/golfclub-am-obinger-see-copy\/","og_locale":"en_US","og_type":"article","og_title":"GC Neumarkt - Fairway 2 Hotel","og_description":"Golf-Club Neumarkt &#8211; Sport und Natur in Harmonie Der 18-Loch-Golfplatz ist in eine leicht h\u00fcgelige Landschaft unterhalb des Gr\u00fcnbergs eingebettet und von der Bundesstra\u00dfe N\u00fcrnberg \u2013 Neumarkt (B8) in wenigen Minuten zu erreichen. In enger Zusammenarbeit mit Naturschutzbeh\u00f6rden und der Stadt Neumarkt wurde der Golfplatz behutsam in vormals landwirtschaftlich genutztes Gel\u00e4nde integriert. Wir sind stolz [&hellip;]","og_url":"https:\/\/fairway2hotel.at\/en\/golfclubs\/deutschland\/golfclub-am-obinger-see-copy\/","og_site_name":"Fairway 2 Hotel","article_modified_time":"2025-02-25T14:28:07+00:00","twitter_card":"summary_large_image","twitter_misc":{"Est. reading time":"3 minutes"},"schema":{"@context":"https:\/\/schema.org","@graph":[{"@type":"WebPage","@id":"https:\/\/fairway2hotel.at\/en\/golfclubs\/deutschland\/golfclub-am-obinger-see-copy\/","url":"https:\/\/fairway2hotel.at\/en\/golfclubs\/deutschland\/golfclub-am-obinger-see-copy\/","name":"GC Neumarkt - Fairway 2 Hotel","isPartOf":{"@id":"https:\/\/fairway2hotel.at\/en\/#website"},"datePublished":"2024-11-01T13:38:43+00:00","dateModified":"2025-02-25T14:28:07+00:00","breadcrumb":{"@id":"https:\/\/fairway2hotel.at\/en\/golfclubs\/deutschland\/golfclub-am-obinger-see-copy\/#breadcrumb"},"inLanguage":"en-US","potentialAction":[{"@type":"ReadAction","target":["https:\/\/fairway2hotel.at\/en\/golfclubs\/deutschland\/golfclub-am-obinger-see-copy\/"]}]},{"@type":"BreadcrumbList","@id":"https:\/\/fairway2hotel.at\/en\/golfclubs\/deutschland\/golfclub-am-obinger-see-copy\/#breadcrumb","itemListElement":[{"@type":"ListItem","position":1,"name":"Home","item":"https:\/\/fairway2hotel.at\/en\/"},{"@type":"ListItem","position":2,"name":"Golfclubs","item":"https:\/\/fairway2hotel.at\/en\/golfclubs\/"},{"@type":"ListItem","position":3,"name":"Golfclubs Deutschland","item":"https:\/\/fairway2hotel.at\/en\/golfclubs\/deutschland\/"},{"@type":"ListItem","position":4,"name":"GC Neumarkt"}]},{"@type":"WebSite","@id":"https:\/\/fairway2hotel.at\/en\/#website","url":"https:\/\/fairway2hotel.at\/en\/","name":"Fairway 2 Hotel","description":"Golf at half price! 2 play - 1 pays","potentialAction":[{"@type":"SearchAction","target":{"@type":"EntryPoint","urlTemplate":"https:\/\/fairway2hotel.at\/en\/?s={search_term_string}"},"query-input":{"@type":"PropertyValueSpecification","valueRequired":true,"valueName":"search_term_string"}}],"inLanguage":"en-US"}]}},"_links":{"self":[{"href":"https:\/\/fairway2hotel.at\/en\/wp-json\/wp\/v2\/pages\/42979","targetHints":{"allow":["GET"]}}],"collection":[{"href":"https:\/\/fairway2hotel.at\/en\/wp-json\/wp\/v2\/pages"}],"about":[{"href":"https:\/\/fairway2hotel.at\/en\/wp-json\/wp\/v2\/types\/page"}],"author":[{"embeddable":true,"href":"https:\/\/fairway2hotel.at\/en\/wp-json\/wp\/v2\/users\/24"}],"replies":[{"embeddable":true,"href":"https:\/\/fairway2hotel.at\/en\/wp-json\/wp\/v2\/comments?post=42979"}],"version-history":[{"count":5,"href":"https:\/\/fairway2hotel.at\/en\/wp-json\/wp\/v2\/pages\/42979\/revisions"}],"predecessor-version":[{"id":46202,"href":"https:\/\/fairway2hotel.at\/en\/wp-json\/wp\/v2\/pages\/42979\/revisions\/46202"}],"up":[{"embeddable":true,"href":"https:\/\/fairway2hotel.at\/en\/wp-json\/wp\/v2\/pages\/1607"}],"acf:attachment":[{"embeddable":true,"href":"https:\/\/fairway2hotel.at\/en\/wp-json\/wp\/v2\/media\/42993"},{"embeddable":true,"href":"https:\/\/fairway2hotel.at\/en\/wp-json\/wp\/v2\/media\/42987"},{"embeddable":true,"href":"https:\/\/fairway2hotel.at\/en\/wp-json\/wp\/v2\/media\/42983"},{"embeddable":true,"href":"https:\/\/fairway2hotel.at\/en\/wp-json\/wp\/v2\/media\/42985"},{"embeddable":true,"href":"https:\/\/fairway2hotel.at\/en\/wp-json\/wp\/v2\/media\/42989"},{"embeddable":true,"href":"https:\/\/fairway2hotel.at\/en\/wp-json\/wp\/v2\/media\/42991"}],"wp:attachment":[{"href":"https:\/\/fairway2hotel.at\/en\/wp-json\/wp\/v2\/media?parent=42979"}],"curies":[{"name":"wp","href":"https:\/\/api.w.org\/{rel}","templated":true}]}}