{"id":42996,"date":"2024-11-01T14:58:03","date_gmt":"2024-11-01T13:58:03","guid":{"rendered":"https:\/\/fairway2hotel.at\/golfclubs\/tschechien\/golf-club-certovo-bremeno-copy\/"},"modified":"2025-03-13T15:48:31","modified_gmt":"2025-03-13T14:48:31","slug":"gc-golfresort-terasy","status":"publish","type":"page","link":"https:\/\/fairway2hotel.at\/en\/golfclubs\/tschechien\/gc-golfresort-terasy\/","title":{"rendered":"GC Golfresort Terasy"},"content":{"rendered":"<h2 class=\"html-h1 xdj266r x11i5rnm xat24cr x1mh8g0r xexx8yu x4uap5 x18d9i69 xkhd6sd x1vvkbs x1heor9g x1qlqyl8 x1pd3egz x1a2a7pz\">Golfresort Terasy \u00dast\u00ed nad Labem<\/h2>\n<p>Unverge\u00dflicher Blick auf den See und Berggipfel. Dies ist das Golfresort Terasy. Die ersten neun L\u00f6cher erstrecken sich entlang des Sees, die zweiten neun sind eher h\u00fcgelig. Zwischen den L\u00f6chern gibt es mehrere H\u00f6henunterschiede und die Abschl\u00e4ge sind meist terrassiert. Entspannen Sie sich in unserem Restaurant und genie\u00dfen Sie etwas Gutes zum Essen und Trinken. Wir kochen f\u00fcr Sie jeden Tag frisch aus hochwertigen Zutaten aus der Region, und Sie k\u00f6nnen auch hausgemachte Limonaden und Desserts verkosten. Jeder von Ihnen kann aus unserem Angebot w\u00e4hlen, ob Sie Fleischliebhaber oder Vegetarier sind, wir richten uns nach jedem Gast. Der Blick auf die ruhige Oberfl\u00e4che des Sees wird Ihre Seele streicheln und Sie werden gar nicht mehr weg wollen.<\/p>\n<h2 class=\"html-h1 xdj266r x11i5rnm xat24cr x1mh8g0r xexx8yu x4uap5 x18d9i69 xkhd6sd x1vvkbs x1heor9g x1qlqyl8 x1pd3egz x1a2a7pz\">Golfresort Terasy \u00dast\u00ed nad Labem<\/h2>\n<p>Unforgettable view of the lake and mountain peaks. This is the Terasy golf resort. The first nine holes stretch along the lake, the second nine are more hilly. There are several height differences between the holes and the tees are mostly terraced. Relax in our restaurant and enjoy something good to eat and drink. We cook fresh food for you every day using high-quality local ingredients, and you can also taste homemade lemonades and desserts. Each of you can choose from our offer, whether you are a meat lover or a vegetarian, we cater to each guest. The view of the calm surface of the lake will caress your soul and you won&#8217;t want to leave.<\/p>\n","protected":false},"excerpt":{"rendered":"<p>Golfresort Terasy \u00dast\u00ed nad Labem Unverge\u00dflicher Blick auf den See und Berggipfel. Dies ist das Golfresort Terasy. Die ersten neun L\u00f6cher erstrecken sich entlang des Sees, die zweiten neun sind eher h\u00fcgelig. Zwischen den L\u00f6chern gibt es mehrere H\u00f6henunterschiede und die Abschl\u00e4ge sind meist terrassiert. Entspannen Sie sich in unserem Restaurant und genie\u00dfen Sie etwas [&hellip;]<\/p>\n","protected":false},"author":24,"featured_media":0,"parent":1707,"menu_order":5,"comment_status":"closed","ping_status":"closed","template":"page-partner.php","meta":{"_acf_changed":false,"footnotes":""},"class_list":["post-42996","page","type-page","status-publish","hentry"],"acf":{"partner_infobox":"<strong>Adresse:\u00a0<\/strong>Alenina Lhota 7, 391 33 Jistebnice\r\n\r\n<strong>Tel:\r\n<\/strong>420\u00a0775 913\u00a0338\r\n\r\n<strong>Web: <\/strong><a href=\"http:\/\/www.cebr.cz\" target=\"_blank\" rel=\"nofollow noopener noreferrer\">www.cebr.cz<\/a>\r\n\r\n<strong>E-Mail:<\/strong> <a href=\"mailto:cebr@cebr.cz\">info@cebr.cz<\/a>\r\n\r\n<strong>Spielbahnen\/Par: <\/strong>18\/70\r\n\r\n<strong>La\u0308nge: <\/strong>wei\u00df: 5.304 m \/gelb: 5.001 m \/rot: 4.702 m\r\n\r\n<em><strong>Bedingungen:\r\n<\/strong>Gutscheine von MO-DO, ausgenommen Feiertage, einl\u00f6sbar.<\/em>\r\n\r\n<strong>Anfahrt:\r\n<\/strong>80 km s\u00fcdlich von Prag, 70 km n\u00f6rdlich von \u010cesk\u00e9 Bud\u011bjovice","partner_logo":43152,"partner_gallery":[43012,43008,43006,43010],"partner_lat":50.69974191292592,"partner_long":13.990958983716583,"partner_type":"golfclub","partner_openings":["1","2","3","4","5","6","7"],"montag_von_bis":"00:00 - 24:00","dienstag_von_bis":"00:00 - 24:00","mittwoch_von_bis":"00:00 - 24:00","donnerstag_von_bis":"00:00 - 24:00","freitag_von_bis":"00:00 - 24:00","samstag_von_bis":"00:00 - 24:00","sonntag_von_bis":"00:00 - 24:00","partner_adresse":"Podho\u0159\u00ed 380, 400 10 \u00dast\u00ed nad Labem-m\u011bsto","partner_land_bundesland":"Tschechische Republik","partner_tel_1":"+420 725 850 235","partner_tel_2":"","partner_web":"https:\/\/golfterasy.cz","partner_mail":"info@golfterasy.cz","partner_spielbahnen_par":"18\/71","partner_laenge":"wei\u00df: 5.304 m \/gelb: 5.001 m \/rot: 4.702 m","partner_bedingungen":"","partner_anfahrt":"80 km s\u00fcdlich von Prag, 70 km n\u00f6rdlich von \u010cesk\u00e9 Bud\u011bjovice","partner_misc":null,"additional_css_classes":""},"yoast_head":"<!-- This site is optimized with the Yoast SEO plugin v26.8 - https:\/\/yoast.com\/product\/yoast-seo-wordpress\/ -->\n<title>GC Golfresort Terasy - Fairway 2 Hotel<\/title>\n<meta name=\"robots\" content=\"index, follow, max-snippet:-1, max-image-preview:large, max-video-preview:-1\" \/>\n<link rel=\"canonical\" href=\"https:\/\/fairway2hotel.at\/en\/golfclubs\/tschechien\/gc-golfresort-terasy\/\" \/>\n<meta property=\"og:locale\" content=\"en_US\" \/>\n<meta property=\"og:type\" content=\"article\" \/>\n<meta property=\"og:title\" content=\"GC Golfresort Terasy - Fairway 2 Hotel\" \/>\n<meta property=\"og:description\" content=\"Golfresort Terasy \u00dast\u00ed nad Labem Unverge\u00dflicher Blick auf den See und Berggipfel. Dies ist das Golfresort Terasy. Die ersten neun L\u00f6cher erstrecken sich entlang des Sees, die zweiten neun sind eher h\u00fcgelig. Zwischen den L\u00f6chern gibt es mehrere H\u00f6henunterschiede und die Abschl\u00e4ge sind meist terrassiert. Entspannen Sie sich in unserem Restaurant und genie\u00dfen Sie etwas [&hellip;]\" \/>\n<meta property=\"og:url\" content=\"https:\/\/fairway2hotel.at\/en\/golfclubs\/tschechien\/gc-golfresort-terasy\/\" \/>\n<meta property=\"og:site_name\" content=\"Fairway 2 Hotel\" \/>\n<meta property=\"article:modified_time\" content=\"2025-03-13T14:48:31+00:00\" \/>\n<meta name=\"twitter:card\" content=\"summary_large_image\" \/>\n<meta name=\"twitter:label1\" content=\"Est. reading time\" \/>\n\t<meta name=\"twitter:data1\" content=\"2 minutes\" \/>\n<script type=\"application\/ld+json\" class=\"yoast-schema-graph\">{\"@context\":\"https:\/\/schema.org\",\"@graph\":[{\"@type\":\"WebPage\",\"@id\":\"https:\/\/fairway2hotel.at\/en\/golfclubs\/tschechien\/gc-golfresort-terasy\/\",\"url\":\"https:\/\/fairway2hotel.at\/en\/golfclubs\/tschechien\/gc-golfresort-terasy\/\",\"name\":\"GC Golfresort Terasy - Fairway 2 Hotel\",\"isPartOf\":{\"@id\":\"https:\/\/fairway2hotel.at\/en\/#website\"},\"datePublished\":\"2024-11-01T13:58:03+00:00\",\"dateModified\":\"2025-03-13T14:48:31+00:00\",\"breadcrumb\":{\"@id\":\"https:\/\/fairway2hotel.at\/en\/golfclubs\/tschechien\/gc-golfresort-terasy\/#breadcrumb\"},\"inLanguage\":\"en-US\",\"potentialAction\":[{\"@type\":\"ReadAction\",\"target\":[\"https:\/\/fairway2hotel.at\/en\/golfclubs\/tschechien\/gc-golfresort-terasy\/\"]}]},{\"@type\":\"BreadcrumbList\",\"@id\":\"https:\/\/fairway2hotel.at\/en\/golfclubs\/tschechien\/gc-golfresort-terasy\/#breadcrumb\",\"itemListElement\":[{\"@type\":\"ListItem\",\"position\":1,\"name\":\"Home\",\"item\":\"https:\/\/fairway2hotel.at\/en\/\"},{\"@type\":\"ListItem\",\"position\":2,\"name\":\"Golfclubs\",\"item\":\"https:\/\/fairway2hotel.at\/en\/golfclubs\/\"},{\"@type\":\"ListItem\",\"position\":3,\"name\":\"Golfclubs Tschechien\",\"item\":\"https:\/\/fairway2hotel.at\/en\/golfclubs\/tschechien\/\"},{\"@type\":\"ListItem\",\"position\":4,\"name\":\"GC Golfresort Terasy\"}]},{\"@type\":\"WebSite\",\"@id\":\"https:\/\/fairway2hotel.at\/en\/#website\",\"url\":\"https:\/\/fairway2hotel.at\/en\/\",\"name\":\"Fairway 2 Hotel\",\"description\":\"Golf at half price! 2 play - 1 pays\",\"potentialAction\":[{\"@type\":\"SearchAction\",\"target\":{\"@type\":\"EntryPoint\",\"urlTemplate\":\"https:\/\/fairway2hotel.at\/en\/?s={search_term_string}\"},\"query-input\":{\"@type\":\"PropertyValueSpecification\",\"valueRequired\":true,\"valueName\":\"search_term_string\"}}],\"inLanguage\":\"en-US\"}]}<\/script>\n<!-- \/ Yoast SEO plugin. -->","yoast_head_json":{"title":"GC Golfresort Terasy - Fairway 2 Hotel","robots":{"index":"index","follow":"follow","max-snippet":"max-snippet:-1","max-image-preview":"max-image-preview:large","max-video-preview":"max-video-preview:-1"},"canonical":"https:\/\/fairway2hotel.at\/en\/golfclubs\/tschechien\/gc-golfresort-terasy\/","og_locale":"en_US","og_type":"article","og_title":"GC Golfresort Terasy - Fairway 2 Hotel","og_description":"Golfresort Terasy \u00dast\u00ed nad Labem Unverge\u00dflicher Blick auf den See und Berggipfel. Dies ist das Golfresort Terasy. Die ersten neun L\u00f6cher erstrecken sich entlang des Sees, die zweiten neun sind eher h\u00fcgelig. Zwischen den L\u00f6chern gibt es mehrere H\u00f6henunterschiede und die Abschl\u00e4ge sind meist terrassiert. Entspannen Sie sich in unserem Restaurant und genie\u00dfen Sie etwas [&hellip;]","og_url":"https:\/\/fairway2hotel.at\/en\/golfclubs\/tschechien\/gc-golfresort-terasy\/","og_site_name":"Fairway 2 Hotel","article_modified_time":"2025-03-13T14:48:31+00:00","twitter_card":"summary_large_image","twitter_misc":{"Est. reading time":"2 minutes"},"schema":{"@context":"https:\/\/schema.org","@graph":[{"@type":"WebPage","@id":"https:\/\/fairway2hotel.at\/en\/golfclubs\/tschechien\/gc-golfresort-terasy\/","url":"https:\/\/fairway2hotel.at\/en\/golfclubs\/tschechien\/gc-golfresort-terasy\/","name":"GC Golfresort Terasy - Fairway 2 Hotel","isPartOf":{"@id":"https:\/\/fairway2hotel.at\/en\/#website"},"datePublished":"2024-11-01T13:58:03+00:00","dateModified":"2025-03-13T14:48:31+00:00","breadcrumb":{"@id":"https:\/\/fairway2hotel.at\/en\/golfclubs\/tschechien\/gc-golfresort-terasy\/#breadcrumb"},"inLanguage":"en-US","potentialAction":[{"@type":"ReadAction","target":["https:\/\/fairway2hotel.at\/en\/golfclubs\/tschechien\/gc-golfresort-terasy\/"]}]},{"@type":"BreadcrumbList","@id":"https:\/\/fairway2hotel.at\/en\/golfclubs\/tschechien\/gc-golfresort-terasy\/#breadcrumb","itemListElement":[{"@type":"ListItem","position":1,"name":"Home","item":"https:\/\/fairway2hotel.at\/en\/"},{"@type":"ListItem","position":2,"name":"Golfclubs","item":"https:\/\/fairway2hotel.at\/en\/golfclubs\/"},{"@type":"ListItem","position":3,"name":"Golfclubs Tschechien","item":"https:\/\/fairway2hotel.at\/en\/golfclubs\/tschechien\/"},{"@type":"ListItem","position":4,"name":"GC Golfresort Terasy"}]},{"@type":"WebSite","@id":"https:\/\/fairway2hotel.at\/en\/#website","url":"https:\/\/fairway2hotel.at\/en\/","name":"Fairway 2 Hotel","description":"Golf at half price! 2 play - 1 pays","potentialAction":[{"@type":"SearchAction","target":{"@type":"EntryPoint","urlTemplate":"https:\/\/fairway2hotel.at\/en\/?s={search_term_string}"},"query-input":{"@type":"PropertyValueSpecification","valueRequired":true,"valueName":"search_term_string"}}],"inLanguage":"en-US"}]}},"_links":{"self":[{"href":"https:\/\/fairway2hotel.at\/en\/wp-json\/wp\/v2\/pages\/42996","targetHints":{"allow":["GET"]}}],"collection":[{"href":"https:\/\/fairway2hotel.at\/en\/wp-json\/wp\/v2\/pages"}],"about":[{"href":"https:\/\/fairway2hotel.at\/en\/wp-json\/wp\/v2\/types\/page"}],"author":[{"embeddable":true,"href":"https:\/\/fairway2hotel.at\/en\/wp-json\/wp\/v2\/users\/24"}],"replies":[{"embeddable":true,"href":"https:\/\/fairway2hotel.at\/en\/wp-json\/wp\/v2\/comments?post=42996"}],"version-history":[{"count":6,"href":"https:\/\/fairway2hotel.at\/en\/wp-json\/wp\/v2\/pages\/42996\/revisions"}],"predecessor-version":[{"id":46514,"href":"https:\/\/fairway2hotel.at\/en\/wp-json\/wp\/v2\/pages\/42996\/revisions\/46514"}],"up":[{"embeddable":true,"href":"https:\/\/fairway2hotel.at\/en\/wp-json\/wp\/v2\/pages\/1707"}],"acf:attachment":[{"embeddable":true,"href":"https:\/\/fairway2hotel.at\/en\/wp-json\/wp\/v2\/media\/43010"},{"embeddable":true,"href":"https:\/\/fairway2hotel.at\/en\/wp-json\/wp\/v2\/media\/43006"},{"embeddable":true,"href":"https:\/\/fairway2hotel.at\/en\/wp-json\/wp\/v2\/media\/43008"},{"embeddable":true,"href":"https:\/\/fairway2hotel.at\/en\/wp-json\/wp\/v2\/media\/43012"}],"wp:attachment":[{"href":"https:\/\/fairway2hotel.at\/en\/wp-json\/wp\/v2\/media?parent=42996"}],"curies":[{"name":"wp","href":"https:\/\/api.w.org\/{rel}","templated":true}]}}