{"id":43017,"date":"2024-11-01T15:41:42","date_gmt":"2024-11-01T14:41:42","guid":{"rendered":"https:\/\/fairway2hotel.at\/golfclubs\/italien\/golfclub-dei-laghi-copy\/"},"modified":"2025-03-12T10:58:09","modified_gmt":"2025-03-12T09:58:09","slug":"gc-le-fonti","status":"publish","type":"page","link":"https:\/\/fairway2hotel.at\/en\/golfclubs\/italien\/gc-le-fonti\/","title":{"rendered":"GC Le Fonti"},"content":{"rendered":"<h2>Der GOLF Club Le Fonti erwartet Sie\u2026<\/h2>\n<p>Der Le Fonti Golf Club wurde 1999 erbaut. Der 18-Loch-Platz erstreckt sich \u00fcber ein Gebiet entlang des Sillaro-Tals, das in die Po-Ebene m\u00fcndet. Der leicht h\u00fcgelige Platz ist das ganze Jahr \u00fcber bespielbar und sowohl f\u00fcr Amateure als auch f\u00fcr Profis sehr attraktiv. Der Golfplatz verf\u00fcgt \u00fcber eine beleuchtete Driving Range mit teilweise \u00fcberdachten Abschl\u00e4gen, Pitching-, Chipping- und Putting-Greens sowie Buggys, Trolleys und Schl\u00e4ger zum Verleih. Parkm\u00f6glichkeit f\u00fcr Wohnmobile. Zu den Angeboten des Clubs geh\u00f6ren ein Au\u00dfenpool und ein Fitnessraum.<\/p>\n<p>Neben dem Golfclub befinden sich die Thermen von Castel San Pietro und die antike Fonte Fegatella, die seit dem Mittelalter f\u00fcr ihre heilende Wirkung bei Lebererkrankungen bekannt ist. In der N\u00e4he der Sportanlage gibt es einige Hotels mit erm\u00e4\u00dfigten Preisen.<\/p>\n<p>Ruhetag: Dienstag, kein Feiertag. Wegbeschreibung zum Golfplatz: Autobahn A14 Bologna \u2013 Rimini, Ausfahrt Castel San Pietro Terme, Richtung Stadtzentrum, weiter Richtung Stabilimenti Terme. In der N\u00e4he: Flughafen Bologna (30 km), Flughafen Forl\u00ec (50 km), Stadt Bologna (20 km), Imola (9 km), Ravenna (60 km).<\/p>\n<p>&nbsp;<\/p>\n<h2>The GOLF Club Le Fonti awaits you\u2026<\/h2>\n<p>The Le Fonti Golf Club was built in 1999. The 18-hole course extends over an area along the Sillaro Valley, which flows into the Po Valley. The slightly hilly route is practicable all year round and is very attractive for both amateurs and professionals. The golf course includes a lighted driving range with partially covered tees, pitching, chipping and putting greens, buggies, trolleys and clubs available for rental. Possibility of parking for campers. The club&#8217;s offerings include an outdoor pool and a fitness room.<\/p>\n<p>Next to the Golf Club are the Castel San Pietro Baths and the ancient Fonte Fegatella, famous since the Middle Ages for its healing effects on liver diseases. Close to the sports facility, there are some hotels with discounted rates.<\/p>\n<p>Closing day: Tuesday, non-holiday. Directions to the golf course: A14 Bologna &#8211; Rimini motorway, Castel San Pietro Terme exit, direction city center continuing towards Stabilimenti Terme. Nearby: Bologna airport (30 km), Forl\u00ec airport (50 km), City of Bologna (20 km), Imola (9km), Ravenna (60 km).<\/p>\n","protected":false},"excerpt":{"rendered":"<p>Der GOLF Club Le Fonti erwartet Sie\u2026 Der Le Fonti Golf Club wurde 1999 erbaut. Der 18-Loch-Platz erstreckt sich \u00fcber ein Gebiet entlang des Sillaro-Tals, das in die Po-Ebene m\u00fcndet. Der leicht h\u00fcgelige Platz ist das ganze Jahr \u00fcber bespielbar und sowohl f\u00fcr Amateure als auch f\u00fcr Profis sehr attraktiv. Der Golfplatz verf\u00fcgt \u00fcber eine [&hellip;]<\/p>\n","protected":false},"author":24,"featured_media":0,"parent":1657,"menu_order":10,"comment_status":"closed","ping_status":"closed","template":"page-partner.php","meta":{"_acf_changed":false,"footnotes":""},"class_list":["post-43017","page","type-page","status-publish","hentry"],"acf":{"partner_infobox":"<strong>Adresse:\u00a0<\/strong>Via Trevisani, 926, I-21028 Travedona Monate\r\n\r\n<strong>Tel:\u00a0<\/strong>+39 0332 978101\r\n\r\n<strong>Web: <\/strong><a href=\"https:\/\/www.golfdeilaghi.it\/\" target=\"_blank\" rel=\"nofollow noopener\">www.golfdeilaghi.it<\/a>\r\n\r\n<strong>E-Mail:<\/strong> <a href=\"mailto:segreteria@golfdeilaghi.it \">segreteria@golfdeilaghi.it<\/a>\r\n\r\n<strong>Bedingungen: <\/strong>\r\n\r\n<strong>Spielbahnen\/Par: <\/strong>\r\n\r\n<strong>La\u0308nge:\u00a0<\/strong>\r\n\r\n<strong>Anfahrt:\r\n<\/strong>","partner_logo":43019,"partner_gallery":[43021,43023],"partner_lat":44.38078739084586,"partner_long":11.585071039262036,"partner_type":"golfclub","partner_openings":["1","2","3","4","5"],"montag_von_bis":"00:00 - 24:00","dienstag_von_bis":"00:00 - 24:00","mittwoch_von_bis":"00:00 - 24:00","donnerstag_von_bis":"00:00 - 24:00","freitag_von_bis":"00:00 - 24:00","samstag_von_bis":"00:00 - 24:00","sonntag_von_bis":"00:00 - 24:00","partner_adresse":"Viale Terme, 1800, 40024 Castel San Pietro Terme BO","partner_land_bundesland":"Italien","partner_tel_1":"+39 051 695 1958","partner_tel_2":"","partner_web":"https:\/\/www.golfclublefonti.it\/de","partner_mail":"info@golfclublefonti.it","partner_spielbahnen_par":"18\/72","partner_laenge":"","partner_bedingungen":"Gutscheine einl\u00f6sbar von MO-FR\r\nvouchers redeemable from Mon-Fri","partner_anfahrt":"","partner_misc":null,"additional_css_classes":""},"yoast_head":"<!-- This site is optimized with the Yoast SEO plugin v26.8 - https:\/\/yoast.com\/product\/yoast-seo-wordpress\/ -->\n<title>GC Le Fonti - Fairway 2 Hotel<\/title>\n<meta name=\"robots\" content=\"index, follow, max-snippet:-1, max-image-preview:large, max-video-preview:-1\" \/>\n<link rel=\"canonical\" href=\"https:\/\/fairway2hotel.at\/en\/golfclubs\/italien\/gc-le-fonti\/\" \/>\n<meta property=\"og:locale\" content=\"en_US\" \/>\n<meta property=\"og:type\" content=\"article\" \/>\n<meta property=\"og:title\" content=\"GC Le Fonti - Fairway 2 Hotel\" \/>\n<meta property=\"og:description\" content=\"Der GOLF Club Le Fonti erwartet Sie\u2026 Der Le Fonti Golf Club wurde 1999 erbaut. Der 18-Loch-Platz erstreckt sich \u00fcber ein Gebiet entlang des Sillaro-Tals, das in die Po-Ebene m\u00fcndet. Der leicht h\u00fcgelige Platz ist das ganze Jahr \u00fcber bespielbar und sowohl f\u00fcr Amateure als auch f\u00fcr Profis sehr attraktiv. Der Golfplatz verf\u00fcgt \u00fcber eine [&hellip;]\" \/>\n<meta property=\"og:url\" content=\"https:\/\/fairway2hotel.at\/en\/golfclubs\/italien\/gc-le-fonti\/\" \/>\n<meta property=\"og:site_name\" content=\"Fairway 2 Hotel\" \/>\n<meta property=\"article:modified_time\" content=\"2025-03-12T09:58:09+00:00\" \/>\n<meta name=\"twitter:card\" content=\"summary_large_image\" \/>\n<meta name=\"twitter:label1\" content=\"Est. reading time\" \/>\n\t<meta name=\"twitter:data1\" content=\"2 minutes\" \/>\n<script type=\"application\/ld+json\" class=\"yoast-schema-graph\">{\"@context\":\"https:\/\/schema.org\",\"@graph\":[{\"@type\":\"WebPage\",\"@id\":\"https:\/\/fairway2hotel.at\/en\/golfclubs\/italien\/gc-le-fonti\/\",\"url\":\"https:\/\/fairway2hotel.at\/en\/golfclubs\/italien\/gc-le-fonti\/\",\"name\":\"GC Le Fonti - Fairway 2 Hotel\",\"isPartOf\":{\"@id\":\"https:\/\/fairway2hotel.at\/en\/#website\"},\"datePublished\":\"2024-11-01T14:41:42+00:00\",\"dateModified\":\"2025-03-12T09:58:09+00:00\",\"breadcrumb\":{\"@id\":\"https:\/\/fairway2hotel.at\/en\/golfclubs\/italien\/gc-le-fonti\/#breadcrumb\"},\"inLanguage\":\"en-US\",\"potentialAction\":[{\"@type\":\"ReadAction\",\"target\":[\"https:\/\/fairway2hotel.at\/en\/golfclubs\/italien\/gc-le-fonti\/\"]}]},{\"@type\":\"BreadcrumbList\",\"@id\":\"https:\/\/fairway2hotel.at\/en\/golfclubs\/italien\/gc-le-fonti\/#breadcrumb\",\"itemListElement\":[{\"@type\":\"ListItem\",\"position\":1,\"name\":\"Home\",\"item\":\"https:\/\/fairway2hotel.at\/en\/\"},{\"@type\":\"ListItem\",\"position\":2,\"name\":\"Golfclubs\",\"item\":\"https:\/\/fairway2hotel.at\/en\/golfclubs\/\"},{\"@type\":\"ListItem\",\"position\":3,\"name\":\"Golfclubs Italien\",\"item\":\"https:\/\/fairway2hotel.at\/en\/golfclubs\/italien\/\"},{\"@type\":\"ListItem\",\"position\":4,\"name\":\"GC Le Fonti\"}]},{\"@type\":\"WebSite\",\"@id\":\"https:\/\/fairway2hotel.at\/en\/#website\",\"url\":\"https:\/\/fairway2hotel.at\/en\/\",\"name\":\"Fairway 2 Hotel\",\"description\":\"Golf at half price! 2 play - 1 pays\",\"potentialAction\":[{\"@type\":\"SearchAction\",\"target\":{\"@type\":\"EntryPoint\",\"urlTemplate\":\"https:\/\/fairway2hotel.at\/en\/?s={search_term_string}\"},\"query-input\":{\"@type\":\"PropertyValueSpecification\",\"valueRequired\":true,\"valueName\":\"search_term_string\"}}],\"inLanguage\":\"en-US\"}]}<\/script>\n<!-- \/ Yoast SEO plugin. -->","yoast_head_json":{"title":"GC Le Fonti - Fairway 2 Hotel","robots":{"index":"index","follow":"follow","max-snippet":"max-snippet:-1","max-image-preview":"max-image-preview:large","max-video-preview":"max-video-preview:-1"},"canonical":"https:\/\/fairway2hotel.at\/en\/golfclubs\/italien\/gc-le-fonti\/","og_locale":"en_US","og_type":"article","og_title":"GC Le Fonti - Fairway 2 Hotel","og_description":"Der GOLF Club Le Fonti erwartet Sie\u2026 Der Le Fonti Golf Club wurde 1999 erbaut. Der 18-Loch-Platz erstreckt sich \u00fcber ein Gebiet entlang des Sillaro-Tals, das in die Po-Ebene m\u00fcndet. Der leicht h\u00fcgelige Platz ist das ganze Jahr \u00fcber bespielbar und sowohl f\u00fcr Amateure als auch f\u00fcr Profis sehr attraktiv. Der Golfplatz verf\u00fcgt \u00fcber eine [&hellip;]","og_url":"https:\/\/fairway2hotel.at\/en\/golfclubs\/italien\/gc-le-fonti\/","og_site_name":"Fairway 2 Hotel","article_modified_time":"2025-03-12T09:58:09+00:00","twitter_card":"summary_large_image","twitter_misc":{"Est. reading time":"2 minutes"},"schema":{"@context":"https:\/\/schema.org","@graph":[{"@type":"WebPage","@id":"https:\/\/fairway2hotel.at\/en\/golfclubs\/italien\/gc-le-fonti\/","url":"https:\/\/fairway2hotel.at\/en\/golfclubs\/italien\/gc-le-fonti\/","name":"GC Le Fonti - Fairway 2 Hotel","isPartOf":{"@id":"https:\/\/fairway2hotel.at\/en\/#website"},"datePublished":"2024-11-01T14:41:42+00:00","dateModified":"2025-03-12T09:58:09+00:00","breadcrumb":{"@id":"https:\/\/fairway2hotel.at\/en\/golfclubs\/italien\/gc-le-fonti\/#breadcrumb"},"inLanguage":"en-US","potentialAction":[{"@type":"ReadAction","target":["https:\/\/fairway2hotel.at\/en\/golfclubs\/italien\/gc-le-fonti\/"]}]},{"@type":"BreadcrumbList","@id":"https:\/\/fairway2hotel.at\/en\/golfclubs\/italien\/gc-le-fonti\/#breadcrumb","itemListElement":[{"@type":"ListItem","position":1,"name":"Home","item":"https:\/\/fairway2hotel.at\/en\/"},{"@type":"ListItem","position":2,"name":"Golfclubs","item":"https:\/\/fairway2hotel.at\/en\/golfclubs\/"},{"@type":"ListItem","position":3,"name":"Golfclubs Italien","item":"https:\/\/fairway2hotel.at\/en\/golfclubs\/italien\/"},{"@type":"ListItem","position":4,"name":"GC Le Fonti"}]},{"@type":"WebSite","@id":"https:\/\/fairway2hotel.at\/en\/#website","url":"https:\/\/fairway2hotel.at\/en\/","name":"Fairway 2 Hotel","description":"Golf at half price! 2 play - 1 pays","potentialAction":[{"@type":"SearchAction","target":{"@type":"EntryPoint","urlTemplate":"https:\/\/fairway2hotel.at\/en\/?s={search_term_string}"},"query-input":{"@type":"PropertyValueSpecification","valueRequired":true,"valueName":"search_term_string"}}],"inLanguage":"en-US"}]}},"_links":{"self":[{"href":"https:\/\/fairway2hotel.at\/en\/wp-json\/wp\/v2\/pages\/43017","targetHints":{"allow":["GET"]}}],"collection":[{"href":"https:\/\/fairway2hotel.at\/en\/wp-json\/wp\/v2\/pages"}],"about":[{"href":"https:\/\/fairway2hotel.at\/en\/wp-json\/wp\/v2\/types\/page"}],"author":[{"embeddable":true,"href":"https:\/\/fairway2hotel.at\/en\/wp-json\/wp\/v2\/users\/24"}],"replies":[{"embeddable":true,"href":"https:\/\/fairway2hotel.at\/en\/wp-json\/wp\/v2\/comments?post=43017"}],"version-history":[{"count":4,"href":"https:\/\/fairway2hotel.at\/en\/wp-json\/wp\/v2\/pages\/43017\/revisions"}],"predecessor-version":[{"id":46422,"href":"https:\/\/fairway2hotel.at\/en\/wp-json\/wp\/v2\/pages\/43017\/revisions\/46422"}],"up":[{"embeddable":true,"href":"https:\/\/fairway2hotel.at\/en\/wp-json\/wp\/v2\/pages\/1657"}],"acf:attachment":[{"embeddable":true,"href":"https:\/\/fairway2hotel.at\/en\/wp-json\/wp\/v2\/media\/43023"},{"embeddable":true,"href":"https:\/\/fairway2hotel.at\/en\/wp-json\/wp\/v2\/media\/43021"}],"wp:attachment":[{"href":"https:\/\/fairway2hotel.at\/en\/wp-json\/wp\/v2\/media?parent=43017"}],"curies":[{"name":"wp","href":"https:\/\/api.w.org\/{rel}","templated":true}]}}