{"id":43026,"date":"2024-11-01T15:57:21","date_gmt":"2024-11-01T14:57:21","guid":{"rendered":"https:\/\/fairway2hotel.at\/golfclubs\/italien\/golfclub-dei-laghi-copy\/"},"modified":"2025-03-12T11:15:15","modified_gmt":"2025-03-12T10:15:15","slug":"gc-salice-terme-golf-country","status":"publish","type":"page","link":"https:\/\/fairway2hotel.at\/en\/golfclubs\/italien\/gc-salice-terme-golf-country\/","title":{"rendered":"GC Salice Terme Golf &#038; Country"},"content":{"rendered":"<h2>Salice Terme Golf &amp; Country erwartet Sie\u2026<\/h2>\n<p>Eingebettet in die Gegend von Salice Terme, einem alten Touristenort im Oltrepo Pavese, ist der Club ein modern ausgestatteter Sportclub, der seinen Mitgliedern einen idealen Ort bietet, an dem sie ihre Freizeit im Zeichen von Sport und Wohlbefinden verbringen k\u00f6nnen. Trotz seiner jungen Geschichte stellt der Salice Terme Golf Club, der 1999 gegr\u00fcndet wurde, ein Flaggschiff des modernen lombardischen Golfangebots dar: Die prestigetr\u00e4chtige Lage, der interessante 9-Loch-Platz und die neuen Sportanlagen sind der Beweis f\u00fcr die Aufmerksamkeit, die der Club genie\u00dft.<\/p>\n<p>Das Vergn\u00fcgen einer unber\u00fchrten, ruhigen und angenehmen Umgebung, umgeben von einem jahrhundertealten Park, ges\u00e4umt von H\u00fcgeln: Entspannen Sie hier vom Alltag, widmen Sie sich Ihrer Golfleidenschaft oder nutzen Sie den Club als geeigneten Ort f\u00fcr einen erholsamen Urlaub.<\/p>\n<p>Salice Terme Golf &amp; Country ist von Februar bis Dezember ge\u00f6ffnet. Mittwochs au\u00dfer an Feiertagen geschlossen.<\/p>\n<p>&nbsp;<\/p>\n<h2>Salice Terme Golf &amp; Country awaits for you&#8230;.<\/h2>\n<p>&nbsp;<\/p>\n<p>Nestled in the area of \u200b\u200bSalice Terme, an ancient tourist resort in Oltrepo Pavese, the club is a modernly equipped sports club that offers its members an ideal place to spend their free time dedicated to sport and well-being. Despite its young history, the Salice Terme Golf Club, founded in 1999, represents a flagship of the modern Lombard golf offer: the prestigious location, the interesting 9-hole course and the new sports facilities are proof of the attention that the club enjoys.<\/p>\n<p>The pleasure of an untouched, quiet and pleasant environment, surrounded by a centuries-old park, bordered by hills: relax here from everyday life, dedicate yourself to your passion for golf or use the club as a suitable place for a relaxing holiday.<\/p>\n<p>Salice Terme Golf &amp; Country is open from February to December. Closed on Wednesdays except public holidays<\/p>\n","protected":false},"excerpt":{"rendered":"<p>Salice Terme Golf &amp; Country erwartet Sie\u2026 Eingebettet in die Gegend von Salice Terme, einem alten Touristenort im Oltrepo Pavese, ist der Club ein modern ausgestatteter Sportclub, der seinen Mitgliedern einen idealen Ort bietet, an dem sie ihre Freizeit im Zeichen von Sport und Wohlbefinden verbringen k\u00f6nnen. Trotz seiner jungen Geschichte stellt der Salice Terme [&hellip;]<\/p>\n","protected":false},"author":24,"featured_media":0,"parent":1657,"menu_order":10,"comment_status":"closed","ping_status":"closed","template":"page-partner.php","meta":{"_acf_changed":false,"footnotes":""},"class_list":["post-43026","page","type-page","status-publish","hentry"],"acf":{"partner_infobox":"<strong>Adresse:\u00a0<\/strong>Via Trevisani, 926, I-21028 Travedona Monate\r\n\r\n<strong>Tel:\u00a0<\/strong>+39 0332 978101\r\n\r\n<strong>Web: <\/strong><a href=\"https:\/\/www.golfdeilaghi.it\/\" target=\"_blank\" rel=\"nofollow noopener\">www.golfdeilaghi.it<\/a>\r\n\r\n<strong>E-Mail:<\/strong> <a href=\"mailto:segreteria@golfdeilaghi.it \">segreteria@golfdeilaghi.it<\/a>\r\n\r\n<strong>Bedingungen: <\/strong>\r\n\r\n<strong>Spielbahnen\/Par: <\/strong>\r\n\r\n<strong>La\u0308nge:\u00a0<\/strong>\r\n\r\n<strong>Anfahrt:\r\n<\/strong>","partner_logo":43028,"partner_gallery":[43030,43032,43034,43036,43038],"partner_lat":44.920194817094526,"partner_long":9.029220996954459,"partner_type":"golfclub","partner_openings":["1","2","4","5"],"montag_von_bis":"00:00 - 24:00","dienstag_von_bis":"00:00 - 24:00","mittwoch_von_bis":"00:00 - 24:00","donnerstag_von_bis":"00:00 - 24:00","freitag_von_bis":"00:00 - 24:00","samstag_von_bis":"00:00 - 24:00","sonntag_von_bis":"00:00 - 24:00","partner_adresse":"Via Diviani, 8, 27055 Rivanazzano Terme PV","partner_land_bundesland":"Italien","partner_tel_1":"+39 0383 933370","partner_tel_2":"","partner_web":"https:\/\/www.salicetermegolf-country.it","partner_mail":"golf@golfsaliceterme.it","partner_spielbahnen_par":"9\/70","partner_laenge":"","partner_bedingungen":"Gutscheine MO-FR einl\u00f6sbar, Mittwoch Ruhetag\r\nvouchers redeemable from Mon-Fri, closed on Wed","partner_anfahrt":"","partner_misc":null,"additional_css_classes":""},"yoast_head":"<!-- This site is optimized with the Yoast SEO plugin v26.8 - https:\/\/yoast.com\/product\/yoast-seo-wordpress\/ -->\n<title>GC Salice Terme Golf &amp; Country - Fairway 2 Hotel<\/title>\n<meta name=\"robots\" content=\"index, follow, max-snippet:-1, max-image-preview:large, max-video-preview:-1\" \/>\n<link rel=\"canonical\" href=\"https:\/\/fairway2hotel.at\/en\/golfclubs\/italien\/gc-salice-terme-golf-country\/\" \/>\n<meta property=\"og:locale\" content=\"en_US\" \/>\n<meta property=\"og:type\" content=\"article\" \/>\n<meta property=\"og:title\" content=\"GC Salice Terme Golf &amp; Country - Fairway 2 Hotel\" \/>\n<meta property=\"og:description\" content=\"Salice Terme Golf &amp; Country erwartet Sie\u2026 Eingebettet in die Gegend von Salice Terme, einem alten Touristenort im Oltrepo Pavese, ist der Club ein modern ausgestatteter Sportclub, der seinen Mitgliedern einen idealen Ort bietet, an dem sie ihre Freizeit im Zeichen von Sport und Wohlbefinden verbringen k\u00f6nnen. Trotz seiner jungen Geschichte stellt der Salice Terme [&hellip;]\" \/>\n<meta property=\"og:url\" content=\"https:\/\/fairway2hotel.at\/en\/golfclubs\/italien\/gc-salice-terme-golf-country\/\" \/>\n<meta property=\"og:site_name\" content=\"Fairway 2 Hotel\" \/>\n<meta property=\"article:modified_time\" content=\"2025-03-12T10:15:15+00:00\" \/>\n<meta name=\"twitter:card\" content=\"summary_large_image\" \/>\n<meta name=\"twitter:label1\" content=\"Est. reading time\" \/>\n\t<meta name=\"twitter:data1\" content=\"2 minutes\" \/>\n<script type=\"application\/ld+json\" class=\"yoast-schema-graph\">{\"@context\":\"https:\/\/schema.org\",\"@graph\":[{\"@type\":\"WebPage\",\"@id\":\"https:\/\/fairway2hotel.at\/en\/golfclubs\/italien\/gc-salice-terme-golf-country\/\",\"url\":\"https:\/\/fairway2hotel.at\/en\/golfclubs\/italien\/gc-salice-terme-golf-country\/\",\"name\":\"GC Salice Terme Golf & Country - Fairway 2 Hotel\",\"isPartOf\":{\"@id\":\"https:\/\/fairway2hotel.at\/en\/#website\"},\"datePublished\":\"2024-11-01T14:57:21+00:00\",\"dateModified\":\"2025-03-12T10:15:15+00:00\",\"breadcrumb\":{\"@id\":\"https:\/\/fairway2hotel.at\/en\/golfclubs\/italien\/gc-salice-terme-golf-country\/#breadcrumb\"},\"inLanguage\":\"en-US\",\"potentialAction\":[{\"@type\":\"ReadAction\",\"target\":[\"https:\/\/fairway2hotel.at\/en\/golfclubs\/italien\/gc-salice-terme-golf-country\/\"]}]},{\"@type\":\"BreadcrumbList\",\"@id\":\"https:\/\/fairway2hotel.at\/en\/golfclubs\/italien\/gc-salice-terme-golf-country\/#breadcrumb\",\"itemListElement\":[{\"@type\":\"ListItem\",\"position\":1,\"name\":\"Home\",\"item\":\"https:\/\/fairway2hotel.at\/en\/\"},{\"@type\":\"ListItem\",\"position\":2,\"name\":\"Golfclubs\",\"item\":\"https:\/\/fairway2hotel.at\/en\/golfclubs\/\"},{\"@type\":\"ListItem\",\"position\":3,\"name\":\"Golfclubs Italien\",\"item\":\"https:\/\/fairway2hotel.at\/en\/golfclubs\/italien\/\"},{\"@type\":\"ListItem\",\"position\":4,\"name\":\"GC Salice Terme Golf &#038; Country\"}]},{\"@type\":\"WebSite\",\"@id\":\"https:\/\/fairway2hotel.at\/en\/#website\",\"url\":\"https:\/\/fairway2hotel.at\/en\/\",\"name\":\"Fairway 2 Hotel\",\"description\":\"Golf at half price! 2 play - 1 pays\",\"potentialAction\":[{\"@type\":\"SearchAction\",\"target\":{\"@type\":\"EntryPoint\",\"urlTemplate\":\"https:\/\/fairway2hotel.at\/en\/?s={search_term_string}\"},\"query-input\":{\"@type\":\"PropertyValueSpecification\",\"valueRequired\":true,\"valueName\":\"search_term_string\"}}],\"inLanguage\":\"en-US\"}]}<\/script>\n<!-- \/ Yoast SEO plugin. -->","yoast_head_json":{"title":"GC Salice Terme Golf & Country - Fairway 2 Hotel","robots":{"index":"index","follow":"follow","max-snippet":"max-snippet:-1","max-image-preview":"max-image-preview:large","max-video-preview":"max-video-preview:-1"},"canonical":"https:\/\/fairway2hotel.at\/en\/golfclubs\/italien\/gc-salice-terme-golf-country\/","og_locale":"en_US","og_type":"article","og_title":"GC Salice Terme Golf & Country - Fairway 2 Hotel","og_description":"Salice Terme Golf &amp; Country erwartet Sie\u2026 Eingebettet in die Gegend von Salice Terme, einem alten Touristenort im Oltrepo Pavese, ist der Club ein modern ausgestatteter Sportclub, der seinen Mitgliedern einen idealen Ort bietet, an dem sie ihre Freizeit im Zeichen von Sport und Wohlbefinden verbringen k\u00f6nnen. Trotz seiner jungen Geschichte stellt der Salice Terme [&hellip;]","og_url":"https:\/\/fairway2hotel.at\/en\/golfclubs\/italien\/gc-salice-terme-golf-country\/","og_site_name":"Fairway 2 Hotel","article_modified_time":"2025-03-12T10:15:15+00:00","twitter_card":"summary_large_image","twitter_misc":{"Est. reading time":"2 minutes"},"schema":{"@context":"https:\/\/schema.org","@graph":[{"@type":"WebPage","@id":"https:\/\/fairway2hotel.at\/en\/golfclubs\/italien\/gc-salice-terme-golf-country\/","url":"https:\/\/fairway2hotel.at\/en\/golfclubs\/italien\/gc-salice-terme-golf-country\/","name":"GC Salice Terme Golf & Country - Fairway 2 Hotel","isPartOf":{"@id":"https:\/\/fairway2hotel.at\/en\/#website"},"datePublished":"2024-11-01T14:57:21+00:00","dateModified":"2025-03-12T10:15:15+00:00","breadcrumb":{"@id":"https:\/\/fairway2hotel.at\/en\/golfclubs\/italien\/gc-salice-terme-golf-country\/#breadcrumb"},"inLanguage":"en-US","potentialAction":[{"@type":"ReadAction","target":["https:\/\/fairway2hotel.at\/en\/golfclubs\/italien\/gc-salice-terme-golf-country\/"]}]},{"@type":"BreadcrumbList","@id":"https:\/\/fairway2hotel.at\/en\/golfclubs\/italien\/gc-salice-terme-golf-country\/#breadcrumb","itemListElement":[{"@type":"ListItem","position":1,"name":"Home","item":"https:\/\/fairway2hotel.at\/en\/"},{"@type":"ListItem","position":2,"name":"Golfclubs","item":"https:\/\/fairway2hotel.at\/en\/golfclubs\/"},{"@type":"ListItem","position":3,"name":"Golfclubs Italien","item":"https:\/\/fairway2hotel.at\/en\/golfclubs\/italien\/"},{"@type":"ListItem","position":4,"name":"GC Salice Terme Golf &#038; Country"}]},{"@type":"WebSite","@id":"https:\/\/fairway2hotel.at\/en\/#website","url":"https:\/\/fairway2hotel.at\/en\/","name":"Fairway 2 Hotel","description":"Golf at half price! 2 play - 1 pays","potentialAction":[{"@type":"SearchAction","target":{"@type":"EntryPoint","urlTemplate":"https:\/\/fairway2hotel.at\/en\/?s={search_term_string}"},"query-input":{"@type":"PropertyValueSpecification","valueRequired":true,"valueName":"search_term_string"}}],"inLanguage":"en-US"}]}},"_links":{"self":[{"href":"https:\/\/fairway2hotel.at\/en\/wp-json\/wp\/v2\/pages\/43026","targetHints":{"allow":["GET"]}}],"collection":[{"href":"https:\/\/fairway2hotel.at\/en\/wp-json\/wp\/v2\/pages"}],"about":[{"href":"https:\/\/fairway2hotel.at\/en\/wp-json\/wp\/v2\/types\/page"}],"author":[{"embeddable":true,"href":"https:\/\/fairway2hotel.at\/en\/wp-json\/wp\/v2\/users\/24"}],"replies":[{"embeddable":true,"href":"https:\/\/fairway2hotel.at\/en\/wp-json\/wp\/v2\/comments?post=43026"}],"version-history":[{"count":6,"href":"https:\/\/fairway2hotel.at\/en\/wp-json\/wp\/v2\/pages\/43026\/revisions"}],"predecessor-version":[{"id":46428,"href":"https:\/\/fairway2hotel.at\/en\/wp-json\/wp\/v2\/pages\/43026\/revisions\/46428"}],"up":[{"embeddable":true,"href":"https:\/\/fairway2hotel.at\/en\/wp-json\/wp\/v2\/pages\/1657"}],"acf:attachment":[{"embeddable":true,"href":"https:\/\/fairway2hotel.at\/en\/wp-json\/wp\/v2\/media\/43038"},{"embeddable":true,"href":"https:\/\/fairway2hotel.at\/en\/wp-json\/wp\/v2\/media\/43036"},{"embeddable":true,"href":"https:\/\/fairway2hotel.at\/en\/wp-json\/wp\/v2\/media\/43034"},{"embeddable":true,"href":"https:\/\/fairway2hotel.at\/en\/wp-json\/wp\/v2\/media\/43032"},{"embeddable":true,"href":"https:\/\/fairway2hotel.at\/en\/wp-json\/wp\/v2\/media\/43030"}],"wp:attachment":[{"href":"https:\/\/fairway2hotel.at\/en\/wp-json\/wp\/v2\/media?parent=43026"}],"curies":[{"name":"wp","href":"https:\/\/api.w.org\/{rel}","templated":true}]}}