{"id":43042,"date":"2024-11-02T12:49:29","date_gmt":"2024-11-02T11:49:29","guid":{"rendered":"https:\/\/fairway2hotel.at\/golfclubs\/deutschland\/golf-und-landclub-karwendel-copy\/"},"modified":"2025-03-30T17:26:40","modified_gmt":"2025-03-30T15:26:40","slug":"gc-hoeslwang-im-chiemgau-e-v","status":"publish","type":"page","link":"https:\/\/fairway2hotel.at\/en\/golfclubs\/deutschland\/gc-hoeslwang-im-chiemgau-e-v\/","title":{"rendered":"GC H\u00f6slwang im Chiemgau e.V."},"content":{"rendered":"<h2>Willkommen bei Freunden<\/h2>\n<p>\u2212 so empf\u00e4ngt der Golf Club H\u00f6slwang seine G\u00e4ste. Wir lieben unseren Sport, lieben unseren Platz und teilen unsere gute Laune und unsere 18 tollen Spielbahnen gerne mit unseren G\u00e4sten. Schon am ersten Abschlag werden Sie feststellen: die Aussicht auf die Chiemgauer Alpen ist grandios. Dieser Panoramablick begleitet Sie \u00fcber die ganze Runde. Die Spielbahnen f\u00fcgen sich perfekt in das bewegte Gel\u00e4nde ein. Dadurch entsteht ein nicht allzu sehr auf L\u00e4ngen, daf\u00fcr aber auf ein strategisches Spiel abgestimmter Meisterschaftsplatz mit vielen Wasserhindernissen und Teichlandschaften.<br \/>\nErg\u00e4nzend verf\u00fcgt die Anlage \u00fcber ein modernes Clubhaus, das mit dem Rosenheimer Holzbaupreis 2008 ausgezeichnet wurde. Die Sonnenterrasse grenzt unmittelbar an das Gr\u00fcn von Loch 18 und ist damit wie geschaffen f\u00fcr einen entspannenden Sundowner nach einer wunderbaren Golfrunde.\u00a0Der Platz erfordert taktisches Spiel.<\/p>\n<h2>Welcome to friends<\/h2>\n<p>&#8211; this is how the Golf Club H\u00f6slwang welcomes its guests. We love our sport, love our course and are happy to share our good humour and our 18 great holes with our guests. From the very first tee you will realise: the view of the Chiemgau Alps is magnificent. This panoramic view accompanies you throughout the entire round. The fairways fit perfectly into the undulating terrain. The result is a championship course with many water hazards and pond landscapes that is not overly focussed on length, but rather on a strategic game.<br \/>\nThe course also has a modern clubhouse, which was honoured with the 2008 Rosenheim Wood Construction Award. The sun terrace borders directly on the green of hole 18 and is therefore perfect for a relaxing sundowner after a wonderful round of golf. The course requires a tactical game.<\/p>\n","protected":false},"excerpt":{"rendered":"<p>Willkommen bei Freunden \u2212 so empf\u00e4ngt der Golf Club H\u00f6slwang seine G\u00e4ste. Wir lieben unseren Sport, lieben unseren Platz und teilen unsere gute Laune und unsere 18 tollen Spielbahnen gerne mit unseren G\u00e4sten. Schon am ersten Abschlag werden Sie feststellen: die Aussicht auf die Chiemgauer Alpen ist grandios. Dieser Panoramablick begleitet Sie \u00fcber die ganze [&hellip;]<\/p>\n","protected":false},"author":24,"featured_media":0,"parent":1607,"menu_order":100,"comment_status":"closed","ping_status":"closed","template":"page-partner.php","meta":{"_acf_changed":false,"footnotes":""},"class_list":["post-43042","page","type-page","status-publish","hentry"],"acf":{"partner_infobox":"<strong>Adresse:\u00a0<\/strong>Risserstra\u00dfe 14, D-82499 Wallgau\r\n\r\n<strong>Tel:\u00a0<\/strong>08825-2183\r\n\r\n<strong>Fax:\u00a0<\/strong>08825-92812\r\n\r\n<strong>Web: <\/strong><a href=\"http:\/\/www.golfclub-karwendel.de\" target=\"_blank\" rel=\"nofollow noopener\">www.golfclub-karwendel.de<\/a>\r\n\r\n<strong>E-Mail:<\/strong> <a href=\"mailto:info@golfclub-karwendel.de\">info@golfclub-karwendel.de<\/a>\r\n\r\n<strong>Spielbahnen\/Par: <\/strong>9\/70\r\n\r\n<strong>La\u0308nge: <\/strong>gelb: 5.846 m \/ rot: 5.138\u00a0m\r\n\r\n<strong>Anfahrt:\r\n<\/strong>von Garmisch-Partenkirchen: B11, Richtung Mittenwald, Ausfahrt Kr\u00fcn-Wallgau B11 in Wallgau \u00fcber die Stra\u00dfe Wallgau-Vorderro\u00df bis zum Golfplatz","partner_logo":43044,"partner_gallery":[43046,43048],"partner_lat":47.96583519763744,"partner_long":12.33519801427043,"partner_type":"golfclub","partner_openings":["1","2","3","4","5"],"montag_von_bis":"00:00 - 24:00","dienstag_von_bis":"00:00 - 24:00","mittwoch_von_bis":"00:00 - 24:00","donnerstag_von_bis":"00:00 - 24:00","freitag_von_bis":"00:00 - 24:00","samstag_von_bis":"00:00 - 24:00","sonntag_von_bis":"00:00 - 24:00","partner_adresse":"Kronberg 4, 83129 H\u00f6slwang","partner_land_bundesland":"Deutschland","partner_tel_1":"+49 8075 714","partner_tel_2":"","partner_web":"https:\/\/www.golfclub-hoeslwang.de","partner_mail":"info@golfclub-hoeslwang.de","partner_spielbahnen_par":"18\/72","partner_laenge":"gelb: 5.846 m \/ rot: 5.138\u00a0m","partner_bedingungen":"GS einl\u00f6sbar von MO-FR\r\nvouchers valid from Mon-Fri","partner_anfahrt":"von Garmisch-Partenkirchen: B11, Richtung Mittenwald, Ausfahrt Kr\u00fcn-Wallgau B11 in Wallgau \u00fcber die Stra\u00dfe Wallgau-Vorderro\u00df bis zum Golfplatz","partner_misc":null,"additional_css_classes":""},"yoast_head":"<!-- This site is optimized with the Yoast SEO plugin v26.8 - https:\/\/yoast.com\/product\/yoast-seo-wordpress\/ -->\n<title>GC H\u00f6slwang im Chiemgau e.V. - Fairway 2 Hotel<\/title>\n<meta name=\"robots\" content=\"index, follow, max-snippet:-1, max-image-preview:large, max-video-preview:-1\" \/>\n<link rel=\"canonical\" href=\"https:\/\/fairway2hotel.at\/en\/golfclubs\/deutschland\/gc-hoeslwang-im-chiemgau-e-v\/\" \/>\n<meta property=\"og:locale\" content=\"en_US\" \/>\n<meta property=\"og:type\" content=\"article\" \/>\n<meta property=\"og:title\" content=\"GC H\u00f6slwang im Chiemgau e.V. - Fairway 2 Hotel\" \/>\n<meta property=\"og:description\" content=\"Willkommen bei Freunden \u2212 so empf\u00e4ngt der Golf Club H\u00f6slwang seine G\u00e4ste. Wir lieben unseren Sport, lieben unseren Platz und teilen unsere gute Laune und unsere 18 tollen Spielbahnen gerne mit unseren G\u00e4sten. Schon am ersten Abschlag werden Sie feststellen: die Aussicht auf die Chiemgauer Alpen ist grandios. Dieser Panoramablick begleitet Sie \u00fcber die ganze [&hellip;]\" \/>\n<meta property=\"og:url\" content=\"https:\/\/fairway2hotel.at\/en\/golfclubs\/deutschland\/gc-hoeslwang-im-chiemgau-e-v\/\" \/>\n<meta property=\"og:site_name\" content=\"Fairway 2 Hotel\" \/>\n<meta property=\"article:modified_time\" content=\"2025-03-30T15:26:40+00:00\" \/>\n<meta name=\"twitter:card\" content=\"summary_large_image\" \/>\n<meta name=\"twitter:label1\" content=\"Est. reading time\" \/>\n\t<meta name=\"twitter:data1\" content=\"2 minutes\" \/>\n<script type=\"application\/ld+json\" class=\"yoast-schema-graph\">{\"@context\":\"https:\/\/schema.org\",\"@graph\":[{\"@type\":\"WebPage\",\"@id\":\"https:\/\/fairway2hotel.at\/en\/golfclubs\/deutschland\/gc-hoeslwang-im-chiemgau-e-v\/\",\"url\":\"https:\/\/fairway2hotel.at\/en\/golfclubs\/deutschland\/gc-hoeslwang-im-chiemgau-e-v\/\",\"name\":\"GC H\u00f6slwang im Chiemgau e.V. - Fairway 2 Hotel\",\"isPartOf\":{\"@id\":\"https:\/\/fairway2hotel.at\/en\/#website\"},\"datePublished\":\"2024-11-02T11:49:29+00:00\",\"dateModified\":\"2025-03-30T15:26:40+00:00\",\"breadcrumb\":{\"@id\":\"https:\/\/fairway2hotel.at\/en\/golfclubs\/deutschland\/gc-hoeslwang-im-chiemgau-e-v\/#breadcrumb\"},\"inLanguage\":\"en-US\",\"potentialAction\":[{\"@type\":\"ReadAction\",\"target\":[\"https:\/\/fairway2hotel.at\/en\/golfclubs\/deutschland\/gc-hoeslwang-im-chiemgau-e-v\/\"]}]},{\"@type\":\"BreadcrumbList\",\"@id\":\"https:\/\/fairway2hotel.at\/en\/golfclubs\/deutschland\/gc-hoeslwang-im-chiemgau-e-v\/#breadcrumb\",\"itemListElement\":[{\"@type\":\"ListItem\",\"position\":1,\"name\":\"Home\",\"item\":\"https:\/\/fairway2hotel.at\/en\/\"},{\"@type\":\"ListItem\",\"position\":2,\"name\":\"Golfclubs\",\"item\":\"https:\/\/fairway2hotel.at\/en\/golfclubs\/\"},{\"@type\":\"ListItem\",\"position\":3,\"name\":\"Golfclubs Deutschland\",\"item\":\"https:\/\/fairway2hotel.at\/en\/golfclubs\/deutschland\/\"},{\"@type\":\"ListItem\",\"position\":4,\"name\":\"GC H\u00f6slwang im Chiemgau e.V.\"}]},{\"@type\":\"WebSite\",\"@id\":\"https:\/\/fairway2hotel.at\/en\/#website\",\"url\":\"https:\/\/fairway2hotel.at\/en\/\",\"name\":\"Fairway 2 Hotel\",\"description\":\"Golf at half price! 2 play - 1 pays\",\"potentialAction\":[{\"@type\":\"SearchAction\",\"target\":{\"@type\":\"EntryPoint\",\"urlTemplate\":\"https:\/\/fairway2hotel.at\/en\/?s={search_term_string}\"},\"query-input\":{\"@type\":\"PropertyValueSpecification\",\"valueRequired\":true,\"valueName\":\"search_term_string\"}}],\"inLanguage\":\"en-US\"}]}<\/script>\n<!-- \/ Yoast SEO plugin. -->","yoast_head_json":{"title":"GC H\u00f6slwang im Chiemgau e.V. - Fairway 2 Hotel","robots":{"index":"index","follow":"follow","max-snippet":"max-snippet:-1","max-image-preview":"max-image-preview:large","max-video-preview":"max-video-preview:-1"},"canonical":"https:\/\/fairway2hotel.at\/en\/golfclubs\/deutschland\/gc-hoeslwang-im-chiemgau-e-v\/","og_locale":"en_US","og_type":"article","og_title":"GC H\u00f6slwang im Chiemgau e.V. - Fairway 2 Hotel","og_description":"Willkommen bei Freunden \u2212 so empf\u00e4ngt der Golf Club H\u00f6slwang seine G\u00e4ste. Wir lieben unseren Sport, lieben unseren Platz und teilen unsere gute Laune und unsere 18 tollen Spielbahnen gerne mit unseren G\u00e4sten. Schon am ersten Abschlag werden Sie feststellen: die Aussicht auf die Chiemgauer Alpen ist grandios. Dieser Panoramablick begleitet Sie \u00fcber die ganze [&hellip;]","og_url":"https:\/\/fairway2hotel.at\/en\/golfclubs\/deutschland\/gc-hoeslwang-im-chiemgau-e-v\/","og_site_name":"Fairway 2 Hotel","article_modified_time":"2025-03-30T15:26:40+00:00","twitter_card":"summary_large_image","twitter_misc":{"Est. reading time":"2 minutes"},"schema":{"@context":"https:\/\/schema.org","@graph":[{"@type":"WebPage","@id":"https:\/\/fairway2hotel.at\/en\/golfclubs\/deutschland\/gc-hoeslwang-im-chiemgau-e-v\/","url":"https:\/\/fairway2hotel.at\/en\/golfclubs\/deutschland\/gc-hoeslwang-im-chiemgau-e-v\/","name":"GC H\u00f6slwang im Chiemgau e.V. - Fairway 2 Hotel","isPartOf":{"@id":"https:\/\/fairway2hotel.at\/en\/#website"},"datePublished":"2024-11-02T11:49:29+00:00","dateModified":"2025-03-30T15:26:40+00:00","breadcrumb":{"@id":"https:\/\/fairway2hotel.at\/en\/golfclubs\/deutschland\/gc-hoeslwang-im-chiemgau-e-v\/#breadcrumb"},"inLanguage":"en-US","potentialAction":[{"@type":"ReadAction","target":["https:\/\/fairway2hotel.at\/en\/golfclubs\/deutschland\/gc-hoeslwang-im-chiemgau-e-v\/"]}]},{"@type":"BreadcrumbList","@id":"https:\/\/fairway2hotel.at\/en\/golfclubs\/deutschland\/gc-hoeslwang-im-chiemgau-e-v\/#breadcrumb","itemListElement":[{"@type":"ListItem","position":1,"name":"Home","item":"https:\/\/fairway2hotel.at\/en\/"},{"@type":"ListItem","position":2,"name":"Golfclubs","item":"https:\/\/fairway2hotel.at\/en\/golfclubs\/"},{"@type":"ListItem","position":3,"name":"Golfclubs Deutschland","item":"https:\/\/fairway2hotel.at\/en\/golfclubs\/deutschland\/"},{"@type":"ListItem","position":4,"name":"GC H\u00f6slwang im Chiemgau e.V."}]},{"@type":"WebSite","@id":"https:\/\/fairway2hotel.at\/en\/#website","url":"https:\/\/fairway2hotel.at\/en\/","name":"Fairway 2 Hotel","description":"Golf at half price! 2 play - 1 pays","potentialAction":[{"@type":"SearchAction","target":{"@type":"EntryPoint","urlTemplate":"https:\/\/fairway2hotel.at\/en\/?s={search_term_string}"},"query-input":{"@type":"PropertyValueSpecification","valueRequired":true,"valueName":"search_term_string"}}],"inLanguage":"en-US"}]}},"_links":{"self":[{"href":"https:\/\/fairway2hotel.at\/en\/wp-json\/wp\/v2\/pages\/43042","targetHints":{"allow":["GET"]}}],"collection":[{"href":"https:\/\/fairway2hotel.at\/en\/wp-json\/wp\/v2\/pages"}],"about":[{"href":"https:\/\/fairway2hotel.at\/en\/wp-json\/wp\/v2\/types\/page"}],"author":[{"embeddable":true,"href":"https:\/\/fairway2hotel.at\/en\/wp-json\/wp\/v2\/users\/24"}],"replies":[{"embeddable":true,"href":"https:\/\/fairway2hotel.at\/en\/wp-json\/wp\/v2\/comments?post=43042"}],"version-history":[{"count":4,"href":"https:\/\/fairway2hotel.at\/en\/wp-json\/wp\/v2\/pages\/43042\/revisions"}],"predecessor-version":[{"id":47301,"href":"https:\/\/fairway2hotel.at\/en\/wp-json\/wp\/v2\/pages\/43042\/revisions\/47301"}],"up":[{"embeddable":true,"href":"https:\/\/fairway2hotel.at\/en\/wp-json\/wp\/v2\/pages\/1607"}],"acf:attachment":[{"embeddable":true,"href":"https:\/\/fairway2hotel.at\/en\/wp-json\/wp\/v2\/media\/43048"},{"embeddable":true,"href":"https:\/\/fairway2hotel.at\/en\/wp-json\/wp\/v2\/media\/43046"}],"wp:attachment":[{"href":"https:\/\/fairway2hotel.at\/en\/wp-json\/wp\/v2\/media?parent=43042"}],"curies":[{"name":"wp","href":"https:\/\/api.w.org\/{rel}","templated":true}]}}