{"id":43103,"date":"2024-11-02T15:49:42","date_gmt":"2024-11-02T14:49:42","guid":{"rendered":"https:\/\/fairway2hotel.at\/golfclubs\/deutschland\/gc-vilsbiburg-e-v-copy\/"},"modified":"2025-02-25T15:18:22","modified_gmt":"2025-02-25T14:18:22","slug":"gc-main-spessart-e-v","status":"publish","type":"page","link":"https:\/\/fairway2hotel.at\/en\/golfclubs\/deutschland\/gc-main-spessart-e-v\/","title":{"rendered":"GC Main-Spessart e.V."},"content":{"rendered":"<h2><strong>&#8220;Golfen im Herzen der Natur \u2013 Weitblick genie\u00dfen, Herausforderungen meistern!&#8221;<\/strong><\/h2>\n<p><strong>\u00a0<\/strong><\/p>\n<p><strong>Willkommen im Golfclub Main-Spessart Eichenf\u00fcrst<\/strong><\/p>\n<p>Der Golfclub Main-Spessart Eichenf\u00fcrst liegt inmitten der malerischen Landschaft des Spessarts und bietet mit seiner 18-Loch-Anlage ein unvergleichliches Golferlebnis. Die gepflegten Fairways und abwechslungsreichen Bahnen f\u00fcgen sich harmonisch in die Natur ein und fordern Golfer jeder Spielst\u00e4rke heraus. Besonders an sonnigen Tagen k\u00f6nnen Spieler von den h\u00f6her gelegenen Bahnen aus einen faszinierenden Blick genie\u00dfen, der weit \u00fcber die umliegenden T\u00e4ler bis hin zur Rh\u00f6n reicht \u2013 ein echtes Highlight f\u00fcr Naturliebhaber.<\/p>\n<p>Neben dem anspruchsvollen Platz stehen moderne \u00dcbungsanlagen wie eine z.b. TrackMan Range zur Verf\u00fcgung. Auch das Clubhaus \u00fcberzeugt mit einer stilvollen Atmosph\u00e4re. Das Restaurant mit Sonnenterrasse bietet nach der Runde regionale und internationale K\u00f6stlichkeiten, die zum Verweilen einladen.<\/p>\n<p>Das lebendige Clubleben mit zahlreichen Turnieren und Veranstaltungen macht den Golfclub Main-Spessart zu einem Ort, an dem sich Golfsport und Geselligkeit ideal verbinden. Wir freuen uns darauf, Sie bei uns begr\u00fc\u00dfen zu d\u00fcrfen!<\/p>\n<h2>\u2018Golfing in the heart of nature &#8211; enjoy the view, master the challenges!\u2019<\/h2>\n<p>&nbsp;<\/p>\n<p><strong>Welcome to the Main-Spessart Eichenf\u00fcrst Golf Club<\/strong><\/p>\n<p>The Main-Spessart Eichenf\u00fcrst Golf Club is located in the heart of the picturesque Spessart countryside and offers an unrivalled golfing experience with its 18-hole course. The well-tended fairways and varied holes blend harmoniously into the natural surroundings and challenge golfers of all abilities. On sunny days in particular, players can enjoy a fascinating view from the higher holes that extends far over the surrounding valleys to the Rh\u00f6n &#8211; a real highlight for nature lovers.<\/p>\n<p>In addition to the challenging course, modern practice facilities such as a TrackMan range are also available. The clubhouse also impresses with its stylish atmosphere. The restaurant with sun terrace offers regional and international delicacies after the round, inviting you to linger.<\/p>\n<p>The lively club life with numerous tournaments and events makes the Main-Spessart Golf Club a place where golf and socialising are ideally combined. We look forward to welcoming you here!<\/p>\n","protected":false},"excerpt":{"rendered":"<p>&#8220;Golfen im Herzen der Natur \u2013 Weitblick genie\u00dfen, Herausforderungen meistern!&#8221; \u00a0 Willkommen im Golfclub Main-Spessart Eichenf\u00fcrst Der Golfclub Main-Spessart Eichenf\u00fcrst liegt inmitten der malerischen Landschaft des Spessarts und bietet mit seiner 18-Loch-Anlage ein unvergleichliches Golferlebnis. Die gepflegten Fairways und abwechslungsreichen Bahnen f\u00fcgen sich harmonisch in die Natur ein und fordern Golfer jeder Spielst\u00e4rke heraus. Besonders [&hellip;]<\/p>\n","protected":false},"author":24,"featured_media":0,"parent":1607,"menu_order":5,"comment_status":"closed","ping_status":"closed","template":"page-partner.php","meta":{"_acf_changed":false,"footnotes":""},"class_list":["post-43103","page","type-page","status-publish","hentry"],"acf":{"partner_infobox":"&nbsp;\r\n\r\n&nbsp;","partner_logo":43105,"partner_gallery":[43107,43109],"partner_lat":49.83824579937177,"partner_long":9.562967925049287,"partner_type":"golfclub","partner_openings":["1","2","3","4","5","6","7"],"montag_von_bis":"00:00 - 24:00","dienstag_von_bis":"00:00 - 24:00","mittwoch_von_bis":"00:00 - 24:00","donnerstag_von_bis":"00:00 - 24:00","freitag_von_bis":"00:00 - 24:00","samstag_von_bis":"00:00 - 24:00","sonntag_von_bis":"00:00 - 24:00","partner_adresse":"Eichenf\u00fcrst 9, 97828 Marktheidenfeld","partner_land_bundesland":"Deutschland","partner_tel_1":"+49 9391 8435","partner_tel_2":"","partner_web":"https:\/\/www.gc-msp.de","partner_mail":"info@gc-msp.de","partner_spielbahnen_par":"18\/72","partner_laenge":"","partner_bedingungen":"","partner_anfahrt":"","partner_misc":null,"additional_css_classes":""},"yoast_head":"<!-- This site is optimized with the Yoast SEO plugin v26.8 - https:\/\/yoast.com\/product\/yoast-seo-wordpress\/ -->\n<title>GC Main-Spessart e.V. - Fairway 2 Hotel<\/title>\n<meta name=\"robots\" content=\"index, follow, max-snippet:-1, max-image-preview:large, max-video-preview:-1\" \/>\n<link rel=\"canonical\" href=\"https:\/\/fairway2hotel.at\/en\/golfclubs\/deutschland\/gc-main-spessart-e-v\/\" \/>\n<meta property=\"og:locale\" content=\"en_US\" \/>\n<meta property=\"og:type\" content=\"article\" \/>\n<meta property=\"og:title\" content=\"GC Main-Spessart e.V. - Fairway 2 Hotel\" \/>\n<meta property=\"og:description\" content=\"&#8220;Golfen im Herzen der Natur \u2013 Weitblick genie\u00dfen, Herausforderungen meistern!&#8221; \u00a0 Willkommen im Golfclub Main-Spessart Eichenf\u00fcrst Der Golfclub Main-Spessart Eichenf\u00fcrst liegt inmitten der malerischen Landschaft des Spessarts und bietet mit seiner 18-Loch-Anlage ein unvergleichliches Golferlebnis. Die gepflegten Fairways und abwechslungsreichen Bahnen f\u00fcgen sich harmonisch in die Natur ein und fordern Golfer jeder Spielst\u00e4rke heraus. Besonders [&hellip;]\" \/>\n<meta property=\"og:url\" content=\"https:\/\/fairway2hotel.at\/en\/golfclubs\/deutschland\/gc-main-spessart-e-v\/\" \/>\n<meta property=\"og:site_name\" content=\"Fairway 2 Hotel\" \/>\n<meta property=\"article:modified_time\" content=\"2025-02-25T14:18:22+00:00\" \/>\n<meta name=\"twitter:card\" content=\"summary_large_image\" \/>\n<meta name=\"twitter:label1\" content=\"Est. reading time\" \/>\n\t<meta name=\"twitter:data1\" content=\"2 minutes\" \/>\n<script type=\"application\/ld+json\" class=\"yoast-schema-graph\">{\"@context\":\"https:\/\/schema.org\",\"@graph\":[{\"@type\":\"WebPage\",\"@id\":\"https:\/\/fairway2hotel.at\/en\/golfclubs\/deutschland\/gc-main-spessart-e-v\/\",\"url\":\"https:\/\/fairway2hotel.at\/en\/golfclubs\/deutschland\/gc-main-spessart-e-v\/\",\"name\":\"GC Main-Spessart e.V. - Fairway 2 Hotel\",\"isPartOf\":{\"@id\":\"https:\/\/fairway2hotel.at\/en\/#website\"},\"datePublished\":\"2024-11-02T14:49:42+00:00\",\"dateModified\":\"2025-02-25T14:18:22+00:00\",\"breadcrumb\":{\"@id\":\"https:\/\/fairway2hotel.at\/en\/golfclubs\/deutschland\/gc-main-spessart-e-v\/#breadcrumb\"},\"inLanguage\":\"en-US\",\"potentialAction\":[{\"@type\":\"ReadAction\",\"target\":[\"https:\/\/fairway2hotel.at\/en\/golfclubs\/deutschland\/gc-main-spessart-e-v\/\"]}]},{\"@type\":\"BreadcrumbList\",\"@id\":\"https:\/\/fairway2hotel.at\/en\/golfclubs\/deutschland\/gc-main-spessart-e-v\/#breadcrumb\",\"itemListElement\":[{\"@type\":\"ListItem\",\"position\":1,\"name\":\"Home\",\"item\":\"https:\/\/fairway2hotel.at\/en\/\"},{\"@type\":\"ListItem\",\"position\":2,\"name\":\"Golfclubs\",\"item\":\"https:\/\/fairway2hotel.at\/en\/golfclubs\/\"},{\"@type\":\"ListItem\",\"position\":3,\"name\":\"Golfclubs Deutschland\",\"item\":\"https:\/\/fairway2hotel.at\/en\/golfclubs\/deutschland\/\"},{\"@type\":\"ListItem\",\"position\":4,\"name\":\"GC Main-Spessart e.V.\"}]},{\"@type\":\"WebSite\",\"@id\":\"https:\/\/fairway2hotel.at\/en\/#website\",\"url\":\"https:\/\/fairway2hotel.at\/en\/\",\"name\":\"Fairway 2 Hotel\",\"description\":\"Golf at half price! 2 play - 1 pays\",\"potentialAction\":[{\"@type\":\"SearchAction\",\"target\":{\"@type\":\"EntryPoint\",\"urlTemplate\":\"https:\/\/fairway2hotel.at\/en\/?s={search_term_string}\"},\"query-input\":{\"@type\":\"PropertyValueSpecification\",\"valueRequired\":true,\"valueName\":\"search_term_string\"}}],\"inLanguage\":\"en-US\"}]}<\/script>\n<!-- \/ Yoast SEO plugin. -->","yoast_head_json":{"title":"GC Main-Spessart e.V. - Fairway 2 Hotel","robots":{"index":"index","follow":"follow","max-snippet":"max-snippet:-1","max-image-preview":"max-image-preview:large","max-video-preview":"max-video-preview:-1"},"canonical":"https:\/\/fairway2hotel.at\/en\/golfclubs\/deutschland\/gc-main-spessart-e-v\/","og_locale":"en_US","og_type":"article","og_title":"GC Main-Spessart e.V. - Fairway 2 Hotel","og_description":"&#8220;Golfen im Herzen der Natur \u2013 Weitblick genie\u00dfen, Herausforderungen meistern!&#8221; \u00a0 Willkommen im Golfclub Main-Spessart Eichenf\u00fcrst Der Golfclub Main-Spessart Eichenf\u00fcrst liegt inmitten der malerischen Landschaft des Spessarts und bietet mit seiner 18-Loch-Anlage ein unvergleichliches Golferlebnis. Die gepflegten Fairways und abwechslungsreichen Bahnen f\u00fcgen sich harmonisch in die Natur ein und fordern Golfer jeder Spielst\u00e4rke heraus. Besonders [&hellip;]","og_url":"https:\/\/fairway2hotel.at\/en\/golfclubs\/deutschland\/gc-main-spessart-e-v\/","og_site_name":"Fairway 2 Hotel","article_modified_time":"2025-02-25T14:18:22+00:00","twitter_card":"summary_large_image","twitter_misc":{"Est. reading time":"2 minutes"},"schema":{"@context":"https:\/\/schema.org","@graph":[{"@type":"WebPage","@id":"https:\/\/fairway2hotel.at\/en\/golfclubs\/deutschland\/gc-main-spessart-e-v\/","url":"https:\/\/fairway2hotel.at\/en\/golfclubs\/deutschland\/gc-main-spessart-e-v\/","name":"GC Main-Spessart e.V. - Fairway 2 Hotel","isPartOf":{"@id":"https:\/\/fairway2hotel.at\/en\/#website"},"datePublished":"2024-11-02T14:49:42+00:00","dateModified":"2025-02-25T14:18:22+00:00","breadcrumb":{"@id":"https:\/\/fairway2hotel.at\/en\/golfclubs\/deutschland\/gc-main-spessart-e-v\/#breadcrumb"},"inLanguage":"en-US","potentialAction":[{"@type":"ReadAction","target":["https:\/\/fairway2hotel.at\/en\/golfclubs\/deutschland\/gc-main-spessart-e-v\/"]}]},{"@type":"BreadcrumbList","@id":"https:\/\/fairway2hotel.at\/en\/golfclubs\/deutschland\/gc-main-spessart-e-v\/#breadcrumb","itemListElement":[{"@type":"ListItem","position":1,"name":"Home","item":"https:\/\/fairway2hotel.at\/en\/"},{"@type":"ListItem","position":2,"name":"Golfclubs","item":"https:\/\/fairway2hotel.at\/en\/golfclubs\/"},{"@type":"ListItem","position":3,"name":"Golfclubs Deutschland","item":"https:\/\/fairway2hotel.at\/en\/golfclubs\/deutschland\/"},{"@type":"ListItem","position":4,"name":"GC Main-Spessart e.V."}]},{"@type":"WebSite","@id":"https:\/\/fairway2hotel.at\/en\/#website","url":"https:\/\/fairway2hotel.at\/en\/","name":"Fairway 2 Hotel","description":"Golf at half price! 2 play - 1 pays","potentialAction":[{"@type":"SearchAction","target":{"@type":"EntryPoint","urlTemplate":"https:\/\/fairway2hotel.at\/en\/?s={search_term_string}"},"query-input":{"@type":"PropertyValueSpecification","valueRequired":true,"valueName":"search_term_string"}}],"inLanguage":"en-US"}]}},"_links":{"self":[{"href":"https:\/\/fairway2hotel.at\/en\/wp-json\/wp\/v2\/pages\/43103","targetHints":{"allow":["GET"]}}],"collection":[{"href":"https:\/\/fairway2hotel.at\/en\/wp-json\/wp\/v2\/pages"}],"about":[{"href":"https:\/\/fairway2hotel.at\/en\/wp-json\/wp\/v2\/types\/page"}],"author":[{"embeddable":true,"href":"https:\/\/fairway2hotel.at\/en\/wp-json\/wp\/v2\/users\/24"}],"replies":[{"embeddable":true,"href":"https:\/\/fairway2hotel.at\/en\/wp-json\/wp\/v2\/comments?post=43103"}],"version-history":[{"count":5,"href":"https:\/\/fairway2hotel.at\/en\/wp-json\/wp\/v2\/pages\/43103\/revisions"}],"predecessor-version":[{"id":46198,"href":"https:\/\/fairway2hotel.at\/en\/wp-json\/wp\/v2\/pages\/43103\/revisions\/46198"}],"up":[{"embeddable":true,"href":"https:\/\/fairway2hotel.at\/en\/wp-json\/wp\/v2\/pages\/1607"}],"acf:attachment":[{"embeddable":true,"href":"https:\/\/fairway2hotel.at\/en\/wp-json\/wp\/v2\/media\/43109"},{"embeddable":true,"href":"https:\/\/fairway2hotel.at\/en\/wp-json\/wp\/v2\/media\/43107"}],"wp:attachment":[{"href":"https:\/\/fairway2hotel.at\/en\/wp-json\/wp\/v2\/media?parent=43103"}],"curies":[{"name":"wp","href":"https:\/\/api.w.org\/{rel}","templated":true}]}}