{"id":43112,"date":"2024-11-02T16:06:00","date_gmt":"2024-11-02T15:06:00","guid":{"rendered":"https:\/\/fairway2hotel.at\/golfclubs\/deutschland\/gc-vilsbiburg-e-v-copy\/"},"modified":"2025-02-25T15:21:59","modified_gmt":"2025-02-25T14:21:59","slug":"gc-maria-bildhausen-e-v","status":"publish","type":"page","link":"https:\/\/fairway2hotel.at\/en\/golfclubs\/deutschland\/gc-maria-bildhausen-e-v\/","title":{"rendered":"GC Maria Bildhausen e.V."},"content":{"rendered":"<h2><strong>Golf Club Maria Bildhausen &#8230;mein Lieblingsplatz<\/strong><\/h2>\n<p>Der <strong>Golf-Club Maria Bildhausen e.V.<\/strong> ist eine Golfanlage im bayerischen Unterfranken, die sich in der N\u00e4he von Bad Kissingen und M\u00fcnnerstadt befindet. Der Club ist inmitten einer idyllischen Naturkulisse auf dem Gel\u00e4nde des ehemaligen Klosters Maria Bildhausen gelegen.<\/p>\n<p>Diese ruhige und malerische Umgebung, umgeben von W\u00e4ldern und H\u00fcgeln, macht den Club zu einem attraktiven Ziel f\u00fcr Golfer, die sowohl das Spiel als auch die Natur genie\u00dfen m\u00f6chten. Der 18-Loch-Meisterschaftsplatz bietet auf 140ha im nur leicht h\u00fcgeligen Gel\u00e4nde eine sportlich anspruchsvolle und abwechslungsreiche Golfrunde. Golf &amp; Kunst verschmelzen in Maria Bildhausen zu einer au\u00dfergew\u00f6hnlichen Symbiose.<\/p>\n<p>Sie werden staunen!<\/p>\n<p>Auf der Clubterrasse haben Sie einen tollen Blick auf das Golfgel\u00e4nde und genie\u00dfen k\u00fchle Getr\u00e4nke und besondere Kulinarik.<\/p>\n<h2>Golf Club Maria Bildhausen &#8230;my favourite course<\/h2>\n<p>The Golf-Club Maria Bildhausen e.V. is a golf course in Lower Franconia in Bavaria, close to Bad Kissingen and M\u00fcnnerstadt. The club is set amidst an idyllic natural backdrop on the grounds of the former Maria Bildhausen monastery.<\/p>\n<p>This tranquil and picturesque setting, surrounded by forests and hills, makes the club an attractive destination for golfers who want to enjoy both the game and nature. The 18-hole championship course offers a challenging and varied round of golf on 140 hectares of only slightly hilly terrain. Golf and art merge into an extraordinary symbiosis in Maria Bildhausen.<\/p>\n<p>You will be amazed!<\/p>\n<p>On the club terrace you have a great view of the golf course and enjoy cool drinks and special culinary delights.<\/p>\n","protected":false},"excerpt":{"rendered":"<p>Golf Club Maria Bildhausen &#8230;mein Lieblingsplatz Der Golf-Club Maria Bildhausen e.V. ist eine Golfanlage im bayerischen Unterfranken, die sich in der N\u00e4he von Bad Kissingen und M\u00fcnnerstadt befindet. Der Club ist inmitten einer idyllischen Naturkulisse auf dem Gel\u00e4nde des ehemaligen Klosters Maria Bildhausen gelegen. Diese ruhige und malerische Umgebung, umgeben von W\u00e4ldern und H\u00fcgeln, macht [&hellip;]<\/p>\n","protected":false},"author":24,"featured_media":0,"parent":1607,"menu_order":5,"comment_status":"closed","ping_status":"closed","template":"page-partner.php","meta":{"_acf_changed":false,"footnotes":""},"class_list":["post-43112","page","type-page","status-publish","hentry"],"acf":{"partner_infobox":"&nbsp;\r\n\r\n&nbsp;","partner_logo":43114,"partner_gallery":[43118,43116],"partner_lat":50.27521139201568,"partner_long":10.30435198000843,"partner_type":"golfclub","partner_openings":["1","2","3","4","5"],"montag_von_bis":"00:00 - 24:00","dienstag_von_bis":"00:00 - 24:00","mittwoch_von_bis":"00:00 - 24:00","donnerstag_von_bis":"00:00 - 24:00","freitag_von_bis":"00:00 - 24:00","samstag_von_bis":"00:00 - 24:00","sonntag_von_bis":"00:00 - 24:00","partner_adresse":"Rindhof 1, 97702 M\u00fcnnerstadt","partner_land_bundesland":"Deutschland","partner_tel_1":"+49 9766 1601","partner_tel_2":"","partner_web":"https:\/\/www.maria-bildhausen.de\/","partner_mail":"info@maria-bildhausen.de","partner_spielbahnen_par":"18\/72, 9\/30","partner_laenge":"","partner_bedingungen":"GS einl\u00f6sbar von MO-FR, ausgenommen Feiertage\r\nvouchers redeemable from Mon-Fri, except public holidays","partner_anfahrt":"","partner_misc":null,"additional_css_classes":""},"yoast_head":"<!-- This site is optimized with the Yoast SEO plugin v26.8 - https:\/\/yoast.com\/product\/yoast-seo-wordpress\/ -->\n<title>GC Maria Bildhausen e.V. - Fairway 2 Hotel<\/title>\n<meta name=\"robots\" content=\"index, follow, max-snippet:-1, max-image-preview:large, max-video-preview:-1\" \/>\n<link rel=\"canonical\" href=\"https:\/\/fairway2hotel.at\/en\/golfclubs\/deutschland\/gc-maria-bildhausen-e-v\/\" \/>\n<meta property=\"og:locale\" content=\"en_US\" \/>\n<meta property=\"og:type\" content=\"article\" \/>\n<meta property=\"og:title\" content=\"GC Maria Bildhausen e.V. - Fairway 2 Hotel\" \/>\n<meta property=\"og:description\" content=\"Golf Club Maria Bildhausen &#8230;mein Lieblingsplatz Der Golf-Club Maria Bildhausen e.V. ist eine Golfanlage im bayerischen Unterfranken, die sich in der N\u00e4he von Bad Kissingen und M\u00fcnnerstadt befindet. Der Club ist inmitten einer idyllischen Naturkulisse auf dem Gel\u00e4nde des ehemaligen Klosters Maria Bildhausen gelegen. Diese ruhige und malerische Umgebung, umgeben von W\u00e4ldern und H\u00fcgeln, macht [&hellip;]\" \/>\n<meta property=\"og:url\" content=\"https:\/\/fairway2hotel.at\/en\/golfclubs\/deutschland\/gc-maria-bildhausen-e-v\/\" \/>\n<meta property=\"og:site_name\" content=\"Fairway 2 Hotel\" \/>\n<meta property=\"article:modified_time\" content=\"2025-02-25T14:21:59+00:00\" \/>\n<meta name=\"twitter:card\" content=\"summary_large_image\" \/>\n<meta name=\"twitter:label1\" content=\"Est. reading time\" \/>\n\t<meta name=\"twitter:data1\" content=\"2 minutes\" \/>\n<script type=\"application\/ld+json\" class=\"yoast-schema-graph\">{\"@context\":\"https:\/\/schema.org\",\"@graph\":[{\"@type\":\"WebPage\",\"@id\":\"https:\/\/fairway2hotel.at\/en\/golfclubs\/deutschland\/gc-maria-bildhausen-e-v\/\",\"url\":\"https:\/\/fairway2hotel.at\/en\/golfclubs\/deutschland\/gc-maria-bildhausen-e-v\/\",\"name\":\"GC Maria Bildhausen e.V. - Fairway 2 Hotel\",\"isPartOf\":{\"@id\":\"https:\/\/fairway2hotel.at\/en\/#website\"},\"datePublished\":\"2024-11-02T15:06:00+00:00\",\"dateModified\":\"2025-02-25T14:21:59+00:00\",\"breadcrumb\":{\"@id\":\"https:\/\/fairway2hotel.at\/en\/golfclubs\/deutschland\/gc-maria-bildhausen-e-v\/#breadcrumb\"},\"inLanguage\":\"en-US\",\"potentialAction\":[{\"@type\":\"ReadAction\",\"target\":[\"https:\/\/fairway2hotel.at\/en\/golfclubs\/deutschland\/gc-maria-bildhausen-e-v\/\"]}]},{\"@type\":\"BreadcrumbList\",\"@id\":\"https:\/\/fairway2hotel.at\/en\/golfclubs\/deutschland\/gc-maria-bildhausen-e-v\/#breadcrumb\",\"itemListElement\":[{\"@type\":\"ListItem\",\"position\":1,\"name\":\"Home\",\"item\":\"https:\/\/fairway2hotel.at\/en\/\"},{\"@type\":\"ListItem\",\"position\":2,\"name\":\"Golfclubs\",\"item\":\"https:\/\/fairway2hotel.at\/en\/golfclubs\/\"},{\"@type\":\"ListItem\",\"position\":3,\"name\":\"Golfclubs Deutschland\",\"item\":\"https:\/\/fairway2hotel.at\/en\/golfclubs\/deutschland\/\"},{\"@type\":\"ListItem\",\"position\":4,\"name\":\"GC Maria Bildhausen e.V.\"}]},{\"@type\":\"WebSite\",\"@id\":\"https:\/\/fairway2hotel.at\/en\/#website\",\"url\":\"https:\/\/fairway2hotel.at\/en\/\",\"name\":\"Fairway 2 Hotel\",\"description\":\"Golf at half price! 2 play - 1 pays\",\"potentialAction\":[{\"@type\":\"SearchAction\",\"target\":{\"@type\":\"EntryPoint\",\"urlTemplate\":\"https:\/\/fairway2hotel.at\/en\/?s={search_term_string}\"},\"query-input\":{\"@type\":\"PropertyValueSpecification\",\"valueRequired\":true,\"valueName\":\"search_term_string\"}}],\"inLanguage\":\"en-US\"}]}<\/script>\n<!-- \/ Yoast SEO plugin. -->","yoast_head_json":{"title":"GC Maria Bildhausen e.V. - Fairway 2 Hotel","robots":{"index":"index","follow":"follow","max-snippet":"max-snippet:-1","max-image-preview":"max-image-preview:large","max-video-preview":"max-video-preview:-1"},"canonical":"https:\/\/fairway2hotel.at\/en\/golfclubs\/deutschland\/gc-maria-bildhausen-e-v\/","og_locale":"en_US","og_type":"article","og_title":"GC Maria Bildhausen e.V. - Fairway 2 Hotel","og_description":"Golf Club Maria Bildhausen &#8230;mein Lieblingsplatz Der Golf-Club Maria Bildhausen e.V. ist eine Golfanlage im bayerischen Unterfranken, die sich in der N\u00e4he von Bad Kissingen und M\u00fcnnerstadt befindet. Der Club ist inmitten einer idyllischen Naturkulisse auf dem Gel\u00e4nde des ehemaligen Klosters Maria Bildhausen gelegen. Diese ruhige und malerische Umgebung, umgeben von W\u00e4ldern und H\u00fcgeln, macht [&hellip;]","og_url":"https:\/\/fairway2hotel.at\/en\/golfclubs\/deutschland\/gc-maria-bildhausen-e-v\/","og_site_name":"Fairway 2 Hotel","article_modified_time":"2025-02-25T14:21:59+00:00","twitter_card":"summary_large_image","twitter_misc":{"Est. reading time":"2 minutes"},"schema":{"@context":"https:\/\/schema.org","@graph":[{"@type":"WebPage","@id":"https:\/\/fairway2hotel.at\/en\/golfclubs\/deutschland\/gc-maria-bildhausen-e-v\/","url":"https:\/\/fairway2hotel.at\/en\/golfclubs\/deutschland\/gc-maria-bildhausen-e-v\/","name":"GC Maria Bildhausen e.V. - Fairway 2 Hotel","isPartOf":{"@id":"https:\/\/fairway2hotel.at\/en\/#website"},"datePublished":"2024-11-02T15:06:00+00:00","dateModified":"2025-02-25T14:21:59+00:00","breadcrumb":{"@id":"https:\/\/fairway2hotel.at\/en\/golfclubs\/deutschland\/gc-maria-bildhausen-e-v\/#breadcrumb"},"inLanguage":"en-US","potentialAction":[{"@type":"ReadAction","target":["https:\/\/fairway2hotel.at\/en\/golfclubs\/deutschland\/gc-maria-bildhausen-e-v\/"]}]},{"@type":"BreadcrumbList","@id":"https:\/\/fairway2hotel.at\/en\/golfclubs\/deutschland\/gc-maria-bildhausen-e-v\/#breadcrumb","itemListElement":[{"@type":"ListItem","position":1,"name":"Home","item":"https:\/\/fairway2hotel.at\/en\/"},{"@type":"ListItem","position":2,"name":"Golfclubs","item":"https:\/\/fairway2hotel.at\/en\/golfclubs\/"},{"@type":"ListItem","position":3,"name":"Golfclubs Deutschland","item":"https:\/\/fairway2hotel.at\/en\/golfclubs\/deutschland\/"},{"@type":"ListItem","position":4,"name":"GC Maria Bildhausen e.V."}]},{"@type":"WebSite","@id":"https:\/\/fairway2hotel.at\/en\/#website","url":"https:\/\/fairway2hotel.at\/en\/","name":"Fairway 2 Hotel","description":"Golf at half price! 2 play - 1 pays","potentialAction":[{"@type":"SearchAction","target":{"@type":"EntryPoint","urlTemplate":"https:\/\/fairway2hotel.at\/en\/?s={search_term_string}"},"query-input":{"@type":"PropertyValueSpecification","valueRequired":true,"valueName":"search_term_string"}}],"inLanguage":"en-US"}]}},"_links":{"self":[{"href":"https:\/\/fairway2hotel.at\/en\/wp-json\/wp\/v2\/pages\/43112","targetHints":{"allow":["GET"]}}],"collection":[{"href":"https:\/\/fairway2hotel.at\/en\/wp-json\/wp\/v2\/pages"}],"about":[{"href":"https:\/\/fairway2hotel.at\/en\/wp-json\/wp\/v2\/types\/page"}],"author":[{"embeddable":true,"href":"https:\/\/fairway2hotel.at\/en\/wp-json\/wp\/v2\/users\/24"}],"replies":[{"embeddable":true,"href":"https:\/\/fairway2hotel.at\/en\/wp-json\/wp\/v2\/comments?post=43112"}],"version-history":[{"count":4,"href":"https:\/\/fairway2hotel.at\/en\/wp-json\/wp\/v2\/pages\/43112\/revisions"}],"predecessor-version":[{"id":46199,"href":"https:\/\/fairway2hotel.at\/en\/wp-json\/wp\/v2\/pages\/43112\/revisions\/46199"}],"up":[{"embeddable":true,"href":"https:\/\/fairway2hotel.at\/en\/wp-json\/wp\/v2\/pages\/1607"}],"acf:attachment":[{"embeddable":true,"href":"https:\/\/fairway2hotel.at\/en\/wp-json\/wp\/v2\/media\/43116"},{"embeddable":true,"href":"https:\/\/fairway2hotel.at\/en\/wp-json\/wp\/v2\/media\/43118"}],"wp:attachment":[{"href":"https:\/\/fairway2hotel.at\/en\/wp-json\/wp\/v2\/media?parent=43112"}],"curies":[{"name":"wp","href":"https:\/\/api.w.org\/{rel}","templated":true}]}}