{"id":43138,"date":"2024-11-03T15:47:40","date_gmt":"2024-11-03T14:47:40","guid":{"rendered":"https:\/\/fairway2hotel.at\/golfclubs\/italien\/golfclub-bellosguardo-copy\/"},"modified":"2026-02-20T10:41:35","modified_gmt":"2026-02-20T09:41:35","slug":"gc-salsomaggiore-terme","status":"publish","type":"page","link":"https:\/\/fairway2hotel.at\/en\/golfclubs\/italien\/gc-salsomaggiore-terme\/","title":{"rendered":"GC Salsomaggiore Terme"},"content":{"rendered":"<h2>Golf Salsomaggiore Terme erwartet Sie&#8230;<\/h2>\n<p>Salsomaggiore Terme Golf liegt auf den sanften H\u00fcgeln des Gebiets von Salsomaggiore in einem 70 Hektar gro\u00dfen Naturparadies und ist der ideale Ort, um eine Pause in einer Oase der Ruhe zu machen, weit weg vom Stadtl\u00e4rm. Der Parcours von Salsomaggiore (Austragungsort der Italian PGA Masters Championship 2023) mit seinen 18 Meisterschaftsl\u00f6chern schl\u00e4ngelt sich durch ein stilles und spektakul\u00e4res Tal mit atemberaubenden Panoramen. H\u00fcgelige Fairways und perfekt manik\u00fcrte Greens erm\u00f6glichen es Spielern jeder Spielst\u00e4rke, auf einem perfekten Platz mit mehreren sehr technischen L\u00f6chern ihr Bestes zu geben.<\/p>\n<h2>Golf Salsomaggiore Terme awaits for you&#8230;<\/h2>\n<p>Salsomaggiore Terme Golf is located on the rolling hills of the Salsomaggiore area in a 70-hectare natural paradise and is the ideal place to take a break in an oasis of peace, far from the noise of the city. The course of Salsomaggiore (venue of the Italian PGA Masters Championship 2023) with its 18 championship holes winds through a quiet and spectacular valley with breathtaking panoramas. Undulating fairways and perfectly manicured greens allow players of all abilities to give their best on a perfect course with several very technical holes.<\/p>\n","protected":false},"excerpt":{"rendered":"<p>Golf Salsomaggiore Terme erwartet Sie&#8230; Salsomaggiore Terme Golf liegt auf den sanften H\u00fcgeln des Gebiets von Salsomaggiore in einem 70 Hektar gro\u00dfen Naturparadies und ist der ideale Ort, um eine Pause in einer Oase der Ruhe zu machen, weit weg vom Stadtl\u00e4rm. Der Parcours von Salsomaggiore (Austragungsort der Italian PGA Masters Championship 2023) mit seinen [&hellip;]<\/p>\n","protected":false},"author":24,"featured_media":0,"parent":1657,"menu_order":10,"comment_status":"closed","ping_status":"closed","template":"page-partner.php","meta":{"_acf_changed":false,"footnotes":""},"class_list":["post-43138","page","type-page","status-publish","hentry"],"acf":{"partner_infobox":"<strong>Adresse:\u00a0<\/strong>Via Provinciale di Mercatale 25 I-50059 Vinci\r\n\r\n<strong>Tel:\u00a0<\/strong>+39 57190 2035\r\n\r\n<strong>Web: <\/strong><a href=\"https:\/\/www.golfbellosguardovinci.it\/\" target=\"_blank\" rel=\"nofollow noopener\">www.golfbellosguardovinci.it<\/a>\r\n\r\n<strong>E-Mail:<\/strong> <a href=\"mailto:segreteria@golfbellosguardovinci.it\">segreteria@golfbellosguardovinci.it<\/a>\r\n\r\n<strong>Bedingungen: <\/strong>Gutscheine einl\u00f6sbar MO-FR ausgenommen Feiertage\r\n\r\n<strong>Spielbahnen\/Par: <\/strong>\r\n\r\n<strong>La\u0308nge:\u00a0<\/strong>\r\n\r\n<strong>Anfahrt:\r\n<\/strong>","partner_logo":43140,"partner_gallery":[43142,43144],"partner_lat":44.779706251051586,"partner_long":8.93994712510949,"partner_type":"golfclub","partner_openings":["1","2","3","4","5","6","7"],"montag_von_bis":"00:00 - 24:00","dienstag_von_bis":"00:00 - 24:00","mittwoch_von_bis":"00:00 - 24:00","donnerstag_von_bis":"00:00 - 24:00","freitag_von_bis":"00:00 - 24:00","samstag_von_bis":"00:00 - 24:00","sonntag_von_bis":"00:00 - 24:00","partner_adresse":"Loc. Case Carancini n. 105, District Contignaco\/a, 43039 Salsomaggiore Terme","partner_land_bundesland":"Italien","partner_tel_1":" +39 0524 583102","partner_tel_2":"","partner_web":"https:\/\/emiliagolf.it\/golf-salsogolf\/","partner_mail":"salso@emiliagolf.it","partner_spielbahnen_par":"18\/72","partner_laenge":"","partner_bedingungen":"","partner_anfahrt":"","partner_misc":null,"additional_css_classes":""},"yoast_head":"<!-- This site is optimized with the Yoast SEO plugin v26.8 - https:\/\/yoast.com\/product\/yoast-seo-wordpress\/ -->\n<title>GC Salsomaggiore Terme - Fairway 2 Hotel<\/title>\n<meta name=\"robots\" content=\"index, follow, max-snippet:-1, max-image-preview:large, max-video-preview:-1\" \/>\n<link rel=\"canonical\" href=\"https:\/\/fairway2hotel.at\/en\/golfclubs\/italien\/gc-salsomaggiore-terme\/\" \/>\n<meta property=\"og:locale\" content=\"en_US\" \/>\n<meta property=\"og:type\" content=\"article\" \/>\n<meta property=\"og:title\" content=\"GC Salsomaggiore Terme - Fairway 2 Hotel\" \/>\n<meta property=\"og:description\" content=\"Golf Salsomaggiore Terme erwartet Sie&#8230; Salsomaggiore Terme Golf liegt auf den sanften H\u00fcgeln des Gebiets von Salsomaggiore in einem 70 Hektar gro\u00dfen Naturparadies und ist der ideale Ort, um eine Pause in einer Oase der Ruhe zu machen, weit weg vom Stadtl\u00e4rm. Der Parcours von Salsomaggiore (Austragungsort der Italian PGA Masters Championship 2023) mit seinen [&hellip;]\" \/>\n<meta property=\"og:url\" content=\"https:\/\/fairway2hotel.at\/en\/golfclubs\/italien\/gc-salsomaggiore-terme\/\" \/>\n<meta property=\"og:site_name\" content=\"Fairway 2 Hotel\" \/>\n<meta property=\"article:modified_time\" content=\"2026-02-20T09:41:35+00:00\" \/>\n<meta name=\"twitter:card\" content=\"summary_large_image\" \/>\n<meta name=\"twitter:label1\" content=\"Est. reading time\" \/>\n\t<meta name=\"twitter:data1\" content=\"2 minutes\" \/>\n<script type=\"application\/ld+json\" class=\"yoast-schema-graph\">{\"@context\":\"https:\/\/schema.org\",\"@graph\":[{\"@type\":\"WebPage\",\"@id\":\"https:\/\/fairway2hotel.at\/en\/golfclubs\/italien\/gc-salsomaggiore-terme\/\",\"url\":\"https:\/\/fairway2hotel.at\/en\/golfclubs\/italien\/gc-salsomaggiore-terme\/\",\"name\":\"GC Salsomaggiore Terme - Fairway 2 Hotel\",\"isPartOf\":{\"@id\":\"https:\/\/fairway2hotel.at\/en\/#website\"},\"datePublished\":\"2024-11-03T14:47:40+00:00\",\"dateModified\":\"2026-02-20T09:41:35+00:00\",\"breadcrumb\":{\"@id\":\"https:\/\/fairway2hotel.at\/en\/golfclubs\/italien\/gc-salsomaggiore-terme\/#breadcrumb\"},\"inLanguage\":\"en-US\",\"potentialAction\":[{\"@type\":\"ReadAction\",\"target\":[\"https:\/\/fairway2hotel.at\/en\/golfclubs\/italien\/gc-salsomaggiore-terme\/\"]}]},{\"@type\":\"BreadcrumbList\",\"@id\":\"https:\/\/fairway2hotel.at\/en\/golfclubs\/italien\/gc-salsomaggiore-terme\/#breadcrumb\",\"itemListElement\":[{\"@type\":\"ListItem\",\"position\":1,\"name\":\"Home\",\"item\":\"https:\/\/fairway2hotel.at\/en\/\"},{\"@type\":\"ListItem\",\"position\":2,\"name\":\"Golfclubs\",\"item\":\"https:\/\/fairway2hotel.at\/en\/golfclubs\/\"},{\"@type\":\"ListItem\",\"position\":3,\"name\":\"Golfclubs Italien\",\"item\":\"https:\/\/fairway2hotel.at\/en\/golfclubs\/italien\/\"},{\"@type\":\"ListItem\",\"position\":4,\"name\":\"GC Salsomaggiore Terme\"}]},{\"@type\":\"WebSite\",\"@id\":\"https:\/\/fairway2hotel.at\/en\/#website\",\"url\":\"https:\/\/fairway2hotel.at\/en\/\",\"name\":\"Fairway 2 Hotel\",\"description\":\"Golf at half price! 2 play - 1 pays\",\"potentialAction\":[{\"@type\":\"SearchAction\",\"target\":{\"@type\":\"EntryPoint\",\"urlTemplate\":\"https:\/\/fairway2hotel.at\/en\/?s={search_term_string}\"},\"query-input\":{\"@type\":\"PropertyValueSpecification\",\"valueRequired\":true,\"valueName\":\"search_term_string\"}}],\"inLanguage\":\"en-US\"}]}<\/script>\n<!-- \/ Yoast SEO plugin. -->","yoast_head_json":{"title":"GC Salsomaggiore Terme - Fairway 2 Hotel","robots":{"index":"index","follow":"follow","max-snippet":"max-snippet:-1","max-image-preview":"max-image-preview:large","max-video-preview":"max-video-preview:-1"},"canonical":"https:\/\/fairway2hotel.at\/en\/golfclubs\/italien\/gc-salsomaggiore-terme\/","og_locale":"en_US","og_type":"article","og_title":"GC Salsomaggiore Terme - Fairway 2 Hotel","og_description":"Golf Salsomaggiore Terme erwartet Sie&#8230; Salsomaggiore Terme Golf liegt auf den sanften H\u00fcgeln des Gebiets von Salsomaggiore in einem 70 Hektar gro\u00dfen Naturparadies und ist der ideale Ort, um eine Pause in einer Oase der Ruhe zu machen, weit weg vom Stadtl\u00e4rm. Der Parcours von Salsomaggiore (Austragungsort der Italian PGA Masters Championship 2023) mit seinen [&hellip;]","og_url":"https:\/\/fairway2hotel.at\/en\/golfclubs\/italien\/gc-salsomaggiore-terme\/","og_site_name":"Fairway 2 Hotel","article_modified_time":"2026-02-20T09:41:35+00:00","twitter_card":"summary_large_image","twitter_misc":{"Est. reading time":"2 minutes"},"schema":{"@context":"https:\/\/schema.org","@graph":[{"@type":"WebPage","@id":"https:\/\/fairway2hotel.at\/en\/golfclubs\/italien\/gc-salsomaggiore-terme\/","url":"https:\/\/fairway2hotel.at\/en\/golfclubs\/italien\/gc-salsomaggiore-terme\/","name":"GC Salsomaggiore Terme - Fairway 2 Hotel","isPartOf":{"@id":"https:\/\/fairway2hotel.at\/en\/#website"},"datePublished":"2024-11-03T14:47:40+00:00","dateModified":"2026-02-20T09:41:35+00:00","breadcrumb":{"@id":"https:\/\/fairway2hotel.at\/en\/golfclubs\/italien\/gc-salsomaggiore-terme\/#breadcrumb"},"inLanguage":"en-US","potentialAction":[{"@type":"ReadAction","target":["https:\/\/fairway2hotel.at\/en\/golfclubs\/italien\/gc-salsomaggiore-terme\/"]}]},{"@type":"BreadcrumbList","@id":"https:\/\/fairway2hotel.at\/en\/golfclubs\/italien\/gc-salsomaggiore-terme\/#breadcrumb","itemListElement":[{"@type":"ListItem","position":1,"name":"Home","item":"https:\/\/fairway2hotel.at\/en\/"},{"@type":"ListItem","position":2,"name":"Golfclubs","item":"https:\/\/fairway2hotel.at\/en\/golfclubs\/"},{"@type":"ListItem","position":3,"name":"Golfclubs Italien","item":"https:\/\/fairway2hotel.at\/en\/golfclubs\/italien\/"},{"@type":"ListItem","position":4,"name":"GC Salsomaggiore Terme"}]},{"@type":"WebSite","@id":"https:\/\/fairway2hotel.at\/en\/#website","url":"https:\/\/fairway2hotel.at\/en\/","name":"Fairway 2 Hotel","description":"Golf at half price! 2 play - 1 pays","potentialAction":[{"@type":"SearchAction","target":{"@type":"EntryPoint","urlTemplate":"https:\/\/fairway2hotel.at\/en\/?s={search_term_string}"},"query-input":{"@type":"PropertyValueSpecification","valueRequired":true,"valueName":"search_term_string"}}],"inLanguage":"en-US"}]}},"_links":{"self":[{"href":"https:\/\/fairway2hotel.at\/en\/wp-json\/wp\/v2\/pages\/43138","targetHints":{"allow":["GET"]}}],"collection":[{"href":"https:\/\/fairway2hotel.at\/en\/wp-json\/wp\/v2\/pages"}],"about":[{"href":"https:\/\/fairway2hotel.at\/en\/wp-json\/wp\/v2\/types\/page"}],"author":[{"embeddable":true,"href":"https:\/\/fairway2hotel.at\/en\/wp-json\/wp\/v2\/users\/24"}],"replies":[{"embeddable":true,"href":"https:\/\/fairway2hotel.at\/en\/wp-json\/wp\/v2\/comments?post=43138"}],"version-history":[{"count":8,"href":"https:\/\/fairway2hotel.at\/en\/wp-json\/wp\/v2\/pages\/43138\/revisions"}],"predecessor-version":[{"id":52736,"href":"https:\/\/fairway2hotel.at\/en\/wp-json\/wp\/v2\/pages\/43138\/revisions\/52736"}],"up":[{"embeddable":true,"href":"https:\/\/fairway2hotel.at\/en\/wp-json\/wp\/v2\/pages\/1657"}],"acf:attachment":[{"embeddable":true,"href":"https:\/\/fairway2hotel.at\/en\/wp-json\/wp\/v2\/media\/43144"},{"embeddable":true,"href":"https:\/\/fairway2hotel.at\/en\/wp-json\/wp\/v2\/media\/43142"}],"wp:attachment":[{"href":"https:\/\/fairway2hotel.at\/en\/wp-json\/wp\/v2\/media?parent=43138"}],"curies":[{"name":"wp","href":"https:\/\/api.w.org\/{rel}","templated":true}]}}