{"id":43155,"date":"2024-11-04T11:17:19","date_gmt":"2024-11-04T10:17:19","guid":{"rendered":"https:\/\/fairway2hotel.at\/golfclubs\/tschechien\/golf-club-certovo-bremeno-copy\/"},"modified":"2024-11-09T18:19:59","modified_gmt":"2024-11-09T17:19:59","slug":"telc","status":"publish","type":"page","link":"https:\/\/fairway2hotel.at\/en\/golfclubs\/tschechien\/telc\/","title":{"rendered":"GC Telc"},"content":{"rendered":"<h2>Das Golfresort Telc erwartet Sie&#8230;<\/h2>\n<p>Dieser 18-Loch-Platz von internationalem Standard liegt in der wundersch\u00f6nen Landschaft der Highlands, nicht weit von der historischen Stadt Tel\u010d entfernt.<\/p>\n<p>&nbsp;<\/p>\n<p>Der Golfplatz liegt auf einer Fl\u00e4che von 70 Hektar, in einer leicht h\u00fcgeligen Landschaft voller tiefer W\u00e4lder, Seen und Teiche. Einer der Hauptvorteile des Spielplatzes ist die Kombination aus der perfekten Entfernung zum historischen Zentrum des malerischen Tel\u010d (5 Minuten mit dem Auto) und der Lage des Spielplatzes selbst im Herzen der ruhigen, offenen Natur. Das ideale Wochenenderlebnis kann eine Kombination aus Sport und Kultur sein \u2013 die Abwechslung zwischen der Freude am Golfspiel und der Entdeckung der umliegenden wundersch\u00f6nen Natur mit Spazierg\u00e4ngen rund um tschechische Denkm\u00e4ler hat das Potenzial, alle Familienmitglieder sowie Ihre Gesch\u00e4ftspartner zu interessieren Kollegen.<\/p>\n<p>Im weiteren Bereich des Komplexes befindet sich auch das beeindruckende Geb\u00e4ude der Pension \u0160i\u0161k\u016fv ml\u00fdn, das die friedliche, l\u00e4ndliche Umgebung des Resorts unterstreicht und so zur insgesamt beruhigenden Atmosph\u00e4re des Komplexes beitr\u00e4gt. Das Geb\u00e4ude ist stolz auf seine lange Geschichte \u2013 es handelt sich um eine originale Barockm\u00fchle, deren Wurzeln bis ins 16. Jahrhundert zur\u00fcckreichen. Einer der Vorteile des G\u00e4stehauses ist seine gem\u00fctliche, famili\u00e4re Atmosph\u00e4re, die es zu einem idealen Ort f\u00fcr die Unterbringung in der N\u00e4he unseres Resorts macht. Ganz gleich, ob Sie lieber am fr\u00fchen Morgen oder an entspannten Nachmittagen den Golfplatz erkunden m\u00f6chten, die Unterkunft hier bietet Ihnen allen Komfort, den Sie ben\u00f6tigen, sowohl aufgrund der einzigartigen, historischen Umgebung als auch der fu\u00dfl\u00e4ufigen Entfernung zum ersten Loch.<\/p>\n<p>&nbsp;<\/p>\n<h2>Golfresort Telc awaits for you&#8230;<\/h2>\n<p>This international 18-hole course is located in the beautiful Highland countryside, not far from the historic town of Tel\u010d.<\/p>\n<p>The golf course is located on an area of \u200b\u200b70 hectares, in a slightly hilly landscape full of deep forests, lakes and ponds. One of the main advantages of the playground is the combination of the perfect distance from the historical center of picturesque Tel\u010d (5 minutes by car) and the location of the playground itself in the heart of quiet, open nature. The ideal weekend experience can be a combination of sports and culture \u2013 the alternation between the joy of playing golf and discovering the surrounding beautiful nature with walks around Czech monuments has the potential to interest all family members as well as your business colleagues.<\/p>\n<p>Further into the complex is also the impressive building of the \u0160i\u0161k\u016fv ml\u00fdn guesthouse, which enhances the peaceful, rural setting of the resort, contributing to the overall calming atmosphere of the complex. The building is proud of its long history &#8211; it is an original baroque mill whose roots go back to the 16th century. One of the advantages of the guest house is its cozy, family atmosphere, which makes it an ideal place to stay near our resort. Whether you prefer to explore the golf course in the early mornings or lazy afternoons, the accommodation here offers all the comfort you need, both due to the unique, historic setting and the walking distance to the first hole.<\/p>\n","protected":false},"excerpt":{"rendered":"<p>Das Golfresort Telc erwartet Sie&#8230; Dieser 18-Loch-Platz von internationalem Standard liegt in der wundersch\u00f6nen Landschaft der Highlands, nicht weit von der historischen Stadt Tel\u010d entfernt. &nbsp; Der Golfplatz liegt auf einer Fl\u00e4che von 70 Hektar, in einer leicht h\u00fcgeligen Landschaft voller tiefer W\u00e4lder, Seen und Teiche. Einer der Hauptvorteile des Spielplatzes ist die Kombination aus [&hellip;]<\/p>\n","protected":false},"author":24,"featured_media":0,"parent":1707,"menu_order":5,"comment_status":"closed","ping_status":"closed","template":"page-partner.php","meta":{"_acf_changed":false,"footnotes":""},"class_list":["post-43155","page","type-page","status-publish","hentry"],"acf":{"partner_infobox":"<strong>Adresse:\u00a0<\/strong>Alenina Lhota 7, 391 33 Jistebnice\r\n\r\n<strong>Tel:\r\n<\/strong>420\u00a0775 913\u00a0338\r\n\r\n<strong>Web: <\/strong><a href=\"http:\/\/www.cebr.cz\" target=\"_blank\" rel=\"nofollow noopener noreferrer\">www.cebr.cz<\/a>\r\n\r\n<strong>E-Mail:<\/strong> <a href=\"mailto:cebr@cebr.cz\">info@cebr.cz<\/a>\r\n\r\n<strong>Spielbahnen\/Par: <\/strong>18\/70\r\n\r\n<strong>La\u0308nge: <\/strong>wei\u00df: 5.304 m \/gelb: 5.001 m \/rot: 4.702 m\r\n\r\n<em><strong>Bedingungen:\r\n<\/strong>Gutscheine von MO-DO, ausgenommen Feiertage, einl\u00f6sbar.<\/em>\r\n\r\n<strong>Anfahrt:\r\n<\/strong>80 km s\u00fcdlich von Prag, 70 km n\u00f6rdlich von \u010cesk\u00e9 Bud\u011bjovice","partner_logo":43189,"partner_gallery":[2823,43169,43157,43167,43163,43165,43181,43177,43179,43175,43173,43171,43161,43159,43183,43185,43187],"partner_lat":49.22841793823769,"partner_long":15.420466448684927,"partner_type":"golfclub","partner_openings":["1","2","3","4","5","6","7"],"montag_von_bis":"00:00 - 24:00","dienstag_von_bis":"00:00 - 24:00","mittwoch_von_bis":"00:00 - 24:00","donnerstag_von_bis":"00:00 - 24:00","freitag_von_bis":"00:00 - 24:00","samstag_von_bis":"00:00 - 24:00","sonntag_von_bis":"00:00 - 24:00","partner_adresse":"Vanov 21, 58856 Tel\u010d","partner_land_bundesland":"Tschechische Republik","partner_tel_1":" +420 724 322 763","partner_tel_2":"","partner_web":"https:\/\/golftelc.cz","partner_mail":"telc@golftelc.cz","partner_spielbahnen_par":"18\/72","partner_laenge":"wei\u00df: 5.304 m \/gelb: 5.001 m \/rot: 4.702 m","partner_bedingungen":"Genie\u00dfen Sie auch bei den Hotelgutscheinen: Pension \u0160i\u0161k\u016fv ml\u00fdn direkt im Golfresort Telc\r\nEnjoy also with our hotel voucher: Pension \u0160i\u0161k\u016fv ml\u00fdn in our Golf Resort","partner_anfahrt":"80 km s\u00fcdlich von Prag, 70 km n\u00f6rdlich von \u010cesk\u00e9 Bud\u011bjovice","partner_misc":null,"additional_css_classes":""},"yoast_head":"<!-- This site is optimized with the Yoast SEO plugin v26.8 - https:\/\/yoast.com\/product\/yoast-seo-wordpress\/ -->\n<title>GC Telc - Fairway 2 Hotel<\/title>\n<meta name=\"robots\" content=\"index, follow, max-snippet:-1, max-image-preview:large, max-video-preview:-1\" \/>\n<link rel=\"canonical\" href=\"https:\/\/fairway2hotel.at\/en\/golfclubs\/tschechien\/telc\/\" \/>\n<meta property=\"og:locale\" content=\"en_US\" \/>\n<meta property=\"og:type\" content=\"article\" \/>\n<meta property=\"og:title\" content=\"GC Telc - Fairway 2 Hotel\" \/>\n<meta property=\"og:description\" content=\"Das Golfresort Telc erwartet Sie&#8230; Dieser 18-Loch-Platz von internationalem Standard liegt in der wundersch\u00f6nen Landschaft der Highlands, nicht weit von der historischen Stadt Tel\u010d entfernt. &nbsp; Der Golfplatz liegt auf einer Fl\u00e4che von 70 Hektar, in einer leicht h\u00fcgeligen Landschaft voller tiefer W\u00e4lder, Seen und Teiche. Einer der Hauptvorteile des Spielplatzes ist die Kombination aus [&hellip;]\" \/>\n<meta property=\"og:url\" content=\"https:\/\/fairway2hotel.at\/en\/golfclubs\/tschechien\/telc\/\" \/>\n<meta property=\"og:site_name\" content=\"Fairway 2 Hotel\" \/>\n<meta property=\"article:modified_time\" content=\"2024-11-09T17:19:59+00:00\" \/>\n<meta name=\"twitter:card\" content=\"summary_large_image\" \/>\n<meta name=\"twitter:label1\" content=\"Est. reading time\" \/>\n\t<meta name=\"twitter:data1\" content=\"3 minutes\" \/>\n<script type=\"application\/ld+json\" class=\"yoast-schema-graph\">{\"@context\":\"https:\/\/schema.org\",\"@graph\":[{\"@type\":\"WebPage\",\"@id\":\"https:\/\/fairway2hotel.at\/en\/golfclubs\/tschechien\/telc\/\",\"url\":\"https:\/\/fairway2hotel.at\/en\/golfclubs\/tschechien\/telc\/\",\"name\":\"GC Telc - Fairway 2 Hotel\",\"isPartOf\":{\"@id\":\"https:\/\/fairway2hotel.at\/en\/#website\"},\"datePublished\":\"2024-11-04T10:17:19+00:00\",\"dateModified\":\"2024-11-09T17:19:59+00:00\",\"breadcrumb\":{\"@id\":\"https:\/\/fairway2hotel.at\/en\/golfclubs\/tschechien\/telc\/#breadcrumb\"},\"inLanguage\":\"en-US\",\"potentialAction\":[{\"@type\":\"ReadAction\",\"target\":[\"https:\/\/fairway2hotel.at\/en\/golfclubs\/tschechien\/telc\/\"]}]},{\"@type\":\"BreadcrumbList\",\"@id\":\"https:\/\/fairway2hotel.at\/en\/golfclubs\/tschechien\/telc\/#breadcrumb\",\"itemListElement\":[{\"@type\":\"ListItem\",\"position\":1,\"name\":\"Home\",\"item\":\"https:\/\/fairway2hotel.at\/en\/\"},{\"@type\":\"ListItem\",\"position\":2,\"name\":\"Golfclubs\",\"item\":\"https:\/\/fairway2hotel.at\/en\/golfclubs\/\"},{\"@type\":\"ListItem\",\"position\":3,\"name\":\"Golfclubs Tschechien\",\"item\":\"https:\/\/fairway2hotel.at\/en\/golfclubs\/tschechien\/\"},{\"@type\":\"ListItem\",\"position\":4,\"name\":\"GC Telc\"}]},{\"@type\":\"WebSite\",\"@id\":\"https:\/\/fairway2hotel.at\/en\/#website\",\"url\":\"https:\/\/fairway2hotel.at\/en\/\",\"name\":\"Fairway 2 Hotel\",\"description\":\"Golf at half price! 2 play - 1 pays\",\"potentialAction\":[{\"@type\":\"SearchAction\",\"target\":{\"@type\":\"EntryPoint\",\"urlTemplate\":\"https:\/\/fairway2hotel.at\/en\/?s={search_term_string}\"},\"query-input\":{\"@type\":\"PropertyValueSpecification\",\"valueRequired\":true,\"valueName\":\"search_term_string\"}}],\"inLanguage\":\"en-US\"}]}<\/script>\n<!-- \/ Yoast SEO plugin. -->","yoast_head_json":{"title":"GC Telc - Fairway 2 Hotel","robots":{"index":"index","follow":"follow","max-snippet":"max-snippet:-1","max-image-preview":"max-image-preview:large","max-video-preview":"max-video-preview:-1"},"canonical":"https:\/\/fairway2hotel.at\/en\/golfclubs\/tschechien\/telc\/","og_locale":"en_US","og_type":"article","og_title":"GC Telc - Fairway 2 Hotel","og_description":"Das Golfresort Telc erwartet Sie&#8230; Dieser 18-Loch-Platz von internationalem Standard liegt in der wundersch\u00f6nen Landschaft der Highlands, nicht weit von der historischen Stadt Tel\u010d entfernt. &nbsp; Der Golfplatz liegt auf einer Fl\u00e4che von 70 Hektar, in einer leicht h\u00fcgeligen Landschaft voller tiefer W\u00e4lder, Seen und Teiche. Einer der Hauptvorteile des Spielplatzes ist die Kombination aus [&hellip;]","og_url":"https:\/\/fairway2hotel.at\/en\/golfclubs\/tschechien\/telc\/","og_site_name":"Fairway 2 Hotel","article_modified_time":"2024-11-09T17:19:59+00:00","twitter_card":"summary_large_image","twitter_misc":{"Est. reading time":"3 minutes"},"schema":{"@context":"https:\/\/schema.org","@graph":[{"@type":"WebPage","@id":"https:\/\/fairway2hotel.at\/en\/golfclubs\/tschechien\/telc\/","url":"https:\/\/fairway2hotel.at\/en\/golfclubs\/tschechien\/telc\/","name":"GC Telc - Fairway 2 Hotel","isPartOf":{"@id":"https:\/\/fairway2hotel.at\/en\/#website"},"datePublished":"2024-11-04T10:17:19+00:00","dateModified":"2024-11-09T17:19:59+00:00","breadcrumb":{"@id":"https:\/\/fairway2hotel.at\/en\/golfclubs\/tschechien\/telc\/#breadcrumb"},"inLanguage":"en-US","potentialAction":[{"@type":"ReadAction","target":["https:\/\/fairway2hotel.at\/en\/golfclubs\/tschechien\/telc\/"]}]},{"@type":"BreadcrumbList","@id":"https:\/\/fairway2hotel.at\/en\/golfclubs\/tschechien\/telc\/#breadcrumb","itemListElement":[{"@type":"ListItem","position":1,"name":"Home","item":"https:\/\/fairway2hotel.at\/en\/"},{"@type":"ListItem","position":2,"name":"Golfclubs","item":"https:\/\/fairway2hotel.at\/en\/golfclubs\/"},{"@type":"ListItem","position":3,"name":"Golfclubs Tschechien","item":"https:\/\/fairway2hotel.at\/en\/golfclubs\/tschechien\/"},{"@type":"ListItem","position":4,"name":"GC Telc"}]},{"@type":"WebSite","@id":"https:\/\/fairway2hotel.at\/en\/#website","url":"https:\/\/fairway2hotel.at\/en\/","name":"Fairway 2 Hotel","description":"Golf at half price! 2 play - 1 pays","potentialAction":[{"@type":"SearchAction","target":{"@type":"EntryPoint","urlTemplate":"https:\/\/fairway2hotel.at\/en\/?s={search_term_string}"},"query-input":{"@type":"PropertyValueSpecification","valueRequired":true,"valueName":"search_term_string"}}],"inLanguage":"en-US"}]}},"_links":{"self":[{"href":"https:\/\/fairway2hotel.at\/en\/wp-json\/wp\/v2\/pages\/43155","targetHints":{"allow":["GET"]}}],"collection":[{"href":"https:\/\/fairway2hotel.at\/en\/wp-json\/wp\/v2\/pages"}],"about":[{"href":"https:\/\/fairway2hotel.at\/en\/wp-json\/wp\/v2\/types\/page"}],"author":[{"embeddable":true,"href":"https:\/\/fairway2hotel.at\/en\/wp-json\/wp\/v2\/users\/24"}],"replies":[{"embeddable":true,"href":"https:\/\/fairway2hotel.at\/en\/wp-json\/wp\/v2\/comments?post=43155"}],"version-history":[{"count":2,"href":"https:\/\/fairway2hotel.at\/en\/wp-json\/wp\/v2\/pages\/43155\/revisions"}],"predecessor-version":[{"id":43193,"href":"https:\/\/fairway2hotel.at\/en\/wp-json\/wp\/v2\/pages\/43155\/revisions\/43193"}],"up":[{"embeddable":true,"href":"https:\/\/fairway2hotel.at\/en\/wp-json\/wp\/v2\/pages\/1707"}],"acf:attachment":[{"embeddable":true,"href":"https:\/\/fairway2hotel.at\/en\/wp-json\/wp\/v2\/media\/43187"},{"embeddable":true,"href":"https:\/\/fairway2hotel.at\/en\/wp-json\/wp\/v2\/media\/43185"},{"embeddable":true,"href":"https:\/\/fairway2hotel.at\/en\/wp-json\/wp\/v2\/media\/43183"},{"embeddable":true,"href":"https:\/\/fairway2hotel.at\/en\/wp-json\/wp\/v2\/media\/43159"},{"embeddable":true,"href":"https:\/\/fairway2hotel.at\/en\/wp-json\/wp\/v2\/media\/43161"},{"embeddable":true,"href":"https:\/\/fairway2hotel.at\/en\/wp-json\/wp\/v2\/media\/43171"},{"embeddable":true,"href":"https:\/\/fairway2hotel.at\/en\/wp-json\/wp\/v2\/media\/43173"},{"embeddable":true,"href":"https:\/\/fairway2hotel.at\/en\/wp-json\/wp\/v2\/media\/43175"},{"embeddable":true,"href":"https:\/\/fairway2hotel.at\/en\/wp-json\/wp\/v2\/media\/43179"},{"embeddable":true,"href":"https:\/\/fairway2hotel.at\/en\/wp-json\/wp\/v2\/media\/43177"},{"embeddable":true,"href":"https:\/\/fairway2hotel.at\/en\/wp-json\/wp\/v2\/media\/43181"},{"embeddable":true,"href":"https:\/\/fairway2hotel.at\/en\/wp-json\/wp\/v2\/media\/43165"},{"embeddable":true,"href":"https:\/\/fairway2hotel.at\/en\/wp-json\/wp\/v2\/media\/43163"},{"embeddable":true,"href":"https:\/\/fairway2hotel.at\/en\/wp-json\/wp\/v2\/media\/43167"},{"embeddable":true,"href":"https:\/\/fairway2hotel.at\/en\/wp-json\/wp\/v2\/media\/43157"},{"embeddable":true,"href":"https:\/\/fairway2hotel.at\/en\/wp-json\/wp\/v2\/media\/43169"},{"embeddable":true,"href":"https:\/\/fairway2hotel.at\/en\/wp-json\/wp\/v2\/media\/2823"}],"wp:attachment":[{"href":"https:\/\/fairway2hotel.at\/en\/wp-json\/wp\/v2\/media?parent=43155"}],"curies":[{"name":"wp","href":"https:\/\/api.w.org\/{rel}","templated":true}]}}