{"id":43199,"date":"2024-11-05T10:31:30","date_gmt":"2024-11-05T09:31:30","guid":{"rendered":"https:\/\/fairway2hotel.at\/golfclubs\/tschechien\/golf-club-certovo-bremeno-copy\/"},"modified":"2025-06-01T09:58:04","modified_gmt":"2025-06-01T07:58:04","slug":"gc-valassky-golfovy-klub-roznov","status":"publish","type":"page","link":"https:\/\/fairway2hotel.at\/en\/golfclubs\/tschechien\/gc-valassky-golfovy-klub-roznov\/","title":{"rendered":"GC Vala\u0161sk\u00fd golfov\u00fd klub Ro\u017enov"},"content":{"rendered":"<h2>Der Vala\u0161sk\u00fd golfov\u00fd klub Ro\u017enov erwartet Sie&#8230;<\/h2>\n<p>Der angenehme Neun-Loch-Platz des Vala\u0161sk\u00fd Golfclub wurde im Jahr 1999 er\u00f6ffnet. Er verf\u00fcgt derzeit \u00fcber 9 L\u00f6cher, eine gro\u00dfz\u00fcgige Driving Range mit drei \u00fcberdachten Abschl\u00e4gen, ein Putting- und Chipping-Green, einen \u00dcbungsbankier und einen gem\u00fctlichen Empfang mit Kamin. Auf der \u00fcberdachten Au\u00dfenterrasse k\u00f6nnen sich Golfer nach dem Spiel entspannen. Da es sich um einen \u00f6ffentlichen Platz handelt, steht er allen Golfern zur Verf\u00fcgung. Die direkt auf dem Gel\u00e4nde gelegene Pension Ad\u00e9la bietet Ihnen eine angenehme und komfortable Unterkunft in \u00fcberdurchschnittlich gro\u00dfen Studios und Apartments mit einer Gesamtkapazit\u00e4t von bis zu 34 Personen. Egal ob Golfer, Touristen, Radfahrer, Familien mit Kindern oder Gruppen von Freunden, alle k\u00f6nnen hier einen erholsamen Urlaub in den Beskiden verbringen. Es ist ein idealer Ort f\u00fcr aktive Erholung. Wer bei uns spielt, genie\u00dft entspanntes Golfen in wundersch\u00f6ner Natur. Sie sind herzlich eingeladen!<\/p>\n<h2>Vala\u0161sk\u00fd golfov\u00fd klub Ro\u017enov awaits for you&#8230;<\/h2>\n<p>The pleasant nine-hole course of the Vala\u0161sk\u00fd golf club was opened in 1999. It currently has 9 standardized holes, a spacious driving range with three covered tees, a putting and chipping green, a practice bunker and a cozy reception with a fireplace and an outdoor covered terrace where golfers spend time after the game to chat with their golfmates. It is a public course, open to all golfers. Pension Ad\u00e9la, located right on the premises, offers pleasant, comfortable accommodation in large studios and apartments with a total capacity of 34 people. It offers accommodation for golfers, tourists, cyclists, families with children or for groups of friends who want to spend a relaxing holiday in the Beskydy Mountains. It is an ideal place for active rest. Whoever comes to play with us will enjoy relaxing golf in beautiful nature. You are cordially invited!<\/p>\n","protected":false},"excerpt":{"rendered":"<p>Der Vala\u0161sk\u00fd golfov\u00fd klub Ro\u017enov erwartet Sie&#8230; Der angenehme Neun-Loch-Platz des Vala\u0161sk\u00fd Golfclub wurde im Jahr 1999 er\u00f6ffnet. Er verf\u00fcgt derzeit \u00fcber 9 L\u00f6cher, eine gro\u00dfz\u00fcgige Driving Range mit drei \u00fcberdachten Abschl\u00e4gen, ein Putting- und Chipping-Green, einen \u00dcbungsbankier und einen gem\u00fctlichen Empfang mit Kamin. Auf der \u00fcberdachten Au\u00dfenterrasse k\u00f6nnen sich Golfer nach dem Spiel entspannen. [&hellip;]<\/p>\n","protected":false},"author":24,"featured_media":0,"parent":1707,"menu_order":5,"comment_status":"closed","ping_status":"closed","template":"page-partner.php","meta":{"_acf_changed":false,"footnotes":""},"class_list":["post-43199","page","type-page","status-publish","hentry"],"acf":{"partner_infobox":"<strong>Adresse:\u00a0<\/strong>Alenina Lhota 7, 391 33 Jistebnice\r\n\r\n<strong>Tel:\r\n<\/strong>420\u00a0775 913\u00a0338\r\n\r\n<strong>Web: <\/strong><a href=\"http:\/\/www.cebr.cz\" target=\"_blank\" rel=\"nofollow noopener noreferrer\">www.cebr.cz<\/a>\r\n\r\n<strong>E-Mail:<\/strong> <a href=\"mailto:cebr@cebr.cz\">info@cebr.cz<\/a>\r\n\r\n<strong>Spielbahnen\/Par: <\/strong>18\/70\r\n\r\n<strong>La\u0308nge: <\/strong>wei\u00df: 5.304 m \/gelb: 5.001 m \/rot: 4.702 m\r\n\r\n<em><strong>Bedingungen:\r\n<\/strong>Gutscheine von MO-DO, ausgenommen Feiertage, einl\u00f6sbar.<\/em>\r\n\r\n<strong>Anfahrt:\r\n<\/strong>80 km s\u00fcdlich von Prag, 70 km n\u00f6rdlich von \u010cesk\u00e9 Bud\u011bjovice","partner_logo":43201,"partner_gallery":[43203,43205,43207,43209,43260,43264],"partner_lat":49.46755255814431,"partner_long":18.173783879384835,"partner_type":"golfclub","partner_openings":["1","2","7"],"montag_von_bis":"00:00 - 24:00","dienstag_von_bis":"00:00 - 24:00","mittwoch_von_bis":"00:00 - 24:00","donnerstag_von_bis":"00:00 - 24:00","freitag_von_bis":"00:00 - 24:00","samstag_von_bis":"00:00 - 24:00","sonntag_von_bis":"13:00 - 24:00","partner_adresse":"Doln\u00ed Be\u010dva 757, 756 61, Roznov","partner_land_bundesland":"Tschechische Republik","partner_tel_1":" +420 731 252 094 ","partner_tel_2":"","partner_web":"https:\/\/www.golf-roznov.cz","partner_mail":"info@golf-roznov.cz","partner_spielbahnen_par":"9\/70","partner_laenge":"wei\u00df: 5.304 m \/gelb: 5.001 m \/rot: 4.702 m","partner_bedingungen":"GS einl\u00f6sbar So ab 13.00 Uhr, Mo und Di ganzt\u00e4gig\r\nvouchers redeemable Sun after 1.00 p.m., Mon and Tue the whole day","partner_anfahrt":"80 km s\u00fcdlich von Prag, 70 km n\u00f6rdlich von \u010cesk\u00e9 Bud\u011bjovice","partner_misc":null,"additional_css_classes":""},"yoast_head":"<!-- This site is optimized with the Yoast SEO plugin v26.8 - https:\/\/yoast.com\/product\/yoast-seo-wordpress\/ -->\n<title>GC Vala\u0161sk\u00fd golfov\u00fd klub Ro\u017enov - Fairway 2 Hotel<\/title>\n<meta name=\"robots\" content=\"index, follow, max-snippet:-1, max-image-preview:large, max-video-preview:-1\" \/>\n<link rel=\"canonical\" href=\"https:\/\/fairway2hotel.at\/en\/golfclubs\/tschechien\/gc-valassky-golfovy-klub-roznov\/\" \/>\n<meta property=\"og:locale\" content=\"en_US\" \/>\n<meta property=\"og:type\" content=\"article\" \/>\n<meta property=\"og:title\" content=\"GC Vala\u0161sk\u00fd golfov\u00fd klub Ro\u017enov - Fairway 2 Hotel\" \/>\n<meta property=\"og:description\" content=\"Der Vala\u0161sk\u00fd golfov\u00fd klub Ro\u017enov erwartet Sie&#8230; Der angenehme Neun-Loch-Platz des Vala\u0161sk\u00fd Golfclub wurde im Jahr 1999 er\u00f6ffnet. Er verf\u00fcgt derzeit \u00fcber 9 L\u00f6cher, eine gro\u00dfz\u00fcgige Driving Range mit drei \u00fcberdachten Abschl\u00e4gen, ein Putting- und Chipping-Green, einen \u00dcbungsbankier und einen gem\u00fctlichen Empfang mit Kamin. Auf der \u00fcberdachten Au\u00dfenterrasse k\u00f6nnen sich Golfer nach dem Spiel entspannen. [&hellip;]\" \/>\n<meta property=\"og:url\" content=\"https:\/\/fairway2hotel.at\/en\/golfclubs\/tschechien\/gc-valassky-golfovy-klub-roznov\/\" \/>\n<meta property=\"og:site_name\" content=\"Fairway 2 Hotel\" \/>\n<meta property=\"article:modified_time\" content=\"2025-06-01T07:58:04+00:00\" \/>\n<meta name=\"twitter:card\" content=\"summary_large_image\" \/>\n<meta name=\"twitter:label1\" content=\"Est. reading time\" \/>\n\t<meta name=\"twitter:data1\" content=\"2 minutes\" \/>\n<script type=\"application\/ld+json\" class=\"yoast-schema-graph\">{\"@context\":\"https:\/\/schema.org\",\"@graph\":[{\"@type\":\"WebPage\",\"@id\":\"https:\/\/fairway2hotel.at\/en\/golfclubs\/tschechien\/gc-valassky-golfovy-klub-roznov\/\",\"url\":\"https:\/\/fairway2hotel.at\/en\/golfclubs\/tschechien\/gc-valassky-golfovy-klub-roznov\/\",\"name\":\"GC Vala\u0161sk\u00fd golfov\u00fd klub Ro\u017enov - Fairway 2 Hotel\",\"isPartOf\":{\"@id\":\"https:\/\/fairway2hotel.at\/en\/#website\"},\"datePublished\":\"2024-11-05T09:31:30+00:00\",\"dateModified\":\"2025-06-01T07:58:04+00:00\",\"breadcrumb\":{\"@id\":\"https:\/\/fairway2hotel.at\/en\/golfclubs\/tschechien\/gc-valassky-golfovy-klub-roznov\/#breadcrumb\"},\"inLanguage\":\"en-US\",\"potentialAction\":[{\"@type\":\"ReadAction\",\"target\":[\"https:\/\/fairway2hotel.at\/en\/golfclubs\/tschechien\/gc-valassky-golfovy-klub-roznov\/\"]}]},{\"@type\":\"BreadcrumbList\",\"@id\":\"https:\/\/fairway2hotel.at\/en\/golfclubs\/tschechien\/gc-valassky-golfovy-klub-roznov\/#breadcrumb\",\"itemListElement\":[{\"@type\":\"ListItem\",\"position\":1,\"name\":\"Home\",\"item\":\"https:\/\/fairway2hotel.at\/en\/\"},{\"@type\":\"ListItem\",\"position\":2,\"name\":\"Golfclubs\",\"item\":\"https:\/\/fairway2hotel.at\/en\/golfclubs\/\"},{\"@type\":\"ListItem\",\"position\":3,\"name\":\"Golfclubs Tschechien\",\"item\":\"https:\/\/fairway2hotel.at\/en\/golfclubs\/tschechien\/\"},{\"@type\":\"ListItem\",\"position\":4,\"name\":\"GC Vala\u0161sk\u00fd golfov\u00fd klub Ro\u017enov\"}]},{\"@type\":\"WebSite\",\"@id\":\"https:\/\/fairway2hotel.at\/en\/#website\",\"url\":\"https:\/\/fairway2hotel.at\/en\/\",\"name\":\"Fairway 2 Hotel\",\"description\":\"Golf at half price! 2 play - 1 pays\",\"potentialAction\":[{\"@type\":\"SearchAction\",\"target\":{\"@type\":\"EntryPoint\",\"urlTemplate\":\"https:\/\/fairway2hotel.at\/en\/?s={search_term_string}\"},\"query-input\":{\"@type\":\"PropertyValueSpecification\",\"valueRequired\":true,\"valueName\":\"search_term_string\"}}],\"inLanguage\":\"en-US\"}]}<\/script>\n<!-- \/ Yoast SEO plugin. -->","yoast_head_json":{"title":"GC Vala\u0161sk\u00fd golfov\u00fd klub Ro\u017enov - Fairway 2 Hotel","robots":{"index":"index","follow":"follow","max-snippet":"max-snippet:-1","max-image-preview":"max-image-preview:large","max-video-preview":"max-video-preview:-1"},"canonical":"https:\/\/fairway2hotel.at\/en\/golfclubs\/tschechien\/gc-valassky-golfovy-klub-roznov\/","og_locale":"en_US","og_type":"article","og_title":"GC Vala\u0161sk\u00fd golfov\u00fd klub Ro\u017enov - Fairway 2 Hotel","og_description":"Der Vala\u0161sk\u00fd golfov\u00fd klub Ro\u017enov erwartet Sie&#8230; Der angenehme Neun-Loch-Platz des Vala\u0161sk\u00fd Golfclub wurde im Jahr 1999 er\u00f6ffnet. Er verf\u00fcgt derzeit \u00fcber 9 L\u00f6cher, eine gro\u00dfz\u00fcgige Driving Range mit drei \u00fcberdachten Abschl\u00e4gen, ein Putting- und Chipping-Green, einen \u00dcbungsbankier und einen gem\u00fctlichen Empfang mit Kamin. Auf der \u00fcberdachten Au\u00dfenterrasse k\u00f6nnen sich Golfer nach dem Spiel entspannen. [&hellip;]","og_url":"https:\/\/fairway2hotel.at\/en\/golfclubs\/tschechien\/gc-valassky-golfovy-klub-roznov\/","og_site_name":"Fairway 2 Hotel","article_modified_time":"2025-06-01T07:58:04+00:00","twitter_card":"summary_large_image","twitter_misc":{"Est. reading time":"2 minutes"},"schema":{"@context":"https:\/\/schema.org","@graph":[{"@type":"WebPage","@id":"https:\/\/fairway2hotel.at\/en\/golfclubs\/tschechien\/gc-valassky-golfovy-klub-roznov\/","url":"https:\/\/fairway2hotel.at\/en\/golfclubs\/tschechien\/gc-valassky-golfovy-klub-roznov\/","name":"GC Vala\u0161sk\u00fd golfov\u00fd klub Ro\u017enov - Fairway 2 Hotel","isPartOf":{"@id":"https:\/\/fairway2hotel.at\/en\/#website"},"datePublished":"2024-11-05T09:31:30+00:00","dateModified":"2025-06-01T07:58:04+00:00","breadcrumb":{"@id":"https:\/\/fairway2hotel.at\/en\/golfclubs\/tschechien\/gc-valassky-golfovy-klub-roznov\/#breadcrumb"},"inLanguage":"en-US","potentialAction":[{"@type":"ReadAction","target":["https:\/\/fairway2hotel.at\/en\/golfclubs\/tschechien\/gc-valassky-golfovy-klub-roznov\/"]}]},{"@type":"BreadcrumbList","@id":"https:\/\/fairway2hotel.at\/en\/golfclubs\/tschechien\/gc-valassky-golfovy-klub-roznov\/#breadcrumb","itemListElement":[{"@type":"ListItem","position":1,"name":"Home","item":"https:\/\/fairway2hotel.at\/en\/"},{"@type":"ListItem","position":2,"name":"Golfclubs","item":"https:\/\/fairway2hotel.at\/en\/golfclubs\/"},{"@type":"ListItem","position":3,"name":"Golfclubs Tschechien","item":"https:\/\/fairway2hotel.at\/en\/golfclubs\/tschechien\/"},{"@type":"ListItem","position":4,"name":"GC Vala\u0161sk\u00fd golfov\u00fd klub Ro\u017enov"}]},{"@type":"WebSite","@id":"https:\/\/fairway2hotel.at\/en\/#website","url":"https:\/\/fairway2hotel.at\/en\/","name":"Fairway 2 Hotel","description":"Golf at half price! 2 play - 1 pays","potentialAction":[{"@type":"SearchAction","target":{"@type":"EntryPoint","urlTemplate":"https:\/\/fairway2hotel.at\/en\/?s={search_term_string}"},"query-input":{"@type":"PropertyValueSpecification","valueRequired":true,"valueName":"search_term_string"}}],"inLanguage":"en-US"}]}},"_links":{"self":[{"href":"https:\/\/fairway2hotel.at\/en\/wp-json\/wp\/v2\/pages\/43199","targetHints":{"allow":["GET"]}}],"collection":[{"href":"https:\/\/fairway2hotel.at\/en\/wp-json\/wp\/v2\/pages"}],"about":[{"href":"https:\/\/fairway2hotel.at\/en\/wp-json\/wp\/v2\/types\/page"}],"author":[{"embeddable":true,"href":"https:\/\/fairway2hotel.at\/en\/wp-json\/wp\/v2\/users\/24"}],"replies":[{"embeddable":true,"href":"https:\/\/fairway2hotel.at\/en\/wp-json\/wp\/v2\/comments?post=43199"}],"version-history":[{"count":5,"href":"https:\/\/fairway2hotel.at\/en\/wp-json\/wp\/v2\/pages\/43199\/revisions"}],"predecessor-version":[{"id":48549,"href":"https:\/\/fairway2hotel.at\/en\/wp-json\/wp\/v2\/pages\/43199\/revisions\/48549"}],"up":[{"embeddable":true,"href":"https:\/\/fairway2hotel.at\/en\/wp-json\/wp\/v2\/pages\/1707"}],"acf:attachment":[{"embeddable":true,"href":"https:\/\/fairway2hotel.at\/en\/wp-json\/wp\/v2\/media\/43264"},{"embeddable":true,"href":"https:\/\/fairway2hotel.at\/en\/wp-json\/wp\/v2\/media\/43260"},{"embeddable":true,"href":"https:\/\/fairway2hotel.at\/en\/wp-json\/wp\/v2\/media\/43209"},{"embeddable":true,"href":"https:\/\/fairway2hotel.at\/en\/wp-json\/wp\/v2\/media\/43207"},{"embeddable":true,"href":"https:\/\/fairway2hotel.at\/en\/wp-json\/wp\/v2\/media\/43205"},{"embeddable":true,"href":"https:\/\/fairway2hotel.at\/en\/wp-json\/wp\/v2\/media\/43203"}],"wp:attachment":[{"href":"https:\/\/fairway2hotel.at\/en\/wp-json\/wp\/v2\/media?parent=43199"}],"curies":[{"name":"wp","href":"https:\/\/api.w.org\/{rel}","templated":true}]}}