{"id":43222,"date":"2024-11-05T11:09:31","date_gmt":"2024-11-05T10:09:31","guid":{"rendered":"https:\/\/fairway2hotel.at\/golfclubs\/deutschland\/gc-vilsbiburg-e-v-copy\/"},"modified":"2025-05-05T10:37:05","modified_gmt":"2025-05-05T08:37:05","slug":"gc-schloss-klingenburg-e-v","status":"publish","type":"page","link":"https:\/\/fairway2hotel.at\/en\/golfclubs\/deutschland\/gc-schloss-klingenburg-e-v\/","title":{"rendered":"GC Schloss Klingenburg e.V."},"content":{"rendered":"<h2><strong>Einer der sch\u00f6nsten Golfpl\u00e4tze Deutschland erwartet Sie<\/strong><\/h2>\n<p>Der Golfplatz von Schloss Klingenburg im reizvollen Hochtal der Mindel z\u00e4hlt zu den sch\u00f6nsten Anlagen in ganz Deutschland.Der Platz wurde konzipiert von einem der weltbesten Golfplatz-Architekten: Donald Harradine. Er baute unter anderem auch die Golfpl\u00e4tze Beuerberg, St. Eurach und Gut H\u00e4usern in Bayern.<br \/>\nDas Schmuckst\u00fcck im schw\u00e4bischen Barockwinkel zwischen Augsburg und Ulm (Autobahn-Ausfahrt Burgau) ist eine Wohltat f\u00fcrs Auge und eine Herausforderung f\u00fcr den K\u00f6rper. Golf und Natur stehen hier in selten erlebtem Einklang.<br \/>\nAlter Baumbestand und viel Wasser &#8211; vor allem im Bermuda-Dreieck mit dem spektakul\u00e4ren Zwei-Seen-Loch 13 &#8211; sorgen f\u00fcr Entspannung und Anspannung zugleich inmitten eines sattgr\u00fcnen 18-Bahnen-Parks, der nicht von ungef\u00e4hr auf Platz 13 der deutschen Golfpl\u00e4tze des Online-Portals &#8220;Top 100 Golf Courses&#8221; gef\u00fchrt wird.<\/p>\n<h2><strong>One of the most beautiful golf courses in Germany awaits you<\/strong><\/h2>\n<p>The golf course at Klingenburg Castle in the charming high valley of the Mindel is one of the most beautiful courses in all of Germany. The course was designed by one of the world&#8217;s best golf course architects: Donald Harradine. Among other things, he also built the Beuerberg, St. Eurach and Gut H\u00e4user golf courses in Bavaria.<\/p>\n<p>The gem in the Swabian baroque corner between Augsburg and Ulm (Burgau motorway exit) is a treat for the eyes and a challenge for the body. Golf and nature are in harmony here in a way that is rarely experienced.<\/p>\n<p>Old trees and lots of water &#8211; especially in the Bermuda Triangle with the spectacular two-lake hole 13 &#8211; ensure relaxation and tension at the same time in the middle of a lush green 18-hole park, which is no coincidence ranked 13th among the German golf courses in the online ranking. Portal&#8217;s &#8220;Top 100 Golf Courses&#8221; is listed.<\/p>\n<p>&nbsp;<\/p>\n","protected":false},"excerpt":{"rendered":"<p>Einer der sch\u00f6nsten Golfpl\u00e4tze Deutschland erwartet Sie Der Golfplatz von Schloss Klingenburg im reizvollen Hochtal der Mindel z\u00e4hlt zu den sch\u00f6nsten Anlagen in ganz Deutschland.Der Platz wurde konzipiert von einem der weltbesten Golfplatz-Architekten: Donald Harradine. Er baute unter anderem auch die Golfpl\u00e4tze Beuerberg, St. Eurach und Gut H\u00e4usern in Bayern. Das Schmuckst\u00fcck im schw\u00e4bischen Barockwinkel [&hellip;]<\/p>\n","protected":false},"author":24,"featured_media":0,"parent":1607,"menu_order":5,"comment_status":"closed","ping_status":"closed","template":"page-partner.php","meta":{"_acf_changed":false,"footnotes":""},"class_list":["post-43222","page","type-page","status-publish","hentry"],"acf":{"partner_infobox":"&nbsp;\r\n\r\n&nbsp;","partner_logo":43224,"partner_gallery":[43226,47995,43228,43230,43232,43234,43236,43238,43240],"partner_lat":48.35529359487892,"partner_long":10.410050125939227,"partner_type":"golfclub","partner_openings":["1","2","3","4","5"],"montag_von_bis":"00:00 - 12:00","dienstag_von_bis":"00:00 - 12:00","mittwoch_von_bis":"00:00 - 12:00","donnerstag_von_bis":"00:00 - 12:00","freitag_von_bis":"00:00 - 12:00","samstag_von_bis":"00:00 - 24:00","sonntag_von_bis":"00:00 - 24:00","partner_adresse":"Schloss Klingenburg, 89343 Jettingen-Scheppach","partner_land_bundesland":"Deutschland","partner_tel_1":"+49 8225 3030","partner_tel_2":"","partner_web":"https:\/\/www.golf-klingenburg.de","partner_mail":"info@golf-klingenburg.de","partner_spielbahnen_par":"18\/73","partner_laenge":"","partner_bedingungen":"Gutscheine einl\u00f6sbar MO-FR (ausgenommen Ftg.) bis 12.00 Uhr\r\nVouchers redeemable from Mon-Fri (except public holidays) until 12.00 p.m.","partner_anfahrt":"","partner_misc":null,"additional_css_classes":""},"yoast_head":"<!-- This site is optimized with the Yoast SEO plugin v26.8 - https:\/\/yoast.com\/product\/yoast-seo-wordpress\/ -->\n<title>GC Schloss Klingenburg e.V. - Fairway 2 Hotel<\/title>\n<meta name=\"robots\" content=\"index, follow, max-snippet:-1, max-image-preview:large, max-video-preview:-1\" \/>\n<link rel=\"canonical\" href=\"https:\/\/fairway2hotel.at\/en\/golfclubs\/deutschland\/gc-schloss-klingenburg-e-v\/\" \/>\n<meta property=\"og:locale\" content=\"en_US\" \/>\n<meta property=\"og:type\" content=\"article\" \/>\n<meta property=\"og:title\" content=\"GC Schloss Klingenburg e.V. - Fairway 2 Hotel\" \/>\n<meta property=\"og:description\" content=\"Einer der sch\u00f6nsten Golfpl\u00e4tze Deutschland erwartet Sie Der Golfplatz von Schloss Klingenburg im reizvollen Hochtal der Mindel z\u00e4hlt zu den sch\u00f6nsten Anlagen in ganz Deutschland.Der Platz wurde konzipiert von einem der weltbesten Golfplatz-Architekten: Donald Harradine. Er baute unter anderem auch die Golfpl\u00e4tze Beuerberg, St. Eurach und Gut H\u00e4usern in Bayern. Das Schmuckst\u00fcck im schw\u00e4bischen Barockwinkel [&hellip;]\" \/>\n<meta property=\"og:url\" content=\"https:\/\/fairway2hotel.at\/en\/golfclubs\/deutschland\/gc-schloss-klingenburg-e-v\/\" \/>\n<meta property=\"og:site_name\" content=\"Fairway 2 Hotel\" \/>\n<meta property=\"article:modified_time\" content=\"2025-05-05T08:37:05+00:00\" \/>\n<meta name=\"twitter:card\" content=\"summary_large_image\" \/>\n<meta name=\"twitter:label1\" content=\"Est. reading time\" \/>\n\t<meta name=\"twitter:data1\" content=\"2 minutes\" \/>\n<script type=\"application\/ld+json\" class=\"yoast-schema-graph\">{\"@context\":\"https:\/\/schema.org\",\"@graph\":[{\"@type\":\"WebPage\",\"@id\":\"https:\/\/fairway2hotel.at\/en\/golfclubs\/deutschland\/gc-schloss-klingenburg-e-v\/\",\"url\":\"https:\/\/fairway2hotel.at\/en\/golfclubs\/deutschland\/gc-schloss-klingenburg-e-v\/\",\"name\":\"GC Schloss Klingenburg e.V. - Fairway 2 Hotel\",\"isPartOf\":{\"@id\":\"https:\/\/fairway2hotel.at\/en\/#website\"},\"datePublished\":\"2024-11-05T10:09:31+00:00\",\"dateModified\":\"2025-05-05T08:37:05+00:00\",\"breadcrumb\":{\"@id\":\"https:\/\/fairway2hotel.at\/en\/golfclubs\/deutschland\/gc-schloss-klingenburg-e-v\/#breadcrumb\"},\"inLanguage\":\"en-US\",\"potentialAction\":[{\"@type\":\"ReadAction\",\"target\":[\"https:\/\/fairway2hotel.at\/en\/golfclubs\/deutschland\/gc-schloss-klingenburg-e-v\/\"]}]},{\"@type\":\"BreadcrumbList\",\"@id\":\"https:\/\/fairway2hotel.at\/en\/golfclubs\/deutschland\/gc-schloss-klingenburg-e-v\/#breadcrumb\",\"itemListElement\":[{\"@type\":\"ListItem\",\"position\":1,\"name\":\"Home\",\"item\":\"https:\/\/fairway2hotel.at\/en\/\"},{\"@type\":\"ListItem\",\"position\":2,\"name\":\"Golfclubs\",\"item\":\"https:\/\/fairway2hotel.at\/en\/golfclubs\/\"},{\"@type\":\"ListItem\",\"position\":3,\"name\":\"Golfclubs Deutschland\",\"item\":\"https:\/\/fairway2hotel.at\/en\/golfclubs\/deutschland\/\"},{\"@type\":\"ListItem\",\"position\":4,\"name\":\"GC Schloss Klingenburg e.V.\"}]},{\"@type\":\"WebSite\",\"@id\":\"https:\/\/fairway2hotel.at\/en\/#website\",\"url\":\"https:\/\/fairway2hotel.at\/en\/\",\"name\":\"Fairway 2 Hotel\",\"description\":\"Golf at half price! 2 play - 1 pays\",\"potentialAction\":[{\"@type\":\"SearchAction\",\"target\":{\"@type\":\"EntryPoint\",\"urlTemplate\":\"https:\/\/fairway2hotel.at\/en\/?s={search_term_string}\"},\"query-input\":{\"@type\":\"PropertyValueSpecification\",\"valueRequired\":true,\"valueName\":\"search_term_string\"}}],\"inLanguage\":\"en-US\"}]}<\/script>\n<!-- \/ Yoast SEO plugin. -->","yoast_head_json":{"title":"GC Schloss Klingenburg e.V. - Fairway 2 Hotel","robots":{"index":"index","follow":"follow","max-snippet":"max-snippet:-1","max-image-preview":"max-image-preview:large","max-video-preview":"max-video-preview:-1"},"canonical":"https:\/\/fairway2hotel.at\/en\/golfclubs\/deutschland\/gc-schloss-klingenburg-e-v\/","og_locale":"en_US","og_type":"article","og_title":"GC Schloss Klingenburg e.V. - Fairway 2 Hotel","og_description":"Einer der sch\u00f6nsten Golfpl\u00e4tze Deutschland erwartet Sie Der Golfplatz von Schloss Klingenburg im reizvollen Hochtal der Mindel z\u00e4hlt zu den sch\u00f6nsten Anlagen in ganz Deutschland.Der Platz wurde konzipiert von einem der weltbesten Golfplatz-Architekten: Donald Harradine. Er baute unter anderem auch die Golfpl\u00e4tze Beuerberg, St. Eurach und Gut H\u00e4usern in Bayern. Das Schmuckst\u00fcck im schw\u00e4bischen Barockwinkel [&hellip;]","og_url":"https:\/\/fairway2hotel.at\/en\/golfclubs\/deutschland\/gc-schloss-klingenburg-e-v\/","og_site_name":"Fairway 2 Hotel","article_modified_time":"2025-05-05T08:37:05+00:00","twitter_card":"summary_large_image","twitter_misc":{"Est. reading time":"2 minutes"},"schema":{"@context":"https:\/\/schema.org","@graph":[{"@type":"WebPage","@id":"https:\/\/fairway2hotel.at\/en\/golfclubs\/deutschland\/gc-schloss-klingenburg-e-v\/","url":"https:\/\/fairway2hotel.at\/en\/golfclubs\/deutschland\/gc-schloss-klingenburg-e-v\/","name":"GC Schloss Klingenburg e.V. - Fairway 2 Hotel","isPartOf":{"@id":"https:\/\/fairway2hotel.at\/en\/#website"},"datePublished":"2024-11-05T10:09:31+00:00","dateModified":"2025-05-05T08:37:05+00:00","breadcrumb":{"@id":"https:\/\/fairway2hotel.at\/en\/golfclubs\/deutschland\/gc-schloss-klingenburg-e-v\/#breadcrumb"},"inLanguage":"en-US","potentialAction":[{"@type":"ReadAction","target":["https:\/\/fairway2hotel.at\/en\/golfclubs\/deutschland\/gc-schloss-klingenburg-e-v\/"]}]},{"@type":"BreadcrumbList","@id":"https:\/\/fairway2hotel.at\/en\/golfclubs\/deutschland\/gc-schloss-klingenburg-e-v\/#breadcrumb","itemListElement":[{"@type":"ListItem","position":1,"name":"Home","item":"https:\/\/fairway2hotel.at\/en\/"},{"@type":"ListItem","position":2,"name":"Golfclubs","item":"https:\/\/fairway2hotel.at\/en\/golfclubs\/"},{"@type":"ListItem","position":3,"name":"Golfclubs Deutschland","item":"https:\/\/fairway2hotel.at\/en\/golfclubs\/deutschland\/"},{"@type":"ListItem","position":4,"name":"GC Schloss Klingenburg e.V."}]},{"@type":"WebSite","@id":"https:\/\/fairway2hotel.at\/en\/#website","url":"https:\/\/fairway2hotel.at\/en\/","name":"Fairway 2 Hotel","description":"Golf at half price! 2 play - 1 pays","potentialAction":[{"@type":"SearchAction","target":{"@type":"EntryPoint","urlTemplate":"https:\/\/fairway2hotel.at\/en\/?s={search_term_string}"},"query-input":{"@type":"PropertyValueSpecification","valueRequired":true,"valueName":"search_term_string"}}],"inLanguage":"en-US"}]}},"_links":{"self":[{"href":"https:\/\/fairway2hotel.at\/en\/wp-json\/wp\/v2\/pages\/43222","targetHints":{"allow":["GET"]}}],"collection":[{"href":"https:\/\/fairway2hotel.at\/en\/wp-json\/wp\/v2\/pages"}],"about":[{"href":"https:\/\/fairway2hotel.at\/en\/wp-json\/wp\/v2\/types\/page"}],"author":[{"embeddable":true,"href":"https:\/\/fairway2hotel.at\/en\/wp-json\/wp\/v2\/users\/24"}],"replies":[{"embeddable":true,"href":"https:\/\/fairway2hotel.at\/en\/wp-json\/wp\/v2\/comments?post=43222"}],"version-history":[{"count":7,"href":"https:\/\/fairway2hotel.at\/en\/wp-json\/wp\/v2\/pages\/43222\/revisions"}],"predecessor-version":[{"id":48306,"href":"https:\/\/fairway2hotel.at\/en\/wp-json\/wp\/v2\/pages\/43222\/revisions\/48306"}],"up":[{"embeddable":true,"href":"https:\/\/fairway2hotel.at\/en\/wp-json\/wp\/v2\/pages\/1607"}],"acf:attachment":[{"embeddable":true,"href":"https:\/\/fairway2hotel.at\/en\/wp-json\/wp\/v2\/media\/43240"},{"embeddable":true,"href":"https:\/\/fairway2hotel.at\/en\/wp-json\/wp\/v2\/media\/43238"},{"embeddable":true,"href":"https:\/\/fairway2hotel.at\/en\/wp-json\/wp\/v2\/media\/43236"},{"embeddable":true,"href":"https:\/\/fairway2hotel.at\/en\/wp-json\/wp\/v2\/media\/43234"},{"embeddable":true,"href":"https:\/\/fairway2hotel.at\/en\/wp-json\/wp\/v2\/media\/43232"},{"embeddable":true,"href":"https:\/\/fairway2hotel.at\/en\/wp-json\/wp\/v2\/media\/43230"},{"embeddable":true,"href":"https:\/\/fairway2hotel.at\/en\/wp-json\/wp\/v2\/media\/43228"},{"embeddable":true,"href":"https:\/\/fairway2hotel.at\/en\/wp-json\/wp\/v2\/media\/47995"},{"embeddable":true,"href":"https:\/\/fairway2hotel.at\/en\/wp-json\/wp\/v2\/media\/43226"}],"wp:attachment":[{"href":"https:\/\/fairway2hotel.at\/en\/wp-json\/wp\/v2\/media?parent=43222"}],"curies":[{"name":"wp","href":"https:\/\/api.w.org\/{rel}","templated":true}]}}