{"id":43270,"date":"2024-11-05T12:34:52","date_gmt":"2024-11-05T11:34:52","guid":{"rendered":"https:\/\/fairway2hotel.at\/golfclubs\/italien\/golfclub-valtellina-copy\/"},"modified":"2024-11-09T18:02:17","modified_gmt":"2024-11-09T17:02:17","slug":"gc-colombaro-golf","status":"publish","type":"page","link":"https:\/\/fairway2hotel.at\/en\/golfclubs\/italien\/gc-colombaro-golf\/","title":{"rendered":"GC Colombaro Golf"},"content":{"rendered":"<h2>Golf am Gardasee<\/h2>\n<p>Nur 5 Minuten vom Zentrum von Sal\u00f2 am Gardasee finden Sie den GC Colombaro Golf. Er bietet einen 9-Loch-Golfplatz (Par 29) und eine Driving Range mit Toptracer Range und 10 \u00fcberdachten Abschlagpl\u00e4tzen.<\/p>\n<p>Der Golfplatz mit 9 L\u00f6chern, 1.403 m lang, eignet sich sowohl f\u00fcr Anf\u00e4nger als auch f\u00fcr Fortgeschrittene. Es ist ein kurzer und flacher Platz mit kleinen und anspruchsvollen Greens. Das Spielen von 9 L\u00f6chern dauert etwa eineinhalb Stunden. Die Anlage umfasst auch eine Driving Range mit 10 Toptracer Range-Pl\u00e4tzen, ein Putting Green, ein Pitching Green und einen \u00dcbungsbunker.<\/p>\n<p>Genie\u00dfe die hervorragende K\u00fcche in unserem Restaurant oder \u00fcbernachte in einem unserer 22 Apartments, die direkt am Golfplatz liegen.<\/p>\n<h2>Golf at the Gardasee<\/h2>\n<p>Just 5 minutes from the center of Sal\u00f2, on Lake Garda, you can find Colombaro Golf. It offers a 9-hole (par 29) golf course and driving range with Toptracer Range and 10 covered bays.<\/p>\n<p>The golf course with 9 holes, 1.403m, is suitable for both beginners and experts. It&#8217;s a short and flat course, with small and challenging greens. Playing 9 holes takes approximately one hour and half. The venue also includes a driving range with 10 Toptracer Range bays, a putting green, a pitching green and a practice bunker.<\/p>\n<p>You can savor outstanding cuisine at our Restaurant or stay in one of our 22 apartments, which are directly on the golf course.<\/p>\n","protected":false},"excerpt":{"rendered":"<p>Golf am Gardasee Nur 5 Minuten vom Zentrum von Sal\u00f2 am Gardasee finden Sie den GC Colombaro Golf. Er bietet einen 9-Loch-Golfplatz (Par 29) und eine Driving Range mit Toptracer Range und 10 \u00fcberdachten Abschlagpl\u00e4tzen. Der Golfplatz mit 9 L\u00f6chern, 1.403 m lang, eignet sich sowohl f\u00fcr Anf\u00e4nger als auch f\u00fcr Fortgeschrittene. Es ist ein [&hellip;]<\/p>\n","protected":false},"author":24,"featured_media":0,"parent":1657,"menu_order":0,"comment_status":"closed","ping_status":"closed","template":"page-partner.php","meta":{"_acf_changed":false,"footnotes":""},"class_list":["post-43270","page","type-page","status-publish","hentry"],"acf":{"partner_infobox":"<strong>Adresse:\u00a0<\/strong>Via Valerina 29, I - 23010 Caiolo\r\n\r\n<strong>Tel:\u00a0<\/strong>+39 0342 354009\r\n\r\n<strong>Web: <\/strong><a href=\"https:\/\/www.valtellinagolf.com\" target=\"_blank\" rel=\"nofollow noopener noreferrer\">www.valtellinagolf.com<\/a>\r\n\r\n<strong>E-Mail:<\/strong> <a href=\"mailto:info@valtellinagolf.com\">info@valtellinagolf.com<\/a>","partner_logo":43272,"partner_gallery":[43326,43274,43286,43276,43278,43280,43282,43284],"partner_lat":45.587331136518,"partner_long":10.524641326001563,"partner_type":"golfclub","partner_openings":["1","2","3","4","5","6","7"],"montag_von_bis":"00:00 - 24:00","dienstag_von_bis":"00:00 - 24:00","mittwoch_von_bis":"00:00 - 24:00","donnerstag_von_bis":"00:00 - 24:00","freitag_von_bis":"00:00 - 24:00","samstag_von_bis":"00:00 - 24:00","sonntag_von_bis":"00:00 - 24:00","partner_adresse":"Via Colombaro 1, 25087 Salo","partner_land_bundesland":"Italien","partner_tel_1":"+39 0365 55 31","partner_tel_2":"","partner_web":"https:\/\/www.colombarogolf.com\/de","partner_mail":"golf@ilcolombaro.com","partner_spielbahnen_par":"9\/29","partner_laenge":"","partner_bedingungen":"","partner_anfahrt":"","partner_misc":null,"additional_css_classes":""},"yoast_head":"<!-- This site is optimized with the Yoast SEO plugin v26.8 - https:\/\/yoast.com\/product\/yoast-seo-wordpress\/ -->\n<title>GC Colombaro Golf - Fairway 2 Hotel<\/title>\n<meta name=\"robots\" content=\"index, follow, max-snippet:-1, max-image-preview:large, max-video-preview:-1\" \/>\n<link rel=\"canonical\" href=\"https:\/\/fairway2hotel.at\/en\/golfclubs\/italien\/gc-colombaro-golf\/\" \/>\n<meta property=\"og:locale\" content=\"en_US\" \/>\n<meta property=\"og:type\" content=\"article\" \/>\n<meta property=\"og:title\" content=\"GC Colombaro Golf - Fairway 2 Hotel\" \/>\n<meta property=\"og:description\" content=\"Golf am Gardasee Nur 5 Minuten vom Zentrum von Sal\u00f2 am Gardasee finden Sie den GC Colombaro Golf. Er bietet einen 9-Loch-Golfplatz (Par 29) und eine Driving Range mit Toptracer Range und 10 \u00fcberdachten Abschlagpl\u00e4tzen. Der Golfplatz mit 9 L\u00f6chern, 1.403 m lang, eignet sich sowohl f\u00fcr Anf\u00e4nger als auch f\u00fcr Fortgeschrittene. Es ist ein [&hellip;]\" \/>\n<meta property=\"og:url\" content=\"https:\/\/fairway2hotel.at\/en\/golfclubs\/italien\/gc-colombaro-golf\/\" \/>\n<meta property=\"og:site_name\" content=\"Fairway 2 Hotel\" \/>\n<meta property=\"article:modified_time\" content=\"2024-11-09T17:02:17+00:00\" \/>\n<meta name=\"twitter:card\" content=\"summary_large_image\" \/>\n<meta name=\"twitter:label1\" content=\"Est. reading time\" \/>\n\t<meta name=\"twitter:data1\" content=\"2 minutes\" \/>\n<script type=\"application\/ld+json\" class=\"yoast-schema-graph\">{\"@context\":\"https:\/\/schema.org\",\"@graph\":[{\"@type\":\"WebPage\",\"@id\":\"https:\/\/fairway2hotel.at\/en\/golfclubs\/italien\/gc-colombaro-golf\/\",\"url\":\"https:\/\/fairway2hotel.at\/en\/golfclubs\/italien\/gc-colombaro-golf\/\",\"name\":\"GC Colombaro Golf - Fairway 2 Hotel\",\"isPartOf\":{\"@id\":\"https:\/\/fairway2hotel.at\/en\/#website\"},\"datePublished\":\"2024-11-05T11:34:52+00:00\",\"dateModified\":\"2024-11-09T17:02:17+00:00\",\"breadcrumb\":{\"@id\":\"https:\/\/fairway2hotel.at\/en\/golfclubs\/italien\/gc-colombaro-golf\/#breadcrumb\"},\"inLanguage\":\"en-US\",\"potentialAction\":[{\"@type\":\"ReadAction\",\"target\":[\"https:\/\/fairway2hotel.at\/en\/golfclubs\/italien\/gc-colombaro-golf\/\"]}]},{\"@type\":\"BreadcrumbList\",\"@id\":\"https:\/\/fairway2hotel.at\/en\/golfclubs\/italien\/gc-colombaro-golf\/#breadcrumb\",\"itemListElement\":[{\"@type\":\"ListItem\",\"position\":1,\"name\":\"Home\",\"item\":\"https:\/\/fairway2hotel.at\/en\/\"},{\"@type\":\"ListItem\",\"position\":2,\"name\":\"Golfclubs\",\"item\":\"https:\/\/fairway2hotel.at\/en\/golfclubs\/\"},{\"@type\":\"ListItem\",\"position\":3,\"name\":\"Golfclubs Italien\",\"item\":\"https:\/\/fairway2hotel.at\/en\/golfclubs\/italien\/\"},{\"@type\":\"ListItem\",\"position\":4,\"name\":\"GC Colombaro Golf\"}]},{\"@type\":\"WebSite\",\"@id\":\"https:\/\/fairway2hotel.at\/en\/#website\",\"url\":\"https:\/\/fairway2hotel.at\/en\/\",\"name\":\"Fairway 2 Hotel\",\"description\":\"Golf at half price! 2 play - 1 pays\",\"potentialAction\":[{\"@type\":\"SearchAction\",\"target\":{\"@type\":\"EntryPoint\",\"urlTemplate\":\"https:\/\/fairway2hotel.at\/en\/?s={search_term_string}\"},\"query-input\":{\"@type\":\"PropertyValueSpecification\",\"valueRequired\":true,\"valueName\":\"search_term_string\"}}],\"inLanguage\":\"en-US\"}]}<\/script>\n<!-- \/ Yoast SEO plugin. -->","yoast_head_json":{"title":"GC Colombaro Golf - Fairway 2 Hotel","robots":{"index":"index","follow":"follow","max-snippet":"max-snippet:-1","max-image-preview":"max-image-preview:large","max-video-preview":"max-video-preview:-1"},"canonical":"https:\/\/fairway2hotel.at\/en\/golfclubs\/italien\/gc-colombaro-golf\/","og_locale":"en_US","og_type":"article","og_title":"GC Colombaro Golf - Fairway 2 Hotel","og_description":"Golf am Gardasee Nur 5 Minuten vom Zentrum von Sal\u00f2 am Gardasee finden Sie den GC Colombaro Golf. Er bietet einen 9-Loch-Golfplatz (Par 29) und eine Driving Range mit Toptracer Range und 10 \u00fcberdachten Abschlagpl\u00e4tzen. Der Golfplatz mit 9 L\u00f6chern, 1.403 m lang, eignet sich sowohl f\u00fcr Anf\u00e4nger als auch f\u00fcr Fortgeschrittene. Es ist ein [&hellip;]","og_url":"https:\/\/fairway2hotel.at\/en\/golfclubs\/italien\/gc-colombaro-golf\/","og_site_name":"Fairway 2 Hotel","article_modified_time":"2024-11-09T17:02:17+00:00","twitter_card":"summary_large_image","twitter_misc":{"Est. reading time":"2 minutes"},"schema":{"@context":"https:\/\/schema.org","@graph":[{"@type":"WebPage","@id":"https:\/\/fairway2hotel.at\/en\/golfclubs\/italien\/gc-colombaro-golf\/","url":"https:\/\/fairway2hotel.at\/en\/golfclubs\/italien\/gc-colombaro-golf\/","name":"GC Colombaro Golf - Fairway 2 Hotel","isPartOf":{"@id":"https:\/\/fairway2hotel.at\/en\/#website"},"datePublished":"2024-11-05T11:34:52+00:00","dateModified":"2024-11-09T17:02:17+00:00","breadcrumb":{"@id":"https:\/\/fairway2hotel.at\/en\/golfclubs\/italien\/gc-colombaro-golf\/#breadcrumb"},"inLanguage":"en-US","potentialAction":[{"@type":"ReadAction","target":["https:\/\/fairway2hotel.at\/en\/golfclubs\/italien\/gc-colombaro-golf\/"]}]},{"@type":"BreadcrumbList","@id":"https:\/\/fairway2hotel.at\/en\/golfclubs\/italien\/gc-colombaro-golf\/#breadcrumb","itemListElement":[{"@type":"ListItem","position":1,"name":"Home","item":"https:\/\/fairway2hotel.at\/en\/"},{"@type":"ListItem","position":2,"name":"Golfclubs","item":"https:\/\/fairway2hotel.at\/en\/golfclubs\/"},{"@type":"ListItem","position":3,"name":"Golfclubs Italien","item":"https:\/\/fairway2hotel.at\/en\/golfclubs\/italien\/"},{"@type":"ListItem","position":4,"name":"GC Colombaro Golf"}]},{"@type":"WebSite","@id":"https:\/\/fairway2hotel.at\/en\/#website","url":"https:\/\/fairway2hotel.at\/en\/","name":"Fairway 2 Hotel","description":"Golf at half price! 2 play - 1 pays","potentialAction":[{"@type":"SearchAction","target":{"@type":"EntryPoint","urlTemplate":"https:\/\/fairway2hotel.at\/en\/?s={search_term_string}"},"query-input":{"@type":"PropertyValueSpecification","valueRequired":true,"valueName":"search_term_string"}}],"inLanguage":"en-US"}]}},"_links":{"self":[{"href":"https:\/\/fairway2hotel.at\/en\/wp-json\/wp\/v2\/pages\/43270","targetHints":{"allow":["GET"]}}],"collection":[{"href":"https:\/\/fairway2hotel.at\/en\/wp-json\/wp\/v2\/pages"}],"about":[{"href":"https:\/\/fairway2hotel.at\/en\/wp-json\/wp\/v2\/types\/page"}],"author":[{"embeddable":true,"href":"https:\/\/fairway2hotel.at\/en\/wp-json\/wp\/v2\/users\/24"}],"replies":[{"embeddable":true,"href":"https:\/\/fairway2hotel.at\/en\/wp-json\/wp\/v2\/comments?post=43270"}],"version-history":[{"count":4,"href":"https:\/\/fairway2hotel.at\/en\/wp-json\/wp\/v2\/pages\/43270\/revisions"}],"predecessor-version":[{"id":43328,"href":"https:\/\/fairway2hotel.at\/en\/wp-json\/wp\/v2\/pages\/43270\/revisions\/43328"}],"up":[{"embeddable":true,"href":"https:\/\/fairway2hotel.at\/en\/wp-json\/wp\/v2\/pages\/1657"}],"acf:attachment":[{"embeddable":true,"href":"https:\/\/fairway2hotel.at\/en\/wp-json\/wp\/v2\/media\/43284"},{"embeddable":true,"href":"https:\/\/fairway2hotel.at\/en\/wp-json\/wp\/v2\/media\/43282"},{"embeddable":true,"href":"https:\/\/fairway2hotel.at\/en\/wp-json\/wp\/v2\/media\/43280"},{"embeddable":true,"href":"https:\/\/fairway2hotel.at\/en\/wp-json\/wp\/v2\/media\/43278"},{"embeddable":true,"href":"https:\/\/fairway2hotel.at\/en\/wp-json\/wp\/v2\/media\/43276"},{"embeddable":true,"href":"https:\/\/fairway2hotel.at\/en\/wp-json\/wp\/v2\/media\/43286"},{"embeddable":true,"href":"https:\/\/fairway2hotel.at\/en\/wp-json\/wp\/v2\/media\/43274"},{"embeddable":true,"href":"https:\/\/fairway2hotel.at\/en\/wp-json\/wp\/v2\/media\/43326"}],"wp:attachment":[{"href":"https:\/\/fairway2hotel.at\/en\/wp-json\/wp\/v2\/media?parent=43270"}],"curies":[{"name":"wp","href":"https:\/\/api.w.org\/{rel}","templated":true}]}}