{"id":43290,"date":"2024-11-05T12:55:13","date_gmt":"2024-11-05T11:55:13","guid":{"rendered":"https:\/\/fairway2hotel.at\/golfclubs\/italien\/golfclub-valtellina-copy\/"},"modified":"2025-03-11T12:09:40","modified_gmt":"2025-03-11T11:09:40","slug":"gc-villa-giusti","status":"publish","type":"page","link":"https:\/\/fairway2hotel.at\/en\/golfclubs\/italien\/gc-villa-giusti\/","title":{"rendered":"GC Villa Giusti"},"content":{"rendered":"<h2>Der GC Villa Giusti erwartet Sie<\/h2>\n<p>&nbsp;<\/p>\n<p>Die Villa Giusti in Sona aus dem 16. Jahrhundert, auch bekannt als &#8220;la Guastalla Nuova&#8221;, ist der Ausdruck des gro\u00dfen Ph\u00e4nomens, nicht nur architektonisch, sondern auch wirtschaftlich, sozial und k\u00fcnstlerisch, das sich w\u00e4hrend der Neuzeit im venezianischen Land ausbreitete und das wir alle als &#8220;Zivilisation der venezianischen Villen&#8221; kennen. 2006 beschloss Silvano Dal Santo (der derzeitige Pr\u00e4sident des Clubs), die Villa mit einem Golfplatz auszustatten. Es entsteht der &#8220;Golf Club Villa Giusti&#8221;; ein Platz mit mittlerweile 18 L\u00f6chern. Die Harmonie, die man im Golfclub Villa Giusti erlebt, charakterisiert seit immer den Club, und die Gastfreundschaft bleibt immer ein Aush\u00e4ngeschild.<\/p>\n<p>Eine St\u00e4rkung nach 9\/18 L\u00f6chern oder der \u00dcbung auf dem \u00dcbungsplatz ist unerl\u00e4sslich. Daher darf dieser Service nicht fehlen: unsere familienbetriebene K\u00fcche bietet Ihnen typisch venezianische Spezialit\u00e4ten zu wirklich g\u00fcnstigen Preisen an.<\/p>\n<p>Die ersten neun L\u00f6cher: ruhig, aber t\u00fcckisch. Die zweiten neun L\u00f6cher: anspruchsvoll und strategisch. Ein Besuch lohnt sich jedenfalls<\/p>\n<h2>GC Villa Giusti awaits for you<\/h2>\n<p>The 16th century Villa Giusti in Sona, also known as &#8220;la Guastalla Nuova&#8221;, is the expression of the great phenomenon, not only architectural, but also economic, social and artistic, that spread in the Venetian countryside during modern times and that we all know as the \u201cCivilization of Venetian Villas\u201d. In 2006, Silvano Dal Santo (the current president of the club) decided to equip the villa with a golf course. The \u201cGolf Club Villa Giusti\u201d is created; a course with now 18 holes. The harmony experienced at Villa Giusti Golf Club has always characterized the club, and hospitality always remains a hallmark.<\/p>\n<p>Strengthening after 9\/18 holes or practice on the practice field is essential. Therefore, this service should not be missed: our family-run kitchen offers you typical Venetian specialties at really reasonable prices.<\/p>\n<p>The first nine holes: quiet but treacherous. The second nine holes: demanding and strategic. It&#8217;s definitely worth a visit<\/p>\n","protected":false},"excerpt":{"rendered":"<p>Der GC Villa Giusti erwartet Sie &nbsp; Die Villa Giusti in Sona aus dem 16. Jahrhundert, auch bekannt als &#8220;la Guastalla Nuova&#8221;, ist der Ausdruck des gro\u00dfen Ph\u00e4nomens, nicht nur architektonisch, sondern auch wirtschaftlich, sozial und k\u00fcnstlerisch, das sich w\u00e4hrend der Neuzeit im venezianischen Land ausbreitete und das wir alle als &#8220;Zivilisation der venezianischen Villen&#8221; [&hellip;]<\/p>\n","protected":false},"author":24,"featured_media":0,"parent":1657,"menu_order":0,"comment_status":"closed","ping_status":"closed","template":"page-partner.php","meta":{"_acf_changed":false,"footnotes":""},"class_list":["post-43290","page","type-page","status-publish","hentry"],"acf":{"partner_infobox":"<strong>Adresse:\u00a0<\/strong>Via Valerina 29, I - 23010 Caiolo\r\n\r\n<strong>Tel:\u00a0<\/strong>+39 0342 354009\r\n\r\n<strong>Web: <\/strong><a href=\"https:\/\/www.valtellinagolf.com\" target=\"_blank\" rel=\"nofollow noopener noreferrer\">www.valtellinagolf.com<\/a>\r\n\r\n<strong>E-Mail:<\/strong> <a href=\"mailto:info@valtellinagolf.com\">info@valtellinagolf.com<\/a>","partner_logo":43292,"partner_gallery":[43294,43296],"partner_lat":45.40484392203931,"partner_long":10.792593385323848,"partner_type":"golfclub","partner_openings":["1","2","3","4","5","6","7"],"montag_von_bis":"00:00 - 24:00","dienstag_von_bis":"00:00 - 24:00","mittwoch_von_bis":"00:00 - 24:00","donnerstag_von_bis":"00:00 - 24:00","freitag_von_bis":"00:00 - 24:00","samstag_von_bis":"00:00 - 24:00","sonntag_von_bis":"00:00 - 24:00","partner_adresse":"Via Guastalla Nuova 10, 37060 Sona ","partner_land_bundesland":"Italien","partner_tel_1":"","partner_tel_2":"","partner_web":"http:\/\/www.golfvillagiusti.it\/de","partner_mail":"info@golfvillagiusti.it","partner_spielbahnen_par":"18\/65","partner_laenge":"","partner_bedingungen":"","partner_anfahrt":"","partner_misc":null,"additional_css_classes":""},"yoast_head":"<!-- This site is optimized with the Yoast SEO plugin v26.8 - https:\/\/yoast.com\/product\/yoast-seo-wordpress\/ -->\n<title>GC Villa Giusti - Fairway 2 Hotel<\/title>\n<meta name=\"robots\" content=\"index, follow, max-snippet:-1, max-image-preview:large, max-video-preview:-1\" \/>\n<link rel=\"canonical\" href=\"https:\/\/fairway2hotel.at\/en\/golfclubs\/italien\/gc-villa-giusti\/\" \/>\n<meta property=\"og:locale\" content=\"en_US\" \/>\n<meta property=\"og:type\" content=\"article\" \/>\n<meta property=\"og:title\" content=\"GC Villa Giusti - Fairway 2 Hotel\" \/>\n<meta property=\"og:description\" content=\"Der GC Villa Giusti erwartet Sie &nbsp; Die Villa Giusti in Sona aus dem 16. Jahrhundert, auch bekannt als &#8220;la Guastalla Nuova&#8221;, ist der Ausdruck des gro\u00dfen Ph\u00e4nomens, nicht nur architektonisch, sondern auch wirtschaftlich, sozial und k\u00fcnstlerisch, das sich w\u00e4hrend der Neuzeit im venezianischen Land ausbreitete und das wir alle als &#8220;Zivilisation der venezianischen Villen&#8221; [&hellip;]\" \/>\n<meta property=\"og:url\" content=\"https:\/\/fairway2hotel.at\/en\/golfclubs\/italien\/gc-villa-giusti\/\" \/>\n<meta property=\"og:site_name\" content=\"Fairway 2 Hotel\" \/>\n<meta property=\"article:modified_time\" content=\"2025-03-11T11:09:40+00:00\" \/>\n<meta name=\"twitter:card\" content=\"summary_large_image\" \/>\n<meta name=\"twitter:label1\" content=\"Est. reading time\" \/>\n\t<meta name=\"twitter:data1\" content=\"2 minutes\" \/>\n<script type=\"application\/ld+json\" class=\"yoast-schema-graph\">{\"@context\":\"https:\/\/schema.org\",\"@graph\":[{\"@type\":\"WebPage\",\"@id\":\"https:\/\/fairway2hotel.at\/en\/golfclubs\/italien\/gc-villa-giusti\/\",\"url\":\"https:\/\/fairway2hotel.at\/en\/golfclubs\/italien\/gc-villa-giusti\/\",\"name\":\"GC Villa Giusti - Fairway 2 Hotel\",\"isPartOf\":{\"@id\":\"https:\/\/fairway2hotel.at\/en\/#website\"},\"datePublished\":\"2024-11-05T11:55:13+00:00\",\"dateModified\":\"2025-03-11T11:09:40+00:00\",\"breadcrumb\":{\"@id\":\"https:\/\/fairway2hotel.at\/en\/golfclubs\/italien\/gc-villa-giusti\/#breadcrumb\"},\"inLanguage\":\"en-US\",\"potentialAction\":[{\"@type\":\"ReadAction\",\"target\":[\"https:\/\/fairway2hotel.at\/en\/golfclubs\/italien\/gc-villa-giusti\/\"]}]},{\"@type\":\"BreadcrumbList\",\"@id\":\"https:\/\/fairway2hotel.at\/en\/golfclubs\/italien\/gc-villa-giusti\/#breadcrumb\",\"itemListElement\":[{\"@type\":\"ListItem\",\"position\":1,\"name\":\"Home\",\"item\":\"https:\/\/fairway2hotel.at\/en\/\"},{\"@type\":\"ListItem\",\"position\":2,\"name\":\"Golfclubs\",\"item\":\"https:\/\/fairway2hotel.at\/en\/golfclubs\/\"},{\"@type\":\"ListItem\",\"position\":3,\"name\":\"Golfclubs Italien\",\"item\":\"https:\/\/fairway2hotel.at\/en\/golfclubs\/italien\/\"},{\"@type\":\"ListItem\",\"position\":4,\"name\":\"GC Villa Giusti\"}]},{\"@type\":\"WebSite\",\"@id\":\"https:\/\/fairway2hotel.at\/en\/#website\",\"url\":\"https:\/\/fairway2hotel.at\/en\/\",\"name\":\"Fairway 2 Hotel\",\"description\":\"Golf at half price! 2 play - 1 pays\",\"potentialAction\":[{\"@type\":\"SearchAction\",\"target\":{\"@type\":\"EntryPoint\",\"urlTemplate\":\"https:\/\/fairway2hotel.at\/en\/?s={search_term_string}\"},\"query-input\":{\"@type\":\"PropertyValueSpecification\",\"valueRequired\":true,\"valueName\":\"search_term_string\"}}],\"inLanguage\":\"en-US\"}]}<\/script>\n<!-- \/ Yoast SEO plugin. -->","yoast_head_json":{"title":"GC Villa Giusti - Fairway 2 Hotel","robots":{"index":"index","follow":"follow","max-snippet":"max-snippet:-1","max-image-preview":"max-image-preview:large","max-video-preview":"max-video-preview:-1"},"canonical":"https:\/\/fairway2hotel.at\/en\/golfclubs\/italien\/gc-villa-giusti\/","og_locale":"en_US","og_type":"article","og_title":"GC Villa Giusti - Fairway 2 Hotel","og_description":"Der GC Villa Giusti erwartet Sie &nbsp; Die Villa Giusti in Sona aus dem 16. Jahrhundert, auch bekannt als &#8220;la Guastalla Nuova&#8221;, ist der Ausdruck des gro\u00dfen Ph\u00e4nomens, nicht nur architektonisch, sondern auch wirtschaftlich, sozial und k\u00fcnstlerisch, das sich w\u00e4hrend der Neuzeit im venezianischen Land ausbreitete und das wir alle als &#8220;Zivilisation der venezianischen Villen&#8221; [&hellip;]","og_url":"https:\/\/fairway2hotel.at\/en\/golfclubs\/italien\/gc-villa-giusti\/","og_site_name":"Fairway 2 Hotel","article_modified_time":"2025-03-11T11:09:40+00:00","twitter_card":"summary_large_image","twitter_misc":{"Est. reading time":"2 minutes"},"schema":{"@context":"https:\/\/schema.org","@graph":[{"@type":"WebPage","@id":"https:\/\/fairway2hotel.at\/en\/golfclubs\/italien\/gc-villa-giusti\/","url":"https:\/\/fairway2hotel.at\/en\/golfclubs\/italien\/gc-villa-giusti\/","name":"GC Villa Giusti - Fairway 2 Hotel","isPartOf":{"@id":"https:\/\/fairway2hotel.at\/en\/#website"},"datePublished":"2024-11-05T11:55:13+00:00","dateModified":"2025-03-11T11:09:40+00:00","breadcrumb":{"@id":"https:\/\/fairway2hotel.at\/en\/golfclubs\/italien\/gc-villa-giusti\/#breadcrumb"},"inLanguage":"en-US","potentialAction":[{"@type":"ReadAction","target":["https:\/\/fairway2hotel.at\/en\/golfclubs\/italien\/gc-villa-giusti\/"]}]},{"@type":"BreadcrumbList","@id":"https:\/\/fairway2hotel.at\/en\/golfclubs\/italien\/gc-villa-giusti\/#breadcrumb","itemListElement":[{"@type":"ListItem","position":1,"name":"Home","item":"https:\/\/fairway2hotel.at\/en\/"},{"@type":"ListItem","position":2,"name":"Golfclubs","item":"https:\/\/fairway2hotel.at\/en\/golfclubs\/"},{"@type":"ListItem","position":3,"name":"Golfclubs Italien","item":"https:\/\/fairway2hotel.at\/en\/golfclubs\/italien\/"},{"@type":"ListItem","position":4,"name":"GC Villa Giusti"}]},{"@type":"WebSite","@id":"https:\/\/fairway2hotel.at\/en\/#website","url":"https:\/\/fairway2hotel.at\/en\/","name":"Fairway 2 Hotel","description":"Golf at half price! 2 play - 1 pays","potentialAction":[{"@type":"SearchAction","target":{"@type":"EntryPoint","urlTemplate":"https:\/\/fairway2hotel.at\/en\/?s={search_term_string}"},"query-input":{"@type":"PropertyValueSpecification","valueRequired":true,"valueName":"search_term_string"}}],"inLanguage":"en-US"}]}},"_links":{"self":[{"href":"https:\/\/fairway2hotel.at\/en\/wp-json\/wp\/v2\/pages\/43290","targetHints":{"allow":["GET"]}}],"collection":[{"href":"https:\/\/fairway2hotel.at\/en\/wp-json\/wp\/v2\/pages"}],"about":[{"href":"https:\/\/fairway2hotel.at\/en\/wp-json\/wp\/v2\/types\/page"}],"author":[{"embeddable":true,"href":"https:\/\/fairway2hotel.at\/en\/wp-json\/wp\/v2\/users\/24"}],"replies":[{"embeddable":true,"href":"https:\/\/fairway2hotel.at\/en\/wp-json\/wp\/v2\/comments?post=43290"}],"version-history":[{"count":3,"href":"https:\/\/fairway2hotel.at\/en\/wp-json\/wp\/v2\/pages\/43290\/revisions"}],"predecessor-version":[{"id":46404,"href":"https:\/\/fairway2hotel.at\/en\/wp-json\/wp\/v2\/pages\/43290\/revisions\/46404"}],"up":[{"embeddable":true,"href":"https:\/\/fairway2hotel.at\/en\/wp-json\/wp\/v2\/pages\/1657"}],"acf:attachment":[{"embeddable":true,"href":"https:\/\/fairway2hotel.at\/en\/wp-json\/wp\/v2\/media\/43296"},{"embeddable":true,"href":"https:\/\/fairway2hotel.at\/en\/wp-json\/wp\/v2\/media\/43294"}],"wp:attachment":[{"href":"https:\/\/fairway2hotel.at\/en\/wp-json\/wp\/v2\/media?parent=43290"}],"curies":[{"name":"wp","href":"https:\/\/api.w.org\/{rel}","templated":true}]}}