{"id":43299,"date":"2024-11-05T13:18:55","date_gmt":"2024-11-05T12:18:55","guid":{"rendered":"https:\/\/fairway2hotel.at\/golfclubs\/deutschland\/golfclub-straubing-copy\/"},"modified":"2024-11-09T17:57:43","modified_gmt":"2024-11-09T16:57:43","slug":"gc-waakirchen-tegernsee","status":"publish","type":"page","link":"https:\/\/fairway2hotel.at\/en\/golfclubs\/deutschland\/gc-waakirchen-tegernsee\/","title":{"rendered":"GC Waakirchen Tegernsee"},"content":{"rendered":"<h2>Golfplatz Waakirchen Tegernsee-eine Symbiose mit der Natur<\/h2>\n<p>Bei der Planung und dem Bau des Golfplatzes Waakirchen Tegernsee wurde in besonderem Ma\u00dfe darauf geachtet, die Golfbahnen in die nat\u00fcrliche Landschaft des bayerischen Oberlandes zu integrieren. Dies garantiert den einzigartigen Charakter unseres Golfplatzes und stellt eine Verbindung mit der uns umgebenden Natur dar. Um diese Naturbelassenheit beizubehalten und ein einzigartiges Naturerlebnis auf unserer Anlage bieten zu k\u00f6nnen, arbeiten wir stets daran, die Pflegema\u00dfnahmen so anzupassen, dass minimale Eingriffe in Form von Pestiziden oder Landschafts\u00e4nderungen h\u00f6chste Priorit\u00e4t haben.<\/p>\n<h2>Golfplatz Waakirchen Tegernsee-a symbiosis with the nature<\/h2>\n<p>When planning and building the Waakirchen Tegernsee golf course, particular attention was paid to integrating the golf courses into the natural landscape of the Bavarian Oberland. This guarantees the unique character of our golf course and represents a connection with the nature that surrounds us. In order to maintain this natural state and to be able to offer a unique natural experience on our course, we always work to adapt the maintenance measures so that minimal intervention in the form of pesticides or landscape changes have the highest priority.<\/p>\n","protected":false},"excerpt":{"rendered":"<p>Golfplatz Waakirchen Tegernsee-eine Symbiose mit der Natur Bei der Planung und dem Bau des Golfplatzes Waakirchen Tegernsee wurde in besonderem Ma\u00dfe darauf geachtet, die Golfbahnen in die nat\u00fcrliche Landschaft des bayerischen Oberlandes zu integrieren. Dies garantiert den einzigartigen Charakter unseres Golfplatzes und stellt eine Verbindung mit der uns umgebenden Natur dar. Um diese Naturbelassenheit beizubehalten [&hellip;]<\/p>\n","protected":false},"author":24,"featured_media":0,"parent":1607,"menu_order":205,"comment_status":"closed","ping_status":"closed","template":"page-partner.php","meta":{"_acf_changed":false,"footnotes":""},"class_list":["post-43299","page","type-page","status-publish","hentry"],"acf":{"partner_infobox":"<strong>Adresse:\u00a0<\/strong>Bachhof 9, D-94356 Kirchroth\r\n\r\n<strong>Tel:\u00a0<\/strong>+ 49 09428\/7169\r\n\r\n<strong>Fax:\u00a0<\/strong>+ 49 09428\/1044\r\n\r\n<strong>Web: <\/strong><a href=\"http:\/\/www.golfclub-straubing.de\" target=\"_blank\" rel=\"nofollow noopener\">www.golfclub-straubing.de<\/a>\r\n\r\n<strong>E-Mail:<\/strong> <a href=\"mailto:info@golfclub-straubing.de\">info@golfclub-straubing.de<\/a>\r\n\r\n<strong>Spielbahnen\/Par: <\/strong>18\/73\r\n\r\n<strong>La\u0308nge: <\/strong>gelb: 5.834 m \/ rot:5.148 m\r\n\r\n<strong>Bedingungen:\r\n<\/strong>HCP -54, Mitgliedsausweis ist vorzulegen.\r\n\r\n<strong>Anfahrt:\r\n<\/strong>A3 (Regensburg-Passau) Ausfahrt Straubing West\/ Kirchroth, Richtung Straubing, nach ca. 2 km ist der Golfplatz auf der linken Seite.","partner_logo":43304,"partner_gallery":[43314,43308],"partner_lat":47.80872437721597,"partner_long":11.665387585428581,"partner_type":"golfclub","partner_openings":["1","2","3","4","5","6","7"],"montag_von_bis":"00:00 - 24:00","dienstag_von_bis":"00:00 - 24:00","mittwoch_von_bis":"00:00 - 24:00","donnerstag_von_bis":"00:00 - 24:00","freitag_von_bis":"00:00 - 24:00","samstag_von_bis":"00:00 - 24:00","sonntag_von_bis":"00:00 - 24:00","partner_adresse":"Golfplatz 1, Sachsenkamer Str. 2a, 83666 Waakirchen","partner_land_bundesland":"Deutschland","partner_tel_1":"+49 8021 5520","partner_tel_2":"","partner_web":"https:\/\/www.golfplatz-waakirchen-tegernsee.de","partner_mail":"info@golfplatz-tegernsee.de","partner_spielbahnen_par":"18\/72","partner_laenge":"gelb: 5.834 m \/ rot:5.148 m","partner_bedingungen":"","partner_anfahrt":"A3 (Regensburg-Passau) Ausfahrt Straubing West\/ Kirchroth, Richtung Straubing, nach ca. 2 km ist der Golfplatz auf der linken Seite.","partner_misc":null,"additional_css_classes":""},"yoast_head":"<!-- This site is optimized with the Yoast SEO plugin v26.8 - https:\/\/yoast.com\/product\/yoast-seo-wordpress\/ -->\n<title>GC Waakirchen Tegernsee - Fairway 2 Hotel<\/title>\n<meta name=\"robots\" content=\"index, follow, max-snippet:-1, max-image-preview:large, max-video-preview:-1\" \/>\n<link rel=\"canonical\" href=\"https:\/\/fairway2hotel.at\/en\/golfclubs\/deutschland\/gc-waakirchen-tegernsee\/\" \/>\n<meta property=\"og:locale\" content=\"en_US\" \/>\n<meta property=\"og:type\" content=\"article\" \/>\n<meta property=\"og:title\" content=\"GC Waakirchen Tegernsee - Fairway 2 Hotel\" \/>\n<meta property=\"og:description\" content=\"Golfplatz Waakirchen Tegernsee-eine Symbiose mit der Natur Bei der Planung und dem Bau des Golfplatzes Waakirchen Tegernsee wurde in besonderem Ma\u00dfe darauf geachtet, die Golfbahnen in die nat\u00fcrliche Landschaft des bayerischen Oberlandes zu integrieren. Dies garantiert den einzigartigen Charakter unseres Golfplatzes und stellt eine Verbindung mit der uns umgebenden Natur dar. Um diese Naturbelassenheit beizubehalten [&hellip;]\" \/>\n<meta property=\"og:url\" content=\"https:\/\/fairway2hotel.at\/en\/golfclubs\/deutschland\/gc-waakirchen-tegernsee\/\" \/>\n<meta property=\"og:site_name\" content=\"Fairway 2 Hotel\" \/>\n<meta property=\"article:modified_time\" content=\"2024-11-09T16:57:43+00:00\" \/>\n<meta name=\"twitter:card\" content=\"summary_large_image\" \/>\n<meta name=\"twitter:label1\" content=\"Est. reading time\" \/>\n\t<meta name=\"twitter:data1\" content=\"2 minutes\" \/>\n<script type=\"application\/ld+json\" class=\"yoast-schema-graph\">{\"@context\":\"https:\/\/schema.org\",\"@graph\":[{\"@type\":\"WebPage\",\"@id\":\"https:\/\/fairway2hotel.at\/en\/golfclubs\/deutschland\/gc-waakirchen-tegernsee\/\",\"url\":\"https:\/\/fairway2hotel.at\/en\/golfclubs\/deutschland\/gc-waakirchen-tegernsee\/\",\"name\":\"GC Waakirchen Tegernsee - Fairway 2 Hotel\",\"isPartOf\":{\"@id\":\"https:\/\/fairway2hotel.at\/en\/#website\"},\"datePublished\":\"2024-11-05T12:18:55+00:00\",\"dateModified\":\"2024-11-09T16:57:43+00:00\",\"breadcrumb\":{\"@id\":\"https:\/\/fairway2hotel.at\/en\/golfclubs\/deutschland\/gc-waakirchen-tegernsee\/#breadcrumb\"},\"inLanguage\":\"en-US\",\"potentialAction\":[{\"@type\":\"ReadAction\",\"target\":[\"https:\/\/fairway2hotel.at\/en\/golfclubs\/deutschland\/gc-waakirchen-tegernsee\/\"]}]},{\"@type\":\"BreadcrumbList\",\"@id\":\"https:\/\/fairway2hotel.at\/en\/golfclubs\/deutschland\/gc-waakirchen-tegernsee\/#breadcrumb\",\"itemListElement\":[{\"@type\":\"ListItem\",\"position\":1,\"name\":\"Home\",\"item\":\"https:\/\/fairway2hotel.at\/en\/\"},{\"@type\":\"ListItem\",\"position\":2,\"name\":\"Golfclubs\",\"item\":\"https:\/\/fairway2hotel.at\/en\/golfclubs\/\"},{\"@type\":\"ListItem\",\"position\":3,\"name\":\"Golfclubs Deutschland\",\"item\":\"https:\/\/fairway2hotel.at\/en\/golfclubs\/deutschland\/\"},{\"@type\":\"ListItem\",\"position\":4,\"name\":\"GC Waakirchen Tegernsee\"}]},{\"@type\":\"WebSite\",\"@id\":\"https:\/\/fairway2hotel.at\/en\/#website\",\"url\":\"https:\/\/fairway2hotel.at\/en\/\",\"name\":\"Fairway 2 Hotel\",\"description\":\"Golf at half price! 2 play - 1 pays\",\"potentialAction\":[{\"@type\":\"SearchAction\",\"target\":{\"@type\":\"EntryPoint\",\"urlTemplate\":\"https:\/\/fairway2hotel.at\/en\/?s={search_term_string}\"},\"query-input\":{\"@type\":\"PropertyValueSpecification\",\"valueRequired\":true,\"valueName\":\"search_term_string\"}}],\"inLanguage\":\"en-US\"}]}<\/script>\n<!-- \/ Yoast SEO plugin. -->","yoast_head_json":{"title":"GC Waakirchen Tegernsee - Fairway 2 Hotel","robots":{"index":"index","follow":"follow","max-snippet":"max-snippet:-1","max-image-preview":"max-image-preview:large","max-video-preview":"max-video-preview:-1"},"canonical":"https:\/\/fairway2hotel.at\/en\/golfclubs\/deutschland\/gc-waakirchen-tegernsee\/","og_locale":"en_US","og_type":"article","og_title":"GC Waakirchen Tegernsee - Fairway 2 Hotel","og_description":"Golfplatz Waakirchen Tegernsee-eine Symbiose mit der Natur Bei der Planung und dem Bau des Golfplatzes Waakirchen Tegernsee wurde in besonderem Ma\u00dfe darauf geachtet, die Golfbahnen in die nat\u00fcrliche Landschaft des bayerischen Oberlandes zu integrieren. Dies garantiert den einzigartigen Charakter unseres Golfplatzes und stellt eine Verbindung mit der uns umgebenden Natur dar. Um diese Naturbelassenheit beizubehalten [&hellip;]","og_url":"https:\/\/fairway2hotel.at\/en\/golfclubs\/deutschland\/gc-waakirchen-tegernsee\/","og_site_name":"Fairway 2 Hotel","article_modified_time":"2024-11-09T16:57:43+00:00","twitter_card":"summary_large_image","twitter_misc":{"Est. reading time":"2 minutes"},"schema":{"@context":"https:\/\/schema.org","@graph":[{"@type":"WebPage","@id":"https:\/\/fairway2hotel.at\/en\/golfclubs\/deutschland\/gc-waakirchen-tegernsee\/","url":"https:\/\/fairway2hotel.at\/en\/golfclubs\/deutschland\/gc-waakirchen-tegernsee\/","name":"GC Waakirchen Tegernsee - Fairway 2 Hotel","isPartOf":{"@id":"https:\/\/fairway2hotel.at\/en\/#website"},"datePublished":"2024-11-05T12:18:55+00:00","dateModified":"2024-11-09T16:57:43+00:00","breadcrumb":{"@id":"https:\/\/fairway2hotel.at\/en\/golfclubs\/deutschland\/gc-waakirchen-tegernsee\/#breadcrumb"},"inLanguage":"en-US","potentialAction":[{"@type":"ReadAction","target":["https:\/\/fairway2hotel.at\/en\/golfclubs\/deutschland\/gc-waakirchen-tegernsee\/"]}]},{"@type":"BreadcrumbList","@id":"https:\/\/fairway2hotel.at\/en\/golfclubs\/deutschland\/gc-waakirchen-tegernsee\/#breadcrumb","itemListElement":[{"@type":"ListItem","position":1,"name":"Home","item":"https:\/\/fairway2hotel.at\/en\/"},{"@type":"ListItem","position":2,"name":"Golfclubs","item":"https:\/\/fairway2hotel.at\/en\/golfclubs\/"},{"@type":"ListItem","position":3,"name":"Golfclubs Deutschland","item":"https:\/\/fairway2hotel.at\/en\/golfclubs\/deutschland\/"},{"@type":"ListItem","position":4,"name":"GC Waakirchen Tegernsee"}]},{"@type":"WebSite","@id":"https:\/\/fairway2hotel.at\/en\/#website","url":"https:\/\/fairway2hotel.at\/en\/","name":"Fairway 2 Hotel","description":"Golf at half price! 2 play - 1 pays","potentialAction":[{"@type":"SearchAction","target":{"@type":"EntryPoint","urlTemplate":"https:\/\/fairway2hotel.at\/en\/?s={search_term_string}"},"query-input":{"@type":"PropertyValueSpecification","valueRequired":true,"valueName":"search_term_string"}}],"inLanguage":"en-US"}]}},"_links":{"self":[{"href":"https:\/\/fairway2hotel.at\/en\/wp-json\/wp\/v2\/pages\/43299","targetHints":{"allow":["GET"]}}],"collection":[{"href":"https:\/\/fairway2hotel.at\/en\/wp-json\/wp\/v2\/pages"}],"about":[{"href":"https:\/\/fairway2hotel.at\/en\/wp-json\/wp\/v2\/types\/page"}],"author":[{"embeddable":true,"href":"https:\/\/fairway2hotel.at\/en\/wp-json\/wp\/v2\/users\/24"}],"replies":[{"embeddable":true,"href":"https:\/\/fairway2hotel.at\/en\/wp-json\/wp\/v2\/comments?post=43299"}],"version-history":[{"count":3,"href":"https:\/\/fairway2hotel.at\/en\/wp-json\/wp\/v2\/pages\/43299\/revisions"}],"predecessor-version":[{"id":43317,"href":"https:\/\/fairway2hotel.at\/en\/wp-json\/wp\/v2\/pages\/43299\/revisions\/43317"}],"up":[{"embeddable":true,"href":"https:\/\/fairway2hotel.at\/en\/wp-json\/wp\/v2\/pages\/1607"}],"acf:attachment":[{"embeddable":true,"href":"https:\/\/fairway2hotel.at\/en\/wp-json\/wp\/v2\/media\/43308"},{"embeddable":true,"href":"https:\/\/fairway2hotel.at\/en\/wp-json\/wp\/v2\/media\/43314"}],"wp:attachment":[{"href":"https:\/\/fairway2hotel.at\/en\/wp-json\/wp\/v2\/media?parent=43299"}],"curies":[{"name":"wp","href":"https:\/\/api.w.org\/{rel}","templated":true}]}}