{"id":43584,"date":"2024-11-11T09:51:52","date_gmt":"2024-11-11T08:51:52","guid":{"rendered":"https:\/\/fairway2hotel.at\/golfclubs\/tschechien\/golf-club-certovo-bremeno-copy\/"},"modified":"2025-11-01T10:42:54","modified_gmt":"2025-11-01T09:42:54","slug":"gc-royal-golf-club-marianske-lazne","status":"publish","type":"page","link":"https:\/\/fairway2hotel.at\/en\/golfclubs\/tschechien\/gc-royal-golf-club-marianske-lazne\/","title":{"rendered":"Royal Golf Club Mari\u00e1nsk\u00e9 L\u00e1zn\u011b"},"content":{"rendered":"<h2>True Golf Heritage<\/h2>\n<p>Dieser Golfplatz ist einer der \u00c4ltesten in Europa. 1905 wurde er vom englischen K\u00f6nig Edward VII. er\u00f6ffnet und bekam 2003 von K\u00f6nigin Elizabeth II. den Titel Royal Golf Club Mari\u00e1nsk\u00e9 L\u00e1zn\u011b verliehen. Der Meistergolfplatz ist in ein leicht h\u00fcgeliges Gel\u00e4nde eingebettet und wird von urw\u00fcchsigen, gro\u00dfen B\u00e4umen dominiert. Die gepflegten Fairways sind leicht wellig und versprechen Golfspa\u00df der Extraklasse. Vor allen L\u00f6chern greifen Fairway und Vorgr\u00fcn ineinander. Zur Erfrischung stehen an Loch 2 und 12 sowie bei Loch 5 au\u00dferdem zwei wundersch\u00f6ne Halfway-Houses bereit.<\/p>\n<h2>True Golf Heritage<\/h2>\n<p>This golf course is one of the oldest in Europe. It was opened in 1905 by King Edward VII of England and was given the title of Royal Golf Club Mari\u00e1nsk\u00e9 L\u00e1zn\u011b by Queen Elizabeth II in 2003. The master golf course is embedded in slightly hilly terrain and is dominated by large, native trees. The well-maintained fairways are slightly undulating and promise top-class golfing fun. The fairway and foregreen intertwine in front of all holes. There are also two beautiful halfway houses available for refreshment at holes 2 and 12 as well as hole 5.<\/p>\n","protected":false},"excerpt":{"rendered":"<p>True Golf Heritage Dieser Golfplatz ist einer der \u00c4ltesten in Europa. 1905 wurde er vom englischen K\u00f6nig Edward VII. er\u00f6ffnet und bekam 2003 von K\u00f6nigin Elizabeth II. den Titel Royal Golf Club Mari\u00e1nsk\u00e9 L\u00e1zn\u011b verliehen. Der Meistergolfplatz ist in ein leicht h\u00fcgeliges Gel\u00e4nde eingebettet und wird von urw\u00fcchsigen, gro\u00dfen B\u00e4umen dominiert. Die gepflegten Fairways sind [&hellip;]<\/p>\n","protected":false},"author":24,"featured_media":0,"parent":1707,"menu_order":5,"comment_status":"closed","ping_status":"closed","template":"page-partner.php","meta":{"_acf_changed":false,"footnotes":""},"class_list":["post-43584","page","type-page","status-publish","hentry"],"acf":{"partner_infobox":"<strong>Adresse:\u00a0<\/strong>Alenina Lhota 7, 391 33 Jistebnice\r\n\r\n<strong>Tel:\r\n<\/strong>420\u00a0775 913\u00a0338\r\n\r\n<strong>Web: <\/strong><a href=\"http:\/\/www.cebr.cz\" target=\"_blank\" rel=\"nofollow noopener noreferrer\">www.cebr.cz<\/a>\r\n\r\n<strong>E-Mail:<\/strong> <a href=\"mailto:cebr@cebr.cz\">info@cebr.cz<\/a>\r\n\r\n<strong>Spielbahnen\/Par: <\/strong>18\/70\r\n\r\n<strong>La\u0308nge: <\/strong>wei\u00df: 5.304 m \/gelb: 5.001 m \/rot: 4.702 m\r\n\r\n<em><strong>Bedingungen:\r\n<\/strong>Gutscheine von MO-DO, ausgenommen Feiertage, einl\u00f6sbar.<\/em>\r\n\r\n<strong>Anfahrt:\r\n<\/strong>80 km s\u00fcdlich von Prag, 70 km n\u00f6rdlich von \u010cesk\u00e9 Bud\u011bjovice","partner_logo":43586,"partner_gallery":[43598,43588,43590,43592,43594,43596],"partner_lat":49.97933915496829,"partner_long":12.73629233766447,"partner_type":"golfclub","partner_openings":"","montag_von_bis":"00:00 - 24:00","dienstag_von_bis":"00:00 - 24:00","mittwoch_von_bis":"00:00 - 24:00","donnerstag_von_bis":"00:00 - 24:00","freitag_von_bis":"00:00 - 24:00","samstag_von_bis":"00:00 - 24:00","sonntag_von_bis":"00:00 - 24:00","partner_adresse":"Mari\u00e1nsk\u00e9 L\u00e1zn\u011b \u010d.p.582, Mari\u00e1nsk\u00e9 L\u00e1zn\u011b ","partner_land_bundesland":"Tschechische Republik","partner_tel_1":"+420 354 624 300","partner_tel_2":"","partner_web":"https:\/\/www.golfml.cz","partner_mail":"recepce@golfml.cz","partner_spielbahnen_par":"18\/72","partner_laenge":"wei\u00df: 5.304 m \/gelb: 5.001 m \/rot: 4.702 m","partner_bedingungen":"GS einl\u00f6sbar von MO-DO vom 1.5.-30.10.\r\nvoucher valid from Mon-Thu fom 1st of Mai-30th Oct","partner_anfahrt":"80 km s\u00fcdlich von Prag, 70 km n\u00f6rdlich von \u010cesk\u00e9 Bud\u011bjovice","partner_misc":null,"additional_css_classes":""},"yoast_head":"<!-- This site is optimized with the Yoast SEO plugin v26.8 - https:\/\/yoast.com\/product\/yoast-seo-wordpress\/ -->\n<title>Royal Golf Club Mari\u00e1nsk\u00e9 L\u00e1zn\u011b - Fairway 2 Hotel<\/title>\n<meta name=\"robots\" content=\"index, follow, max-snippet:-1, max-image-preview:large, max-video-preview:-1\" \/>\n<link rel=\"canonical\" href=\"https:\/\/fairway2hotel.at\/en\/golfclubs\/tschechien\/gc-royal-golf-club-marianske-lazne\/\" \/>\n<meta property=\"og:locale\" content=\"en_US\" \/>\n<meta property=\"og:type\" content=\"article\" \/>\n<meta property=\"og:title\" content=\"Royal Golf Club Mari\u00e1nsk\u00e9 L\u00e1zn\u011b - Fairway 2 Hotel\" \/>\n<meta property=\"og:description\" content=\"True Golf Heritage Dieser Golfplatz ist einer der \u00c4ltesten in Europa. 1905 wurde er vom englischen K\u00f6nig Edward VII. er\u00f6ffnet und bekam 2003 von K\u00f6nigin Elizabeth II. den Titel Royal Golf Club Mari\u00e1nsk\u00e9 L\u00e1zn\u011b verliehen. Der Meistergolfplatz ist in ein leicht h\u00fcgeliges Gel\u00e4nde eingebettet und wird von urw\u00fcchsigen, gro\u00dfen B\u00e4umen dominiert. Die gepflegten Fairways sind [&hellip;]\" \/>\n<meta property=\"og:url\" content=\"https:\/\/fairway2hotel.at\/en\/golfclubs\/tschechien\/gc-royal-golf-club-marianske-lazne\/\" \/>\n<meta property=\"og:site_name\" content=\"Fairway 2 Hotel\" \/>\n<meta property=\"article:modified_time\" content=\"2025-11-01T09:42:54+00:00\" \/>\n<meta name=\"twitter:card\" content=\"summary_large_image\" \/>\n<meta name=\"twitter:label1\" content=\"Est. reading time\" \/>\n\t<meta name=\"twitter:data1\" content=\"2 minutes\" \/>\n<script type=\"application\/ld+json\" class=\"yoast-schema-graph\">{\"@context\":\"https:\/\/schema.org\",\"@graph\":[{\"@type\":\"WebPage\",\"@id\":\"https:\/\/fairway2hotel.at\/en\/golfclubs\/tschechien\/gc-royal-golf-club-marianske-lazne\/\",\"url\":\"https:\/\/fairway2hotel.at\/en\/golfclubs\/tschechien\/gc-royal-golf-club-marianske-lazne\/\",\"name\":\"Royal Golf Club Mari\u00e1nsk\u00e9 L\u00e1zn\u011b - Fairway 2 Hotel\",\"isPartOf\":{\"@id\":\"https:\/\/fairway2hotel.at\/en\/#website\"},\"datePublished\":\"2024-11-11T08:51:52+00:00\",\"dateModified\":\"2025-11-01T09:42:54+00:00\",\"breadcrumb\":{\"@id\":\"https:\/\/fairway2hotel.at\/en\/golfclubs\/tschechien\/gc-royal-golf-club-marianske-lazne\/#breadcrumb\"},\"inLanguage\":\"en-US\",\"potentialAction\":[{\"@type\":\"ReadAction\",\"target\":[\"https:\/\/fairway2hotel.at\/en\/golfclubs\/tschechien\/gc-royal-golf-club-marianske-lazne\/\"]}]},{\"@type\":\"BreadcrumbList\",\"@id\":\"https:\/\/fairway2hotel.at\/en\/golfclubs\/tschechien\/gc-royal-golf-club-marianske-lazne\/#breadcrumb\",\"itemListElement\":[{\"@type\":\"ListItem\",\"position\":1,\"name\":\"Home\",\"item\":\"https:\/\/fairway2hotel.at\/en\/\"},{\"@type\":\"ListItem\",\"position\":2,\"name\":\"Golfclubs\",\"item\":\"https:\/\/fairway2hotel.at\/en\/golfclubs\/\"},{\"@type\":\"ListItem\",\"position\":3,\"name\":\"Golfclubs Tschechien\",\"item\":\"https:\/\/fairway2hotel.at\/en\/golfclubs\/tschechien\/\"},{\"@type\":\"ListItem\",\"position\":4,\"name\":\"Royal Golf Club Mari\u00e1nsk\u00e9 L\u00e1zn\u011b\"}]},{\"@type\":\"WebSite\",\"@id\":\"https:\/\/fairway2hotel.at\/en\/#website\",\"url\":\"https:\/\/fairway2hotel.at\/en\/\",\"name\":\"Fairway 2 Hotel\",\"description\":\"Golf at half price! 2 play - 1 pays\",\"potentialAction\":[{\"@type\":\"SearchAction\",\"target\":{\"@type\":\"EntryPoint\",\"urlTemplate\":\"https:\/\/fairway2hotel.at\/en\/?s={search_term_string}\"},\"query-input\":{\"@type\":\"PropertyValueSpecification\",\"valueRequired\":true,\"valueName\":\"search_term_string\"}}],\"inLanguage\":\"en-US\"}]}<\/script>\n<!-- \/ Yoast SEO plugin. -->","yoast_head_json":{"title":"Royal Golf Club Mari\u00e1nsk\u00e9 L\u00e1zn\u011b - Fairway 2 Hotel","robots":{"index":"index","follow":"follow","max-snippet":"max-snippet:-1","max-image-preview":"max-image-preview:large","max-video-preview":"max-video-preview:-1"},"canonical":"https:\/\/fairway2hotel.at\/en\/golfclubs\/tschechien\/gc-royal-golf-club-marianske-lazne\/","og_locale":"en_US","og_type":"article","og_title":"Royal Golf Club Mari\u00e1nsk\u00e9 L\u00e1zn\u011b - Fairway 2 Hotel","og_description":"True Golf Heritage Dieser Golfplatz ist einer der \u00c4ltesten in Europa. 1905 wurde er vom englischen K\u00f6nig Edward VII. er\u00f6ffnet und bekam 2003 von K\u00f6nigin Elizabeth II. den Titel Royal Golf Club Mari\u00e1nsk\u00e9 L\u00e1zn\u011b verliehen. Der Meistergolfplatz ist in ein leicht h\u00fcgeliges Gel\u00e4nde eingebettet und wird von urw\u00fcchsigen, gro\u00dfen B\u00e4umen dominiert. Die gepflegten Fairways sind [&hellip;]","og_url":"https:\/\/fairway2hotel.at\/en\/golfclubs\/tschechien\/gc-royal-golf-club-marianske-lazne\/","og_site_name":"Fairway 2 Hotel","article_modified_time":"2025-11-01T09:42:54+00:00","twitter_card":"summary_large_image","twitter_misc":{"Est. reading time":"2 minutes"},"schema":{"@context":"https:\/\/schema.org","@graph":[{"@type":"WebPage","@id":"https:\/\/fairway2hotel.at\/en\/golfclubs\/tschechien\/gc-royal-golf-club-marianske-lazne\/","url":"https:\/\/fairway2hotel.at\/en\/golfclubs\/tschechien\/gc-royal-golf-club-marianske-lazne\/","name":"Royal Golf Club Mari\u00e1nsk\u00e9 L\u00e1zn\u011b - Fairway 2 Hotel","isPartOf":{"@id":"https:\/\/fairway2hotel.at\/en\/#website"},"datePublished":"2024-11-11T08:51:52+00:00","dateModified":"2025-11-01T09:42:54+00:00","breadcrumb":{"@id":"https:\/\/fairway2hotel.at\/en\/golfclubs\/tschechien\/gc-royal-golf-club-marianske-lazne\/#breadcrumb"},"inLanguage":"en-US","potentialAction":[{"@type":"ReadAction","target":["https:\/\/fairway2hotel.at\/en\/golfclubs\/tschechien\/gc-royal-golf-club-marianske-lazne\/"]}]},{"@type":"BreadcrumbList","@id":"https:\/\/fairway2hotel.at\/en\/golfclubs\/tschechien\/gc-royal-golf-club-marianske-lazne\/#breadcrumb","itemListElement":[{"@type":"ListItem","position":1,"name":"Home","item":"https:\/\/fairway2hotel.at\/en\/"},{"@type":"ListItem","position":2,"name":"Golfclubs","item":"https:\/\/fairway2hotel.at\/en\/golfclubs\/"},{"@type":"ListItem","position":3,"name":"Golfclubs Tschechien","item":"https:\/\/fairway2hotel.at\/en\/golfclubs\/tschechien\/"},{"@type":"ListItem","position":4,"name":"Royal Golf Club Mari\u00e1nsk\u00e9 L\u00e1zn\u011b"}]},{"@type":"WebSite","@id":"https:\/\/fairway2hotel.at\/en\/#website","url":"https:\/\/fairway2hotel.at\/en\/","name":"Fairway 2 Hotel","description":"Golf at half price! 2 play - 1 pays","potentialAction":[{"@type":"SearchAction","target":{"@type":"EntryPoint","urlTemplate":"https:\/\/fairway2hotel.at\/en\/?s={search_term_string}"},"query-input":{"@type":"PropertyValueSpecification","valueRequired":true,"valueName":"search_term_string"}}],"inLanguage":"en-US"}]}},"_links":{"self":[{"href":"https:\/\/fairway2hotel.at\/en\/wp-json\/wp\/v2\/pages\/43584","targetHints":{"allow":["GET"]}}],"collection":[{"href":"https:\/\/fairway2hotel.at\/en\/wp-json\/wp\/v2\/pages"}],"about":[{"href":"https:\/\/fairway2hotel.at\/en\/wp-json\/wp\/v2\/types\/page"}],"author":[{"embeddable":true,"href":"https:\/\/fairway2hotel.at\/en\/wp-json\/wp\/v2\/users\/24"}],"replies":[{"embeddable":true,"href":"https:\/\/fairway2hotel.at\/en\/wp-json\/wp\/v2\/comments?post=43584"}],"version-history":[{"count":9,"href":"https:\/\/fairway2hotel.at\/en\/wp-json\/wp\/v2\/pages\/43584\/revisions"}],"predecessor-version":[{"id":49556,"href":"https:\/\/fairway2hotel.at\/en\/wp-json\/wp\/v2\/pages\/43584\/revisions\/49556"}],"up":[{"embeddable":true,"href":"https:\/\/fairway2hotel.at\/en\/wp-json\/wp\/v2\/pages\/1707"}],"acf:attachment":[{"embeddable":true,"href":"https:\/\/fairway2hotel.at\/en\/wp-json\/wp\/v2\/media\/43596"},{"embeddable":true,"href":"https:\/\/fairway2hotel.at\/en\/wp-json\/wp\/v2\/media\/43594"},{"embeddable":true,"href":"https:\/\/fairway2hotel.at\/en\/wp-json\/wp\/v2\/media\/43592"},{"embeddable":true,"href":"https:\/\/fairway2hotel.at\/en\/wp-json\/wp\/v2\/media\/43590"},{"embeddable":true,"href":"https:\/\/fairway2hotel.at\/en\/wp-json\/wp\/v2\/media\/43588"},{"embeddable":true,"href":"https:\/\/fairway2hotel.at\/en\/wp-json\/wp\/v2\/media\/43598"}],"wp:attachment":[{"href":"https:\/\/fairway2hotel.at\/en\/wp-json\/wp\/v2\/media?parent=43584"}],"curies":[{"name":"wp","href":"https:\/\/api.w.org\/{rel}","templated":true}]}}