{"id":43622,"date":"2024-11-12T13:11:51","date_gmt":"2024-11-12T12:11:51","guid":{"rendered":"https:\/\/fairway2hotel.at\/golfclubs\/italien\/gc-verona-copy\/"},"modified":"2025-09-01T09:27:09","modified_gmt":"2025-09-01T07:27:09","slug":"gc-des-iles-borromees","status":"publish","type":"page","link":"https:\/\/fairway2hotel.at\/en\/golfclubs\/italien\/gc-des-iles-borromees\/","title":{"rendered":"GC Des Iles Borrom\u00e9es"},"content":{"rendered":"<h2>Der Golf Club des Iles Borrom\u00e9es erwartet Sie<\/h2>\n<p>&nbsp;<\/p>\n<p>Golf Des Iles Borrom\u00e9es ist ein Golfplatz in einer nat\u00fcrlichen und unber\u00fchrten Umgebung, 500 Meter \u00fcber dem Meeresspiegel gelegen, mit S\u00fcdausrichtung, frisch im Sommer und sonnig im Winter. Vor allem aber wird Sie die nat\u00fcrliche Flora verzaubern. Der Platz liegt in einer bezaubernden Landschaft und bietet au\u00dfergew\u00f6hnliche Ausblicke auf die Schweizer Alpen und die Tessiner Ebene. Vom 18. Abschlag aus kann man oft die Skyline von Mailand und vier Seen sehen: den Lago Maggiore, den Varese See, den Monate-See und den Comabbio See. Der Golf des Iles Borrom\u00e9es ist das ganze Jahr \u00fcber ge\u00f6ffnet, au\u00dfer im Januar. Montags haben wir geschlossen, von Mai bis einschlie\u00dflich September haben wir sieben Tage die Woche ge\u00f6ffnet<\/p>\n<h2>GC des Iles Borrom\u00e9es awaits for you<\/h2>\n<p>Golf Des Iles Borrom\u00e9es is a Course built in a natural and uncontaminated environment and situated 500 meters above sea level, with a southerly exposure, fresh in summer and sunny in winter. But above all you will be enchanted by natural flora. Situated in an enchanting landscape, the Course has some exceptional views of the Swiss Alps and of the Ticino Plain. From the 18th tee you can often see the skyline of Milan and four lakes: Lake Maggiore, Lake Varese, Lake Monate and Lake Comabbio. The Golf des Iles Borrom\u00e9es is open all year round except for January. We are closed on Mondays, from May to September included we are open seven days a week<\/p>\n","protected":false},"excerpt":{"rendered":"<p>Der Golf Club des Iles Borrom\u00e9es erwartet Sie &nbsp; Golf Des Iles Borrom\u00e9es ist ein Golfplatz in einer nat\u00fcrlichen und unber\u00fchrten Umgebung, 500 Meter \u00fcber dem Meeresspiegel gelegen, mit S\u00fcdausrichtung, frisch im Sommer und sonnig im Winter. Vor allem aber wird Sie die nat\u00fcrliche Flora verzaubern. Der Platz liegt in einer bezaubernden Landschaft und bietet [&hellip;]<\/p>\n","protected":false},"author":24,"featured_media":0,"parent":1657,"menu_order":0,"comment_status":"closed","ping_status":"closed","template":"page-partner.php","meta":{"_acf_changed":false,"footnotes":""},"class_list":["post-43622","page","type-page","status-publish","hentry"],"acf":{"partner_infobox":"<strong>Adresse:\u00a0<\/strong>Via Jelenia Gora, 6, 48015 Milano Marittima, Cervia (RA)\r\n\r\n<strong>Tel:\u00a0<\/strong>+39 0544\/992786\r\n\r\n<strong>Web: <\/strong><a href=\"http:\/\/www.golfcervia.com\/\" target=\"_blank\" rel=\"nofollow noopener noreferrer\">www.golfcervia.com<\/a>\r\n\r\n<strong>E-Mail:<\/strong> <a href=\"mailto:info@golfcervia.com\">info@golfcervia.com<\/a>\r\n\r\n<strong>Spielbahnen: <\/strong>27\r\n\r\n<strong>La\u0308nge\/Par: <\/strong>\r\nRed Course Par 36 \u2013 gelb: 3.129 m\/rot: 2.684 m\r\nBlue Course Par 36 \u2013 gelb: 2.908 m\/rot: 2.504 m\r\nYellow Course Par 35 \u2013 gelb: 2.915 m\/rot: 2.507 m\r\n<div data-canvas-width=\"71.06344694875257\"><strong>Bedingungen:<\/strong><\/div>\r\n<div data-canvas-width=\"74.93502403157918\">Gutscheine einl\u00f6sbar vom 1. 10. bis 31. 3. von\u00a0MO\u2013FR, ausgenommen Feiertage!<\/div>\r\n<strong>Anfahrt:\r\n<\/strong>20 km su\u0308dlich von Ravenna","partner_logo":43686,"partner_gallery":[43629,43631,43633,43635],"partner_lat":45.853242969958586,"partner_long":8.545477339324426,"partner_type":"golfclub","partner_openings":["1","2","3","4","5"],"montag_von_bis":"00:00 - 24:00","dienstag_von_bis":"00:00 - 24:00","mittwoch_von_bis":"00:00 - 24:00","donnerstag_von_bis":"00:00 - 24:00","freitag_von_bis":"00:00 - 24:00","samstag_von_bis":"00:00 - 24:00","sonntag_von_bis":"00:00 - 24:00","partner_adresse":"Localita, Via Motta Rossa, 1, 28833 Brovello-carpugnino ","partner_land_bundesland":"Italien","partner_tel_1":"+39 0323 929285","partner_tel_2":"","partner_web":"http:\/\/www.golfdesiles.it\/eng","partner_mail":"info@golfdesiles.it","partner_spielbahnen_par":"18\/72","partner_laenge":"Red Course Par 36 \u2013 gelb: 3.129 m\/rot: 2.684 m; Blue Course Par 36 \u2013 gelb: 2.908 m\/rot: 2.504 m; Yellow Course Par 35 \u2013 gelb: 2.915 m\/rot: 2.507 m","partner_bedingungen":"Gutscheine einl\u00f6sbar MO-FR ausgenommen Ftg., GS im August nicht einl\u00f6sbar\r\nVouchers  redeemable MON-FRI except public holidays, vouchers not valid in August","partner_anfahrt":"20 km su\u0308dlich von Ravenna","partner_misc":null,"additional_css_classes":""},"yoast_head":"<!-- This site is optimized with the Yoast SEO plugin v26.8 - https:\/\/yoast.com\/product\/yoast-seo-wordpress\/ -->\n<title>GC Des Iles Borrom\u00e9es - Fairway 2 Hotel<\/title>\n<meta name=\"robots\" content=\"index, follow, max-snippet:-1, max-image-preview:large, max-video-preview:-1\" \/>\n<link rel=\"canonical\" href=\"https:\/\/fairway2hotel.at\/en\/golfclubs\/italien\/gc-des-iles-borromees\/\" \/>\n<meta property=\"og:locale\" content=\"en_US\" \/>\n<meta property=\"og:type\" content=\"article\" \/>\n<meta property=\"og:title\" content=\"GC Des Iles Borrom\u00e9es - Fairway 2 Hotel\" \/>\n<meta property=\"og:description\" content=\"Der Golf Club des Iles Borrom\u00e9es erwartet Sie &nbsp; Golf Des Iles Borrom\u00e9es ist ein Golfplatz in einer nat\u00fcrlichen und unber\u00fchrten Umgebung, 500 Meter \u00fcber dem Meeresspiegel gelegen, mit S\u00fcdausrichtung, frisch im Sommer und sonnig im Winter. Vor allem aber wird Sie die nat\u00fcrliche Flora verzaubern. Der Platz liegt in einer bezaubernden Landschaft und bietet [&hellip;]\" \/>\n<meta property=\"og:url\" content=\"https:\/\/fairway2hotel.at\/en\/golfclubs\/italien\/gc-des-iles-borromees\/\" \/>\n<meta property=\"og:site_name\" content=\"Fairway 2 Hotel\" \/>\n<meta property=\"article:modified_time\" content=\"2025-09-01T07:27:09+00:00\" \/>\n<meta name=\"twitter:card\" content=\"summary_large_image\" \/>\n<meta name=\"twitter:label1\" content=\"Est. reading time\" \/>\n\t<meta name=\"twitter:data1\" content=\"2 minutes\" \/>\n<script type=\"application\/ld+json\" class=\"yoast-schema-graph\">{\"@context\":\"https:\/\/schema.org\",\"@graph\":[{\"@type\":\"WebPage\",\"@id\":\"https:\/\/fairway2hotel.at\/en\/golfclubs\/italien\/gc-des-iles-borromees\/\",\"url\":\"https:\/\/fairway2hotel.at\/en\/golfclubs\/italien\/gc-des-iles-borromees\/\",\"name\":\"GC Des Iles Borrom\u00e9es - Fairway 2 Hotel\",\"isPartOf\":{\"@id\":\"https:\/\/fairway2hotel.at\/en\/#website\"},\"datePublished\":\"2024-11-12T12:11:51+00:00\",\"dateModified\":\"2025-09-01T07:27:09+00:00\",\"breadcrumb\":{\"@id\":\"https:\/\/fairway2hotel.at\/en\/golfclubs\/italien\/gc-des-iles-borromees\/#breadcrumb\"},\"inLanguage\":\"en-US\",\"potentialAction\":[{\"@type\":\"ReadAction\",\"target\":[\"https:\/\/fairway2hotel.at\/en\/golfclubs\/italien\/gc-des-iles-borromees\/\"]}]},{\"@type\":\"BreadcrumbList\",\"@id\":\"https:\/\/fairway2hotel.at\/en\/golfclubs\/italien\/gc-des-iles-borromees\/#breadcrumb\",\"itemListElement\":[{\"@type\":\"ListItem\",\"position\":1,\"name\":\"Home\",\"item\":\"https:\/\/fairway2hotel.at\/en\/\"},{\"@type\":\"ListItem\",\"position\":2,\"name\":\"Golfclubs\",\"item\":\"https:\/\/fairway2hotel.at\/en\/golfclubs\/\"},{\"@type\":\"ListItem\",\"position\":3,\"name\":\"Golfclubs Italien\",\"item\":\"https:\/\/fairway2hotel.at\/en\/golfclubs\/italien\/\"},{\"@type\":\"ListItem\",\"position\":4,\"name\":\"GC Des Iles Borrom\u00e9es\"}]},{\"@type\":\"WebSite\",\"@id\":\"https:\/\/fairway2hotel.at\/en\/#website\",\"url\":\"https:\/\/fairway2hotel.at\/en\/\",\"name\":\"Fairway 2 Hotel\",\"description\":\"Golf at half price! 2 play - 1 pays\",\"potentialAction\":[{\"@type\":\"SearchAction\",\"target\":{\"@type\":\"EntryPoint\",\"urlTemplate\":\"https:\/\/fairway2hotel.at\/en\/?s={search_term_string}\"},\"query-input\":{\"@type\":\"PropertyValueSpecification\",\"valueRequired\":true,\"valueName\":\"search_term_string\"}}],\"inLanguage\":\"en-US\"}]}<\/script>\n<!-- \/ Yoast SEO plugin. -->","yoast_head_json":{"title":"GC Des Iles Borrom\u00e9es - Fairway 2 Hotel","robots":{"index":"index","follow":"follow","max-snippet":"max-snippet:-1","max-image-preview":"max-image-preview:large","max-video-preview":"max-video-preview:-1"},"canonical":"https:\/\/fairway2hotel.at\/en\/golfclubs\/italien\/gc-des-iles-borromees\/","og_locale":"en_US","og_type":"article","og_title":"GC Des Iles Borrom\u00e9es - Fairway 2 Hotel","og_description":"Der Golf Club des Iles Borrom\u00e9es erwartet Sie &nbsp; Golf Des Iles Borrom\u00e9es ist ein Golfplatz in einer nat\u00fcrlichen und unber\u00fchrten Umgebung, 500 Meter \u00fcber dem Meeresspiegel gelegen, mit S\u00fcdausrichtung, frisch im Sommer und sonnig im Winter. Vor allem aber wird Sie die nat\u00fcrliche Flora verzaubern. Der Platz liegt in einer bezaubernden Landschaft und bietet [&hellip;]","og_url":"https:\/\/fairway2hotel.at\/en\/golfclubs\/italien\/gc-des-iles-borromees\/","og_site_name":"Fairway 2 Hotel","article_modified_time":"2025-09-01T07:27:09+00:00","twitter_card":"summary_large_image","twitter_misc":{"Est. reading time":"2 minutes"},"schema":{"@context":"https:\/\/schema.org","@graph":[{"@type":"WebPage","@id":"https:\/\/fairway2hotel.at\/en\/golfclubs\/italien\/gc-des-iles-borromees\/","url":"https:\/\/fairway2hotel.at\/en\/golfclubs\/italien\/gc-des-iles-borromees\/","name":"GC Des Iles Borrom\u00e9es - Fairway 2 Hotel","isPartOf":{"@id":"https:\/\/fairway2hotel.at\/en\/#website"},"datePublished":"2024-11-12T12:11:51+00:00","dateModified":"2025-09-01T07:27:09+00:00","breadcrumb":{"@id":"https:\/\/fairway2hotel.at\/en\/golfclubs\/italien\/gc-des-iles-borromees\/#breadcrumb"},"inLanguage":"en-US","potentialAction":[{"@type":"ReadAction","target":["https:\/\/fairway2hotel.at\/en\/golfclubs\/italien\/gc-des-iles-borromees\/"]}]},{"@type":"BreadcrumbList","@id":"https:\/\/fairway2hotel.at\/en\/golfclubs\/italien\/gc-des-iles-borromees\/#breadcrumb","itemListElement":[{"@type":"ListItem","position":1,"name":"Home","item":"https:\/\/fairway2hotel.at\/en\/"},{"@type":"ListItem","position":2,"name":"Golfclubs","item":"https:\/\/fairway2hotel.at\/en\/golfclubs\/"},{"@type":"ListItem","position":3,"name":"Golfclubs Italien","item":"https:\/\/fairway2hotel.at\/en\/golfclubs\/italien\/"},{"@type":"ListItem","position":4,"name":"GC Des Iles Borrom\u00e9es"}]},{"@type":"WebSite","@id":"https:\/\/fairway2hotel.at\/en\/#website","url":"https:\/\/fairway2hotel.at\/en\/","name":"Fairway 2 Hotel","description":"Golf at half price! 2 play - 1 pays","potentialAction":[{"@type":"SearchAction","target":{"@type":"EntryPoint","urlTemplate":"https:\/\/fairway2hotel.at\/en\/?s={search_term_string}"},"query-input":{"@type":"PropertyValueSpecification","valueRequired":true,"valueName":"search_term_string"}}],"inLanguage":"en-US"}]}},"_links":{"self":[{"href":"https:\/\/fairway2hotel.at\/en\/wp-json\/wp\/v2\/pages\/43622","targetHints":{"allow":["GET"]}}],"collection":[{"href":"https:\/\/fairway2hotel.at\/en\/wp-json\/wp\/v2\/pages"}],"about":[{"href":"https:\/\/fairway2hotel.at\/en\/wp-json\/wp\/v2\/types\/page"}],"author":[{"embeddable":true,"href":"https:\/\/fairway2hotel.at\/en\/wp-json\/wp\/v2\/users\/24"}],"replies":[{"embeddable":true,"href":"https:\/\/fairway2hotel.at\/en\/wp-json\/wp\/v2\/comments?post=43622"}],"version-history":[{"count":7,"href":"https:\/\/fairway2hotel.at\/en\/wp-json\/wp\/v2\/pages\/43622\/revisions"}],"predecessor-version":[{"id":49028,"href":"https:\/\/fairway2hotel.at\/en\/wp-json\/wp\/v2\/pages\/43622\/revisions\/49028"}],"up":[{"embeddable":true,"href":"https:\/\/fairway2hotel.at\/en\/wp-json\/wp\/v2\/pages\/1657"}],"acf:attachment":[{"embeddable":true,"href":"https:\/\/fairway2hotel.at\/en\/wp-json\/wp\/v2\/media\/43635"},{"embeddable":true,"href":"https:\/\/fairway2hotel.at\/en\/wp-json\/wp\/v2\/media\/43633"},{"embeddable":true,"href":"https:\/\/fairway2hotel.at\/en\/wp-json\/wp\/v2\/media\/43631"},{"embeddable":true,"href":"https:\/\/fairway2hotel.at\/en\/wp-json\/wp\/v2\/media\/43629"}],"wp:attachment":[{"href":"https:\/\/fairway2hotel.at\/en\/wp-json\/wp\/v2\/media?parent=43622"}],"curies":[{"name":"wp","href":"https:\/\/api.w.org\/{rel}","templated":true}]}}