{"id":43640,"date":"2024-11-13T10:35:15","date_gmt":"2024-11-13T09:35:15","guid":{"rendered":"https:\/\/fairway2hotel.at\/golfclubs\/tschechien\/gc-bechyne-golf-resort-copy\/"},"modified":"2026-03-31T15:44:41","modified_gmt":"2026-03-31T13:44:41","slug":"gc-darovansky-dvur-golf-resort","status":"publish","type":"page","link":"https:\/\/fairway2hotel.at\/en\/golfclubs\/tschechien\/gc-darovansky-dvur-golf-resort\/","title":{"rendered":"GC Darovansk\u00fd Dv\u016fr Golf Resort"},"content":{"rendered":"<h2><strong>Darovansk\u00fd Dv\u016fr Golf Resort erwartet Sie<\/strong><\/h2>\n<p>ln einer herrlichen Landschaft des Naturparks Flusstal Berounka pr\u00e4sentiert sich die 27-Loch-Anlage des Golf Resort Darovansk\u00fd Dv\u016fr. Die leicht h\u00fcgeligen L\u00f6cher sind meistens von W\u00e4ldern umrahmt und typisch f\u00fcr den ganzen Platz sind die weiten Aussichten in Flusstal und W\u00e4lder. Der Kurs bietet eine gute Herausforderungen f\u00fcr alle Spielst\u00e4rken und ist traditionell gut gepflegt.<\/p>\n<h2><strong>Darovansk\u00fd Dv\u016fr Golf Resort awaits for you<\/strong><\/h2>\n<p>The 27-hole course of the Golf Resort Darovansk\u00fd Dv\u016fr presents itself in a wonderful landscape of the Berounka River Valley Natural Park. The slightly hilly holes are mostly surrounded by forests and the wide views of the river valley and forests are typical of the entire course. The course offers a good challenge for all skill levels and is traditionally well maintained.<\/p>\n","protected":false},"excerpt":{"rendered":"<p>Darovansk\u00fd Dv\u016fr Golf Resort erwartet Sie ln einer herrlichen Landschaft des Naturparks Flusstal Berounka pr\u00e4sentiert sich die 27-Loch-Anlage des Golf Resort Darovansk\u00fd Dv\u016fr. Die leicht h\u00fcgeligen L\u00f6cher sind meistens von W\u00e4ldern umrahmt und typisch f\u00fcr den ganzen Platz sind die weiten Aussichten in Flusstal und W\u00e4lder. Der Kurs bietet eine gute Herausforderungen f\u00fcr alle Spielst\u00e4rken [&hellip;]<\/p>\n","protected":false},"author":24,"featured_media":0,"parent":1707,"menu_order":5,"comment_status":"closed","ping_status":"closed","template":"page-partner.php","meta":{"_acf_changed":false,"footnotes":""},"class_list":["post-43640","page","type-page","status-publish","hentry"],"acf":{"partner_infobox":"<strong>Adresse:\u00a0<\/strong>Alenina Lhota 7, 391 33 Jistebnice\r\n\r\n<strong>Tel:\r\n<\/strong>420\u00a0775 913\u00a0338\r\n\r\n<strong>Web: <\/strong><a href=\"http:\/\/www.cebr.cz\" target=\"_blank\" rel=\"nofollow noopener noreferrer\">www.cebr.cz<\/a>\r\n\r\n<strong>E-Mail:<\/strong> <a href=\"mailto:cebr@cebr.cz\">info@cebr.cz<\/a>\r\n\r\n<strong>Spielbahnen\/Par: <\/strong>18\/70\r\n\r\n<strong>La\u0308nge: <\/strong>wei\u00df: 5.304 m \/gelb: 5.001 m \/rot: 4.702 m\r\n\r\n<em><strong>Bedingungen:\r\n<\/strong>Gutscheine von MO-DO, ausgenommen Feiertage, einl\u00f6sbar.<\/em>\r\n\r\n<strong>Anfahrt:\r\n<\/strong>80 km s\u00fcdlich von Prag, 70 km n\u00f6rdlich von \u010cesk\u00e9 Bud\u011bjovice","partner_logo":43642,"partner_gallery":[43644,43646,43648,43650,43652,43654],"partner_lat":49.8329883854322,"partner_long":13.526251683863018,"partner_type":"golfclub","partner_openings":["1","2","3","4","5","6","7"],"montag_von_bis":"08:00 - 11:00","dienstag_von_bis":"08:00 - 11:00","mittwoch_von_bis":"08:00 - 11:00","donnerstag_von_bis":"08:00 - 11:00","freitag_von_bis":"00:00 - 24:00","samstag_von_bis":"00:00 - 24:00","sonntag_von_bis":"00:00 - 24:00","partner_adresse":"B\u0159asy 3, Darov\u00e1, 338 24 B\u0159asy","partner_land_bundesland":"Tschechische Republik","partner_tel_1":"+420 371 740 711","partner_tel_2":"","partner_web":"https:\/\/www.darovanskydvur.cz","partner_mail":"golf.hriste@darovanskydvur.cz","partner_spielbahnen_par":"27\/72","partner_laenge":"wei\u00df: 5.304 m \/gelb: 5.001 m \/rot: 4.702 m","partner_bedingungen":"Gutscheine von MO-DO von 8.00-11.00, ausgenommen Feiertage,  nur f\u00fcr 18 Loch von April-Nov. einl\u00f6sbar. 10% Rabatt auf den Buggy. Genie\u00dfen Sie auch den Hotelgutscheinen in der App\r\nvouchers valid frmom Mon-Thu from 8.00-11.00, except public holidays, only for 18 holes from April-November. You also get 10% discount for a buggy. Please enjoy also the hotel voucher in the App","partner_anfahrt":"80 km s\u00fcdlich von Prag, 70 km n\u00f6rdlich von \u010cesk\u00e9 Bud\u011bjovice","partner_misc":null,"additional_css_classes":""},"yoast_head":"<!-- This site is optimized with the Yoast SEO plugin v26.8 - https:\/\/yoast.com\/product\/yoast-seo-wordpress\/ -->\n<title>GC Darovansk\u00fd Dv\u016fr Golf Resort - Fairway 2 Hotel<\/title>\n<meta name=\"robots\" content=\"index, follow, max-snippet:-1, max-image-preview:large, max-video-preview:-1\" \/>\n<link rel=\"canonical\" href=\"https:\/\/fairway2hotel.at\/en\/golfclubs\/tschechien\/gc-darovansky-dvur-golf-resort\/\" \/>\n<meta property=\"og:locale\" content=\"en_US\" \/>\n<meta property=\"og:type\" content=\"article\" \/>\n<meta property=\"og:title\" content=\"GC Darovansk\u00fd Dv\u016fr Golf Resort - Fairway 2 Hotel\" \/>\n<meta property=\"og:description\" content=\"Darovansk\u00fd Dv\u016fr Golf Resort erwartet Sie ln einer herrlichen Landschaft des Naturparks Flusstal Berounka pr\u00e4sentiert sich die 27-Loch-Anlage des Golf Resort Darovansk\u00fd Dv\u016fr. Die leicht h\u00fcgeligen L\u00f6cher sind meistens von W\u00e4ldern umrahmt und typisch f\u00fcr den ganzen Platz sind die weiten Aussichten in Flusstal und W\u00e4lder. Der Kurs bietet eine gute Herausforderungen f\u00fcr alle Spielst\u00e4rken [&hellip;]\" \/>\n<meta property=\"og:url\" content=\"https:\/\/fairway2hotel.at\/en\/golfclubs\/tschechien\/gc-darovansky-dvur-golf-resort\/\" \/>\n<meta property=\"og:site_name\" content=\"Fairway 2 Hotel\" \/>\n<meta property=\"article:modified_time\" content=\"2026-03-31T13:44:41+00:00\" \/>\n<meta name=\"twitter:card\" content=\"summary_large_image\" \/>\n<meta name=\"twitter:label1\" content=\"Est. reading time\" \/>\n\t<meta name=\"twitter:data1\" content=\"1 minute\" \/>\n<script type=\"application\/ld+json\" class=\"yoast-schema-graph\">{\"@context\":\"https:\/\/schema.org\",\"@graph\":[{\"@type\":\"WebPage\",\"@id\":\"https:\/\/fairway2hotel.at\/en\/golfclubs\/tschechien\/gc-darovansky-dvur-golf-resort\/\",\"url\":\"https:\/\/fairway2hotel.at\/en\/golfclubs\/tschechien\/gc-darovansky-dvur-golf-resort\/\",\"name\":\"GC Darovansk\u00fd Dv\u016fr Golf Resort - Fairway 2 Hotel\",\"isPartOf\":{\"@id\":\"https:\/\/fairway2hotel.at\/en\/#website\"},\"datePublished\":\"2024-11-13T09:35:15+00:00\",\"dateModified\":\"2026-03-31T13:44:41+00:00\",\"breadcrumb\":{\"@id\":\"https:\/\/fairway2hotel.at\/en\/golfclubs\/tschechien\/gc-darovansky-dvur-golf-resort\/#breadcrumb\"},\"inLanguage\":\"en-US\",\"potentialAction\":[{\"@type\":\"ReadAction\",\"target\":[\"https:\/\/fairway2hotel.at\/en\/golfclubs\/tschechien\/gc-darovansky-dvur-golf-resort\/\"]}]},{\"@type\":\"BreadcrumbList\",\"@id\":\"https:\/\/fairway2hotel.at\/en\/golfclubs\/tschechien\/gc-darovansky-dvur-golf-resort\/#breadcrumb\",\"itemListElement\":[{\"@type\":\"ListItem\",\"position\":1,\"name\":\"Home\",\"item\":\"https:\/\/fairway2hotel.at\/en\/\"},{\"@type\":\"ListItem\",\"position\":2,\"name\":\"Golfclubs\",\"item\":\"https:\/\/fairway2hotel.at\/en\/golfclubs\/\"},{\"@type\":\"ListItem\",\"position\":3,\"name\":\"Golfclubs Tschechien\",\"item\":\"https:\/\/fairway2hotel.at\/en\/golfclubs\/tschechien\/\"},{\"@type\":\"ListItem\",\"position\":4,\"name\":\"GC Darovansk\u00fd Dv\u016fr Golf Resort\"}]},{\"@type\":\"WebSite\",\"@id\":\"https:\/\/fairway2hotel.at\/en\/#website\",\"url\":\"https:\/\/fairway2hotel.at\/en\/\",\"name\":\"Fairway 2 Hotel\",\"description\":\"Golf at half price! 2 play - 1 pays\",\"potentialAction\":[{\"@type\":\"SearchAction\",\"target\":{\"@type\":\"EntryPoint\",\"urlTemplate\":\"https:\/\/fairway2hotel.at\/en\/?s={search_term_string}\"},\"query-input\":{\"@type\":\"PropertyValueSpecification\",\"valueRequired\":true,\"valueName\":\"search_term_string\"}}],\"inLanguage\":\"en-US\"}]}<\/script>\n<!-- \/ Yoast SEO plugin. -->","yoast_head_json":{"title":"GC Darovansk\u00fd Dv\u016fr Golf Resort - Fairway 2 Hotel","robots":{"index":"index","follow":"follow","max-snippet":"max-snippet:-1","max-image-preview":"max-image-preview:large","max-video-preview":"max-video-preview:-1"},"canonical":"https:\/\/fairway2hotel.at\/en\/golfclubs\/tschechien\/gc-darovansky-dvur-golf-resort\/","og_locale":"en_US","og_type":"article","og_title":"GC Darovansk\u00fd Dv\u016fr Golf Resort - Fairway 2 Hotel","og_description":"Darovansk\u00fd Dv\u016fr Golf Resort erwartet Sie ln einer herrlichen Landschaft des Naturparks Flusstal Berounka pr\u00e4sentiert sich die 27-Loch-Anlage des Golf Resort Darovansk\u00fd Dv\u016fr. Die leicht h\u00fcgeligen L\u00f6cher sind meistens von W\u00e4ldern umrahmt und typisch f\u00fcr den ganzen Platz sind die weiten Aussichten in Flusstal und W\u00e4lder. Der Kurs bietet eine gute Herausforderungen f\u00fcr alle Spielst\u00e4rken [&hellip;]","og_url":"https:\/\/fairway2hotel.at\/en\/golfclubs\/tschechien\/gc-darovansky-dvur-golf-resort\/","og_site_name":"Fairway 2 Hotel","article_modified_time":"2026-03-31T13:44:41+00:00","twitter_card":"summary_large_image","twitter_misc":{"Est. reading time":"1 minute"},"schema":{"@context":"https:\/\/schema.org","@graph":[{"@type":"WebPage","@id":"https:\/\/fairway2hotel.at\/en\/golfclubs\/tschechien\/gc-darovansky-dvur-golf-resort\/","url":"https:\/\/fairway2hotel.at\/en\/golfclubs\/tschechien\/gc-darovansky-dvur-golf-resort\/","name":"GC Darovansk\u00fd Dv\u016fr Golf Resort - Fairway 2 Hotel","isPartOf":{"@id":"https:\/\/fairway2hotel.at\/en\/#website"},"datePublished":"2024-11-13T09:35:15+00:00","dateModified":"2026-03-31T13:44:41+00:00","breadcrumb":{"@id":"https:\/\/fairway2hotel.at\/en\/golfclubs\/tschechien\/gc-darovansky-dvur-golf-resort\/#breadcrumb"},"inLanguage":"en-US","potentialAction":[{"@type":"ReadAction","target":["https:\/\/fairway2hotel.at\/en\/golfclubs\/tschechien\/gc-darovansky-dvur-golf-resort\/"]}]},{"@type":"BreadcrumbList","@id":"https:\/\/fairway2hotel.at\/en\/golfclubs\/tschechien\/gc-darovansky-dvur-golf-resort\/#breadcrumb","itemListElement":[{"@type":"ListItem","position":1,"name":"Home","item":"https:\/\/fairway2hotel.at\/en\/"},{"@type":"ListItem","position":2,"name":"Golfclubs","item":"https:\/\/fairway2hotel.at\/en\/golfclubs\/"},{"@type":"ListItem","position":3,"name":"Golfclubs Tschechien","item":"https:\/\/fairway2hotel.at\/en\/golfclubs\/tschechien\/"},{"@type":"ListItem","position":4,"name":"GC Darovansk\u00fd Dv\u016fr Golf Resort"}]},{"@type":"WebSite","@id":"https:\/\/fairway2hotel.at\/en\/#website","url":"https:\/\/fairway2hotel.at\/en\/","name":"Fairway 2 Hotel","description":"Golf at half price! 2 play - 1 pays","potentialAction":[{"@type":"SearchAction","target":{"@type":"EntryPoint","urlTemplate":"https:\/\/fairway2hotel.at\/en\/?s={search_term_string}"},"query-input":{"@type":"PropertyValueSpecification","valueRequired":true,"valueName":"search_term_string"}}],"inLanguage":"en-US"}]}},"_links":{"self":[{"href":"https:\/\/fairway2hotel.at\/en\/wp-json\/wp\/v2\/pages\/43640","targetHints":{"allow":["GET"]}}],"collection":[{"href":"https:\/\/fairway2hotel.at\/en\/wp-json\/wp\/v2\/pages"}],"about":[{"href":"https:\/\/fairway2hotel.at\/en\/wp-json\/wp\/v2\/types\/page"}],"author":[{"embeddable":true,"href":"https:\/\/fairway2hotel.at\/en\/wp-json\/wp\/v2\/users\/24"}],"replies":[{"embeddable":true,"href":"https:\/\/fairway2hotel.at\/en\/wp-json\/wp\/v2\/comments?post=43640"}],"version-history":[{"count":11,"href":"https:\/\/fairway2hotel.at\/en\/wp-json\/wp\/v2\/pages\/43640\/revisions"}],"predecessor-version":[{"id":53532,"href":"https:\/\/fairway2hotel.at\/en\/wp-json\/wp\/v2\/pages\/43640\/revisions\/53532"}],"up":[{"embeddable":true,"href":"https:\/\/fairway2hotel.at\/en\/wp-json\/wp\/v2\/pages\/1707"}],"acf:attachment":[{"embeddable":true,"href":"https:\/\/fairway2hotel.at\/en\/wp-json\/wp\/v2\/media\/43654"},{"embeddable":true,"href":"https:\/\/fairway2hotel.at\/en\/wp-json\/wp\/v2\/media\/43652"},{"embeddable":true,"href":"https:\/\/fairway2hotel.at\/en\/wp-json\/wp\/v2\/media\/43650"},{"embeddable":true,"href":"https:\/\/fairway2hotel.at\/en\/wp-json\/wp\/v2\/media\/43648"},{"embeddable":true,"href":"https:\/\/fairway2hotel.at\/en\/wp-json\/wp\/v2\/media\/43646"},{"embeddable":true,"href":"https:\/\/fairway2hotel.at\/en\/wp-json\/wp\/v2\/media\/43644"}],"wp:attachment":[{"href":"https:\/\/fairway2hotel.at\/en\/wp-json\/wp\/v2\/media?parent=43640"}],"curies":[{"name":"wp","href":"https:\/\/api.w.org\/{rel}","templated":true}]}}