{"id":43659,"date":"2024-11-13T11:04:12","date_gmt":"2024-11-13T10:04:12","guid":{"rendered":"https:\/\/fairway2hotel.at\/hotels\/tschechien\/wellness-hotel-diamant-copy-copy\/"},"modified":"2026-03-31T15:43:33","modified_gmt":"2026-03-31T13:43:33","slug":"hotel-darovansky-dvur-golf-resort","status":"publish","type":"page","link":"https:\/\/fairway2hotel.at\/en\/hotels\/tschechien\/hotel-darovansky-dvur-golf-resort\/","title":{"rendered":"Hotel Darovansk\u00fd Dv\u016fr Golf Resort"},"content":{"rendered":"<h2>Hotel Darovansk\u00fd Dv\u016fr Golf Resort erwartet Sie..<\/h2>\n<p>Das Hotel Darovansk\u00fd dv\u016fr liegt im Herzen des Golfplatzes und bietet 4-Sterne Zimmer und Apartments, oft mit herrlichem Blick direkt auf den Golfplatz. Nach vorheriger Reservierung k\u00f6nnen G\u00e4ste das hoteleigene Spa im antiken Stil mit seiner wundersch\u00f6ner Mosaikdekoration nutzen, entspannen oder entspannende Massagen bestellen. Bowling, ein Laserspiel, eine PlayStation-Zone, Mountainbikes, ein Beachvolleyball- oder Fussballplatz stehen nach vorheriger Bestellung ebenfalls zur Verfugung. Diese Dienste werden gegen eine zus\u00e4tzliche Geb\u00fchr angeboten.<\/p>\n<p>&nbsp;<\/p>\n<h2>Darovansk\u00fd Dv\u016fr Golf Resort awaits for you&#8230;<\/h2>\n<p>Hotel Darovansk\u00fd dv\u016fr is located in the heart of the golf course and offers 4-star rooms and apartments, often with stunning views directly onto the golf course. Upon prior reservation, guests can use the hotel&#8217;s antique-style spa with its beautiful mosaic decoration, relax or order relaxing massages. Bowling, a laser game, a PlayStation zone, mountain bikes, a beach volleyball or football court are also available upon prior reservation. These services are offered for an additional fee.<\/p>\n","protected":false},"excerpt":{"rendered":"<p>Hotel Darovansk\u00fd Dv\u016fr Golf Resort erwartet Sie.. Das Hotel Darovansk\u00fd dv\u016fr liegt im Herzen des Golfplatzes und bietet 4-Sterne Zimmer und Apartments, oft mit herrlichem Blick direkt auf den Golfplatz. Nach vorheriger Reservierung k\u00f6nnen G\u00e4ste das hoteleigene Spa im antiken Stil mit seiner wundersch\u00f6ner Mosaikdekoration nutzen, entspannen oder entspannende Massagen bestellen. Bowling, ein Laserspiel, eine [&hellip;]<\/p>\n","protected":false},"author":24,"featured_media":0,"parent":2234,"menu_order":0,"comment_status":"closed","ping_status":"closed","template":"page-partner.php","meta":{"_acf_changed":false,"footnotes":""},"class_list":["post-43659","page","type-page","status-publish","hentry"],"acf":{"partner_infobox":"<strong>Adresse:\u00a0<\/strong>Sokolska 1339, 373 41 Hluboka nad Vltavou\r\n\r\n<strong>Tel:\r\n<\/strong>+420 387 008 800\r\n+420 725 395 195\r\n\r\n<strong>Fax:\u00a0<\/strong>+420 387 008 810\r\n\r\n<strong>Web: <\/strong><a href=\"http:\/\/www.hoteldiamant.cz\" rel=\"nofollow\">www.hoteldiamant.cz<\/a>\r\n\r\n<strong>E-Mail:<\/strong> <a href=\"mailto:reception@hoteldiamant.cz\" rel=\"alternate\">reception@hoteldiamant.cz<\/a>\r\n\r\n<em><strong>Bedingungen:\r\n<\/strong>Buchung erst 48 Stunden vor Anreise m\u00f6glich.<\/em>\r\n\r\n<strong>Golfclubs in der N\u00e4he:\r\n<\/strong>Golf Club Hluboka nad Vltavou 500m\r\n\r\n<strong>Anfahrt:\r\n<\/strong>GPS: 49\u00b03\u20180.45\u201cN 14\u00b026\u201812.81\u201cE\r\noder siehe unsere Webseite!","partner_logo":43642,"partner_gallery":[43646,43644,43652,43648,43650,43654],"partner_lat":49.8329883854322,"partner_long":13.526251683863018,"partner_type":"hotel","partner_openings":["1","2","3","4","5","6","7"],"montag_von_bis":"00:00 - 24:00","dienstag_von_bis":"00:00 - 24:00","mittwoch_von_bis":"00:00 - 24:00","donnerstag_von_bis":"00:00 - 24:00","freitag_von_bis":"00:00 - 24:00","samstag_von_bis":"00:00 - 24:00","sonntag_von_bis":"00:00 - 24:00","partner_adresse":"B\u0159asy 3, Darov\u00e1, 338 24 B\u0159asy","partner_land_bundesland":"","partner_tel_1":"+420 371 740 711","partner_tel_2":"","partner_web":"https:\/\/www.darovanskydvur.cz","partner_mail":"hotel@darovanskydvur.cz","partner_spielbahnen_par":"","partner_laenge":"","partner_bedingungen":"GS g\u00fcltig f\u00fcr 1 N\u00e4chtigung mit Fr\u00fchst\u00fcck von MO-DO von April-Nov. Genie\u00dfen Sie auch bei die Greenfeegutscheine in der App.\r\nVoucher valid for 1 night including breakfast from Mon-Thu. from April-Nov.  Enjoy also with our greenfee vouchers in the App.","partner_anfahrt":"","partner_misc":null,"additional_css_classes":""},"yoast_head":"<!-- This site is optimized with the Yoast SEO plugin v26.8 - https:\/\/yoast.com\/product\/yoast-seo-wordpress\/ -->\n<title>Hotel Darovansk\u00fd Dv\u016fr Golf Resort - Fairway 2 Hotel<\/title>\n<meta name=\"robots\" content=\"index, follow, max-snippet:-1, max-image-preview:large, max-video-preview:-1\" \/>\n<link rel=\"canonical\" href=\"https:\/\/fairway2hotel.at\/en\/hotels\/tschechien\/hotel-darovansky-dvur-golf-resort\/\" \/>\n<meta property=\"og:locale\" content=\"en_US\" \/>\n<meta property=\"og:type\" content=\"article\" \/>\n<meta property=\"og:title\" content=\"Hotel Darovansk\u00fd Dv\u016fr Golf Resort - Fairway 2 Hotel\" \/>\n<meta property=\"og:description\" content=\"Hotel Darovansk\u00fd Dv\u016fr Golf Resort erwartet Sie.. Das Hotel Darovansk\u00fd dv\u016fr liegt im Herzen des Golfplatzes und bietet 4-Sterne Zimmer und Apartments, oft mit herrlichem Blick direkt auf den Golfplatz. Nach vorheriger Reservierung k\u00f6nnen G\u00e4ste das hoteleigene Spa im antiken Stil mit seiner wundersch\u00f6ner Mosaikdekoration nutzen, entspannen oder entspannende Massagen bestellen. Bowling, ein Laserspiel, eine [&hellip;]\" \/>\n<meta property=\"og:url\" content=\"https:\/\/fairway2hotel.at\/en\/hotels\/tschechien\/hotel-darovansky-dvur-golf-resort\/\" \/>\n<meta property=\"og:site_name\" content=\"Fairway 2 Hotel\" \/>\n<meta property=\"article:modified_time\" content=\"2026-03-31T13:43:33+00:00\" \/>\n<meta name=\"twitter:card\" content=\"summary_large_image\" \/>\n<meta name=\"twitter:label1\" content=\"Est. reading time\" \/>\n\t<meta name=\"twitter:data1\" content=\"1 minute\" \/>\n<script type=\"application\/ld+json\" class=\"yoast-schema-graph\">{\"@context\":\"https:\/\/schema.org\",\"@graph\":[{\"@type\":\"WebPage\",\"@id\":\"https:\/\/fairway2hotel.at\/en\/hotels\/tschechien\/hotel-darovansky-dvur-golf-resort\/\",\"url\":\"https:\/\/fairway2hotel.at\/en\/hotels\/tschechien\/hotel-darovansky-dvur-golf-resort\/\",\"name\":\"Hotel Darovansk\u00fd Dv\u016fr Golf Resort - Fairway 2 Hotel\",\"isPartOf\":{\"@id\":\"https:\/\/fairway2hotel.at\/en\/#website\"},\"datePublished\":\"2024-11-13T10:04:12+00:00\",\"dateModified\":\"2026-03-31T13:43:33+00:00\",\"breadcrumb\":{\"@id\":\"https:\/\/fairway2hotel.at\/en\/hotels\/tschechien\/hotel-darovansky-dvur-golf-resort\/#breadcrumb\"},\"inLanguage\":\"en-US\",\"potentialAction\":[{\"@type\":\"ReadAction\",\"target\":[\"https:\/\/fairway2hotel.at\/en\/hotels\/tschechien\/hotel-darovansky-dvur-golf-resort\/\"]}]},{\"@type\":\"BreadcrumbList\",\"@id\":\"https:\/\/fairway2hotel.at\/en\/hotels\/tschechien\/hotel-darovansky-dvur-golf-resort\/#breadcrumb\",\"itemListElement\":[{\"@type\":\"ListItem\",\"position\":1,\"name\":\"Home\",\"item\":\"https:\/\/fairway2hotel.at\/en\/\"},{\"@type\":\"ListItem\",\"position\":2,\"name\":\"Hotels\",\"item\":\"https:\/\/fairway2hotel.at\/en\/hotels\/\"},{\"@type\":\"ListItem\",\"position\":3,\"name\":\"Hotels Tschechien\",\"item\":\"https:\/\/fairway2hotel.at\/en\/hotels\/tschechien\/\"},{\"@type\":\"ListItem\",\"position\":4,\"name\":\"Hotel Darovansk\u00fd Dv\u016fr Golf Resort\"}]},{\"@type\":\"WebSite\",\"@id\":\"https:\/\/fairway2hotel.at\/en\/#website\",\"url\":\"https:\/\/fairway2hotel.at\/en\/\",\"name\":\"Fairway 2 Hotel\",\"description\":\"Golf at half price! 2 play - 1 pays\",\"potentialAction\":[{\"@type\":\"SearchAction\",\"target\":{\"@type\":\"EntryPoint\",\"urlTemplate\":\"https:\/\/fairway2hotel.at\/en\/?s={search_term_string}\"},\"query-input\":{\"@type\":\"PropertyValueSpecification\",\"valueRequired\":true,\"valueName\":\"search_term_string\"}}],\"inLanguage\":\"en-US\"}]}<\/script>\n<!-- \/ Yoast SEO plugin. -->","yoast_head_json":{"title":"Hotel Darovansk\u00fd Dv\u016fr Golf Resort - Fairway 2 Hotel","robots":{"index":"index","follow":"follow","max-snippet":"max-snippet:-1","max-image-preview":"max-image-preview:large","max-video-preview":"max-video-preview:-1"},"canonical":"https:\/\/fairway2hotel.at\/en\/hotels\/tschechien\/hotel-darovansky-dvur-golf-resort\/","og_locale":"en_US","og_type":"article","og_title":"Hotel Darovansk\u00fd Dv\u016fr Golf Resort - Fairway 2 Hotel","og_description":"Hotel Darovansk\u00fd Dv\u016fr Golf Resort erwartet Sie.. Das Hotel Darovansk\u00fd dv\u016fr liegt im Herzen des Golfplatzes und bietet 4-Sterne Zimmer und Apartments, oft mit herrlichem Blick direkt auf den Golfplatz. Nach vorheriger Reservierung k\u00f6nnen G\u00e4ste das hoteleigene Spa im antiken Stil mit seiner wundersch\u00f6ner Mosaikdekoration nutzen, entspannen oder entspannende Massagen bestellen. Bowling, ein Laserspiel, eine [&hellip;]","og_url":"https:\/\/fairway2hotel.at\/en\/hotels\/tschechien\/hotel-darovansky-dvur-golf-resort\/","og_site_name":"Fairway 2 Hotel","article_modified_time":"2026-03-31T13:43:33+00:00","twitter_card":"summary_large_image","twitter_misc":{"Est. reading time":"1 minute"},"schema":{"@context":"https:\/\/schema.org","@graph":[{"@type":"WebPage","@id":"https:\/\/fairway2hotel.at\/en\/hotels\/tschechien\/hotel-darovansky-dvur-golf-resort\/","url":"https:\/\/fairway2hotel.at\/en\/hotels\/tschechien\/hotel-darovansky-dvur-golf-resort\/","name":"Hotel Darovansk\u00fd Dv\u016fr Golf Resort - Fairway 2 Hotel","isPartOf":{"@id":"https:\/\/fairway2hotel.at\/en\/#website"},"datePublished":"2024-11-13T10:04:12+00:00","dateModified":"2026-03-31T13:43:33+00:00","breadcrumb":{"@id":"https:\/\/fairway2hotel.at\/en\/hotels\/tschechien\/hotel-darovansky-dvur-golf-resort\/#breadcrumb"},"inLanguage":"en-US","potentialAction":[{"@type":"ReadAction","target":["https:\/\/fairway2hotel.at\/en\/hotels\/tschechien\/hotel-darovansky-dvur-golf-resort\/"]}]},{"@type":"BreadcrumbList","@id":"https:\/\/fairway2hotel.at\/en\/hotels\/tschechien\/hotel-darovansky-dvur-golf-resort\/#breadcrumb","itemListElement":[{"@type":"ListItem","position":1,"name":"Home","item":"https:\/\/fairway2hotel.at\/en\/"},{"@type":"ListItem","position":2,"name":"Hotels","item":"https:\/\/fairway2hotel.at\/en\/hotels\/"},{"@type":"ListItem","position":3,"name":"Hotels Tschechien","item":"https:\/\/fairway2hotel.at\/en\/hotels\/tschechien\/"},{"@type":"ListItem","position":4,"name":"Hotel Darovansk\u00fd Dv\u016fr Golf Resort"}]},{"@type":"WebSite","@id":"https:\/\/fairway2hotel.at\/en\/#website","url":"https:\/\/fairway2hotel.at\/en\/","name":"Fairway 2 Hotel","description":"Golf at half price! 2 play - 1 pays","potentialAction":[{"@type":"SearchAction","target":{"@type":"EntryPoint","urlTemplate":"https:\/\/fairway2hotel.at\/en\/?s={search_term_string}"},"query-input":{"@type":"PropertyValueSpecification","valueRequired":true,"valueName":"search_term_string"}}],"inLanguage":"en-US"}]}},"_links":{"self":[{"href":"https:\/\/fairway2hotel.at\/en\/wp-json\/wp\/v2\/pages\/43659","targetHints":{"allow":["GET"]}}],"collection":[{"href":"https:\/\/fairway2hotel.at\/en\/wp-json\/wp\/v2\/pages"}],"about":[{"href":"https:\/\/fairway2hotel.at\/en\/wp-json\/wp\/v2\/types\/page"}],"author":[{"embeddable":true,"href":"https:\/\/fairway2hotel.at\/en\/wp-json\/wp\/v2\/users\/24"}],"replies":[{"embeddable":true,"href":"https:\/\/fairway2hotel.at\/en\/wp-json\/wp\/v2\/comments?post=43659"}],"version-history":[{"count":8,"href":"https:\/\/fairway2hotel.at\/en\/wp-json\/wp\/v2\/pages\/43659\/revisions"}],"predecessor-version":[{"id":53531,"href":"https:\/\/fairway2hotel.at\/en\/wp-json\/wp\/v2\/pages\/43659\/revisions\/53531"}],"up":[{"embeddable":true,"href":"https:\/\/fairway2hotel.at\/en\/wp-json\/wp\/v2\/pages\/2234"}],"acf:attachment":[{"embeddable":true,"href":"https:\/\/fairway2hotel.at\/en\/wp-json\/wp\/v2\/media\/43654"},{"embeddable":true,"href":"https:\/\/fairway2hotel.at\/en\/wp-json\/wp\/v2\/media\/43650"},{"embeddable":true,"href":"https:\/\/fairway2hotel.at\/en\/wp-json\/wp\/v2\/media\/43648"},{"embeddable":true,"href":"https:\/\/fairway2hotel.at\/en\/wp-json\/wp\/v2\/media\/43652"},{"embeddable":true,"href":"https:\/\/fairway2hotel.at\/en\/wp-json\/wp\/v2\/media\/43644"},{"embeddable":true,"href":"https:\/\/fairway2hotel.at\/en\/wp-json\/wp\/v2\/media\/43646"}],"wp:attachment":[{"href":"https:\/\/fairway2hotel.at\/en\/wp-json\/wp\/v2\/media?parent=43659"}],"curies":[{"name":"wp","href":"https:\/\/api.w.org\/{rel}","templated":true}]}}